{"id":791,"date":"2025-02-04T16:45:23","date_gmt":"2025-02-04T19:45:23","guid":{"rendered":"https:\/\/bibliapresente.com\/postagens\/?page_id=791"},"modified":"2025-02-04T16:45:23","modified_gmt":"2025-02-04T19:45:23","slug":"numeros-9","status":"publish","type":"page","link":"https:\/\/bibliapresente.com\/postagens\/livros-da-biblia\/numeros\/numeros-9\/","title":{"rendered":"N\u00fameros 9 &#8211; Celebra\u00e7\u00e3o da P\u00e1scoa"},"content":{"rendered":"\n<p class=\"has-medium-font-size\" style=\"letter-spacing:1px\"><span><span><sup><b>1<\/b><\/sup><\/span> E falou o SENHOR a Mois\u00e9s no deserto de Sinai, no segundo ano de sua sa\u00edda da terra do Egito, no m\u00eas primeiro, dizendo: <br><span><sup><b>2<\/b><\/sup><\/span> Os filhos de Israel far\u00e3o a p\u00e1scoa a seu tempo. <br><span><sup><b>3<\/b><\/sup><\/span> No d\u00e9cimo quarto dia deste m\u00eas, entre as duas tardes, a fareis a seu tempo: conforme todos os seus ritos, e conforme todas suas leis a fareis. <br><span><sup><b>4<\/b><\/sup><\/span> E falou Mois\u00e9s aos filhos de Israel, para que fizessem a p\u00e1scoa. <br><span><sup><b>5<\/b><\/sup><\/span> E fizeram a p\u00e1scoa no m\u00eas primeiro, aos catorze dias do m\u00eas, entre as duas tardes, no deserto de Sinai: conforme todas as coisas que mandou o SENHOR a Mois\u00e9s, assim fizeram os filhos de Israel. <br><span><sup><b>6<\/b><\/sup><\/span> E houve alguns que estavam impuros por causa de morto, e n\u00e3o puderam fazer a p\u00e1scoa aquele dia; e chegaram diante de Mois\u00e9s e diante de Ar\u00e3o aquele dia; <br><span><sup><b>7<\/b><\/sup><\/span> E disseram-lhe aqueles homens: N\u00f3s somos impuros por causa de morto; por que seremos impedidos de oferecer oferta ao SENHOR a seu tempo entre os filhos de Israel? <br><span><sup><b>8<\/b><\/sup><\/span> E Mois\u00e9s lhes respondeu: Esperai, e ouvirei que mandar\u00e1 o SENHOR acerca de v\u00f3s. <br><span><sup><b>9<\/b><\/sup><\/span> E o SENHOR falou a Mois\u00e9s, dizendo: <br><span><sup><b>10<\/b><\/sup><\/span> Fala aos filhos de Israel, dizendo: Qualquer um de v\u00f3s ou de vossas gera\u00e7\u00f5es, que for impuro por causa de morto ou estiver de viajem longe, far\u00e1 p\u00e1scoa ao SENHOR: <br><span><sup><b>11<\/b><\/sup><\/span> No m\u00eas segundo, aos catorze dias do m\u00eas, entre as duas tardes, a far\u00e3o: com p\u00e3es \u00e1zimos e ervas amargas a comer\u00e3o; <br><span><sup><b>12<\/b><\/sup><\/span> N\u00e3o deixar\u00e3o dele para a manh\u00e3, nem quebrar\u00e3o osso nele: conforme todos os ritos da p\u00e1scoa a far\u00e3o. <br><span><sup><b>13<\/b><\/sup><\/span> Mas o que estiver limpo, e n\u00e3o estiver de viajem, se deixar de fazer a p\u00e1scoa, a tal pessoa ser\u00e1 eliminada de seus povos: porquanto n\u00e3o ofereceu a seu tempo a oferta do SENHOR, o tal homem levar\u00e1 seu pecado. <br><span><sup><b>14<\/b><\/sup><\/span> E se morar convosco peregrino, e fizer a p\u00e1scoa ao SENHOR, conforme o rito da p\u00e1scoa e conforme suas leis assim a far\u00e1: um mesmo rito tereis, tanto o peregrino como o natural da terra. <br><span><sup><b>15<\/b><\/sup><\/span> E no dia que o tabern\u00e1culo foi levantado, a nuvem cobriu o tabern\u00e1culo sobre a tenda do testemunho; e \u00e0 tarde havia sobre o tabern\u00e1culo como uma apar\u00eancia de fogo, at\u00e9 a manh\u00e3. <br><span><sup><b>16<\/b><\/sup><\/span> Assim era continuamente: a nuvem o cobria, e de noite a apar\u00eancia de fogo. <br><span><sup><b>17<\/b><\/sup><\/span> E segundo que se erguia a nuvem do tabern\u00e1culo, os filhos de Israel se partiam: e no lugar onde a nuvem parava, ali alojavam os filhos de Israel. <br><span><sup><b>18<\/b><\/sup><\/span> \u00c0 ordem do SENHOR os filhos de Israel se partiam: e \u00e0 ordem do SENHOR assentavam o acampamento: todos os dias que a nuvem estava sobre o tabern\u00e1culo, eles estavam parados. <br><span><sup><b>19<\/b><\/sup><\/span> E quando a nuvem se detinha sobre o tabern\u00e1culo muitos dias, ent\u00e3o os filhos de Israel guardavam a ordenan\u00e7a do SENHOR e n\u00e3o partiam. <br><span><sup><b>20<\/b><\/sup><\/span> E quando sucedia que a nuvem estava sobre o tabern\u00e1culo poucos dias, ao dito do SENHOR alojavam, e ao dito do SENHOR partiam. <br><span><sup><b>21<\/b><\/sup><\/span> E quando era que a nuvem se detinha desde a tarde at\u00e9 a manh\u00e3, quando \u00e0 manh\u00e3 a nuvem se levantava, eles partiam: ou se havia estado no dia, e \u00e0 noite a nuvem se levantava, ent\u00e3o partiam. <br><span><sup><b>22<\/b><\/sup><\/span> Ou se dois dias, ou um m\u00eas, ou ano, enquanto a nuvem se detinha sobre o tabern\u00e1culo ficando sobre ele, os filhos de Israel se estavam acampados e n\u00e3o moviam: mas quando ela se erguia, eles moviam. <br><span><sup><b>23<\/b><\/sup><\/span> Ao dito do SENHOR assentavam, e ao dito do SENHOR partiam, guardando a ordenan\u00e7a do SENHOR, como o havia o SENHOR dito por meio de Mois\u00e9s.<\/span><\/p>\n\n\n\n<div class=\"wp-block-columns is-layout-flex wp-container-core-columns-is-layout-9d6595d7 wp-block-columns-is-layout-flex\">\n<div class=\"wp-block-column is-layout-flow wp-block-column-is-layout-flow\">\n<p><a href=\"\/numeros-8\" title=\"\">N\u00fameros 8<\/a><\/p>\n<\/div>\n\n\n\n<div class=\"wp-block-column is-layout-flow wp-block-column-is-layout-flow\">\n<p class=\"has-text-align-right\"><a href=\"\/numeros-10\" title=\"\">N\u00fameros 10<\/a><\/p>\n<\/div>\n<\/div>\n\n\n\n<h2 class=\"wp-block-heading\">Descri\u00e7\u00e3o &#8211; N\u00fameros 9<\/h2>\n\n\n\n<p class=\"has-medium-font-size\">N\u00fameros 9 descreve a celebra\u00e7\u00e3o da P\u00e1scoa no deserto, um evento fundamental para o povo de Israel, que \u00e9 realizado pela primeira vez ap\u00f3s a sa\u00edda do Egito. O cap\u00edtulo tamb\u00e9m aborda a quest\u00e3o daqueles que estavam impuros ou ausentes e n\u00e3o puderam participar da festa, oferecendo uma solu\u00e7\u00e3o atrav\u00e9s de um segundo sacrif\u00edcio. Al\u00e9m disso, a nuvem que guia Israel durante a jornada \u00e9 mencionada, simbolizando a presen\u00e7a de Deus. No contexto do livro, esse cap\u00edtulo refor\u00e7a a import\u00e2ncia da obedi\u00eancia aos rituais sagrados e a presen\u00e7a cont\u00ednua de Deus na caminhada do povo rumo \u00e0 Terra Prometida.<\/p>\n\n\n\n<h3 class=\"wp-block-heading\">Livro dos N\u00fameros:<\/h3>\n\n\n\n\n\n<p><\/p>\n","protected":false},"excerpt":{"rendered":"<p>1 E falou o SENHOR a Mois\u00e9s no deserto de Sinai, no segundo ano de sua sa\u00edda da terra do Egito, no m\u00eas primeiro, dizendo: 2 Os filhos de Israel far\u00e3o a p\u00e1scoa a seu tempo. 3 No d\u00e9cimo quarto dia deste m\u00eas, entre as duas tardes, a fareis a seu tempo: conforme todos os &hellip; <\/p>\n","protected":false},"author":2,"featured_media":772,"parent":771,"menu_order":9,"comment_status":"closed","ping_status":"closed","template":"","meta":{"om_disable_all_campaigns":false,"_monsterinsights_skip_tracking":false,"_monsterinsights_sitenote_active":false,"_monsterinsights_sitenote_note":"","_monsterinsights_sitenote_category":0,"footnotes":""},"class_list":["post-791","page","type-page","status-publish","has-post-thumbnail","hentry"],"aioseo_notices":[],"_links":{"self":[{"href":"https:\/\/bibliapresente.com\/postagens\/wp-json\/wp\/v2\/pages\/791","targetHints":{"allow":["GET"]}}],"collection":[{"href":"https:\/\/bibliapresente.com\/postagens\/wp-json\/wp\/v2\/pages"}],"about":[{"href":"https:\/\/bibliapresente.com\/postagens\/wp-json\/wp\/v2\/types\/page"}],"author":[{"embeddable":true,"href":"https:\/\/bibliapresente.com\/postagens\/wp-json\/wp\/v2\/users\/2"}],"replies":[{"embeddable":true,"href":"https:\/\/bibliapresente.com\/postagens\/wp-json\/wp\/v2\/comments?post=791"}],"version-history":[{"count":5,"href":"https:\/\/bibliapresente.com\/postagens\/wp-json\/wp\/v2\/pages\/791\/revisions"}],"predecessor-version":[{"id":1445,"href":"https:\/\/bibliapresente.com\/postagens\/wp-json\/wp\/v2\/pages\/791\/revisions\/1445"}],"up":[{"embeddable":true,"href":"https:\/\/bibliapresente.com\/postagens\/wp-json\/wp\/v2\/pages\/771"}],"wp:featuredmedia":[{"embeddable":true,"href":"https:\/\/bibliapresente.com\/postagens\/wp-json\/wp\/v2\/media\/772"}],"wp:attachment":[{"href":"https:\/\/bibliapresente.com\/postagens\/wp-json\/wp\/v2\/media?parent=791"}],"curies":[{"name":"wp","href":"https:\/\/api.w.org\/{rel}","templated":true}]}}