{"id":789,"date":"2025-02-04T16:44:38","date_gmt":"2025-02-04T19:44:38","guid":{"rendered":"https:\/\/bibliapresente.com\/postagens\/?page_id=789"},"modified":"2025-02-04T16:44:39","modified_gmt":"2025-02-04T19:44:39","slug":"numeros-8","status":"publish","type":"page","link":"https:\/\/bibliapresente.com\/postagens\/livros-da-biblia\/numeros\/numeros-8\/","title":{"rendered":"N\u00fameros 8 &#8211; Consagra\u00e7\u00e3o dos Levitas"},"content":{"rendered":"\n<p class=\"has-medium-font-size\" style=\"letter-spacing:1px\"><span><span><sup><b>1<\/b><\/sup><\/span> E falou o SENHOR a Mois\u00e9s, dizendo: <br><span><sup><b>2<\/b><\/sup><\/span> Fala a Ar\u00e3o, e dize-lhe: Quando acenderes as l\u00e2mpadas, as sete l\u00e2mpadas iluminar\u00e3o de frente \u00e0 frente do candelabro. <br><span><sup><b>3<\/b><\/sup><\/span> E Ar\u00e3o o fez assim; que acendeu em frente do candelabro suas l\u00e2mpadas, como o SENHOR o mandou a Mois\u00e9s. <br><span><sup><b>4<\/b><\/sup><\/span> E esta era a feitura do candelabro: de ouro lavrado a martelo; desde seu p\u00e9 at\u00e9 suas flores era lavrado a martelo: conforme o modelo que o SENHOR mostrou a Mois\u00e9s, assim fez o candelabro. <br><span><sup><b>5<\/b><\/sup><\/span> E o SENHOR falou a Mois\u00e9s, dizendo: <br><span><sup><b>6<\/b><\/sup><\/span> Toma aos levitas dentre os filhos de Israel, e expia-os. <br><span><sup><b>7<\/b><\/sup><\/span> E assim lhes far\u00e1s para expi\u00e1-los: esparge sobre eles a \u00e1gua da expia\u00e7\u00e3o, e face passar a navalha sobre toda sua carne, e lavar\u00e3o suas roupas, e ser\u00e3o expiados. <br><span><sup><b>8<\/b><\/sup><\/span> Logo tomar\u00e3o um novilho, com sua oferta de cereais de flor de farinha amassada com azeite; e tomar\u00e1s outro novilho para expia\u00e7\u00e3o. <br><span><sup><b>9<\/b><\/sup><\/span> E far\u00e1s chegar os levitas diante do tabern\u00e1culo do testemunho, e juntar\u00e1s toda a congrega\u00e7\u00e3o dos filhos de Israel; <br><span><sup><b>10<\/b><\/sup><\/span> E quando haver\u00e1s feito chegar os levitas diante do SENHOR, por\u00e3o os filhos de Israel suas m\u00e3os sobre os levitas; <br><span><sup><b>11<\/b><\/sup><\/span> E oferecer\u00e1 Ar\u00e3o os levitas diante do SENHOR em oferta dos filhos de Israel, e servir\u00e3o no minist\u00e9rio do SENHOR. <br><span><sup><b>12<\/b><\/sup><\/span> E os levitas por\u00e3o suas m\u00e3os sobre as cabe\u00e7as dos novilhos: e oferecer\u00e1s um por expia\u00e7\u00e3o, e o outro em holocausto ao SENHOR, para expiar os levitas. <br><span><sup><b>13<\/b><\/sup><\/span> E far\u00e1s presentear os levitas diante de Ar\u00e3o, e diante de seus filhos, e os oferecer\u00e1s em oferta ao SENHOR. <br><span><sup><b>14<\/b><\/sup><\/span> Assim separar\u00e1s os levitas dentre os filhos de Israel; e ser\u00e3o meus os levitas <br><span><sup><b>15<\/b><\/sup><\/span> E depois disso vir\u00e3o os levitas a ministrar no tabern\u00e1culo do testemunho: os expiar\u00e1s pois, e os oferecer\u00e1s em oferta. <br><span><sup><b>16<\/b><\/sup><\/span> Porque inteiramente s\u00e3o a mim dados os levitas dentre os filhos de Israel, em lugar de todo aquele que abre madre; ei-los tomado para mim em lugar dos primog\u00eanitos de todos os filhos de Israel. <br><span><sup><b>17<\/b><\/sup><\/span> Porque meu \u00e9 todo primog\u00eanito nos filhos de Israel, tanto de homens como de animais; desde o dia que eu feri todo primog\u00eanito na terra do Egito, os santifiquei para mim. <br><span><sup><b>18<\/b><\/sup><\/span> E tomei os levitas em lugar de todos os primog\u00eanitos nos filhos de Israel. <br><span><sup><b>19<\/b><\/sup><\/span> E eu dei em presente os levitas a Ar\u00e3o e a seus filhos dentre os filhos de Israel, para que sirvam o minist\u00e9rio dos filhos de Israel no tabern\u00e1culo do testemunho, e reconciliem aos filhos de Israel; porque n\u00e3o haja praga nos filhos de Israel, chegando os filhos de Israel ao santu\u00e1rio. <br><span><sup><b>20<\/b><\/sup><\/span> E Mois\u00e9s, e Ar\u00e3o, e toda a congrega\u00e7\u00e3o dos filhos de Israel, fizeram dos levitas conforme todas as coisas que mandou o SENHOR a Mois\u00e9s acerca dos levitas; assim fizeram deles os filhos de Israel. <br><span><sup><b>21<\/b><\/sup><\/span> E os levitas se purificaram, e lavaram suas roupas; e Ar\u00e3o os ofereceu em oferta diante do SENHOR, e fez Ar\u00e3o expia\u00e7\u00e3o por eles para purific\u00e1-los. <br><span><sup><b>22<\/b><\/sup><\/span> E assim vieram depois os levitas para servir em seu minist\u00e9rio no tabern\u00e1culo do testemunho, diante de Ar\u00e3o e diante de seus filhos: da maneira que mandou o SENHOR a Mois\u00e9s acerca dos levitas, assim fizeram com eles. <br><span><sup><b>23<\/b><\/sup><\/span> E falou o SENHOR a Mois\u00e9s, dizendo: <br><span><sup><b>24<\/b><\/sup><\/span> Isto quanto aos levitas: de vinte e cinco anos acima entrar\u00e3o a fazer seu of\u00edcio no servi\u00e7o do tabern\u00e1culo do testemunho: <br><span><sup><b>25<\/b><\/sup><\/span> Mas desde os cinquenta anos voltar\u00e3o do of\u00edcio de seu minist\u00e9rio, e nunca mais servir\u00e3o: <br><span><sup><b>26<\/b><\/sup><\/span> Por\u00e9m servir\u00e3o com seus irm\u00e3os no tabern\u00e1culo do testemunho, para fazer a guarda, ainda que n\u00e3o servir\u00e3o no minist\u00e9rio. Assim far\u00e1s dos levitas quanto a seus of\u00edcios.<\/span><\/p>\n\n\n\n<div class=\"wp-block-columns is-layout-flex wp-container-core-columns-is-layout-9d6595d7 wp-block-columns-is-layout-flex\">\n<div class=\"wp-block-column is-layout-flow wp-block-column-is-layout-flow\">\n<p><a href=\"\/numeros-7\" title=\"\">N\u00fameros 7<\/a><\/p>\n<\/div>\n\n\n\n<div class=\"wp-block-column is-layout-flow wp-block-column-is-layout-flow\">\n<p class=\"has-text-align-right\"><a href=\"\/numeros-9\" title=\"\">N\u00fameros 9<\/a><\/p>\n<\/div>\n<\/div>\n\n\n\n<h2 class=\"wp-block-heading\">Descri\u00e7\u00e3o &#8211; N\u00fameros 8<\/h2>\n\n\n\n<p class=\"has-medium-font-size\">N\u00fameros 8 detalha a consagra\u00e7\u00e3o dos levitas para o servi\u00e7o no Tabern\u00e1culo. Deus ordena que uma l\u00e2mpada de ouro seja acesa, simbolizando Sua presen\u00e7a. Os levitas passam por um ritual de purifica\u00e7\u00e3o, incluindo a aspers\u00e3o de \u00e1gua, raspagem dos pelos e sacrif\u00edcios. Eles s\u00e3o separados para servir em lugar dos primog\u00eanitos de Israel. No contexto do livro, esse cap\u00edtulo refor\u00e7a a organiza\u00e7\u00e3o do culto e o papel exclusivo dos levitas no servi\u00e7o sagrado. Essa prepara\u00e7\u00e3o espiritual e pr\u00e1tica fortalece a rela\u00e7\u00e3o entre Deus e Seu povo, garantindo a santidade e a ordem no deserto antes da jornada \u00e0 Terra Prometida.<\/p>\n\n\n\n<h3 class=\"wp-block-heading\">Livro dos N\u00fameros:<\/h3>\n\n\n\n\n\n<p><\/p>\n","protected":false},"excerpt":{"rendered":"<p>1 E falou o SENHOR a Mois\u00e9s, dizendo: 2 Fala a Ar\u00e3o, e dize-lhe: Quando acenderes as l\u00e2mpadas, as sete l\u00e2mpadas iluminar\u00e3o de frente \u00e0 frente do candelabro. 3 E Ar\u00e3o o fez assim; que acendeu em frente do candelabro suas l\u00e2mpadas, como o SENHOR o mandou a Mois\u00e9s. 4 E esta era a feitura &hellip; <\/p>\n","protected":false},"author":2,"featured_media":772,"parent":771,"menu_order":8,"comment_status":"closed","ping_status":"closed","template":"","meta":{"om_disable_all_campaigns":false,"_monsterinsights_skip_tracking":false,"_monsterinsights_sitenote_active":false,"_monsterinsights_sitenote_note":"","_monsterinsights_sitenote_category":0,"footnotes":""},"class_list":["post-789","page","type-page","status-publish","has-post-thumbnail","hentry"],"aioseo_notices":[],"_links":{"self":[{"href":"https:\/\/bibliapresente.com\/postagens\/wp-json\/wp\/v2\/pages\/789","targetHints":{"allow":["GET"]}}],"collection":[{"href":"https:\/\/bibliapresente.com\/postagens\/wp-json\/wp\/v2\/pages"}],"about":[{"href":"https:\/\/bibliapresente.com\/postagens\/wp-json\/wp\/v2\/types\/page"}],"author":[{"embeddable":true,"href":"https:\/\/bibliapresente.com\/postagens\/wp-json\/wp\/v2\/users\/2"}],"replies":[{"embeddable":true,"href":"https:\/\/bibliapresente.com\/postagens\/wp-json\/wp\/v2\/comments?post=789"}],"version-history":[{"count":5,"href":"https:\/\/bibliapresente.com\/postagens\/wp-json\/wp\/v2\/pages\/789\/revisions"}],"predecessor-version":[{"id":1444,"href":"https:\/\/bibliapresente.com\/postagens\/wp-json\/wp\/v2\/pages\/789\/revisions\/1444"}],"up":[{"embeddable":true,"href":"https:\/\/bibliapresente.com\/postagens\/wp-json\/wp\/v2\/pages\/771"}],"wp:featuredmedia":[{"embeddable":true,"href":"https:\/\/bibliapresente.com\/postagens\/wp-json\/wp\/v2\/media\/772"}],"wp:attachment":[{"href":"https:\/\/bibliapresente.com\/postagens\/wp-json\/wp\/v2\/media?parent=789"}],"curies":[{"name":"wp","href":"https:\/\/api.w.org\/{rel}","templated":true}]}}