{"id":787,"date":"2025-02-04T16:42:49","date_gmt":"2025-02-04T19:42:49","guid":{"rendered":"https:\/\/bibliapresente.com\/postagens\/?page_id=787"},"modified":"2025-02-04T16:42:50","modified_gmt":"2025-02-04T19:42:50","slug":"numeros-7","status":"publish","type":"page","link":"https:\/\/bibliapresente.com\/postagens\/livros-da-biblia\/numeros\/numeros-7\/","title":{"rendered":"N\u00fameros 7 &#8211; Ofertas dos L\u00edderes"},"content":{"rendered":"\n<p class=\"has-medium-font-size\" style=\"letter-spacing:1px\"><span><span><sup><b>1<\/b><\/sup><\/span> E aconteceu, que quando Mois\u00e9s acabou de levantar o tabern\u00e1culo, e o ungido, e o santificado, com todos os seus utens\u00edlios; e tamb\u00e9m ungido e santificado o altar, com todos os seus utens\u00edlios; <br><span><sup><b>2<\/b><\/sup><\/span> Ent\u00e3o os pr\u00edncipes de Israel, os chefes das casas de seus pais, os quais eram os pr\u00edncipes das tribos, que estavam sobre os contados, ofereceram; <br><span><sup><b>3<\/b><\/sup><\/span> E trouxeram suas ofertas diante do SENHOR, seis carros cobertos, e doze bois; por cada dois pr\u00edncipes um carro, e cada um deles um boi; o qual ofereceram diante do tabern\u00e1culo. <br><span><sup><b>4<\/b><\/sup><\/span> E o SENHOR falou a Mois\u00e9s, dizendo: <br><span><sup><b>5<\/b><\/sup><\/span> Toma-o deles, e ser\u00e1 para o servi\u00e7o do tabern\u00e1culo do testemunho: e o dar\u00e1s aos levitas, a cada um conforme seu minist\u00e9rio. <br><span><sup><b>6<\/b><\/sup><\/span> Ent\u00e3o Mois\u00e9s recebeu os carros e os bois, e deu-os aos levitas. <br><span><sup><b>7<\/b><\/sup><\/span> Dois carros e quatro bois, deu aos filhos de G\u00e9rson, conforme seu minist\u00e9rio; <br><span><sup><b>8<\/b><\/sup><\/span> E aos filhos de Merari deu os quatro carros e oito bois, conforme seu minist\u00e9rio, sob a m\u00e3o de Itamar, filho de Ar\u00e3o o sacerdote. <br><span><sup><b>9<\/b><\/sup><\/span> E aos filhos de Coate n\u00e3o deu; porque levavam sobre si nos ombros o servi\u00e7o do santu\u00e1rio. <br><span><sup><b>10<\/b><\/sup><\/span> E ofereceram os pr\u00edncipes \u00e0 dedica\u00e7\u00e3o do altar o dia que foi ungido, ofereceram os pr\u00edncipes sua oferta diante do altar. <br><span><sup><b>11<\/b><\/sup><\/span> E o SENHOR disse a Mois\u00e9s: Oferecer\u00e3o sua oferta, um pr\u00edncipe um dia, e outro pr\u00edncipe outro dia, \u00e0 dedica\u00e7\u00e3o do altar. <br><span><sup><b>12<\/b><\/sup><\/span> E o que ofereceu sua oferta o primeiro dia foi Naassom filho de Aminadabe, da tribo de Jud\u00e1. <br><span><sup><b>13<\/b><\/sup><\/span> E foi sua oferta um prato de prata de peso de cento e trinta siclos, e uma bacia de prata de setenta siclos, ao siclo do santu\u00e1rio; ambos cheios de flor de farinha amassada com azeite para oferta de cereais; <br><span><sup><b>14<\/b><\/sup><\/span> Uma colher de ouro de dez siclos, cheia de incenso; <br><span><sup><b>15<\/b><\/sup><\/span> Um bezerro, um carneiro, um cordeiro de ano para holocausto; <br><span><sup><b>16<\/b><\/sup><\/span> Um bode macho para expia\u00e7\u00e3o; <br><span><sup><b>17<\/b><\/sup><\/span> E para sacrif\u00edcio pac\u00edfico, dois bois, cinco carneiros, cinco machos de bode, cinco cordeiros de ano. Esta foi a oferta de Naassom, filho de Aminadabe. <br><span><sup><b>18<\/b><\/sup><\/span> No segundo dia ofereceu Natanael filho de Zuar, pr\u00edncipe de Issacar. <br><span><sup><b>19<\/b><\/sup><\/span> Ofereceu por sua oferta um prato de prata de cento e trinta siclos de peso, uma bacia de prata de setenta siclos, ao siclo do santu\u00e1rio; ambos cheios de flor de farinha amassada com azeite para oferta de cereais; <br><span><sup><b>20<\/b><\/sup><\/span> Uma colher de ouro de dez siclos, cheia de incenso; <br><span><sup><b>21<\/b><\/sup><\/span> Um bezerro, um carneiro, um cordeiro de ano para holocausto; <br><span><sup><b>22<\/b><\/sup><\/span> Um bode macho para expia\u00e7\u00e3o; <br><span><sup><b>23<\/b><\/sup><\/span> E para sacrif\u00edcio pac\u00edfico, dois bois, cinco carneiros, cinco machos de bode, cinco cordeiros de ano. Esta foi a oferta de Natanael, filho de Zuar. <br><span><sup><b>24<\/b><\/sup><\/span> No terceiro dia, Eliabe filho de Helom, pr\u00edncipe dos filhos de Zebulom: <br><span><sup><b>25<\/b><\/sup><\/span> E sua oferta, um prato de prata de cento e trinta siclos de peso, uma bacia de prata de setenta siclos, ao siclo do santu\u00e1rio; ambos cheios de flor de farinha amassada com azeite para oferta de cereais; <br><span><sup><b>26<\/b><\/sup><\/span> Uma colher de ouro de dez siclos, cheia de incenso; <br><span><sup><b>27<\/b><\/sup><\/span> Um bezerro, um carneiro, um cordeiro de ano para holocausto; <br><span><sup><b>28<\/b><\/sup><\/span> Um bode macho para expia\u00e7\u00e3o; <br><span><sup><b>29<\/b><\/sup><\/span> E para sacrif\u00edcio pac\u00edfico, dois bois, cinco carneiros, cinco machos de bode, cinco cordeiros de ano. Esta foi a oferta de Eliabe, filho de Helom. <br><span><sup><b>30<\/b><\/sup><\/span> No quarto dia, Elizur filho de Sedeur, pr\u00edncipe dos filhos de R\u00faben: <br><span><sup><b>31<\/b><\/sup><\/span> E sua oferta, um prato de prata de cento e trinta siclos de peso, uma bacia de prata de setenta siclos, ao siclo do santu\u00e1rio, ambos cheios de flor de farinha amassada com azeite para oferta de cereais; <br><span><sup><b>32<\/b><\/sup><\/span> Uma colher de ouro de dez siclos, cheia de incenso; <br><span><sup><b>33<\/b><\/sup><\/span> Um bezerro, um carneiro, um cordeiro de ano para holocausto; <br><span><sup><b>34<\/b><\/sup><\/span> Um bode macho para expia\u00e7\u00e3o; <br><span><sup><b>35<\/b><\/sup><\/span> E para sacrif\u00edcio pac\u00edfico, dois bois, cinco carneiros, cinco machos de bode, cinco cordeiros de ano. Esta foi a oferta de Elizur, filho de Sedeur. <br><span><sup><b>36<\/b><\/sup><\/span> No quinto dia, Selumiel filho de Zurisadai, pr\u00edncipe dos filhos de Sime\u00e3o: <br><span><sup><b>37<\/b><\/sup><\/span> E sua oferta, um prato de prata de cento e trinta siclos de peso, uma bacia de prata de setenta siclos, ao siclo do santu\u00e1rio; ambos cheios de flor de farinha amassada com azeite para oferta de cereais; <br><span><sup><b>38<\/b><\/sup><\/span> Uma colher de ouro de dez siclos cheia de incenso; <br><span><sup><b>39<\/b><\/sup><\/span> Um bezerro, um carneiro, um cordeiro de ano para holocausto; <br><span><sup><b>40<\/b><\/sup><\/span> Um bode macho para expia\u00e7\u00e3o; <br><span><sup><b>41<\/b><\/sup><\/span> E para sacrif\u00edcio pac\u00edfico, dois bois, cinco carneiros, cinco machos de bode, cinco cordeiros de ano. Esta foi a oferta de Selumiel, filho de Zurisadai. <br><span><sup><b>42<\/b><\/sup><\/span> No sexto dia, Eliasafe filho de Deuel, pr\u00edncipe dos filhos de Gade: <br><span><sup><b>43<\/b><\/sup><\/span> E sua oferta, um prato de prata de cento e trinta siclos de peso, uma bacia de prata de setenta siclos, ao siclo do santu\u00e1rio; ambos cheios de flor de farinha amassada com azeite para oferta de cereais; <br><span><sup><b>44<\/b><\/sup><\/span> Uma colher de ouro de dez siclos, cheia de incenso; <br><span><sup><b>45<\/b><\/sup><\/span> Um bezerro, um carneiro, um cordeiro de ano para holocausto; <br><span><sup><b>46<\/b><\/sup><\/span> Um bode macho para expia\u00e7\u00e3o; <br><span><sup><b>47<\/b><\/sup><\/span> E para sacrif\u00edcio pac\u00edfico, dois bois, cinco carneiros, cinco machos de bode, cinco cordeiros de ano, Esta foi a oferta de Eliasafe, filho de Deuel. <br><span><sup><b>48<\/b><\/sup><\/span> No s\u00e9timo dia, o pr\u00edncipe dos filhos de Efraim, Elisama filho de Ami\u00fade: <br><span><sup><b>49<\/b><\/sup><\/span> E sua oferta, um prato de prata de cento e trinta siclos de peso, uma bacia de prata de setenta siclos, ao siclo do santu\u00e1rio; ambos cheios de flor de farinha amassada com azeite para oferta de cereais; <br><span><sup><b>50<\/b><\/sup><\/span> Uma colher de ouro de dez siclos, cheia de incenso; <br><span><sup><b>51<\/b><\/sup><\/span> Um bezerro, um carneiro, um cordeiro de ano para holocausto; <br><span><sup><b>52<\/b><\/sup><\/span> Um bode macho para expia\u00e7\u00e3o; <br><span><sup><b>53<\/b><\/sup><\/span> E para sacrif\u00edcio pac\u00edfico, dois bois, cinco carneiros, cinco machos de bode, cinco cordeiros de ano. Esta foi a oferta de Elisama, filho de Ami\u00fade. <br><span><sup><b>54<\/b><\/sup><\/span> No oitavo dia, o pr\u00edncipe dos filhos de Manass\u00e9s, Gamaliel filho de Pedazur: <br><span><sup><b>55<\/b><\/sup><\/span> E seu oferta, um prato de prata de cento e trinta siclos de peso, uma bacia de prata de setenta siclos, ao siclo do santu\u00e1rio; ambos cheios de flor de farinha amassada com azeite para oferta de cereais; <br><span><sup><b>56<\/b><\/sup><\/span> Uma colher de ouro de dez siclos, cheia de incenso; <br><span><sup><b>57<\/b><\/sup><\/span> Um bezerro, um carneiro, um cordeiro de ano para holocausto; <br><span><sup><b>58<\/b><\/sup><\/span> Um bode macho para expia\u00e7\u00e3o; <br><span><sup><b>59<\/b><\/sup><\/span> E para sacrif\u00edcio pac\u00edfico, dois bois, cinco carneiros, cinco machos de bode, cinco cordeiros de ano. Esta foi a oferta de Gamaliel, filho de Pedazur. <br><span><sup><b>60<\/b><\/sup><\/span> No nono dia, o pr\u00edncipe dos filhos de Benjamim, Abid\u00e3 filho de Gideoni: <br><span><sup><b>61<\/b><\/sup><\/span> E sua oferta, um prato de prata de cento e trinta siclos de peso, uma bacia de prata de setenta siclos, ao siclo do santu\u00e1rio; ambos cheios de flor de farinha amassada com azeite para oferta de cereais; <br><span><sup><b>62<\/b><\/sup><\/span> Uma colher de ouro de dez siclos, cheia de incenso; <br><span><sup><b>63<\/b><\/sup><\/span> Um bezerro, um carneiro, um cordeiro de ano para holocausto; <br><span><sup><b>64<\/b><\/sup><\/span> Um bode macho para expia\u00e7\u00e3o; <br><span><sup><b>65<\/b><\/sup><\/span> E para sacrif\u00edcio pac\u00edfico, dois bois, cinco carneiros, cinco machos de bode, cinco cordeiros de ano. Esta foi a oferta de Abid\u00e3, filho de Gideoni. <br><span><sup><b>66<\/b><\/sup><\/span> No d\u00e9cimo dia, o pr\u00edncipe dos filhos de D\u00e3, Aiezer filho de Amisadai: <br><span><sup><b>67<\/b><\/sup><\/span> E sua oferta, um prato de prata de cento e trinta siclos de peso, uma bacia de prata de setenta siclos, ao siclo do santu\u00e1rio; ambos cheios de flor de farinha amassada com azeite para oferta de cereais; <br><span><sup><b>68<\/b><\/sup><\/span> Uma colher de ouro de dez siclos, cheia de incenso; <br><span><sup><b>69<\/b><\/sup><\/span> Um bezerro, um carneiro, um cordeiro de ano para holocausto; <br><span><sup><b>70<\/b><\/sup><\/span> Um bode macho para expia\u00e7\u00e3o; <br><span><sup><b>71<\/b><\/sup><\/span> E para sacrif\u00edcio pac\u00edfico, dois bois, cinco carneiros, cinco machos de bode, cinco cordeiros de ano. Esta foi a oferta de Aiezer, filho de Amisadai. <br><span><sup><b>72<\/b><\/sup><\/span> No d\u00e9cimo primeiro dia, o pr\u00edncipe dos filhos de Aser, Pagiel filho de Ocr\u00e3: <br><span><sup><b>73<\/b><\/sup><\/span> E sua oferta, um prato de prata de cento e trinta siclos de peso, uma bacia de prata de setenta siclos, ao siclo do santu\u00e1rio; ambos cheios de flor de farinha amassada com azeite para oferta de cereais; <br><span><sup><b>74<\/b><\/sup><\/span> Uma colher de ouro de dez siclos, cheia de incenso; <br><span><sup><b>75<\/b><\/sup><\/span> Um bezerro, um carneiro, um cordeiro de ano para holocausto; <br><span><sup><b>76<\/b><\/sup><\/span> Um bode macho para expia\u00e7\u00e3o; <br><span><sup><b>77<\/b><\/sup><\/span> E para sacrif\u00edcio pac\u00edfico, dois bois, cinco carneiros, cinco machos de bode, cinco cordeiros de ano. Esta foi a oferta de Pagiel, filho de Ocr\u00e3. <br><span><sup><b>78<\/b><\/sup><\/span> No d\u00e9cimo segundo dia, o pr\u00edncipe dos filhos de Naftali, Aira filho de En\u00e3: <br><span><sup><b>79<\/b><\/sup><\/span> E sua oferta, um prato de prata de cento e trinta siclos de peso, uma bacia de prata de setenta siclos, ao siclo do santu\u00e1rio; ambos cheios de flor de farinha amassada com azeite para oferta de cereais; <br><span><sup><b>80<\/b><\/sup><\/span> Uma colher de ouro de dez siclos, cheia de incenso; <br><span><sup><b>81<\/b><\/sup><\/span> Um bezerro, um carneiro, um cordeiro de ano para holocausto; <br><span><sup><b>82<\/b><\/sup><\/span> Um bode macho para expia\u00e7\u00e3o; <br><span><sup><b>83<\/b><\/sup><\/span> E para sacrif\u00edcio pac\u00edfico, dois bois, cinco carneiros, cinco machos de bode, cinco cordeiros de ano. Esta foi a oferta de Aira, filho de En\u00e3. <br><span><sup><b>84<\/b><\/sup><\/span> Esta foi a dedica\u00e7\u00e3o do altar, no dia que foi ungido, pelos pr\u00edncipes de Israel: doze pratos de prata, doze bacias de prata, doze colheres de ouro. <br><span><sup><b>85<\/b><\/sup><\/span> Cada prato de cento e trinta siclos, cada bacia de setenta: toda a prata dos vasos, dois mil e quatrocentos siclos, ao siclo do santu\u00e1rio. <br><span><sup><b>86<\/b><\/sup><\/span> As doze colheres de ouro cheias de incenso, de dez siclos cada colher, ao siclo do santu\u00e1rio: todo o ouro das colheres, cento e vinte siclos. <br><span><sup><b>87<\/b><\/sup><\/span> Todos os bois para holocausto, doze bezerros; doze os carneiros, doze os cordeiros de ano, com sua oferta de cereais: e doze os machos de bode, para expia\u00e7\u00e3o. <br><span><sup><b>88<\/b><\/sup><\/span> E todos os bois do sacrif\u00edcio pac\u00edfico vinte e quatro novilhos, sessenta os carneiros, sessenta os machos de bode, sessenta os cordeiros de ano. Esta foi a dedica\u00e7\u00e3o do altar, depois que foi ungido. <br><span><sup><b>89<\/b><\/sup><\/span> E quando entrava Mois\u00e9s no tabern\u00e1culo do testemunho, para falar com Ele, ouvia a Voz que lhe falava de cima do propiciat\u00f3rio que estava sobre a arca do testemunho, dentre os dois querubins: e falava com ele.<\/span><\/p>\n\n\n\n<div class=\"wp-block-columns is-layout-flex wp-container-core-columns-is-layout-9d6595d7 wp-block-columns-is-layout-flex\">\n<div class=\"wp-block-column is-layout-flow wp-block-column-is-layout-flow\">\n<p><a href=\"\/numeros-6\" title=\"\">N\u00fameros 6<\/a><\/p>\n<\/div>\n\n\n\n<div class=\"wp-block-column is-layout-flow wp-block-column-is-layout-flow\">\n<p class=\"has-text-align-right\"><a href=\"\/numeros-8\" title=\"\">N\u00fameros 8<\/a><\/p>\n<\/div>\n<\/div>\n\n\n\n<h2 class=\"wp-block-heading\">Descri\u00e7\u00e3o &#8211; N\u00fameros 7<\/h2>\n\n\n\n<p class=\"has-medium-font-size\">N\u00fameros 7 descreve a oferta dos l\u00edderes das tribos de Israel para a consagra\u00e7\u00e3o do Tabern\u00e1culo. Cada pr\u00edncipe trouxe doa\u00e7\u00f5es espec\u00edficas, incluindo carros, bois e utens\u00edlios de ouro e prata, al\u00e9m de ofertas para os sacrif\u00edcios. O cap\u00edtulo destaca a ordem e a igualdade entre as tribos, refor\u00e7ando a import\u00e2ncia da dedica\u00e7\u00e3o ao servi\u00e7o divino. No contexto do livro, essa passagem demonstra a obedi\u00eancia do povo \u00e0s instru\u00e7\u00f5es de Deus no deserto. A longa lista de ofertas evidencia a alian\u00e7a entre Deus e Israel, preparando a na\u00e7\u00e3o para sua jornada rumo \u00e0 Terra Prometida com organiza\u00e7\u00e3o e devo\u00e7\u00e3o.<\/p>\n\n\n\n<h3 class=\"wp-block-heading\">Livro dos N\u00fameros:<\/h3>\n\n\n\n\n\n<p><\/p>\n","protected":false},"excerpt":{"rendered":"<p>1 E aconteceu, que quando Mois\u00e9s acabou de levantar o tabern\u00e1culo, e o ungido, e o santificado, com todos os seus utens\u00edlios; e tamb\u00e9m ungido e santificado o altar, com todos os seus utens\u00edlios; 2 Ent\u00e3o os pr\u00edncipes de Israel, os chefes das casas de seus pais, os quais eram os pr\u00edncipes das tribos, que &hellip; <\/p>\n","protected":false},"author":2,"featured_media":772,"parent":771,"menu_order":7,"comment_status":"closed","ping_status":"closed","template":"","meta":{"om_disable_all_campaigns":false,"_monsterinsights_skip_tracking":false,"_monsterinsights_sitenote_active":false,"_monsterinsights_sitenote_note":"","_monsterinsights_sitenote_category":0,"footnotes":""},"class_list":["post-787","page","type-page","status-publish","has-post-thumbnail","hentry"],"aioseo_notices":[],"_links":{"self":[{"href":"https:\/\/bibliapresente.com\/postagens\/wp-json\/wp\/v2\/pages\/787","targetHints":{"allow":["GET"]}}],"collection":[{"href":"https:\/\/bibliapresente.com\/postagens\/wp-json\/wp\/v2\/pages"}],"about":[{"href":"https:\/\/bibliapresente.com\/postagens\/wp-json\/wp\/v2\/types\/page"}],"author":[{"embeddable":true,"href":"https:\/\/bibliapresente.com\/postagens\/wp-json\/wp\/v2\/users\/2"}],"replies":[{"embeddable":true,"href":"https:\/\/bibliapresente.com\/postagens\/wp-json\/wp\/v2\/comments?post=787"}],"version-history":[{"count":5,"href":"https:\/\/bibliapresente.com\/postagens\/wp-json\/wp\/v2\/pages\/787\/revisions"}],"predecessor-version":[{"id":1443,"href":"https:\/\/bibliapresente.com\/postagens\/wp-json\/wp\/v2\/pages\/787\/revisions\/1443"}],"up":[{"embeddable":true,"href":"https:\/\/bibliapresente.com\/postagens\/wp-json\/wp\/v2\/pages\/771"}],"wp:featuredmedia":[{"embeddable":true,"href":"https:\/\/bibliapresente.com\/postagens\/wp-json\/wp\/v2\/media\/772"}],"wp:attachment":[{"href":"https:\/\/bibliapresente.com\/postagens\/wp-json\/wp\/v2\/media?parent=787"}],"curies":[{"name":"wp","href":"https:\/\/api.w.org\/{rel}","templated":true}]}}