{"id":785,"date":"2025-02-04T16:41:03","date_gmt":"2025-02-04T19:41:03","guid":{"rendered":"https:\/\/bibliapresente.com\/postagens\/?page_id=785"},"modified":"2025-02-04T16:41:03","modified_gmt":"2025-02-04T19:41:03","slug":"numeros-6","status":"publish","type":"page","link":"https:\/\/bibliapresente.com\/postagens\/livros-da-biblia\/numeros\/numeros-6\/","title":{"rendered":"N\u00fameros 6 &#8211; O Voto do Nazireu e B\u00ean\u00e7\u00e3o"},"content":{"rendered":"\n<p class=\"has-medium-font-size\" style=\"letter-spacing:1px\"><span><span><sup><b>1<\/b><\/sup><\/span> E falou o SENHOR a Mois\u00e9s, dizendo: <br><span><sup><b>2<\/b><\/sup><\/span> Fala aos filhos de Israel, e dize-lhes: O homem, ou a mulher, quando se separar fazendo voto de nazireu, para dedicar-se ao SENHOR, <br><span><sup><b>3<\/b><\/sup><\/span> Se abster\u00e1 de vinho e de bebida forte; vinagre de vinho, nem vinagre de bebida forte n\u00e3o beber\u00e1, nem beber\u00e1 algum licor de uvas, nem tampouco comer\u00e1 uvas frescas nem secas. <br><span><sup><b>4<\/b><\/sup><\/span> Todo o tempo de seu nazireado, de tudo o que se faz de vide de vinho, desde os caro\u00e7os at\u00e9 a casca, n\u00e3o comer\u00e1. <br><span><sup><b>5<\/b><\/sup><\/span> Todo o tempo do voto de seu nazireado n\u00e3o passar\u00e1 navalha sobre sua cabe\u00e7a, at\u00e9 que sejam cumpridos os dias de sua separa\u00e7\u00e3o ao SENHOR: santo ser\u00e1; deixar\u00e1 crescer as pontas do cabelo de sua cabe\u00e7a. <br><span><sup><b>6<\/b><\/sup><\/span> Todo o tempo que se separar ao SENHOR, n\u00e3o entrar\u00e1 a pessoa morta. <br><span><sup><b>7<\/b><\/sup><\/span> Por seu pai, nem por sua m\u00e3e, por seu irm\u00e3o, nem por sua irm\u00e3, n\u00e3o se contaminar\u00e1 com eles quando morrerem; porque consagra\u00e7\u00e3o de seu Deus tem sobre sua cabe\u00e7a. <br><span><sup><b>8<\/b><\/sup><\/span> Todo o tempo de seu nazireado, ser\u00e1 santo ao SENHOR. <br><span><sup><b>9<\/b><\/sup><\/span> E se algu\u00e9m morrer muito de repente junto a ele, contaminar\u00e1 a cabe\u00e7a de seu nazireado; portanto o dia de sua purifica\u00e7\u00e3o rapar\u00e1 sua cabe\u00e7a; ao s\u00e9timo dia a rapar\u00e1. <br><span><sup><b>10<\/b><\/sup><\/span> E o dia oitavo trar\u00e1 duas rolinhas ou dois pombinhos ao sacerdote, \u00e0 porta do tabern\u00e1culo do testemunho; <br><span><sup><b>11<\/b><\/sup><\/span> E o sacerdote far\u00e1 um em expia\u00e7\u00e3o, e o outro em holocausto: e o expiar\u00e1 do que pecou sobre o morto, e santificar\u00e1 sua cabe\u00e7a naquele dia. <br><span><sup><b>12<\/b><\/sup><\/span> E consagrar\u00e1 ao SENHOR os dias de seu nazireado, e trar\u00e1 um cordeiro de ano em expia\u00e7\u00e3o pela culpa; e os dias primeiros ser\u00e3o anulados, porquanto foi contaminado seu nazireado. <br><span><sup><b>13<\/b><\/sup><\/span> Esta \u00e9, pois, a lei do nazireu no dia que se cumprir o tempo de seu nazireado: Vir\u00e1 \u00e0 porta do tabern\u00e1culo do testemunho; <br><span><sup><b>14<\/b><\/sup><\/span> E oferecer\u00e1 sua oferta ao SENHOR, um cordeiro de ano sem m\u00e1cula em holocausto, e uma cordeira de ano sem defeito em expia\u00e7\u00e3o, e um carneiro sem defeito por sacrif\u00edcio pac\u00edfico: <br><span><sup><b>15<\/b><\/sup><\/span> Al\u00e9m disso um cesto de p\u00e3es \u00e1zimos, tortas de flor de farinha amassadas com azeite, e massas n\u00e3o fermentadas untadas com azeite, e sua oferta de cereais, e suas liba\u00e7\u00f5es. <br><span><sup><b>16<\/b><\/sup><\/span> E o sacerdote o oferecer\u00e1 diante do SENHOR, e far\u00e1 sua expia\u00e7\u00e3o e seu holocausto: <br><span><sup><b>17<\/b><\/sup><\/span> E oferecer\u00e1 o carneiro em sacrif\u00edcio pac\u00edfico ao SENHOR, com o cesto dos p\u00e3es \u00e1zimos; oferecer\u00e1 tamb\u00e9m o sacerdote sua oferta de cereais, e suas liba\u00e7\u00f5es. <br><span><sup><b>18<\/b><\/sup><\/span> Ent\u00e3o o nazireu rapar\u00e1 \u00e0 porta do tabern\u00e1culo do testemunho a cabe\u00e7a de seu nazireado, e tomar\u00e1 os cabelos da cabe\u00e7a de seu nazireado, e os por\u00e1 sobre o fogo que est\u00e1 debaixo do sacrif\u00edcio pac\u00edfico. <br><span><sup><b>19<\/b><\/sup><\/span> Depois tomar\u00e1 o sacerdote a coxa cozida do carneiro, e uma torta sem levedura do cesto, e uma massa sem levedura, e as por\u00e1 sobre as m\u00e3os do nazireu, depois que for estragado seu nazireado: <br><span><sup><b>20<\/b><\/sup><\/span> E o sacerdote mover\u00e1 aquilo, oferta movida diante do SENHOR; o qual ser\u00e1 coisa santa do sacerdote, a mais do peito movido e da coxa separada: e depois poder\u00e1 beber vinho o nazireu. <br><span><sup><b>21<\/b><\/sup><\/span> Esta \u00e9 a lei do nazireu que fizer voto de sua oferta ao SENHOR por seu nazireado, a mais do que sua m\u00e3o alcan\u00e7ar: segundo o voto que fizer, assim far\u00e1, conforme a lei de seu nazireado. <br><span><sup><b>22<\/b><\/sup><\/span> E o SENHOR falou a Mois\u00e9s, dizendo: <br><span><sup><b>23<\/b><\/sup><\/span> Fala a Ar\u00e3o e a seus filhos, e dize-lhes: Assim aben\u00e7oareis aos filhos de Israel, dizendo-lhes: <br><span><sup><b>24<\/b><\/sup><\/span> O SENHOR te aben\u00e7oe, e te guarde: <br><span><sup><b>25<\/b><\/sup><\/span> Fa\u00e7a resplandecer o SENHOR seu rosto sobre ti, e tenha de ti miseric\u00f3rdia: <br><span><sup><b>26<\/b><\/sup><\/span> O SENHOR levante a ti seu rosto, e ponha em ti paz. <br><span><sup><b>27<\/b><\/sup><\/span> E por\u00e3o meu nome sobre os filhos de Israel, e eu os aben\u00e7oarei.<\/span><\/p>\n\n\n\n<div class=\"wp-block-columns is-layout-flex wp-container-core-columns-is-layout-9d6595d7 wp-block-columns-is-layout-flex\">\n<div class=\"wp-block-column is-layout-flow wp-block-column-is-layout-flow\">\n<p><a href=\"\/numeros-5\" title=\"\">N\u00fameros 5<\/a><\/p>\n<\/div>\n\n\n\n<div class=\"wp-block-column is-layout-flow wp-block-column-is-layout-flow\">\n<p class=\"has-text-align-right\"><a href=\"\/numeros-7\" title=\"\">N\u00fameros 7<\/a><\/p>\n<\/div>\n<\/div>\n\n\n\n<h2 class=\"wp-block-heading\">Descri\u00e7\u00e3o &#8211; N\u00fameros 6<\/h2>\n\n\n\n<p class=\"has-medium-font-size\">N\u00fameros 6 apresenta as regras do voto de nazireu, um compromisso especial de consagra\u00e7\u00e3o a Deus, incluindo a proibi\u00e7\u00e3o de vinho, corte de cabelo e contato com impurezas. Esse voto poderia ser tempor\u00e1rio ou vital\u00edcio, como no caso de Sans\u00e3o. O cap\u00edtulo tamb\u00e9m traz a b\u00ean\u00e7\u00e3o sacerdotal dada por Aar\u00e3o, invocando a prote\u00e7\u00e3o, gra\u00e7a e paz divinas sobre Israel. No contexto do livro, essas instru\u00e7\u00f5es refor\u00e7am a santidade do povo e sua rela\u00e7\u00e3o com Deus durante a jornada no deserto. A b\u00ean\u00e7\u00e3o finaliza o cap\u00edtulo destacando a alian\u00e7a e o cuidado divino na caminhada rumo \u00e0 Terra Prometida.<\/p>\n\n\n\n<h3 class=\"wp-block-heading\">Livro dos N\u00fameros:<\/h3>\n\n\n\n\n\n<p><\/p>\n","protected":false},"excerpt":{"rendered":"<p>1 E falou o SENHOR a Mois\u00e9s, dizendo: 2 Fala aos filhos de Israel, e dize-lhes: O homem, ou a mulher, quando se separar fazendo voto de nazireu, para dedicar-se ao SENHOR, 3 Se abster\u00e1 de vinho e de bebida forte; vinagre de vinho, nem vinagre de bebida forte n\u00e3o beber\u00e1, nem beber\u00e1 algum licor &hellip; <\/p>\n","protected":false},"author":2,"featured_media":772,"parent":771,"menu_order":6,"comment_status":"closed","ping_status":"closed","template":"","meta":{"om_disable_all_campaigns":false,"_monsterinsights_skip_tracking":false,"_monsterinsights_sitenote_active":false,"_monsterinsights_sitenote_note":"","_monsterinsights_sitenote_category":0,"footnotes":""},"class_list":["post-785","page","type-page","status-publish","has-post-thumbnail","hentry"],"aioseo_notices":[],"_links":{"self":[{"href":"https:\/\/bibliapresente.com\/postagens\/wp-json\/wp\/v2\/pages\/785","targetHints":{"allow":["GET"]}}],"collection":[{"href":"https:\/\/bibliapresente.com\/postagens\/wp-json\/wp\/v2\/pages"}],"about":[{"href":"https:\/\/bibliapresente.com\/postagens\/wp-json\/wp\/v2\/types\/page"}],"author":[{"embeddable":true,"href":"https:\/\/bibliapresente.com\/postagens\/wp-json\/wp\/v2\/users\/2"}],"replies":[{"embeddable":true,"href":"https:\/\/bibliapresente.com\/postagens\/wp-json\/wp\/v2\/comments?post=785"}],"version-history":[{"count":5,"href":"https:\/\/bibliapresente.com\/postagens\/wp-json\/wp\/v2\/pages\/785\/revisions"}],"predecessor-version":[{"id":1442,"href":"https:\/\/bibliapresente.com\/postagens\/wp-json\/wp\/v2\/pages\/785\/revisions\/1442"}],"up":[{"embeddable":true,"href":"https:\/\/bibliapresente.com\/postagens\/wp-json\/wp\/v2\/pages\/771"}],"wp:featuredmedia":[{"embeddable":true,"href":"https:\/\/bibliapresente.com\/postagens\/wp-json\/wp\/v2\/media\/772"}],"wp:attachment":[{"href":"https:\/\/bibliapresente.com\/postagens\/wp-json\/wp\/v2\/media?parent=785"}],"curies":[{"name":"wp","href":"https:\/\/api.w.org\/{rel}","templated":true}]}}