{"id":783,"date":"2025-02-04T16:39:51","date_gmt":"2025-02-04T19:39:51","guid":{"rendered":"https:\/\/bibliapresente.com\/postagens\/?page_id=783"},"modified":"2025-02-04T16:39:52","modified_gmt":"2025-02-04T19:39:52","slug":"numeros-5","status":"publish","type":"page","link":"https:\/\/bibliapresente.com\/postagens\/livros-da-biblia\/numeros\/numeros-5\/","title":{"rendered":"N\u00fameros 5 &#8211; Leis sobre Pureza"},"content":{"rendered":"\n<p class=\"has-medium-font-size\" style=\"letter-spacing:1px\"><span><span><sup><b>1<\/b><\/sup><\/span> E o SENHOR falou a Mois\u00e9s, dizendo: <br><span><sup><b>2<\/b><\/sup><\/span> Manda aos filhos de Israel que expulsem do acampamento a todo leproso, e a todos os que sofrem de corrimento, e a todo contaminado sobre morto: <br><span><sup><b>3<\/b><\/sup><\/span> Tanto homens como mulheres lan\u00e7areis, fora do acampamento os expulsareis; para que n\u00e3o contaminem o acampamento daqueles entre os quais eu habito. <br><span><sup><b>4<\/b><\/sup><\/span> E fizeram-no assim os filhos de Israel, que os lan\u00e7aram fora do acampamento: como o SENHOR disse a Mois\u00e9s, assim o fizeram os filhos de Israel. <br><span><sup><b>5<\/b><\/sup><\/span> Tamb\u00e9m falou o SENHOR a Mois\u00e9s, dizendo: <br><span><sup><b>6<\/b><\/sup><\/span> Fala aos filhos de Israel: O homem ou a mulher que cometer algum de todos os pecados dos homens, fazendo transgress\u00e3o contra o SENHOR, e transgredir aquela pessoa; <br><span><sup><b>7<\/b><\/sup><\/span> Confessar\u00e3o seu pecado que cometeram, e compensar\u00e3o sua ofensa inteiramente, e acrescentar\u00e3o seu quinto sobre ele, e o dar\u00e3o a aquele contra quem pecaram. <br><span><sup><b>8<\/b><\/sup><\/span> E se aquele homem n\u00e3o tiver parente ao qual seja ressarcida a ofensa, se dar\u00e1 a indeniza\u00e7\u00e3o da injusti\u00e7a ao SENHOR, ao sacerdote, a mais do carneiro das expia\u00e7\u00f5es, com o qual far\u00e1 expia\u00e7\u00e3o por ele. <br><span><sup><b>9<\/b><\/sup><\/span> E toda oferta de todas as coisas santas que os filhos de Israel apresentarem ao sacerdote, sua ser\u00e1. <br><span><sup><b>10<\/b><\/sup><\/span> E o santificado de qualquer um ser\u00e1 seu: tamb\u00e9m o que qualquer um der ao sacerdote, seu ser\u00e1. <br><span><sup><b>11<\/b><\/sup><\/span> E o SENHOR falou a Mois\u00e9s, dizendo: <br><span><sup><b>12<\/b><\/sup><\/span> Fala aos filhos de Israel, e dize-lhes: Quando a mulher de algu\u00e9m se desviar, e fizer trai\u00e7\u00e3o contra ele, <br><span><sup><b>13<\/b><\/sup><\/span> Que algu\u00e9m se houver deitado com ela em carnal ajuntamento, e seu marido n\u00e3o o houvesse visto por haver-se ela contaminado ocultamente, nem houver testemunha contra ela, nem ela houver sido pega no ato; <br><span><sup><b>14<\/b><\/sup><\/span> Se vier sobre ele esp\u00edrito de ci\u00fame, e tiver ci\u00fames de sua mulher, havendo-se ela contaminado; ou vier sobre ele esp\u00edrito de ci\u00fame, e tiver ci\u00fames de sua mulher, n\u00e3o havendo ela se contaminado; <br><span><sup><b>15<\/b><\/sup><\/span> Ent\u00e3o o marido trar\u00e1 sua mulher ao sacerdote, e trar\u00e1 sua oferta com ela, a d\u00edzima de um efa de farinha de cevada; n\u00e3o lan\u00e7ar\u00e1 sobre ela azeite, nem por\u00e1 sobre ela incenso: porque \u00e9 presente de ci\u00fames, presente de recorda\u00e7\u00e3o, que traz o pecado em mem\u00f3ria. <br><span><sup><b>16<\/b><\/sup><\/span> E o sacerdote a far\u00e1 aproximar, e a far\u00e1 p\u00f4r diante do SENHOR. <br><span><sup><b>17<\/b><\/sup><\/span> Logo tomar\u00e1 o sacerdote da \u00e1gua santa em um vaso de barro: tomar\u00e1 tamb\u00e9m o sacerdote do p\u00f3 que houver no ch\u00e3o do tabern\u00e1culo, e o lan\u00e7ar\u00e1 na \u00e1gua. <br><span><sup><b>18<\/b><\/sup><\/span> E far\u00e1 o sacerdote estar em p\u00e9 \u00e0 mulher diante do SENHOR, e descobrir\u00e1 a cabe\u00e7a da mulher, e por\u00e1 sobre suas m\u00e3os o presente da recorda\u00e7\u00e3o, que \u00e9 o presente de ci\u00fames: e o sacerdote ter\u00e1 na m\u00e3o as \u00e1guas amargas que trazem maldi\u00e7\u00e3o. <br><span><sup><b>19<\/b><\/sup><\/span> E o sacerdote a far\u00e1 jurar, e lhe dir\u00e1: Se ningu\u00e9m houver dormido contigo, e se n\u00e3o te afastaste de teu marido \u00e0 imund\u00edcia, livre sejas destas \u00e1guas amargas que trazem maldi\u00e7\u00e3o: <br><span><sup><b>20<\/b><\/sup><\/span> Mas se te desviaste de teu marido, e te contaminaste, e algu\u00e9m houver tido rela\u00e7\u00e3o contigo, fora de teu marido: <br><span><sup><b>21<\/b><\/sup><\/span> (O sacerdote far\u00e1 jurar \u00e0 mulher com juramento de maldi\u00e7\u00e3o, e dir\u00e1 \u00e0 mulher): O SENHOR te d\u00ea em maldi\u00e7\u00e3o e em conspira\u00e7\u00e3o em meio de teu povo, fazendo o SENHOR a tua coxa que caia, e a teu ventre que se te inche; <br><span><sup><b>22<\/b><\/sup><\/span> E estas \u00e1guas que d\u00e3o maldi\u00e7\u00e3o entrem em tuas entranhas, e fa\u00e7am inchar teu ventre, e cair tua coxa. E a mulher dir\u00e1: Am\u00e9m, Am\u00e9m. <br><span><sup><b>23<\/b><\/sup><\/span> E o sacerdote escrever\u00e1 estas maldi\u00e7\u00f5es em um livro, e as apagar\u00e1 com as \u00e1guas amargas: <br><span><sup><b>24<\/b><\/sup><\/span> E dar\u00e1 a beber \u00e0 mulher as \u00e1guas amargas que trazem maldi\u00e7\u00e3o; e as \u00e1guas que operam maldi\u00e7\u00e3o entrar\u00e3o nela por amargas. <br><span><sup><b>25<\/b><\/sup><\/span> Depois tomar\u00e1 o sacerdote da m\u00e3o da mulher o presente dos ci\u00fames, e o mover\u00e1 diante do SENHOR, e o oferecer\u00e1 diante do altar: <br><span><sup><b>26<\/b><\/sup><\/span> E tomar\u00e1 o sacerdote um punhado do presente, em mem\u00f3ria dela, e o queimar\u00e1 sobre o altar, e depois dar\u00e1 a beber as \u00e1guas \u00e0 mulher. <br><span><sup><b>27<\/b><\/sup><\/span> Dar\u00e1 a ela pois a beber as \u00e1guas; e ser\u00e1, que se for imunda e houver feito trai\u00e7\u00e3o contra seu marido, as \u00e1guas que operam maldi\u00e7\u00e3o entrar\u00e3o nela em amargura, e seu ventre se inchar\u00e1, e cair\u00e1 sua coxa; e a mulher ser\u00e1 por maldi\u00e7\u00e3o em meio de seu povo. <br><span><sup><b>28<\/b><\/sup><\/span> Mas se a mulher n\u00e3o for imunda, mas sim que estiver limpa, ela ser\u00e1 livre, e ser\u00e1 f\u00e9rtil. <br><span><sup><b>29<\/b><\/sup><\/span> Esta \u00e9 a lei dos ci\u00fames, quando a mulher fizer trai\u00e7\u00e3o a seu marido, e se contaminar; <br><span><sup><b>30<\/b><\/sup><\/span> Ou do marido, sobre o qual passar esp\u00edrito de ci\u00fame, e tiver ci\u00fames de sua mulher: ele a apresentar\u00e1 ent\u00e3o diante do SENHOR, e o sacerdote executar\u00e1 nela toda esta lei. <br><span><sup><b>31<\/b><\/sup><\/span> E aquele homem ser\u00e1 livre de iniquidade, e a mulher levar\u00e1 seu pecado.<\/span><\/p>\n\n\n\n<div class=\"wp-block-columns is-layout-flex wp-container-core-columns-is-layout-9d6595d7 wp-block-columns-is-layout-flex\">\n<div class=\"wp-block-column is-layout-flow wp-block-column-is-layout-flow\">\n<p><a href=\"\/numeros-4\" title=\"\">N\u00fameros 4<\/a><\/p>\n<\/div>\n\n\n\n<div class=\"wp-block-column is-layout-flow wp-block-column-is-layout-flow\">\n<p class=\"has-text-align-right\"><a href=\"\/numeros-6\" title=\"\">N\u00fameros 6<\/a><\/p>\n<\/div>\n<\/div>\n\n\n\n<h2 class=\"wp-block-heading\">Descri\u00e7\u00e3o &#8211; N\u00fameros 5<\/h2>\n\n\n\n<p class=\"has-medium-font-size\">N\u00fameros 5 apresenta leis sobre a pureza no acampamento de Israel, exigindo a remo\u00e7\u00e3o de pessoas impuras para preservar a santidade do povo. O cap\u00edtulo tamb\u00e9m trata da restitui\u00e7\u00e3o por pecados contra o pr\u00f3ximo e introduz o rito da \u00e1gua da amargura, um teste para mulheres suspeitas de adult\u00e9rio. Essas instru\u00e7\u00f5es refor\u00e7am a necessidade de obedi\u00eancia e santidade na jornada pelo deserto. No contexto do livro, a organiza\u00e7\u00e3o social e religiosa assegura que Israel permane\u00e7a puro diante de Deus, preparando o povo para a vida na Terra Prometida sob a alian\u00e7a divina e a lideran\u00e7a de Mois\u00e9s.<\/p>\n\n\n\n<h3 class=\"wp-block-heading\">Livro dos N\u00fameros:<\/h3>\n\n\n\n\n\n<p><\/p>\n","protected":false},"excerpt":{"rendered":"<p>1 E o SENHOR falou a Mois\u00e9s, dizendo: 2 Manda aos filhos de Israel que expulsem do acampamento a todo leproso, e a todos os que sofrem de corrimento, e a todo contaminado sobre morto: 3 Tanto homens como mulheres lan\u00e7areis, fora do acampamento os expulsareis; para que n\u00e3o contaminem o acampamento daqueles entre os &hellip; <\/p>\n","protected":false},"author":2,"featured_media":772,"parent":771,"menu_order":5,"comment_status":"closed","ping_status":"closed","template":"","meta":{"om_disable_all_campaigns":false,"_monsterinsights_skip_tracking":false,"_monsterinsights_sitenote_active":false,"_monsterinsights_sitenote_note":"","_monsterinsights_sitenote_category":0,"footnotes":""},"class_list":["post-783","page","type-page","status-publish","has-post-thumbnail","hentry"],"aioseo_notices":[],"_links":{"self":[{"href":"https:\/\/bibliapresente.com\/postagens\/wp-json\/wp\/v2\/pages\/783","targetHints":{"allow":["GET"]}}],"collection":[{"href":"https:\/\/bibliapresente.com\/postagens\/wp-json\/wp\/v2\/pages"}],"about":[{"href":"https:\/\/bibliapresente.com\/postagens\/wp-json\/wp\/v2\/types\/page"}],"author":[{"embeddable":true,"href":"https:\/\/bibliapresente.com\/postagens\/wp-json\/wp\/v2\/users\/2"}],"replies":[{"embeddable":true,"href":"https:\/\/bibliapresente.com\/postagens\/wp-json\/wp\/v2\/comments?post=783"}],"version-history":[{"count":5,"href":"https:\/\/bibliapresente.com\/postagens\/wp-json\/wp\/v2\/pages\/783\/revisions"}],"predecessor-version":[{"id":1441,"href":"https:\/\/bibliapresente.com\/postagens\/wp-json\/wp\/v2\/pages\/783\/revisions\/1441"}],"up":[{"embeddable":true,"href":"https:\/\/bibliapresente.com\/postagens\/wp-json\/wp\/v2\/pages\/771"}],"wp:featuredmedia":[{"embeddable":true,"href":"https:\/\/bibliapresente.com\/postagens\/wp-json\/wp\/v2\/media\/772"}],"wp:attachment":[{"href":"https:\/\/bibliapresente.com\/postagens\/wp-json\/wp\/v2\/media?parent=783"}],"curies":[{"name":"wp","href":"https:\/\/api.w.org\/{rel}","templated":true}]}}