{"id":781,"date":"2025-02-04T16:39:00","date_gmt":"2025-02-04T19:39:00","guid":{"rendered":"https:\/\/bibliapresente.com\/postagens\/?page_id=781"},"modified":"2025-02-04T16:39:00","modified_gmt":"2025-02-04T19:39:00","slug":"numeros-4","status":"publish","type":"page","link":"https:\/\/bibliapresente.com\/postagens\/livros-da-biblia\/numeros\/numeros-4\/","title":{"rendered":"N\u00fameros 4 &#8211; Deveres das Fam\u00edlias Lev\u00edticas"},"content":{"rendered":"\n<p class=\"has-medium-font-size\" style=\"letter-spacing:1px\"><span><span><sup><b>1<\/b><\/sup><\/span> E falou o SENHOR a Mois\u00e9s e a Ar\u00e3o, dizendo: <br><span><sup><b>2<\/b><\/sup><\/span> Toma a conta dos filhos de Coate dentre os filhos de Levi, por suas fam\u00edlias, pelas casas de seus pais, <br><span><sup><b>3<\/b><\/sup><\/span> De idade de trinta anos acima at\u00e9 cinquenta anos, todos os que entram em companhia, para fazer servi\u00e7o no tabern\u00e1culo do testemunho. <br><span><sup><b>4<\/b><\/sup><\/span> Este ser\u00e1 o of\u00edcio dos filhos de Coate no tabern\u00e1culo do testemunho, no lugar sant\u00edssimo: <br><span><sup><b>5<\/b><\/sup><\/span> Quando se houver de mudar o acampamento, vir\u00e3o Ar\u00e3o e seus filhos, e desarmar\u00e3o o v\u00e9u da tenda, e cobrir\u00e3o com ele a arca do testemunho: <br><span><sup><b>6<\/b><\/sup><\/span> E por\u00e3o sobre ela a coberta de peles finas, e estender\u00e3o encima o pano todo de azul, e lhe por\u00e3o suas varas. <br><span><sup><b>7<\/b><\/sup><\/span> E sobre a mesa da proposi\u00e7\u00e3o estender\u00e3o o pano azul, e por\u00e3o sobre ela os pratos, e as colheres, e os copos, e as ta\u00e7as para fazer liba\u00e7\u00f5es: e o p\u00e3o cont\u00ednuo estar\u00e1 sobre ela. <br><span><sup><b>8<\/b><\/sup><\/span> E estender\u00e3o sobre ela o pano de carmesim colorido, e o cobrir\u00e3o com a coberta de peles finas; e lhe por\u00e3o suas varas. <br><span><sup><b>9<\/b><\/sup><\/span> E tomar\u00e3o um pano azul, e cobrir\u00e3o o candelabro da lumin\u00e1ria; e suas l\u00e2mpadas, e suas tenazes, e seus apagadores, e todos os seus vasos do azeite com que se serve; <br><span><sup><b>10<\/b><\/sup><\/span> E o por\u00e3o com todos os seus utens\u00edlios em uma coberta de peles finos, e o colocar\u00e3o sobre umas arma\u00e7\u00f5es. <br><span><sup><b>11<\/b><\/sup><\/span> E sobre o altar de ouro estender\u00e3o o pano azul, e lhe cobrir\u00e3o com a coberta de peles finas, e lhe por\u00e3o suas varas. <br><span><sup><b>12<\/b><\/sup><\/span> E tomar\u00e3o todos os vasos do servi\u00e7o, de que fazem uso no santu\u00e1rio, e os por\u00e3o em um pano azul, e os cobrir\u00e3o com uma coberta de peles finas, e os colocar\u00e3o sobre umas arma\u00e7\u00f5es. <br><span><sup><b>13<\/b><\/sup><\/span> E tirar\u00e3o a cinza do altar, e estender\u00e3o sobre ele um pano de p\u00farpura: <br><span><sup><b>14<\/b><\/sup><\/span> E por\u00e3o sobre ele todos os seus instrumentos de que se serve: as p\u00e1s, os garfos, os braseiros, e as ta\u00e7as, todos os utens\u00edlios do altar; e estender\u00e3o sobre ele o propiciat\u00f3rio de peles finas, e lhe por\u00e3o tamb\u00e9m as varas. <br><span><sup><b>15<\/b><\/sup><\/span> E em acabando Ar\u00e3o e seus filhos de cobrir o santu\u00e1rio e todos os vasos do santu\u00e1rio, quando o acampamento se houver de mudar, vir\u00e3o depois disso os filhos de Coate para conduzir: mas n\u00e3o tocar\u00e3o coisa santa, que morrer\u00e3o. Estas ser\u00e3o as cargas dos filhos de Coate no tabern\u00e1culo do testemunho. <br><span><sup><b>16<\/b><\/sup><\/span> Por\u00e9m ao cargo de Eleazar, filho de Ar\u00e3o o sacerdote, estar\u00e1 o azeite da lumin\u00e1ria, e o incenso arom\u00e1tico, e a oferta de cereais cont\u00ednua, e o azeite da un\u00e7\u00e3o; o cargo de todo o tabern\u00e1culo, e de tudo o que est\u00e1 nele, no santu\u00e1rio, e em seus utens\u00edlios. <br><span><sup><b>17<\/b><\/sup><\/span> E falou o SENHOR a Mois\u00e9s e a Ar\u00e3o, dizendo: <br><span><sup><b>18<\/b><\/sup><\/span> N\u00e3o cortareis a tribo das fam\u00edlias de Coate dentre os levitas; <br><span><sup><b>19<\/b><\/sup><\/span> Mas isto fareis com eles, para que vivam, e n\u00e3o morram quando achegarem ao lugar sant\u00edssimo: Ar\u00e3o e seus filhos vir\u00e3o e os por\u00e3o a cada um em seu of\u00edcio, e em seu cargo. <br><span><sup><b>20<\/b><\/sup><\/span> N\u00e3o entrar\u00e3o para ver, quando cobrirem as coisas santas; que morrer\u00e3o. <br><span><sup><b>21<\/b><\/sup><\/span> E falou o SENHOR a Mois\u00e9s dizendo: <br><span><sup><b>22<\/b><\/sup><\/span> Toma tamb\u00e9m a conta dos filhos de G\u00e9rson pelas casas de seus pais, por suas fam\u00edlias. <br><span><sup><b>23<\/b><\/sup><\/span> De idade de trinta anos acima at\u00e9 cinquenta anos os contar\u00e1s; todos os que entram em companhia, para fazer servi\u00e7o no tabern\u00e1culo do testemunho. <br><span><sup><b>24<\/b><\/sup><\/span> Este ser\u00e1 o of\u00edcio das fam\u00edlias de G\u00e9rson, para ministrar e para levar: <br><span><sup><b>25<\/b><\/sup><\/span> Levar\u00e3o as cortinas do tabern\u00e1culo, e o tabern\u00e1culo do testemunho, sua coberta, e a coberta de peles finas que est\u00e1 sobre ele encima, e a cortina da porta do tabern\u00e1culo do testemunho, <br><span><sup><b>26<\/b><\/sup><\/span> E as cortinas do \u00e1trio, e a cortina da porta do \u00e1trio, que est\u00e1 pr\u00f3xima do tabern\u00e1culo e pr\u00f3xima do altar ao redor, e suas cordas, e todos os instrumentos de seu servi\u00e7o, e tudo o que ser\u00e1 feito para eles: assim servir\u00e3o. <br><span><sup><b>27<\/b><\/sup><\/span> Segundo a ordem de Ar\u00e3o e de seus filhos ser\u00e1 todo o minist\u00e9rio dos filhos de G\u00e9rson em todos os seus cargas, e em todo o seu servi\u00e7o: e lhes atribuireis em responsabilidade todas as suas cargas. <br><span><sup><b>28<\/b><\/sup><\/span> Este \u00e9 o servi\u00e7o das fam\u00edlias dos filhos de G\u00e9rson no tabern\u00e1culo do testemunho: e a responsabilidade deles estar\u00e1 sob a m\u00e3o de Itamar, filho de Ar\u00e3o o sacerdote. <br><span><sup><b>29<\/b><\/sup><\/span> Contar\u00e1s os filhos de Merari por suas fam\u00edlias, pelas casas de seus pais. <br><span><sup><b>30<\/b><\/sup><\/span> Desde o de idade de trinta anos acima at\u00e9 o de cinquenta anos, os contar\u00e1s; todos os que entram em companhia, para fazer servi\u00e7o no tabern\u00e1culo do testemunho. <br><span><sup><b>31<\/b><\/sup><\/span> E este ser\u00e1 o dever de seu cargo para todo seu servi\u00e7o no tabern\u00e1culo do testemunho: as t\u00e1buas do tabern\u00e1culo, e suas barras, e suas colunas, e suas bases, <br><span><sup><b>32<\/b><\/sup><\/span> E as colunas do \u00e1trio ao redor, e suas bases, e suas estacas, e suas cordas com todos os seus instrumentos, e todo seu servi\u00e7o; e contareis por seus nomes todos os vasos da guarda de seu cargo. <br><span><sup><b>33<\/b><\/sup><\/span> Este ser\u00e1 o servi\u00e7o das fam\u00edlias dos filhos de Merari para todo seu minist\u00e9rio no tabern\u00e1culo do testemunho, sob a m\u00e3o de Itamar, filho de Ar\u00e3o o sacerdote. <br><span><sup><b>34<\/b><\/sup><\/span> Mois\u00e9s, pois, e Ar\u00e3o, e os chefes da congrega\u00e7\u00e3o, contaram os filhos de Coate por suas fam\u00edlias, e pelas casas de seus pais, <br><span><sup><b>35<\/b><\/sup><\/span> Desde o de idade de trinta anos acima at\u00e9 o de idade de cinquenta anos; todos os que entram em companhia, para ministrar no tabern\u00e1culo do testemunho. <br><span><sup><b>36<\/b><\/sup><\/span> E foram os contados deles por suas fam\u00edlias, dois mil setecentos e cinquenta. <br><span><sup><b>37<\/b><\/sup><\/span> Estes foram os contados das fam\u00edlias de Coate, todos os que ministram no tabern\u00e1culo do testemunho, os quais contaram Mois\u00e9s e Ar\u00e3o, como o mandou o SENHOR por meio de Mois\u00e9s. <br><span><sup><b>38<\/b><\/sup><\/span> E os contados dos filhos de G\u00e9rson, por suas fam\u00edlias, e pelas casas de seus pais, <br><span><sup><b>39<\/b><\/sup><\/span> Desde o de idade de trinta anos acima at\u00e9 o de idade de cinquenta anos, todos os que entram em companhia, para ministrar no tabern\u00e1culo do testemunho; <br><span><sup><b>40<\/b><\/sup><\/span> Os contados deles por suas fam\u00edlias, pelas casas de seus pais, foram dois mil seiscentos e trinta. <br><span><sup><b>41<\/b><\/sup><\/span> Estes s\u00e3o os contados das fam\u00edlias dos filhos de G\u00e9rson, todos os que ministram no tabern\u00e1culo do testemunho, os quais contaram Mois\u00e9s e Ar\u00e3o por ordem do SENHOR. <br><span><sup><b>42<\/b><\/sup><\/span> E os contados das fam\u00edlias dos filhos de Merari, por suas fam\u00edlias, pelas casas de seus pais, <br><span><sup><b>43<\/b><\/sup><\/span> Desde o de idade de trinta anos acima at\u00e9 o de idade de cinquenta anos, todos os que entram em companhia, para ministrar no tabern\u00e1culo do testemunho; <br><span><sup><b>44<\/b><\/sup><\/span> Os contados deles, por suas fam\u00edlias, foram tr\u00eas mil e duzentos. <br><span><sup><b>45<\/b><\/sup><\/span> Estes foram os contados das fam\u00edlias dos filhos de Merari, os quais contaram Mois\u00e9s e Ar\u00e3o, segundo o mandou o SENHOR por meio de Mois\u00e9s. <br><span><sup><b>46<\/b><\/sup><\/span> Todos os contados dos levitas, que Mois\u00e9s e Ar\u00e3o e os chefes de Israel contaram por suas fam\u00edlias, e pelas casas de seus pais, <br><span><sup><b>47<\/b><\/sup><\/span> Desde o de idade de trinta anos acima at\u00e9 o de idade de cinquenta anos, todos os que entravam para ministrar no servi\u00e7o, e ter cargo de obra no tabern\u00e1culo do testemunho; <br><span><sup><b>48<\/b><\/sup><\/span> Os contados deles foram oito mil quinhentos e oitenta, <br><span><sup><b>49<\/b><\/sup><\/span> Como o mandou o SENHOR por meio de Mois\u00e9s foram contados, cada um segundo seu of\u00edcio, e segundo seu cargo; os quais contou ele, como lhe foi mandado.<\/span><\/p>\n\n\n\n<div class=\"wp-block-columns is-layout-flex wp-container-core-columns-is-layout-9d6595d7 wp-block-columns-is-layout-flex\">\n<div class=\"wp-block-column is-layout-flow wp-block-column-is-layout-flow\">\n<p><a href=\"\/numeros-3\" title=\"\">N\u00fameros 3<\/a><\/p>\n<\/div>\n\n\n\n<div class=\"wp-block-column is-layout-flow wp-block-column-is-layout-flow\">\n<p class=\"has-text-align-right\"><a href=\"\/numeros-5\" title=\"\">N\u00fameros 5<\/a><\/p>\n<\/div>\n<\/div>\n\n\n\n<h2 class=\"wp-block-heading\">Descri\u00e7\u00e3o &#8211; N\u00fameros 4<\/h2>\n\n\n\n<p class=\"has-medium-font-size\">N\u00fameros 4 descreve a designa\u00e7\u00e3o dos levitas para o transporte do Tabern\u00e1culo, especificando suas fun\u00e7\u00f5es conforme as fam\u00edlias de Coate, G\u00e9rson e Merari. Os coatitas s\u00e3o respons\u00e1veis pelos utens\u00edlios sagrados, enquanto os gersonitas e meraritas transportam cortinas, t\u00e1buas e outras estruturas. Apenas Aar\u00e3o e seus filhos podem cobrir os objetos santos antes de serem movidos. Esse cap\u00edtulo refor\u00e7a a organiza\u00e7\u00e3o do servi\u00e7o lev\u00edtico e a santidade do Tabern\u00e1culo. No contexto do livro, a prepara\u00e7\u00e3o para a jornada no deserto exige disciplina e obedi\u00eancia, assegurando que a presen\u00e7a de Deus acompanhe Israel rumo \u00e0 Terra Prometida.<\/p>\n\n\n\n<h3 class=\"wp-block-heading\">Livro dos N\u00fameros:<\/h3>\n\n\n\n\n\n<p><\/p>\n","protected":false},"excerpt":{"rendered":"<p>1 E falou o SENHOR a Mois\u00e9s e a Ar\u00e3o, dizendo: 2 Toma a conta dos filhos de Coate dentre os filhos de Levi, por suas fam\u00edlias, pelas casas de seus pais, 3 De idade de trinta anos acima at\u00e9 cinquenta anos, todos os que entram em companhia, para fazer servi\u00e7o no tabern\u00e1culo do testemunho. &hellip; <\/p>\n","protected":false},"author":2,"featured_media":772,"parent":771,"menu_order":4,"comment_status":"closed","ping_status":"closed","template":"","meta":{"om_disable_all_campaigns":false,"_monsterinsights_skip_tracking":false,"_monsterinsights_sitenote_active":false,"_monsterinsights_sitenote_note":"","_monsterinsights_sitenote_category":0,"footnotes":""},"class_list":["post-781","page","type-page","status-publish","has-post-thumbnail","hentry"],"aioseo_notices":[],"_links":{"self":[{"href":"https:\/\/bibliapresente.com\/postagens\/wp-json\/wp\/v2\/pages\/781","targetHints":{"allow":["GET"]}}],"collection":[{"href":"https:\/\/bibliapresente.com\/postagens\/wp-json\/wp\/v2\/pages"}],"about":[{"href":"https:\/\/bibliapresente.com\/postagens\/wp-json\/wp\/v2\/types\/page"}],"author":[{"embeddable":true,"href":"https:\/\/bibliapresente.com\/postagens\/wp-json\/wp\/v2\/users\/2"}],"replies":[{"embeddable":true,"href":"https:\/\/bibliapresente.com\/postagens\/wp-json\/wp\/v2\/comments?post=781"}],"version-history":[{"count":5,"href":"https:\/\/bibliapresente.com\/postagens\/wp-json\/wp\/v2\/pages\/781\/revisions"}],"predecessor-version":[{"id":1440,"href":"https:\/\/bibliapresente.com\/postagens\/wp-json\/wp\/v2\/pages\/781\/revisions\/1440"}],"up":[{"embeddable":true,"href":"https:\/\/bibliapresente.com\/postagens\/wp-json\/wp\/v2\/pages\/771"}],"wp:featuredmedia":[{"embeddable":true,"href":"https:\/\/bibliapresente.com\/postagens\/wp-json\/wp\/v2\/media\/772"}],"wp:attachment":[{"href":"https:\/\/bibliapresente.com\/postagens\/wp-json\/wp\/v2\/media?parent=781"}],"curies":[{"name":"wp","href":"https:\/\/api.w.org\/{rel}","templated":true}]}}