{"id":779,"date":"2025-02-04T16:38:06","date_gmt":"2025-02-04T19:38:06","guid":{"rendered":"https:\/\/bibliapresente.com\/postagens\/?page_id=779"},"modified":"2025-02-04T16:38:06","modified_gmt":"2025-02-04T19:38:06","slug":"numeros-3","status":"publish","type":"page","link":"https:\/\/bibliapresente.com\/postagens\/livros-da-biblia\/numeros\/numeros-3\/","title":{"rendered":"N\u00fameros 3 &#8211; Os Levitas e Suas Fun\u00e7\u00f5es"},"content":{"rendered":"\n<p class=\"has-medium-font-size\" style=\"letter-spacing:1px\"><span><span><sup><b>1<\/b><\/sup><\/span> E estas s\u00e3o as gera\u00e7\u00f5es de Ar\u00e3o e de Mois\u00e9s, desde que o SENHOR falou a Mois\u00e9s no monte Sinai. <br><span><sup><b>2<\/b><\/sup><\/span> E estes s\u00e3o os nomes dos filhos de Ar\u00e3o: Nadabe o primog\u00eanito, e Abi\u00fa, Eleazar, e Itamar. <br><span><sup><b>3<\/b><\/sup><\/span> Estes s\u00e3o os nomes dos filhos de Ar\u00e3o, sacerdotes ungidos; cujas m\u00e3os ele encheu para administrar o sacerd\u00f3cio. <br><span><sup><b>4<\/b><\/sup><\/span> Mas Nadabe e Abi\u00fa morreram diante do SENHOR, quando ofereceram fogo estranho diante do SENHOR, no deserto de Sinai: e n\u00e3o tiveram filhos: e Eleazar e Itamar exerceram o sacerd\u00f3cio diante de Ar\u00e3o seu pai. <br><span><sup><b>5<\/b><\/sup><\/span> E o SENHOR falou a Mois\u00e9s, dizendo: <br><span><sup><b>6<\/b><\/sup><\/span> Faze chegar \u00e0 tribo de Levi, e faze-a estar diante do sacerdote Ar\u00e3o, para que lhe ministrem; <br><span><sup><b>7<\/b><\/sup><\/span> E desempenhem seu cargo, e o cargo de toda a congrega\u00e7\u00e3o diante do tabern\u00e1culo do testemunho, para servir no minist\u00e9rio do tabern\u00e1culo; <br><span><sup><b>8<\/b><\/sup><\/span> E guardem todos os m\u00f3veis do tabern\u00e1culo do testemunho, e o encarregado a eles dos filhos de Israel, e ministrem no servi\u00e7o do tabern\u00e1culo. <br><span><sup><b>9<\/b><\/sup><\/span> E dar\u00e1s os levitas a Ar\u00e3o e a seus filhos: s\u00e3o inteiramente dados a eles dentre os filhos de Israel. <br><span><sup><b>10<\/b><\/sup><\/span> E constituir\u00e1s a Ar\u00e3o e a seus filhos, para que exer\u00e7am seu sacerd\u00f3cio: e o estranho que se chegar, morrer\u00e1. <br><span><sup><b>11<\/b><\/sup><\/span> E falou o SENHOR a Mois\u00e9s, dizendo: <br><span><sup><b>12<\/b><\/sup><\/span> E eis que eu tomei os levitas dentre os filhos de Israel em lugar de todos os primog\u00eanitos que abrem a madre entre os filhos de Israel; ser\u00e3o, pois, meus os levitas: <br><span><sup><b>13<\/b><\/sup><\/span> Porque meu \u00e9 todo primog\u00eanito; desde o dia que eu matei todos os primog\u00eanitos na terra do Egito, eu santifiquei a mim todos os primog\u00eanitos em Israel, tanto de homens como de animais; meus ser\u00e3o; Eu sou o SENHOR. <br><span><sup><b>14<\/b><\/sup><\/span> E o SENHOR falou a Mois\u00e9s no deserto de Sinai, dizendo: <br><span><sup><b>15<\/b><\/sup><\/span> Conta os filhos de Levi pelas casas de seus pais, por suas fam\u00edlias: contar\u00e1s todos os homens de um m\u00eas acima. <br><span><sup><b>16<\/b><\/sup><\/span> E Mois\u00e9s os contou conforme a palavra do SENHOR, como lhe foi mandado. <br><span><sup><b>17<\/b><\/sup><\/span> E os filhos de Levi foram estes por seus nomes: G\u00e9rson, e Coate, e Merari. <br><span><sup><b>18<\/b><\/sup><\/span> E os nomes dos filhos de G\u00e9rson, por suas fam\u00edlias, estes: Libni, e Simei. <br><span><sup><b>19<\/b><\/sup><\/span> E os filhos de Coate, por suas fam\u00edlias: Anr\u00e3o, e Izar, e Hebrom, e Uziel. <br><span><sup><b>20<\/b><\/sup><\/span> E os filhos de Merari, por suas fam\u00edlias: Mali, e Musi. Estas, as fam\u00edlias de Levi, pelas casas de seus pais. <br><span><sup><b>21<\/b><\/sup><\/span> De G\u00e9rson, a fam\u00edlia de Libni e a de Simei: estas s\u00e3o as fam\u00edlias de G\u00e9rson. <br><span><sup><b>22<\/b><\/sup><\/span> Os contados deles conforme a conta de todos os homens de um m\u00eas acima, os contados deles, sete mil e quinhentos. <br><span><sup><b>23<\/b><\/sup><\/span> As fam\u00edlias de G\u00e9rson assentar\u00e3o suas tendas \u00e0 retaguarda do tabern\u00e1culo, ao ocidente; <br><span><sup><b>24<\/b><\/sup><\/span> E o chefe da casa do pai dos gersonitas, Eliasafe filho de Lael. <br><span><sup><b>25<\/b><\/sup><\/span> A cargo dos filhos de G\u00e9rson, no tabern\u00e1culo do testemunho, estar\u00e1 o tabern\u00e1culo, e a tenda, e sua cobertura, e a cortina da porta do tabern\u00e1culo do testemunho, <br><span><sup><b>26<\/b><\/sup><\/span> E as cortinas do \u00e1trio, e a cortina da porta do \u00e1trio, que est\u00e1 junto ao tabern\u00e1culo e junto ao altar ao redor; tamb\u00e9m suas cordas para todo seu servi\u00e7o. <br><span><sup><b>27<\/b><\/sup><\/span> E de Coate, a fam\u00edlia dos anramitas, e a fam\u00edlia dos izaritas, e a fam\u00edlia dos hebronitas, e a fam\u00edlia dos uzielitas: estas s\u00e3o as fam\u00edlias coatitas. <br><span><sup><b>28<\/b><\/sup><\/span> Pela conta de todos os homens de um m\u00eas acima, eram oito mil e seiscentos, que tinham a guarda do santu\u00e1rio. <br><span><sup><b>29<\/b><\/sup><\/span> As fam\u00edlias dos filhos de Coate acampar\u00e3o ao lado do tabern\u00e1culo, ao sul; <br><span><sup><b>30<\/b><\/sup><\/span> E o chefe da casa do pai das fam\u00edlias de Coate, Elisaf\u00e3 filho de Uziel. <br><span><sup><b>31<\/b><\/sup><\/span> E a cargo deles estar\u00e1 a arca, e a mesa, e o candelabro, e os altares, e os utens\u00edlios do santu\u00e1rio com que ministram, e o v\u00e9u, com todo seu servi\u00e7o. <br><span><sup><b>32<\/b><\/sup><\/span> E o principal dos chefes dos levitas ser\u00e1 Eleazar, filho de Ar\u00e3o o sacerdote, supervisor dos que t\u00eam a guarda do santu\u00e1rio. <br><span><sup><b>33<\/b><\/sup><\/span> De Merari, a fam\u00edlia dos malitas e a fam\u00edlia dos musitas: estas s\u00e3o as fam\u00edlias de Merari. <br><span><sup><b>34<\/b><\/sup><\/span> E os contados deles conforme a conta de todos os homens de um m\u00eas acima, foram seis mil e duzentos. <br><span><sup><b>35<\/b><\/sup><\/span> E o chefe da casa do pai das fam\u00edlias de Merari, Zuriel filho de Abiail: acampar\u00e3o ao lado do tabern\u00e1culo, ao norte. <br><span><sup><b>36<\/b><\/sup><\/span> E a cargo dos filhos de Merari estar\u00e1 a cust\u00f3dia das t\u00e1buas do tabern\u00e1culo, e suas barras, e suas colunas, e suas bases, e todos os seus utens\u00edlios, com todo seu servi\u00e7o: <br><span><sup><b>37<\/b><\/sup><\/span> E as colunas em derredor do \u00e1trio, e suas bases, e suas estacas, e suas cordas. <br><span><sup><b>38<\/b><\/sup><\/span> E os que acampar\u00e3o diante do tabern\u00e1culo ao oriente, diante do tabern\u00e1culo do testemunho ao levante, ser\u00e3o Mois\u00e9s, e Ar\u00e3o e seus filhos, tendo a guarda do santu\u00e1rio em lugar dos filhos de Israel: e o estranho que se aproximar, morrer\u00e1. <br><span><sup><b>39<\/b><\/sup><\/span> Todos os contados dos levitas, que Mois\u00e9s e Ar\u00e3o conforme a palavra do SENHOR contaram por suas fam\u00edlias, todos os homens de um m\u00eas acima, foram vinte e dois mil. <br><span><sup><b>40<\/b><\/sup><\/span> E o SENHOR disse a Mois\u00e9s: Conta todos os primog\u00eanitos homens dos filhos de Israel de um m\u00eas acima, e toma a conta dos nomes deles. <br><span><sup><b>41<\/b><\/sup><\/span> E tomar\u00e1s os levitas para mim, eu o SENHOR, em lugar de todos os primog\u00eanitos dos filhos de Israel: e os animais dos levitas em lugar de todos os primog\u00eanitos dos animais dos filhos de Israel. <br><span><sup><b>42<\/b><\/sup><\/span> E contou Mois\u00e9s, como o SENHOR lhe mandou, todos os primog\u00eanitos dos filhos de Israel. <br><span><sup><b>43<\/b><\/sup><\/span> E todos os primog\u00eanitos homens, conforme a conta dos nomes, de um m\u00eas acima, os contados deles foram vinte e dois mil duzentos setenta e tr\u00eas. <br><span><sup><b>44<\/b><\/sup><\/span> E falou o SENHOR a Mois\u00e9s, dizendo: <br><span><sup><b>45<\/b><\/sup><\/span> Toma os levitas em lugar de todos os primog\u00eanitos dos filhos de Israel, e os animais dos levitas em lugar de seus animais; e os levitas ser\u00e3o meus: Eu sou o SENHOR. <br><span><sup><b>46<\/b><\/sup><\/span> E pelos resgates dos duzentos e setenta e tr\u00eas, que excedem aos levitas os primog\u00eanitos dos filhos de Israel; <br><span><sup><b>47<\/b><\/sup><\/span> Tomar\u00e1s cinco siclos por cabe\u00e7a; conforme o siclo do santu\u00e1rio tomar\u00e1s: o siclo tem vinte \u00f3bolos: <br><span><sup><b>48<\/b><\/sup><\/span> E dar\u00e1s a Ar\u00e3o e a seus filhos o dinheiro pelos resgates dos que deles sobram. <br><span><sup><b>49<\/b><\/sup><\/span> Tomou, pois, Mois\u00e9s o dinheiro do resgate dos que resultaram a mais dos resgatados pelos levitas: <br><span><sup><b>50<\/b><\/sup><\/span> E recebeu dos primog\u00eanitos dos filhos de Israel em dinheiro, mil trezentos sessenta e cinco siclos, conforme o siclo do santu\u00e1rio. <br><span><sup><b>51<\/b><\/sup><\/span> E Mois\u00e9s deu o dinheiro dos resgates a Ar\u00e3o e a seus filhos, conforme o dito do SENHOR, segundo que o SENHOR havia mandado a Mois\u00e9s.<\/span><\/p>\n\n\n\n<div class=\"wp-block-columns is-layout-flex wp-container-core-columns-is-layout-9d6595d7 wp-block-columns-is-layout-flex\">\n<div class=\"wp-block-column is-layout-flow wp-block-column-is-layout-flow\">\n<p><a href=\"\/numeros-2\" title=\"\">N\u00fameros 2<\/a><\/p>\n<\/div>\n\n\n\n<div class=\"wp-block-column is-layout-flow wp-block-column-is-layout-flow\">\n<p class=\"has-text-align-right\"><a href=\"\/numeros-4\" title=\"\">N\u00fameros 4<\/a><\/p>\n<\/div>\n<\/div>\n\n\n\n<h2 class=\"wp-block-heading\">Descri\u00e7\u00e3o &#8211; N\u00fameros 3<\/h2>\n\n\n\n<p class=\"has-medium-font-size\">N\u00fameros 3 detalha o papel dos levitas como guardi\u00f5es do Tabern\u00e1culo, substituindo os primog\u00eanitos de Israel no servi\u00e7o sagrado. O cap\u00edtulo apresenta o censo da tribo de Levi, dividida entre as fam\u00edlias de G\u00e9rson, Coate e Merari, cada uma com fun\u00e7\u00f5es espec\u00edficas no transporte e manuten\u00e7\u00e3o do santu\u00e1rio. Deus ordena que os levitas sejam separados para auxili\u00e1-los no culto e protegerem o Tabern\u00e1culo. No contexto do livro, essa organiza\u00e7\u00e3o refor\u00e7a a import\u00e2ncia da adora\u00e7\u00e3o e da obedi\u00eancia na caminhada rumo \u00e0 Terra Prometida, garantindo que a presen\u00e7a divina acompanhe Israel durante sua jornada pelo deserto.<\/p>\n\n\n\n<h3 class=\"wp-block-heading\">Livro dos N\u00fameros:<\/h3>\n\n\n\n\n\n<p><\/p>\n","protected":false},"excerpt":{"rendered":"<p>1 E estas s\u00e3o as gera\u00e7\u00f5es de Ar\u00e3o e de Mois\u00e9s, desde que o SENHOR falou a Mois\u00e9s no monte Sinai. 2 E estes s\u00e3o os nomes dos filhos de Ar\u00e3o: Nadabe o primog\u00eanito, e Abi\u00fa, Eleazar, e Itamar. 3 Estes s\u00e3o os nomes dos filhos de Ar\u00e3o, sacerdotes ungidos; cujas m\u00e3os ele encheu para &hellip; <\/p>\n","protected":false},"author":2,"featured_media":772,"parent":771,"menu_order":3,"comment_status":"closed","ping_status":"closed","template":"","meta":{"om_disable_all_campaigns":false,"_monsterinsights_skip_tracking":false,"_monsterinsights_sitenote_active":false,"_monsterinsights_sitenote_note":"","_monsterinsights_sitenote_category":0,"footnotes":""},"class_list":["post-779","page","type-page","status-publish","has-post-thumbnail","hentry"],"aioseo_notices":[],"_links":{"self":[{"href":"https:\/\/bibliapresente.com\/postagens\/wp-json\/wp\/v2\/pages\/779","targetHints":{"allow":["GET"]}}],"collection":[{"href":"https:\/\/bibliapresente.com\/postagens\/wp-json\/wp\/v2\/pages"}],"about":[{"href":"https:\/\/bibliapresente.com\/postagens\/wp-json\/wp\/v2\/types\/page"}],"author":[{"embeddable":true,"href":"https:\/\/bibliapresente.com\/postagens\/wp-json\/wp\/v2\/users\/2"}],"replies":[{"embeddable":true,"href":"https:\/\/bibliapresente.com\/postagens\/wp-json\/wp\/v2\/comments?post=779"}],"version-history":[{"count":7,"href":"https:\/\/bibliapresente.com\/postagens\/wp-json\/wp\/v2\/pages\/779\/revisions"}],"predecessor-version":[{"id":1439,"href":"https:\/\/bibliapresente.com\/postagens\/wp-json\/wp\/v2\/pages\/779\/revisions\/1439"}],"up":[{"embeddable":true,"href":"https:\/\/bibliapresente.com\/postagens\/wp-json\/wp\/v2\/pages\/771"}],"wp:featuredmedia":[{"embeddable":true,"href":"https:\/\/bibliapresente.com\/postagens\/wp-json\/wp\/v2\/media\/772"}],"wp:attachment":[{"href":"https:\/\/bibliapresente.com\/postagens\/wp-json\/wp\/v2\/media?parent=779"}],"curies":[{"name":"wp","href":"https:\/\/api.w.org\/{rel}","templated":true}]}}