{"id":775,"date":"2025-02-03T21:23:17","date_gmt":"2025-02-04T00:23:17","guid":{"rendered":"https:\/\/bibliapresente.com\/postagens\/?page_id=775"},"modified":"2025-02-04T16:35:05","modified_gmt":"2025-02-04T19:35:05","slug":"numeros-1","status":"publish","type":"page","link":"https:\/\/bibliapresente.com\/postagens\/livros-da-biblia\/numeros\/numeros-1\/","title":{"rendered":"N\u00fameros 1 &#8211; Censo das Tribos de Israel"},"content":{"rendered":"\n<p class=\"has-medium-font-size\" style=\"letter-spacing:1px\"><span><span><sup><b>1<\/b><\/sup><\/span> E falou o SENHOR a Mois\u00e9s no deserto de Sinai, no tabern\u00e1culo do testemunho, no primeiro dia do m\u00eas segundo, no segundo ano de sua sa\u00edda da terra do Egito, dizendo: <br><span><sup><b>2<\/b><\/sup><\/span> Tomai o censo de toda a congrega\u00e7\u00e3o dos filhos de Israel por suas fam\u00edlias, pelas casas de seus pais, com a conta dos nomes, todos os homens por suas cabe\u00e7as: <br><span><sup><b>3<\/b><\/sup><\/span> De vinte anos acima, todos os que podem sair \u00e0 guerra em Israel, os contareis tu e Ar\u00e3o por suas tropas. <br><span><sup><b>4<\/b><\/sup><\/span> E estar\u00e1 convosco um homem de cada tribo, cada um chefe da casa de seus pais. <br><span><sup><b>5<\/b><\/sup><\/span> E estes s\u00e3o os nomes dos homens que estar\u00e3o convosco: Da tribo de R\u00faben, Elizur filho de Sedeur. <br><span><sup><b>6<\/b><\/sup><\/span> De Sime\u00e3o, Selumiel filho de Zurisadai. <br><span><sup><b>7<\/b><\/sup><\/span> De Jud\u00e1, Naassom filho de Aminadabe. <br><span><sup><b>8<\/b><\/sup><\/span> De Issacar, Natanael filho de Zuar. <br><span><sup><b>9<\/b><\/sup><\/span> De Zebulom, Eliabe filho de Helom. <br><span><sup><b>10<\/b><\/sup><\/span> Dos filhos de Jos\u00e9: de Efraim, Elisama filho de Ami\u00fade; de Manass\u00e9s, Gamaliel filho de Pedazur. <br><span><sup><b>11<\/b><\/sup><\/span> De Benjamim, Abid\u00e3 filho de Gideoni. <br><span><sup><b>12<\/b><\/sup><\/span> De D\u00e3, Aiezer filho de Amisadai. <br><span><sup><b>13<\/b><\/sup><\/span> De Aser, Pagiel filho de Ocr\u00e3. <br><span><sup><b>14<\/b><\/sup><\/span> De Gade, Eliasafe filho de Deuel. <br><span><sup><b>15<\/b><\/sup><\/span> De Naftali, Aira filho de En\u00e3. <br><span><sup><b>16<\/b><\/sup><\/span> Estes foram os nomeados da congrega\u00e7\u00e3o, pr\u00edncipes das tribos de seus pais, capit\u00e3es dos milhares de Israel. <br><span><sup><b>17<\/b><\/sup><\/span> Tomou pois Mois\u00e9s e Ar\u00e3o a estes homens que foram declarados por seus nomes: <br><span><sup><b>18<\/b><\/sup><\/span> E juntaram toda a congrega\u00e7\u00e3o no primeiro dia do m\u00eas segundo, e foram reunidos suas linhagens, pelas casas de seus pais, segundo a conta dos nomes, de vinte anos acima, por suas cabe\u00e7as, <br><span><sup><b>19<\/b><\/sup><\/span> Como o SENHOR o havia mandado a Mois\u00e9s; e contou-os no deserto de Sinai. <br><span><sup><b>20<\/b><\/sup><\/span> E os filhos de R\u00faben, primog\u00eanito de Israel, por suas gera\u00e7\u00f5es, por suas fam\u00edlias, pelas casas de seus pais, conforme a conta dos nomes por suas cabe\u00e7as, todos os homens de vinte anos acima, todos os que podiam sair \u00e0 guerra; <br><span><sup><b>21<\/b><\/sup><\/span> Os contados deles, da tribo de R\u00faben, foram quarenta e seis mil e quinhentos. <br><span><sup><b>22<\/b><\/sup><\/span> Dos filhos de Sime\u00e3o, por suas gera\u00e7\u00f5es, por suas fam\u00edlias, pelas casas de seus pais, os contados deles conforme a conta dos nomes por suas cabe\u00e7as, todos os homens de vinte anos acima, todos os que podiam sair \u00e0 guerra; <br><span><sup><b>23<\/b><\/sup><\/span> Os contados deles, da tribo de Sime\u00e3o, cinquenta e nove mil e trezentos. <br><span><sup><b>24<\/b><\/sup><\/span> Dos filhos de Gade, por suas gera\u00e7\u00f5es, por suas fam\u00edlias, pelas casas de seus pais, conforme a conta dos nomes, de vinte anos acima, todos os que podiam sair \u00e0 guerra; <br><span><sup><b>25<\/b><\/sup><\/span> Os contados deles, da tribo de Gade, quarenta e cinco mil seiscentos e cinquenta. <br><span><sup><b>26<\/b><\/sup><\/span> Dos filhos de Jud\u00e1, por suas gera\u00e7\u00f5es, por suas fam\u00edlias, pelas casas de seus pais, conforme a conta dos nomes, de vinte anos acima, todos os que podiam sair \u00e0 guerra; <br><span><sup><b>27<\/b><\/sup><\/span> Os contados deles, da tribo de Jud\u00e1, setenta e quatro mil e seiscentos. <br><span><sup><b>28<\/b><\/sup><\/span> Dos filhos de Issacar, por suas gera\u00e7\u00f5es, por suas fam\u00edlias, pelas casas de seus pais, conforme a conta dos nomes, de vinte anos acima, todos os que podiam sair \u00e0 guerra; <br><span><sup><b>29<\/b><\/sup><\/span> Os contados deles, da tribo de Issacar, cinquenta e quatro mil e quatrocentos. <br><span><sup><b>30<\/b><\/sup><\/span> Dos filhos de Zebulom, por suas gera\u00e7\u00f5es, por suas fam\u00edlias, pelas casas de seus pais, conforme a conta de seus nomes, de vinte anos acima, todos os que podiam sair \u00e0 guerra; <br><span><sup><b>31<\/b><\/sup><\/span> Os contados deles, da tribo de Zebulom, cinquenta e sete mil e quatrocentos. <br><span><sup><b>32<\/b><\/sup><\/span> Dos filhos de Jos\u00e9: dos filhos de Efraim, por suas gera\u00e7\u00f5es, por suas fam\u00edlias, pelas casas de seus pais, conforme a conta dos nomes, de vinte anos acima, todos os que podiam sair \u00e0 guerra; <br><span><sup><b>33<\/b><\/sup><\/span> Os contados deles, da tribo de Efraim, quarenta mil e quinhentos. <br><span><sup><b>34<\/b><\/sup><\/span> Dos filhos de Manass\u00e9s, por suas gera\u00e7\u00f5es, por suas fam\u00edlias, pelas casas de seus pais, conforme a conta dos nomes, de vinte anos acima, todos os que podiam sair \u00e0 guerra; <br><span><sup><b>35<\/b><\/sup><\/span> Os contados deles, da tribo de Manass\u00e9s, trinta e dois mil e duzentos. <br><span><sup><b>36<\/b><\/sup><\/span> Dos filhos de Benjamim, por suas gera\u00e7\u00f5es, por suas fam\u00edlias, pelas casas de seus pais, conforme a conta dos nomes, de vinte anos acima, todos os que podiam sair \u00e0 guerra; <br><span><sup><b>37<\/b><\/sup><\/span> Os contados deles, da tribo de Benjamim, trinta e cinco mil e quatrocentos. <br><span><sup><b>38<\/b><\/sup><\/span> Dos filhos de D\u00e3, por suas gera\u00e7\u00f5es, por suas fam\u00edlias, pelas casas de seus pais, conforme a conta dos nomes, de vinte anos acima, todos os que podiam sair \u00e0 guerra; <br><span><sup><b>39<\/b><\/sup><\/span> Os contados deles, da tribo de D\u00e3, sessenta e dois mil e setecentos. <br><span><sup><b>40<\/b><\/sup><\/span> Dos filhos de Aser, por suas gera\u00e7\u00f5es, por suas fam\u00edlias, pelas casas de seus pais, conforme a conta dos nomes, de vinte anos acima, todos os que podiam sair \u00e0 guerra. <br><span><sup><b>41<\/b><\/sup><\/span> Os contados deles, da tribo de Aser, quarenta e um mil e quinhentos. <br><span><sup><b>42<\/b><\/sup><\/span> Dos filhos de Naftali, por suas gera\u00e7\u00f5es, por suas fam\u00edlias, pelas casas de seus pais, conforme a conta dos nomes, de vinte anos acima, todos os que podiam sair \u00e0 guerra; <br><span><sup><b>43<\/b><\/sup><\/span> Os contados deles, da tribo de Naftali, cinquenta e tr\u00eas mil e quatrocentos. <br><span><sup><b>44<\/b><\/sup><\/span> Estes foram os contados, os quais contaram Mois\u00e9s e Ar\u00e3o, com os pr\u00edncipes de Israel, que eram doze, um por cada casa de seus pais. <br><span><sup><b>45<\/b><\/sup><\/span> E foram todos os contados dos filhos de Israel pelas casas de seus pais, de vinte anos acima, todos os que podiam sair \u00e0 guerra em Israel; <br><span><sup><b>46<\/b><\/sup><\/span> Foram todos os contados seiscentos tr\u00eas mil quinhentos e cinquenta. <br><span><sup><b>47<\/b><\/sup><\/span> Por\u00e9m os levitas n\u00e3o foram contados entre eles segundo a tribo de seus pais. <br><span><sup><b>48<\/b><\/sup><\/span> Porque falou o SENHOR a Mois\u00e9s, dizendo: <br><span><sup><b>49<\/b><\/sup><\/span> Somente n\u00e3o contar\u00e1s a tribo de Levi, nem tomar\u00e1s a conta deles entre os filhos de Israel: <br><span><sup><b>50<\/b><\/sup><\/span> Mas tu por\u00e1s aos levitas no tabern\u00e1culo do testemunho, e sobre todos os seus utens\u00edlios, e sobre todas as coisas que lhe pertencem: eles levar\u00e3o o tabern\u00e1culo e todos os seus utens\u00edlios, e eles servir\u00e3o nele, e assentar\u00e3o suas tendas ao redor do tabern\u00e1culo. <br><span><sup><b>51<\/b><\/sup><\/span> E quando o tabern\u00e1culo partir, os levitas o desarmar\u00e3o; e quando o tabern\u00e1culo parar, os levitas o armar\u00e3o: e o estranho que se chegar, morrer\u00e1. <br><span><sup><b>52<\/b><\/sup><\/span> E os filhos de Israel assentar\u00e3o suas tendas cada um em seu esquadr\u00e3o, e cada um junto \u00e0 sua bandeira, por suas tropas; <br><span><sup><b>53<\/b><\/sup><\/span> Mas os levitas assentar\u00e3o as suas ao redor do tabern\u00e1culo do testemunho, e n\u00e3o haver\u00e1 ira sobre a congrega\u00e7\u00e3o dos filhos de Israel: e os levitas ter\u00e3o a guarda do tabern\u00e1culo do testemunho. <br><span><sup><b>54<\/b><\/sup><\/span> E fizeram os filhos de Israel conforme todas as coisas que mandou o SENHOR a Mois\u00e9s; assim o fizeram.<\/span><\/p>\n\n\n\n<div class=\"wp-block-columns is-layout-flex wp-container-core-columns-is-layout-9d6595d7 wp-block-columns-is-layout-flex\">\n<div class=\"wp-block-column is-layout-flow wp-block-column-is-layout-flow\">\n<p><a href=\"\/levitico-27\" title=\"\">Lev\u00edtico 27<\/a><\/p>\n<\/div>\n\n\n\n<div class=\"wp-block-column is-layout-flow wp-block-column-is-layout-flow\">\n<p class=\"has-text-align-right\"><a href=\"\/numeros-2\" title=\"\">N\u00fameros 2<\/a><\/p>\n<\/div>\n<\/div>\n\n\n\n<h2 class=\"wp-block-heading\">Descri\u00e7\u00e3o &#8211; N\u00fameros 1<\/h2>\n\n\n\n<p class=\"has-medium-font-size\">N\u00fameros 1 descreve o censo dos filhos de Israel no deserto do Sinai, conforme a ordem do Senhor a Mois\u00e9s. S\u00e3o contados os homens de vinte anos para cima, aptos para a guerra, organizados por tribos, enquanto os levitas s\u00e3o separados para o servi\u00e7o do Tabern\u00e1culo. Esse recenseamento marca o in\u00edcio da organiza\u00e7\u00e3o militar e social do povo antes da jornada rumo \u00e0 Terra Prometida. No contexto do livro, esse cap\u00edtulo enfatiza a import\u00e2ncia da obedi\u00eancia e da estrutura\u00e7\u00e3o da na\u00e7\u00e3o sob a lideran\u00e7a de Mois\u00e9s, preparando Israel para os desafios da caminhada no deserto sob a orienta\u00e7\u00e3o divina.<\/p>\n\n\n\n<h3 class=\"wp-block-heading\">Livro dos N\u00fameros:<\/h3>\n\n\n\n\n\n<p><\/p>\n","protected":false},"excerpt":{"rendered":"<p>1 E falou o SENHOR a Mois\u00e9s no deserto de Sinai, no tabern\u00e1culo do testemunho, no primeiro dia do m\u00eas segundo, no segundo ano de sua sa\u00edda da terra do Egito, dizendo: 2 Tomai o censo de toda a congrega\u00e7\u00e3o dos filhos de Israel por suas fam\u00edlias, pelas casas de seus pais, com a conta &hellip; <\/p>\n","protected":false},"author":2,"featured_media":772,"parent":771,"menu_order":1,"comment_status":"closed","ping_status":"closed","template":"","meta":{"om_disable_all_campaigns":false,"_monsterinsights_skip_tracking":false,"_monsterinsights_sitenote_active":false,"_monsterinsights_sitenote_note":"","_monsterinsights_sitenote_category":0,"footnotes":""},"class_list":["post-775","page","type-page","status-publish","has-post-thumbnail","hentry"],"aioseo_notices":[],"_links":{"self":[{"href":"https:\/\/bibliapresente.com\/postagens\/wp-json\/wp\/v2\/pages\/775","targetHints":{"allow":["GET"]}}],"collection":[{"href":"https:\/\/bibliapresente.com\/postagens\/wp-json\/wp\/v2\/pages"}],"about":[{"href":"https:\/\/bibliapresente.com\/postagens\/wp-json\/wp\/v2\/types\/page"}],"author":[{"embeddable":true,"href":"https:\/\/bibliapresente.com\/postagens\/wp-json\/wp\/v2\/users\/2"}],"replies":[{"embeddable":true,"href":"https:\/\/bibliapresente.com\/postagens\/wp-json\/wp\/v2\/comments?post=775"}],"version-history":[{"count":6,"href":"https:\/\/bibliapresente.com\/postagens\/wp-json\/wp\/v2\/pages\/775\/revisions"}],"predecessor-version":[{"id":1436,"href":"https:\/\/bibliapresente.com\/postagens\/wp-json\/wp\/v2\/pages\/775\/revisions\/1436"}],"up":[{"embeddable":true,"href":"https:\/\/bibliapresente.com\/postagens\/wp-json\/wp\/v2\/pages\/771"}],"wp:featuredmedia":[{"embeddable":true,"href":"https:\/\/bibliapresente.com\/postagens\/wp-json\/wp\/v2\/media\/772"}],"wp:attachment":[{"href":"https:\/\/bibliapresente.com\/postagens\/wp-json\/wp\/v2\/media?parent=775"}],"curies":[{"name":"wp","href":"https:\/\/api.w.org\/{rel}","templated":true}]}}