{"id":769,"date":"2025-02-03T18:12:24","date_gmt":"2025-02-03T21:12:24","guid":{"rendered":"https:\/\/bibliapresente.com\/postagens\/?page_id=769"},"modified":"2025-02-03T18:12:25","modified_gmt":"2025-02-03T21:12:25","slug":"levitico-27","status":"publish","type":"page","link":"https:\/\/bibliapresente.com\/postagens\/livros-da-biblia\/levitico\/levitico-27\/","title":{"rendered":"Lev\u00edtico 27 &#8211; Leis sobre Votos e D\u00edzimos"},"content":{"rendered":"\n<p class=\"has-medium-font-size\" style=\"letter-spacing:1px\"><span><span><sup><b>1<\/b><\/sup><\/span> E falou o SENHOR a Mois\u00e9s, dizendo: <br><span><sup><b>2<\/b><\/sup><\/span> Fala aos filhos de Israel, e dize-lhes: Quando algu\u00e9m fizer especial voto ao SENHOR, segundo a avalia\u00e7\u00e3o das pessoas que se hajam de resgatar, assim ser\u00e1 tua avalia\u00e7\u00e3o: <br><span><sup><b>3<\/b><\/sup><\/span> Em quanto ao homem de vinte anos at\u00e9 sessenta, tua avalia\u00e7\u00e3o ser\u00e1 cinquenta siclos de prata, segundo o siclo do santu\u00e1rio. <br><span><sup><b>4<\/b><\/sup><\/span> E se for f\u00eamea, a avalia\u00e7\u00e3o ser\u00e1 trinta siclos. <br><span><sup><b>5<\/b><\/sup><\/span> E se for de cinco anos at\u00e9 vinte, tua avalia\u00e7\u00e3o ser\u00e1 respeito ao homem vinte siclos, e \u00e0 f\u00eamea dez siclos. <br><span><sup><b>6<\/b><\/sup><\/span> E se for de um m\u00eas at\u00e9 cinco anos, tua avalia\u00e7\u00e3o ser\u00e1 em ordem ao homem, cinco siclos de prata; e pela f\u00eamea ser\u00e1 tua avalia\u00e7\u00e3o tr\u00eas siclos de prata. <br><span><sup><b>7<\/b><\/sup><\/span> Mas se for de sessenta anos acima, pelo homem tua avalia\u00e7\u00e3o ser\u00e1 quinze siclos, e pela f\u00eamea dez siclos. <br><span><sup><b>8<\/b><\/sup><\/span> Por\u00e9m se for mais pobre que tua avalia\u00e7\u00e3o, ent\u00e3o comparecer\u00e1 ante o sacerdote, e o sacerdote lhe por\u00e1 valor: conforme a capacidade do votante lhe impor\u00e1 valor o sacerdote. <br><span><sup><b>9<\/b><\/sup><\/span> E se for animal de que se oferece oferta ao SENHOR, tudo o que se der dele ao SENHOR ser\u00e1 santo. <br><span><sup><b>10<\/b><\/sup><\/span> N\u00e3o ser\u00e1 mudado nem trocado, bom por mau, nem mau por bom; e se se permutar um animal por outro, ele e o dado por ele em troca ser\u00e3o sagrados. <br><span><sup><b>11<\/b><\/sup><\/span> E se for algum animal impuro, de que n\u00e3o se oferece oferta ao SENHOR, ent\u00e3o o animal ser\u00e1 posto diante do sacerdote: <br><span><sup><b>12<\/b><\/sup><\/span> E o sacerdote o avaliar\u00e1 pre\u00e7o, seja bom ou seja mau; conforme a avalia\u00e7\u00e3o do sacerdote, assim ser\u00e1. <br><span><sup><b>13<\/b><\/sup><\/span> E se o houverem de resgatar, acrescentar\u00e3o seu quinto sobre tua avalia\u00e7\u00e3o. <br><span><sup><b>14<\/b><\/sup><\/span> E quando algu\u00e9m santificar sua casa consagrando-a ao SENHOR, a avaliar\u00e1 pre\u00e7o o sacerdote, seja boa ou seja m\u00e1: segundo a avaliar o sacerdote, assim ficar\u00e1. <br><span><sup><b>15<\/b><\/sup><\/span> Mas se o que a santificar resgatar sua casa, acrescentar\u00e1 \u00e0 tua avalia\u00e7\u00e3o o quinto do dinheiro dela, e ser\u00e1 sua. <br><span><sup><b>16<\/b><\/sup><\/span> E se algu\u00e9m santificar da terra de sua possess\u00e3o ao SENHOR, tua avalia\u00e7\u00e3o ser\u00e1 conforme sua semeadura: um \u00f4mer de semeadura de cevada se avaliar\u00e1 pre\u00e7o em cinquenta siclos de prata. <br><span><sup><b>17<\/b><\/sup><\/span> E se santificar sua terra desde o ano do jubileu, conforme tua avalia\u00e7\u00e3o ficar\u00e1. <br><span><sup><b>18<\/b><\/sup><\/span> Mas se depois do jubileu santificar sua terra, ent\u00e3o o sacerdote far\u00e1 a conta do dinheiro conforme os anos que restarem at\u00e9 o ano do jubileu, e se diminuir\u00e1 de tua avalia\u00e7\u00e3o. <br><span><sup><b>19<\/b><\/sup><\/span> E se o que santificou a terra quiser resgat\u00e1-la, acrescentar\u00e1 \u00e0 tua avalia\u00e7\u00e3o o quinto do dinheiro dela, e ficar\u00e1 para ele. <br><span><sup><b>20<\/b><\/sup><\/span> Mas se ele n\u00e3o resgatar a terra, e a terra se vender a outro, n\u00e3o a resgatar\u00e1 mais; <br><span><sup><b>21<\/b><\/sup><\/span> Em vez disso quando sair no jubileu, a terra ser\u00e1 santa ao SENHOR, como terra consagrada: a possess\u00e3o dela ser\u00e1 do sacerdote. <br><span><sup><b>22<\/b><\/sup><\/span> E se santificar algu\u00e9m ao SENHOR a terra que ele comprou, que n\u00e3o era da terra de sua heran\u00e7a, <br><span><sup><b>23<\/b><\/sup><\/span> Ent\u00e3o o sacerdote calcular\u00e1 com ele a soma de tua avalia\u00e7\u00e3o at\u00e9 o ano do jubileu, e aquele dia dar\u00e1 teu assinalado pre\u00e7o, coisa consagrada ao SENHOR. <br><span><sup><b>24<\/b><\/sup><\/span> No ano do jubileu, voltar\u00e1 a terra a aquele de quem ele a comprou, cuja \u00e9 a heran\u00e7a da terra. <br><span><sup><b>25<\/b><\/sup><\/span> E tudo o que avaliares o pre\u00e7o ser\u00e1 conforme o siclo do santu\u00e1rio: o siclo tem vinte \u00f3bolos. <br><span><sup><b>26<\/b><\/sup><\/span> Por\u00e9m o primog\u00eanito dos animais, que pela primogenitura \u00e9 do SENHOR, ningu\u00e9m o santificar\u00e1; seja boi ou ovelha, do SENHOR \u00e9. <br><span><sup><b>27<\/b><\/sup><\/span> Mas se for dos animais impuros, o resgatar\u00e3o conforme tua avalia\u00e7\u00e3o, e acrescentar\u00e3o sobre ela seu quinto: e se n\u00e3o o resgatarem, se vender\u00e1 conforme tua avalia\u00e7\u00e3o. <br><span><sup><b>28<\/b><\/sup><\/span> Por\u00e9m nenhuma coisa consagrada, que algu\u00e9m houver santificado ao SENHOR de tudo o que tiver, de homens e animais, e das terras de sua possess\u00e3o, n\u00e3o se vender\u00e1, nem se resgatar\u00e1: todo o consagrado ser\u00e1 coisa sant\u00edssima ao SENHOR. <br><span><sup><b>29<\/b><\/sup><\/span> Qualquer um que for consagrado dentre o homens que for separado para a condena\u00e7\u00e3o n\u00e3o ser\u00e1 resgatado; inevitavelmente ser\u00e1 morto. <br><span><sup><b>30<\/b><\/sup><\/span> E todas os d\u00edzimos da terra, tanto da semente da terra como do fruto das \u00e1rvores, do SENHOR s\u00e3o: \u00e9 coisa consagrada ao SENHOR. <br><span><sup><b>31<\/b><\/sup><\/span> E se algu\u00e9m quiser resgatar algo de seus d\u00edzimas, acrescentar\u00e1 seu quinto a ele. <br><span><sup><b>32<\/b><\/sup><\/span> E toda d\u00edzima de vacas ou de ovelhas, de tudo o que passa sob a vara, a d\u00e9cima ser\u00e1 consagrada ao SENHOR. <br><span><sup><b>33<\/b><\/sup><\/span> N\u00e3o olhar\u00e1 se \u00e9 bom ou mau, nem o trocar\u00e1: e se o trocar, ele e seu trocado ser\u00e3o coisas sagradas; n\u00e3o se resgatar\u00e1. <br><span><sup><b>34<\/b><\/sup><\/span> Estes s\u00e3o os mandamentos que ordenou o SENHOR a Mois\u00e9s, para os filhos de Israel, no monte Sinai.<\/span><\/p>\n\n\n\n<div class=\"wp-block-columns is-layout-flex wp-container-core-columns-is-layout-9d6595d7 wp-block-columns-is-layout-flex\">\n<div class=\"wp-block-column is-layout-flow wp-block-column-is-layout-flow\">\n<p><a href=\"\/levitico-26\" title=\"\">Lev\u00edtico 26<\/a><\/p>\n<\/div>\n\n\n\n<div class=\"wp-block-column is-layout-flow wp-block-column-is-layout-flow\">\n<p class=\"has-text-align-right\"><a href=\"\/numeros-1\" title=\"\">N\u00fameros 1<\/a><\/p>\n<\/div>\n<\/div>\n\n\n\n<h2 class=\"wp-block-heading\">Descri\u00e7\u00e3o &#8211; Lev\u00edtico 27<\/h2>\n\n\n\n<p class=\"has-medium-font-size\">Lev\u00edtico 27 trata das leis sobre votos e ofertas dedicadas a Deus, incluindo a avalia\u00e7\u00e3o de pessoas, animais e propriedades consagradas. O cap\u00edtulo orienta como determinar o valor de uma pessoa ou item quando dedicado ao Senhor, estabelecendo diferentes valores conforme a idade, o sexo e o tipo de bem. Tamb\u00e9m aborda a possibilidade de resgatar esses votos, pagando o valor estipulado. Dentro do contexto de Lev\u00edtico, o cap\u00edtulo refor\u00e7a a seriedade dos compromissos feitos com Deus e a necessidade de fidelidade nos votos, al\u00e9m de assegurar a santidade nas ofertas feitas ao Senhor, preservando a pureza do culto.<\/p>\n\n\n\n<h3 class=\"wp-block-heading\">Livro do Lev\u00edtico:<\/h3>\n\n\n<ul class=\"wp-block-page-list\"><li class=\"wp-block-pages-list__item\"><a class=\"wp-block-pages-list__item__link\" href=\"https:\/\/bibliapresente.com\/postagens\/livros-da-biblia\/levitico\/levitico-1\/\">Lev\u00edtico 1 &#8211; A Oferta do Holocausto<\/a><\/li><li class=\"wp-block-pages-list__item\"><a class=\"wp-block-pages-list__item__link\" href=\"https:\/\/bibliapresente.com\/postagens\/livros-da-biblia\/levitico\/levitico-2\/\">Lev\u00edtico 2 &#8211; A Oferta de Manjares e Gr\u00e3os<\/a><\/li><li class=\"wp-block-pages-list__item\"><a class=\"wp-block-pages-list__item__link\" href=\"https:\/\/bibliapresente.com\/postagens\/livros-da-biblia\/levitico\/levitico-3\/\">Lev\u00edtico 3 &#8211; Oferta Pac\u00edfica e Sacrif\u00edcios<\/a><\/li><li class=\"wp-block-pages-list__item\"><a class=\"wp-block-pages-list__item__link\" href=\"https:\/\/bibliapresente.com\/postagens\/livros-da-biblia\/levitico\/levitico-4\/\">Lev\u00edtico 4 &#8211; A Oferta Pelo Pecado<\/a><\/li><li class=\"wp-block-pages-list__item\"><a class=\"wp-block-pages-list__item__link\" href=\"https:\/\/bibliapresente.com\/postagens\/livros-da-biblia\/levitico\/levitico-5\/\">Lev\u00edtico 5 &#8211; Oferta pela Culpa e Repara\u00e7\u00e3o<\/a><\/li><li class=\"wp-block-pages-list__item\"><a class=\"wp-block-pages-list__item__link\" href=\"https:\/\/bibliapresente.com\/postagens\/livros-da-biblia\/levitico\/levitico-6\/\">Lev\u00edtico 6 &#8211; Leis do Holocausto<\/a><\/li><li class=\"wp-block-pages-list__item\"><a class=\"wp-block-pages-list__item__link\" href=\"https:\/\/bibliapresente.com\/postagens\/livros-da-biblia\/levitico\/levitico-7\/\">Lev\u00edtico 7 &#8211; Ofertas Pac\u00edficas<\/a><\/li><li class=\"wp-block-pages-list__item\"><a class=\"wp-block-pages-list__item__link\" href=\"https:\/\/bibliapresente.com\/postagens\/livros-da-biblia\/levitico\/levitico-8\/\">Lev\u00edtico 8 &#8211; Consagra\u00e7\u00e3o de Aar\u00e3o<\/a><\/li><li class=\"wp-block-pages-list__item\"><a class=\"wp-block-pages-list__item__link\" href=\"https:\/\/bibliapresente.com\/postagens\/livros-da-biblia\/levitico\/levitico-9\/\">Lev\u00edtico 9 &#8211; Primeiro Sacrif\u00edcio de Aar\u00e3o<\/a><\/li><li class=\"wp-block-pages-list__item\"><a class=\"wp-block-pages-list__item__link\" href=\"https:\/\/bibliapresente.com\/postagens\/livros-da-biblia\/levitico\/levitico-10\/\">Lev\u00edtico 10 &#8211; Nadabe e Abi\u00fa<\/a><\/li><li class=\"wp-block-pages-list__item\"><a class=\"wp-block-pages-list__item__link\" href=\"https:\/\/bibliapresente.com\/postagens\/livros-da-biblia\/levitico\/levitico-11\/\">Lev\u00edtico 11 &#8211; Animais Puros e Impuros<\/a><\/li><li class=\"wp-block-pages-list__item\"><a class=\"wp-block-pages-list__item__link\" href=\"https:\/\/bibliapresente.com\/postagens\/livros-da-biblia\/levitico\/levitico-12\/\">Lev\u00edtico 12 &#8211; Purifica\u00e7\u00e3o ap\u00f3s o Parto<\/a><\/li><li class=\"wp-block-pages-list__item\"><a class=\"wp-block-pages-list__item__link\" href=\"https:\/\/bibliapresente.com\/postagens\/livros-da-biblia\/levitico\/levitico-13\/\">Lev\u00edtico 13 &#8211; Lepra e Diagn\u00f3stico<\/a><\/li><li class=\"wp-block-pages-list__item\"><a class=\"wp-block-pages-list__item__link\" href=\"https:\/\/bibliapresente.com\/postagens\/livros-da-biblia\/levitico\/levitico-14\/\">Lev\u00edtico 14 &#8211; Purifica\u00e7\u00e3o do Leproso<\/a><\/li><li class=\"wp-block-pages-list__item\"><a class=\"wp-block-pages-list__item__link\" href=\"https:\/\/bibliapresente.com\/postagens\/livros-da-biblia\/levitico\/levitico-15\/\">Lev\u00edtico 15 &#8211; Fluxos Corporais e Impureza<\/a><\/li><li class=\"wp-block-pages-list__item\"><a class=\"wp-block-pages-list__item__link\" href=\"https:\/\/bibliapresente.com\/postagens\/livros-da-biblia\/levitico\/levitico-16\/\">Lev\u00edtico 16 &#8211; Yom Kipur: O Dia da Expia\u00e7\u00e3o<\/a><\/li><li class=\"wp-block-pages-list__item\"><a class=\"wp-block-pages-list__item__link\" href=\"https:\/\/bibliapresente.com\/postagens\/livros-da-biblia\/levitico\/levitico-17\/\">Lev\u00edtico 17 &#8211; A Proibi\u00e7\u00e3o de Comer Sangue<\/a><\/li><li class=\"wp-block-pages-list__item\"><a class=\"wp-block-pages-list__item__link\" href=\"https:\/\/bibliapresente.com\/postagens\/livros-da-biblia\/levitico\/levitico-18\/\">Lev\u00edtico 18 &#8211; Leis sobre Imoralidade<\/a><\/li><li class=\"wp-block-pages-list__item\"><a class=\"wp-block-pages-list__item__link\" href=\"https:\/\/bibliapresente.com\/postagens\/livros-da-biblia\/levitico\/levitico-19\/\">Lev\u00edtico 19 &#8211; Leis de Santidade<\/a><\/li><li class=\"wp-block-pages-list__item\"><a class=\"wp-block-pages-list__item__link\" href=\"https:\/\/bibliapresente.com\/postagens\/livros-da-biblia\/levitico\/levitico-20\/\">Lev\u00edtico 20 &#8211; Puni\u00e7\u00f5es para Pecados Graves<\/a><\/li><li class=\"wp-block-pages-list__item\"><a class=\"wp-block-pages-list__item__link\" href=\"https:\/\/bibliapresente.com\/postagens\/livros-da-biblia\/levitico\/levitico-21\/\">Lev\u00edtico 21 &#8211; Regras para Sacerdotes<\/a><\/li><li class=\"wp-block-pages-list__item\"><a class=\"wp-block-pages-list__item__link\" href=\"https:\/\/bibliapresente.com\/postagens\/livros-da-biblia\/levitico\/levitico-22\/\">Lev\u00edtico 22 &#8211; A Aceita\u00e7\u00e3o de Ofertas<\/a><\/li><li class=\"wp-block-pages-list__item\"><a class=\"wp-block-pages-list__item__link\" href=\"https:\/\/bibliapresente.com\/postagens\/livros-da-biblia\/levitico\/levitico-23\/\">Lev\u00edtico 23 &#8211; As Festas Sagradas<\/a><\/li><li class=\"wp-block-pages-list__item\"><a class=\"wp-block-pages-list__item__link\" href=\"https:\/\/bibliapresente.com\/postagens\/livros-da-biblia\/levitico\/levitico-24\/\">Lev\u00edtico 24 &#8211; O Castigo pela Blasf\u00eamia<\/a><\/li><li class=\"wp-block-pages-list__item\"><a class=\"wp-block-pages-list__item__link\" href=\"https:\/\/bibliapresente.com\/postagens\/livros-da-biblia\/levitico\/levitico-25\/\">Lev\u00edtico 25 &#8211; O Ano Sab\u00e1tico e o Jubileu<\/a><\/li><li class=\"wp-block-pages-list__item\"><a class=\"wp-block-pages-list__item__link\" href=\"https:\/\/bibliapresente.com\/postagens\/livros-da-biblia\/levitico\/levitico-26\/\">Lev\u00edtico 26 &#8211; B\u00ean\u00e7\u00e3os e Maldi\u00e7\u00f5es pela Lei<\/a><\/li><li class=\"wp-block-pages-list__item\"><a class=\"wp-block-pages-list__item__link\" href=\"https:\/\/bibliapresente.com\/postagens\/livros-da-biblia\/levitico\/levitico-27\/\">Lev\u00edtico 27 &#8211; Leis sobre Votos e D\u00edzimos<\/a><\/li><\/ul>\n\n\n<p><\/p>\n","protected":false},"excerpt":{"rendered":"<p>1 E falou o SENHOR a Mois\u00e9s, dizendo: 2 Fala aos filhos de Israel, e dize-lhes: Quando algu\u00e9m fizer especial voto ao SENHOR, segundo a avalia\u00e7\u00e3o das pessoas que se hajam de resgatar, assim ser\u00e1 tua avalia\u00e7\u00e3o: 3 Em quanto ao homem de vinte anos at\u00e9 sessenta, tua avalia\u00e7\u00e3o ser\u00e1 cinquenta siclos de prata, segundo &hellip; <\/p>\n","protected":false},"author":2,"featured_media":713,"parent":712,"menu_order":27,"comment_status":"closed","ping_status":"closed","template":"","meta":{"om_disable_all_campaigns":false,"_monsterinsights_skip_tracking":false,"_monsterinsights_sitenote_active":false,"_monsterinsights_sitenote_note":"","_monsterinsights_sitenote_category":0,"footnotes":""},"class_list":["post-769","page","type-page","status-publish","has-post-thumbnail","hentry"],"aioseo_notices":[],"_links":{"self":[{"href":"https:\/\/bibliapresente.com\/postagens\/wp-json\/wp\/v2\/pages\/769","targetHints":{"allow":["GET"]}}],"collection":[{"href":"https:\/\/bibliapresente.com\/postagens\/wp-json\/wp\/v2\/pages"}],"about":[{"href":"https:\/\/bibliapresente.com\/postagens\/wp-json\/wp\/v2\/types\/page"}],"author":[{"embeddable":true,"href":"https:\/\/bibliapresente.com\/postagens\/wp-json\/wp\/v2\/users\/2"}],"replies":[{"embeddable":true,"href":"https:\/\/bibliapresente.com\/postagens\/wp-json\/wp\/v2\/comments?post=769"}],"version-history":[{"count":5,"href":"https:\/\/bibliapresente.com\/postagens\/wp-json\/wp\/v2\/pages\/769\/revisions"}],"predecessor-version":[{"id":1360,"href":"https:\/\/bibliapresente.com\/postagens\/wp-json\/wp\/v2\/pages\/769\/revisions\/1360"}],"up":[{"embeddable":true,"href":"https:\/\/bibliapresente.com\/postagens\/wp-json\/wp\/v2\/pages\/712"}],"wp:featuredmedia":[{"embeddable":true,"href":"https:\/\/bibliapresente.com\/postagens\/wp-json\/wp\/v2\/media\/713"}],"wp:attachment":[{"href":"https:\/\/bibliapresente.com\/postagens\/wp-json\/wp\/v2\/media?parent=769"}],"curies":[{"name":"wp","href":"https:\/\/api.w.org\/{rel}","templated":true}]}}