{"id":767,"date":"2025-02-03T18:11:23","date_gmt":"2025-02-03T21:11:23","guid":{"rendered":"https:\/\/bibliapresente.com\/postagens\/?page_id=767"},"modified":"2025-02-03T18:11:24","modified_gmt":"2025-02-03T21:11:24","slug":"levitico-26","status":"publish","type":"page","link":"https:\/\/bibliapresente.com\/postagens\/livros-da-biblia\/levitico\/levitico-26\/","title":{"rendered":"Lev\u00edtico 26 &#8211; B\u00ean\u00e7\u00e3os e Maldi\u00e7\u00f5es pela Lei"},"content":{"rendered":"\n<p class=\"has-medium-font-size\" style=\"letter-spacing:1px\"><span><span><sup><b>1<\/b><\/sup><\/span> N\u00e3o fareis para v\u00f3s \u00eddolos, nem escultura, nem levantareis para v\u00f3s est\u00e1tua, nem poreis em vossa terra pedra pintada para inclinar-vos a ela: porque eu sou o SENHOR vosso Deus. <br><span><sup><b>2<\/b><\/sup><\/span> Guardai meus s\u00e1bados, e tende em rever\u00eancia meu santu\u00e1rio: Eu sou o SENHOR. <br><span><sup><b>3<\/b><\/sup><\/span> Se andardes em meus decretos, e guardardes meus mandamentos, e os puserdes por obra; <br><span><sup><b>4<\/b><\/sup><\/span> Eu darei vossa chuva em seu tempo, e a terra produzir\u00e1, e a \u00e1rvore do campo dar\u00e1 seu fruto; <br><span><sup><b>5<\/b><\/sup><\/span> E a debulha vos alcan\u00e7ar\u00e1 \u00e0 vindima, e a vindima alcan\u00e7ar\u00e1 \u00e0 sementeira, e comereis vosso p\u00e3o em fartura e habitareis seguros em vossa terra: <br><span><sup><b>6<\/b><\/sup><\/span> E eu darei paz na terra, e dormireis, e n\u00e3o haver\u00e1 quem vos espante: e farei tirar os animais ferozes de vossa terra, e n\u00e3o passar\u00e1 por vosso pa\u00eds a espada: <br><span><sup><b>7<\/b><\/sup><\/span> E perseguireis a vossos inimigos, e cair\u00e3o \u00e0 espada diante de v\u00f3s: <br><span><sup><b>8<\/b><\/sup><\/span> E cinco de v\u00f3s perseguir\u00e3o a cem, e cem de v\u00f3s perseguir\u00e3o a dez mil, e vossos inimigos cair\u00e3o \u00e0 espada diante de v\u00f3s. <br><span><sup><b>9<\/b><\/sup><\/span> Porque eu me voltarei a v\u00f3s, e vos farei crescer, e vos multiplicarei, e afirmarei meu pacto convosco: <br><span><sup><b>10<\/b><\/sup><\/span> E comereis o antigo de muito tempo, e tirareis fora o antigo por causa do novo: <br><span><sup><b>11<\/b><\/sup><\/span> E porei minha morada em meio de v\u00f3s, e minha alma n\u00e3o vos abominar\u00e1: <br><span><sup><b>12<\/b><\/sup><\/span> E andarei entre v\u00f3s, e eu serei vosso Deus, e v\u00f3s sereis meu povo. <br><span><sup><b>13<\/b><\/sup><\/span> Eu sou o SENHOR vosso Deus, que vos tirei da terra do Egito, para que n\u00e3o f\u00f4sseis seus servos; e rompi as barras de vosso jugo, e vos fiz andar com o rosto alto. <br><span><sup><b>14<\/b><\/sup><\/span> Por\u00e9m se n\u00e3o me ouvirdes, nem fizerdes todos estes meus mandamentos, <br><span><sup><b>15<\/b><\/sup><\/span> E se abominardes meus decretos, e vossa alma menosprezar meus regulamentos, n\u00e3o executando todos meus mandamentos, e invalidando meu pacto; <br><span><sup><b>16<\/b><\/sup><\/span> Eu tamb\u00e9m farei convosco isto: enviarei sobre v\u00f3s terror, enfermidade e febre, que consumam os olhos e atormentem a alma: e semeareis em v\u00e3o vossa semente, porque vossos inimigos a comer\u00e3o: <br><span><sup><b>17<\/b><\/sup><\/span> E porei minha ira sobre v\u00f3s, e sereis feridos diante de vossos inimigos; e os que vos aborrecem vos dominar\u00e3o, e fugireis sem que haja quem vos persiga. <br><span><sup><b>18<\/b><\/sup><\/span> E se ainda com estas coisas n\u00e3o me ouvirdes, eu voltarei a castigar-vos sete vezes mais por vossos pecados. <br><span><sup><b>19<\/b><\/sup><\/span> E quebrarei a soberba de vossa for\u00e7a, e voltarei vosso c\u00e9u como ferro, e vossa terra como bronze: <br><span><sup><b>20<\/b><\/sup><\/span> E vossa for\u00e7a se consumir\u00e1 em v\u00e3o; que vossa terra n\u00e3o dar\u00e1 seu produto, e as \u00e1rvores da terra n\u00e3o dar\u00e3o seu fruto. <br><span><sup><b>21<\/b><\/sup><\/span> E se andardes comigo em oposi\u00e7\u00e3o, e n\u00e3o me quiserdes ouvir, eu acrescentarei sobre v\u00f3s sete vezes mais pragas segundo vossos pecados. <br><span><sup><b>22<\/b><\/sup><\/span> Enviarei tamb\u00e9m contra v\u00f3s animais feras que vos arrebatem os filhos, e destruam vossos animais, e vos reduzam a poucos, e vossos caminhos sejam desertos. <br><span><sup><b>23<\/b><\/sup><\/span> E se com estas coisas n\u00e3o fordes corrigidos, mas que andardes comigo em oposi\u00e7\u00e3o, <br><span><sup><b>24<\/b><\/sup><\/span> Eu tamb\u00e9m procederei convosco, em oposi\u00e7\u00e3o e vos ferirei ainda sete vezes por vossos pecados: <br><span><sup><b>25<\/b><\/sup><\/span> E trarei sobre v\u00f3s espada vingadora, em castigo do pacto; e vos recolhereis a vossas cidades; mas eu enviarei pestil\u00eancia entre v\u00f3s, e sereis entregues em m\u00e3o do inimigo. <br><span><sup><b>26<\/b><\/sup><\/span> Quando eu vos quebrantar o sustento de p\u00e3o, cozer\u00e3o dez mulheres vosso p\u00e3o em um forno, e vos devolver\u00e3o vosso p\u00e3o por peso; e comereis, e n\u00e3o vos fartareis. <br><span><sup><b>27<\/b><\/sup><\/span> E se com isto n\u00e3o me ouvirdes, mas procederdes comigo em oposi\u00e7\u00e3o, <br><span><sup><b>28<\/b><\/sup><\/span> Eu procederei convosco em contra e com ira, e vos castigarei ainda sete vezes por vossos pecados. <br><span><sup><b>29<\/b><\/sup><\/span> E comereis as carnes de vossos filhos, e comereis as carnes de vossas filhas: <br><span><sup><b>30<\/b><\/sup><\/span> E destruirei vossos altos, e exterminarei vossas imagens, e porei vossos corpos mortos sobre os corpos mortos de vossos \u00eddolos, e meu alma vos abominar\u00e1: <br><span><sup><b>31<\/b><\/sup><\/span> E porei vossas cidades em deserto, e assolarei vossos santu\u00e1rios, e n\u00e3o cheirarei a fragr\u00e2ncia de vosso suave incenso. <br><span><sup><b>32<\/b><\/sup><\/span> Eu assolarei tamb\u00e9m a terra, e se pasmar\u00e3o dela vossos inimigos que nela moram: <br><span><sup><b>33<\/b><\/sup><\/span> E a v\u00f3s vos espalharei pelas na\u00e7\u00f5es, e desembainharei espada atr\u00e1s de v\u00f3s: e vossa terra estar\u00e1 assolada, e desertas vossas cidades. <br><span><sup><b>34<\/b><\/sup><\/span> Ent\u00e3o a terra folgar\u00e1 seus s\u00e1bados todos os dias que estiver assolada, e v\u00f3s na terra de vossos inimigos: a terra descansar\u00e1 ent\u00e3o e desfrutar\u00e1 seus s\u00e1bados. <br><span><sup><b>35<\/b><\/sup><\/span> Todo o tempo que estar\u00e1 assolada, folgar\u00e1 o que n\u00e3o folgou em vossos s\u00e1bados enquanto habit\u00e1veis nela. <br><span><sup><b>36<\/b><\/sup><\/span> E aos que restarem de v\u00f3s porei em seus cora\u00e7\u00f5es tal covardia, na terra de seus inimigos, que o som de uma folha movida os perseguir\u00e1, e fugir\u00e3o como de espada, e cair\u00e3o sem que ningu\u00e9m os persiga: <br><span><sup><b>37<\/b><\/sup><\/span> E trope\u00e7ar\u00e3o uns nos outros, como se fugissem diante de espada, ainda que ningu\u00e9m os persiga; e n\u00e3o podereis resistir diante de vossos inimigos. <br><span><sup><b>38<\/b><\/sup><\/span> E perecereis entre as na\u00e7\u00f5es, e a terra de vossos inimigos vos consumir\u00e1. <br><span><sup><b>39<\/b><\/sup><\/span> E os que restarem de v\u00f3s perecer\u00e3o nas terras de vossos inimigos por sua iniquidade; e pela iniquidade de seus pais perecer\u00e3o com eles: <br><span><sup><b>40<\/b><\/sup><\/span> E confessar\u00e3o sua iniquidade, e a iniquidade de seus pais, por sua transgress\u00e3o com que transgrediram contra mim: e tamb\u00e9m porque andaram comigo em oposi\u00e7\u00e3o, <br><span><sup><b>41<\/b><\/sup><\/span> Eu tamb\u00e9m houver andado contr\u00e1rio a eles, e os houver metido na terra de seus inimigos: e ent\u00e3o se humilhar\u00e1 seu cora\u00e7\u00e3o incircunciso, e reconhecer\u00e3o seu pecado; <br><span><sup><b>42<\/b><\/sup><\/span> E eu me lembrarei de meu pacto com Jac\u00f3, e tamb\u00e9m de meu pacto com Isaque, e tamb\u00e9m de meu pacto com Abra\u00e3o me lembrarei; e farei mem\u00f3ria da terra. <br><span><sup><b>43<\/b><\/sup><\/span> Que a terra estar\u00e1 desamparada deles, e folgar\u00e1 seus s\u00e1bados, estando deserta por causa deles; mas entretanto se submeter\u00e3o ao castigo de suas iniquidades: porquanto menosprezaram meus regulamentos, e teve a alma deles \u00f3dio de meus estatutos. <br><span><sup><b>44<\/b><\/sup><\/span> E ainda com tudo isto, estando eles em terra de seus inimigos, eu n\u00e3o os rejeitarei, nem os abominarei para consumi-los, invalidando meu pacto com eles: porque eu o SENHOR sou seu Deus: <br><span><sup><b>45<\/b><\/sup><\/span> Antes me lembrarei deles pelo pacto antigo, quando os tirei da terra do Egito aos olhos das na\u00e7\u00f5es, para ser seu Deus: Eu sou o SENHOR. <br><span><sup><b>46<\/b><\/sup><\/span> Estes s\u00e3o os decretos, regulamentos e leis que estabeleceu o SENHOR entre si e os filhos de Israel no monte Sinai por meio de Mois\u00e9s.<\/span><\/p>\n\n\n\n<div class=\"wp-block-columns is-layout-flex wp-container-core-columns-is-layout-9d6595d7 wp-block-columns-is-layout-flex\">\n<div class=\"wp-block-column is-layout-flow wp-block-column-is-layout-flow\">\n<p><a href=\"\/levitico-25\" title=\"\">Lev\u00edtico 25<\/a><\/p>\n<\/div>\n\n\n\n<div class=\"wp-block-column is-layout-flow wp-block-column-is-layout-flow\">\n<p class=\"has-text-align-right\"><a href=\"\/levitico-27\" title=\"\">Lev\u00edtico 27<\/a><\/p>\n<\/div>\n<\/div>\n\n\n\n<h2 class=\"wp-block-heading\">Descri\u00e7\u00e3o &#8211; Lev\u00edtico 26<\/h2>\n\n\n\n<p class=\"has-medium-font-size\">Lev\u00edtico 26 descreve as b\u00ean\u00e7\u00e3os que Israel receber\u00e1 por obedecer \u00e0s leis de Deus e as maldi\u00e7\u00f5es que sofrer\u00e1 caso se desvie delas. O cap\u00edtulo come\u00e7a com promessas de prosperidade, paz e seguran\u00e7a para o povo fiel, destacando os benef\u00edcios de seguir os mandamentos divinos. No entanto, se Israel desobedecer, enfrentar\u00e1 dificuldades, como invas\u00f5es, doen\u00e7as e cativeiro. O cap\u00edtulo conclui com uma promessa de restaura\u00e7\u00e3o para aqueles que se arrependerem. Dentro do contexto de Lev\u00edtico, esse cap\u00edtulo refor\u00e7a a import\u00e2ncia da obedi\u00eancia a Deus, demonstrando como a fidelidade traz b\u00ean\u00e7\u00e3os, e a infidelidade, consequ\u00eancias.<\/p>\n\n\n\n<h3 class=\"wp-block-heading\">Livro do Lev\u00edtico:<\/h3>\n\n\n<ul class=\"wp-block-page-list\"><li class=\"wp-block-pages-list__item\"><a class=\"wp-block-pages-list__item__link\" href=\"https:\/\/bibliapresente.com\/postagens\/livros-da-biblia\/levitico\/levitico-1\/\">Lev\u00edtico 1 &#8211; A Oferta do Holocausto<\/a><\/li><li class=\"wp-block-pages-list__item\"><a class=\"wp-block-pages-list__item__link\" href=\"https:\/\/bibliapresente.com\/postagens\/livros-da-biblia\/levitico\/levitico-2\/\">Lev\u00edtico 2 &#8211; A Oferta de Manjares e Gr\u00e3os<\/a><\/li><li class=\"wp-block-pages-list__item\"><a class=\"wp-block-pages-list__item__link\" href=\"https:\/\/bibliapresente.com\/postagens\/livros-da-biblia\/levitico\/levitico-3\/\">Lev\u00edtico 3 &#8211; Oferta Pac\u00edfica e Sacrif\u00edcios<\/a><\/li><li class=\"wp-block-pages-list__item\"><a class=\"wp-block-pages-list__item__link\" href=\"https:\/\/bibliapresente.com\/postagens\/livros-da-biblia\/levitico\/levitico-4\/\">Lev\u00edtico 4 &#8211; A Oferta Pelo Pecado<\/a><\/li><li class=\"wp-block-pages-list__item\"><a class=\"wp-block-pages-list__item__link\" href=\"https:\/\/bibliapresente.com\/postagens\/livros-da-biblia\/levitico\/levitico-5\/\">Lev\u00edtico 5 &#8211; Oferta pela Culpa e Repara\u00e7\u00e3o<\/a><\/li><li class=\"wp-block-pages-list__item\"><a class=\"wp-block-pages-list__item__link\" href=\"https:\/\/bibliapresente.com\/postagens\/livros-da-biblia\/levitico\/levitico-6\/\">Lev\u00edtico 6 &#8211; Leis do Holocausto<\/a><\/li><li class=\"wp-block-pages-list__item\"><a class=\"wp-block-pages-list__item__link\" href=\"https:\/\/bibliapresente.com\/postagens\/livros-da-biblia\/levitico\/levitico-7\/\">Lev\u00edtico 7 &#8211; Ofertas Pac\u00edficas<\/a><\/li><li class=\"wp-block-pages-list__item\"><a class=\"wp-block-pages-list__item__link\" href=\"https:\/\/bibliapresente.com\/postagens\/livros-da-biblia\/levitico\/levitico-8\/\">Lev\u00edtico 8 &#8211; Consagra\u00e7\u00e3o de Aar\u00e3o<\/a><\/li><li class=\"wp-block-pages-list__item\"><a class=\"wp-block-pages-list__item__link\" href=\"https:\/\/bibliapresente.com\/postagens\/livros-da-biblia\/levitico\/levitico-9\/\">Lev\u00edtico 9 &#8211; Primeiro Sacrif\u00edcio de Aar\u00e3o<\/a><\/li><li class=\"wp-block-pages-list__item\"><a class=\"wp-block-pages-list__item__link\" href=\"https:\/\/bibliapresente.com\/postagens\/livros-da-biblia\/levitico\/levitico-10\/\">Lev\u00edtico 10 &#8211; Nadabe e Abi\u00fa<\/a><\/li><li class=\"wp-block-pages-list__item\"><a class=\"wp-block-pages-list__item__link\" href=\"https:\/\/bibliapresente.com\/postagens\/livros-da-biblia\/levitico\/levitico-11\/\">Lev\u00edtico 11 &#8211; Animais Puros e Impuros<\/a><\/li><li class=\"wp-block-pages-list__item\"><a class=\"wp-block-pages-list__item__link\" href=\"https:\/\/bibliapresente.com\/postagens\/livros-da-biblia\/levitico\/levitico-12\/\">Lev\u00edtico 12 &#8211; Purifica\u00e7\u00e3o ap\u00f3s o Parto<\/a><\/li><li class=\"wp-block-pages-list__item\"><a class=\"wp-block-pages-list__item__link\" href=\"https:\/\/bibliapresente.com\/postagens\/livros-da-biblia\/levitico\/levitico-13\/\">Lev\u00edtico 13 &#8211; Lepra e Diagn\u00f3stico<\/a><\/li><li class=\"wp-block-pages-list__item\"><a class=\"wp-block-pages-list__item__link\" href=\"https:\/\/bibliapresente.com\/postagens\/livros-da-biblia\/levitico\/levitico-14\/\">Lev\u00edtico 14 &#8211; Purifica\u00e7\u00e3o do Leproso<\/a><\/li><li class=\"wp-block-pages-list__item\"><a class=\"wp-block-pages-list__item__link\" href=\"https:\/\/bibliapresente.com\/postagens\/livros-da-biblia\/levitico\/levitico-15\/\">Lev\u00edtico 15 &#8211; Fluxos Corporais e Impureza<\/a><\/li><li class=\"wp-block-pages-list__item\"><a class=\"wp-block-pages-list__item__link\" href=\"https:\/\/bibliapresente.com\/postagens\/livros-da-biblia\/levitico\/levitico-16\/\">Lev\u00edtico 16 &#8211; Yom Kipur: O Dia da Expia\u00e7\u00e3o<\/a><\/li><li class=\"wp-block-pages-list__item\"><a class=\"wp-block-pages-list__item__link\" href=\"https:\/\/bibliapresente.com\/postagens\/livros-da-biblia\/levitico\/levitico-17\/\">Lev\u00edtico 17 &#8211; A Proibi\u00e7\u00e3o de Comer Sangue<\/a><\/li><li class=\"wp-block-pages-list__item\"><a class=\"wp-block-pages-list__item__link\" href=\"https:\/\/bibliapresente.com\/postagens\/livros-da-biblia\/levitico\/levitico-18\/\">Lev\u00edtico 18 &#8211; Leis sobre Imoralidade<\/a><\/li><li class=\"wp-block-pages-list__item\"><a class=\"wp-block-pages-list__item__link\" href=\"https:\/\/bibliapresente.com\/postagens\/livros-da-biblia\/levitico\/levitico-19\/\">Lev\u00edtico 19 &#8211; Leis de Santidade<\/a><\/li><li class=\"wp-block-pages-list__item\"><a class=\"wp-block-pages-list__item__link\" href=\"https:\/\/bibliapresente.com\/postagens\/livros-da-biblia\/levitico\/levitico-20\/\">Lev\u00edtico 20 &#8211; Puni\u00e7\u00f5es para Pecados Graves<\/a><\/li><li class=\"wp-block-pages-list__item\"><a class=\"wp-block-pages-list__item__link\" href=\"https:\/\/bibliapresente.com\/postagens\/livros-da-biblia\/levitico\/levitico-21\/\">Lev\u00edtico 21 &#8211; Regras para Sacerdotes<\/a><\/li><li class=\"wp-block-pages-list__item\"><a class=\"wp-block-pages-list__item__link\" href=\"https:\/\/bibliapresente.com\/postagens\/livros-da-biblia\/levitico\/levitico-22\/\">Lev\u00edtico 22 &#8211; A Aceita\u00e7\u00e3o de Ofertas<\/a><\/li><li class=\"wp-block-pages-list__item\"><a class=\"wp-block-pages-list__item__link\" href=\"https:\/\/bibliapresente.com\/postagens\/livros-da-biblia\/levitico\/levitico-23\/\">Lev\u00edtico 23 &#8211; As Festas Sagradas<\/a><\/li><li class=\"wp-block-pages-list__item\"><a class=\"wp-block-pages-list__item__link\" href=\"https:\/\/bibliapresente.com\/postagens\/livros-da-biblia\/levitico\/levitico-24\/\">Lev\u00edtico 24 &#8211; O Castigo pela Blasf\u00eamia<\/a><\/li><li class=\"wp-block-pages-list__item\"><a class=\"wp-block-pages-list__item__link\" href=\"https:\/\/bibliapresente.com\/postagens\/livros-da-biblia\/levitico\/levitico-25\/\">Lev\u00edtico 25 &#8211; O Ano Sab\u00e1tico e o Jubileu<\/a><\/li><li class=\"wp-block-pages-list__item\"><a class=\"wp-block-pages-list__item__link\" href=\"https:\/\/bibliapresente.com\/postagens\/livros-da-biblia\/levitico\/levitico-26\/\">Lev\u00edtico 26 &#8211; B\u00ean\u00e7\u00e3os e Maldi\u00e7\u00f5es pela Lei<\/a><\/li><li class=\"wp-block-pages-list__item\"><a class=\"wp-block-pages-list__item__link\" href=\"https:\/\/bibliapresente.com\/postagens\/livros-da-biblia\/levitico\/levitico-27\/\">Lev\u00edtico 27 &#8211; Leis sobre Votos e D\u00edzimos<\/a><\/li><\/ul>\n\n\n<p><\/p>\n","protected":false},"excerpt":{"rendered":"<p>1 N\u00e3o fareis para v\u00f3s \u00eddolos, nem escultura, nem levantareis para v\u00f3s est\u00e1tua, nem poreis em vossa terra pedra pintada para inclinar-vos a ela: porque eu sou o SENHOR vosso Deus. 2 Guardai meus s\u00e1bados, e tende em rever\u00eancia meu santu\u00e1rio: Eu sou o SENHOR. 3 Se andardes em meus decretos, e guardardes meus mandamentos, &hellip; <\/p>\n","protected":false},"author":2,"featured_media":713,"parent":712,"menu_order":26,"comment_status":"closed","ping_status":"closed","template":"","meta":{"om_disable_all_campaigns":false,"_monsterinsights_skip_tracking":false,"_monsterinsights_sitenote_active":false,"_monsterinsights_sitenote_note":"","_monsterinsights_sitenote_category":0,"footnotes":""},"class_list":["post-767","page","type-page","status-publish","has-post-thumbnail","hentry"],"aioseo_notices":[],"_links":{"self":[{"href":"https:\/\/bibliapresente.com\/postagens\/wp-json\/wp\/v2\/pages\/767","targetHints":{"allow":["GET"]}}],"collection":[{"href":"https:\/\/bibliapresente.com\/postagens\/wp-json\/wp\/v2\/pages"}],"about":[{"href":"https:\/\/bibliapresente.com\/postagens\/wp-json\/wp\/v2\/types\/page"}],"author":[{"embeddable":true,"href":"https:\/\/bibliapresente.com\/postagens\/wp-json\/wp\/v2\/users\/2"}],"replies":[{"embeddable":true,"href":"https:\/\/bibliapresente.com\/postagens\/wp-json\/wp\/v2\/comments?post=767"}],"version-history":[{"count":5,"href":"https:\/\/bibliapresente.com\/postagens\/wp-json\/wp\/v2\/pages\/767\/revisions"}],"predecessor-version":[{"id":1359,"href":"https:\/\/bibliapresente.com\/postagens\/wp-json\/wp\/v2\/pages\/767\/revisions\/1359"}],"up":[{"embeddable":true,"href":"https:\/\/bibliapresente.com\/postagens\/wp-json\/wp\/v2\/pages\/712"}],"wp:featuredmedia":[{"embeddable":true,"href":"https:\/\/bibliapresente.com\/postagens\/wp-json\/wp\/v2\/media\/713"}],"wp:attachment":[{"href":"https:\/\/bibliapresente.com\/postagens\/wp-json\/wp\/v2\/media?parent=767"}],"curies":[{"name":"wp","href":"https:\/\/api.w.org\/{rel}","templated":true}]}}