{"id":763,"date":"2025-02-03T18:09:38","date_gmt":"2025-02-03T21:09:38","guid":{"rendered":"https:\/\/bibliapresente.com\/postagens\/?page_id=763"},"modified":"2025-02-03T18:09:39","modified_gmt":"2025-02-03T21:09:39","slug":"levitico-24","status":"publish","type":"page","link":"https:\/\/bibliapresente.com\/postagens\/livros-da-biblia\/levitico\/levitico-24\/","title":{"rendered":"Lev\u00edtico 24 &#8211; O Castigo pela Blasf\u00eamia"},"content":{"rendered":"\n<p class=\"has-medium-font-size\" style=\"letter-spacing:1px\"><span><span><sup><b>1<\/b><\/sup><\/span> E falou o SENHOR a Mois\u00e9s, dizendo: <br><span><sup><b>2<\/b><\/sup><\/span> Manda aos filhos de Israel que te tragam azeite de olivas claro, prensado, para a lumin\u00e1ria, para fazer arder as l\u00e2mpadas continuamente. <br><span><sup><b>3<\/b><\/sup><\/span> Fora do v\u00e9u do testemunho, no tabern\u00e1culo do testemunho, as preparar\u00e1 Ar\u00e3o desde a tarde at\u00e9 a manh\u00e3 diante do SENHOR, continuamente: estatuto perp\u00e9tuo por vossas gera\u00e7\u00f5es. <br><span><sup><b>4<\/b><\/sup><\/span> Sobre o candelabro limpo por\u00e1 sempre em ordem as l\u00e2mpadas diante do SENHOR. <br><span><sup><b>5<\/b><\/sup><\/span> E tomar\u00e1s flor de farinha, e cozer\u00e1s dela doze tortas: cada torta ser\u00e1 de duas d\u00edzimas. <br><span><sup><b>6<\/b><\/sup><\/span> E h\u00e1s de p\u00f4-las em duas ordens, seis em cada ordem, sobre a mesa limpa diante do SENHOR. <br><span><sup><b>7<\/b><\/sup><\/span> Por\u00e1s tamb\u00e9m sobre cada ordem incenso limpo, e ser\u00e1 para o p\u00e3o por incenso, oferta acesa ao SENHOR. <br><span><sup><b>8<\/b><\/sup><\/span> Cada dia de s\u00e1bado o por\u00e1 continuamente em ordem diante do SENHOR, dos filhos de Israel por pacto sempiterno. <br><span><sup><b>9<\/b><\/sup><\/span> E ser\u00e1 de Ar\u00e3o e de seus filhos, os quais o comer\u00e3o no lugar santo; porque \u00e9 coisa muito santa para ele, das ofertas acendidas ao SENHOR, por estatuto perp\u00e9tuo. <br><span><sup><b>10<\/b><\/sup><\/span> Naquela muita o filho de uma mulher israelita, o qual era filho de um eg\u00edpcio, saiu entre os filhos de Israel; e o filho da israelita e um homem de Israel brigaram no acampamento: <br><span><sup><b>11<\/b><\/sup><\/span> E o filho da mulher israelita pronunciou o Nome, e amaldi\u00e7oou: ent\u00e3o o levaram a Mois\u00e9s. E sua m\u00e3e se chamava Selomite, filha de Dribi, da tribo de D\u00e3. <br><span><sup><b>12<\/b><\/sup><\/span> E puseram-no no c\u00e1rcere, at\u00e9 que lhes fosse sentenciado pela palavra do SENHOR. <br><span><sup><b>13<\/b><\/sup><\/span> E o SENHOR falou a Mois\u00e9s, dizendo: <br><span><sup><b>14<\/b><\/sup><\/span> Tira ao blasfemo fora do acampamento, e todos os que o ouviram ponham suas m\u00e3os sobre a cabe\u00e7a dele, e apedreje-o toda a congrega\u00e7\u00e3o. <br><span><sup><b>15<\/b><\/sup><\/span> E aos filhos de Israel falar\u00e1s, dizendo: Qualquer um que amaldi\u00e7oar a seu Deus, levar\u00e1 sua iniquidade. <br><span><sup><b>16<\/b><\/sup><\/span> E o que blasfemar o nome do SENHOR, ser\u00e1 morto; toda a congrega\u00e7\u00e3o o apedrejar\u00e1: tanto o estrangeiro como o natural, se blasfemar o Nome, que morra. <br><span><sup><b>17<\/b><\/sup><\/span> Tamb\u00e9m o homem que fere de morte a qualquer pessoa, que sofra a morte. <br><span><sup><b>18<\/b><\/sup><\/span> E o que fere a algum animal h\u00e1 de restitu\u00ed-lo: animal por animal. <br><span><sup><b>19<\/b><\/sup><\/span> E o que causar les\u00e3o em seu pr\u00f3ximo, segundo fez, assim lhe seja feito: <br><span><sup><b>20<\/b><\/sup><\/span> Rompimento por rompimento, olho por olho, dente por dente: segundo a les\u00e3o que haver\u00e1 feito a outro, tal se far\u00e1 a ele. <br><span><sup><b>21<\/b><\/sup><\/span> O que fere algum animal, h\u00e1 de restitu\u00ed-lo; mas o que fere de morte a um homem, que morra. <br><span><sup><b>22<\/b><\/sup><\/span> Um mesmo regulamento tereis: como o estrangeiro, assim ser\u00e1 o natural: porque eu sou o SENHOR vosso Deus. <br><span><sup><b>23<\/b><\/sup><\/span> E falou Mois\u00e9s aos filhos de Israel, e eles tiraram ao blasfemo fora do acampamento, e apedrejaram-no com pedras. E os filhos de Israel fizeram segundo que o SENHOR havia mandado a Mois\u00e9s.<\/span><\/p>\n\n\n\n<div class=\"wp-block-columns is-layout-flex wp-container-core-columns-is-layout-9d6595d7 wp-block-columns-is-layout-flex\">\n<div class=\"wp-block-column is-layout-flow wp-block-column-is-layout-flow\">\n<p><a href=\"\/levitico-23\" title=\"\">Lev\u00edtico 23<\/a><\/p>\n<\/div>\n\n\n\n<div class=\"wp-block-column is-layout-flow wp-block-column-is-layout-flow\">\n<p class=\"has-text-align-right\"><a href=\"\/levitico-25\" title=\"\">Lev\u00edtico 25<\/a><\/p>\n<\/div>\n<\/div>\n\n\n\n<h2 class=\"wp-block-heading\">Descri\u00e7\u00e3o &#8211; Lev\u00edtico 24<\/h2>\n\n\n\n<p class=\"has-medium-font-size\">Lev\u00edtico 24 aborda regras sobre a luz do candelabro do Tabern\u00e1culo, a oferta de p\u00e3es consagrados e puni\u00e7\u00f5es para quem blasfemar contra Deus. O cap\u00edtulo destaca a import\u00e2ncia de manter o candelabro aceso continuamente e de renovar a oferta de p\u00e3es para garantir a presen\u00e7a de Deus no meio do povo. Al\u00e9m disso, apresenta a pena de morte para quem amaldi\u00e7oar o nome de Deus, refor\u00e7ando a seriedade da rever\u00eancia e santidade exigidas. No contexto de Lev\u00edtico, essas leis buscam preservar a pureza do culto a Deus e garantir que o povo de Israel viva de acordo com Suas ordens divinas.<\/p>\n\n\n\n<h3 class=\"wp-block-heading\">Livro do Lev\u00edtico:<\/h3>\n\n\n<ul class=\"wp-block-page-list\"><li class=\"wp-block-pages-list__item\"><a class=\"wp-block-pages-list__item__link\" href=\"https:\/\/bibliapresente.com\/postagens\/livros-da-biblia\/levitico\/levitico-1\/\">Lev\u00edtico 1 &#8211; A Oferta do Holocausto<\/a><\/li><li class=\"wp-block-pages-list__item\"><a class=\"wp-block-pages-list__item__link\" href=\"https:\/\/bibliapresente.com\/postagens\/livros-da-biblia\/levitico\/levitico-2\/\">Lev\u00edtico 2 &#8211; A Oferta de Manjares e Gr\u00e3os<\/a><\/li><li class=\"wp-block-pages-list__item\"><a class=\"wp-block-pages-list__item__link\" href=\"https:\/\/bibliapresente.com\/postagens\/livros-da-biblia\/levitico\/levitico-3\/\">Lev\u00edtico 3 &#8211; Oferta Pac\u00edfica e Sacrif\u00edcios<\/a><\/li><li class=\"wp-block-pages-list__item\"><a class=\"wp-block-pages-list__item__link\" href=\"https:\/\/bibliapresente.com\/postagens\/livros-da-biblia\/levitico\/levitico-4\/\">Lev\u00edtico 4 &#8211; A Oferta Pelo Pecado<\/a><\/li><li class=\"wp-block-pages-list__item\"><a class=\"wp-block-pages-list__item__link\" href=\"https:\/\/bibliapresente.com\/postagens\/livros-da-biblia\/levitico\/levitico-5\/\">Lev\u00edtico 5 &#8211; Oferta pela Culpa e Repara\u00e7\u00e3o<\/a><\/li><li class=\"wp-block-pages-list__item\"><a class=\"wp-block-pages-list__item__link\" href=\"https:\/\/bibliapresente.com\/postagens\/livros-da-biblia\/levitico\/levitico-6\/\">Lev\u00edtico 6 &#8211; Leis do Holocausto<\/a><\/li><li class=\"wp-block-pages-list__item\"><a class=\"wp-block-pages-list__item__link\" href=\"https:\/\/bibliapresente.com\/postagens\/livros-da-biblia\/levitico\/levitico-7\/\">Lev\u00edtico 7 &#8211; Ofertas Pac\u00edficas<\/a><\/li><li class=\"wp-block-pages-list__item\"><a class=\"wp-block-pages-list__item__link\" href=\"https:\/\/bibliapresente.com\/postagens\/livros-da-biblia\/levitico\/levitico-8\/\">Lev\u00edtico 8 &#8211; Consagra\u00e7\u00e3o de Aar\u00e3o<\/a><\/li><li class=\"wp-block-pages-list__item\"><a class=\"wp-block-pages-list__item__link\" href=\"https:\/\/bibliapresente.com\/postagens\/livros-da-biblia\/levitico\/levitico-9\/\">Lev\u00edtico 9 &#8211; Primeiro Sacrif\u00edcio de Aar\u00e3o<\/a><\/li><li class=\"wp-block-pages-list__item\"><a class=\"wp-block-pages-list__item__link\" href=\"https:\/\/bibliapresente.com\/postagens\/livros-da-biblia\/levitico\/levitico-10\/\">Lev\u00edtico 10 &#8211; Nadabe e Abi\u00fa<\/a><\/li><li class=\"wp-block-pages-list__item\"><a class=\"wp-block-pages-list__item__link\" href=\"https:\/\/bibliapresente.com\/postagens\/livros-da-biblia\/levitico\/levitico-11\/\">Lev\u00edtico 11 &#8211; Animais Puros e Impuros<\/a><\/li><li class=\"wp-block-pages-list__item\"><a class=\"wp-block-pages-list__item__link\" href=\"https:\/\/bibliapresente.com\/postagens\/livros-da-biblia\/levitico\/levitico-12\/\">Lev\u00edtico 12 &#8211; Purifica\u00e7\u00e3o ap\u00f3s o Parto<\/a><\/li><li class=\"wp-block-pages-list__item\"><a class=\"wp-block-pages-list__item__link\" href=\"https:\/\/bibliapresente.com\/postagens\/livros-da-biblia\/levitico\/levitico-13\/\">Lev\u00edtico 13 &#8211; Lepra e Diagn\u00f3stico<\/a><\/li><li class=\"wp-block-pages-list__item\"><a class=\"wp-block-pages-list__item__link\" href=\"https:\/\/bibliapresente.com\/postagens\/livros-da-biblia\/levitico\/levitico-14\/\">Lev\u00edtico 14 &#8211; Purifica\u00e7\u00e3o do Leproso<\/a><\/li><li class=\"wp-block-pages-list__item\"><a class=\"wp-block-pages-list__item__link\" href=\"https:\/\/bibliapresente.com\/postagens\/livros-da-biblia\/levitico\/levitico-15\/\">Lev\u00edtico 15 &#8211; Fluxos Corporais e Impureza<\/a><\/li><li class=\"wp-block-pages-list__item\"><a class=\"wp-block-pages-list__item__link\" href=\"https:\/\/bibliapresente.com\/postagens\/livros-da-biblia\/levitico\/levitico-16\/\">Lev\u00edtico 16 &#8211; Yom Kipur: O Dia da Expia\u00e7\u00e3o<\/a><\/li><li class=\"wp-block-pages-list__item\"><a class=\"wp-block-pages-list__item__link\" href=\"https:\/\/bibliapresente.com\/postagens\/livros-da-biblia\/levitico\/levitico-17\/\">Lev\u00edtico 17 &#8211; A Proibi\u00e7\u00e3o de Comer Sangue<\/a><\/li><li class=\"wp-block-pages-list__item\"><a class=\"wp-block-pages-list__item__link\" href=\"https:\/\/bibliapresente.com\/postagens\/livros-da-biblia\/levitico\/levitico-18\/\">Lev\u00edtico 18 &#8211; Leis sobre Imoralidade<\/a><\/li><li class=\"wp-block-pages-list__item\"><a class=\"wp-block-pages-list__item__link\" href=\"https:\/\/bibliapresente.com\/postagens\/livros-da-biblia\/levitico\/levitico-19\/\">Lev\u00edtico 19 &#8211; Leis de Santidade<\/a><\/li><li class=\"wp-block-pages-list__item\"><a class=\"wp-block-pages-list__item__link\" href=\"https:\/\/bibliapresente.com\/postagens\/livros-da-biblia\/levitico\/levitico-20\/\">Lev\u00edtico 20 &#8211; Puni\u00e7\u00f5es para Pecados Graves<\/a><\/li><li class=\"wp-block-pages-list__item\"><a class=\"wp-block-pages-list__item__link\" href=\"https:\/\/bibliapresente.com\/postagens\/livros-da-biblia\/levitico\/levitico-21\/\">Lev\u00edtico 21 &#8211; Regras para Sacerdotes<\/a><\/li><li class=\"wp-block-pages-list__item\"><a class=\"wp-block-pages-list__item__link\" href=\"https:\/\/bibliapresente.com\/postagens\/livros-da-biblia\/levitico\/levitico-22\/\">Lev\u00edtico 22 &#8211; A Aceita\u00e7\u00e3o de Ofertas<\/a><\/li><li class=\"wp-block-pages-list__item\"><a class=\"wp-block-pages-list__item__link\" href=\"https:\/\/bibliapresente.com\/postagens\/livros-da-biblia\/levitico\/levitico-23\/\">Lev\u00edtico 23 &#8211; As Festas Sagradas<\/a><\/li><li class=\"wp-block-pages-list__item\"><a class=\"wp-block-pages-list__item__link\" href=\"https:\/\/bibliapresente.com\/postagens\/livros-da-biblia\/levitico\/levitico-24\/\">Lev\u00edtico 24 &#8211; O Castigo pela Blasf\u00eamia<\/a><\/li><li class=\"wp-block-pages-list__item\"><a class=\"wp-block-pages-list__item__link\" href=\"https:\/\/bibliapresente.com\/postagens\/livros-da-biblia\/levitico\/levitico-25\/\">Lev\u00edtico 25 &#8211; O Ano Sab\u00e1tico e o Jubileu<\/a><\/li><li class=\"wp-block-pages-list__item\"><a class=\"wp-block-pages-list__item__link\" href=\"https:\/\/bibliapresente.com\/postagens\/livros-da-biblia\/levitico\/levitico-26\/\">Lev\u00edtico 26 &#8211; B\u00ean\u00e7\u00e3os e Maldi\u00e7\u00f5es pela Lei<\/a><\/li><li class=\"wp-block-pages-list__item\"><a class=\"wp-block-pages-list__item__link\" href=\"https:\/\/bibliapresente.com\/postagens\/livros-da-biblia\/levitico\/levitico-27\/\">Lev\u00edtico 27 &#8211; Leis sobre Votos e D\u00edzimos<\/a><\/li><\/ul>\n\n\n<p><\/p>\n","protected":false},"excerpt":{"rendered":"<p>1 E falou o SENHOR a Mois\u00e9s, dizendo: 2 Manda aos filhos de Israel que te tragam azeite de olivas claro, prensado, para a lumin\u00e1ria, para fazer arder as l\u00e2mpadas continuamente. 3 Fora do v\u00e9u do testemunho, no tabern\u00e1culo do testemunho, as preparar\u00e1 Ar\u00e3o desde a tarde at\u00e9 a manh\u00e3 diante do SENHOR, continuamente: estatuto &hellip; <\/p>\n","protected":false},"author":2,"featured_media":713,"parent":712,"menu_order":24,"comment_status":"closed","ping_status":"closed","template":"","meta":{"om_disable_all_campaigns":false,"_monsterinsights_skip_tracking":false,"_monsterinsights_sitenote_active":false,"_monsterinsights_sitenote_note":"","_monsterinsights_sitenote_category":0,"footnotes":""},"class_list":["post-763","page","type-page","status-publish","has-post-thumbnail","hentry"],"aioseo_notices":[],"_links":{"self":[{"href":"https:\/\/bibliapresente.com\/postagens\/wp-json\/wp\/v2\/pages\/763","targetHints":{"allow":["GET"]}}],"collection":[{"href":"https:\/\/bibliapresente.com\/postagens\/wp-json\/wp\/v2\/pages"}],"about":[{"href":"https:\/\/bibliapresente.com\/postagens\/wp-json\/wp\/v2\/types\/page"}],"author":[{"embeddable":true,"href":"https:\/\/bibliapresente.com\/postagens\/wp-json\/wp\/v2\/users\/2"}],"replies":[{"embeddable":true,"href":"https:\/\/bibliapresente.com\/postagens\/wp-json\/wp\/v2\/comments?post=763"}],"version-history":[{"count":5,"href":"https:\/\/bibliapresente.com\/postagens\/wp-json\/wp\/v2\/pages\/763\/revisions"}],"predecessor-version":[{"id":1357,"href":"https:\/\/bibliapresente.com\/postagens\/wp-json\/wp\/v2\/pages\/763\/revisions\/1357"}],"up":[{"embeddable":true,"href":"https:\/\/bibliapresente.com\/postagens\/wp-json\/wp\/v2\/pages\/712"}],"wp:featuredmedia":[{"embeddable":true,"href":"https:\/\/bibliapresente.com\/postagens\/wp-json\/wp\/v2\/media\/713"}],"wp:attachment":[{"href":"https:\/\/bibliapresente.com\/postagens\/wp-json\/wp\/v2\/media?parent=763"}],"curies":[{"name":"wp","href":"https:\/\/api.w.org\/{rel}","templated":true}]}}