{"id":761,"date":"2025-02-03T18:08:44","date_gmt":"2025-02-03T21:08:44","guid":{"rendered":"https:\/\/bibliapresente.com\/postagens\/?page_id=761"},"modified":"2025-02-03T18:08:45","modified_gmt":"2025-02-03T21:08:45","slug":"levitico-23","status":"publish","type":"page","link":"https:\/\/bibliapresente.com\/postagens\/livros-da-biblia\/levitico\/levitico-23\/","title":{"rendered":"Lev\u00edtico 23 &#8211; As Festas Sagradas"},"content":{"rendered":"\n<p class=\"has-medium-font-size\" style=\"letter-spacing:1px\"><span><span><sup><b>1<\/b><\/sup><\/span> E falou o SENHOR a Mois\u00e9s, dizendo: <br><span><sup><b>2<\/b><\/sup><\/span> Fala aos filhos de Israel, e dize-lhes: As solenidades do SENHOR, as quais proclamareis santas convoca\u00e7\u00f5es, aquelas ser\u00e3o minhas solenidades. <br><span><sup><b>3<\/b><\/sup><\/span> Seis dias se trabalhar\u00e1, e no s\u00e9timo dia s\u00e1bado de repouso ser\u00e1, convoca\u00e7\u00e3o santa: nenhuma obra fareis; s\u00e1bado \u00e9 do SENHOR em todas as vossas habita\u00e7\u00f5es. <br><span><sup><b>4<\/b><\/sup><\/span> Estas s\u00e3o as solenidades do SENHOR, as convoca\u00e7\u00f5es santas, \u00e0s quais convocareis em seus tempos. <br><span><sup><b>5<\/b><\/sup><\/span> No m\u00eas primeiro, aos catorze do m\u00eas, entre as duas tardes, p\u00e1scoa \u00e9 do SENHOR. <br><span><sup><b>6<\/b><\/sup><\/span> E aos quinze dias deste m\u00eas \u00e9 a solenidade dos p\u00e3es \u00e1zimos ao SENHOR: sete dias comereis p\u00e3es \u00e1zimos. <br><span><sup><b>7<\/b><\/sup><\/span> O primeiro dia tereis santa convoca\u00e7\u00e3o: nenhuma obra servil fareis. <br><span><sup><b>8<\/b><\/sup><\/span> E oferecereis ao SENHOR sete dias oferta acesa: no s\u00e9timo dia ser\u00e1 santa convoca\u00e7\u00e3o; nenhuma obra servil fareis. <br><span><sup><b>9<\/b><\/sup><\/span> E falou o SENHOR a Mois\u00e9s, dizendo: <br><span><sup><b>10<\/b><\/sup><\/span> Fala aos filhos de Israel, e dize-lhes: Quando houverdes entrado na terra que eu vos dou, e ceifardes seu colheita, trareis ao sacerdote um \u00f4mer por prim\u00edcia dos primeiros frutos de vossa colheita; <br><span><sup><b>11<\/b><\/sup><\/span> O qual mover\u00e1 o \u00f4mer diante do SENHOR, para que sejais aceitos: o dia seguinte do s\u00e1bado o mover\u00e1 o sacerdote. <br><span><sup><b>12<\/b><\/sup><\/span> E no dia que oferecerdes o \u00f4mer, oferecereis um cordeiro de ano, sem defeito, em holocausto ao SENHOR. <br><span><sup><b>13<\/b><\/sup><\/span> E sua oferta de cereais ser\u00e1 duas d\u00edzimas de flor de farinha amassada com azeite, oferta acesa ao SENHOR em cheiro suav\u00edssimo; e sua liba\u00e7\u00e3o de vinho, a quarta parte de um him. <br><span><sup><b>14<\/b><\/sup><\/span> E n\u00e3o comereis p\u00e3o, nem gr\u00e3o tostado, nem espiga fresca, at\u00e9 este mesmo dia, at\u00e9 que tenhais oferecido a oferta de vosso Deus; estatuto perp\u00e9tuo \u00e9 por vossas gera\u00e7\u00f5es em todas as vossas habita\u00e7\u00f5es. <br><span><sup><b>15<\/b><\/sup><\/span> E vos haveis de contar desde o dia seguinte do s\u00e1bado, desde o dia em que oferecestes o \u00f4mer da oferta movida; sete semanas completas ser\u00e3o: <br><span><sup><b>16<\/b><\/sup><\/span> At\u00e9 o dia seguinte do s\u00e1bado s\u00e9timo contareis cinquenta dias; ent\u00e3o oferecereis nova oferta de cereais ao SENHOR. <br><span><sup><b>17<\/b><\/sup><\/span> De vossas habita\u00e7\u00f5es trareis dois p\u00e3es para oferta movida, que ser\u00e3o de duas d\u00edzimas de flor de farinha, cozidos com levedura, por prim\u00edcias ao SENHOR. <br><span><sup><b>18<\/b><\/sup><\/span> E oferecereis com o p\u00e3o sete cordeiros de ano sem defeito, e um bezerro das vacas e dois carneiros: ser\u00e3o holocausto ao SENHOR, com sua oferta de cereais e suas liba\u00e7\u00f5es; oferta acesa de suave cheiro ao SENHOR. <br><span><sup><b>19<\/b><\/sup><\/span> Oferecereis tamb\u00e9m um macho de bode por expia\u00e7\u00e3o; e dois cordeiros de ano em sacrif\u00edcio pac\u00edfico. <br><span><sup><b>20<\/b><\/sup><\/span> E o sacerdote os mover\u00e1 em oferta movida diante do SENHOR, com o p\u00e3o das prim\u00edcias, e os dois cordeiros: ser\u00e3o coisa sagrada do SENHOR para o sacerdote. <br><span><sup><b>21<\/b><\/sup><\/span> E convocareis neste mesmo dia; vos ser\u00e1 santa convoca\u00e7\u00e3o: nenhuma obra servil fareis: estatuto perp\u00e9tuo em todas as vossas habita\u00e7\u00f5es por vossas gera\u00e7\u00f5es. <br><span><sup><b>22<\/b><\/sup><\/span> E quando ceifardes a colheita de vossa terra, n\u00e3o acabar\u00e1s de ceifar o canto de tua planta\u00e7\u00e3o, nem espigar\u00e1s tua colheita; para o pobre, e para o estrangeiro a deixar\u00e1s: Eu sou o SENHOR vosso Deus. <br><span><sup><b>23<\/b><\/sup><\/span> E falou o SENHOR a Mois\u00e9s, dizendo: <br><span><sup><b>24<\/b><\/sup><\/span> Fala aos filhos de Israel, e dize-lhes: No m\u00eas s\u00e9timo, ao primeiro do m\u00eas tereis s\u00e1bado, uma comemora\u00e7\u00e3o ao s\u00e3o de trombetas, e uma santa convoca\u00e7\u00e3o. <br><span><sup><b>25<\/b><\/sup><\/span> Nenhuma obra servil fareis; e oferecereis oferta acesa ao SENHOR. <br><span><sup><b>26<\/b><\/sup><\/span> E falou o SENHOR a Mois\u00e9s, dizendo: <br><span><sup><b>27<\/b><\/sup><\/span> Por\u00e9m aos dez deste m\u00eas s\u00e9timo ser\u00e1 o dia das expia\u00e7\u00f5es: tereis santa convoca\u00e7\u00e3o, e afligireis vossas almas, e oferecereis oferta acesa ao SENHOR. <br><span><sup><b>28<\/b><\/sup><\/span> Nenhuma obra fareis neste mesmo dia; porque \u00e9 dia de expia\u00e7\u00f5es, para reconciliar-vos diante do SENHOR vosso Deus. <br><span><sup><b>29<\/b><\/sup><\/span> Porque toda pessoa que n\u00e3o se afligir neste mesmo dia, ser\u00e1 eliminada de seus povos. <br><span><sup><b>30<\/b><\/sup><\/span> E qualquer pessoa que fizer obra alguma neste mesmo dia, eu destruirei a tal pessoa dentre seu povo. <br><span><sup><b>31<\/b><\/sup><\/span> Nenhuma obra fareis: estatuto perp\u00e9tuo \u00e9 por vossas gera\u00e7\u00f5es em todas as vossas habita\u00e7\u00f5es. <br><span><sup><b>32<\/b><\/sup><\/span> S\u00e1bado de repouso ser\u00e1 a v\u00f3s, e afligireis vossas almas, come\u00e7ando aos nove do m\u00eas na tarde: de tarde a tarde descansareis vosso s\u00e1bado. <br><span><sup><b>33<\/b><\/sup><\/span> E falou o SENHOR a Mois\u00e9s, dizendo: <br><span><sup><b>34<\/b><\/sup><\/span> Fala aos filhos de Israel, e dize-lhes: Aos quinze dias deste m\u00eas s\u00e9timo ser\u00e1 a solenidade das cabanas ao SENHOR por sete dias. <br><span><sup><b>35<\/b><\/sup><\/span> O primeiro dia haver\u00e1 santa convoca\u00e7\u00e3o: nenhuma obra servil fareis. <br><span><sup><b>36<\/b><\/sup><\/span> Sete dias oferecereis oferta acesa ao SENHOR: o oitavo dia tereis santa convoca\u00e7\u00e3o, e oferecereis oferta acesa ao SENHOR: \u00e9 festa: nenhuma obra servil fareis. <br><span><sup><b>37<\/b><\/sup><\/span> Estas s\u00e3o as solenidades do SENHOR, \u00e0s que convocareis santas reuni\u00f5es, para oferecer oferta acesa ao SENHOR, holocausto e oferta de cereais, sacrif\u00edcio e liba\u00e7\u00f5es, cada coisa em seu tempo: <br><span><sup><b>38<\/b><\/sup><\/span> Al\u00e9m disso dos s\u00e1bados do SENHOR e al\u00e9m de vossos presentes, e a mais de todos vossos votos, e al\u00e9m de todas as vossas ofertas volunt\u00e1rias, que dareis ao SENHOR. <br><span><sup><b>39<\/b><\/sup><\/span> Por\u00e9m aos quinze do m\u00eas s\u00e9timo, quando houverdes recolhido o fruto da terra, fareis festa ao SENHOR por sete dias: o primeiro dia ser\u00e1 s\u00e1bado; s\u00e1bado ser\u00e1 tamb\u00e9m o oitavo dia. <br><span><sup><b>40<\/b><\/sup><\/span> E tomareis o primeiro dia galhos das mais belas \u00e1rvores, ramos de palmeiras, e ramos de \u00e1rvores frondosas, e salgueiros dos ribeiros; e vos regozijareis diante do SENHOR vosso Deus por sete dias. <br><span><sup><b>41<\/b><\/sup><\/span> E lhe fareis festa ao SENHOR por sete dias cada ano; ser\u00e1 estatuto perp\u00e9tuo por vossas gera\u00e7\u00f5es; no m\u00eas s\u00e9timo a fareis. <br><span><sup><b>42<\/b><\/sup><\/span> Em cabanas habitareis sete dias: todo natural de Israel habitar\u00e1 em cabanas; <br><span><sup><b>43<\/b><\/sup><\/span> Para que saibam vossos descendentes que em cabanas fiz eu habitar aos filhos de Israel, quando os tirei da terra do Egito: Eu sou o SENHOR vosso Deus. <br><span><sup><b>44<\/b><\/sup><\/span> Assim falou Mois\u00e9s aos filhos de Israel sobre as solenidades do SENHOR.<\/span><\/p>\n\n\n\n<div class=\"wp-block-columns is-layout-flex wp-container-core-columns-is-layout-9d6595d7 wp-block-columns-is-layout-flex\">\n<div class=\"wp-block-column is-layout-flow wp-block-column-is-layout-flow\">\n<p><a href=\"\/levitico-22\" title=\"\">Lev\u00edtico 22<\/a><\/p>\n<\/div>\n\n\n\n<div class=\"wp-block-column is-layout-flow wp-block-column-is-layout-flow\">\n<p class=\"has-text-align-right\"><a href=\"\/levitico-24\" title=\"\">Lev\u00edtico 24<\/a><\/p>\n<\/div>\n<\/div>\n\n\n\n<h2 class=\"wp-block-heading\">Descri\u00e7\u00e3o &#8211; Lev\u00edtico 23<\/h2>\n\n\n\n<p class=\"has-medium-font-size\">G\u00eanesis 50 encerra o livro de G\u00eanesis com a morte de Jac\u00f3 e a prepara\u00e7\u00e3o de seu enterro. Jos\u00e9, agora governante do Egito, cumpre a promessa de levar o corpo de seu pai de volta \u00e0 terra prometida. O cap\u00edtulo tamb\u00e9m destaca o perd\u00e3o de Jos\u00e9 aos seus irm\u00e3os, que temiam sua vingan\u00e7a ap\u00f3s a morte de Jac\u00f3. Jos\u00e9 revela a soberania de Deus sobre os eventos da vida deles, mostrando como Ele usou as adversidades para cumprir Seu prop\u00f3sito.<\/p>\n\n\n\n<h3 class=\"wp-block-heading\">Livro do Lev\u00edtico:<\/h3>\n\n\n<ul class=\"wp-block-page-list\"><li class=\"wp-block-pages-list__item\"><a class=\"wp-block-pages-list__item__link\" href=\"https:\/\/bibliapresente.com\/postagens\/livros-da-biblia\/levitico\/levitico-1\/\">Lev\u00edtico 1 &#8211; A Oferta do Holocausto<\/a><\/li><li class=\"wp-block-pages-list__item\"><a class=\"wp-block-pages-list__item__link\" href=\"https:\/\/bibliapresente.com\/postagens\/livros-da-biblia\/levitico\/levitico-2\/\">Lev\u00edtico 2 &#8211; A Oferta de Manjares e Gr\u00e3os<\/a><\/li><li class=\"wp-block-pages-list__item\"><a class=\"wp-block-pages-list__item__link\" href=\"https:\/\/bibliapresente.com\/postagens\/livros-da-biblia\/levitico\/levitico-3\/\">Lev\u00edtico 3 &#8211; Oferta Pac\u00edfica e Sacrif\u00edcios<\/a><\/li><li class=\"wp-block-pages-list__item\"><a class=\"wp-block-pages-list__item__link\" href=\"https:\/\/bibliapresente.com\/postagens\/livros-da-biblia\/levitico\/levitico-4\/\">Lev\u00edtico 4 &#8211; A Oferta Pelo Pecado<\/a><\/li><li class=\"wp-block-pages-list__item\"><a class=\"wp-block-pages-list__item__link\" href=\"https:\/\/bibliapresente.com\/postagens\/livros-da-biblia\/levitico\/levitico-5\/\">Lev\u00edtico 5 &#8211; Oferta pela Culpa e Repara\u00e7\u00e3o<\/a><\/li><li class=\"wp-block-pages-list__item\"><a class=\"wp-block-pages-list__item__link\" href=\"https:\/\/bibliapresente.com\/postagens\/livros-da-biblia\/levitico\/levitico-6\/\">Lev\u00edtico 6 &#8211; Leis do Holocausto<\/a><\/li><li class=\"wp-block-pages-list__item\"><a class=\"wp-block-pages-list__item__link\" href=\"https:\/\/bibliapresente.com\/postagens\/livros-da-biblia\/levitico\/levitico-7\/\">Lev\u00edtico 7 &#8211; Ofertas Pac\u00edficas<\/a><\/li><li class=\"wp-block-pages-list__item\"><a class=\"wp-block-pages-list__item__link\" href=\"https:\/\/bibliapresente.com\/postagens\/livros-da-biblia\/levitico\/levitico-8\/\">Lev\u00edtico 8 &#8211; Consagra\u00e7\u00e3o de Aar\u00e3o<\/a><\/li><li class=\"wp-block-pages-list__item\"><a class=\"wp-block-pages-list__item__link\" href=\"https:\/\/bibliapresente.com\/postagens\/livros-da-biblia\/levitico\/levitico-9\/\">Lev\u00edtico 9 &#8211; Primeiro Sacrif\u00edcio de Aar\u00e3o<\/a><\/li><li class=\"wp-block-pages-list__item\"><a class=\"wp-block-pages-list__item__link\" href=\"https:\/\/bibliapresente.com\/postagens\/livros-da-biblia\/levitico\/levitico-10\/\">Lev\u00edtico 10 &#8211; Nadabe e Abi\u00fa<\/a><\/li><li class=\"wp-block-pages-list__item\"><a class=\"wp-block-pages-list__item__link\" href=\"https:\/\/bibliapresente.com\/postagens\/livros-da-biblia\/levitico\/levitico-11\/\">Lev\u00edtico 11 &#8211; Animais Puros e Impuros<\/a><\/li><li class=\"wp-block-pages-list__item\"><a class=\"wp-block-pages-list__item__link\" href=\"https:\/\/bibliapresente.com\/postagens\/livros-da-biblia\/levitico\/levitico-12\/\">Lev\u00edtico 12 &#8211; Purifica\u00e7\u00e3o ap\u00f3s o Parto<\/a><\/li><li class=\"wp-block-pages-list__item\"><a class=\"wp-block-pages-list__item__link\" href=\"https:\/\/bibliapresente.com\/postagens\/livros-da-biblia\/levitico\/levitico-13\/\">Lev\u00edtico 13 &#8211; Lepra e Diagn\u00f3stico<\/a><\/li><li class=\"wp-block-pages-list__item\"><a class=\"wp-block-pages-list__item__link\" href=\"https:\/\/bibliapresente.com\/postagens\/livros-da-biblia\/levitico\/levitico-14\/\">Lev\u00edtico 14 &#8211; Purifica\u00e7\u00e3o do Leproso<\/a><\/li><li class=\"wp-block-pages-list__item\"><a class=\"wp-block-pages-list__item__link\" href=\"https:\/\/bibliapresente.com\/postagens\/livros-da-biblia\/levitico\/levitico-15\/\">Lev\u00edtico 15 &#8211; Fluxos Corporais e Impureza<\/a><\/li><li class=\"wp-block-pages-list__item\"><a class=\"wp-block-pages-list__item__link\" href=\"https:\/\/bibliapresente.com\/postagens\/livros-da-biblia\/levitico\/levitico-16\/\">Lev\u00edtico 16 &#8211; Yom Kipur: O Dia da Expia\u00e7\u00e3o<\/a><\/li><li class=\"wp-block-pages-list__item\"><a class=\"wp-block-pages-list__item__link\" href=\"https:\/\/bibliapresente.com\/postagens\/livros-da-biblia\/levitico\/levitico-17\/\">Lev\u00edtico 17 &#8211; A Proibi\u00e7\u00e3o de Comer Sangue<\/a><\/li><li class=\"wp-block-pages-list__item\"><a class=\"wp-block-pages-list__item__link\" href=\"https:\/\/bibliapresente.com\/postagens\/livros-da-biblia\/levitico\/levitico-18\/\">Lev\u00edtico 18 &#8211; Leis sobre Imoralidade<\/a><\/li><li class=\"wp-block-pages-list__item\"><a class=\"wp-block-pages-list__item__link\" href=\"https:\/\/bibliapresente.com\/postagens\/livros-da-biblia\/levitico\/levitico-19\/\">Lev\u00edtico 19 &#8211; Leis de Santidade<\/a><\/li><li class=\"wp-block-pages-list__item\"><a class=\"wp-block-pages-list__item__link\" href=\"https:\/\/bibliapresente.com\/postagens\/livros-da-biblia\/levitico\/levitico-20\/\">Lev\u00edtico 20 &#8211; Puni\u00e7\u00f5es para Pecados Graves<\/a><\/li><li class=\"wp-block-pages-list__item\"><a class=\"wp-block-pages-list__item__link\" href=\"https:\/\/bibliapresente.com\/postagens\/livros-da-biblia\/levitico\/levitico-21\/\">Lev\u00edtico 21 &#8211; Regras para Sacerdotes<\/a><\/li><li class=\"wp-block-pages-list__item\"><a class=\"wp-block-pages-list__item__link\" href=\"https:\/\/bibliapresente.com\/postagens\/livros-da-biblia\/levitico\/levitico-22\/\">Lev\u00edtico 22 &#8211; A Aceita\u00e7\u00e3o de Ofertas<\/a><\/li><li class=\"wp-block-pages-list__item\"><a class=\"wp-block-pages-list__item__link\" href=\"https:\/\/bibliapresente.com\/postagens\/livros-da-biblia\/levitico\/levitico-23\/\">Lev\u00edtico 23 &#8211; As Festas Sagradas<\/a><\/li><li class=\"wp-block-pages-list__item\"><a class=\"wp-block-pages-list__item__link\" href=\"https:\/\/bibliapresente.com\/postagens\/livros-da-biblia\/levitico\/levitico-24\/\">Lev\u00edtico 24 &#8211; O Castigo pela Blasf\u00eamia<\/a><\/li><li class=\"wp-block-pages-list__item\"><a class=\"wp-block-pages-list__item__link\" href=\"https:\/\/bibliapresente.com\/postagens\/livros-da-biblia\/levitico\/levitico-25\/\">Lev\u00edtico 25 &#8211; O Ano Sab\u00e1tico e o Jubileu<\/a><\/li><li class=\"wp-block-pages-list__item\"><a class=\"wp-block-pages-list__item__link\" href=\"https:\/\/bibliapresente.com\/postagens\/livros-da-biblia\/levitico\/levitico-26\/\">Lev\u00edtico 26 &#8211; B\u00ean\u00e7\u00e3os e Maldi\u00e7\u00f5es pela Lei<\/a><\/li><li class=\"wp-block-pages-list__item\"><a class=\"wp-block-pages-list__item__link\" href=\"https:\/\/bibliapresente.com\/postagens\/livros-da-biblia\/levitico\/levitico-27\/\">Lev\u00edtico 27 &#8211; Leis sobre Votos e D\u00edzimos<\/a><\/li><\/ul>\n\n\n<p><\/p>\n","protected":false},"excerpt":{"rendered":"<p>1 E falou o SENHOR a Mois\u00e9s, dizendo: 2 Fala aos filhos de Israel, e dize-lhes: As solenidades do SENHOR, as quais proclamareis santas convoca\u00e7\u00f5es, aquelas ser\u00e3o minhas solenidades. 3 Seis dias se trabalhar\u00e1, e no s\u00e9timo dia s\u00e1bado de repouso ser\u00e1, convoca\u00e7\u00e3o santa: nenhuma obra fareis; s\u00e1bado \u00e9 do SENHOR em todas as vossas &hellip; <\/p>\n","protected":false},"author":2,"featured_media":713,"parent":712,"menu_order":23,"comment_status":"closed","ping_status":"closed","template":"","meta":{"om_disable_all_campaigns":false,"_monsterinsights_skip_tracking":false,"_monsterinsights_sitenote_active":false,"_monsterinsights_sitenote_note":"","_monsterinsights_sitenote_category":0,"footnotes":""},"class_list":["post-761","page","type-page","status-publish","has-post-thumbnail","hentry"],"aioseo_notices":[],"_links":{"self":[{"href":"https:\/\/bibliapresente.com\/postagens\/wp-json\/wp\/v2\/pages\/761","targetHints":{"allow":["GET"]}}],"collection":[{"href":"https:\/\/bibliapresente.com\/postagens\/wp-json\/wp\/v2\/pages"}],"about":[{"href":"https:\/\/bibliapresente.com\/postagens\/wp-json\/wp\/v2\/types\/page"}],"author":[{"embeddable":true,"href":"https:\/\/bibliapresente.com\/postagens\/wp-json\/wp\/v2\/users\/2"}],"replies":[{"embeddable":true,"href":"https:\/\/bibliapresente.com\/postagens\/wp-json\/wp\/v2\/comments?post=761"}],"version-history":[{"count":5,"href":"https:\/\/bibliapresente.com\/postagens\/wp-json\/wp\/v2\/pages\/761\/revisions"}],"predecessor-version":[{"id":1331,"href":"https:\/\/bibliapresente.com\/postagens\/wp-json\/wp\/v2\/pages\/761\/revisions\/1331"}],"up":[{"embeddable":true,"href":"https:\/\/bibliapresente.com\/postagens\/wp-json\/wp\/v2\/pages\/712"}],"wp:featuredmedia":[{"embeddable":true,"href":"https:\/\/bibliapresente.com\/postagens\/wp-json\/wp\/v2\/media\/713"}],"wp:attachment":[{"href":"https:\/\/bibliapresente.com\/postagens\/wp-json\/wp\/v2\/media?parent=761"}],"curies":[{"name":"wp","href":"https:\/\/api.w.org\/{rel}","templated":true}]}}