{"id":759,"date":"2025-02-03T18:07:08","date_gmt":"2025-02-03T21:07:08","guid":{"rendered":"https:\/\/bibliapresente.com\/postagens\/?page_id=759"},"modified":"2025-02-03T18:07:08","modified_gmt":"2025-02-03T21:07:08","slug":"levitico-22","status":"publish","type":"page","link":"https:\/\/bibliapresente.com\/postagens\/livros-da-biblia\/levitico\/levitico-22\/","title":{"rendered":"Lev\u00edtico 22 &#8211; A Aceita\u00e7\u00e3o de Ofertas"},"content":{"rendered":"\n<p class=\"has-medium-font-size\" style=\"letter-spacing:1px\"><span><span><sup><b>1<\/b><\/sup><\/span> E falou o SENHOR a Mois\u00e9s, dizendo: <br><span><sup><b>2<\/b><\/sup><\/span> Dize a Ar\u00e3o e a seus filhos, que se abstenham das coisas santas dos filhos de Israel, e que n\u00e3o profanem meu santo nome no que eles me santificam: Eu sou o SENHOR. <br><span><sup><b>3<\/b><\/sup><\/span> Dize-lhes: Todo homem de toda vossa descend\u00eancia em vossas gera\u00e7\u00f5es que chegar \u00e0s coisas sagradas, que os filhos de Israel consagram ao SENHOR, tendo imund\u00edcia sobre si, de diante de mim ser\u00e1 eliminada sua alma: Eu sou o SENHOR. <br><span><sup><b>4<\/b><\/sup><\/span> Qualquer homem da semente de Ar\u00e3o que for leproso, ou padecer fluxo, n\u00e3o comer\u00e1 das coisas sagradas at\u00e9 que esteja limpo: e o que tocar qualquer coisa impura de cad\u00e1ver, ou o homem do qual houver sa\u00eddo derramamento de s\u00eamen; <br><span><sup><b>5<\/b><\/sup><\/span> Ou o homem que houver tocado qualquer r\u00e9ptil ou inseto, pelo qual ser\u00e1 impuro, ou homem pelo qual venha a ser impuro, conforme qualquer imund\u00edcia sua; <br><span><sup><b>6<\/b><\/sup><\/span> A pessoa que o tocar, ser\u00e1 impura at\u00e9 \u00e0 tarde, e n\u00e3o comer\u00e1 das coisas sagradas antes que tenha lavado sua carne com \u00e1gua. <br><span><sup><b>7<\/b><\/sup><\/span> E quando o sol se puser, ser\u00e1 limpo; e depois comer\u00e1 as coisas sagradas, porque seu p\u00e3o \u00e9. <br><span><sup><b>8<\/b><\/sup><\/span> O morto naturalmente nem despeda\u00e7ado por fera n\u00e3o comer\u00e1, para contaminar-se em ele: Eu sou o SENHOR. <br><span><sup><b>9<\/b><\/sup><\/span> Guardem, pois, minha ordenan\u00e7a, e n\u00e3o levem pecado por ele, n\u00e3o seja que assim morram quando a profanarem: Eu sou o SENHOR que os santifico. <br><span><sup><b>10<\/b><\/sup><\/span> Nenhum estranho comer\u00e1 coisa sagrada; o h\u00f3spede do sacerdote, nem o empregado, n\u00e3o comer\u00e1 coisa sagrada. <br><span><sup><b>11<\/b><\/sup><\/span> Mas o sacerdote, quando comprar pessoa de seu dinheiro, esta comer\u00e1 dela, e o nascido em sua casa: estes comer\u00e3o de seu p\u00e3o. <br><span><sup><b>12<\/b><\/sup><\/span> Por\u00e9m a filha do sacerdote, quando se casar com homem estranho, ela n\u00e3o comer\u00e1 da oferta das coisas sagradas. <br><span><sup><b>13<\/b><\/sup><\/span> Por\u00e9m se a filha do sacerdote for vi\u00fava, ou repudiada, e n\u00e3o tiver descend\u00eancia, e se houver voltado \u00e0 casa de seu pai, como em sua juventude, comer\u00e1 do p\u00e3o de seu pai; mas nenhum estranho coma dele. <br><span><sup><b>14<\/b><\/sup><\/span> E o que por acidente comer coisa sagrada, acrescentar\u00e1 a ela seu quinto, e o dar\u00e1 ao sacerdote com a coisa sagrada. <br><span><sup><b>15<\/b><\/sup><\/span> N\u00e3o profanar\u00e3o, pois, as coisas santas dos filhos de Israel, as quais separam para o SENHOR: <br><span><sup><b>16<\/b><\/sup><\/span> E n\u00e3o lhes far\u00e3o levar a iniquidade do pecado, comendo as coisas santas deles: porque eu o SENHOR sou o que os santifico. <br><span><sup><b>17<\/b><\/sup><\/span> E falou o SENHOR a Mois\u00e9s, dizendo: <br><span><sup><b>18<\/b><\/sup><\/span> Fala a Ar\u00e3o e a seus filhos, e a todos os filhos de Israel, e dize-lhes: Qualquer homem da casa de Israel, ou dos estrangeiros em Israel, que oferecer sua oferta por todos os seus votos, e por todas seus ofertas volunt\u00e1rias que oferecerem ao SENHOR em holocausto. <br><span><sup><b>19<\/b><\/sup><\/span> De vossa vontade oferecereis macho sem defeito dentre as vacas, dentre os cordeiros, ou dentre as cabras. <br><span><sup><b>20<\/b><\/sup><\/span> Nenhuma coisa em que tenha falta oferecereis, porque n\u00e3o ser\u00e1 aceito por v\u00f3s. <br><span><sup><b>21<\/b><\/sup><\/span> Tamb\u00e9m, quando algu\u00e9m oferecer sacrif\u00edcio pac\u00edfico ao SENHOR para presentear voto, ou oferecendo voluntariamente, seja de vacas ou de ovelhas, sem m\u00e1cula ser\u00e1 aceito; n\u00e3o h\u00e1 de haver nele falta. <br><span><sup><b>22<\/b><\/sup><\/span> Cego, ou aleijado, ou mutilado, ou com verruga, ou sarnento ou com impingens, n\u00e3o oferecereis estes ao SENHOR, nem deles poreis oferta acesa sobre o altar do SENHOR. <br><span><sup><b>23<\/b><\/sup><\/span> Boi ou carneiro que tenha de mais ou de menos, poder\u00e1s oferecer por oferta volunt\u00e1ria; mas por voto n\u00e3o ser\u00e1 aceito. <br><span><sup><b>24<\/b><\/sup><\/span> Ferido ou golpeado, rompido ou cortado, n\u00e3o oferecereis ao SENHOR, nem em vossa terra o fareis. <br><span><sup><b>25<\/b><\/sup><\/span> E da m\u00e3o de filho de estrangeiro n\u00e3o oferecereis o p\u00e3o de vosso Deus de todas estas coisas; porque sua corrup\u00e7\u00e3o est\u00e1 nelas: h\u00e1 nelas falta, n\u00e3o se vos aceitar\u00e3o. <br><span><sup><b>26<\/b><\/sup><\/span> E falou o SENHOR a Mois\u00e9s, dizendo: <br><span><sup><b>27<\/b><\/sup><\/span> O boi, ou o cordeiro, ou a cabra, quando nascer, sete dias estar\u00e1 mamando de sua m\u00e3e: mas desde o oitavo dia em adiante ser\u00e1 aceito para oferta de sacrif\u00edcio acendido ao SENHOR. <br><span><sup><b>28<\/b><\/sup><\/span> E seja boi ou carneiro, n\u00e3o degolareis em um dia a o e a seu filho. <br><span><sup><b>29<\/b><\/sup><\/span> E quando sacrificardes sacrif\u00edcio de a\u00e7\u00e3o de gra\u00e7as ao SENHOR, de vossa vontade o sacrificareis. <br><span><sup><b>30<\/b><\/sup><\/span> No mesmo dia se comer\u00e1; n\u00e3o deixareis dele para outro dia: Eu sou o SENHOR. <br><span><sup><b>31<\/b><\/sup><\/span> Guardai pois meus mandamentos, e executai-os: Eu sou o SENHOR. <br><span><sup><b>32<\/b><\/sup><\/span> E n\u00e3o profaneis meu santo nome, e eu me santificarei em meio dos filhos de Israel: Eu sou o SENHOR que vos santifico; <br><span><sup><b>33<\/b><\/sup><\/span> Que vos tirei da terra do Egito, para ser vosso Deus: Eu sou o SENHOR.<\/span><\/p>\n\n\n\n<div class=\"wp-block-columns is-layout-flex wp-container-core-columns-is-layout-9d6595d7 wp-block-columns-is-layout-flex\">\n<div class=\"wp-block-column is-layout-flow wp-block-column-is-layout-flow\">\n<p><a href=\"\/levitico-21\" title=\"\">Lev\u00edtico 21<\/a><\/p>\n<\/div>\n\n\n\n<div class=\"wp-block-column is-layout-flow wp-block-column-is-layout-flow\">\n<p class=\"has-text-align-right\"><a href=\"\/levitico-3\">Lev\u00edtico 23<\/a><\/p>\n<\/div>\n<\/div>\n\n\n\n<h2 class=\"wp-block-heading\">Descri\u00e7\u00e3o &#8211; Lev\u00edtico 22<\/h2>\n\n\n\n<p class=\"has-medium-font-size\">Lev\u00edtico 22 trata das regras que governam a pureza dos sacerdotes e das ofertas no Tabern\u00e1culo. O cap\u00edtulo detalha as exig\u00eancias para que os sacerdotes possam comer as ofertas sagradas, como a necessidade de se manterem puros e n\u00e3o se contaminarem com impurezas. Tamb\u00e9m estabelece restri\u00e7\u00f5es sobre quem pode oferecer sacrif\u00edcios e quais animais s\u00e3o adequados para os holocaustos. Essas leis garantem que as ofertas sejam aceitas por Deus e preservam a santidade do culto. Dentro do contexto de Lev\u00edtico, o cap\u00edtulo reflete a \u00eanfase na obedi\u00eancia, pureza e santidade, fundamentais para a rela\u00e7\u00e3o do povo com Deus.<\/p>\n\n\n\n<h3 class=\"wp-block-heading\">Livro do Lev\u00edtico:<\/h3>\n\n\n<ul class=\"wp-block-page-list\"><li class=\"wp-block-pages-list__item\"><a class=\"wp-block-pages-list__item__link\" href=\"https:\/\/bibliapresente.com\/postagens\/livros-da-biblia\/levitico\/levitico-1\/\">Lev\u00edtico 1 &#8211; A Oferta do Holocausto<\/a><\/li><li class=\"wp-block-pages-list__item\"><a class=\"wp-block-pages-list__item__link\" href=\"https:\/\/bibliapresente.com\/postagens\/livros-da-biblia\/levitico\/levitico-2\/\">Lev\u00edtico 2 &#8211; A Oferta de Manjares e Gr\u00e3os<\/a><\/li><li class=\"wp-block-pages-list__item\"><a class=\"wp-block-pages-list__item__link\" href=\"https:\/\/bibliapresente.com\/postagens\/livros-da-biblia\/levitico\/levitico-3\/\">Lev\u00edtico 3 &#8211; Oferta Pac\u00edfica e Sacrif\u00edcios<\/a><\/li><li class=\"wp-block-pages-list__item\"><a class=\"wp-block-pages-list__item__link\" href=\"https:\/\/bibliapresente.com\/postagens\/livros-da-biblia\/levitico\/levitico-4\/\">Lev\u00edtico 4 &#8211; A Oferta Pelo Pecado<\/a><\/li><li class=\"wp-block-pages-list__item\"><a class=\"wp-block-pages-list__item__link\" href=\"https:\/\/bibliapresente.com\/postagens\/livros-da-biblia\/levitico\/levitico-5\/\">Lev\u00edtico 5 &#8211; Oferta pela Culpa e Repara\u00e7\u00e3o<\/a><\/li><li class=\"wp-block-pages-list__item\"><a class=\"wp-block-pages-list__item__link\" href=\"https:\/\/bibliapresente.com\/postagens\/livros-da-biblia\/levitico\/levitico-6\/\">Lev\u00edtico 6 &#8211; Leis do Holocausto<\/a><\/li><li class=\"wp-block-pages-list__item\"><a class=\"wp-block-pages-list__item__link\" href=\"https:\/\/bibliapresente.com\/postagens\/livros-da-biblia\/levitico\/levitico-7\/\">Lev\u00edtico 7 &#8211; Ofertas Pac\u00edficas<\/a><\/li><li class=\"wp-block-pages-list__item\"><a class=\"wp-block-pages-list__item__link\" href=\"https:\/\/bibliapresente.com\/postagens\/livros-da-biblia\/levitico\/levitico-8\/\">Lev\u00edtico 8 &#8211; Consagra\u00e7\u00e3o de Aar\u00e3o<\/a><\/li><li class=\"wp-block-pages-list__item\"><a class=\"wp-block-pages-list__item__link\" href=\"https:\/\/bibliapresente.com\/postagens\/livros-da-biblia\/levitico\/levitico-9\/\">Lev\u00edtico 9 &#8211; Primeiro Sacrif\u00edcio de Aar\u00e3o<\/a><\/li><li class=\"wp-block-pages-list__item\"><a class=\"wp-block-pages-list__item__link\" href=\"https:\/\/bibliapresente.com\/postagens\/livros-da-biblia\/levitico\/levitico-10\/\">Lev\u00edtico 10 &#8211; Nadabe e Abi\u00fa<\/a><\/li><li class=\"wp-block-pages-list__item\"><a class=\"wp-block-pages-list__item__link\" href=\"https:\/\/bibliapresente.com\/postagens\/livros-da-biblia\/levitico\/levitico-11\/\">Lev\u00edtico 11 &#8211; Animais Puros e Impuros<\/a><\/li><li class=\"wp-block-pages-list__item\"><a class=\"wp-block-pages-list__item__link\" href=\"https:\/\/bibliapresente.com\/postagens\/livros-da-biblia\/levitico\/levitico-12\/\">Lev\u00edtico 12 &#8211; Purifica\u00e7\u00e3o ap\u00f3s o Parto<\/a><\/li><li class=\"wp-block-pages-list__item\"><a class=\"wp-block-pages-list__item__link\" href=\"https:\/\/bibliapresente.com\/postagens\/livros-da-biblia\/levitico\/levitico-13\/\">Lev\u00edtico 13 &#8211; Lepra e Diagn\u00f3stico<\/a><\/li><li class=\"wp-block-pages-list__item\"><a class=\"wp-block-pages-list__item__link\" href=\"https:\/\/bibliapresente.com\/postagens\/livros-da-biblia\/levitico\/levitico-14\/\">Lev\u00edtico 14 &#8211; Purifica\u00e7\u00e3o do Leproso<\/a><\/li><li class=\"wp-block-pages-list__item\"><a class=\"wp-block-pages-list__item__link\" href=\"https:\/\/bibliapresente.com\/postagens\/livros-da-biblia\/levitico\/levitico-15\/\">Lev\u00edtico 15 &#8211; Fluxos Corporais e Impureza<\/a><\/li><li class=\"wp-block-pages-list__item\"><a class=\"wp-block-pages-list__item__link\" href=\"https:\/\/bibliapresente.com\/postagens\/livros-da-biblia\/levitico\/levitico-16\/\">Lev\u00edtico 16 &#8211; Yom Kipur: O Dia da Expia\u00e7\u00e3o<\/a><\/li><li class=\"wp-block-pages-list__item\"><a class=\"wp-block-pages-list__item__link\" href=\"https:\/\/bibliapresente.com\/postagens\/livros-da-biblia\/levitico\/levitico-17\/\">Lev\u00edtico 17 &#8211; A Proibi\u00e7\u00e3o de Comer Sangue<\/a><\/li><li class=\"wp-block-pages-list__item\"><a class=\"wp-block-pages-list__item__link\" href=\"https:\/\/bibliapresente.com\/postagens\/livros-da-biblia\/levitico\/levitico-18\/\">Lev\u00edtico 18 &#8211; Leis sobre Imoralidade<\/a><\/li><li class=\"wp-block-pages-list__item\"><a class=\"wp-block-pages-list__item__link\" href=\"https:\/\/bibliapresente.com\/postagens\/livros-da-biblia\/levitico\/levitico-19\/\">Lev\u00edtico 19 &#8211; Leis de Santidade<\/a><\/li><li class=\"wp-block-pages-list__item\"><a class=\"wp-block-pages-list__item__link\" href=\"https:\/\/bibliapresente.com\/postagens\/livros-da-biblia\/levitico\/levitico-20\/\">Lev\u00edtico 20 &#8211; Puni\u00e7\u00f5es para Pecados Graves<\/a><\/li><li class=\"wp-block-pages-list__item\"><a class=\"wp-block-pages-list__item__link\" href=\"https:\/\/bibliapresente.com\/postagens\/livros-da-biblia\/levitico\/levitico-21\/\">Lev\u00edtico 21 &#8211; Regras para Sacerdotes<\/a><\/li><li class=\"wp-block-pages-list__item\"><a class=\"wp-block-pages-list__item__link\" href=\"https:\/\/bibliapresente.com\/postagens\/livros-da-biblia\/levitico\/levitico-22\/\">Lev\u00edtico 22 &#8211; A Aceita\u00e7\u00e3o de Ofertas<\/a><\/li><li class=\"wp-block-pages-list__item\"><a class=\"wp-block-pages-list__item__link\" href=\"https:\/\/bibliapresente.com\/postagens\/livros-da-biblia\/levitico\/levitico-23\/\">Lev\u00edtico 23 &#8211; As Festas Sagradas<\/a><\/li><li class=\"wp-block-pages-list__item\"><a class=\"wp-block-pages-list__item__link\" href=\"https:\/\/bibliapresente.com\/postagens\/livros-da-biblia\/levitico\/levitico-24\/\">Lev\u00edtico 24 &#8211; O Castigo pela Blasf\u00eamia<\/a><\/li><li class=\"wp-block-pages-list__item\"><a class=\"wp-block-pages-list__item__link\" href=\"https:\/\/bibliapresente.com\/postagens\/livros-da-biblia\/levitico\/levitico-25\/\">Lev\u00edtico 25 &#8211; O Ano Sab\u00e1tico e o Jubileu<\/a><\/li><li class=\"wp-block-pages-list__item\"><a class=\"wp-block-pages-list__item__link\" href=\"https:\/\/bibliapresente.com\/postagens\/livros-da-biblia\/levitico\/levitico-26\/\">Lev\u00edtico 26 &#8211; B\u00ean\u00e7\u00e3os e Maldi\u00e7\u00f5es pela Lei<\/a><\/li><li class=\"wp-block-pages-list__item\"><a class=\"wp-block-pages-list__item__link\" href=\"https:\/\/bibliapresente.com\/postagens\/livros-da-biblia\/levitico\/levitico-27\/\">Lev\u00edtico 27 &#8211; Leis sobre Votos e D\u00edzimos<\/a><\/li><\/ul>\n\n\n<p><\/p>\n","protected":false},"excerpt":{"rendered":"<p>1 E falou o SENHOR a Mois\u00e9s, dizendo: 2 Dize a Ar\u00e3o e a seus filhos, que se abstenham das coisas santas dos filhos de Israel, e que n\u00e3o profanem meu santo nome no que eles me santificam: Eu sou o SENHOR. 3 Dize-lhes: Todo homem de toda vossa descend\u00eancia em vossas gera\u00e7\u00f5es que chegar &hellip; <\/p>\n","protected":false},"author":2,"featured_media":713,"parent":712,"menu_order":22,"comment_status":"closed","ping_status":"closed","template":"","meta":{"om_disable_all_campaigns":false,"_monsterinsights_skip_tracking":false,"_monsterinsights_sitenote_active":false,"_monsterinsights_sitenote_note":"","_monsterinsights_sitenote_category":0,"footnotes":""},"class_list":["post-759","page","type-page","status-publish","has-post-thumbnail","hentry"],"aioseo_notices":[],"_links":{"self":[{"href":"https:\/\/bibliapresente.com\/postagens\/wp-json\/wp\/v2\/pages\/759","targetHints":{"allow":["GET"]}}],"collection":[{"href":"https:\/\/bibliapresente.com\/postagens\/wp-json\/wp\/v2\/pages"}],"about":[{"href":"https:\/\/bibliapresente.com\/postagens\/wp-json\/wp\/v2\/types\/page"}],"author":[{"embeddable":true,"href":"https:\/\/bibliapresente.com\/postagens\/wp-json\/wp\/v2\/users\/2"}],"replies":[{"embeddable":true,"href":"https:\/\/bibliapresente.com\/postagens\/wp-json\/wp\/v2\/comments?post=759"}],"version-history":[{"count":5,"href":"https:\/\/bibliapresente.com\/postagens\/wp-json\/wp\/v2\/pages\/759\/revisions"}],"predecessor-version":[{"id":1356,"href":"https:\/\/bibliapresente.com\/postagens\/wp-json\/wp\/v2\/pages\/759\/revisions\/1356"}],"up":[{"embeddable":true,"href":"https:\/\/bibliapresente.com\/postagens\/wp-json\/wp\/v2\/pages\/712"}],"wp:featuredmedia":[{"embeddable":true,"href":"https:\/\/bibliapresente.com\/postagens\/wp-json\/wp\/v2\/media\/713"}],"wp:attachment":[{"href":"https:\/\/bibliapresente.com\/postagens\/wp-json\/wp\/v2\/media?parent=759"}],"curies":[{"name":"wp","href":"https:\/\/api.w.org\/{rel}","templated":true}]}}