{"id":757,"date":"2025-02-03T18:06:14","date_gmt":"2025-02-03T21:06:14","guid":{"rendered":"https:\/\/bibliapresente.com\/postagens\/?page_id=757"},"modified":"2025-02-03T18:06:15","modified_gmt":"2025-02-03T21:06:15","slug":"levitico-21","status":"publish","type":"page","link":"https:\/\/bibliapresente.com\/postagens\/livros-da-biblia\/levitico\/levitico-21\/","title":{"rendered":"Lev\u00edtico 21 &#8211; Regras para Sacerdotes"},"content":{"rendered":"\n<p class=\"has-medium-font-size\" style=\"letter-spacing:1px\"><span><span><sup><b>1<\/b><\/sup><\/span> E o SENHOR disse a Mois\u00e9s: Fala aos sacerdotes filhos de Ar\u00e3o, e dize-lhes que n\u00e3o se contaminem por um morto em seus povos. <br><span><sup><b>2<\/b><\/sup><\/span> Mas por seu parente pr\u00f3ximo a si, por sua m\u00e3e, ou por seu pai, ou por seu filho, ou por seu irm\u00e3o, <br><span><sup><b>3<\/b><\/sup><\/span> Ou por sua irm\u00e3 virgem, a ele pr\u00f3xima, a qual n\u00e3o tenha tido marido, por ela se contaminar\u00e1. <br><span><sup><b>4<\/b><\/sup><\/span> N\u00e3o se contaminar\u00e1, porque \u00e9 l\u00edder em seus povos, fazendo-se impuro. <br><span><sup><b>5<\/b><\/sup><\/span> N\u00e3o far\u00e3o calva em sua cabe\u00e7a, nem rapar\u00e3o a ponta de sua barba, nem em sua carne far\u00e3o cortes. <br><span><sup><b>6<\/b><\/sup><\/span> Santos ser\u00e3o a seu Deus, e n\u00e3o profanar\u00e3o o nome de seu Deus; porque os fogos do SENHOR e o p\u00e3o de seu Deus oferecem: portanto ser\u00e3o santos. <br><span><sup><b>7<\/b><\/sup><\/span> Mulher prostituta ou infame n\u00e3o tomar\u00e3o: nem tomar\u00e3o mulher repudiada de seu marido: porque \u00e9 santo a seu Deus. <br><span><sup><b>8<\/b><\/sup><\/span> O santificar\u00e1s portanto, pois o p\u00e3o de teu Deus oferece: santo ser\u00e1 para ti, porque santo sou eu o SENHOR vosso santificador. <br><span><sup><b>9<\/b><\/sup><\/span> E a filha do homem sacerdote, se come\u00e7ar a se prostituir, a seu pai profana: queimada ser\u00e1 ao fogo. <br><span><sup><b>10<\/b><\/sup><\/span> E o sumo sacerdote entre seus irm\u00e3os, sobre cuja cabe\u00e7a foi derramado o azeite da un\u00e7\u00e3o, e que encheu sua m\u00e3o para vestir as vestimentas, n\u00e3o descobrir\u00e1 sua cabe\u00e7a, nem romper\u00e1 suas roupas: <br><span><sup><b>11<\/b><\/sup><\/span> nem entrar\u00e1 onde haja alguma pessoa morta, nem por seu pai, ou por sua m\u00e3e se contaminar\u00e1. <br><span><sup><b>12<\/b><\/sup><\/span> nem sair\u00e1 do santu\u00e1rio, nem contaminar\u00e1 o santu\u00e1rio de seu Deus; porque a coroa do azeite da un\u00e7\u00e3o de seu Deus est\u00e1 sobre ele: Eu sou o SENHOR. <br><span><sup><b>13<\/b><\/sup><\/span> E tomar\u00e1 ele mulher com sua virgindade. <br><span><sup><b>14<\/b><\/sup><\/span> Vi\u00fava, ou repudiada, ou infame, ou prostituta, estas n\u00e3o tomar\u00e1: mas tomar\u00e1 virgem de seus povos por mulher. <br><span><sup><b>15<\/b><\/sup><\/span> E n\u00e3o profanar\u00e1 sua descend\u00eancia em seus povos; porque eu o SENHOR sou o que os santifico. <br><span><sup><b>16<\/b><\/sup><\/span> E o SENHOR falou a Mois\u00e9s, dizendo: <br><span><sup><b>17<\/b><\/sup><\/span> Fala a Ar\u00e3o, e dize-lhe: O homem de tua semente em suas gera\u00e7\u00f5es, no qual houver falta, n\u00e3o se achegar\u00e1 para oferecer o p\u00e3o de seu Deus. <br><span><sup><b>18<\/b><\/sup><\/span> Porque nenhum homem no qual houver falta, se achegar\u00e1: homem cego, ou coxo, ou rosto mutilado, ou membro deformado, <br><span><sup><b>19<\/b><\/sup><\/span> Ou homem no qual houver fratura de p\u00e9 ou rotura da m\u00e3o, <br><span><sup><b>20<\/b><\/sup><\/span> Ou corcunda, ou an\u00e3o, ou que tiver vis\u00e3o emba\u00e7ada, ou que tenha sarna, ou impigem, ou test\u00edculo mutilado; <br><span><sup><b>21<\/b><\/sup><\/span> Nenhum homem da descend\u00eancia de Ar\u00e3o sacerdote, no qual houver falta, se achegar\u00e1 para oferecer as ofertas acendidas do SENHOR. H\u00e1 falta nele; n\u00e3o se achegar\u00e1 a oferecer o p\u00e3o de seu Deus. <br><span><sup><b>22<\/b><\/sup><\/span> O p\u00e3o de seu Deus, do muito santo e as coisas santificadas, comer\u00e1. <br><span><sup><b>23<\/b><\/sup><\/span> Por\u00e9m n\u00e3o entrar\u00e1 do v\u00e9u dentro, nem se achegar\u00e1 ao altar, porquanto h\u00e1 falta nele: e n\u00e3o profanar\u00e1 meu santu\u00e1rio, porque eu o SENHOR sou o que os santifico. <br><span><sup><b>24<\/b><\/sup><\/span> E Mois\u00e9s falou isto a Ar\u00e3o, e a seus filhos, e a todos os filhos de Israel.<\/span><\/p>\n\n\n\n<div class=\"wp-block-columns is-layout-flex wp-container-core-columns-is-layout-9d6595d7 wp-block-columns-is-layout-flex\">\n<div class=\"wp-block-column is-layout-flow wp-block-column-is-layout-flow\">\n<p><a href=\"\/levitico-20\" title=\"\">Lev\u00edtico 20<\/a><\/p>\n<\/div>\n\n\n\n<div class=\"wp-block-column is-layout-flow wp-block-column-is-layout-flow\">\n<p class=\"has-text-align-right\"><a href=\"\/levitico-22\" title=\"\">Lev\u00edtico 22<\/a><\/p>\n<\/div>\n<\/div>\n\n\n\n<h2 class=\"wp-block-heading\">Descri\u00e7\u00e3o &#8211; Lev\u00edtico 21<\/h2>\n\n\n\n<p class=\"has-medium-font-size\">Lev\u00edtico 21 estabelece as leis para os sacerdotes, destacando as exig\u00eancias de santidade e pureza para aqueles que servem no Tabern\u00e1culo. O cap\u00edtulo orienta sobre as qualifica\u00e7\u00f5es para os sacerdotes, como n\u00e3o se contaminarem com cad\u00e1veres, manterem a integridade f\u00edsica e evitarem pr\u00e1ticas que os desqualifiquem, como casamentos inadequados. A santidade do sacerdote \u00e9 crucial, pois ele deve ser um modelo para o povo. Dentro do contexto de Lev\u00edtico, essas leis visam preservar a pureza do culto a Deus e garantir que os sacerdotes cumpram com honra suas responsabilidades espirituais, mantendo a separa\u00e7\u00e3o entre o puro e o impuro.<\/p>\n\n\n\n<h3 class=\"wp-block-heading\">Livro do Lev\u00edtico:<\/h3>\n\n\n<ul class=\"wp-block-page-list\"><li class=\"wp-block-pages-list__item\"><a class=\"wp-block-pages-list__item__link\" href=\"https:\/\/bibliapresente.com\/postagens\/livros-da-biblia\/levitico\/levitico-1\/\">Lev\u00edtico 1 &#8211; A Oferta do Holocausto<\/a><\/li><li class=\"wp-block-pages-list__item\"><a class=\"wp-block-pages-list__item__link\" href=\"https:\/\/bibliapresente.com\/postagens\/livros-da-biblia\/levitico\/levitico-2\/\">Lev\u00edtico 2 &#8211; A Oferta de Manjares e Gr\u00e3os<\/a><\/li><li class=\"wp-block-pages-list__item\"><a class=\"wp-block-pages-list__item__link\" href=\"https:\/\/bibliapresente.com\/postagens\/livros-da-biblia\/levitico\/levitico-3\/\">Lev\u00edtico 3 &#8211; Oferta Pac\u00edfica e Sacrif\u00edcios<\/a><\/li><li class=\"wp-block-pages-list__item\"><a class=\"wp-block-pages-list__item__link\" href=\"https:\/\/bibliapresente.com\/postagens\/livros-da-biblia\/levitico\/levitico-4\/\">Lev\u00edtico 4 &#8211; A Oferta Pelo Pecado<\/a><\/li><li class=\"wp-block-pages-list__item\"><a class=\"wp-block-pages-list__item__link\" href=\"https:\/\/bibliapresente.com\/postagens\/livros-da-biblia\/levitico\/levitico-5\/\">Lev\u00edtico 5 &#8211; Oferta pela Culpa e Repara\u00e7\u00e3o<\/a><\/li><li class=\"wp-block-pages-list__item\"><a class=\"wp-block-pages-list__item__link\" href=\"https:\/\/bibliapresente.com\/postagens\/livros-da-biblia\/levitico\/levitico-6\/\">Lev\u00edtico 6 &#8211; Leis do Holocausto<\/a><\/li><li class=\"wp-block-pages-list__item\"><a class=\"wp-block-pages-list__item__link\" href=\"https:\/\/bibliapresente.com\/postagens\/livros-da-biblia\/levitico\/levitico-7\/\">Lev\u00edtico 7 &#8211; Ofertas Pac\u00edficas<\/a><\/li><li class=\"wp-block-pages-list__item\"><a class=\"wp-block-pages-list__item__link\" href=\"https:\/\/bibliapresente.com\/postagens\/livros-da-biblia\/levitico\/levitico-8\/\">Lev\u00edtico 8 &#8211; Consagra\u00e7\u00e3o de Aar\u00e3o<\/a><\/li><li class=\"wp-block-pages-list__item\"><a class=\"wp-block-pages-list__item__link\" href=\"https:\/\/bibliapresente.com\/postagens\/livros-da-biblia\/levitico\/levitico-9\/\">Lev\u00edtico 9 &#8211; Primeiro Sacrif\u00edcio de Aar\u00e3o<\/a><\/li><li class=\"wp-block-pages-list__item\"><a class=\"wp-block-pages-list__item__link\" href=\"https:\/\/bibliapresente.com\/postagens\/livros-da-biblia\/levitico\/levitico-10\/\">Lev\u00edtico 10 &#8211; Nadabe e Abi\u00fa<\/a><\/li><li class=\"wp-block-pages-list__item\"><a class=\"wp-block-pages-list__item__link\" href=\"https:\/\/bibliapresente.com\/postagens\/livros-da-biblia\/levitico\/levitico-11\/\">Lev\u00edtico 11 &#8211; Animais Puros e Impuros<\/a><\/li><li class=\"wp-block-pages-list__item\"><a class=\"wp-block-pages-list__item__link\" href=\"https:\/\/bibliapresente.com\/postagens\/livros-da-biblia\/levitico\/levitico-12\/\">Lev\u00edtico 12 &#8211; Purifica\u00e7\u00e3o ap\u00f3s o Parto<\/a><\/li><li class=\"wp-block-pages-list__item\"><a class=\"wp-block-pages-list__item__link\" href=\"https:\/\/bibliapresente.com\/postagens\/livros-da-biblia\/levitico\/levitico-13\/\">Lev\u00edtico 13 &#8211; Lepra e Diagn\u00f3stico<\/a><\/li><li class=\"wp-block-pages-list__item\"><a class=\"wp-block-pages-list__item__link\" href=\"https:\/\/bibliapresente.com\/postagens\/livros-da-biblia\/levitico\/levitico-14\/\">Lev\u00edtico 14 &#8211; Purifica\u00e7\u00e3o do Leproso<\/a><\/li><li class=\"wp-block-pages-list__item\"><a class=\"wp-block-pages-list__item__link\" href=\"https:\/\/bibliapresente.com\/postagens\/livros-da-biblia\/levitico\/levitico-15\/\">Lev\u00edtico 15 &#8211; Fluxos Corporais e Impureza<\/a><\/li><li class=\"wp-block-pages-list__item\"><a class=\"wp-block-pages-list__item__link\" href=\"https:\/\/bibliapresente.com\/postagens\/livros-da-biblia\/levitico\/levitico-16\/\">Lev\u00edtico 16 &#8211; Yom Kipur: O Dia da Expia\u00e7\u00e3o<\/a><\/li><li class=\"wp-block-pages-list__item\"><a class=\"wp-block-pages-list__item__link\" href=\"https:\/\/bibliapresente.com\/postagens\/livros-da-biblia\/levitico\/levitico-17\/\">Lev\u00edtico 17 &#8211; A Proibi\u00e7\u00e3o de Comer Sangue<\/a><\/li><li class=\"wp-block-pages-list__item\"><a class=\"wp-block-pages-list__item__link\" href=\"https:\/\/bibliapresente.com\/postagens\/livros-da-biblia\/levitico\/levitico-18\/\">Lev\u00edtico 18 &#8211; Leis sobre Imoralidade<\/a><\/li><li class=\"wp-block-pages-list__item\"><a class=\"wp-block-pages-list__item__link\" href=\"https:\/\/bibliapresente.com\/postagens\/livros-da-biblia\/levitico\/levitico-19\/\">Lev\u00edtico 19 &#8211; Leis de Santidade<\/a><\/li><li class=\"wp-block-pages-list__item\"><a class=\"wp-block-pages-list__item__link\" href=\"https:\/\/bibliapresente.com\/postagens\/livros-da-biblia\/levitico\/levitico-20\/\">Lev\u00edtico 20 &#8211; Puni\u00e7\u00f5es para Pecados Graves<\/a><\/li><li class=\"wp-block-pages-list__item\"><a class=\"wp-block-pages-list__item__link\" href=\"https:\/\/bibliapresente.com\/postagens\/livros-da-biblia\/levitico\/levitico-21\/\">Lev\u00edtico 21 &#8211; Regras para Sacerdotes<\/a><\/li><li class=\"wp-block-pages-list__item\"><a class=\"wp-block-pages-list__item__link\" href=\"https:\/\/bibliapresente.com\/postagens\/livros-da-biblia\/levitico\/levitico-22\/\">Lev\u00edtico 22 &#8211; A Aceita\u00e7\u00e3o de Ofertas<\/a><\/li><li class=\"wp-block-pages-list__item\"><a class=\"wp-block-pages-list__item__link\" href=\"https:\/\/bibliapresente.com\/postagens\/livros-da-biblia\/levitico\/levitico-23\/\">Lev\u00edtico 23 &#8211; As Festas Sagradas<\/a><\/li><li class=\"wp-block-pages-list__item\"><a class=\"wp-block-pages-list__item__link\" href=\"https:\/\/bibliapresente.com\/postagens\/livros-da-biblia\/levitico\/levitico-24\/\">Lev\u00edtico 24 &#8211; O Castigo pela Blasf\u00eamia<\/a><\/li><li class=\"wp-block-pages-list__item\"><a class=\"wp-block-pages-list__item__link\" href=\"https:\/\/bibliapresente.com\/postagens\/livros-da-biblia\/levitico\/levitico-25\/\">Lev\u00edtico 25 &#8211; O Ano Sab\u00e1tico e o Jubileu<\/a><\/li><li class=\"wp-block-pages-list__item\"><a class=\"wp-block-pages-list__item__link\" href=\"https:\/\/bibliapresente.com\/postagens\/livros-da-biblia\/levitico\/levitico-26\/\">Lev\u00edtico 26 &#8211; B\u00ean\u00e7\u00e3os e Maldi\u00e7\u00f5es pela Lei<\/a><\/li><li class=\"wp-block-pages-list__item\"><a class=\"wp-block-pages-list__item__link\" href=\"https:\/\/bibliapresente.com\/postagens\/livros-da-biblia\/levitico\/levitico-27\/\">Lev\u00edtico 27 &#8211; Leis sobre Votos e D\u00edzimos<\/a><\/li><\/ul>\n\n\n<p><\/p>\n","protected":false},"excerpt":{"rendered":"<p>1 E o SENHOR disse a Mois\u00e9s: Fala aos sacerdotes filhos de Ar\u00e3o, e dize-lhes que n\u00e3o se contaminem por um morto em seus povos. 2 Mas por seu parente pr\u00f3ximo a si, por sua m\u00e3e, ou por seu pai, ou por seu filho, ou por seu irm\u00e3o, 3 Ou por sua irm\u00e3 virgem, a &hellip; <\/p>\n","protected":false},"author":2,"featured_media":713,"parent":712,"menu_order":21,"comment_status":"closed","ping_status":"closed","template":"","meta":{"om_disable_all_campaigns":false,"_monsterinsights_skip_tracking":false,"_monsterinsights_sitenote_active":false,"_monsterinsights_sitenote_note":"","_monsterinsights_sitenote_category":0,"footnotes":""},"class_list":["post-757","page","type-page","status-publish","has-post-thumbnail","hentry"],"aioseo_notices":[],"_links":{"self":[{"href":"https:\/\/bibliapresente.com\/postagens\/wp-json\/wp\/v2\/pages\/757","targetHints":{"allow":["GET"]}}],"collection":[{"href":"https:\/\/bibliapresente.com\/postagens\/wp-json\/wp\/v2\/pages"}],"about":[{"href":"https:\/\/bibliapresente.com\/postagens\/wp-json\/wp\/v2\/types\/page"}],"author":[{"embeddable":true,"href":"https:\/\/bibliapresente.com\/postagens\/wp-json\/wp\/v2\/users\/2"}],"replies":[{"embeddable":true,"href":"https:\/\/bibliapresente.com\/postagens\/wp-json\/wp\/v2\/comments?post=757"}],"version-history":[{"count":5,"href":"https:\/\/bibliapresente.com\/postagens\/wp-json\/wp\/v2\/pages\/757\/revisions"}],"predecessor-version":[{"id":1355,"href":"https:\/\/bibliapresente.com\/postagens\/wp-json\/wp\/v2\/pages\/757\/revisions\/1355"}],"up":[{"embeddable":true,"href":"https:\/\/bibliapresente.com\/postagens\/wp-json\/wp\/v2\/pages\/712"}],"wp:featuredmedia":[{"embeddable":true,"href":"https:\/\/bibliapresente.com\/postagens\/wp-json\/wp\/v2\/media\/713"}],"wp:attachment":[{"href":"https:\/\/bibliapresente.com\/postagens\/wp-json\/wp\/v2\/media?parent=757"}],"curies":[{"name":"wp","href":"https:\/\/api.w.org\/{rel}","templated":true}]}}