{"id":755,"date":"2025-02-03T18:05:25","date_gmt":"2025-02-03T21:05:25","guid":{"rendered":"https:\/\/bibliapresente.com\/postagens\/?page_id=755"},"modified":"2025-02-03T18:05:26","modified_gmt":"2025-02-03T21:05:26","slug":"levitico-20","status":"publish","type":"page","link":"https:\/\/bibliapresente.com\/postagens\/livros-da-biblia\/levitico\/levitico-20\/","title":{"rendered":"Lev\u00edtico 20 &#8211; Puni\u00e7\u00f5es para Pecados Graves"},"content":{"rendered":"\n<p class=\"has-medium-font-size\" style=\"letter-spacing:1px\"><span><span><sup><b>1<\/b><\/sup><\/span> E falou o SENHOR a Mois\u00e9s dizendo: <br><span><sup><b>2<\/b><\/sup><\/span> Dir\u00e1s tamb\u00e9m aos filhos de Israel: Qualquer homem dos filhos de Israel, ou dos estrangeiros que peregrinam em Israel, que der de sua descend\u00eancia a Moloque, certamente morrer\u00e1: o povo da terra o apedrejar\u00e1 com pedras. <br><span><sup><b>3<\/b><\/sup><\/span> E eu porei meu rosto contra o tal homem, e o cortarei dentre seu povo; porquanto deu de sua descend\u00eancia a Moloque, contaminando meu santu\u00e1rio, e profanando meu santo nome. <br><span><sup><b>4<\/b><\/sup><\/span> Que se esconder o povo da terra seus olhos daquele homem que houver dado de sua descend\u00eancia a Moloque, para n\u00e3o matar-lhe, <br><span><sup><b>5<\/b><\/sup><\/span> Ent\u00e3o eu porei meu rosto contra aquele homem, e contra sua fam\u00edlia, e lhe eliminarei dentre seu povo, com todos os que se prostitu\u00edram depois dele, prostituindo-se com Moloque. <br><span><sup><b>6<\/b><\/sup><\/span> E a pessoa que der aten\u00e7\u00e3o a encantadores ou adivinhos, para prostituir-se atr\u00e1s deles, eu porei meu rosto contra a tal pessoa, e a eliminarei dentre seu povo. <br><span><sup><b>7<\/b><\/sup><\/span> Santificai-vos, pois, e sede santos, porque eu o SENHOR sou vosso Deus. <br><span><sup><b>8<\/b><\/sup><\/span> E guardai meus estatutos, e ponde-os por obra: Eu sou o SENHOR que vos santifico. <br><span><sup><b>9<\/b><\/sup><\/span> Porque homem que amaldi\u00e7oar a seu pai ou a sua m\u00e3e, certamente morrer\u00e1: a seu pai ou a sua m\u00e3e amaldi\u00e7oou; seu sangue ser\u00e1 sobre ele. <br><span><sup><b>10<\/b><\/sup><\/span> E o homem que adulterar com a mulher de outro, o que cometer adult\u00e9rio com a mulher de seu pr\u00f3ximo, inevitavelmente se far\u00e1 morrer ao ad\u00faltero e \u00e0 ad\u00faltera. <br><span><sup><b>11<\/b><\/sup><\/span> E qualquer um que se deixar com a mulher de seu pai, a nudez de seu pai revelou; ambos h\u00e3o de ser mortos; seu sangue ser\u00e1 sobre eles. <br><span><sup><b>12<\/b><\/sup><\/span> E qualquer um que dormir com sua nora, ambos h\u00e3o de morrer: fizeram confus\u00e3o; seu sangue ser\u00e1 sobre eles. <br><span><sup><b>13<\/b><\/sup><\/span> E qualquer um que tiver ajuntamento com homem como com mulher, abomina\u00e7\u00e3o fizeram: entre ambos h\u00e3o de ser mortos; sobre eles ser\u00e1 seu sangue. <br><span><sup><b>14<\/b><\/sup><\/span> E o que tomar mulher e \u00e0 m\u00e3e dela, comete deprava\u00e7\u00e3o: queimar\u00e3o em fogo a ele e a elas, para que n\u00e3o haja deprava\u00e7\u00e3o entre v\u00f3s. <br><span><sup><b>15<\/b><\/sup><\/span> E qualquer um que tiver rela\u00e7\u00e3o sexual com animal, ser\u00e1 morto; e matareis \u00e0 animal. <br><span><sup><b>16<\/b><\/sup><\/span> E a mulher que se achegar a algum animal, para ter ajuntamento com ele, \u00e0 mulher e ao animal matar\u00e1s: morrer\u00e3o inevitavelmente; ser\u00e1 seu sangue sobre eles. <br><span><sup><b>17<\/b><\/sup><\/span> E qualquer um que tomar a sua irm\u00e3, filha de seu pai ou filha de sua m\u00e3e, e vir sua nudez, e ela vir a sua, coisa \u00e9 execr\u00e1vel; portanto ser\u00e3o mortos \u00e0 vista dos filhos de seu povo: revelou a nudez de sua irm\u00e3; seu pecado levar\u00e1. <br><span><sup><b>18<\/b><\/sup><\/span> E qualquer um que dormir com mulher menstruada, e descobrir sua nudez, sua fonte descobriu, e ela descobriu a fonte de seu sangue: ambos ser\u00e3o eliminados dentre seu povo. <br><span><sup><b>19<\/b><\/sup><\/span> A nudez da irm\u00e3 de tua m\u00e3e, ou da irm\u00e3 de teu pai, n\u00e3o descobrir\u00e1s: porquanto descobriu seu parente, sua iniquidade levar\u00e3o. <br><span><sup><b>20<\/b><\/sup><\/span> E qualquer um que dormir com a mulher do irm\u00e3o de seu pai, a nudez do irm\u00e3o de seu pai descobriu; seu pecado levar\u00e3o; morrer\u00e3o sem filhos. <br><span><sup><b>21<\/b><\/sup><\/span> E o que tomar a mulher de seu irm\u00e3o, \u00e9 imund\u00edcia; a nudez de seu irm\u00e3o descobriu; sem filhos ser\u00e3o. <br><span><sup><b>22<\/b><\/sup><\/span> Guardai, pois, todos meus estatutos e todos meus regulamentos, e ponde-os por obra: e n\u00e3o vos vomitar\u00e1 a terra, na qual eu vos introduzo para que habiteis nela. <br><span><sup><b>23<\/b><\/sup><\/span> E n\u00e3o andeis nas pr\u00e1ticas da gente que eu lan\u00e7arei de diante de v\u00f3s: porque eles fizeram todas estas coisas, e os tive em abomina\u00e7\u00e3o. <br><span><sup><b>24<\/b><\/sup><\/span> Por\u00e9m a v\u00f3s vos disse: V\u00f3s possuireis a terra deles, e eu a darei a v\u00f3s para que a possuais por heran\u00e7a, terra que flui leite e mel: Eu sou o SENHOR vosso Deus, que vos separei dos povos. <br><span><sup><b>25<\/b><\/sup><\/span> Portanto, v\u00f3s fareis diferen\u00e7a entre animal limpo e impuro, e entre ave impura e limpa: e n\u00e3o torneis abomin\u00e1veis vossas pessoas nos animais, nem nas aves, nem em nenhuma coisa que vai arrastando pela terra, as quais vos separei por impuras. <br><span><sup><b>26<\/b><\/sup><\/span> Haveis, pois, de ser para mim santos, porque eu o SENHOR sou santo, e vos separei dos povos, para que sejais meus. <br><span><sup><b>27<\/b><\/sup><\/span> E o homem ou a mulher em os quais houver esp\u00edrito medi\u00fanico ou de adivinha\u00e7\u00e3o, h\u00e3o de ser mortos: os apedrejar\u00e3o com pedras; seu sangue sobre eles.<\/span><\/p>\n\n\n\n<div class=\"wp-block-columns is-layout-flex wp-container-core-columns-is-layout-9d6595d7 wp-block-columns-is-layout-flex\">\n<div class=\"wp-block-column is-layout-flow wp-block-column-is-layout-flow\">\n<p><a href=\"\/levitico-19\" title=\"\">Lev\u00edtico 19<\/a><\/p>\n<\/div>\n\n\n\n<div class=\"wp-block-column is-layout-flow wp-block-column-is-layout-flow\">\n<p class=\"has-text-align-right\"><a href=\"\/levitico-21\" title=\"\">Lev\u00edtico 21<\/a><\/p>\n<\/div>\n<\/div>\n\n\n\n<h2 class=\"wp-block-heading\">Descri\u00e7\u00e3o &#8211; Lev\u00edtico 20<\/h2>\n\n\n\n<p class=\"has-medium-font-size\">Lev\u00edtico 20 apresenta leis severas sobre as puni\u00e7\u00f5es para v\u00e1rias transgress\u00f5es, incluindo pr\u00e1ticas imorais como incesto, adult\u00e9rio e sacrif\u00edcios a deuses pag\u00e3os. Deus estabelece penas de morte para aqueles que cometem esses pecados graves, como forma de proteger a santidade da na\u00e7\u00e3o de Israel. O cap\u00edtulo enfatiza a import\u00e2ncia de viver de acordo com os mandamentos de Deus, refor\u00e7ando a necessidade de separa\u00e7\u00e3o das pr\u00e1ticas id\u00f3latras e impuras das na\u00e7\u00f5es vizinhas. Dentro do contexto de Lev\u00edtico, o cap\u00edtulo visa manter a pureza e a ordem espiritual no povo de Israel, preservando sua identidade como na\u00e7\u00e3o santa.<\/p>\n\n\n\n<h3 class=\"wp-block-heading\">Livro do Lev\u00edtico:<\/h3>\n\n\n<ul class=\"wp-block-page-list\"><li class=\"wp-block-pages-list__item\"><a class=\"wp-block-pages-list__item__link\" href=\"https:\/\/bibliapresente.com\/postagens\/livros-da-biblia\/levitico\/levitico-1\/\">Lev\u00edtico 1 &#8211; A Oferta do Holocausto<\/a><\/li><li class=\"wp-block-pages-list__item\"><a class=\"wp-block-pages-list__item__link\" href=\"https:\/\/bibliapresente.com\/postagens\/livros-da-biblia\/levitico\/levitico-2\/\">Lev\u00edtico 2 &#8211; A Oferta de Manjares e Gr\u00e3os<\/a><\/li><li class=\"wp-block-pages-list__item\"><a class=\"wp-block-pages-list__item__link\" href=\"https:\/\/bibliapresente.com\/postagens\/livros-da-biblia\/levitico\/levitico-3\/\">Lev\u00edtico 3 &#8211; Oferta Pac\u00edfica e Sacrif\u00edcios<\/a><\/li><li class=\"wp-block-pages-list__item\"><a class=\"wp-block-pages-list__item__link\" href=\"https:\/\/bibliapresente.com\/postagens\/livros-da-biblia\/levitico\/levitico-4\/\">Lev\u00edtico 4 &#8211; A Oferta Pelo Pecado<\/a><\/li><li class=\"wp-block-pages-list__item\"><a class=\"wp-block-pages-list__item__link\" href=\"https:\/\/bibliapresente.com\/postagens\/livros-da-biblia\/levitico\/levitico-5\/\">Lev\u00edtico 5 &#8211; Oferta pela Culpa e Repara\u00e7\u00e3o<\/a><\/li><li class=\"wp-block-pages-list__item\"><a class=\"wp-block-pages-list__item__link\" href=\"https:\/\/bibliapresente.com\/postagens\/livros-da-biblia\/levitico\/levitico-6\/\">Lev\u00edtico 6 &#8211; Leis do Holocausto<\/a><\/li><li class=\"wp-block-pages-list__item\"><a class=\"wp-block-pages-list__item__link\" href=\"https:\/\/bibliapresente.com\/postagens\/livros-da-biblia\/levitico\/levitico-7\/\">Lev\u00edtico 7 &#8211; Ofertas Pac\u00edficas<\/a><\/li><li class=\"wp-block-pages-list__item\"><a class=\"wp-block-pages-list__item__link\" href=\"https:\/\/bibliapresente.com\/postagens\/livros-da-biblia\/levitico\/levitico-8\/\">Lev\u00edtico 8 &#8211; Consagra\u00e7\u00e3o de Aar\u00e3o<\/a><\/li><li class=\"wp-block-pages-list__item\"><a class=\"wp-block-pages-list__item__link\" href=\"https:\/\/bibliapresente.com\/postagens\/livros-da-biblia\/levitico\/levitico-9\/\">Lev\u00edtico 9 &#8211; Primeiro Sacrif\u00edcio de Aar\u00e3o<\/a><\/li><li class=\"wp-block-pages-list__item\"><a class=\"wp-block-pages-list__item__link\" href=\"https:\/\/bibliapresente.com\/postagens\/livros-da-biblia\/levitico\/levitico-10\/\">Lev\u00edtico 10 &#8211; Nadabe e Abi\u00fa<\/a><\/li><li class=\"wp-block-pages-list__item\"><a class=\"wp-block-pages-list__item__link\" href=\"https:\/\/bibliapresente.com\/postagens\/livros-da-biblia\/levitico\/levitico-11\/\">Lev\u00edtico 11 &#8211; Animais Puros e Impuros<\/a><\/li><li class=\"wp-block-pages-list__item\"><a class=\"wp-block-pages-list__item__link\" href=\"https:\/\/bibliapresente.com\/postagens\/livros-da-biblia\/levitico\/levitico-12\/\">Lev\u00edtico 12 &#8211; Purifica\u00e7\u00e3o ap\u00f3s o Parto<\/a><\/li><li class=\"wp-block-pages-list__item\"><a class=\"wp-block-pages-list__item__link\" href=\"https:\/\/bibliapresente.com\/postagens\/livros-da-biblia\/levitico\/levitico-13\/\">Lev\u00edtico 13 &#8211; Lepra e Diagn\u00f3stico<\/a><\/li><li class=\"wp-block-pages-list__item\"><a class=\"wp-block-pages-list__item__link\" href=\"https:\/\/bibliapresente.com\/postagens\/livros-da-biblia\/levitico\/levitico-14\/\">Lev\u00edtico 14 &#8211; Purifica\u00e7\u00e3o do Leproso<\/a><\/li><li class=\"wp-block-pages-list__item\"><a class=\"wp-block-pages-list__item__link\" href=\"https:\/\/bibliapresente.com\/postagens\/livros-da-biblia\/levitico\/levitico-15\/\">Lev\u00edtico 15 &#8211; Fluxos Corporais e Impureza<\/a><\/li><li class=\"wp-block-pages-list__item\"><a class=\"wp-block-pages-list__item__link\" href=\"https:\/\/bibliapresente.com\/postagens\/livros-da-biblia\/levitico\/levitico-16\/\">Lev\u00edtico 16 &#8211; Yom Kipur: O Dia da Expia\u00e7\u00e3o<\/a><\/li><li class=\"wp-block-pages-list__item\"><a class=\"wp-block-pages-list__item__link\" href=\"https:\/\/bibliapresente.com\/postagens\/livros-da-biblia\/levitico\/levitico-17\/\">Lev\u00edtico 17 &#8211; A Proibi\u00e7\u00e3o de Comer Sangue<\/a><\/li><li class=\"wp-block-pages-list__item\"><a class=\"wp-block-pages-list__item__link\" href=\"https:\/\/bibliapresente.com\/postagens\/livros-da-biblia\/levitico\/levitico-18\/\">Lev\u00edtico 18 &#8211; Leis sobre Imoralidade<\/a><\/li><li class=\"wp-block-pages-list__item\"><a class=\"wp-block-pages-list__item__link\" href=\"https:\/\/bibliapresente.com\/postagens\/livros-da-biblia\/levitico\/levitico-19\/\">Lev\u00edtico 19 &#8211; Leis de Santidade<\/a><\/li><li class=\"wp-block-pages-list__item\"><a class=\"wp-block-pages-list__item__link\" href=\"https:\/\/bibliapresente.com\/postagens\/livros-da-biblia\/levitico\/levitico-20\/\">Lev\u00edtico 20 &#8211; Puni\u00e7\u00f5es para Pecados Graves<\/a><\/li><li class=\"wp-block-pages-list__item\"><a class=\"wp-block-pages-list__item__link\" href=\"https:\/\/bibliapresente.com\/postagens\/livros-da-biblia\/levitico\/levitico-21\/\">Lev\u00edtico 21 &#8211; Regras para Sacerdotes<\/a><\/li><li class=\"wp-block-pages-list__item\"><a class=\"wp-block-pages-list__item__link\" href=\"https:\/\/bibliapresente.com\/postagens\/livros-da-biblia\/levitico\/levitico-22\/\">Lev\u00edtico 22 &#8211; A Aceita\u00e7\u00e3o de Ofertas<\/a><\/li><li class=\"wp-block-pages-list__item\"><a class=\"wp-block-pages-list__item__link\" href=\"https:\/\/bibliapresente.com\/postagens\/livros-da-biblia\/levitico\/levitico-23\/\">Lev\u00edtico 23 &#8211; As Festas Sagradas<\/a><\/li><li class=\"wp-block-pages-list__item\"><a class=\"wp-block-pages-list__item__link\" href=\"https:\/\/bibliapresente.com\/postagens\/livros-da-biblia\/levitico\/levitico-24\/\">Lev\u00edtico 24 &#8211; O Castigo pela Blasf\u00eamia<\/a><\/li><li class=\"wp-block-pages-list__item\"><a class=\"wp-block-pages-list__item__link\" href=\"https:\/\/bibliapresente.com\/postagens\/livros-da-biblia\/levitico\/levitico-25\/\">Lev\u00edtico 25 &#8211; O Ano Sab\u00e1tico e o Jubileu<\/a><\/li><li class=\"wp-block-pages-list__item\"><a class=\"wp-block-pages-list__item__link\" href=\"https:\/\/bibliapresente.com\/postagens\/livros-da-biblia\/levitico\/levitico-26\/\">Lev\u00edtico 26 &#8211; B\u00ean\u00e7\u00e3os e Maldi\u00e7\u00f5es pela Lei<\/a><\/li><li class=\"wp-block-pages-list__item\"><a class=\"wp-block-pages-list__item__link\" href=\"https:\/\/bibliapresente.com\/postagens\/livros-da-biblia\/levitico\/levitico-27\/\">Lev\u00edtico 27 &#8211; Leis sobre Votos e D\u00edzimos<\/a><\/li><\/ul>\n\n\n<p><\/p>\n","protected":false},"excerpt":{"rendered":"<p>1 E falou o SENHOR a Mois\u00e9s dizendo: 2 Dir\u00e1s tamb\u00e9m aos filhos de Israel: Qualquer homem dos filhos de Israel, ou dos estrangeiros que peregrinam em Israel, que der de sua descend\u00eancia a Moloque, certamente morrer\u00e1: o povo da terra o apedrejar\u00e1 com pedras. 3 E eu porei meu rosto contra o tal homem, &hellip; <\/p>\n","protected":false},"author":2,"featured_media":713,"parent":712,"menu_order":20,"comment_status":"closed","ping_status":"closed","template":"","meta":{"om_disable_all_campaigns":false,"_monsterinsights_skip_tracking":false,"_monsterinsights_sitenote_active":false,"_monsterinsights_sitenote_note":"","_monsterinsights_sitenote_category":0,"footnotes":""},"class_list":["post-755","page","type-page","status-publish","has-post-thumbnail","hentry"],"aioseo_notices":[],"_links":{"self":[{"href":"https:\/\/bibliapresente.com\/postagens\/wp-json\/wp\/v2\/pages\/755","targetHints":{"allow":["GET"]}}],"collection":[{"href":"https:\/\/bibliapresente.com\/postagens\/wp-json\/wp\/v2\/pages"}],"about":[{"href":"https:\/\/bibliapresente.com\/postagens\/wp-json\/wp\/v2\/types\/page"}],"author":[{"embeddable":true,"href":"https:\/\/bibliapresente.com\/postagens\/wp-json\/wp\/v2\/users\/2"}],"replies":[{"embeddable":true,"href":"https:\/\/bibliapresente.com\/postagens\/wp-json\/wp\/v2\/comments?post=755"}],"version-history":[{"count":5,"href":"https:\/\/bibliapresente.com\/postagens\/wp-json\/wp\/v2\/pages\/755\/revisions"}],"predecessor-version":[{"id":1354,"href":"https:\/\/bibliapresente.com\/postagens\/wp-json\/wp\/v2\/pages\/755\/revisions\/1354"}],"up":[{"embeddable":true,"href":"https:\/\/bibliapresente.com\/postagens\/wp-json\/wp\/v2\/pages\/712"}],"wp:featuredmedia":[{"embeddable":true,"href":"https:\/\/bibliapresente.com\/postagens\/wp-json\/wp\/v2\/media\/713"}],"wp:attachment":[{"href":"https:\/\/bibliapresente.com\/postagens\/wp-json\/wp\/v2\/media?parent=755"}],"curies":[{"name":"wp","href":"https:\/\/api.w.org\/{rel}","templated":true}]}}