{"id":753,"date":"2025-02-03T18:04:39","date_gmt":"2025-02-03T21:04:39","guid":{"rendered":"https:\/\/bibliapresente.com\/postagens\/?page_id=753"},"modified":"2025-02-03T18:04:39","modified_gmt":"2025-02-03T21:04:39","slug":"levitico-19","status":"publish","type":"page","link":"https:\/\/bibliapresente.com\/postagens\/livros-da-biblia\/levitico\/levitico-19\/","title":{"rendered":"Lev\u00edtico 19 &#8211; Leis de Santidade"},"content":{"rendered":"\n<p class=\"has-medium-font-size\" style=\"letter-spacing:1px\"><span><span><sup><b>1<\/b><\/sup><\/span> E falou o SENHOR a Mois\u00e9s, dizendo: <br><span><sup><b>2<\/b><\/sup><\/span> Fala a toda a congrega\u00e7\u00e3o dos filhos de Israel, e dize-lhes: Santos sereis, porque santo sou eu o SENHOR vosso Deus. <br><span><sup><b>3<\/b><\/sup><\/span> Cada um temer\u00e1 a sua m\u00e3e e a seu pai, e meus s\u00e1bados guardareis: Eu sou o SENHOR vosso Deus. <br><span><sup><b>4<\/b><\/sup><\/span> N\u00e3o vos voltareis aos \u00eddolos, nem fareis para v\u00f3s deuses de fundi\u00e7\u00e3o: Eu sou o SENHOR vosso Deus. <br><span><sup><b>5<\/b><\/sup><\/span> E quando sacrificardes sacrif\u00edcio pac\u00edfico ao SENHOR, de vossa vontade o sacrificareis. <br><span><sup><b>6<\/b><\/sup><\/span> Ser\u00e1 comido o dia que o sacrificardes, e o dia seguinte: e o que restar para o terceiro dia, ser\u00e1 queimado no fogo. <br><span><sup><b>7<\/b><\/sup><\/span> E se se comer no dia terceiro, ser\u00e1 abomina\u00e7\u00e3o; n\u00e3o ser\u00e1 aceito: <br><span><sup><b>8<\/b><\/sup><\/span> E o que o comer, levar\u00e1 seu delito, porquanto profanou o santo do SENHOR; e a tal pessoa ser\u00e1 eliminada de seus povos. <br><span><sup><b>9<\/b><\/sup><\/span> Quando ceifardes na colheita de vossa terra, n\u00e3o acabar\u00e1s de ceifar o canto de tua planta\u00e7\u00e3o, nem espigar\u00e1s tua terra ceifada. <br><span><sup><b>10<\/b><\/sup><\/span> E n\u00e3o coletar\u00e1s os restos de tua vinha, nem recolher\u00e1s as uvas ca\u00eddas de tua vinha; para o pobre e para o estrangeiro os deixar\u00e1s: Eu sou o SENHOR vosso Deus. <br><span><sup><b>11<\/b><\/sup><\/span> N\u00e3o furtareis, e n\u00e3o enganareis, nem mentireis ningu\u00e9m a seu pr\u00f3ximo. <br><span><sup><b>12<\/b><\/sup><\/span> E n\u00e3o jurareis em meu nome com mentira, nem profanar\u00e1s o nome de teu Deus: Eu sou o SENHOR. <br><span><sup><b>13<\/b><\/sup><\/span> N\u00e3o oprimir\u00e1s a teu pr\u00f3ximo, nem lhe roubar\u00e1s. N\u00e3o se deter\u00e1 o trabalho do assalariado em tua casa at\u00e9 a manh\u00e3. <br><span><sup><b>14<\/b><\/sup><\/span> N\u00e3o amaldi\u00e7oes ao surdo, e diante do cego n\u00e3o ponhas trope\u00e7o, mas ter\u00e1s temor de teu Deus: Eu sou o SENHOR. <br><span><sup><b>15<\/b><\/sup><\/span> N\u00e3o far\u00e1s injusti\u00e7a no ju\u00edzo: n\u00e3o favorecer\u00e1s deslealmente ao pobre, nem honrar\u00e1s a face do poderoso: com justi\u00e7a julgar\u00e1s a teu pr\u00f3ximo. <br><span><sup><b>16<\/b><\/sup><\/span> N\u00e3o andar\u00e1s propagando boatos em teus povos. N\u00e3o te por\u00e1s contra o sangue de teu pr\u00f3ximo: Eu sou o SENHOR. <br><span><sup><b>17<\/b><\/sup><\/span> N\u00e3o aborrecer\u00e1s a teu irm\u00e3o em teu cora\u00e7\u00e3o: francamente repreender\u00e1s a teu pr\u00f3ximo, e n\u00e3o consentir\u00e1s sobre ele pecado. <br><span><sup><b>18<\/b><\/sup><\/span> N\u00e3o te vingar\u00e1s, nem guardar\u00e1s rancor aos filhos de teu povo: mas amar\u00e1s a teu pr\u00f3ximo como a ti mesmo: Eu sou o SENHOR. <br><span><sup><b>19<\/b><\/sup><\/span> Meus estatutos guardareis. A teu animal n\u00e3o far\u00e1s ajuntar para esp\u00e9cies misturadas; tua planta\u00e7\u00e3o n\u00e3o semear\u00e1s com mistura de sementes, e n\u00e3o te por\u00e1s roupas com mistura de diversos materiais. <br><span><sup><b>20<\/b><\/sup><\/span> E quando um homem tiver rela\u00e7\u00e3o sexual com mulher, e ela for serva desposada com algu\u00e9m, e n\u00e3o estiver resgatada, nem lhe houver sido dada liberdade, ambos ser\u00e3o a\u00e7oitados: n\u00e3o morrer\u00e3o, porquanto ela n\u00e3o \u00e9 livre. <br><span><sup><b>21<\/b><\/sup><\/span> E ele trar\u00e1 ao SENHOR, \u00e0 porta do tabern\u00e1culo do testemunho, um carneiro em expia\u00e7\u00e3o por sua culpa. <br><span><sup><b>22<\/b><\/sup><\/span> E com o carneiro da expia\u00e7\u00e3o o reconciliar\u00e1 o sacerdote diante do SENHOR, por seu pecado que cometeu: e se lhe perdoar\u00e1 seu pecado que cometeu. <br><span><sup><b>23<\/b><\/sup><\/span> E quando houverdes entrado na terra, e plantardes toda \u00e1rvore de comer, tirareis seu prep\u00facio, o primeiro de seu fruto: tr\u00eas anos vos ser\u00e1 incircunciso: seu fruto n\u00e3o se comer\u00e1. <br><span><sup><b>24<\/b><\/sup><\/span> E o quarto ano todo seu fruto ser\u00e1 santidade de louvores ao SENHOR. <br><span><sup><b>25<\/b><\/sup><\/span> Mas ao quinto ano comereis o fruto dele, para que vos fa\u00e7a crescer seu fruto: Eu sou o SENHOR vosso Deus. <br><span><sup><b>26<\/b><\/sup><\/span> N\u00e3o comereis coisa alguma com sangue. N\u00e3o sereis encantadores, nem fareis adivinha\u00e7\u00f5es. <br><span><sup><b>27<\/b><\/sup><\/span> N\u00e3o cortareis em redondo as extremidades de vossas cabe\u00e7as, nem danificar\u00e1s a ponta de tua barba. <br><span><sup><b>28<\/b><\/sup><\/span> E n\u00e3o fareis cortes em vossa carne por um morto, nem imprimireis em v\u00f3s sinal alguma: Eu sou o SENHOR. <br><span><sup><b>29<\/b><\/sup><\/span> N\u00e3o contaminar\u00e1s tua filha fazendo-a se prostituir: para n\u00e3o se prostitua a terra, e se encha de maldade. <br><span><sup><b>30<\/b><\/sup><\/span> Meus s\u00e1bados guardareis, e meu santu\u00e1rio tereis em rever\u00eancia: Eu sou o SENHOR. <br><span><sup><b>31<\/b><\/sup><\/span> N\u00e3o vos volteis aos encantadores e aos adivinhos: n\u00e3o os consulteis contaminando-vos com eles: Eu sou o SENHOR vosso Deus. <br><span><sup><b>32<\/b><\/sup><\/span> Diante das c\u00e3s te levantar\u00e1s, e honrar\u00e1s o rosto do anci\u00e3o, e de teu Deus ter\u00e1s temor: Eu sou o SENHOR. <br><span><sup><b>33<\/b><\/sup><\/span> E quando o estrangeiro morar contigo em vossa terra, n\u00e3o o oprimireis. <br><span><sup><b>34<\/b><\/sup><\/span> Como a um natural de v\u00f3s tereis ao estrangeiro que peregrinar entre v\u00f3s; e ama-o como a ti mesmo; porque peregrinos fostes na terra do Egito: Eu sou o SENHOR vosso Deus. <br><span><sup><b>35<\/b><\/sup><\/span> N\u00e3o fa\u00e7ais crime em ju\u00edzo, em medida da terra, nem em peso, nem em outra medida. <br><span><sup><b>36<\/b><\/sup><\/span> Balan\u00e7as justas, pesos justas, efa justo, e him justo tereis: Eu sou o SENHOR vosso Deus, que vos tirei da terra do Egito. <br><span><sup><b>37<\/b><\/sup><\/span> Guardai pois todos meus estatutos, e todos meus regulamentos, e ponde-os por obra: Eu sou o SENHOR.<\/span><\/p>\n\n\n\n<div class=\"wp-block-columns is-layout-flex wp-container-core-columns-is-layout-9d6595d7 wp-block-columns-is-layout-flex\">\n<div class=\"wp-block-column is-layout-flow wp-block-column-is-layout-flow\">\n<p><a href=\"\/levitico-19\" title=\"\">Lev\u00edtico 18<\/a><\/p>\n<\/div>\n\n\n\n<div class=\"wp-block-column is-layout-flow wp-block-column-is-layout-flow\">\n<p class=\"has-text-align-right\"><a href=\"\/levitico-20\" title=\"\">Lev\u00edtico 20<\/a><\/p>\n<\/div>\n<\/div>\n\n\n\n<h2 class=\"wp-block-heading\">Descri\u00e7\u00e3o &#8211; Lev\u00edtico 19<\/h2>\n\n\n\n<p class=\"has-medium-font-size\">Lev\u00edtico 19 cont\u00e9m diversas leis e mandamentos que abrangem aspectos \u00e9ticos, morais e espirituais da vida em comunidade. O cap\u00edtulo destaca a import\u00e2ncia de viver com santidade, respeitar os outros e agir com justi\u00e7a, incluindo mandamentos sobre o respeito aos pais, a honestidade nos neg\u00f3cios e o cuidado com os pobres e estrangeiros. Deus instrui o povo a ser uma na\u00e7\u00e3o santa, refletindo Seu car\u00e1ter em todas as a\u00e7\u00f5es cotidianas. No contexto de Lev\u00edtico, esse cap\u00edtulo refor\u00e7a a necessidade de obedecer \u00e0s leis divinas para manter a pureza, a justi\u00e7a e a harmonia dentro da comunidade de Israel.<\/p>\n\n\n\n<h3 class=\"wp-block-heading\">Livro do Lev\u00edtico:<\/h3>\n\n\n<ul class=\"wp-block-page-list\"><li class=\"wp-block-pages-list__item\"><a class=\"wp-block-pages-list__item__link\" href=\"https:\/\/bibliapresente.com\/postagens\/livros-da-biblia\/levitico\/levitico-1\/\">Lev\u00edtico 1 &#8211; A Oferta do Holocausto<\/a><\/li><li class=\"wp-block-pages-list__item\"><a class=\"wp-block-pages-list__item__link\" href=\"https:\/\/bibliapresente.com\/postagens\/livros-da-biblia\/levitico\/levitico-2\/\">Lev\u00edtico 2 &#8211; A Oferta de Manjares e Gr\u00e3os<\/a><\/li><li class=\"wp-block-pages-list__item\"><a class=\"wp-block-pages-list__item__link\" href=\"https:\/\/bibliapresente.com\/postagens\/livros-da-biblia\/levitico\/levitico-3\/\">Lev\u00edtico 3 &#8211; Oferta Pac\u00edfica e Sacrif\u00edcios<\/a><\/li><li class=\"wp-block-pages-list__item\"><a class=\"wp-block-pages-list__item__link\" href=\"https:\/\/bibliapresente.com\/postagens\/livros-da-biblia\/levitico\/levitico-4\/\">Lev\u00edtico 4 &#8211; A Oferta Pelo Pecado<\/a><\/li><li class=\"wp-block-pages-list__item\"><a class=\"wp-block-pages-list__item__link\" href=\"https:\/\/bibliapresente.com\/postagens\/livros-da-biblia\/levitico\/levitico-5\/\">Lev\u00edtico 5 &#8211; Oferta pela Culpa e Repara\u00e7\u00e3o<\/a><\/li><li class=\"wp-block-pages-list__item\"><a class=\"wp-block-pages-list__item__link\" href=\"https:\/\/bibliapresente.com\/postagens\/livros-da-biblia\/levitico\/levitico-6\/\">Lev\u00edtico 6 &#8211; Leis do Holocausto<\/a><\/li><li class=\"wp-block-pages-list__item\"><a class=\"wp-block-pages-list__item__link\" href=\"https:\/\/bibliapresente.com\/postagens\/livros-da-biblia\/levitico\/levitico-7\/\">Lev\u00edtico 7 &#8211; Ofertas Pac\u00edficas<\/a><\/li><li class=\"wp-block-pages-list__item\"><a class=\"wp-block-pages-list__item__link\" href=\"https:\/\/bibliapresente.com\/postagens\/livros-da-biblia\/levitico\/levitico-8\/\">Lev\u00edtico 8 &#8211; Consagra\u00e7\u00e3o de Aar\u00e3o<\/a><\/li><li class=\"wp-block-pages-list__item\"><a class=\"wp-block-pages-list__item__link\" href=\"https:\/\/bibliapresente.com\/postagens\/livros-da-biblia\/levitico\/levitico-9\/\">Lev\u00edtico 9 &#8211; Primeiro Sacrif\u00edcio de Aar\u00e3o<\/a><\/li><li class=\"wp-block-pages-list__item\"><a class=\"wp-block-pages-list__item__link\" href=\"https:\/\/bibliapresente.com\/postagens\/livros-da-biblia\/levitico\/levitico-10\/\">Lev\u00edtico 10 &#8211; Nadabe e Abi\u00fa<\/a><\/li><li class=\"wp-block-pages-list__item\"><a class=\"wp-block-pages-list__item__link\" href=\"https:\/\/bibliapresente.com\/postagens\/livros-da-biblia\/levitico\/levitico-11\/\">Lev\u00edtico 11 &#8211; Animais Puros e Impuros<\/a><\/li><li class=\"wp-block-pages-list__item\"><a class=\"wp-block-pages-list__item__link\" href=\"https:\/\/bibliapresente.com\/postagens\/livros-da-biblia\/levitico\/levitico-12\/\">Lev\u00edtico 12 &#8211; Purifica\u00e7\u00e3o ap\u00f3s o Parto<\/a><\/li><li class=\"wp-block-pages-list__item\"><a class=\"wp-block-pages-list__item__link\" href=\"https:\/\/bibliapresente.com\/postagens\/livros-da-biblia\/levitico\/levitico-13\/\">Lev\u00edtico 13 &#8211; Lepra e Diagn\u00f3stico<\/a><\/li><li class=\"wp-block-pages-list__item\"><a class=\"wp-block-pages-list__item__link\" href=\"https:\/\/bibliapresente.com\/postagens\/livros-da-biblia\/levitico\/levitico-14\/\">Lev\u00edtico 14 &#8211; Purifica\u00e7\u00e3o do Leproso<\/a><\/li><li class=\"wp-block-pages-list__item\"><a class=\"wp-block-pages-list__item__link\" href=\"https:\/\/bibliapresente.com\/postagens\/livros-da-biblia\/levitico\/levitico-15\/\">Lev\u00edtico 15 &#8211; Fluxos Corporais e Impureza<\/a><\/li><li class=\"wp-block-pages-list__item\"><a class=\"wp-block-pages-list__item__link\" href=\"https:\/\/bibliapresente.com\/postagens\/livros-da-biblia\/levitico\/levitico-16\/\">Lev\u00edtico 16 &#8211; Yom Kipur: O Dia da Expia\u00e7\u00e3o<\/a><\/li><li class=\"wp-block-pages-list__item\"><a class=\"wp-block-pages-list__item__link\" href=\"https:\/\/bibliapresente.com\/postagens\/livros-da-biblia\/levitico\/levitico-17\/\">Lev\u00edtico 17 &#8211; A Proibi\u00e7\u00e3o de Comer Sangue<\/a><\/li><li class=\"wp-block-pages-list__item\"><a class=\"wp-block-pages-list__item__link\" href=\"https:\/\/bibliapresente.com\/postagens\/livros-da-biblia\/levitico\/levitico-18\/\">Lev\u00edtico 18 &#8211; Leis sobre Imoralidade<\/a><\/li><li class=\"wp-block-pages-list__item\"><a class=\"wp-block-pages-list__item__link\" href=\"https:\/\/bibliapresente.com\/postagens\/livros-da-biblia\/levitico\/levitico-19\/\">Lev\u00edtico 19 &#8211; Leis de Santidade<\/a><\/li><li class=\"wp-block-pages-list__item\"><a class=\"wp-block-pages-list__item__link\" href=\"https:\/\/bibliapresente.com\/postagens\/livros-da-biblia\/levitico\/levitico-20\/\">Lev\u00edtico 20 &#8211; Puni\u00e7\u00f5es para Pecados Graves<\/a><\/li><li class=\"wp-block-pages-list__item\"><a class=\"wp-block-pages-list__item__link\" href=\"https:\/\/bibliapresente.com\/postagens\/livros-da-biblia\/levitico\/levitico-21\/\">Lev\u00edtico 21 &#8211; Regras para Sacerdotes<\/a><\/li><li class=\"wp-block-pages-list__item\"><a class=\"wp-block-pages-list__item__link\" href=\"https:\/\/bibliapresente.com\/postagens\/livros-da-biblia\/levitico\/levitico-22\/\">Lev\u00edtico 22 &#8211; A Aceita\u00e7\u00e3o de Ofertas<\/a><\/li><li class=\"wp-block-pages-list__item\"><a class=\"wp-block-pages-list__item__link\" href=\"https:\/\/bibliapresente.com\/postagens\/livros-da-biblia\/levitico\/levitico-23\/\">Lev\u00edtico 23 &#8211; As Festas Sagradas<\/a><\/li><li class=\"wp-block-pages-list__item\"><a class=\"wp-block-pages-list__item__link\" href=\"https:\/\/bibliapresente.com\/postagens\/livros-da-biblia\/levitico\/levitico-24\/\">Lev\u00edtico 24 &#8211; O Castigo pela Blasf\u00eamia<\/a><\/li><li class=\"wp-block-pages-list__item\"><a class=\"wp-block-pages-list__item__link\" href=\"https:\/\/bibliapresente.com\/postagens\/livros-da-biblia\/levitico\/levitico-25\/\">Lev\u00edtico 25 &#8211; O Ano Sab\u00e1tico e o Jubileu<\/a><\/li><li class=\"wp-block-pages-list__item\"><a class=\"wp-block-pages-list__item__link\" href=\"https:\/\/bibliapresente.com\/postagens\/livros-da-biblia\/levitico\/levitico-26\/\">Lev\u00edtico 26 &#8211; B\u00ean\u00e7\u00e3os e Maldi\u00e7\u00f5es pela Lei<\/a><\/li><li class=\"wp-block-pages-list__item\"><a class=\"wp-block-pages-list__item__link\" href=\"https:\/\/bibliapresente.com\/postagens\/livros-da-biblia\/levitico\/levitico-27\/\">Lev\u00edtico 27 &#8211; Leis sobre Votos e D\u00edzimos<\/a><\/li><\/ul>\n\n\n<p><\/p>\n","protected":false},"excerpt":{"rendered":"<p>1 E falou o SENHOR a Mois\u00e9s, dizendo: 2 Fala a toda a congrega\u00e7\u00e3o dos filhos de Israel, e dize-lhes: Santos sereis, porque santo sou eu o SENHOR vosso Deus. 3 Cada um temer\u00e1 a sua m\u00e3e e a seu pai, e meus s\u00e1bados guardareis: Eu sou o SENHOR vosso Deus. 4 N\u00e3o vos voltareis &hellip; <\/p>\n","protected":false},"author":2,"featured_media":713,"parent":712,"menu_order":19,"comment_status":"closed","ping_status":"closed","template":"","meta":{"om_disable_all_campaigns":false,"_monsterinsights_skip_tracking":false,"_monsterinsights_sitenote_active":false,"_monsterinsights_sitenote_note":"","_monsterinsights_sitenote_category":0,"footnotes":""},"class_list":["post-753","page","type-page","status-publish","has-post-thumbnail","hentry"],"aioseo_notices":[],"_links":{"self":[{"href":"https:\/\/bibliapresente.com\/postagens\/wp-json\/wp\/v2\/pages\/753","targetHints":{"allow":["GET"]}}],"collection":[{"href":"https:\/\/bibliapresente.com\/postagens\/wp-json\/wp\/v2\/pages"}],"about":[{"href":"https:\/\/bibliapresente.com\/postagens\/wp-json\/wp\/v2\/types\/page"}],"author":[{"embeddable":true,"href":"https:\/\/bibliapresente.com\/postagens\/wp-json\/wp\/v2\/users\/2"}],"replies":[{"embeddable":true,"href":"https:\/\/bibliapresente.com\/postagens\/wp-json\/wp\/v2\/comments?post=753"}],"version-history":[{"count":5,"href":"https:\/\/bibliapresente.com\/postagens\/wp-json\/wp\/v2\/pages\/753\/revisions"}],"predecessor-version":[{"id":1353,"href":"https:\/\/bibliapresente.com\/postagens\/wp-json\/wp\/v2\/pages\/753\/revisions\/1353"}],"up":[{"embeddable":true,"href":"https:\/\/bibliapresente.com\/postagens\/wp-json\/wp\/v2\/pages\/712"}],"wp:featuredmedia":[{"embeddable":true,"href":"https:\/\/bibliapresente.com\/postagens\/wp-json\/wp\/v2\/media\/713"}],"wp:attachment":[{"href":"https:\/\/bibliapresente.com\/postagens\/wp-json\/wp\/v2\/media?parent=753"}],"curies":[{"name":"wp","href":"https:\/\/api.w.org\/{rel}","templated":true}]}}