{"id":751,"date":"2025-02-03T18:03:41","date_gmt":"2025-02-03T21:03:41","guid":{"rendered":"https:\/\/bibliapresente.com\/postagens\/?page_id=751"},"modified":"2025-02-03T18:03:41","modified_gmt":"2025-02-03T21:03:41","slug":"levitico-18","status":"publish","type":"page","link":"https:\/\/bibliapresente.com\/postagens\/livros-da-biblia\/levitico\/levitico-18\/","title":{"rendered":"Lev\u00edtico 18 &#8211; Leis sobre Imoralidade"},"content":{"rendered":"\n<p class=\"has-medium-font-size\" style=\"letter-spacing:1px\"><span><span><sup><b>1<\/b><\/sup><\/span> E falou o SENHOR a Mois\u00e9s, dizendo: <br><span><sup><b>2<\/b><\/sup><\/span> Fala aos filhos de Israel, e dize-lhes: Eu sou o SENHOR vosso Deus. <br><span><sup><b>3<\/b><\/sup><\/span> N\u00e3o fareis como fazem na terra do Egito, na qual morastes; nem fareis como fazem na terra de Cana\u00e3, \u00e0 qual eu vos conduzo; nem andareis em seus estatutos. <br><span><sup><b>4<\/b><\/sup><\/span> Meus regulamentos poreis por obra, e meus estatutos guardareis, andando neles: Eu sou o SENHOR vosso Deus. <br><span><sup><b>5<\/b><\/sup><\/span> Portanto meus estatutos e meus regulamentos guardareis, os quais fazendo o homem, viver\u00e1 neles: Eu sou o SENHOR. <br><span><sup><b>6<\/b><\/sup><\/span> Nenhum homem se achegue a nenhuma pr\u00f3xima de sua carne, para descobrir sua nudez: Eu sou o SENHOR. <br><span><sup><b>7<\/b><\/sup><\/span> A nudez de teu pai, ou a nudez de tua m\u00e3e, n\u00e3o descobrir\u00e1s: tua m\u00e3e \u00e9, n\u00e3o descobrir\u00e1 sua nudez. <br><span><sup><b>8<\/b><\/sup><\/span> A nudez da mulher de teu pai n\u00e3o descobrir\u00e1s; \u00e9 a nudez de teu pai. <br><span><sup><b>9<\/b><\/sup><\/span> A nudez de tua irm\u00e3, filha de teu pai, ou filha de tua m\u00e3e, nascida em casa ou nascida fora, sua nudez n\u00e3o descobrir\u00e1s. <br><span><sup><b>10<\/b><\/sup><\/span> A nudez da filha de teu filho, ou da filha de tua filha, seu nudez n\u00e3o descobrir\u00e1s, porque \u00e9 a nudez tua. <br><span><sup><b>11<\/b><\/sup><\/span> A nudez da filha da mulher de teu pai, gerada de teu pai, tua irm\u00e3 \u00e9, sua nudez n\u00e3o descobrir\u00e1s. <br><span><sup><b>12<\/b><\/sup><\/span> A nudez da irm\u00e3 de teu pai n\u00e3o descobrir\u00e1s: \u00e9 parente de teu pai. <br><span><sup><b>13<\/b><\/sup><\/span> A nudez da irm\u00e3 de tua m\u00e3e n\u00e3o descobrir\u00e1s: porque parente de tua m\u00e3e \u00e9. <br><span><sup><b>14<\/b><\/sup><\/span> A nudez do irm\u00e3o de teu pai n\u00e3o descobrir\u00e1s: n\u00e3o chegar\u00e1s \u00e0 sua mulher: \u00e9 mulher do irm\u00e3o de teu pai. <br><span><sup><b>15<\/b><\/sup><\/span> A nudez de tua nora n\u00e3o descobrir\u00e1s: mulher \u00e9 de teu filho, n\u00e3o descobrir\u00e1s sua nudez. <br><span><sup><b>16<\/b><\/sup><\/span> A nudez da mulher de teu irm\u00e3o n\u00e3o descobrir\u00e1s: \u00e9 a nudez de teu irm\u00e3o. <br><span><sup><b>17<\/b><\/sup><\/span> A nudez da mulher e de sua filha n\u00e3o descobrir\u00e1s: n\u00e3o tomar\u00e1s a filha de seu filho, nem a filha de sua filha, para descobrir sua nudez: s\u00e3o parentes, \u00e9 maldade. <br><span><sup><b>18<\/b><\/sup><\/span> N\u00e3o tomar\u00e1s mulher juntamente com sua irm\u00e3, para faz\u00ea-la sua rival, descobrindo sua nudez diante dela em sua vida. <br><span><sup><b>19<\/b><\/sup><\/span> E n\u00e3o chegar\u00e1s \u00e0 mulher na separa\u00e7\u00e3o de sua impureza, para descobrir sua nudez. <br><span><sup><b>20<\/b><\/sup><\/span> Al\u00e9m disso, n\u00e3o ter\u00e1s ato carnal com a mulher de teu pr\u00f3ximo, contaminando-te nela. <br><span><sup><b>21<\/b><\/sup><\/span> E n\u00e3o d\u00eas de tua descend\u00eancia para faz\u00ea-la passar pelo fogo a Moloque; n\u00e3o contamines o nome de teu Deus: Eu sou o SENHOR. <br><span><sup><b>22<\/b><\/sup><\/span> N\u00e3o te deitar\u00e1s com homem como com mulher: \u00e9 abomina\u00e7\u00e3o. <br><span><sup><b>23<\/b><\/sup><\/span> Nem com nenhum animal ter\u00e1s ajuntamento contaminando-te com ele; nem mulher alguma se por\u00e1 diante de animal para ajuntar-se com ele: \u00e9 confus\u00e3o. <br><span><sup><b>24<\/b><\/sup><\/span> Em nenhuma destas coisas vos contaminareis; porque em todas estas coisas se polu\u00edram as na\u00e7\u00f5es que eu expulso de diante de v\u00f3s: <br><span><sup><b>25<\/b><\/sup><\/span> E a terra foi contaminada; e eu visitei sua maldade sobre ela, e a terra vomitou seus moradores. <br><span><sup><b>26<\/b><\/sup><\/span> Guardai, pois, v\u00f3s meus estatutos e meus regulamentos, e n\u00e3o fa\u00e7ais nenhuma de todas estas abomina\u00e7\u00f5es: nem o natural nem o estrangeiro que peregrina entre v\u00f3s. <br><span><sup><b>27<\/b><\/sup><\/span> (Porque todas estas abomina\u00e7\u00f5es fizeram os homens da terra, que foram antes de v\u00f3s, e a terra foi contaminada:) <br><span><sup><b>28<\/b><\/sup><\/span> E a terra n\u00e3o vos vomitar\u00e1, por hav\u00ea-la contaminado, como vomitou \u00e0 gente que foi antes de v\u00f3s. <br><span><sup><b>29<\/b><\/sup><\/span> Porque qualquer um que fizer alguma de todas estas abomina\u00e7\u00f5es, as pessoas que as fizerem, ser\u00e3o eliminadas dentre seu povo. <br><span><sup><b>30<\/b><\/sup><\/span> Guardai, pois, minha ordenan\u00e7a, n\u00e3o fazendo das pr\u00e1ticas abomin\u00e1veis que tiveram lugar antes de v\u00f3s, e n\u00e3o vos torneis abomin\u00e1veis nelas: Eu sou o SENHOR vosso Deus.<\/span><\/p>\n\n\n\n<div class=\"wp-block-columns is-layout-flex wp-container-core-columns-is-layout-9d6595d7 wp-block-columns-is-layout-flex\">\n<div class=\"wp-block-column is-layout-flow wp-block-column-is-layout-flow\">\n<p><a href=\"\/levitico-17\" title=\"\">Lev\u00edtico 17<\/a><\/p>\n<\/div>\n\n\n\n<div class=\"wp-block-column is-layout-flow wp-block-column-is-layout-flow\">\n<p class=\"has-text-align-right\"><a href=\"\/levitico-19\" title=\"\">Lev\u00edtico 19<\/a><\/p>\n<\/div>\n<\/div>\n\n\n\n<h2 class=\"wp-block-heading\">Descri\u00e7\u00e3o &#8211; Lev\u00edtico 18<\/h2>\n\n\n\n<p class=\"has-medium-font-size\">Lev\u00edtico 18 apresenta as leis de pureza sexual, detalhando os tipos de rela\u00e7\u00f5es proibidas para os israelitas, como incesto, adult\u00e9rio e bestialidade. Deus ordena que Seu povo se distinga das pr\u00e1ticas imorais das na\u00e7\u00f5es vizinhas, estabelecendo normas rigorosas para preservar a santidade e a integridade da fam\u00edlia e da comunidade. O cap\u00edtulo enfatiza a import\u00e2ncia da obedi\u00eancia \u00e0s leis divinas para garantir a prosperidade e a b\u00ean\u00e7\u00e3o de Deus. Dentro do contexto de Lev\u00edtico, essas instru\u00e7\u00f5es visam criar uma sociedade justa e pura, refletindo o compromisso de Israel em viver de acordo com os princ\u00edpios sagrados estabelecidos por Deus.<\/p>\n\n\n\n<h3 class=\"wp-block-heading\">Livro do Lev\u00edtico:<\/h3>\n\n\n<ul class=\"wp-block-page-list\"><li class=\"wp-block-pages-list__item\"><a class=\"wp-block-pages-list__item__link\" href=\"https:\/\/bibliapresente.com\/postagens\/livros-da-biblia\/levitico\/levitico-1\/\">Lev\u00edtico 1 &#8211; A Oferta do Holocausto<\/a><\/li><li class=\"wp-block-pages-list__item\"><a class=\"wp-block-pages-list__item__link\" href=\"https:\/\/bibliapresente.com\/postagens\/livros-da-biblia\/levitico\/levitico-2\/\">Lev\u00edtico 2 &#8211; A Oferta de Manjares e Gr\u00e3os<\/a><\/li><li class=\"wp-block-pages-list__item\"><a class=\"wp-block-pages-list__item__link\" href=\"https:\/\/bibliapresente.com\/postagens\/livros-da-biblia\/levitico\/levitico-3\/\">Lev\u00edtico 3 &#8211; Oferta Pac\u00edfica e Sacrif\u00edcios<\/a><\/li><li class=\"wp-block-pages-list__item\"><a class=\"wp-block-pages-list__item__link\" href=\"https:\/\/bibliapresente.com\/postagens\/livros-da-biblia\/levitico\/levitico-4\/\">Lev\u00edtico 4 &#8211; A Oferta Pelo Pecado<\/a><\/li><li class=\"wp-block-pages-list__item\"><a class=\"wp-block-pages-list__item__link\" href=\"https:\/\/bibliapresente.com\/postagens\/livros-da-biblia\/levitico\/levitico-5\/\">Lev\u00edtico 5 &#8211; Oferta pela Culpa e Repara\u00e7\u00e3o<\/a><\/li><li class=\"wp-block-pages-list__item\"><a class=\"wp-block-pages-list__item__link\" href=\"https:\/\/bibliapresente.com\/postagens\/livros-da-biblia\/levitico\/levitico-6\/\">Lev\u00edtico 6 &#8211; Leis do Holocausto<\/a><\/li><li class=\"wp-block-pages-list__item\"><a class=\"wp-block-pages-list__item__link\" href=\"https:\/\/bibliapresente.com\/postagens\/livros-da-biblia\/levitico\/levitico-7\/\">Lev\u00edtico 7 &#8211; Ofertas Pac\u00edficas<\/a><\/li><li class=\"wp-block-pages-list__item\"><a class=\"wp-block-pages-list__item__link\" href=\"https:\/\/bibliapresente.com\/postagens\/livros-da-biblia\/levitico\/levitico-8\/\">Lev\u00edtico 8 &#8211; Consagra\u00e7\u00e3o de Aar\u00e3o<\/a><\/li><li class=\"wp-block-pages-list__item\"><a class=\"wp-block-pages-list__item__link\" href=\"https:\/\/bibliapresente.com\/postagens\/livros-da-biblia\/levitico\/levitico-9\/\">Lev\u00edtico 9 &#8211; Primeiro Sacrif\u00edcio de Aar\u00e3o<\/a><\/li><li class=\"wp-block-pages-list__item\"><a class=\"wp-block-pages-list__item__link\" href=\"https:\/\/bibliapresente.com\/postagens\/livros-da-biblia\/levitico\/levitico-10\/\">Lev\u00edtico 10 &#8211; Nadabe e Abi\u00fa<\/a><\/li><li class=\"wp-block-pages-list__item\"><a class=\"wp-block-pages-list__item__link\" href=\"https:\/\/bibliapresente.com\/postagens\/livros-da-biblia\/levitico\/levitico-11\/\">Lev\u00edtico 11 &#8211; Animais Puros e Impuros<\/a><\/li><li class=\"wp-block-pages-list__item\"><a class=\"wp-block-pages-list__item__link\" href=\"https:\/\/bibliapresente.com\/postagens\/livros-da-biblia\/levitico\/levitico-12\/\">Lev\u00edtico 12 &#8211; Purifica\u00e7\u00e3o ap\u00f3s o Parto<\/a><\/li><li class=\"wp-block-pages-list__item\"><a class=\"wp-block-pages-list__item__link\" href=\"https:\/\/bibliapresente.com\/postagens\/livros-da-biblia\/levitico\/levitico-13\/\">Lev\u00edtico 13 &#8211; Lepra e Diagn\u00f3stico<\/a><\/li><li class=\"wp-block-pages-list__item\"><a class=\"wp-block-pages-list__item__link\" href=\"https:\/\/bibliapresente.com\/postagens\/livros-da-biblia\/levitico\/levitico-14\/\">Lev\u00edtico 14 &#8211; Purifica\u00e7\u00e3o do Leproso<\/a><\/li><li class=\"wp-block-pages-list__item\"><a class=\"wp-block-pages-list__item__link\" href=\"https:\/\/bibliapresente.com\/postagens\/livros-da-biblia\/levitico\/levitico-15\/\">Lev\u00edtico 15 &#8211; Fluxos Corporais e Impureza<\/a><\/li><li class=\"wp-block-pages-list__item\"><a class=\"wp-block-pages-list__item__link\" href=\"https:\/\/bibliapresente.com\/postagens\/livros-da-biblia\/levitico\/levitico-16\/\">Lev\u00edtico 16 &#8211; Yom Kipur: O Dia da Expia\u00e7\u00e3o<\/a><\/li><li class=\"wp-block-pages-list__item\"><a class=\"wp-block-pages-list__item__link\" href=\"https:\/\/bibliapresente.com\/postagens\/livros-da-biblia\/levitico\/levitico-17\/\">Lev\u00edtico 17 &#8211; A Proibi\u00e7\u00e3o de Comer Sangue<\/a><\/li><li class=\"wp-block-pages-list__item\"><a class=\"wp-block-pages-list__item__link\" href=\"https:\/\/bibliapresente.com\/postagens\/livros-da-biblia\/levitico\/levitico-18\/\">Lev\u00edtico 18 &#8211; Leis sobre Imoralidade<\/a><\/li><li class=\"wp-block-pages-list__item\"><a class=\"wp-block-pages-list__item__link\" href=\"https:\/\/bibliapresente.com\/postagens\/livros-da-biblia\/levitico\/levitico-19\/\">Lev\u00edtico 19 &#8211; Leis de Santidade<\/a><\/li><li class=\"wp-block-pages-list__item\"><a class=\"wp-block-pages-list__item__link\" href=\"https:\/\/bibliapresente.com\/postagens\/livros-da-biblia\/levitico\/levitico-20\/\">Lev\u00edtico 20 &#8211; Puni\u00e7\u00f5es para Pecados Graves<\/a><\/li><li class=\"wp-block-pages-list__item\"><a class=\"wp-block-pages-list__item__link\" href=\"https:\/\/bibliapresente.com\/postagens\/livros-da-biblia\/levitico\/levitico-21\/\">Lev\u00edtico 21 &#8211; Regras para Sacerdotes<\/a><\/li><li class=\"wp-block-pages-list__item\"><a class=\"wp-block-pages-list__item__link\" href=\"https:\/\/bibliapresente.com\/postagens\/livros-da-biblia\/levitico\/levitico-22\/\">Lev\u00edtico 22 &#8211; A Aceita\u00e7\u00e3o de Ofertas<\/a><\/li><li class=\"wp-block-pages-list__item\"><a class=\"wp-block-pages-list__item__link\" href=\"https:\/\/bibliapresente.com\/postagens\/livros-da-biblia\/levitico\/levitico-23\/\">Lev\u00edtico 23 &#8211; As Festas Sagradas<\/a><\/li><li class=\"wp-block-pages-list__item\"><a class=\"wp-block-pages-list__item__link\" href=\"https:\/\/bibliapresente.com\/postagens\/livros-da-biblia\/levitico\/levitico-24\/\">Lev\u00edtico 24 &#8211; O Castigo pela Blasf\u00eamia<\/a><\/li><li class=\"wp-block-pages-list__item\"><a class=\"wp-block-pages-list__item__link\" href=\"https:\/\/bibliapresente.com\/postagens\/livros-da-biblia\/levitico\/levitico-25\/\">Lev\u00edtico 25 &#8211; O Ano Sab\u00e1tico e o Jubileu<\/a><\/li><li class=\"wp-block-pages-list__item\"><a class=\"wp-block-pages-list__item__link\" href=\"https:\/\/bibliapresente.com\/postagens\/livros-da-biblia\/levitico\/levitico-26\/\">Lev\u00edtico 26 &#8211; B\u00ean\u00e7\u00e3os e Maldi\u00e7\u00f5es pela Lei<\/a><\/li><li class=\"wp-block-pages-list__item\"><a class=\"wp-block-pages-list__item__link\" href=\"https:\/\/bibliapresente.com\/postagens\/livros-da-biblia\/levitico\/levitico-27\/\">Lev\u00edtico 27 &#8211; Leis sobre Votos e D\u00edzimos<\/a><\/li><\/ul>\n\n\n<p><\/p>\n","protected":false},"excerpt":{"rendered":"<p>1 E falou o SENHOR a Mois\u00e9s, dizendo: 2 Fala aos filhos de Israel, e dize-lhes: Eu sou o SENHOR vosso Deus. 3 N\u00e3o fareis como fazem na terra do Egito, na qual morastes; nem fareis como fazem na terra de Cana\u00e3, \u00e0 qual eu vos conduzo; nem andareis em seus estatutos. 4 Meus regulamentos &hellip; <\/p>\n","protected":false},"author":2,"featured_media":713,"parent":712,"menu_order":18,"comment_status":"closed","ping_status":"closed","template":"","meta":{"om_disable_all_campaigns":false,"_monsterinsights_skip_tracking":false,"_monsterinsights_sitenote_active":false,"_monsterinsights_sitenote_note":"","_monsterinsights_sitenote_category":0,"footnotes":""},"class_list":["post-751","page","type-page","status-publish","has-post-thumbnail","hentry"],"aioseo_notices":[],"_links":{"self":[{"href":"https:\/\/bibliapresente.com\/postagens\/wp-json\/wp\/v2\/pages\/751","targetHints":{"allow":["GET"]}}],"collection":[{"href":"https:\/\/bibliapresente.com\/postagens\/wp-json\/wp\/v2\/pages"}],"about":[{"href":"https:\/\/bibliapresente.com\/postagens\/wp-json\/wp\/v2\/types\/page"}],"author":[{"embeddable":true,"href":"https:\/\/bibliapresente.com\/postagens\/wp-json\/wp\/v2\/users\/2"}],"replies":[{"embeddable":true,"href":"https:\/\/bibliapresente.com\/postagens\/wp-json\/wp\/v2\/comments?post=751"}],"version-history":[{"count":5,"href":"https:\/\/bibliapresente.com\/postagens\/wp-json\/wp\/v2\/pages\/751\/revisions"}],"predecessor-version":[{"id":1352,"href":"https:\/\/bibliapresente.com\/postagens\/wp-json\/wp\/v2\/pages\/751\/revisions\/1352"}],"up":[{"embeddable":true,"href":"https:\/\/bibliapresente.com\/postagens\/wp-json\/wp\/v2\/pages\/712"}],"wp:featuredmedia":[{"embeddable":true,"href":"https:\/\/bibliapresente.com\/postagens\/wp-json\/wp\/v2\/media\/713"}],"wp:attachment":[{"href":"https:\/\/bibliapresente.com\/postagens\/wp-json\/wp\/v2\/media?parent=751"}],"curies":[{"name":"wp","href":"https:\/\/api.w.org\/{rel}","templated":true}]}}