{"id":749,"date":"2025-02-03T18:02:22","date_gmt":"2025-02-03T21:02:22","guid":{"rendered":"https:\/\/bibliapresente.com\/postagens\/?page_id=749"},"modified":"2025-02-03T18:02:23","modified_gmt":"2025-02-03T21:02:23","slug":"levitico-17","status":"publish","type":"page","link":"https:\/\/bibliapresente.com\/postagens\/livros-da-biblia\/levitico\/levitico-17\/","title":{"rendered":"Lev\u00edtico 17 &#8211; A Proibi\u00e7\u00e3o de Comer Sangue"},"content":{"rendered":"\n<p class=\"has-medium-font-size\" style=\"letter-spacing:1px\"><span><span><sup><b>1<\/b><\/sup><\/span> E falou o SENHOR a Mois\u00e9s, dizendo: <br><span><sup><b>2<\/b><\/sup><\/span> Fala a Ar\u00e3o e a seus filhos, e a todos os filhos de Israel, e dize-lhes: Isto \u00e9 o que mandou o SENHOR, dizendo: <br><span><sup><b>3<\/b><\/sup><\/span> Qualquer homem da casa de Israel que degolar boi, ou cordeiro, ou cabra, no acampamento, ou fora do acampamento, <br><span><sup><b>4<\/b><\/sup><\/span> E n\u00e3o o trouxer \u00e0 porta do tabern\u00e1culo do testemunho, para oferecer oferta ao SENHOR diante do tabern\u00e1culo do SENHOR, sangue ser\u00e1 imputado ao tal homem: sangue derramou; eliminado ser\u00e1 o tal homem dentre seu povo: <br><span><sup><b>5<\/b><\/sup><\/span> A fim de que tragam os filhos de Israel seus sacrif\u00edcios, os que sacrificam sobre a face do campo, para que os tragam ao SENHOR \u00e0 porta do tabern\u00e1culo do testemunho ao sacerdote, e sacrifiquem eles sacrif\u00edcios pac\u00edficos ao SENHOR. <br><span><sup><b>6<\/b><\/sup><\/span> E o sacerdote espargir\u00e1 o sangue sobre o altar do SENHOR, \u00e0 porta do tabern\u00e1culo do testemunho, e queimar\u00e1 a gordura em cheiro suave ao SENHOR. <br><span><sup><b>7<\/b><\/sup><\/span> E nunca mais sacrificar\u00e3o seus sacrif\u00edcios aos dem\u00f4nios, atr\u00e1s dos quais se prostitu\u00edram: ter\u00e3o isto por estatuto perp\u00e9tuo por suas gera\u00e7\u00f5es. <br><span><sup><b>8<\/b><\/sup><\/span> Tu Lhes dir\u00e1s tamb\u00e9m: Qualquer homem da casa de Israel, ou dos estrangeiros que peregrinam entre v\u00f3s, que oferecer holocausto ou sacrif\u00edcio, <br><span><sup><b>9<\/b><\/sup><\/span> E n\u00e3o o trouxer \u00e0 porta do tabern\u00e1culo do testemunho, para faz\u00ea-lo ao SENHOR, o tal homem ser\u00e1 igualmente eliminado de seus povos. <br><span><sup><b>10<\/b><\/sup><\/span> E qualquer homem da casa de Israel, ou dos estrangeiros que peregrinam entre eles, que comer algum sangue, eu porei meu rosto contra a pessoa que comer sangue, e lhe cortarei dentre seu povo. <br><span><sup><b>11<\/b><\/sup><\/span> Porque a vida da carne no sangue est\u00e1: e eu vos a dei para expiar vossas pessoas sobre o altar: pelo qual o mesmo sangue expiar\u00e1 a pessoa. <br><span><sup><b>12<\/b><\/sup><\/span> Portanto, disse aos filhos de Israel: Nenhuma pessoa de v\u00f3s comer\u00e1 sangue, nem o estrangeiro que peregrina entre v\u00f3s comer\u00e1 sangue. <br><span><sup><b>13<\/b><\/sup><\/span> E qualquer homem dos filhos de Israel, ou dos estrangeiros que peregrinam entre eles, que recolher ca\u00e7a de animal ou de ave que seja de comer, derramar\u00e1 seu sangue e o cobrir\u00e1 com terra: <br><span><sup><b>14<\/b><\/sup><\/span> Porque a alma de toda carne, sua vida, est\u00e1 em seu sangue: portanto disse aos filhos de Israel: N\u00e3o comereis o sangue de nenhuma carne, porque a vida de toda carne \u00e9 seu sangue; qualquer um que a comer ser\u00e1 eliminado. <br><span><sup><b>15<\/b><\/sup><\/span> E qualquer um pessoa que comer coisa morta ou despeda\u00e7ada por fera, tanto dos naturais como dos estrangeiros, lavar\u00e1 suas roupas e a si mesmo se lavar\u00e1 com \u00e1gua, e ser\u00e1 impuro at\u00e9 \u00e0 tarde; e se limpar\u00e1. <br><span><sup><b>16<\/b><\/sup><\/span> E se n\u00e3o os lavar, nem lavar sua carne, levar\u00e1 sua iniquidade.<\/span><\/p>\n\n\n\n<div class=\"wp-block-columns is-layout-flex wp-container-core-columns-is-layout-9d6595d7 wp-block-columns-is-layout-flex\">\n<div class=\"wp-block-column is-layout-flow wp-block-column-is-layout-flow\">\n<p><a href=\"\/levitico-16\" title=\"\">Lev\u00edtico 16<\/a><\/p>\n<\/div>\n\n\n\n<div class=\"wp-block-column is-layout-flow wp-block-column-is-layout-flow\">\n<p class=\"has-text-align-right\"><a href=\"\/levitico-18\" title=\"\">Lev\u00edtico 18<\/a><\/p>\n<\/div>\n<\/div>\n\n\n\n<h2 class=\"wp-block-heading\">Descri\u00e7\u00e3o &#8211; Lev\u00edtico 17<\/h2>\n\n\n\n<p class=\"has-medium-font-size\">Lev\u00edtico 17 aborda as leis sobre o sangue e o sacrif\u00edcio, estabelecendo regras rigorosas para o abate de animais e a oferta de sacrif\u00edcios no Tabern\u00e1culo. O cap\u00edtulo enfatiza que o sangue, como s\u00edmbolo da vida, deve ser oferecido a Deus e n\u00e3o consumido pelos israelitas. A proibi\u00e7\u00e3o de sacrificar fora do Tabern\u00e1culo visa garantir que os rituais sejam centralizados no local designado por Deus. Essas leis refor\u00e7am a santidade e a obedi\u00eancia nas pr\u00e1ticas religiosas. No contexto de Lev\u00edtico, o cap\u00edtulo destaca a import\u00e2ncia da pureza, do culto correto e da separa\u00e7\u00e3o do povo de pr\u00e1ticas id\u00f3latras.<\/p>\n\n\n\n<h3 class=\"wp-block-heading\">Livro do Lev\u00edtico:<\/h3>\n\n\n<ul class=\"wp-block-page-list\"><li class=\"wp-block-pages-list__item\"><a class=\"wp-block-pages-list__item__link\" href=\"https:\/\/bibliapresente.com\/postagens\/livros-da-biblia\/levitico\/levitico-1\/\">Lev\u00edtico 1 &#8211; A Oferta do Holocausto<\/a><\/li><li class=\"wp-block-pages-list__item\"><a class=\"wp-block-pages-list__item__link\" href=\"https:\/\/bibliapresente.com\/postagens\/livros-da-biblia\/levitico\/levitico-2\/\">Lev\u00edtico 2 &#8211; A Oferta de Manjares e Gr\u00e3os<\/a><\/li><li class=\"wp-block-pages-list__item\"><a class=\"wp-block-pages-list__item__link\" href=\"https:\/\/bibliapresente.com\/postagens\/livros-da-biblia\/levitico\/levitico-3\/\">Lev\u00edtico 3 &#8211; Oferta Pac\u00edfica e Sacrif\u00edcios<\/a><\/li><li class=\"wp-block-pages-list__item\"><a class=\"wp-block-pages-list__item__link\" href=\"https:\/\/bibliapresente.com\/postagens\/livros-da-biblia\/levitico\/levitico-4\/\">Lev\u00edtico 4 &#8211; A Oferta Pelo Pecado<\/a><\/li><li class=\"wp-block-pages-list__item\"><a class=\"wp-block-pages-list__item__link\" href=\"https:\/\/bibliapresente.com\/postagens\/livros-da-biblia\/levitico\/levitico-5\/\">Lev\u00edtico 5 &#8211; Oferta pela Culpa e Repara\u00e7\u00e3o<\/a><\/li><li class=\"wp-block-pages-list__item\"><a class=\"wp-block-pages-list__item__link\" href=\"https:\/\/bibliapresente.com\/postagens\/livros-da-biblia\/levitico\/levitico-6\/\">Lev\u00edtico 6 &#8211; Leis do Holocausto<\/a><\/li><li class=\"wp-block-pages-list__item\"><a class=\"wp-block-pages-list__item__link\" href=\"https:\/\/bibliapresente.com\/postagens\/livros-da-biblia\/levitico\/levitico-7\/\">Lev\u00edtico 7 &#8211; Ofertas Pac\u00edficas<\/a><\/li><li class=\"wp-block-pages-list__item\"><a class=\"wp-block-pages-list__item__link\" href=\"https:\/\/bibliapresente.com\/postagens\/livros-da-biblia\/levitico\/levitico-8\/\">Lev\u00edtico 8 &#8211; Consagra\u00e7\u00e3o de Aar\u00e3o<\/a><\/li><li class=\"wp-block-pages-list__item\"><a class=\"wp-block-pages-list__item__link\" href=\"https:\/\/bibliapresente.com\/postagens\/livros-da-biblia\/levitico\/levitico-9\/\">Lev\u00edtico 9 &#8211; Primeiro Sacrif\u00edcio de Aar\u00e3o<\/a><\/li><li class=\"wp-block-pages-list__item\"><a class=\"wp-block-pages-list__item__link\" href=\"https:\/\/bibliapresente.com\/postagens\/livros-da-biblia\/levitico\/levitico-10\/\">Lev\u00edtico 10 &#8211; Nadabe e Abi\u00fa<\/a><\/li><li class=\"wp-block-pages-list__item\"><a class=\"wp-block-pages-list__item__link\" href=\"https:\/\/bibliapresente.com\/postagens\/livros-da-biblia\/levitico\/levitico-11\/\">Lev\u00edtico 11 &#8211; Animais Puros e Impuros<\/a><\/li><li class=\"wp-block-pages-list__item\"><a class=\"wp-block-pages-list__item__link\" href=\"https:\/\/bibliapresente.com\/postagens\/livros-da-biblia\/levitico\/levitico-12\/\">Lev\u00edtico 12 &#8211; Purifica\u00e7\u00e3o ap\u00f3s o Parto<\/a><\/li><li class=\"wp-block-pages-list__item\"><a class=\"wp-block-pages-list__item__link\" href=\"https:\/\/bibliapresente.com\/postagens\/livros-da-biblia\/levitico\/levitico-13\/\">Lev\u00edtico 13 &#8211; Lepra e Diagn\u00f3stico<\/a><\/li><li class=\"wp-block-pages-list__item\"><a class=\"wp-block-pages-list__item__link\" href=\"https:\/\/bibliapresente.com\/postagens\/livros-da-biblia\/levitico\/levitico-14\/\">Lev\u00edtico 14 &#8211; Purifica\u00e7\u00e3o do Leproso<\/a><\/li><li class=\"wp-block-pages-list__item\"><a class=\"wp-block-pages-list__item__link\" href=\"https:\/\/bibliapresente.com\/postagens\/livros-da-biblia\/levitico\/levitico-15\/\">Lev\u00edtico 15 &#8211; Fluxos Corporais e Impureza<\/a><\/li><li class=\"wp-block-pages-list__item\"><a class=\"wp-block-pages-list__item__link\" href=\"https:\/\/bibliapresente.com\/postagens\/livros-da-biblia\/levitico\/levitico-16\/\">Lev\u00edtico 16 &#8211; Yom Kipur: O Dia da Expia\u00e7\u00e3o<\/a><\/li><li class=\"wp-block-pages-list__item\"><a class=\"wp-block-pages-list__item__link\" href=\"https:\/\/bibliapresente.com\/postagens\/livros-da-biblia\/levitico\/levitico-17\/\">Lev\u00edtico 17 &#8211; A Proibi\u00e7\u00e3o de Comer Sangue<\/a><\/li><li class=\"wp-block-pages-list__item\"><a class=\"wp-block-pages-list__item__link\" href=\"https:\/\/bibliapresente.com\/postagens\/livros-da-biblia\/levitico\/levitico-18\/\">Lev\u00edtico 18 &#8211; Leis sobre Imoralidade<\/a><\/li><li class=\"wp-block-pages-list__item\"><a class=\"wp-block-pages-list__item__link\" href=\"https:\/\/bibliapresente.com\/postagens\/livros-da-biblia\/levitico\/levitico-19\/\">Lev\u00edtico 19 &#8211; Leis de Santidade<\/a><\/li><li class=\"wp-block-pages-list__item\"><a class=\"wp-block-pages-list__item__link\" href=\"https:\/\/bibliapresente.com\/postagens\/livros-da-biblia\/levitico\/levitico-20\/\">Lev\u00edtico 20 &#8211; Puni\u00e7\u00f5es para Pecados Graves<\/a><\/li><li class=\"wp-block-pages-list__item\"><a class=\"wp-block-pages-list__item__link\" href=\"https:\/\/bibliapresente.com\/postagens\/livros-da-biblia\/levitico\/levitico-21\/\">Lev\u00edtico 21 &#8211; Regras para Sacerdotes<\/a><\/li><li class=\"wp-block-pages-list__item\"><a class=\"wp-block-pages-list__item__link\" href=\"https:\/\/bibliapresente.com\/postagens\/livros-da-biblia\/levitico\/levitico-22\/\">Lev\u00edtico 22 &#8211; A Aceita\u00e7\u00e3o de Ofertas<\/a><\/li><li class=\"wp-block-pages-list__item\"><a class=\"wp-block-pages-list__item__link\" href=\"https:\/\/bibliapresente.com\/postagens\/livros-da-biblia\/levitico\/levitico-23\/\">Lev\u00edtico 23 &#8211; As Festas Sagradas<\/a><\/li><li class=\"wp-block-pages-list__item\"><a class=\"wp-block-pages-list__item__link\" href=\"https:\/\/bibliapresente.com\/postagens\/livros-da-biblia\/levitico\/levitico-24\/\">Lev\u00edtico 24 &#8211; O Castigo pela Blasf\u00eamia<\/a><\/li><li class=\"wp-block-pages-list__item\"><a class=\"wp-block-pages-list__item__link\" href=\"https:\/\/bibliapresente.com\/postagens\/livros-da-biblia\/levitico\/levitico-25\/\">Lev\u00edtico 25 &#8211; O Ano Sab\u00e1tico e o Jubileu<\/a><\/li><li class=\"wp-block-pages-list__item\"><a class=\"wp-block-pages-list__item__link\" href=\"https:\/\/bibliapresente.com\/postagens\/livros-da-biblia\/levitico\/levitico-26\/\">Lev\u00edtico 26 &#8211; B\u00ean\u00e7\u00e3os e Maldi\u00e7\u00f5es pela Lei<\/a><\/li><li class=\"wp-block-pages-list__item\"><a class=\"wp-block-pages-list__item__link\" href=\"https:\/\/bibliapresente.com\/postagens\/livros-da-biblia\/levitico\/levitico-27\/\">Lev\u00edtico 27 &#8211; Leis sobre Votos e D\u00edzimos<\/a><\/li><\/ul>\n\n\n<p><\/p>\n","protected":false},"excerpt":{"rendered":"<p>1 E falou o SENHOR a Mois\u00e9s, dizendo: 2 Fala a Ar\u00e3o e a seus filhos, e a todos os filhos de Israel, e dize-lhes: Isto \u00e9 o que mandou o SENHOR, dizendo: 3 Qualquer homem da casa de Israel que degolar boi, ou cordeiro, ou cabra, no acampamento, ou fora do acampamento, 4 E &hellip; <\/p>\n","protected":false},"author":2,"featured_media":713,"parent":712,"menu_order":17,"comment_status":"closed","ping_status":"closed","template":"","meta":{"om_disable_all_campaigns":false,"_monsterinsights_skip_tracking":false,"_monsterinsights_sitenote_active":false,"_monsterinsights_sitenote_note":"","_monsterinsights_sitenote_category":0,"footnotes":""},"class_list":["post-749","page","type-page","status-publish","has-post-thumbnail","hentry"],"aioseo_notices":[],"_links":{"self":[{"href":"https:\/\/bibliapresente.com\/postagens\/wp-json\/wp\/v2\/pages\/749","targetHints":{"allow":["GET"]}}],"collection":[{"href":"https:\/\/bibliapresente.com\/postagens\/wp-json\/wp\/v2\/pages"}],"about":[{"href":"https:\/\/bibliapresente.com\/postagens\/wp-json\/wp\/v2\/types\/page"}],"author":[{"embeddable":true,"href":"https:\/\/bibliapresente.com\/postagens\/wp-json\/wp\/v2\/users\/2"}],"replies":[{"embeddable":true,"href":"https:\/\/bibliapresente.com\/postagens\/wp-json\/wp\/v2\/comments?post=749"}],"version-history":[{"count":5,"href":"https:\/\/bibliapresente.com\/postagens\/wp-json\/wp\/v2\/pages\/749\/revisions"}],"predecessor-version":[{"id":1351,"href":"https:\/\/bibliapresente.com\/postagens\/wp-json\/wp\/v2\/pages\/749\/revisions\/1351"}],"up":[{"embeddable":true,"href":"https:\/\/bibliapresente.com\/postagens\/wp-json\/wp\/v2\/pages\/712"}],"wp:featuredmedia":[{"embeddable":true,"href":"https:\/\/bibliapresente.com\/postagens\/wp-json\/wp\/v2\/media\/713"}],"wp:attachment":[{"href":"https:\/\/bibliapresente.com\/postagens\/wp-json\/wp\/v2\/media?parent=749"}],"curies":[{"name":"wp","href":"https:\/\/api.w.org\/{rel}","templated":true}]}}