{"id":747,"date":"2025-02-03T18:01:30","date_gmt":"2025-02-03T21:01:30","guid":{"rendered":"https:\/\/bibliapresente.com\/postagens\/?page_id=747"},"modified":"2025-02-03T18:01:31","modified_gmt":"2025-02-03T21:01:31","slug":"levitico-16","status":"publish","type":"page","link":"https:\/\/bibliapresente.com\/postagens\/livros-da-biblia\/levitico\/levitico-16\/","title":{"rendered":"Lev\u00edtico 16 &#8211; Yom Kipur: O Dia da Expia\u00e7\u00e3o"},"content":{"rendered":"\n<p class=\"has-medium-font-size\" style=\"letter-spacing:1px\"><span><span><sup><b>1<\/b><\/sup><\/span> E falou o SENHOR a Mois\u00e9s, depois que morreram os dois filhos de Ar\u00e3o, quando se chegaram diante do SENHOR, e morreram; <br><span><sup><b>2<\/b><\/sup><\/span> E o SENHOR disse a Mois\u00e9s: Dize a Ar\u00e3o teu irm\u00e3o, que n\u00e3o em todo tempo entre no santu\u00e1rio do v\u00e9u dentro, diante do propiciat\u00f3rio que est\u00e1 sobre a arca, para que n\u00e3o morra: porque eu aparecerei na nuvem sobre o propiciat\u00f3rio. <br><span><sup><b>3<\/b><\/sup><\/span> Com isto entrar\u00e1 Ar\u00e3o no santu\u00e1rio: com um bezerro por expia\u00e7\u00e3o, e um carneiro em holocausto. <br><span><sup><b>4<\/b><\/sup><\/span> A t\u00fanica santa de linho se vestir\u00e1, e sobre sua carne ter\u00e1 cal\u00e7\u00f5es de linho, e se cingir\u00e1 o cinto de linho; e com a mitra de linho se cobrir\u00e1: s\u00e3o as santas vestiduras: com elas, depois de lavar sua carne com \u00e1gua, se h\u00e1 de vestir. <br><span><sup><b>5<\/b><\/sup><\/span> E da congrega\u00e7\u00e3o dos filhos de Israel tomar\u00e1 dois machos de bode para expia\u00e7\u00e3o, e um carneiro para holocausto. <br><span><sup><b>6<\/b><\/sup><\/span> E far\u00e1 achegar Ar\u00e3o o bezerro da expia\u00e7\u00e3o, que \u00e9 seu, e far\u00e1 a reconcilia\u00e7\u00e3o por si e por sua casa. <br><span><sup><b>7<\/b><\/sup><\/span> Depois tomar\u00e1 os dois machos de bode, e os apresentar\u00e1 diante do SENHOR \u00e0 porta do tabern\u00e1culo do testemunho. <br><span><sup><b>8<\/b><\/sup><\/span> E lan\u00e7ar\u00e1 sortes Ar\u00e3o sobre os dois machos de bode; uma sorte pelo SENHOR, e a outra sorte por Azazel. <br><span><sup><b>9<\/b><\/sup><\/span> E far\u00e1 achegar Ar\u00e3o o bode macho sobre o qual cair a sorte pelo SENHOR, e o oferecer\u00e1 em expia\u00e7\u00e3o. <br><span><sup><b>10<\/b><\/sup><\/span> Mas o bode macho, sobre o qual cair a sorte por Azazel, o apresentar\u00e1 vivo diante do SENHOR, para fazer a reconcilia\u00e7\u00e3o sobre ele, para envi\u00e1-lo a Azazel ao deserto. <br><span><sup><b>11<\/b><\/sup><\/span> E far\u00e1 chegar Ar\u00e3o o bezerro que era seu para expia\u00e7\u00e3o, e far\u00e1 a reconcilia\u00e7\u00e3o por si e por sua casa, e degolar\u00e1 em expia\u00e7\u00e3o o bezerro que \u00e9 seu. <br><span><sup><b>12<\/b><\/sup><\/span> Depois tomar\u00e1 o incens\u00e1rio cheio de brasas de fogo, do altar de diante do SENHOR, e seus punhos cheios do incenso arom\u00e1tico prensado, e o meter\u00e1 do v\u00e9u dentro: <br><span><sup><b>13<\/b><\/sup><\/span> E por\u00e1 o incenso sobre o fogo diante do SENHOR, e a nuvem do incenso cobrir\u00e1 o propiciat\u00f3rio que est\u00e1 sobre o testemunho, e n\u00e3o morrer\u00e1. <br><span><sup><b>14<\/b><\/sup><\/span> Tomar\u00e1 logo do sangue do bezerro, e espargir\u00e1 com seu dedo at\u00e9 o propiciat\u00f3rio ao lado oriental: at\u00e9 o propiciat\u00f3rio espargir\u00e1 sete vezes daquele sangue com seu dedo. <br><span><sup><b>15<\/b><\/sup><\/span> Depois degolar\u00e1 em expia\u00e7\u00e3o o bode macho, que era do povo, e meter\u00e1 o sangue dele do v\u00e9u dentro; e far\u00e1 de seu sangue como fez do sangue do bezerro, e espargir\u00e1 sobre o propiciat\u00f3rio e diante do propiciat\u00f3rio: <br><span><sup><b>16<\/b><\/sup><\/span> E limpar\u00e1 o santu\u00e1rio, das imund\u00edcias dos filhos de Israel, e de suas rebeli\u00f5es, e de todos os seus pecados: da mesma maneira far\u00e1 tamb\u00e9m ao tabern\u00e1culo do testemunho, o qual reside entre eles em meio de suas imund\u00edcias. <br><span><sup><b>17<\/b><\/sup><\/span> E nenhum homem estar\u00e1 no tabern\u00e1culo do testemunho quando ele entrar a fazer a reconcilia\u00e7\u00e3o no santu\u00e1rio, at\u00e9 que ele saia, e haja feito a reconcilia\u00e7\u00e3o por si, e por sua casa, e por toda a congrega\u00e7\u00e3o de Israel. <br><span><sup><b>18<\/b><\/sup><\/span> E sair\u00e1 ao altar que est\u00e1 diante do SENHOR, e o expiar\u00e1; e tomar\u00e1 do sangue do bezerro, e do sangue do bode macho, e por\u00e1 sobre as pontas do altar ao redor. <br><span><sup><b>19<\/b><\/sup><\/span> E espargir\u00e1 sobre ele do sangue com seu dedo sete vezes, e o limpar\u00e1, e o santificar\u00e1 das imund\u00edcias dos filhos de Israel. <br><span><sup><b>20<\/b><\/sup><\/span> E quando houver acabado de expiar o santu\u00e1rio, e o tabern\u00e1culo do testemunho, e o altar, far\u00e1 chegar o bode macho vivo: <br><span><sup><b>21<\/b><\/sup><\/span> E por\u00e1 Ar\u00e3o ambas as m\u00e3os suas sobre a cabe\u00e7a do bode macho vivo, e confessar\u00e1 sobre ele todas as iniquidades dos filhos de Israel, e todas suas rebeli\u00f5es, e todos os seus pecados, pondo-os assim sobre a cabe\u00e7a do bode macho, e o enviar\u00e1 ao deserto por meio de um homem destinado para isto. <br><span><sup><b>22<\/b><\/sup><\/span> E aquele bode macho levar\u00e1 sobre si todas as iniquidades deles a terra inabitada: e deixar\u00e1 ir o bode macho pelo deserto. <br><span><sup><b>23<\/b><\/sup><\/span> Depois vir\u00e1 Ar\u00e3o ao tabern\u00e1culo do testemunho, e se desnudar\u00e1 as vestimentas de linho, que havia vestido para entrar no santu\u00e1rio, e as por\u00e1 ali. <br><span><sup><b>24<\/b><\/sup><\/span> Lavar\u00e1 logo sua carne com \u00e1gua no lugar do santu\u00e1rio, e depois de se p\u00f4r suas roupas sair\u00e1, e far\u00e1 seu holocausto, e o holocausto do povo, e far\u00e1 a reconcilia\u00e7\u00e3o por si e pelo povo. <br><span><sup><b>25<\/b><\/sup><\/span> E queimar\u00e1 a gordura da expia\u00e7\u00e3o sobre o altar. <br><span><sup><b>26<\/b><\/sup><\/span> E o que houver levado o bode macho a Azazel, lavar\u00e1 suas roupas, lavar\u00e1 tamb\u00e9m com \u00e1gua sua carne, e depois entrar\u00e1 no acampamento. <br><span><sup><b>27<\/b><\/sup><\/span> E tirar\u00e1 fora do acampamento o bezerro do pecado, e o bode macho da culpa, o sangue dos quais foi metido para fazer a expia\u00e7\u00e3o no santu\u00e1rio; e queimar\u00e3o no fogo suas peles, e suas carnes, e seu excremento. <br><span><sup><b>28<\/b><\/sup><\/span> E o que os queimar, lavar\u00e1 suas roupas, lavar\u00e1 tamb\u00e9m sua carne com \u00e1gua, e depois entrar\u00e1 no acampamento. <br><span><sup><b>29<\/b><\/sup><\/span> E isto tereis por estatuto perp\u00e9tuo: No m\u00eas s\u00e9timo, aos dez do m\u00eas, afligireis vossas almas, e nenhuma obra fareis, nem o natural nem o estrangeiro que peregrina entre v\u00f3s: <br><span><sup><b>30<\/b><\/sup><\/span> Porque neste dia se vos reconciliar\u00e1 para limpar-vos; e sereis limpos de todos vossos pecados diante do SENHOR. <br><span><sup><b>31<\/b><\/sup><\/span> S\u00e1bado de repouso \u00e9 para v\u00f3s, e afligireis vossas almas, por estatuto perp\u00e9tuo. <br><span><sup><b>32<\/b><\/sup><\/span> E far\u00e1 a reconcilia\u00e7\u00e3o o sacerdote que for ungido, e cuja m\u00e3o houver sido cheia para ser sacerdote em lugar de seu pai; e se vestir\u00e1 as vestimentas de linho, as vestiduras sagradas: <br><span><sup><b>33<\/b><\/sup><\/span> E expiar\u00e1 o santu\u00e1rio santo, e o tabern\u00e1culo do testemunho; expiar\u00e1 tamb\u00e9m o altar, e aos sacerdotes, e a todo o povo da congrega\u00e7\u00e3o. <br><span><sup><b>34<\/b><\/sup><\/span> E isto tereis por estatuto perp\u00e9tuo, para expiar aos filhos de Israel de todos os seus pecados uma vez no ano. E Mois\u00e9s o fez como o SENHOR lhe mandou.<\/span><\/p>\n\n\n\n<div class=\"wp-block-columns is-layout-flex wp-container-core-columns-is-layout-9d6595d7 wp-block-columns-is-layout-flex\">\n<div class=\"wp-block-column is-layout-flow wp-block-column-is-layout-flow\">\n<p><a href=\"\/levitico-15\" title=\"\">Lev\u00edtico 15<\/a><\/p>\n<\/div>\n\n\n\n<div class=\"wp-block-column is-layout-flow wp-block-column-is-layout-flow\">\n<p class=\"has-text-align-right\"><a href=\"\/levitico-17\" title=\"\">Lev\u00edtico 17<\/a><\/p>\n<\/div>\n<\/div>\n\n\n\n<h2 class=\"wp-block-heading\">Descri\u00e7\u00e3o &#8211; Lev\u00edtico 16<\/h2>\n\n\n\n<p class=\"has-medium-font-size\">Lev\u00edtico 16 descreve o rito do Yom Kippur (Dia da Expia\u00e7\u00e3o), o mais importante evento anual para a purifica\u00e7\u00e3o do povo de Israel. O cap\u00edtulo detalha o processo pelo qual o sumo sacerdote entra no Santo dos Santos para oferecer sacrif\u00edcios pelos pecados do povo e, simbolicamente, coloca os pecados sobre um bode expiat\u00f3rio, que \u00e9 ent\u00e3o enviado ao deserto. Esse ritual visa restaurar a rela\u00e7\u00e3o entre Deus e Israel, purificando-os de suas transgress\u00f5es. No contexto do livro de Lev\u00edtico, o cap\u00edtulo refor\u00e7a a necessidade de santidade, arrependimento e obedi\u00eancia para manter a alian\u00e7a com Deus e viver em pureza.<\/p>\n\n\n\n<h3 class=\"wp-block-heading\">Livro do Lev\u00edtico:<\/h3>\n\n\n<ul class=\"wp-block-page-list\"><li class=\"wp-block-pages-list__item\"><a class=\"wp-block-pages-list__item__link\" href=\"https:\/\/bibliapresente.com\/postagens\/livros-da-biblia\/levitico\/levitico-1\/\">Lev\u00edtico 1 &#8211; A Oferta do Holocausto<\/a><\/li><li class=\"wp-block-pages-list__item\"><a class=\"wp-block-pages-list__item__link\" href=\"https:\/\/bibliapresente.com\/postagens\/livros-da-biblia\/levitico\/levitico-2\/\">Lev\u00edtico 2 &#8211; A Oferta de Manjares e Gr\u00e3os<\/a><\/li><li class=\"wp-block-pages-list__item\"><a class=\"wp-block-pages-list__item__link\" href=\"https:\/\/bibliapresente.com\/postagens\/livros-da-biblia\/levitico\/levitico-3\/\">Lev\u00edtico 3 &#8211; Oferta Pac\u00edfica e Sacrif\u00edcios<\/a><\/li><li class=\"wp-block-pages-list__item\"><a class=\"wp-block-pages-list__item__link\" href=\"https:\/\/bibliapresente.com\/postagens\/livros-da-biblia\/levitico\/levitico-4\/\">Lev\u00edtico 4 &#8211; A Oferta Pelo Pecado<\/a><\/li><li class=\"wp-block-pages-list__item\"><a class=\"wp-block-pages-list__item__link\" href=\"https:\/\/bibliapresente.com\/postagens\/livros-da-biblia\/levitico\/levitico-5\/\">Lev\u00edtico 5 &#8211; Oferta pela Culpa e Repara\u00e7\u00e3o<\/a><\/li><li class=\"wp-block-pages-list__item\"><a class=\"wp-block-pages-list__item__link\" href=\"https:\/\/bibliapresente.com\/postagens\/livros-da-biblia\/levitico\/levitico-6\/\">Lev\u00edtico 6 &#8211; Leis do Holocausto<\/a><\/li><li class=\"wp-block-pages-list__item\"><a class=\"wp-block-pages-list__item__link\" href=\"https:\/\/bibliapresente.com\/postagens\/livros-da-biblia\/levitico\/levitico-7\/\">Lev\u00edtico 7 &#8211; Ofertas Pac\u00edficas<\/a><\/li><li class=\"wp-block-pages-list__item\"><a class=\"wp-block-pages-list__item__link\" href=\"https:\/\/bibliapresente.com\/postagens\/livros-da-biblia\/levitico\/levitico-8\/\">Lev\u00edtico 8 &#8211; Consagra\u00e7\u00e3o de Aar\u00e3o<\/a><\/li><li class=\"wp-block-pages-list__item\"><a class=\"wp-block-pages-list__item__link\" href=\"https:\/\/bibliapresente.com\/postagens\/livros-da-biblia\/levitico\/levitico-9\/\">Lev\u00edtico 9 &#8211; Primeiro Sacrif\u00edcio de Aar\u00e3o<\/a><\/li><li class=\"wp-block-pages-list__item\"><a class=\"wp-block-pages-list__item__link\" href=\"https:\/\/bibliapresente.com\/postagens\/livros-da-biblia\/levitico\/levitico-10\/\">Lev\u00edtico 10 &#8211; Nadabe e Abi\u00fa<\/a><\/li><li class=\"wp-block-pages-list__item\"><a class=\"wp-block-pages-list__item__link\" href=\"https:\/\/bibliapresente.com\/postagens\/livros-da-biblia\/levitico\/levitico-11\/\">Lev\u00edtico 11 &#8211; Animais Puros e Impuros<\/a><\/li><li class=\"wp-block-pages-list__item\"><a class=\"wp-block-pages-list__item__link\" href=\"https:\/\/bibliapresente.com\/postagens\/livros-da-biblia\/levitico\/levitico-12\/\">Lev\u00edtico 12 &#8211; Purifica\u00e7\u00e3o ap\u00f3s o Parto<\/a><\/li><li class=\"wp-block-pages-list__item\"><a class=\"wp-block-pages-list__item__link\" href=\"https:\/\/bibliapresente.com\/postagens\/livros-da-biblia\/levitico\/levitico-13\/\">Lev\u00edtico 13 &#8211; Lepra e Diagn\u00f3stico<\/a><\/li><li class=\"wp-block-pages-list__item\"><a class=\"wp-block-pages-list__item__link\" href=\"https:\/\/bibliapresente.com\/postagens\/livros-da-biblia\/levitico\/levitico-14\/\">Lev\u00edtico 14 &#8211; Purifica\u00e7\u00e3o do Leproso<\/a><\/li><li class=\"wp-block-pages-list__item\"><a class=\"wp-block-pages-list__item__link\" href=\"https:\/\/bibliapresente.com\/postagens\/livros-da-biblia\/levitico\/levitico-15\/\">Lev\u00edtico 15 &#8211; Fluxos Corporais e Impureza<\/a><\/li><li class=\"wp-block-pages-list__item\"><a class=\"wp-block-pages-list__item__link\" href=\"https:\/\/bibliapresente.com\/postagens\/livros-da-biblia\/levitico\/levitico-16\/\">Lev\u00edtico 16 &#8211; Yom Kipur: O Dia da Expia\u00e7\u00e3o<\/a><\/li><li class=\"wp-block-pages-list__item\"><a class=\"wp-block-pages-list__item__link\" href=\"https:\/\/bibliapresente.com\/postagens\/livros-da-biblia\/levitico\/levitico-17\/\">Lev\u00edtico 17 &#8211; A Proibi\u00e7\u00e3o de Comer Sangue<\/a><\/li><li class=\"wp-block-pages-list__item\"><a class=\"wp-block-pages-list__item__link\" href=\"https:\/\/bibliapresente.com\/postagens\/livros-da-biblia\/levitico\/levitico-18\/\">Lev\u00edtico 18 &#8211; Leis sobre Imoralidade<\/a><\/li><li class=\"wp-block-pages-list__item\"><a class=\"wp-block-pages-list__item__link\" href=\"https:\/\/bibliapresente.com\/postagens\/livros-da-biblia\/levitico\/levitico-19\/\">Lev\u00edtico 19 &#8211; Leis de Santidade<\/a><\/li><li class=\"wp-block-pages-list__item\"><a class=\"wp-block-pages-list__item__link\" href=\"https:\/\/bibliapresente.com\/postagens\/livros-da-biblia\/levitico\/levitico-20\/\">Lev\u00edtico 20 &#8211; Puni\u00e7\u00f5es para Pecados Graves<\/a><\/li><li class=\"wp-block-pages-list__item\"><a class=\"wp-block-pages-list__item__link\" href=\"https:\/\/bibliapresente.com\/postagens\/livros-da-biblia\/levitico\/levitico-21\/\">Lev\u00edtico 21 &#8211; Regras para Sacerdotes<\/a><\/li><li class=\"wp-block-pages-list__item\"><a class=\"wp-block-pages-list__item__link\" href=\"https:\/\/bibliapresente.com\/postagens\/livros-da-biblia\/levitico\/levitico-22\/\">Lev\u00edtico 22 &#8211; A Aceita\u00e7\u00e3o de Ofertas<\/a><\/li><li class=\"wp-block-pages-list__item\"><a class=\"wp-block-pages-list__item__link\" href=\"https:\/\/bibliapresente.com\/postagens\/livros-da-biblia\/levitico\/levitico-23\/\">Lev\u00edtico 23 &#8211; As Festas Sagradas<\/a><\/li><li class=\"wp-block-pages-list__item\"><a class=\"wp-block-pages-list__item__link\" href=\"https:\/\/bibliapresente.com\/postagens\/livros-da-biblia\/levitico\/levitico-24\/\">Lev\u00edtico 24 &#8211; O Castigo pela Blasf\u00eamia<\/a><\/li><li class=\"wp-block-pages-list__item\"><a class=\"wp-block-pages-list__item__link\" href=\"https:\/\/bibliapresente.com\/postagens\/livros-da-biblia\/levitico\/levitico-25\/\">Lev\u00edtico 25 &#8211; O Ano Sab\u00e1tico e o Jubileu<\/a><\/li><li class=\"wp-block-pages-list__item\"><a class=\"wp-block-pages-list__item__link\" href=\"https:\/\/bibliapresente.com\/postagens\/livros-da-biblia\/levitico\/levitico-26\/\">Lev\u00edtico 26 &#8211; B\u00ean\u00e7\u00e3os e Maldi\u00e7\u00f5es pela Lei<\/a><\/li><li class=\"wp-block-pages-list__item\"><a class=\"wp-block-pages-list__item__link\" href=\"https:\/\/bibliapresente.com\/postagens\/livros-da-biblia\/levitico\/levitico-27\/\">Lev\u00edtico 27 &#8211; Leis sobre Votos e D\u00edzimos<\/a><\/li><\/ul>\n\n\n<p><\/p>\n","protected":false},"excerpt":{"rendered":"<p>1 E falou o SENHOR a Mois\u00e9s, depois que morreram os dois filhos de Ar\u00e3o, quando se chegaram diante do SENHOR, e morreram; 2 E o SENHOR disse a Mois\u00e9s: Dize a Ar\u00e3o teu irm\u00e3o, que n\u00e3o em todo tempo entre no santu\u00e1rio do v\u00e9u dentro, diante do propiciat\u00f3rio que est\u00e1 sobre a arca, para &hellip; <\/p>\n","protected":false},"author":2,"featured_media":713,"parent":712,"menu_order":16,"comment_status":"closed","ping_status":"closed","template":"","meta":{"om_disable_all_campaigns":false,"_monsterinsights_skip_tracking":false,"_monsterinsights_sitenote_active":false,"_monsterinsights_sitenote_note":"","_monsterinsights_sitenote_category":0,"footnotes":""},"class_list":["post-747","page","type-page","status-publish","has-post-thumbnail","hentry"],"aioseo_notices":[],"_links":{"self":[{"href":"https:\/\/bibliapresente.com\/postagens\/wp-json\/wp\/v2\/pages\/747","targetHints":{"allow":["GET"]}}],"collection":[{"href":"https:\/\/bibliapresente.com\/postagens\/wp-json\/wp\/v2\/pages"}],"about":[{"href":"https:\/\/bibliapresente.com\/postagens\/wp-json\/wp\/v2\/types\/page"}],"author":[{"embeddable":true,"href":"https:\/\/bibliapresente.com\/postagens\/wp-json\/wp\/v2\/users\/2"}],"replies":[{"embeddable":true,"href":"https:\/\/bibliapresente.com\/postagens\/wp-json\/wp\/v2\/comments?post=747"}],"version-history":[{"count":5,"href":"https:\/\/bibliapresente.com\/postagens\/wp-json\/wp\/v2\/pages\/747\/revisions"}],"predecessor-version":[{"id":1350,"href":"https:\/\/bibliapresente.com\/postagens\/wp-json\/wp\/v2\/pages\/747\/revisions\/1350"}],"up":[{"embeddable":true,"href":"https:\/\/bibliapresente.com\/postagens\/wp-json\/wp\/v2\/pages\/712"}],"wp:featuredmedia":[{"embeddable":true,"href":"https:\/\/bibliapresente.com\/postagens\/wp-json\/wp\/v2\/media\/713"}],"wp:attachment":[{"href":"https:\/\/bibliapresente.com\/postagens\/wp-json\/wp\/v2\/media?parent=747"}],"curies":[{"name":"wp","href":"https:\/\/api.w.org\/{rel}","templated":true}]}}