{"id":745,"date":"2025-02-03T18:00:35","date_gmt":"2025-02-03T21:00:35","guid":{"rendered":"https:\/\/bibliapresente.com\/postagens\/?page_id=745"},"modified":"2025-02-03T18:00:35","modified_gmt":"2025-02-03T21:00:35","slug":"levitico-15","status":"publish","type":"page","link":"https:\/\/bibliapresente.com\/postagens\/livros-da-biblia\/levitico\/levitico-15\/","title":{"rendered":"Lev\u00edtico 15 &#8211; Fluxos Corporais e Impureza"},"content":{"rendered":"\n<p class=\"has-medium-font-size\"><span><span><sup><b>1<\/b><\/sup><\/span> E falou o SENHOR a Mois\u00e9s e a Ar\u00e3o, dizendo: <br><span><sup><b>2<\/b><\/sup><\/span> Falai aos filhos de Israel, e dizei-lhes: Qualquer homem, quando seu corrimento sair de sua carne, ser\u00e1 impuro. <br><span><sup><b>3<\/b><\/sup><\/span> E esta ser\u00e1 sua impureza em seu fluxo; seja que sua carne derramou por causa de seu fluxo, ou que sua carne se obstruiu por causa de seu fluxo, ele ser\u00e1 impuro. <br><span><sup><b>4<\/b><\/sup><\/span> Toda cama em que se deitar o que tiver fluxo, ser\u00e1 impura; e toda coisa sobre que se sentar, impura ser\u00e1. <br><span><sup><b>5<\/b><\/sup><\/span> E qualquer um que tocar em sua cama, lavar\u00e1 suas roupas; lavar\u00e1 tamb\u00e9m a si mesmo com \u00e1gua, e ser\u00e1 impuro at\u00e9 \u00e0 tarde. <br><span><sup><b>6<\/b><\/sup><\/span> E o que se sentar sobre aquilo em que se houver sentado o que tem fluxo, lavar\u00e1 suas roupas, se lavar\u00e1 tamb\u00e9m a si mesmo com \u00e1gua, e ser\u00e1 impuro at\u00e9 \u00e0 tarde. <br><span><sup><b>7<\/b><\/sup><\/span> Tamb\u00e9m o que tocar a carne do que tem fluxo, lavar\u00e1 suas roupas, e a si mesmo se lavar\u00e1 com \u00e1gua, e ser\u00e1 impuro at\u00e9 \u00e0 tarde. <br><span><sup><b>8<\/b><\/sup><\/span> E se o que tem fluxo cuspir sobre o limpo, este lavar\u00e1 suas roupas, e depois de haver-se lavado com \u00e1gua, ser\u00e1 impuro at\u00e9 \u00e0 tarde. <br><span><sup><b>9<\/b><\/sup><\/span> E toda sela sobre que cavalgar o que tiver fluxo, ser\u00e1 impura. <br><span><sup><b>10<\/b><\/sup><\/span> E qualquer um que tocar qualquer coisa que tenha estado debaixo dele, ser\u00e1 impuro at\u00e9 \u00e0 tarde; e o que a levar, lavar\u00e1 suas roupas, e depois de lavar-se com \u00e1gua, ser\u00e1 impuro at\u00e9 \u00e0 tarde. <br><span><sup><b>11<\/b><\/sup><\/span> E todo aquele a quem tocar o que tem fluxo, e n\u00e3o lavar com \u00e1gua suas m\u00e3os, lavar\u00e1 suas roupas, e a si mesmo se lavar\u00e1 com \u00e1gua, e ser\u00e1 impuro at\u00e9 \u00e0 tarde. <br><span><sup><b>12<\/b><\/sup><\/span> E a vasilha de barro em que tocar o que tem fluxo, ser\u00e1 quebrada; e toda vasilha de madeira ser\u00e1 lavada com \u00e1gua. <br><span><sup><b>13<\/b><\/sup><\/span> E quando se houver limpado de seu fluxo o que tem fluxo, se h\u00e1 de contar sete dias desde sua purifica\u00e7\u00e3o, e lavar\u00e1 suas roupas, e lavar\u00e1 sua carne em \u00e1guas vivas, e ser\u00e1 limpo. <br><span><sup><b>14<\/b><\/sup><\/span> E no oitavo dia tomar\u00e1 duas rolinhas, ou dois pombinhos, e vir\u00e1 diante do SENHOR \u00e0 porta do tabern\u00e1culo do testemunho, e os dar\u00e1 ao sacerdote: <br><span><sup><b>15<\/b><\/sup><\/span> E os far\u00e1 o sacerdote, uma oferta pelo pecado, e o outro holocausto: e lhe purificar\u00e1 o sacerdote de seu fluxo diante do SENHOR. <br><span><sup><b>16<\/b><\/sup><\/span> E o homem, quando dele sair derramamento seminal, lavar\u00e1 em \u00e1guas toda sua carne, e ser\u00e1 impuro at\u00e9 \u00e0 tarde. <br><span><sup><b>17<\/b><\/sup><\/span> E toda vestimenta, ou toda pele sobre a qual houver o derramamento seminal, lavar\u00e1 com \u00e1gua, e ser\u00e1 impura at\u00e9 \u00e0 tarde. <br><span><sup><b>18<\/b><\/sup><\/span> E a mulher com quem o homem tiver ajuntamento seminal, ambos se lavar\u00e3o com \u00e1gua, e ser\u00e3o impuros at\u00e9 \u00e0 tarde. <br><span><sup><b>19<\/b><\/sup><\/span> E quando a mulher tiver fluxo de sangue, e seu fluxo for em sua carne, sete dias estar\u00e1 separada; e qualquer um que tocar nela, ser\u00e1 impuro at\u00e9 \u00e0 tarde. <br><span><sup><b>20<\/b><\/sup><\/span> E tudo aquilo sobre que ela se deitar durante sua separa\u00e7\u00e3o, ser\u00e1 impuro: tamb\u00e9m tudo aquilo sobre que se sentar, ser\u00e1 impuro. <br><span><sup><b>21<\/b><\/sup><\/span> E qualquer um que tocar a sua cama, lavar\u00e1 suas roupas, e depois de lavar-se com \u00e1gua, ser\u00e1 impuro at\u00e9 \u00e0 tarde. <br><span><sup><b>22<\/b><\/sup><\/span> Tamb\u00e9m qualquer um que tocar qualquer m\u00f3vel sobre que ela se houver sentado, lavar\u00e1 suas roupas; lavar\u00e1 logo a si mesmo com \u00e1gua, e ser\u00e1 impuro at\u00e9 \u00e0 tarde. <br><span><sup><b>23<\/b><\/sup><\/span> E se estiver sobre a cama, ou sobre a cadeira em que ela se houver sentado, o que tocar nela ser\u00e1 impuro at\u00e9 \u00e0 tarde. <br><span><sup><b>24<\/b><\/sup><\/span> E se algu\u00e9m dormir com ela, e sua menstrua\u00e7\u00e3o for sobre ele, ser\u00e1 impuro por sete dias; e toda cama sobre que dormir, ser\u00e1 impura. <br><span><sup><b>25<\/b><\/sup><\/span> E a mulher, quando seguir o fluxo de seu sangue por muitos dias fora do tempo de seu costume, ou quando tiver fluxo de sangue mais de seu costume; todo o tempo do fluxo de seu imund\u00edcia, ser\u00e1 impura como nos dias de seu costume. <br><span><sup><b>26<\/b><\/sup><\/span> Toda cama em que dormir todo o tempo de seu fluxo, lhe ser\u00e1 como a cama de seu costume; e todo m\u00f3vel sobre que se sentar, ser\u00e1 impuro, como a impureza de seu costume. <br><span><sup><b>27<\/b><\/sup><\/span> Qualquer um que tocar em essas coisas ser\u00e1 impuro; e lavar\u00e1 suas roupas, e a si mesmo se lavar\u00e1 com \u00e1gua, e ser\u00e1 impuro at\u00e9 \u00e0 tarde. <br><span><sup><b>28<\/b><\/sup><\/span> E quando for livre de seu fluxo, se h\u00e1 de contar sete dias, e depois ser\u00e1 limpa. <br><span><sup><b>29<\/b><\/sup><\/span> E o oitavo dia tomar\u00e1 consigo duas rolinhas, ou dois pombinhos, e os trar\u00e1 ao sacerdote, \u00e0 porta do tabern\u00e1culo do testemunho: <br><span><sup><b>30<\/b><\/sup><\/span> E o sacerdote far\u00e1 um oferta pelo pecado, e o outro holocausto; e a purificar\u00e1 o sacerdote diante do SENHOR do fluxo de sua impureza. <br><span><sup><b>31<\/b><\/sup><\/span> Assim separareis os filhos de Israel de suas imund\u00edcias, a fim de que n\u00e3o morram por suas imund\u00edcias, contaminando meu tabern\u00e1culo que est\u00e1 entre eles. <br><span><sup><b>32<\/b><\/sup><\/span> Esta \u00e9 a lei do que tem fluxo, e do que sai derramamento seminal, vindo a ser impuro por causa disso; <br><span><sup><b>33<\/b><\/sup><\/span> E da que padece seu costume, e acerca do que tiver fluxo, seja homem ou f\u00eamea, e do homem que dormir com mulher impura.<\/span><\/p>\n\n\n\n<div class=\"wp-block-columns is-layout-flex wp-container-core-columns-is-layout-9d6595d7 wp-block-columns-is-layout-flex\">\n<div class=\"wp-block-column is-layout-flow wp-block-column-is-layout-flow\">\n<p><a href=\"\/levitico-14\" title=\"\">Lev\u00edtico 14<\/a><\/p>\n<\/div>\n\n\n\n<div class=\"wp-block-column is-layout-flow wp-block-column-is-layout-flow\">\n<p class=\"has-text-align-right\"><a href=\"\/levitico-16\" title=\"\">Lev\u00edtico 16<\/a><\/p>\n<\/div>\n<\/div>\n\n\n\n<h2 class=\"wp-block-heading\">Descri\u00e7\u00e3o &#8211; Lev\u00edtico 15<\/h2>\n\n\n\n<p class=\"has-medium-font-size\">Lev\u00edtico 15 trata das leis de purifica\u00e7\u00e3o relacionadas a fluxos corporais, tanto masculinos quanto femininos. O cap\u00edtulo estabelece que qualquer secre\u00e7\u00e3o anormal torna uma pessoa impura, exigindo que se siga um processo de purifica\u00e7\u00e3o antes de retornar \u00e0 comunh\u00e3o com Deus e \u00e0 participa\u00e7\u00e3o nos rituais sagrados. As normas incluem a lavagem de roupas e o uso de \u00e1gua para purifica\u00e7\u00e3o. Dentro do contexto de Lev\u00edtico, essas leis refletem a \u00eanfase na santidade e na necessidade de separa\u00e7\u00e3o entre o puro e o impuro. O cap\u00edtulo refor\u00e7a o compromisso de Israel em viver em conformidade com as ordens divinas para manter sua pureza.<\/p>\n\n\n\n<h3 class=\"wp-block-heading\">Livro do Lev\u00edtico:<\/h3>\n\n\n<ul class=\"wp-block-page-list\"><li class=\"wp-block-pages-list__item\"><a class=\"wp-block-pages-list__item__link\" href=\"https:\/\/bibliapresente.com\/postagens\/livros-da-biblia\/levitico\/levitico-1\/\">Lev\u00edtico 1 &#8211; A Oferta do Holocausto<\/a><\/li><li class=\"wp-block-pages-list__item\"><a class=\"wp-block-pages-list__item__link\" href=\"https:\/\/bibliapresente.com\/postagens\/livros-da-biblia\/levitico\/levitico-2\/\">Lev\u00edtico 2 &#8211; A Oferta de Manjares e Gr\u00e3os<\/a><\/li><li class=\"wp-block-pages-list__item\"><a class=\"wp-block-pages-list__item__link\" href=\"https:\/\/bibliapresente.com\/postagens\/livros-da-biblia\/levitico\/levitico-3\/\">Lev\u00edtico 3 &#8211; Oferta Pac\u00edfica e Sacrif\u00edcios<\/a><\/li><li class=\"wp-block-pages-list__item\"><a class=\"wp-block-pages-list__item__link\" href=\"https:\/\/bibliapresente.com\/postagens\/livros-da-biblia\/levitico\/levitico-4\/\">Lev\u00edtico 4 &#8211; A Oferta Pelo Pecado<\/a><\/li><li class=\"wp-block-pages-list__item\"><a class=\"wp-block-pages-list__item__link\" href=\"https:\/\/bibliapresente.com\/postagens\/livros-da-biblia\/levitico\/levitico-5\/\">Lev\u00edtico 5 &#8211; Oferta pela Culpa e Repara\u00e7\u00e3o<\/a><\/li><li class=\"wp-block-pages-list__item\"><a class=\"wp-block-pages-list__item__link\" href=\"https:\/\/bibliapresente.com\/postagens\/livros-da-biblia\/levitico\/levitico-6\/\">Lev\u00edtico 6 &#8211; Leis do Holocausto<\/a><\/li><li class=\"wp-block-pages-list__item\"><a class=\"wp-block-pages-list__item__link\" href=\"https:\/\/bibliapresente.com\/postagens\/livros-da-biblia\/levitico\/levitico-7\/\">Lev\u00edtico 7 &#8211; Ofertas Pac\u00edficas<\/a><\/li><li class=\"wp-block-pages-list__item\"><a class=\"wp-block-pages-list__item__link\" href=\"https:\/\/bibliapresente.com\/postagens\/livros-da-biblia\/levitico\/levitico-8\/\">Lev\u00edtico 8 &#8211; Consagra\u00e7\u00e3o de Aar\u00e3o<\/a><\/li><li class=\"wp-block-pages-list__item\"><a class=\"wp-block-pages-list__item__link\" href=\"https:\/\/bibliapresente.com\/postagens\/livros-da-biblia\/levitico\/levitico-9\/\">Lev\u00edtico 9 &#8211; Primeiro Sacrif\u00edcio de Aar\u00e3o<\/a><\/li><li class=\"wp-block-pages-list__item\"><a class=\"wp-block-pages-list__item__link\" href=\"https:\/\/bibliapresente.com\/postagens\/livros-da-biblia\/levitico\/levitico-10\/\">Lev\u00edtico 10 &#8211; Nadabe e Abi\u00fa<\/a><\/li><li class=\"wp-block-pages-list__item\"><a class=\"wp-block-pages-list__item__link\" href=\"https:\/\/bibliapresente.com\/postagens\/livros-da-biblia\/levitico\/levitico-11\/\">Lev\u00edtico 11 &#8211; Animais Puros e Impuros<\/a><\/li><li class=\"wp-block-pages-list__item\"><a class=\"wp-block-pages-list__item__link\" href=\"https:\/\/bibliapresente.com\/postagens\/livros-da-biblia\/levitico\/levitico-12\/\">Lev\u00edtico 12 &#8211; Purifica\u00e7\u00e3o ap\u00f3s o Parto<\/a><\/li><li class=\"wp-block-pages-list__item\"><a class=\"wp-block-pages-list__item__link\" href=\"https:\/\/bibliapresente.com\/postagens\/livros-da-biblia\/levitico\/levitico-13\/\">Lev\u00edtico 13 &#8211; Lepra e Diagn\u00f3stico<\/a><\/li><li class=\"wp-block-pages-list__item\"><a class=\"wp-block-pages-list__item__link\" href=\"https:\/\/bibliapresente.com\/postagens\/livros-da-biblia\/levitico\/levitico-14\/\">Lev\u00edtico 14 &#8211; Purifica\u00e7\u00e3o do Leproso<\/a><\/li><li class=\"wp-block-pages-list__item\"><a class=\"wp-block-pages-list__item__link\" href=\"https:\/\/bibliapresente.com\/postagens\/livros-da-biblia\/levitico\/levitico-15\/\">Lev\u00edtico 15 &#8211; Fluxos Corporais e Impureza<\/a><\/li><li class=\"wp-block-pages-list__item\"><a class=\"wp-block-pages-list__item__link\" href=\"https:\/\/bibliapresente.com\/postagens\/livros-da-biblia\/levitico\/levitico-16\/\">Lev\u00edtico 16 &#8211; Yom Kipur: O Dia da Expia\u00e7\u00e3o<\/a><\/li><li class=\"wp-block-pages-list__item\"><a class=\"wp-block-pages-list__item__link\" href=\"https:\/\/bibliapresente.com\/postagens\/livros-da-biblia\/levitico\/levitico-17\/\">Lev\u00edtico 17 &#8211; A Proibi\u00e7\u00e3o de Comer Sangue<\/a><\/li><li class=\"wp-block-pages-list__item\"><a class=\"wp-block-pages-list__item__link\" href=\"https:\/\/bibliapresente.com\/postagens\/livros-da-biblia\/levitico\/levitico-18\/\">Lev\u00edtico 18 &#8211; Leis sobre Imoralidade<\/a><\/li><li class=\"wp-block-pages-list__item\"><a class=\"wp-block-pages-list__item__link\" href=\"https:\/\/bibliapresente.com\/postagens\/livros-da-biblia\/levitico\/levitico-19\/\">Lev\u00edtico 19 &#8211; Leis de Santidade<\/a><\/li><li class=\"wp-block-pages-list__item\"><a class=\"wp-block-pages-list__item__link\" href=\"https:\/\/bibliapresente.com\/postagens\/livros-da-biblia\/levitico\/levitico-20\/\">Lev\u00edtico 20 &#8211; Puni\u00e7\u00f5es para Pecados Graves<\/a><\/li><li class=\"wp-block-pages-list__item\"><a class=\"wp-block-pages-list__item__link\" href=\"https:\/\/bibliapresente.com\/postagens\/livros-da-biblia\/levitico\/levitico-21\/\">Lev\u00edtico 21 &#8211; Regras para Sacerdotes<\/a><\/li><li class=\"wp-block-pages-list__item\"><a class=\"wp-block-pages-list__item__link\" href=\"https:\/\/bibliapresente.com\/postagens\/livros-da-biblia\/levitico\/levitico-22\/\">Lev\u00edtico 22 &#8211; A Aceita\u00e7\u00e3o de Ofertas<\/a><\/li><li class=\"wp-block-pages-list__item\"><a class=\"wp-block-pages-list__item__link\" href=\"https:\/\/bibliapresente.com\/postagens\/livros-da-biblia\/levitico\/levitico-23\/\">Lev\u00edtico 23 &#8211; As Festas Sagradas<\/a><\/li><li class=\"wp-block-pages-list__item\"><a class=\"wp-block-pages-list__item__link\" href=\"https:\/\/bibliapresente.com\/postagens\/livros-da-biblia\/levitico\/levitico-24\/\">Lev\u00edtico 24 &#8211; O Castigo pela Blasf\u00eamia<\/a><\/li><li class=\"wp-block-pages-list__item\"><a class=\"wp-block-pages-list__item__link\" href=\"https:\/\/bibliapresente.com\/postagens\/livros-da-biblia\/levitico\/levitico-25\/\">Lev\u00edtico 25 &#8211; O Ano Sab\u00e1tico e o Jubileu<\/a><\/li><li class=\"wp-block-pages-list__item\"><a class=\"wp-block-pages-list__item__link\" href=\"https:\/\/bibliapresente.com\/postagens\/livros-da-biblia\/levitico\/levitico-26\/\">Lev\u00edtico 26 &#8211; B\u00ean\u00e7\u00e3os e Maldi\u00e7\u00f5es pela Lei<\/a><\/li><li class=\"wp-block-pages-list__item\"><a class=\"wp-block-pages-list__item__link\" href=\"https:\/\/bibliapresente.com\/postagens\/livros-da-biblia\/levitico\/levitico-27\/\">Lev\u00edtico 27 &#8211; Leis sobre Votos e D\u00edzimos<\/a><\/li><\/ul>\n\n\n<p><\/p>\n","protected":false},"excerpt":{"rendered":"<p>1 E falou o SENHOR a Mois\u00e9s e a Ar\u00e3o, dizendo: 2 Falai aos filhos de Israel, e dizei-lhes: Qualquer homem, quando seu corrimento sair de sua carne, ser\u00e1 impuro. 3 E esta ser\u00e1 sua impureza em seu fluxo; seja que sua carne derramou por causa de seu fluxo, ou que sua carne se obstruiu &hellip; <\/p>\n","protected":false},"author":2,"featured_media":713,"parent":712,"menu_order":15,"comment_status":"closed","ping_status":"closed","template":"","meta":{"om_disable_all_campaigns":false,"_monsterinsights_skip_tracking":false,"_monsterinsights_sitenote_active":false,"_monsterinsights_sitenote_note":"","_monsterinsights_sitenote_category":0,"footnotes":""},"class_list":["post-745","page","type-page","status-publish","has-post-thumbnail","hentry"],"aioseo_notices":[],"_links":{"self":[{"href":"https:\/\/bibliapresente.com\/postagens\/wp-json\/wp\/v2\/pages\/745","targetHints":{"allow":["GET"]}}],"collection":[{"href":"https:\/\/bibliapresente.com\/postagens\/wp-json\/wp\/v2\/pages"}],"about":[{"href":"https:\/\/bibliapresente.com\/postagens\/wp-json\/wp\/v2\/types\/page"}],"author":[{"embeddable":true,"href":"https:\/\/bibliapresente.com\/postagens\/wp-json\/wp\/v2\/users\/2"}],"replies":[{"embeddable":true,"href":"https:\/\/bibliapresente.com\/postagens\/wp-json\/wp\/v2\/comments?post=745"}],"version-history":[{"count":5,"href":"https:\/\/bibliapresente.com\/postagens\/wp-json\/wp\/v2\/pages\/745\/revisions"}],"predecessor-version":[{"id":1349,"href":"https:\/\/bibliapresente.com\/postagens\/wp-json\/wp\/v2\/pages\/745\/revisions\/1349"}],"up":[{"embeddable":true,"href":"https:\/\/bibliapresente.com\/postagens\/wp-json\/wp\/v2\/pages\/712"}],"wp:featuredmedia":[{"embeddable":true,"href":"https:\/\/bibliapresente.com\/postagens\/wp-json\/wp\/v2\/media\/713"}],"wp:attachment":[{"href":"https:\/\/bibliapresente.com\/postagens\/wp-json\/wp\/v2\/media?parent=745"}],"curies":[{"name":"wp","href":"https:\/\/api.w.org\/{rel}","templated":true}]}}