{"id":743,"date":"2025-02-03T17:59:36","date_gmt":"2025-02-03T20:59:36","guid":{"rendered":"https:\/\/bibliapresente.com\/postagens\/?page_id=743"},"modified":"2025-02-03T17:59:37","modified_gmt":"2025-02-03T20:59:37","slug":"levitico-14","status":"publish","type":"page","link":"https:\/\/bibliapresente.com\/postagens\/livros-da-biblia\/levitico\/levitico-14\/","title":{"rendered":"Lev\u00edtico 14 &#8211; Purifica\u00e7\u00e3o do Leproso"},"content":{"rendered":"\n<p class=\"has-medium-font-size\" style=\"letter-spacing:1px\"><span><span><sup><b>1<\/b><\/sup><\/span> E falou o SENHOR a Mois\u00e9s, dizendo: <br><span><sup><b>2<\/b><\/sup><\/span> Esta ser\u00e1 a lei do leproso quando se limpar: Ser\u00e1 trazido ao sacerdote: <br><span><sup><b>3<\/b><\/sup><\/span> E o sacerdote sair\u00e1 fora do acampamento; e olhar\u00e1 o sacerdote, e vendo que est\u00e1 s\u00e3 a praga da lepra do leproso, <br><span><sup><b>4<\/b><\/sup><\/span> O sacerdote mandar\u00e1 logo que se tomem para o que se purifica duas aves vivas, limpas, e pau de cedro, e carmesim, e hissopo; <br><span><sup><b>5<\/b><\/sup><\/span> E mandar\u00e1 o sacerdote matar uma ave em um vaso de barro sobre \u00e1guas vivas; <br><span><sup><b>6<\/b><\/sup><\/span> Depois tomar\u00e1 a ave viva, e o pau de cedro, e o carmesim, e o hissopo, e o molhar\u00e1 com a ave viva no sangue da ave morta sobre as \u00e1guas vivas: <br><span><sup><b>7<\/b><\/sup><\/span> E espargir\u00e1 sete vezes sobre o que se purifica da lepra, e lhe dar\u00e1 por limpo; e soltar\u00e1 a ave viva sobre a face do campo. <br><span><sup><b>8<\/b><\/sup><\/span> E o que se purifica lavar\u00e1 suas roupas, e rapar\u00e1 todos os seus pelos, e se h\u00e1 de lavar com \u00e1gua, e ser\u00e1 limpo: e depois entrar\u00e1 no acampamento, e morar\u00e1 fora de sua tenda sete dias. <br><span><sup><b>9<\/b><\/sup><\/span> E ser\u00e1, que ao s\u00e9timo dia rapar\u00e1 todos os seus pelos, sua cabe\u00e7a, e sua barba, e as sobrancelhas de seus olhos; finalmente, rapar\u00e1 todo seu pelo, e lavar\u00e1 suas roupas, e lavar\u00e1 sua carne em \u00e1guas, e ser\u00e1 limpo. <br><span><sup><b>10<\/b><\/sup><\/span> E o dia oitavo tomar\u00e1 dois cordeiros sem defeito, e uma cordeira de ano sem m\u00e1cula; e tr\u00eas d\u00edzimas de flor de farinha para oferta amassada com azeite, e um logue de azeite. <br><span><sup><b>11<\/b><\/sup><\/span> E o sacerdote que lhe purifica apresentar\u00e1 com aquelas coisas ao que se h\u00e1 de limpar diante do SENHOR, \u00e0 porta do tabern\u00e1culo do testemunho: <br><span><sup><b>12<\/b><\/sup><\/span> E tomar\u00e1 o sacerdote um cordeiro, e o oferecer\u00e1 pela culpa, com o logue de azeite, e o mover\u00e1 como oferta movida diante do SENHOR: <br><span><sup><b>13<\/b><\/sup><\/span> E degolar\u00e1 o cordeiro no lugar onde degolam o sacrif\u00edcio pelo pecado e o holocausto, no lugar do santu\u00e1rio: porque como o sacrif\u00edcio pelo pecado, assim tamb\u00e9m o sacrif\u00edcio pela culpa \u00e9 do sacerdote: \u00e9 coisa muito sagrada. <br><span><sup><b>14<\/b><\/sup><\/span> E tomar\u00e1 o sacerdote do sangue do animal sacrificado pela culpa, e por\u00e1 o sacerdote sobre a ponta da orelha direita do que se purifica, e sobre o polegar de sua m\u00e3o direita, e sobre o polegar de seu p\u00e9 direito. <br><span><sup><b>15<\/b><\/sup><\/span> Tamb\u00e9m tomar\u00e1 o sacerdote do logue de azeite, e lan\u00e7ar\u00e1 sobre a palma de sua m\u00e3o esquerda: <br><span><sup><b>16<\/b><\/sup><\/span> E molhar\u00e1 seu dedo direito no azeite que tem em sua m\u00e3o esquerda, e espargir\u00e1 do azeite com seu dedo sete vezes diante do SENHOR: <br><span><sup><b>17<\/b><\/sup><\/span> E do que restar do azeite que tem em sua m\u00e3o, por\u00e1 o sacerdote sobre a ponta da orelha direita do que se purifica, e sobre o polegar de sua m\u00e3o direita, e sobre o polegar de seu p\u00e9 direito, sobre o sangue da expia\u00e7\u00e3o pela culpa: <br><span><sup><b>18<\/b><\/sup><\/span> E o que restar do azeite que tem em sua m\u00e3o, por\u00e1 sobre a cabe\u00e7a do que se purifica: e far\u00e1 o sacerdote expia\u00e7\u00e3o por ele diante do SENHOR. <br><span><sup><b>19<\/b><\/sup><\/span> Oferecer\u00e1 logo o sacerdote o sacrif\u00edcio pelo pecado, e far\u00e1 expia\u00e7\u00e3o pelo que se h\u00e1 de purificar de sua impureza, e depois degolar\u00e1 o holocausto: <br><span><sup><b>20<\/b><\/sup><\/span> E far\u00e1 subir o sacerdote o holocausto e a oferta de cereais sobre o altar. Assim far\u00e1 o sacerdote expia\u00e7\u00e3o por ele, e ser\u00e1 limpo. <br><span><sup><b>21<\/b><\/sup><\/span> Mas se for pobre, que n\u00e3o alcan\u00e7ar sua m\u00e3o a tanto, ent\u00e3o tomar\u00e1 um cordeiro para ser oferecido como oferta movida pela culpa, para reconciliar-se, e uma d\u00edzima de flor de farinha amassada com azeite para oferta de cereais, e um logue de azeite; <br><span><sup><b>22<\/b><\/sup><\/span> E duas rolinhas, ou dois pombinhos, o que alcan\u00e7ar sua m\u00e3o: e um ser\u00e1 para expia\u00e7\u00e3o pelo pecado, e o outro para holocausto; <br><span><sup><b>23<\/b><\/sup><\/span> As quais coisas trar\u00e1 ao oitavo dia de sua purifica\u00e7\u00e3o ao sacerdote, \u00e0 porta do tabern\u00e1culo do testemunho diante do SENHOR. <br><span><sup><b>24<\/b><\/sup><\/span> E o sacerdote tomar\u00e1 o cordeiro da expia\u00e7\u00e3o pela culpa, e o logue de azeite, e o mover\u00e1 o sacerdote como oferta movida diante do SENHOR; <br><span><sup><b>25<\/b><\/sup><\/span> Logo degolar\u00e1 o cordeiro da culpa, e tomar\u00e1 o sacerdote do sangue da culpa, e por\u00e1 sobre a ponta da orelha direita do que se purifica, e sobre o polegar de sua m\u00e3o direita, e sobre o polegar de seu p\u00e9 direito. <br><span><sup><b>26<\/b><\/sup><\/span> E o sacerdote lan\u00e7ar\u00e1 do azeite sobre a palma de sua m\u00e3o esquerda; <br><span><sup><b>27<\/b><\/sup><\/span> E com seu dedo direito espargir\u00e1 o sacerdote do azeite que tem em sua m\u00e3o esquerda, sete vezes diante do SENHOR. <br><span><sup><b>28<\/b><\/sup><\/span> Tamb\u00e9m por\u00e1 o sacerdote do azeite que tem em sua m\u00e3o sobre a ponta da orelha direita do que se purifica, e sobre o polegar de sua m\u00e3o direita, e sobre o polegar de seu p\u00e9 direito, no lugar do sangue da culpa. <br><span><sup><b>29<\/b><\/sup><\/span> E o que sobrar do azeite que o sacerdote tem em sua m\u00e3o, o por\u00e1 sobre a cabe\u00e7a do que se purifica, para reconcili\u00e1-lo diante do SENHOR. <br><span><sup><b>30<\/b><\/sup><\/span> Tamb\u00e9m oferecer\u00e1 uma das rolinhas, ou dos pombinhos, o que alcan\u00e7ar sua m\u00e3o: <br><span><sup><b>31<\/b><\/sup><\/span> O um do que alcan\u00e7ar sua m\u00e3o, em expia\u00e7\u00e3o pelo pecado, e o outro em holocausto, ademais da oferta: e far\u00e1 o sacerdote expia\u00e7\u00e3o pelo que se h\u00e1 de purificar, diante do SENHOR. <br><span><sup><b>32<\/b><\/sup><\/span> Esta \u00e9 a lei do que houver tido praga de lepra, cuja m\u00e3o n\u00e3o alcan\u00e7ar o prescrito para purificar-se. <br><span><sup><b>33<\/b><\/sup><\/span> E falou o SENHOR a Mois\u00e9s e a Ar\u00e3o, dizendo: <br><span><sup><b>34<\/b><\/sup><\/span> Quando houveres entrado na terra de Cana\u00e3, a qual eu vos dou em possess\u00e3o, e puser eu praga de lepra em alguma casa da terra de vossa possess\u00e3o, <br><span><sup><b>35<\/b><\/sup><\/span> Vir\u00e1 aquele cuja for a casa, e dar\u00e1 aviso ao sacerdote, dizendo: Como praga apareceu em minha casa. <br><span><sup><b>36<\/b><\/sup><\/span> Ent\u00e3o mandar\u00e1 o sacerdote, e despejar\u00e3o a casa antes que o sacerdote entre a olhar a praga, para que n\u00e3o seja contaminado tudo o que estiver na casa: e depois o sacerdote entrar\u00e1 a reconhecer a casa: <br><span><sup><b>37<\/b><\/sup><\/span> E olhar\u00e1 a praga: e se se virem machas nas paredes da casa, cavidades esverdeadas ou vermelhas, as quais parecerem mais profundas que a parede, <br><span><sup><b>38<\/b><\/sup><\/span> O sacerdote sair\u00e1 da casa \u00e0 porta dela, e fechar\u00e1 a casa por sete dias. <br><span><sup><b>39<\/b><\/sup><\/span> E ao s\u00e9timo dia voltar\u00e1 o sacerdote, e olhar\u00e1: e se a praga houver crescido nas paredes da casa, <br><span><sup><b>40<\/b><\/sup><\/span> Ent\u00e3o mandar\u00e1 o sacerdote, e arrancar\u00e3o as pedras em que estiver a praga, e as lan\u00e7ar\u00e3o fora da cidade, em lugar impuro: <br><span><sup><b>41<\/b><\/sup><\/span> E far\u00e1 raspar a casa por dentro ao redor, e derramar\u00e3o o p\u00f3 que rasparem fora da cidade em lugar impuro: <br><span><sup><b>42<\/b><\/sup><\/span> E tomar\u00e3o outras pedras, e as por\u00e3o em lugar das pedras tiradas; e tomar\u00e3o outro barro, e rebocar\u00e3o a casa. <br><span><sup><b>43<\/b><\/sup><\/span> E se a praga voltar a esverdear naquela casa, depois que fez arrancar as pedras, e raspar a casa, e depois que foi rebocada, <br><span><sup><b>44<\/b><\/sup><\/span> Ent\u00e3o o sacerdote entrar\u00e1 e olhar\u00e1; e se parecer haver-se estendido a praga na casa, lepra roedora est\u00e1 na casa: impura \u00e9. <br><span><sup><b>45<\/b><\/sup><\/span> Derrubar\u00e1, portanto, a tal casa, suas pedras, e seus madeiros, e toda a mistura da casa; e o tirar\u00e1 fora da cidade a lugar impuro. <br><span><sup><b>46<\/b><\/sup><\/span> E qualquer um que entrar naquela casa todos os dias que a mandou fechar, ser\u00e1 impuro at\u00e9 \u00e0 tarde. <br><span><sup><b>47<\/b><\/sup><\/span> E o que dormir naquela casa, lavar\u00e1 suas roupas; tamb\u00e9m o que comer na casa, lavar\u00e1 suas roupas. <br><span><sup><b>48<\/b><\/sup><\/span> Mas se entrar o sacerdote e olhar, e vir que a praga n\u00e3o se estendeu na casa depois que foi rebocada, o sacerdote dar\u00e1 a casa por limpa, porque a praga sarou. <br><span><sup><b>49<\/b><\/sup><\/span> Ent\u00e3o tomar\u00e1 para limpar a casa duas aves, e pau de cedro, e carmesim, e hissopo: <br><span><sup><b>50<\/b><\/sup><\/span> E degolar\u00e1 uma ave em uma vasilha de barro sobre \u00e1guas vivas: <br><span><sup><b>51<\/b><\/sup><\/span> E tomar\u00e1 o pau de cedro, e o hissopo, e o carmesim, e a ave viva, e o molhar\u00e1 no sangue da ave morta e nas \u00e1guas vivas, e espargir\u00e1 a casa sete vezes: <br><span><sup><b>52<\/b><\/sup><\/span> E purificar\u00e1 a casa com o sangue da ave, e com as \u00e1guas vivas, e com a ave viva, e o pau de cedro, e o hissopo, e o carmesim: <br><span><sup><b>53<\/b><\/sup><\/span> Logo soltar\u00e1 a ave viva fora da cidade sobre a face do campo: Assim far\u00e1 expia\u00e7\u00e3o pela casa, e ser\u00e1 limpa. <br><span><sup><b>54<\/b><\/sup><\/span> Esta \u00e9 a lei acerca de toda praga de lepra, e de tinha; <br><span><sup><b>55<\/b><\/sup><\/span> E da lepra da roupa, e da casa; <br><span><sup><b>56<\/b><\/sup><\/span> E acerca do incha\u00e7o, e da p\u00fastula, e da mancha branca: <br><span><sup><b>57<\/b><\/sup><\/span> Para ensinar quando \u00e9 impuro, e quando limpo. Esta \u00e9 a lei tocante \u00e0 lepra.<\/span><\/p>\n\n\n\n<div class=\"wp-block-columns is-layout-flex wp-container-core-columns-is-layout-9d6595d7 wp-block-columns-is-layout-flex\">\n<div class=\"wp-block-column is-layout-flow wp-block-column-is-layout-flow\">\n<p><a href=\"\/levitico-13\" title=\"\">Lev\u00edtico 13<\/a><\/p>\n<\/div>\n\n\n\n<div class=\"wp-block-column is-layout-flow wp-block-column-is-layout-flow\">\n<p class=\"has-text-align-right\"><a href=\"\/levitico-15\" title=\"\">Lev\u00edtico 15<\/a><\/p>\n<\/div>\n<\/div>\n\n\n\n<h2 class=\"wp-block-heading\">Descri\u00e7\u00e3o &#8211; Lev\u00edtico 14<\/h2>\n\n\n\n<p class=\"has-medium-font-size\">Lev\u00edtico 14 descreve o processo de purifica\u00e7\u00e3o para aqueles que foram curados da lepra e outras doen\u00e7as de pele. O cap\u00edtulo detalha os rituais e sacrif\u00edcios necess\u00e1rios para restaurar a pessoa \u00e0 comunidade, incluindo a lavagem, o oferecimento de aves e a aplica\u00e7\u00e3o de sangue e \u00f3leo. O sacerdote desempenha um papel fundamental na declara\u00e7\u00e3o de purifica\u00e7\u00e3o, simbolizando a reconcilia\u00e7\u00e3o com Deus. Dentro do contexto de Lev\u00edtico, essas leis refletem a import\u00e2ncia da pureza, da obedi\u00eancia e da restaura\u00e7\u00e3o espiritual para o povo de Israel, preservando a santidade e a ordem divina em sua vida cotidiana.<\/p>\n\n\n\n<h3 class=\"wp-block-heading\">Livro do Lev\u00edtico:<\/h3>\n\n\n<ul class=\"wp-block-page-list\"><li class=\"wp-block-pages-list__item\"><a class=\"wp-block-pages-list__item__link\" href=\"https:\/\/bibliapresente.com\/postagens\/livros-da-biblia\/levitico\/levitico-1\/\">Lev\u00edtico 1 &#8211; A Oferta do Holocausto<\/a><\/li><li class=\"wp-block-pages-list__item\"><a class=\"wp-block-pages-list__item__link\" href=\"https:\/\/bibliapresente.com\/postagens\/livros-da-biblia\/levitico\/levitico-2\/\">Lev\u00edtico 2 &#8211; A Oferta de Manjares e Gr\u00e3os<\/a><\/li><li class=\"wp-block-pages-list__item\"><a class=\"wp-block-pages-list__item__link\" href=\"https:\/\/bibliapresente.com\/postagens\/livros-da-biblia\/levitico\/levitico-3\/\">Lev\u00edtico 3 &#8211; Oferta Pac\u00edfica e Sacrif\u00edcios<\/a><\/li><li class=\"wp-block-pages-list__item\"><a class=\"wp-block-pages-list__item__link\" href=\"https:\/\/bibliapresente.com\/postagens\/livros-da-biblia\/levitico\/levitico-4\/\">Lev\u00edtico 4 &#8211; A Oferta Pelo Pecado<\/a><\/li><li class=\"wp-block-pages-list__item\"><a class=\"wp-block-pages-list__item__link\" href=\"https:\/\/bibliapresente.com\/postagens\/livros-da-biblia\/levitico\/levitico-5\/\">Lev\u00edtico 5 &#8211; Oferta pela Culpa e Repara\u00e7\u00e3o<\/a><\/li><li class=\"wp-block-pages-list__item\"><a class=\"wp-block-pages-list__item__link\" href=\"https:\/\/bibliapresente.com\/postagens\/livros-da-biblia\/levitico\/levitico-6\/\">Lev\u00edtico 6 &#8211; Leis do Holocausto<\/a><\/li><li class=\"wp-block-pages-list__item\"><a class=\"wp-block-pages-list__item__link\" href=\"https:\/\/bibliapresente.com\/postagens\/livros-da-biblia\/levitico\/levitico-7\/\">Lev\u00edtico 7 &#8211; Ofertas Pac\u00edficas<\/a><\/li><li class=\"wp-block-pages-list__item\"><a class=\"wp-block-pages-list__item__link\" href=\"https:\/\/bibliapresente.com\/postagens\/livros-da-biblia\/levitico\/levitico-8\/\">Lev\u00edtico 8 &#8211; Consagra\u00e7\u00e3o de Aar\u00e3o<\/a><\/li><li class=\"wp-block-pages-list__item\"><a class=\"wp-block-pages-list__item__link\" href=\"https:\/\/bibliapresente.com\/postagens\/livros-da-biblia\/levitico\/levitico-9\/\">Lev\u00edtico 9 &#8211; Primeiro Sacrif\u00edcio de Aar\u00e3o<\/a><\/li><li class=\"wp-block-pages-list__item\"><a class=\"wp-block-pages-list__item__link\" href=\"https:\/\/bibliapresente.com\/postagens\/livros-da-biblia\/levitico\/levitico-10\/\">Lev\u00edtico 10 &#8211; Nadabe e Abi\u00fa<\/a><\/li><li class=\"wp-block-pages-list__item\"><a class=\"wp-block-pages-list__item__link\" href=\"https:\/\/bibliapresente.com\/postagens\/livros-da-biblia\/levitico\/levitico-11\/\">Lev\u00edtico 11 &#8211; Animais Puros e Impuros<\/a><\/li><li class=\"wp-block-pages-list__item\"><a class=\"wp-block-pages-list__item__link\" href=\"https:\/\/bibliapresente.com\/postagens\/livros-da-biblia\/levitico\/levitico-12\/\">Lev\u00edtico 12 &#8211; Purifica\u00e7\u00e3o ap\u00f3s o Parto<\/a><\/li><li class=\"wp-block-pages-list__item\"><a class=\"wp-block-pages-list__item__link\" href=\"https:\/\/bibliapresente.com\/postagens\/livros-da-biblia\/levitico\/levitico-13\/\">Lev\u00edtico 13 &#8211; Lepra e Diagn\u00f3stico<\/a><\/li><li class=\"wp-block-pages-list__item\"><a class=\"wp-block-pages-list__item__link\" href=\"https:\/\/bibliapresente.com\/postagens\/livros-da-biblia\/levitico\/levitico-14\/\">Lev\u00edtico 14 &#8211; Purifica\u00e7\u00e3o do Leproso<\/a><\/li><li class=\"wp-block-pages-list__item\"><a class=\"wp-block-pages-list__item__link\" href=\"https:\/\/bibliapresente.com\/postagens\/livros-da-biblia\/levitico\/levitico-15\/\">Lev\u00edtico 15 &#8211; Fluxos Corporais e Impureza<\/a><\/li><li class=\"wp-block-pages-list__item\"><a class=\"wp-block-pages-list__item__link\" href=\"https:\/\/bibliapresente.com\/postagens\/livros-da-biblia\/levitico\/levitico-16\/\">Lev\u00edtico 16 &#8211; Yom Kipur: O Dia da Expia\u00e7\u00e3o<\/a><\/li><li class=\"wp-block-pages-list__item\"><a class=\"wp-block-pages-list__item__link\" href=\"https:\/\/bibliapresente.com\/postagens\/livros-da-biblia\/levitico\/levitico-17\/\">Lev\u00edtico 17 &#8211; A Proibi\u00e7\u00e3o de Comer Sangue<\/a><\/li><li class=\"wp-block-pages-list__item\"><a class=\"wp-block-pages-list__item__link\" href=\"https:\/\/bibliapresente.com\/postagens\/livros-da-biblia\/levitico\/levitico-18\/\">Lev\u00edtico 18 &#8211; Leis sobre Imoralidade<\/a><\/li><li class=\"wp-block-pages-list__item\"><a class=\"wp-block-pages-list__item__link\" href=\"https:\/\/bibliapresente.com\/postagens\/livros-da-biblia\/levitico\/levitico-19\/\">Lev\u00edtico 19 &#8211; Leis de Santidade<\/a><\/li><li class=\"wp-block-pages-list__item\"><a class=\"wp-block-pages-list__item__link\" href=\"https:\/\/bibliapresente.com\/postagens\/livros-da-biblia\/levitico\/levitico-20\/\">Lev\u00edtico 20 &#8211; Puni\u00e7\u00f5es para Pecados Graves<\/a><\/li><li class=\"wp-block-pages-list__item\"><a class=\"wp-block-pages-list__item__link\" href=\"https:\/\/bibliapresente.com\/postagens\/livros-da-biblia\/levitico\/levitico-21\/\">Lev\u00edtico 21 &#8211; Regras para Sacerdotes<\/a><\/li><li class=\"wp-block-pages-list__item\"><a class=\"wp-block-pages-list__item__link\" href=\"https:\/\/bibliapresente.com\/postagens\/livros-da-biblia\/levitico\/levitico-22\/\">Lev\u00edtico 22 &#8211; A Aceita\u00e7\u00e3o de Ofertas<\/a><\/li><li class=\"wp-block-pages-list__item\"><a class=\"wp-block-pages-list__item__link\" href=\"https:\/\/bibliapresente.com\/postagens\/livros-da-biblia\/levitico\/levitico-23\/\">Lev\u00edtico 23 &#8211; As Festas Sagradas<\/a><\/li><li class=\"wp-block-pages-list__item\"><a class=\"wp-block-pages-list__item__link\" href=\"https:\/\/bibliapresente.com\/postagens\/livros-da-biblia\/levitico\/levitico-24\/\">Lev\u00edtico 24 &#8211; O Castigo pela Blasf\u00eamia<\/a><\/li><li class=\"wp-block-pages-list__item\"><a class=\"wp-block-pages-list__item__link\" href=\"https:\/\/bibliapresente.com\/postagens\/livros-da-biblia\/levitico\/levitico-25\/\">Lev\u00edtico 25 &#8211; O Ano Sab\u00e1tico e o Jubileu<\/a><\/li><li class=\"wp-block-pages-list__item\"><a class=\"wp-block-pages-list__item__link\" href=\"https:\/\/bibliapresente.com\/postagens\/livros-da-biblia\/levitico\/levitico-26\/\">Lev\u00edtico 26 &#8211; B\u00ean\u00e7\u00e3os e Maldi\u00e7\u00f5es pela Lei<\/a><\/li><li class=\"wp-block-pages-list__item\"><a class=\"wp-block-pages-list__item__link\" href=\"https:\/\/bibliapresente.com\/postagens\/livros-da-biblia\/levitico\/levitico-27\/\">Lev\u00edtico 27 &#8211; Leis sobre Votos e D\u00edzimos<\/a><\/li><\/ul>\n\n\n<p><\/p>\n","protected":false},"excerpt":{"rendered":"<p>1 E falou o SENHOR a Mois\u00e9s, dizendo: 2 Esta ser\u00e1 a lei do leproso quando se limpar: Ser\u00e1 trazido ao sacerdote: 3 E o sacerdote sair\u00e1 fora do acampamento; e olhar\u00e1 o sacerdote, e vendo que est\u00e1 s\u00e3 a praga da lepra do leproso, 4 O sacerdote mandar\u00e1 logo que se tomem para o &hellip; <\/p>\n","protected":false},"author":2,"featured_media":713,"parent":712,"menu_order":14,"comment_status":"closed","ping_status":"closed","template":"","meta":{"om_disable_all_campaigns":false,"_monsterinsights_skip_tracking":false,"_monsterinsights_sitenote_active":false,"_monsterinsights_sitenote_note":"","_monsterinsights_sitenote_category":0,"footnotes":""},"class_list":["post-743","page","type-page","status-publish","has-post-thumbnail","hentry"],"aioseo_notices":[],"_links":{"self":[{"href":"https:\/\/bibliapresente.com\/postagens\/wp-json\/wp\/v2\/pages\/743","targetHints":{"allow":["GET"]}}],"collection":[{"href":"https:\/\/bibliapresente.com\/postagens\/wp-json\/wp\/v2\/pages"}],"about":[{"href":"https:\/\/bibliapresente.com\/postagens\/wp-json\/wp\/v2\/types\/page"}],"author":[{"embeddable":true,"href":"https:\/\/bibliapresente.com\/postagens\/wp-json\/wp\/v2\/users\/2"}],"replies":[{"embeddable":true,"href":"https:\/\/bibliapresente.com\/postagens\/wp-json\/wp\/v2\/comments?post=743"}],"version-history":[{"count":5,"href":"https:\/\/bibliapresente.com\/postagens\/wp-json\/wp\/v2\/pages\/743\/revisions"}],"predecessor-version":[{"id":1348,"href":"https:\/\/bibliapresente.com\/postagens\/wp-json\/wp\/v2\/pages\/743\/revisions\/1348"}],"up":[{"embeddable":true,"href":"https:\/\/bibliapresente.com\/postagens\/wp-json\/wp\/v2\/pages\/712"}],"wp:featuredmedia":[{"embeddable":true,"href":"https:\/\/bibliapresente.com\/postagens\/wp-json\/wp\/v2\/media\/713"}],"wp:attachment":[{"href":"https:\/\/bibliapresente.com\/postagens\/wp-json\/wp\/v2\/media?parent=743"}],"curies":[{"name":"wp","href":"https:\/\/api.w.org\/{rel}","templated":true}]}}