{"id":741,"date":"2025-02-03T17:58:46","date_gmt":"2025-02-03T20:58:46","guid":{"rendered":"https:\/\/bibliapresente.com\/postagens\/?page_id=741"},"modified":"2025-02-03T17:58:47","modified_gmt":"2025-02-03T20:58:47","slug":"levitico-13","status":"publish","type":"page","link":"https:\/\/bibliapresente.com\/postagens\/livros-da-biblia\/levitico\/levitico-13\/","title":{"rendered":"Lev\u00edtico 13 &#8211; Lepra e Diagn\u00f3stico"},"content":{"rendered":"\n<p class=\"has-medium-font-size\" style=\"letter-spacing:1px\"><span><span><sup><b>1<\/b><\/sup><\/span> E falou o SENHOR a Mois\u00e9s e a Ar\u00e3o, dizendo: <br><span><sup><b>2<\/b><\/sup><\/span> Quando o homem tiver na pele de sua carne incha\u00e7o, ou p\u00fastula, ou mancha branca, e houver na pele de sua carne como chaga de lepra, ser\u00e1 trazido a Ar\u00e3o o sacerdote, ou a um dos sacerdotes seus filhos: <br><span><sup><b>3<\/b><\/sup><\/span> E o sacerdote olhar\u00e1 a chaga na pele da carne: se o pelo na chaga se tornou branco, e parecer a chaga mais profunda que a pele da carne, chaga de lepra \u00e9; e o sacerdote lhe reconhecer\u00e1, e lhe dar\u00e1 por impuro. <br><span><sup><b>4<\/b><\/sup><\/span> E se na pele de sua carne houver mancha branca, mas n\u00e3o parecer mais profunda que a pele, nem seu pelo se houver tornado branco, ent\u00e3o o sacerdote encerrar\u00e1 ao que tem chagas por sete dias; <br><span><sup><b>5<\/b><\/sup><\/span> E ao s\u00e9timo dia o sacerdote o olhar\u00e1; e se a chaga a seu parecer se houver parado, n\u00e3o havendo-se estendido na pele, ent\u00e3o o sacerdote lhe voltar\u00e1 a encerrar por outros sete dias. <br><span><sup><b>6<\/b><\/sup><\/span> E ao s\u00e9timo dia o sacerdote lhe reconhecer\u00e1 de novo; e se parece haver-se escurecido a chaga, e que n\u00e3o estendeu na pele, ent\u00e3o o sacerdote o dar\u00e1 por limpo: era p\u00fastula; e lavar\u00e1 suas roupas, e ser\u00e1 limpo. <br><span><sup><b>7<\/b><\/sup><\/span> Mas se houver ido crescendo a p\u00fastula na pele, depois que foi mostrado ao sacerdote para ser limpo, ser\u00e1 visto outra vez pelo sacerdote: <br><span><sup><b>8<\/b><\/sup><\/span> E se reconhecendo-o o sacerdote, v\u00ea que a p\u00fastula cresceu na pele, o sacerdote o dar\u00e1 por impuro: \u00e9 lepra. <br><span><sup><b>9<\/b><\/sup><\/span> Quando houver chaga de lepra no homem, ser\u00e1 trazido ao sacerdote; <br><span><sup><b>10<\/b><\/sup><\/span> E o sacerdote olhar\u00e1, e se parecer incha\u00e7o branco na pele, o qual tenha mudado a cor do pelo, e se descobre tamb\u00e9m a carne viva, <br><span><sup><b>11<\/b><\/sup><\/span> Lepra \u00e9 envelhecida na pele de sua carne; e lhe dar\u00e1 por impuro o sacerdote, e n\u00e3o lhe encerrar\u00e1, porque \u00e9 impuro. <br><span><sup><b>12<\/b><\/sup><\/span> Mas se brotar a lepra estendendo pela pele, e ela cobrir toda a pele do que tem chagas desde sua cabe\u00e7a at\u00e9 seus p\u00e9s, a toda vista de olhos do sacerdote; <br><span><sup><b>13<\/b><\/sup><\/span> Ent\u00e3o o sacerdote lhe reconhecer\u00e1; e se a lepra houver coberto toda sua carne, dar\u00e1 por limpo ao que tem chagas: tornou-se toda ela branca; e ele \u00e9 limpo. <br><span><sup><b>14<\/b><\/sup><\/span> Mas o dia que parecer nele a carne viva, ser\u00e1 impuro. <br><span><sup><b>15<\/b><\/sup><\/span> E o sacerdote olhar\u00e1 a carne viva, e o dar\u00e1 por impuro. \u00c9 impura a carne viva: \u00e9 lepra. <br><span><sup><b>16<\/b><\/sup><\/span> Mas quando a carne viva se mudar e tornar branca, ent\u00e3o vir\u00e1 ao sacerdote; <br><span><sup><b>17<\/b><\/sup><\/span> E o sacerdote olhar\u00e1, e se a chaga se houver tornado branca, o sacerdote dar\u00e1 por limpo ao que tinha a chaga, e ser\u00e1 limpo. <br><span><sup><b>18<\/b><\/sup><\/span> E quando na carne, em sua pele, houver \u00falcera, e se sarar, <br><span><sup><b>19<\/b><\/sup><\/span> E suceder no lugar da \u00falcera incha\u00e7o branco, ou mancha branca avermelhada, ser\u00e1 mostrado ao sacerdote: <br><span><sup><b>20<\/b><\/sup><\/span> E o sacerdote olhar\u00e1; e se parecer estar mais baixa que sua pele, e seu pelo se houver tornado branco, o dar\u00e1 o sacerdote por impuro: \u00e9 chaga de lepra que se originou na \u00falcera. <br><span><sup><b>21<\/b><\/sup><\/span> E se o sacerdote a considerar, e n\u00e3o parecer nela pelo branco, nem estiver mais baixa que a pele, mas sim escura, ent\u00e3o o sacerdote o encerrar\u00e1 por sete dias: <br><span><sup><b>22<\/b><\/sup><\/span> E se se for estendendo pela pele, ent\u00e3o o sacerdote o dar\u00e1 por impuro: \u00e9 chaga. <br><span><sup><b>23<\/b><\/sup><\/span> Por\u00e9m se a mancha branca estiver em seu lugar, que n\u00e3o tenha estendido, \u00e9 a cicatriz da \u00falcera; e o sacerdote o dar\u00e1 por limpo. <br><span><sup><b>24<\/b><\/sup><\/span> Assim quando a carne tiver em sua pele queimadura de fogo, e houver no sarado do fogo mancha esbranqui\u00e7ada, avermelhada ou branca, <br><span><sup><b>25<\/b><\/sup><\/span> O sacerdote a olhar\u00e1; e se o pelo se houver tornado branco na mancha, e parecer estar mais profunda que a pele, \u00e9 lepra que saiu na queimadura; e o sacerdote declarar\u00e1 ao sujeito impuro, por ser chaga de lepra. <br><span><sup><b>26<\/b><\/sup><\/span> Mas se o sacerdote a olhar, e n\u00e3o parecer na mancha pelo branco, nem estiver mais baixa que a pele, mas sim que est\u00e1 escura, lhe encerrar\u00e1 o sacerdote por sete dias; <br><span><sup><b>27<\/b><\/sup><\/span> E ao s\u00e9timo dia o sacerdote a reconhecer\u00e1: se se houver ido estendendo pela pele, o sacerdote o dar\u00e1 por impuro: \u00e9 chaga de lepra. <br><span><sup><b>28<\/b><\/sup><\/span> Por\u00e9m se a mancha estiver em seu lugar, e n\u00e3o se houver estendido na pele, a n\u00e3o ser que est\u00e1 escura, incha\u00e7o \u00e9 da queimadura: o dar\u00e1 o sacerdote por limpo; que sinal da queimadura \u00e9. <br><span><sup><b>29<\/b><\/sup><\/span> E ao homem ou mulher que lhe sair chaga na cabe\u00e7a, ou no queixo, <br><span><sup><b>30<\/b><\/sup><\/span> O sacerdote olhar\u00e1 a chaga; e se parecer estar mais profunda que a pele, e o pelo nela fora ruivo e fino, ent\u00e3o o sacerdote o dar\u00e1 por impuro: \u00e9 tinha, \u00e9 lepra da cabe\u00e7a ou do queixo. <br><span><sup><b>31<\/b><\/sup><\/span> Mas quando o sacerdote houver olhado a chaga da tinha, e n\u00e3o parecer estar mais profunda que a pele, nem for nela pelo negro, o sacerdote encerrar\u00e1 ao que tem chagas da tinha por sete dias: <br><span><sup><b>32<\/b><\/sup><\/span> E ao s\u00e9timo dia o sacerdote olhar\u00e1 a chaga: e se a tinha n\u00e3o parecer haver-se estendido, nem houver nela pelo ruivo, nem parecer a tinha mais profunda que a pele, <br><span><sup><b>33<\/b><\/sup><\/span> Ent\u00e3o o rapar\u00e3o, mas n\u00e3o rapar\u00e3o o lugar da tinha: e encerrar\u00e1 o sacerdote ao que tem a tinha por outros sete dias. <br><span><sup><b>34<\/b><\/sup><\/span> E ao s\u00e9timo dia olhar\u00e1 o sacerdote a tinha; e se a tinha n\u00e3o houver estendido na pele, nem parecer estar mais profunda que a pele, o sacerdote o dar\u00e1 por limpo; e lavar\u00e1 suas roupas, e ser\u00e1 limpo. <br><span><sup><b>35<\/b><\/sup><\/span> Por\u00e9m se a tinha se houver ido estendendo na pele depois de sua purifica\u00e7\u00e3o, <br><span><sup><b>36<\/b><\/sup><\/span> Ent\u00e3o o sacerdote a olhar\u00e1; e se a tinha houver estendido na pele, n\u00e3o busque o sacerdote o pelo ruivo, \u00e9 impuro. <br><span><sup><b>37<\/b><\/sup><\/span> Mas se lhe parecer que a tinha est\u00e1 detida, e que saiu nela o pelo negro, a tinha est\u00e1 sarada; ele est\u00e1 limpo, e por limpo o dar\u00e1 o sacerdote. <br><span><sup><b>38<\/b><\/sup><\/span> Tamb\u00e9m o homem ou mulher, quando na pele de sua carne tiver machas, machas brancas, <br><span><sup><b>39<\/b><\/sup><\/span> O sacerdote olhar\u00e1: e se na pele de sua carne parecerem machas brancas algo escurecidas, \u00e9 impigem que brotou na pele, est\u00e1 limpa a pessoa. <br><span><sup><b>40<\/b><\/sup><\/span> E o homem, quando se lhe cair os cabelos da cabe\u00e7a, \u00e9 calvo, mas limpo. <br><span><sup><b>41<\/b><\/sup><\/span> E se \u00e0 parte de seu rosto se lhe cair os cabelos da cabe\u00e7a, \u00e9 calvo pela frente, mas limpo. <br><span><sup><b>42<\/b><\/sup><\/span> Mas quando na calva ou na calva da frente houver chaga branca avermelhada, lepra \u00e9 que brota em sua calva ou em sua calva da frente. <br><span><sup><b>43<\/b><\/sup><\/span> Ent\u00e3o o sacerdote o olhar\u00e1, e se parecer a incha\u00e7o da chaga branca avermelhada em sua calva ou em sua calva da frente, como o parecer da lepra da pele da carne, <br><span><sup><b>44<\/b><\/sup><\/span> Leproso \u00e9, \u00e9 impuro; o sacerdote o dar\u00e1 logo por impuro; em sua cabe\u00e7a tem sua chaga. <br><span><sup><b>45<\/b><\/sup><\/span> E o leproso em quem houver chaga, suas roupas ser\u00e3o derrotados e sua cabe\u00e7a descoberta, e com o l\u00e1bio superior coberto proclamar\u00e1: -Imundo! -Imundo! <br><span><sup><b>46<\/b><\/sup><\/span> Durante todo o tempo que a chaga estiver nele ser\u00e1 imundo; estar\u00e1 impuro: habitar\u00e1 sozinho; fora do acampamento ser\u00e1 sua morada. <br><span><sup><b>47<\/b><\/sup><\/span> E quando na roupa houver praga de lepra, em vestido de l\u00e3, ou em vestido de linho; <br><span><sup><b>48<\/b><\/sup><\/span> Ou na urdidura ou em trama, de linho ou de l\u00e3, ou em pele, ou em qualquer obra de pele; <br><span><sup><b>49<\/b><\/sup><\/span> E que a praga seja verde, ou vermelha, em roupa ou em pele, ou na urdidura, ou em trama, ou em qualquer obra de pele; praga \u00e9 de lepra, e se h\u00e1 de mostrar ao sacerdote. <br><span><sup><b>50<\/b><\/sup><\/span> E o sacerdote olhar\u00e1 a praga, e encerrar\u00e1 a coisa que tem praga por sete dias. <br><span><sup><b>51<\/b><\/sup><\/span> E ao s\u00e9timo dia olhar\u00e1 a praga: e se houver estendido a praga na roupa, ou urdidura, ou na trama, ou em pele, ou em qualquer obra que se faz de peles, lepra roedora \u00e9 a praga; impura ser\u00e1. <br><span><sup><b>52<\/b><\/sup><\/span> Ser\u00e1 queimada a roupa, ou urdidura ou trama, de l\u00e3 ou de linho, ou qualquer obra de peles em que houver tal praga; porque lepra roedora \u00e9; ao fogo ser\u00e1 queimada. <br><span><sup><b>53<\/b><\/sup><\/span> E se o sacerdote olhar, e n\u00e3o parecer que a praga se tenha estendido na roupa, ou urdidura, ou na trama, ou em qualquer obra de peles; <br><span><sup><b>54<\/b><\/sup><\/span> Ent\u00e3o o sacerdote mandar\u00e1 que lavem onde est\u00e1 a praga, e o encerrar\u00e1 outra vez por sete dias. <br><span><sup><b>55<\/b><\/sup><\/span> E o sacerdote olhar\u00e1 depois que a praga for lavada; e se parecer que a praga n\u00e3o mudou seu aspecto, ainda que n\u00e3o tenha estendido a praga, impura \u00e9; a queimar\u00e1s ao fogo; corros\u00e3o \u00e9 penetrante, esteja o estragado na face ou no verso daquela coisa. <br><span><sup><b>56<\/b><\/sup><\/span> Mas se o sacerdote a vir, e parecer que a praga se escureceu depois que foi lavada, a cortar\u00e1 da roupa, ou da pele, ou da urdidura, ou da trama. <br><span><sup><b>57<\/b><\/sup><\/span> E se parecer mais no vestido, ou urdidura, ou trama, ou em qualquer coisa de peles, esverdeando nela, queimar\u00e1s ao fogo aquilo onde estiver a praga. <br><span><sup><b>58<\/b><\/sup><\/span> Por\u00e9m a roupa, ou urdidura, ou trama, ou qualquer coisa de pele que lavares, e que se lhe tirar a praga, se lavar\u00e1 segunda vez, e ent\u00e3o ser\u00e1 limpa. <br><span><sup><b>59<\/b><\/sup><\/span> Esta \u00e9 a lei da praga da lepra da roupa de l\u00e3 ou de linho, ou da urdidura, ou da trama, ou de qualquer coisa de pele, para que seja dada por limpa ou por impura.<\/span><\/p>\n\n\n\n<div class=\"wp-block-columns is-layout-flex wp-container-core-columns-is-layout-9d6595d7 wp-block-columns-is-layout-flex\">\n<div class=\"wp-block-column is-layout-flow wp-block-column-is-layout-flow\">\n<p><a href=\"\/levitico-12\" title=\"\">Lev\u00edtico 12<\/a><\/p>\n<\/div>\n\n\n\n<div class=\"wp-block-column is-layout-flow wp-block-column-is-layout-flow\">\n<p class=\"has-text-align-right\"><a href=\"\/levitico-14\" title=\"\">Lev\u00edtico 14<\/a><\/p>\n<\/div>\n<\/div>\n\n\n\n<h2 class=\"wp-block-heading\">Descri\u00e7\u00e3o &#8211; Lev\u00edtico 13<\/h2>\n\n\n\n<p class=\"has-medium-font-size\">Lev\u00edtico 13 aborda as leis relacionadas \u00e0 lepra e outras doen\u00e7as de pele, estabelecendo regras para diagnosticar e lidar com a impureza causada por essas condi\u00e7\u00f5es. O cap\u00edtulo descreve como os sacerdotes devem inspecionar os afetados, determinando se a pessoa est\u00e1 impura ou curada. Aqueles diagnosticados com lepra s\u00e3o considerados impuros e devem viver isolados, fora do acampamento. O cap\u00edtulo destaca a necessidade de purifica\u00e7\u00e3o e santidade, refletindo a import\u00e2ncia da obedi\u00eancia \u00e0s leis de Deus para manter a pureza do povo. No contexto do livro de Lev\u00edtico, essas leis refor\u00e7am a separa\u00e7\u00e3o do impuro para preservar a santidade de Israel.<\/p>\n\n\n\n<h3 class=\"wp-block-heading\">Livro do Lev\u00edtico:<\/h3>\n\n\n<ul class=\"wp-block-page-list\"><li class=\"wp-block-pages-list__item\"><a class=\"wp-block-pages-list__item__link\" href=\"https:\/\/bibliapresente.com\/postagens\/livros-da-biblia\/levitico\/levitico-1\/\">Lev\u00edtico 1 &#8211; A Oferta do Holocausto<\/a><\/li><li class=\"wp-block-pages-list__item\"><a class=\"wp-block-pages-list__item__link\" href=\"https:\/\/bibliapresente.com\/postagens\/livros-da-biblia\/levitico\/levitico-2\/\">Lev\u00edtico 2 &#8211; A Oferta de Manjares e Gr\u00e3os<\/a><\/li><li class=\"wp-block-pages-list__item\"><a class=\"wp-block-pages-list__item__link\" href=\"https:\/\/bibliapresente.com\/postagens\/livros-da-biblia\/levitico\/levitico-3\/\">Lev\u00edtico 3 &#8211; Oferta Pac\u00edfica e Sacrif\u00edcios<\/a><\/li><li class=\"wp-block-pages-list__item\"><a class=\"wp-block-pages-list__item__link\" href=\"https:\/\/bibliapresente.com\/postagens\/livros-da-biblia\/levitico\/levitico-4\/\">Lev\u00edtico 4 &#8211; A Oferta Pelo Pecado<\/a><\/li><li class=\"wp-block-pages-list__item\"><a class=\"wp-block-pages-list__item__link\" href=\"https:\/\/bibliapresente.com\/postagens\/livros-da-biblia\/levitico\/levitico-5\/\">Lev\u00edtico 5 &#8211; Oferta pela Culpa e Repara\u00e7\u00e3o<\/a><\/li><li class=\"wp-block-pages-list__item\"><a class=\"wp-block-pages-list__item__link\" href=\"https:\/\/bibliapresente.com\/postagens\/livros-da-biblia\/levitico\/levitico-6\/\">Lev\u00edtico 6 &#8211; Leis do Holocausto<\/a><\/li><li class=\"wp-block-pages-list__item\"><a class=\"wp-block-pages-list__item__link\" href=\"https:\/\/bibliapresente.com\/postagens\/livros-da-biblia\/levitico\/levitico-7\/\">Lev\u00edtico 7 &#8211; Ofertas Pac\u00edficas<\/a><\/li><li class=\"wp-block-pages-list__item\"><a class=\"wp-block-pages-list__item__link\" href=\"https:\/\/bibliapresente.com\/postagens\/livros-da-biblia\/levitico\/levitico-8\/\">Lev\u00edtico 8 &#8211; Consagra\u00e7\u00e3o de Aar\u00e3o<\/a><\/li><li class=\"wp-block-pages-list__item\"><a class=\"wp-block-pages-list__item__link\" href=\"https:\/\/bibliapresente.com\/postagens\/livros-da-biblia\/levitico\/levitico-9\/\">Lev\u00edtico 9 &#8211; Primeiro Sacrif\u00edcio de Aar\u00e3o<\/a><\/li><li class=\"wp-block-pages-list__item\"><a class=\"wp-block-pages-list__item__link\" href=\"https:\/\/bibliapresente.com\/postagens\/livros-da-biblia\/levitico\/levitico-10\/\">Lev\u00edtico 10 &#8211; Nadabe e Abi\u00fa<\/a><\/li><li class=\"wp-block-pages-list__item\"><a class=\"wp-block-pages-list__item__link\" href=\"https:\/\/bibliapresente.com\/postagens\/livros-da-biblia\/levitico\/levitico-11\/\">Lev\u00edtico 11 &#8211; Animais Puros e Impuros<\/a><\/li><li class=\"wp-block-pages-list__item\"><a class=\"wp-block-pages-list__item__link\" href=\"https:\/\/bibliapresente.com\/postagens\/livros-da-biblia\/levitico\/levitico-12\/\">Lev\u00edtico 12 &#8211; Purifica\u00e7\u00e3o ap\u00f3s o Parto<\/a><\/li><li class=\"wp-block-pages-list__item\"><a class=\"wp-block-pages-list__item__link\" href=\"https:\/\/bibliapresente.com\/postagens\/livros-da-biblia\/levitico\/levitico-13\/\">Lev\u00edtico 13 &#8211; Lepra e Diagn\u00f3stico<\/a><\/li><li class=\"wp-block-pages-list__item\"><a class=\"wp-block-pages-list__item__link\" href=\"https:\/\/bibliapresente.com\/postagens\/livros-da-biblia\/levitico\/levitico-14\/\">Lev\u00edtico 14 &#8211; Purifica\u00e7\u00e3o do Leproso<\/a><\/li><li class=\"wp-block-pages-list__item\"><a class=\"wp-block-pages-list__item__link\" href=\"https:\/\/bibliapresente.com\/postagens\/livros-da-biblia\/levitico\/levitico-15\/\">Lev\u00edtico 15 &#8211; Fluxos Corporais e Impureza<\/a><\/li><li class=\"wp-block-pages-list__item\"><a class=\"wp-block-pages-list__item__link\" href=\"https:\/\/bibliapresente.com\/postagens\/livros-da-biblia\/levitico\/levitico-16\/\">Lev\u00edtico 16 &#8211; Yom Kipur: O Dia da Expia\u00e7\u00e3o<\/a><\/li><li class=\"wp-block-pages-list__item\"><a class=\"wp-block-pages-list__item__link\" href=\"https:\/\/bibliapresente.com\/postagens\/livros-da-biblia\/levitico\/levitico-17\/\">Lev\u00edtico 17 &#8211; A Proibi\u00e7\u00e3o de Comer Sangue<\/a><\/li><li class=\"wp-block-pages-list__item\"><a class=\"wp-block-pages-list__item__link\" href=\"https:\/\/bibliapresente.com\/postagens\/livros-da-biblia\/levitico\/levitico-18\/\">Lev\u00edtico 18 &#8211; Leis sobre Imoralidade<\/a><\/li><li class=\"wp-block-pages-list__item\"><a class=\"wp-block-pages-list__item__link\" href=\"https:\/\/bibliapresente.com\/postagens\/livros-da-biblia\/levitico\/levitico-19\/\">Lev\u00edtico 19 &#8211; Leis de Santidade<\/a><\/li><li class=\"wp-block-pages-list__item\"><a class=\"wp-block-pages-list__item__link\" href=\"https:\/\/bibliapresente.com\/postagens\/livros-da-biblia\/levitico\/levitico-20\/\">Lev\u00edtico 20 &#8211; Puni\u00e7\u00f5es para Pecados Graves<\/a><\/li><li class=\"wp-block-pages-list__item\"><a class=\"wp-block-pages-list__item__link\" href=\"https:\/\/bibliapresente.com\/postagens\/livros-da-biblia\/levitico\/levitico-21\/\">Lev\u00edtico 21 &#8211; Regras para Sacerdotes<\/a><\/li><li class=\"wp-block-pages-list__item\"><a class=\"wp-block-pages-list__item__link\" href=\"https:\/\/bibliapresente.com\/postagens\/livros-da-biblia\/levitico\/levitico-22\/\">Lev\u00edtico 22 &#8211; A Aceita\u00e7\u00e3o de Ofertas<\/a><\/li><li class=\"wp-block-pages-list__item\"><a class=\"wp-block-pages-list__item__link\" href=\"https:\/\/bibliapresente.com\/postagens\/livros-da-biblia\/levitico\/levitico-23\/\">Lev\u00edtico 23 &#8211; As Festas Sagradas<\/a><\/li><li class=\"wp-block-pages-list__item\"><a class=\"wp-block-pages-list__item__link\" href=\"https:\/\/bibliapresente.com\/postagens\/livros-da-biblia\/levitico\/levitico-24\/\">Lev\u00edtico 24 &#8211; O Castigo pela Blasf\u00eamia<\/a><\/li><li class=\"wp-block-pages-list__item\"><a class=\"wp-block-pages-list__item__link\" href=\"https:\/\/bibliapresente.com\/postagens\/livros-da-biblia\/levitico\/levitico-25\/\">Lev\u00edtico 25 &#8211; O Ano Sab\u00e1tico e o Jubileu<\/a><\/li><li class=\"wp-block-pages-list__item\"><a class=\"wp-block-pages-list__item__link\" href=\"https:\/\/bibliapresente.com\/postagens\/livros-da-biblia\/levitico\/levitico-26\/\">Lev\u00edtico 26 &#8211; B\u00ean\u00e7\u00e3os e Maldi\u00e7\u00f5es pela Lei<\/a><\/li><li class=\"wp-block-pages-list__item\"><a class=\"wp-block-pages-list__item__link\" href=\"https:\/\/bibliapresente.com\/postagens\/livros-da-biblia\/levitico\/levitico-27\/\">Lev\u00edtico 27 &#8211; Leis sobre Votos e D\u00edzimos<\/a><\/li><\/ul>\n\n\n<p><\/p>\n","protected":false},"excerpt":{"rendered":"<p>1 E falou o SENHOR a Mois\u00e9s e a Ar\u00e3o, dizendo: 2 Quando o homem tiver na pele de sua carne incha\u00e7o, ou p\u00fastula, ou mancha branca, e houver na pele de sua carne como chaga de lepra, ser\u00e1 trazido a Ar\u00e3o o sacerdote, ou a um dos sacerdotes seus filhos: 3 E o sacerdote &hellip; <\/p>\n","protected":false},"author":2,"featured_media":713,"parent":712,"menu_order":13,"comment_status":"closed","ping_status":"closed","template":"","meta":{"om_disable_all_campaigns":false,"_monsterinsights_skip_tracking":false,"_monsterinsights_sitenote_active":false,"_monsterinsights_sitenote_note":"","_monsterinsights_sitenote_category":0,"footnotes":""},"class_list":["post-741","page","type-page","status-publish","has-post-thumbnail","hentry"],"aioseo_notices":[],"_links":{"self":[{"href":"https:\/\/bibliapresente.com\/postagens\/wp-json\/wp\/v2\/pages\/741","targetHints":{"allow":["GET"]}}],"collection":[{"href":"https:\/\/bibliapresente.com\/postagens\/wp-json\/wp\/v2\/pages"}],"about":[{"href":"https:\/\/bibliapresente.com\/postagens\/wp-json\/wp\/v2\/types\/page"}],"author":[{"embeddable":true,"href":"https:\/\/bibliapresente.com\/postagens\/wp-json\/wp\/v2\/users\/2"}],"replies":[{"embeddable":true,"href":"https:\/\/bibliapresente.com\/postagens\/wp-json\/wp\/v2\/comments?post=741"}],"version-history":[{"count":5,"href":"https:\/\/bibliapresente.com\/postagens\/wp-json\/wp\/v2\/pages\/741\/revisions"}],"predecessor-version":[{"id":1347,"href":"https:\/\/bibliapresente.com\/postagens\/wp-json\/wp\/v2\/pages\/741\/revisions\/1347"}],"up":[{"embeddable":true,"href":"https:\/\/bibliapresente.com\/postagens\/wp-json\/wp\/v2\/pages\/712"}],"wp:featuredmedia":[{"embeddable":true,"href":"https:\/\/bibliapresente.com\/postagens\/wp-json\/wp\/v2\/media\/713"}],"wp:attachment":[{"href":"https:\/\/bibliapresente.com\/postagens\/wp-json\/wp\/v2\/media?parent=741"}],"curies":[{"name":"wp","href":"https:\/\/api.w.org\/{rel}","templated":true}]}}