{"id":737,"date":"2025-02-03T17:56:48","date_gmt":"2025-02-03T20:56:48","guid":{"rendered":"https:\/\/bibliapresente.com\/postagens\/?page_id=737"},"modified":"2025-02-03T17:56:48","modified_gmt":"2025-02-03T20:56:48","slug":"levitico-11","status":"publish","type":"page","link":"https:\/\/bibliapresente.com\/postagens\/livros-da-biblia\/levitico\/levitico-11\/","title":{"rendered":"Lev\u00edtico 11 &#8211; Animais Puros e Impuros"},"content":{"rendered":"\n<p class=\"has-medium-font-size\" style=\"letter-spacing:1px\"><span><span><sup><b>1<\/b><\/sup><\/span> E falou o SENHOR a Mois\u00e9s e a Ar\u00e3o, dizendo-lhes: <br><span><sup><b>2<\/b><\/sup><\/span> Falai aos filhos de Israel, dizendo: Estes s\u00e3o os animais que comereis de todos os animais que est\u00e3o sobre a terra. <br><span><sup><b>3<\/b><\/sup><\/span> De entre os animais, todo o de casco, e que tem as unhas fendidas, e que rumina, este comereis. <br><span><sup><b>4<\/b><\/sup><\/span> Estes, por\u00e9m, n\u00e3o comereis dos que ruminam e dos que t\u00eam casco: o camelo, porque rumina mas n\u00e3o tem casco fendido, haveis de t\u00ea-lo por impuro; <br><span><sup><b>5<\/b><\/sup><\/span> Tamb\u00e9m o coelho, porque rumina, mas n\u00e3o tem unha fendida, o tereis por impuro; <br><span><sup><b>6<\/b><\/sup><\/span> Assim a lebre, porque rumina, mas n\u00e3o tem unha fendida, a tereis por impura; <br><span><sup><b>7<\/b><\/sup><\/span> Tamb\u00e9m o porco, porque tem unhas, e \u00e9 de unhas fendidas, mas n\u00e3o rumina, o tereis por impuro. <br><span><sup><b>8<\/b><\/sup><\/span> Da carne deles n\u00e3o comereis, nem tocareis seu corpo morto: os tereis por impuros. <br><span><sup><b>9<\/b><\/sup><\/span> Isto comereis de todas as coisas que est\u00e3o nas \u00e1guas: todas as coisas que t\u00eam barbatanas e escamas nas \u00e1guas do mar, e nos rios, aquelas comereis; <br><span><sup><b>10<\/b><\/sup><\/span> Mas todas as coisas que n\u00e3o t\u00eam barbatanas nem escamas no mar e nos rios, tanto de todo r\u00e9ptil de \u00e1gua como de toda coisa vivente que est\u00e1 nas \u00e1guas, as tereis em abomina\u00e7\u00e3o. <br><span><sup><b>11<\/b><\/sup><\/span> Vos ser\u00e3o, pois, em abomina\u00e7\u00e3o: de sua carne n\u00e3o comereis, e abominareis seus corpos mortos. <br><span><sup><b>12<\/b><\/sup><\/span> Tudo o que n\u00e3o tiver barbatanas e escamas nas \u00e1guas, o tereis em abomina\u00e7\u00e3o. <br><span><sup><b>13<\/b><\/sup><\/span> E das aves, estas tereis em abomina\u00e7\u00e3o; n\u00e3o se comer\u00e3o, ser\u00e3o abomina\u00e7\u00e3o: a \u00e1gua, o quebra-ossos, o esmerilh\u00e3o, <br><span><sup><b>14<\/b><\/sup><\/span> O milhafre, e o falc\u00e3o a segundo sua esp\u00e9cie; <br><span><sup><b>15<\/b><\/sup><\/span> Todo corvo segundo sua esp\u00e9cie; <br><span><sup><b>16<\/b><\/sup><\/span> O avestruz, e a coruja, e a gaivota, e o gavi\u00e3o segundo sua esp\u00e9cie; <br><span><sup><b>17<\/b><\/sup><\/span> E o mocho, e o corvo-marinho, e o \u00edbis, <br><span><sup><b>18<\/b><\/sup><\/span> E a galinha-d\u2019\u00e1gua, e o cisne, e o pelicano, <br><span><sup><b>19<\/b><\/sup><\/span> E a cegonha, e a gar\u00e7a, segundo sua esp\u00e9cie, e a poupa, e o morcego. <br><span><sup><b>20<\/b><\/sup><\/span> Todo inseto de asas que andar sobre quatro p\u00e9s, tereis em abomina\u00e7\u00e3o. <br><span><sup><b>21<\/b><\/sup><\/span> Por\u00e9m isto comereis de todo inseto de asas que anda sobre quatro patas, que tiver pernas al\u00e9m de suas patas para saltar com elas sobre a terra; <br><span><sup><b>22<\/b><\/sup><\/span> Estes comereis deles: o gafanhoto migrador segundo sua esp\u00e9cie, e a esperan\u00e7a segundo sua esp\u00e9cie, e o grilo segundo sua esp\u00e9cie, e o gafanhoto comum segundo sua esp\u00e9cie. <br><span><sup><b>23<\/b><\/sup><\/span> Todo r\u00e9ptil de asas que tenha quatro p\u00e9s, tereis em abomina\u00e7\u00e3o. <br><span><sup><b>24<\/b><\/sup><\/span> E por estas coisas sereis impuros: qualquer um que tocar a seus corpos mortos, ser\u00e1 impuro at\u00e9 \u00e0 tarde: <br><span><sup><b>25<\/b><\/sup><\/span> E qualquer um que levar de seus corpos mortos, lavar\u00e1 suas roupas, e ser\u00e1 impuro at\u00e9 \u00e0 tarde. <br><span><sup><b>26<\/b><\/sup><\/span> Todo animal de casco, mas que n\u00e3o tem unha fendida, nem rumina, tereis por impuro: qualquer um que os tocar ser\u00e1 impuro. <br><span><sup><b>27<\/b><\/sup><\/span> E de todos os animais que andam a quatro patas, tereis por impuro qualquer um que ande sobre suas garras: qualquer um que tocar seus corpos mortos, ser\u00e1 impuro at\u00e9 \u00e0 tarde. <br><span><sup><b>28<\/b><\/sup><\/span> E o que levar seus corpos mortos, lavar\u00e1 suas roupas, e ser\u00e1 impuro at\u00e9 \u00e0 tarde: haveis de t\u00ea-los por impuros. <br><span><sup><b>29<\/b><\/sup><\/span> E estes tereis por impuros dos r\u00e9pteis que v\u00e3o arrastando sobre a terra: a doninha, e o rato, e o lagarto segundo sua esp\u00e9cie, <br><span><sup><b>30<\/b><\/sup><\/span> E a lagartixa, e o lagarto pintado, e a lagartixa de parede, e a salamandra, e o camale\u00e3o. <br><span><sup><b>31<\/b><\/sup><\/span> Estes tereis por impuros de todos os r\u00e9pteis: qualquer um que os tocar, quando estiverem mortos, ser\u00e1 impuro at\u00e9 \u00e0 tarde. <br><span><sup><b>32<\/b><\/sup><\/span> E tudo aquilo sobre que cair algum deles depois de mortos, ser\u00e1 impuro; tanto vaso de madeira, como roupa, ou pele, ou saco, qualquer instrumento com que se faz obra, ser\u00e1 posto em \u00e1gua, e ser\u00e1 impuro at\u00e9 \u00e0 tarde, e assim ser\u00e1 limpo. <br><span><sup><b>33<\/b><\/sup><\/span> E toda vasilha de barro dentro da qual cair algum deles, tudo o que estiver nela ser\u00e1 impuro, e quebrareis a vasilha: <br><span><sup><b>34<\/b><\/sup><\/span> Toda comida que se come, sobre a qual vier a \u00e1gua de tais vasilhas, ser\u00e1 imunda: e toda bebida que se beber, ser\u00e1 em todas essas vasilhas impura: <br><span><sup><b>35<\/b><\/sup><\/span> E tudo aquilo sobre que cair algo do corpo morto deles, ser\u00e1 impuro: o forno ou aquecedores se derrubar\u00e3o; s\u00e3o impuros, e por impuros os tereis. <br><span><sup><b>36<\/b><\/sup><\/span> Contudo, a fonte e a cisterna onde se recolhem \u00e1guas, ser\u00e3o limpas: mas o que houver tocado em seus corpos mortos ser\u00e1 impuro. <br><span><sup><b>37<\/b><\/sup><\/span> E se cair de seus corpos mortos sobre alguma semente que se haja de semear, ser\u00e1 limpa. <br><span><sup><b>38<\/b><\/sup><\/span> Mas se se houver posto \u00e1gua na semente, e cair de seus corpos mortos sobre ela, a tereis por impura. <br><span><sup><b>39<\/b><\/sup><\/span> E se algum animal que tiverdes para comer se morrer, o que tocar seu corpo morto ser\u00e1 impuro at\u00e9 \u00e0 tarde: <br><span><sup><b>40<\/b><\/sup><\/span> E o que comer de seu corpo morto, lavar\u00e1 suas roupas, e ser\u00e1 impuro at\u00e9 \u00e0 tarde: tamb\u00e9m o que tirar seu corpo morto, lavar\u00e1 suas roupas, e ser\u00e1 impuro at\u00e9 \u00e0 tarde. <br><span><sup><b>41<\/b><\/sup><\/span> E todo r\u00e9ptil que vai arrastando sobre a terra, \u00e9 abomina\u00e7\u00e3o; n\u00e3o se comer\u00e1. <br><span><sup><b>42<\/b><\/sup><\/span> Tudo o que anda sobre o peito, e tudo o que anda sobre quatro ou mais patas, de todo r\u00e9ptil que anda arrastando sobre a terra, n\u00e3o o comereis, porque \u00e9 abomina\u00e7\u00e3o. <br><span><sup><b>43<\/b><\/sup><\/span> N\u00e3o torneis abomin\u00e1veis vossas pessoas com nenhum r\u00e9ptil que anda arrastando, nem vos contamineis com eles, nem sejais impuros por eles. <br><span><sup><b>44<\/b><\/sup><\/span> Pois que eu sou o SENHOR vosso Deus, v\u00f3s portanto vos santificareis, e sereis santos, porque eu sou santo: assim que n\u00e3o torneis abomin\u00e1veis vossas pessoas com nenhum r\u00e9ptil que andar arrastando sobre a terra. <br><span><sup><b>45<\/b><\/sup><\/span> Porque eu sou o SENHOR, que vos fa\u00e7o subir da terra do Egito para vos ser por Deus: sereis pois santos, porque eu sou santo. <br><span><sup><b>46<\/b><\/sup><\/span> Esta \u00e9 a lei dos animais e das aves, e de todo ser vivente que se move nas \u00e1guas, e de todo animal que anda arrastando sobre a terra; <br><span><sup><b>47<\/b><\/sup><\/span> Para fazer diferen\u00e7a entre impuro e limpo, e entre os animais que se podem comer e os animais que n\u00e3o se podem comer.<\/span><\/p>\n\n\n\n<div class=\"wp-block-columns is-layout-flex wp-container-core-columns-is-layout-9d6595d7 wp-block-columns-is-layout-flex\">\n<div class=\"wp-block-column is-layout-flow wp-block-column-is-layout-flow\">\n<p><a href=\"\/levitico-10\">Lev\u00edtico 10<\/a><\/p>\n<\/div>\n\n\n\n<div class=\"wp-block-column is-layout-flow wp-block-column-is-layout-flow\">\n<p class=\"has-text-align-right\"><a href=\"\/levitico-12\">Lev\u00edtico 12<\/a><\/p>\n<\/div>\n<\/div>\n\n\n\n<h2 class=\"wp-block-heading\">Descri\u00e7\u00e3o &#8211; Lev\u00edtico 11<\/h2>\n\n\n\n<p class=\"has-medium-font-size\">Lev\u00edtico 11 apresenta as leis alimentares dadas por Deus a Israel, distinguindo entre animais puros e impuros. O cap\u00edtulo descreve quais animais, aves, peixes e insetos podem ser consumidos e quais devem ser evitados, com base em caracter\u00edsticas como o tipo de casco ou a forma de nadar. Essas regras visam manter a santidade do povo, separando-os das pr\u00e1ticas de outras na\u00e7\u00f5es. Lev\u00edtico 11 reflete a import\u00e2ncia de pureza e obedi\u00eancia nas a\u00e7\u00f5es cotidianas, conectando os israelitas com sua identidade e com Deus. O cap\u00edtulo sublinha a centralidade da santidade na vida do povo escolhido.<\/p>\n\n\n\n<h3 class=\"wp-block-heading\">Livro do Lev\u00edtico:<\/h3>\n\n\n<ul class=\"wp-block-page-list\"><li class=\"wp-block-pages-list__item\"><a class=\"wp-block-pages-list__item__link\" href=\"https:\/\/bibliapresente.com\/postagens\/livros-da-biblia\/levitico\/levitico-1\/\">Lev\u00edtico 1 &#8211; A Oferta do Holocausto<\/a><\/li><li class=\"wp-block-pages-list__item\"><a class=\"wp-block-pages-list__item__link\" href=\"https:\/\/bibliapresente.com\/postagens\/livros-da-biblia\/levitico\/levitico-2\/\">Lev\u00edtico 2 &#8211; A Oferta de Manjares e Gr\u00e3os<\/a><\/li><li class=\"wp-block-pages-list__item\"><a class=\"wp-block-pages-list__item__link\" href=\"https:\/\/bibliapresente.com\/postagens\/livros-da-biblia\/levitico\/levitico-3\/\">Lev\u00edtico 3 &#8211; Oferta Pac\u00edfica e Sacrif\u00edcios<\/a><\/li><li class=\"wp-block-pages-list__item\"><a class=\"wp-block-pages-list__item__link\" href=\"https:\/\/bibliapresente.com\/postagens\/livros-da-biblia\/levitico\/levitico-4\/\">Lev\u00edtico 4 &#8211; A Oferta Pelo Pecado<\/a><\/li><li class=\"wp-block-pages-list__item\"><a class=\"wp-block-pages-list__item__link\" href=\"https:\/\/bibliapresente.com\/postagens\/livros-da-biblia\/levitico\/levitico-5\/\">Lev\u00edtico 5 &#8211; Oferta pela Culpa e Repara\u00e7\u00e3o<\/a><\/li><li class=\"wp-block-pages-list__item\"><a class=\"wp-block-pages-list__item__link\" href=\"https:\/\/bibliapresente.com\/postagens\/livros-da-biblia\/levitico\/levitico-6\/\">Lev\u00edtico 6 &#8211; Leis do Holocausto<\/a><\/li><li class=\"wp-block-pages-list__item\"><a class=\"wp-block-pages-list__item__link\" href=\"https:\/\/bibliapresente.com\/postagens\/livros-da-biblia\/levitico\/levitico-7\/\">Lev\u00edtico 7 &#8211; Ofertas Pac\u00edficas<\/a><\/li><li class=\"wp-block-pages-list__item\"><a class=\"wp-block-pages-list__item__link\" href=\"https:\/\/bibliapresente.com\/postagens\/livros-da-biblia\/levitico\/levitico-8\/\">Lev\u00edtico 8 &#8211; Consagra\u00e7\u00e3o de Aar\u00e3o<\/a><\/li><li class=\"wp-block-pages-list__item\"><a class=\"wp-block-pages-list__item__link\" href=\"https:\/\/bibliapresente.com\/postagens\/livros-da-biblia\/levitico\/levitico-9\/\">Lev\u00edtico 9 &#8211; Primeiro Sacrif\u00edcio de Aar\u00e3o<\/a><\/li><li class=\"wp-block-pages-list__item\"><a class=\"wp-block-pages-list__item__link\" href=\"https:\/\/bibliapresente.com\/postagens\/livros-da-biblia\/levitico\/levitico-10\/\">Lev\u00edtico 10 &#8211; Nadabe e Abi\u00fa<\/a><\/li><li class=\"wp-block-pages-list__item\"><a class=\"wp-block-pages-list__item__link\" href=\"https:\/\/bibliapresente.com\/postagens\/livros-da-biblia\/levitico\/levitico-11\/\">Lev\u00edtico 11 &#8211; Animais Puros e Impuros<\/a><\/li><li class=\"wp-block-pages-list__item\"><a class=\"wp-block-pages-list__item__link\" href=\"https:\/\/bibliapresente.com\/postagens\/livros-da-biblia\/levitico\/levitico-12\/\">Lev\u00edtico 12 &#8211; Purifica\u00e7\u00e3o ap\u00f3s o Parto<\/a><\/li><li class=\"wp-block-pages-list__item\"><a class=\"wp-block-pages-list__item__link\" href=\"https:\/\/bibliapresente.com\/postagens\/livros-da-biblia\/levitico\/levitico-13\/\">Lev\u00edtico 13 &#8211; Lepra e Diagn\u00f3stico<\/a><\/li><li class=\"wp-block-pages-list__item\"><a class=\"wp-block-pages-list__item__link\" href=\"https:\/\/bibliapresente.com\/postagens\/livros-da-biblia\/levitico\/levitico-14\/\">Lev\u00edtico 14 &#8211; Purifica\u00e7\u00e3o do Leproso<\/a><\/li><li class=\"wp-block-pages-list__item\"><a class=\"wp-block-pages-list__item__link\" href=\"https:\/\/bibliapresente.com\/postagens\/livros-da-biblia\/levitico\/levitico-15\/\">Lev\u00edtico 15 &#8211; Fluxos Corporais e Impureza<\/a><\/li><li class=\"wp-block-pages-list__item\"><a class=\"wp-block-pages-list__item__link\" href=\"https:\/\/bibliapresente.com\/postagens\/livros-da-biblia\/levitico\/levitico-16\/\">Lev\u00edtico 16 &#8211; Yom Kipur: O Dia da Expia\u00e7\u00e3o<\/a><\/li><li class=\"wp-block-pages-list__item\"><a class=\"wp-block-pages-list__item__link\" href=\"https:\/\/bibliapresente.com\/postagens\/livros-da-biblia\/levitico\/levitico-17\/\">Lev\u00edtico 17 &#8211; A Proibi\u00e7\u00e3o de Comer Sangue<\/a><\/li><li class=\"wp-block-pages-list__item\"><a class=\"wp-block-pages-list__item__link\" href=\"https:\/\/bibliapresente.com\/postagens\/livros-da-biblia\/levitico\/levitico-18\/\">Lev\u00edtico 18 &#8211; Leis sobre Imoralidade<\/a><\/li><li class=\"wp-block-pages-list__item\"><a class=\"wp-block-pages-list__item__link\" href=\"https:\/\/bibliapresente.com\/postagens\/livros-da-biblia\/levitico\/levitico-19\/\">Lev\u00edtico 19 &#8211; Leis de Santidade<\/a><\/li><li class=\"wp-block-pages-list__item\"><a class=\"wp-block-pages-list__item__link\" href=\"https:\/\/bibliapresente.com\/postagens\/livros-da-biblia\/levitico\/levitico-20\/\">Lev\u00edtico 20 &#8211; Puni\u00e7\u00f5es para Pecados Graves<\/a><\/li><li class=\"wp-block-pages-list__item\"><a class=\"wp-block-pages-list__item__link\" href=\"https:\/\/bibliapresente.com\/postagens\/livros-da-biblia\/levitico\/levitico-21\/\">Lev\u00edtico 21 &#8211; Regras para Sacerdotes<\/a><\/li><li class=\"wp-block-pages-list__item\"><a class=\"wp-block-pages-list__item__link\" href=\"https:\/\/bibliapresente.com\/postagens\/livros-da-biblia\/levitico\/levitico-22\/\">Lev\u00edtico 22 &#8211; A Aceita\u00e7\u00e3o de Ofertas<\/a><\/li><li class=\"wp-block-pages-list__item\"><a class=\"wp-block-pages-list__item__link\" href=\"https:\/\/bibliapresente.com\/postagens\/livros-da-biblia\/levitico\/levitico-23\/\">Lev\u00edtico 23 &#8211; As Festas Sagradas<\/a><\/li><li class=\"wp-block-pages-list__item\"><a class=\"wp-block-pages-list__item__link\" href=\"https:\/\/bibliapresente.com\/postagens\/livros-da-biblia\/levitico\/levitico-24\/\">Lev\u00edtico 24 &#8211; O Castigo pela Blasf\u00eamia<\/a><\/li><li class=\"wp-block-pages-list__item\"><a class=\"wp-block-pages-list__item__link\" href=\"https:\/\/bibliapresente.com\/postagens\/livros-da-biblia\/levitico\/levitico-25\/\">Lev\u00edtico 25 &#8211; O Ano Sab\u00e1tico e o Jubileu<\/a><\/li><li class=\"wp-block-pages-list__item\"><a class=\"wp-block-pages-list__item__link\" href=\"https:\/\/bibliapresente.com\/postagens\/livros-da-biblia\/levitico\/levitico-26\/\">Lev\u00edtico 26 &#8211; B\u00ean\u00e7\u00e3os e Maldi\u00e7\u00f5es pela Lei<\/a><\/li><li class=\"wp-block-pages-list__item\"><a class=\"wp-block-pages-list__item__link\" href=\"https:\/\/bibliapresente.com\/postagens\/livros-da-biblia\/levitico\/levitico-27\/\">Lev\u00edtico 27 &#8211; Leis sobre Votos e D\u00edzimos<\/a><\/li><\/ul>\n\n\n<p><\/p>\n","protected":false},"excerpt":{"rendered":"<p>1 E falou o SENHOR a Mois\u00e9s e a Ar\u00e3o, dizendo-lhes: 2 Falai aos filhos de Israel, dizendo: Estes s\u00e3o os animais que comereis de todos os animais que est\u00e3o sobre a terra. 3 De entre os animais, todo o de casco, e que tem as unhas fendidas, e que rumina, este comereis. 4 Estes, &hellip; <\/p>\n","protected":false},"author":2,"featured_media":713,"parent":712,"menu_order":11,"comment_status":"closed","ping_status":"closed","template":"","meta":{"om_disable_all_campaigns":false,"_monsterinsights_skip_tracking":false,"_monsterinsights_sitenote_active":false,"_monsterinsights_sitenote_note":"","_monsterinsights_sitenote_category":0,"footnotes":""},"class_list":["post-737","page","type-page","status-publish","has-post-thumbnail","hentry"],"aioseo_notices":[],"_links":{"self":[{"href":"https:\/\/bibliapresente.com\/postagens\/wp-json\/wp\/v2\/pages\/737","targetHints":{"allow":["GET"]}}],"collection":[{"href":"https:\/\/bibliapresente.com\/postagens\/wp-json\/wp\/v2\/pages"}],"about":[{"href":"https:\/\/bibliapresente.com\/postagens\/wp-json\/wp\/v2\/types\/page"}],"author":[{"embeddable":true,"href":"https:\/\/bibliapresente.com\/postagens\/wp-json\/wp\/v2\/users\/2"}],"replies":[{"embeddable":true,"href":"https:\/\/bibliapresente.com\/postagens\/wp-json\/wp\/v2\/comments?post=737"}],"version-history":[{"count":5,"href":"https:\/\/bibliapresente.com\/postagens\/wp-json\/wp\/v2\/pages\/737\/revisions"}],"predecessor-version":[{"id":1345,"href":"https:\/\/bibliapresente.com\/postagens\/wp-json\/wp\/v2\/pages\/737\/revisions\/1345"}],"up":[{"embeddable":true,"href":"https:\/\/bibliapresente.com\/postagens\/wp-json\/wp\/v2\/pages\/712"}],"wp:featuredmedia":[{"embeddable":true,"href":"https:\/\/bibliapresente.com\/postagens\/wp-json\/wp\/v2\/media\/713"}],"wp:attachment":[{"href":"https:\/\/bibliapresente.com\/postagens\/wp-json\/wp\/v2\/media?parent=737"}],"curies":[{"name":"wp","href":"https:\/\/api.w.org\/{rel}","templated":true}]}}