{"id":735,"date":"2025-02-03T17:55:42","date_gmt":"2025-02-03T20:55:42","guid":{"rendered":"https:\/\/bibliapresente.com\/postagens\/?page_id=735"},"modified":"2025-02-03T17:55:43","modified_gmt":"2025-02-03T20:55:43","slug":"levitico-10","status":"publish","type":"page","link":"https:\/\/bibliapresente.com\/postagens\/livros-da-biblia\/levitico\/levitico-10\/","title":{"rendered":"Lev\u00edtico 10 &#8211; Nadabe e Abi\u00fa"},"content":{"rendered":"\n<p class=\"has-medium-font-size\" style=\"letter-spacing:1px\"><span><span><sup><b>1<\/b><\/sup><\/span> E os filhos de Ar\u00e3o, Nadabe e Abi\u00fa, tomaram cada um seu incens\u00e1rio, e puseram fogo neles, sobre o qual puseram incenso, e ofereceram diante do SENHOR fogo estranho, que ele nunca lhes mandou. <br><span><sup><b>2<\/b><\/sup><\/span> E saiu fogo de diante do SENHOR que os queimou, e morreram diante do SENHOR. <br><span><sup><b>3<\/b><\/sup><\/span> Ent\u00e3o disse Mois\u00e9s a Ar\u00e3o: Isto \u00e9 o que falou o SENHOR, dizendo: Em meus achegados me santificarei, e em presen\u00e7a de todo o povo serei glorificado. E Ar\u00e3o calou. <br><span><sup><b>4<\/b><\/sup><\/span> E chamou Mois\u00e9s a Misael, e a Elzaf\u00e3, filhos de Uziel, tio de Ar\u00e3o, e disse-lhes: Achegai-vos e tirai a vossos irm\u00e3os de diante do santu\u00e1rio fora do acampamento. <br><span><sup><b>5<\/b><\/sup><\/span> E eles chegaram, e tiraram-nos com suas t\u00fanicas fora do acampamento, como disse Mois\u00e9s. <br><span><sup><b>6<\/b><\/sup><\/span> Ent\u00e3o Mois\u00e9s disse a Ar\u00e3o, e a Eleazar e a Itamar, seus filhos: N\u00e3o descubrais vossas cabe\u00e7as, nem rasgueis vossas roupas, para que n\u00e3o morrais, nem se levante a ira sobre toda a congrega\u00e7\u00e3o: por\u00e9m vossos irm\u00e3os, toda a casa de Israel, lamentar\u00e3o o inc\u00eandio que o SENHOR fez. <br><span><sup><b>7<\/b><\/sup><\/span> Nem saireis da porta do tabern\u00e1culo do testemunho, porque morrereis; porquanto o azeite da un\u00e7\u00e3o do SENHOR est\u00e1 sobre v\u00f3s. E eles fizeram conforme o dito de Mois\u00e9s. <br><span><sup><b>8<\/b><\/sup><\/span> E o SENHOR falou a Ar\u00e3o, dizendo: <br><span><sup><b>9<\/b><\/sup><\/span> Tu, e teus filhos contigo, n\u00e3o bebereis vinho nem bebida forte, quando houverdes de entrar no tabern\u00e1culo do testemunho, para que n\u00e3o morrais: estatuto perp\u00e9tuo por vossas gera\u00e7\u00f5es; <br><span><sup><b>10<\/b><\/sup><\/span> E para poder discernir entre o santo e o profano, e entre o impuro e o limpo; <br><span><sup><b>11<\/b><\/sup><\/span> E para ensinar aos filhos de Israel todos os estatutos que o SENHOR lhes disse por meio de Mois\u00e9s. <br><span><sup><b>12<\/b><\/sup><\/span> E Mois\u00e9s disse a Ar\u00e3o, e a Eleazar e a Itamar, seus filhos que haviam restado: Tomai a oferta de cereais que resta das ofertas acendidas ao SENHOR, e comei-a sem levedura junto ao altar, porque \u00e9 coisa muito santa. <br><span><sup><b>13<\/b><\/sup><\/span> Haveis, pois, de com\u00ea-la no lugar santo: porque isto \u00e9 estatuto para ti, e estatuto para teus filhos, das ofertas acendidas ao SENHOR, pois que assim me foi mandado. <br><span><sup><b>14<\/b><\/sup><\/span> Comereis tamb\u00e9m em lugar limpo, tu e teus filhos e tuas filhas contigo, o peito da oferta movida, e a coxa elevada, porque por estatuto para ti, e estatuto para teus filhos, s\u00e3o dados dos sacrif\u00edcios das ofertas pac\u00edficas dos filhos de Israel. <br><span><sup><b>15<\/b><\/sup><\/span> Com as ofertas das gorduras que se h\u00e3o de acender, trar\u00e3o a coxa que se h\u00e1 de elevar, e o peito que ser\u00e1 movido, para que o movas por oferta movida diante do SENHOR: e ser\u00e1 por estatuto perp\u00e9tuo teu, e de teus filhos contigo, como o SENHOR o mandou. <br><span><sup><b>16<\/b><\/sup><\/span> E Mois\u00e9s mandou o bode macho da expia\u00e7\u00e3o, e achou-se que era queimado: e irou-se contra Eleazar e Itamar, os filhos de Ar\u00e3o que haviam restado, dizendo: <br><span><sup><b>17<\/b><\/sup><\/span> Por que n\u00e3o comestes a expia\u00e7\u00e3o no lugar santo? Porque \u00e9 muito santa, e deu-a ele a v\u00f3s para levar a iniquidade da congrega\u00e7\u00e3o, para que sejam reconciliados diante do SENHOR. <br><span><sup><b>18<\/b><\/sup><\/span> Vedes que seu sangue n\u00e3o foi metido dentro do santu\u00e1rio: hav\u00edeis de com\u00ea-la no lugar santo, como eu mandei. <br><span><sup><b>19<\/b><\/sup><\/span> E respondeu Ar\u00e3o a Mois\u00e9s: Eis que hoje ofereceram sua expia\u00e7\u00e3o e seu holocausto diante do SENHOR: mas me aconteceram estas coisas: pois se comesse eu hoje da expia\u00e7\u00e3o, Teria sido aceito ao SENHOR? <br><span><sup><b>20<\/b><\/sup><\/span> E quando Mois\u00e9s ouviu isto, deu-se por satisfeito.<\/span><\/p>\n\n\n\n<div class=\"wp-block-columns is-layout-flex wp-container-core-columns-is-layout-9d6595d7 wp-block-columns-is-layout-flex\">\n<div class=\"wp-block-column is-layout-flow wp-block-column-is-layout-flow\">\n<p><a href=\"\/levitico-9\">Lev\u00edtico 9<\/a><\/p>\n<\/div>\n\n\n\n<div class=\"wp-block-column is-layout-flow wp-block-column-is-layout-flow\">\n<p class=\"has-text-align-right\"><a href=\"\/levitico-11\">Lev\u00edtico 11<\/a><\/p>\n<\/div>\n<\/div>\n\n\n\n<h2 class=\"wp-block-heading\">Descri\u00e7\u00e3o &#8211; Lev\u00edtico 10<\/h2>\n\n\n\n<p class=\"has-medium-font-size\">Lev\u00edtico 10 relata o tr\u00e1gico epis\u00f3dio de Nadabe e Abi\u00fa, filhos de Ar\u00e3o, que oferecem fogo estranho diante do Senhor, desobedecendo \u00e0s instru\u00e7\u00f5es divinas. Como consequ\u00eancia, um fogo sai da presen\u00e7a de Deus e os consome imediatamente. Mois\u00e9s adverte Ar\u00e3o e os sacerdotes sobre a seriedade do servi\u00e7o no santu\u00e1rio e as regras para manter a santidade. O cap\u00edtulo tamb\u00e9m enfatiza a proibi\u00e7\u00e3o do consumo de \u00e1lcool pelos sacerdotes durante suas fun\u00e7\u00f5es. No contexto do livro, esse evento refor\u00e7a a necessidade de obedi\u00eancia rigorosa \u00e0s ordens divinas, destacando a santidade do culto e a responsabilidade dos l\u00edderes espirituais.<\/p>\n\n\n\n<h3 class=\"wp-block-heading\">Livro do Lev\u00edtico:<\/h3>\n\n\n<ul class=\"wp-block-page-list\"><li class=\"wp-block-pages-list__item\"><a class=\"wp-block-pages-list__item__link\" href=\"https:\/\/bibliapresente.com\/postagens\/livros-da-biblia\/levitico\/levitico-1\/\">Lev\u00edtico 1 &#8211; A Oferta do Holocausto<\/a><\/li><li class=\"wp-block-pages-list__item\"><a class=\"wp-block-pages-list__item__link\" href=\"https:\/\/bibliapresente.com\/postagens\/livros-da-biblia\/levitico\/levitico-2\/\">Lev\u00edtico 2 &#8211; A Oferta de Manjares e Gr\u00e3os<\/a><\/li><li class=\"wp-block-pages-list__item\"><a class=\"wp-block-pages-list__item__link\" href=\"https:\/\/bibliapresente.com\/postagens\/livros-da-biblia\/levitico\/levitico-3\/\">Lev\u00edtico 3 &#8211; Oferta Pac\u00edfica e Sacrif\u00edcios<\/a><\/li><li class=\"wp-block-pages-list__item\"><a class=\"wp-block-pages-list__item__link\" href=\"https:\/\/bibliapresente.com\/postagens\/livros-da-biblia\/levitico\/levitico-4\/\">Lev\u00edtico 4 &#8211; A Oferta Pelo Pecado<\/a><\/li><li class=\"wp-block-pages-list__item\"><a class=\"wp-block-pages-list__item__link\" href=\"https:\/\/bibliapresente.com\/postagens\/livros-da-biblia\/levitico\/levitico-5\/\">Lev\u00edtico 5 &#8211; Oferta pela Culpa e Repara\u00e7\u00e3o<\/a><\/li><li class=\"wp-block-pages-list__item\"><a class=\"wp-block-pages-list__item__link\" href=\"https:\/\/bibliapresente.com\/postagens\/livros-da-biblia\/levitico\/levitico-6\/\">Lev\u00edtico 6 &#8211; Leis do Holocausto<\/a><\/li><li class=\"wp-block-pages-list__item\"><a class=\"wp-block-pages-list__item__link\" href=\"https:\/\/bibliapresente.com\/postagens\/livros-da-biblia\/levitico\/levitico-7\/\">Lev\u00edtico 7 &#8211; Ofertas Pac\u00edficas<\/a><\/li><li class=\"wp-block-pages-list__item\"><a class=\"wp-block-pages-list__item__link\" href=\"https:\/\/bibliapresente.com\/postagens\/livros-da-biblia\/levitico\/levitico-8\/\">Lev\u00edtico 8 &#8211; Consagra\u00e7\u00e3o de Aar\u00e3o<\/a><\/li><li class=\"wp-block-pages-list__item\"><a class=\"wp-block-pages-list__item__link\" href=\"https:\/\/bibliapresente.com\/postagens\/livros-da-biblia\/levitico\/levitico-9\/\">Lev\u00edtico 9 &#8211; Primeiro Sacrif\u00edcio de Aar\u00e3o<\/a><\/li><li class=\"wp-block-pages-list__item\"><a class=\"wp-block-pages-list__item__link\" href=\"https:\/\/bibliapresente.com\/postagens\/livros-da-biblia\/levitico\/levitico-10\/\">Lev\u00edtico 10 &#8211; Nadabe e Abi\u00fa<\/a><\/li><li class=\"wp-block-pages-list__item\"><a class=\"wp-block-pages-list__item__link\" href=\"https:\/\/bibliapresente.com\/postagens\/livros-da-biblia\/levitico\/levitico-11\/\">Lev\u00edtico 11 &#8211; Animais Puros e Impuros<\/a><\/li><li class=\"wp-block-pages-list__item\"><a class=\"wp-block-pages-list__item__link\" href=\"https:\/\/bibliapresente.com\/postagens\/livros-da-biblia\/levitico\/levitico-12\/\">Lev\u00edtico 12 &#8211; Purifica\u00e7\u00e3o ap\u00f3s o Parto<\/a><\/li><li class=\"wp-block-pages-list__item\"><a class=\"wp-block-pages-list__item__link\" href=\"https:\/\/bibliapresente.com\/postagens\/livros-da-biblia\/levitico\/levitico-13\/\">Lev\u00edtico 13 &#8211; Lepra e Diagn\u00f3stico<\/a><\/li><li class=\"wp-block-pages-list__item\"><a class=\"wp-block-pages-list__item__link\" href=\"https:\/\/bibliapresente.com\/postagens\/livros-da-biblia\/levitico\/levitico-14\/\">Lev\u00edtico 14 &#8211; Purifica\u00e7\u00e3o do Leproso<\/a><\/li><li class=\"wp-block-pages-list__item\"><a class=\"wp-block-pages-list__item__link\" href=\"https:\/\/bibliapresente.com\/postagens\/livros-da-biblia\/levitico\/levitico-15\/\">Lev\u00edtico 15 &#8211; Fluxos Corporais e Impureza<\/a><\/li><li class=\"wp-block-pages-list__item\"><a class=\"wp-block-pages-list__item__link\" href=\"https:\/\/bibliapresente.com\/postagens\/livros-da-biblia\/levitico\/levitico-16\/\">Lev\u00edtico 16 &#8211; Yom Kipur: O Dia da Expia\u00e7\u00e3o<\/a><\/li><li class=\"wp-block-pages-list__item\"><a class=\"wp-block-pages-list__item__link\" href=\"https:\/\/bibliapresente.com\/postagens\/livros-da-biblia\/levitico\/levitico-17\/\">Lev\u00edtico 17 &#8211; A Proibi\u00e7\u00e3o de Comer Sangue<\/a><\/li><li class=\"wp-block-pages-list__item\"><a class=\"wp-block-pages-list__item__link\" href=\"https:\/\/bibliapresente.com\/postagens\/livros-da-biblia\/levitico\/levitico-18\/\">Lev\u00edtico 18 &#8211; Leis sobre Imoralidade<\/a><\/li><li class=\"wp-block-pages-list__item\"><a class=\"wp-block-pages-list__item__link\" href=\"https:\/\/bibliapresente.com\/postagens\/livros-da-biblia\/levitico\/levitico-19\/\">Lev\u00edtico 19 &#8211; Leis de Santidade<\/a><\/li><li class=\"wp-block-pages-list__item\"><a class=\"wp-block-pages-list__item__link\" href=\"https:\/\/bibliapresente.com\/postagens\/livros-da-biblia\/levitico\/levitico-20\/\">Lev\u00edtico 20 &#8211; Puni\u00e7\u00f5es para Pecados Graves<\/a><\/li><li class=\"wp-block-pages-list__item\"><a class=\"wp-block-pages-list__item__link\" href=\"https:\/\/bibliapresente.com\/postagens\/livros-da-biblia\/levitico\/levitico-21\/\">Lev\u00edtico 21 &#8211; Regras para Sacerdotes<\/a><\/li><li class=\"wp-block-pages-list__item\"><a class=\"wp-block-pages-list__item__link\" href=\"https:\/\/bibliapresente.com\/postagens\/livros-da-biblia\/levitico\/levitico-22\/\">Lev\u00edtico 22 &#8211; A Aceita\u00e7\u00e3o de Ofertas<\/a><\/li><li class=\"wp-block-pages-list__item\"><a class=\"wp-block-pages-list__item__link\" href=\"https:\/\/bibliapresente.com\/postagens\/livros-da-biblia\/levitico\/levitico-23\/\">Lev\u00edtico 23 &#8211; As Festas Sagradas<\/a><\/li><li class=\"wp-block-pages-list__item\"><a class=\"wp-block-pages-list__item__link\" href=\"https:\/\/bibliapresente.com\/postagens\/livros-da-biblia\/levitico\/levitico-24\/\">Lev\u00edtico 24 &#8211; O Castigo pela Blasf\u00eamia<\/a><\/li><li class=\"wp-block-pages-list__item\"><a class=\"wp-block-pages-list__item__link\" href=\"https:\/\/bibliapresente.com\/postagens\/livros-da-biblia\/levitico\/levitico-25\/\">Lev\u00edtico 25 &#8211; O Ano Sab\u00e1tico e o Jubileu<\/a><\/li><li class=\"wp-block-pages-list__item\"><a class=\"wp-block-pages-list__item__link\" href=\"https:\/\/bibliapresente.com\/postagens\/livros-da-biblia\/levitico\/levitico-26\/\">Lev\u00edtico 26 &#8211; B\u00ean\u00e7\u00e3os e Maldi\u00e7\u00f5es pela Lei<\/a><\/li><li class=\"wp-block-pages-list__item\"><a class=\"wp-block-pages-list__item__link\" href=\"https:\/\/bibliapresente.com\/postagens\/livros-da-biblia\/levitico\/levitico-27\/\">Lev\u00edtico 27 &#8211; Leis sobre Votos e D\u00edzimos<\/a><\/li><\/ul>\n\n\n<p><\/p>\n","protected":false},"excerpt":{"rendered":"<p>1 E os filhos de Ar\u00e3o, Nadabe e Abi\u00fa, tomaram cada um seu incens\u00e1rio, e puseram fogo neles, sobre o qual puseram incenso, e ofereceram diante do SENHOR fogo estranho, que ele nunca lhes mandou. 2 E saiu fogo de diante do SENHOR que os queimou, e morreram diante do SENHOR. 3 Ent\u00e3o disse Mois\u00e9s &hellip; <\/p>\n","protected":false},"author":2,"featured_media":713,"parent":712,"menu_order":10,"comment_status":"closed","ping_status":"closed","template":"","meta":{"om_disable_all_campaigns":false,"_monsterinsights_skip_tracking":false,"_monsterinsights_sitenote_active":false,"_monsterinsights_sitenote_note":"","_monsterinsights_sitenote_category":0,"footnotes":""},"class_list":["post-735","page","type-page","status-publish","has-post-thumbnail","hentry"],"aioseo_notices":[],"_links":{"self":[{"href":"https:\/\/bibliapresente.com\/postagens\/wp-json\/wp\/v2\/pages\/735","targetHints":{"allow":["GET"]}}],"collection":[{"href":"https:\/\/bibliapresente.com\/postagens\/wp-json\/wp\/v2\/pages"}],"about":[{"href":"https:\/\/bibliapresente.com\/postagens\/wp-json\/wp\/v2\/types\/page"}],"author":[{"embeddable":true,"href":"https:\/\/bibliapresente.com\/postagens\/wp-json\/wp\/v2\/users\/2"}],"replies":[{"embeddable":true,"href":"https:\/\/bibliapresente.com\/postagens\/wp-json\/wp\/v2\/comments?post=735"}],"version-history":[{"count":5,"href":"https:\/\/bibliapresente.com\/postagens\/wp-json\/wp\/v2\/pages\/735\/revisions"}],"predecessor-version":[{"id":1344,"href":"https:\/\/bibliapresente.com\/postagens\/wp-json\/wp\/v2\/pages\/735\/revisions\/1344"}],"up":[{"embeddable":true,"href":"https:\/\/bibliapresente.com\/postagens\/wp-json\/wp\/v2\/pages\/712"}],"wp:featuredmedia":[{"embeddable":true,"href":"https:\/\/bibliapresente.com\/postagens\/wp-json\/wp\/v2\/media\/713"}],"wp:attachment":[{"href":"https:\/\/bibliapresente.com\/postagens\/wp-json\/wp\/v2\/media?parent=735"}],"curies":[{"name":"wp","href":"https:\/\/api.w.org\/{rel}","templated":true}]}}