{"id":733,"date":"2025-02-03T17:54:46","date_gmt":"2025-02-03T20:54:46","guid":{"rendered":"https:\/\/bibliapresente.com\/postagens\/?page_id=733"},"modified":"2025-02-03T17:54:47","modified_gmt":"2025-02-03T20:54:47","slug":"levitico-9","status":"publish","type":"page","link":"https:\/\/bibliapresente.com\/postagens\/livros-da-biblia\/levitico\/levitico-9\/","title":{"rendered":"Lev\u00edtico 9 &#8211; Primeiro Sacrif\u00edcio de Aar\u00e3o"},"content":{"rendered":"\n<p class=\"has-medium-font-size\" style=\"letter-spacing:1px\"><span><span><sup><b>1<\/b><\/sup><\/span> E foi no dia oitavo, que Mois\u00e9s chamou a Ar\u00e3o e a seus filhos, e aos anci\u00e3os de Israel; <br><span><sup><b>2<\/b><\/sup><\/span> E disse a Ar\u00e3o: Toma das vacas um bezerro para expia\u00e7\u00e3o, e um carneiro para holocausto, sem defeito, e oferece-os diante do SENHOR. <br><span><sup><b>3<\/b><\/sup><\/span> E aos filhos de Israel falar\u00e1s, dizendo: Tomai um bode macho para expia\u00e7\u00e3o, e um bezerro e um cordeiro de ano, sem m\u00e1cula, para holocausto; <br><span><sup><b>4<\/b><\/sup><\/span> Tamb\u00e9m um boi e um carneiro para sacrif\u00edcio pac\u00edfico, que imoleis diante do SENHOR; e uma oferta de cereais amassada com azeite: porque o SENHOR se aparecer\u00e1 hoje a v\u00f3s. <br><span><sup><b>5<\/b><\/sup><\/span> E levaram o que mandou Mois\u00e9s diante do tabern\u00e1culo do testemunho, e chegou-se toda a congrega\u00e7\u00e3o, e puseram-se diante do SENHOR. <br><span><sup><b>6<\/b><\/sup><\/span> Ent\u00e3o Mois\u00e9s disse: Isto \u00e9 o que mandou o SENHOR; fazei-o, e a gl\u00f3ria do SENHOR se vos aparecer\u00e1. <br><span><sup><b>7<\/b><\/sup><\/span> E disse Mois\u00e9s a Ar\u00e3o: Achega-te ao altar, e faze tua expia\u00e7\u00e3o, e teu holocausto, e faze a reconcilia\u00e7\u00e3o por ti e pelo povo: faze tamb\u00e9m a oferta do povo, e faze a reconcilia\u00e7\u00e3o por eles; como mandou o SENHOR. <br><span><sup><b>8<\/b><\/sup><\/span> Ent\u00e3o chegou-se Ar\u00e3o ao altar; e degolou seu bezerro da expia\u00e7\u00e3o que era por ele. <br><span><sup><b>9<\/b><\/sup><\/span> E os filhos de Ar\u00e3o lhe trouxeram o sangue; e ele molhou seu dedo no sangue, e p\u00f4s sobre as pontas do altar, e derramou o resto do sangue ao p\u00e9 do altar; <br><span><sup><b>10<\/b><\/sup><\/span> E a gordura e rins e redenho do f\u00edgado, da expia\u00e7\u00e3o, os fez arder sobre o altar; como o SENHOR o havia mandado a Mois\u00e9s. <br><span><sup><b>11<\/b><\/sup><\/span> Mas a carne e o couro os queimou ao fogo fora do acampamento. <br><span><sup><b>12<\/b><\/sup><\/span> Degolou tamb\u00e9m o holocausto, e os filhos de Ar\u00e3o lhe apresentaram o sangue, a qual espargiu ele ao redor sobre o altar. <br><span><sup><b>13<\/b><\/sup><\/span> Apresentaram-lhe depois o holocausto, em peda\u00e7os, e a cabe\u00e7a; e os fez queimar sobre o altar. <br><span><sup><b>14<\/b><\/sup><\/span> Logo lavou os intestinos e as pernas, e queimou-os sobre o holocausto no altar. <br><span><sup><b>15<\/b><\/sup><\/span> Ofereceu tamb\u00e9m a oferta do povo, e tomou o bode macho que era para a expia\u00e7\u00e3o do povo, e degolou-o, e o ofereceu pelo pecado como o primeiro. <br><span><sup><b>16<\/b><\/sup><\/span> E ofereceu o holocausto, e fez segundo o rito. <br><span><sup><b>17<\/b><\/sup><\/span> Ofereceu tamb\u00e9m a oferta de cereais, e encheu dela sua m\u00e3o, e o fez queimar sobre o altar, tamb\u00e9m do holocausto da manh\u00e3. <br><span><sup><b>18<\/b><\/sup><\/span> Degolou tamb\u00e9m o boi e o carneiro em sacrif\u00edcio pac\u00edfico, que era do povo: e os filhos de Ar\u00e3o lhe apresentaram o sangue (o qual espargiu ele sobre o altar ao redor), <br><span><sup><b>19<\/b><\/sup><\/span> E a gordura do boi; e do carneiro a cauda com o que cobre as entranhas, e os rins, e o redenho do f\u00edgado: <br><span><sup><b>20<\/b><\/sup><\/span> E puseram a gordura sobre os peitos, e ele queimou a gordura sobre o altar: <br><span><sup><b>21<\/b><\/sup><\/span> Por\u00e9m os peitos, com a coxa direita, moveu-os Ar\u00e3o por oferta movida diante do SENHOR; como o SENHOR o havia mandado a Mois\u00e9s. <br><span><sup><b>22<\/b><\/sup><\/span> Depois levantou Ar\u00e3o suas m\u00e3os at\u00e9 o povo e aben\u00e7oou-os: e desceu de fazer a expia\u00e7\u00e3o, e o holocausto, e o sacrif\u00edcio pac\u00edfico. <br><span><sup><b>23<\/b><\/sup><\/span> E entraram Mois\u00e9s e Ar\u00e3o no tabern\u00e1culo do testemunho; e sa\u00edram, e bendisseram ao povo: e a gl\u00f3ria do SENHOR se apareceu a todo o povo. <br><span><sup><b>24<\/b><\/sup><\/span> E saiu fogo de diante do SENHOR, e consumiu o holocausto e a gordura sobre o altar; e vendo-o todo o povo, louvaram, e ca\u00edram sobre seus rostos.<\/span><\/p>\n\n\n\n<div class=\"wp-block-columns is-layout-flex wp-container-core-columns-is-layout-9d6595d7 wp-block-columns-is-layout-flex\">\n<div class=\"wp-block-column is-layout-flow wp-block-column-is-layout-flow\">\n<p><a href=\"\/levitico-8\">Lev\u00edtico 8<\/a><\/p>\n<\/div>\n\n\n\n<div class=\"wp-block-column is-layout-flow wp-block-column-is-layout-flow\">\n<p class=\"has-text-align-right\"><a href=\"\/levitico-10\">Lev\u00edtico 10<\/a><\/p>\n<\/div>\n<\/div>\n\n\n\n<h2 class=\"wp-block-heading\">Descri\u00e7\u00e3o &#8211; Lev\u00edtico 9<\/h2>\n\n\n\n<p class=\"has-medium-font-size\">Lev\u00edtico 9 narra o primeiro dia do sacerd\u00f3cio de Ar\u00e3o e seus filhos, quando oferecem sacrif\u00edcios conforme as ordens de Deus. Mois\u00e9s instrui Ar\u00e3o a apresentar ofertas pelo pecado, holocaustos e sacrif\u00edcios de comunh\u00e3o para expia\u00e7\u00e3o e consagra\u00e7\u00e3o do povo. Ap\u00f3s os rituais, a gl\u00f3ria do Senhor se manifesta, e um fogo divino consome a oferta no altar, confirmando a aprova\u00e7\u00e3o de Deus. Esse evento fortalece a f\u00e9 dos israelitas e estabelece o sacerd\u00f3cio como meio de intercess\u00e3o. No contexto do livro, o cap\u00edtulo destaca a import\u00e2ncia da obedi\u00eancia e da santidade no servi\u00e7o a Deus e no culto comunit\u00e1rio.<\/p>\n\n\n\n<h3 class=\"wp-block-heading\">Livro do Lev\u00edtico:<\/h3>\n\n\n<ul class=\"wp-block-page-list\"><li class=\"wp-block-pages-list__item\"><a class=\"wp-block-pages-list__item__link\" href=\"https:\/\/bibliapresente.com\/postagens\/livros-da-biblia\/levitico\/levitico-1\/\">Lev\u00edtico 1 &#8211; A Oferta do Holocausto<\/a><\/li><li class=\"wp-block-pages-list__item\"><a class=\"wp-block-pages-list__item__link\" href=\"https:\/\/bibliapresente.com\/postagens\/livros-da-biblia\/levitico\/levitico-2\/\">Lev\u00edtico 2 &#8211; A Oferta de Manjares e Gr\u00e3os<\/a><\/li><li class=\"wp-block-pages-list__item\"><a class=\"wp-block-pages-list__item__link\" href=\"https:\/\/bibliapresente.com\/postagens\/livros-da-biblia\/levitico\/levitico-3\/\">Lev\u00edtico 3 &#8211; Oferta Pac\u00edfica e Sacrif\u00edcios<\/a><\/li><li class=\"wp-block-pages-list__item\"><a class=\"wp-block-pages-list__item__link\" href=\"https:\/\/bibliapresente.com\/postagens\/livros-da-biblia\/levitico\/levitico-4\/\">Lev\u00edtico 4 &#8211; A Oferta Pelo Pecado<\/a><\/li><li class=\"wp-block-pages-list__item\"><a class=\"wp-block-pages-list__item__link\" href=\"https:\/\/bibliapresente.com\/postagens\/livros-da-biblia\/levitico\/levitico-5\/\">Lev\u00edtico 5 &#8211; Oferta pela Culpa e Repara\u00e7\u00e3o<\/a><\/li><li class=\"wp-block-pages-list__item\"><a class=\"wp-block-pages-list__item__link\" href=\"https:\/\/bibliapresente.com\/postagens\/livros-da-biblia\/levitico\/levitico-6\/\">Lev\u00edtico 6 &#8211; Leis do Holocausto<\/a><\/li><li class=\"wp-block-pages-list__item\"><a class=\"wp-block-pages-list__item__link\" href=\"https:\/\/bibliapresente.com\/postagens\/livros-da-biblia\/levitico\/levitico-7\/\">Lev\u00edtico 7 &#8211; Ofertas Pac\u00edficas<\/a><\/li><li class=\"wp-block-pages-list__item\"><a class=\"wp-block-pages-list__item__link\" href=\"https:\/\/bibliapresente.com\/postagens\/livros-da-biblia\/levitico\/levitico-8\/\">Lev\u00edtico 8 &#8211; Consagra\u00e7\u00e3o de Aar\u00e3o<\/a><\/li><li class=\"wp-block-pages-list__item\"><a class=\"wp-block-pages-list__item__link\" href=\"https:\/\/bibliapresente.com\/postagens\/livros-da-biblia\/levitico\/levitico-9\/\">Lev\u00edtico 9 &#8211; Primeiro Sacrif\u00edcio de Aar\u00e3o<\/a><\/li><li class=\"wp-block-pages-list__item\"><a class=\"wp-block-pages-list__item__link\" href=\"https:\/\/bibliapresente.com\/postagens\/livros-da-biblia\/levitico\/levitico-10\/\">Lev\u00edtico 10 &#8211; Nadabe e Abi\u00fa<\/a><\/li><li class=\"wp-block-pages-list__item\"><a class=\"wp-block-pages-list__item__link\" href=\"https:\/\/bibliapresente.com\/postagens\/livros-da-biblia\/levitico\/levitico-11\/\">Lev\u00edtico 11 &#8211; Animais Puros e Impuros<\/a><\/li><li class=\"wp-block-pages-list__item\"><a class=\"wp-block-pages-list__item__link\" href=\"https:\/\/bibliapresente.com\/postagens\/livros-da-biblia\/levitico\/levitico-12\/\">Lev\u00edtico 12 &#8211; Purifica\u00e7\u00e3o ap\u00f3s o Parto<\/a><\/li><li class=\"wp-block-pages-list__item\"><a class=\"wp-block-pages-list__item__link\" href=\"https:\/\/bibliapresente.com\/postagens\/livros-da-biblia\/levitico\/levitico-13\/\">Lev\u00edtico 13 &#8211; Lepra e Diagn\u00f3stico<\/a><\/li><li class=\"wp-block-pages-list__item\"><a class=\"wp-block-pages-list__item__link\" href=\"https:\/\/bibliapresente.com\/postagens\/livros-da-biblia\/levitico\/levitico-14\/\">Lev\u00edtico 14 &#8211; Purifica\u00e7\u00e3o do Leproso<\/a><\/li><li class=\"wp-block-pages-list__item\"><a class=\"wp-block-pages-list__item__link\" href=\"https:\/\/bibliapresente.com\/postagens\/livros-da-biblia\/levitico\/levitico-15\/\">Lev\u00edtico 15 &#8211; Fluxos Corporais e Impureza<\/a><\/li><li class=\"wp-block-pages-list__item\"><a class=\"wp-block-pages-list__item__link\" href=\"https:\/\/bibliapresente.com\/postagens\/livros-da-biblia\/levitico\/levitico-16\/\">Lev\u00edtico 16 &#8211; Yom Kipur: O Dia da Expia\u00e7\u00e3o<\/a><\/li><li class=\"wp-block-pages-list__item\"><a class=\"wp-block-pages-list__item__link\" href=\"https:\/\/bibliapresente.com\/postagens\/livros-da-biblia\/levitico\/levitico-17\/\">Lev\u00edtico 17 &#8211; A Proibi\u00e7\u00e3o de Comer Sangue<\/a><\/li><li class=\"wp-block-pages-list__item\"><a class=\"wp-block-pages-list__item__link\" href=\"https:\/\/bibliapresente.com\/postagens\/livros-da-biblia\/levitico\/levitico-18\/\">Lev\u00edtico 18 &#8211; Leis sobre Imoralidade<\/a><\/li><li class=\"wp-block-pages-list__item\"><a class=\"wp-block-pages-list__item__link\" href=\"https:\/\/bibliapresente.com\/postagens\/livros-da-biblia\/levitico\/levitico-19\/\">Lev\u00edtico 19 &#8211; Leis de Santidade<\/a><\/li><li class=\"wp-block-pages-list__item\"><a class=\"wp-block-pages-list__item__link\" href=\"https:\/\/bibliapresente.com\/postagens\/livros-da-biblia\/levitico\/levitico-20\/\">Lev\u00edtico 20 &#8211; Puni\u00e7\u00f5es para Pecados Graves<\/a><\/li><li class=\"wp-block-pages-list__item\"><a class=\"wp-block-pages-list__item__link\" href=\"https:\/\/bibliapresente.com\/postagens\/livros-da-biblia\/levitico\/levitico-21\/\">Lev\u00edtico 21 &#8211; Regras para Sacerdotes<\/a><\/li><li class=\"wp-block-pages-list__item\"><a class=\"wp-block-pages-list__item__link\" href=\"https:\/\/bibliapresente.com\/postagens\/livros-da-biblia\/levitico\/levitico-22\/\">Lev\u00edtico 22 &#8211; A Aceita\u00e7\u00e3o de Ofertas<\/a><\/li><li class=\"wp-block-pages-list__item\"><a class=\"wp-block-pages-list__item__link\" href=\"https:\/\/bibliapresente.com\/postagens\/livros-da-biblia\/levitico\/levitico-23\/\">Lev\u00edtico 23 &#8211; As Festas Sagradas<\/a><\/li><li class=\"wp-block-pages-list__item\"><a class=\"wp-block-pages-list__item__link\" href=\"https:\/\/bibliapresente.com\/postagens\/livros-da-biblia\/levitico\/levitico-24\/\">Lev\u00edtico 24 &#8211; O Castigo pela Blasf\u00eamia<\/a><\/li><li class=\"wp-block-pages-list__item\"><a class=\"wp-block-pages-list__item__link\" href=\"https:\/\/bibliapresente.com\/postagens\/livros-da-biblia\/levitico\/levitico-25\/\">Lev\u00edtico 25 &#8211; O Ano Sab\u00e1tico e o Jubileu<\/a><\/li><li class=\"wp-block-pages-list__item\"><a class=\"wp-block-pages-list__item__link\" href=\"https:\/\/bibliapresente.com\/postagens\/livros-da-biblia\/levitico\/levitico-26\/\">Lev\u00edtico 26 &#8211; B\u00ean\u00e7\u00e3os e Maldi\u00e7\u00f5es pela Lei<\/a><\/li><li class=\"wp-block-pages-list__item\"><a class=\"wp-block-pages-list__item__link\" href=\"https:\/\/bibliapresente.com\/postagens\/livros-da-biblia\/levitico\/levitico-27\/\">Lev\u00edtico 27 &#8211; Leis sobre Votos e D\u00edzimos<\/a><\/li><\/ul>\n\n\n<p><\/p>\n","protected":false},"excerpt":{"rendered":"<p>1 E foi no dia oitavo, que Mois\u00e9s chamou a Ar\u00e3o e a seus filhos, e aos anci\u00e3os de Israel; 2 E disse a Ar\u00e3o: Toma das vacas um bezerro para expia\u00e7\u00e3o, e um carneiro para holocausto, sem defeito, e oferece-os diante do SENHOR. 3 E aos filhos de Israel falar\u00e1s, dizendo: Tomai um bode &hellip; <\/p>\n","protected":false},"author":2,"featured_media":713,"parent":712,"menu_order":9,"comment_status":"closed","ping_status":"closed","template":"","meta":{"om_disable_all_campaigns":false,"_monsterinsights_skip_tracking":false,"_monsterinsights_sitenote_active":false,"_monsterinsights_sitenote_note":"","_monsterinsights_sitenote_category":0,"footnotes":""},"class_list":["post-733","page","type-page","status-publish","has-post-thumbnail","hentry"],"aioseo_notices":[],"_links":{"self":[{"href":"https:\/\/bibliapresente.com\/postagens\/wp-json\/wp\/v2\/pages\/733","targetHints":{"allow":["GET"]}}],"collection":[{"href":"https:\/\/bibliapresente.com\/postagens\/wp-json\/wp\/v2\/pages"}],"about":[{"href":"https:\/\/bibliapresente.com\/postagens\/wp-json\/wp\/v2\/types\/page"}],"author":[{"embeddable":true,"href":"https:\/\/bibliapresente.com\/postagens\/wp-json\/wp\/v2\/users\/2"}],"replies":[{"embeddable":true,"href":"https:\/\/bibliapresente.com\/postagens\/wp-json\/wp\/v2\/comments?post=733"}],"version-history":[{"count":5,"href":"https:\/\/bibliapresente.com\/postagens\/wp-json\/wp\/v2\/pages\/733\/revisions"}],"predecessor-version":[{"id":1343,"href":"https:\/\/bibliapresente.com\/postagens\/wp-json\/wp\/v2\/pages\/733\/revisions\/1343"}],"up":[{"embeddable":true,"href":"https:\/\/bibliapresente.com\/postagens\/wp-json\/wp\/v2\/pages\/712"}],"wp:featuredmedia":[{"embeddable":true,"href":"https:\/\/bibliapresente.com\/postagens\/wp-json\/wp\/v2\/media\/713"}],"wp:attachment":[{"href":"https:\/\/bibliapresente.com\/postagens\/wp-json\/wp\/v2\/media?parent=733"}],"curies":[{"name":"wp","href":"https:\/\/api.w.org\/{rel}","templated":true}]}}