{"id":731,"date":"2025-02-03T17:53:13","date_gmt":"2025-02-03T20:53:13","guid":{"rendered":"https:\/\/bibliapresente.com\/postagens\/?page_id=731"},"modified":"2025-02-03T17:53:13","modified_gmt":"2025-02-03T20:53:13","slug":"levitico-8","status":"publish","type":"page","link":"https:\/\/bibliapresente.com\/postagens\/livros-da-biblia\/levitico\/levitico-8\/","title":{"rendered":"Lev\u00edtico 8 &#8211; Consagra\u00e7\u00e3o de Aar\u00e3o"},"content":{"rendered":"\n<p class=\"has-medium-font-size\" style=\"letter-spacing:1px\"><span><span><sup><b>1<\/b><\/sup><\/span> E falou o SENHOR a Mois\u00e9s, dizendo: <br><span><sup><b>2<\/b><\/sup><\/span> Toma a Ar\u00e3o e a seus filhos com ele, e as vestimentas, e o azeite da un\u00e7\u00e3o, e o bezerro da expia\u00e7\u00e3o, e os dois carneiros, e o cesto dos p\u00e3es \u00e1zimos; <br><span><sup><b>3<\/b><\/sup><\/span> E re\u00fane toda a congrega\u00e7\u00e3o \u00e0 porta do tabern\u00e1culo do testemunho. <br><span><sup><b>4<\/b><\/sup><\/span> Fez, pois, Mois\u00e9s como o SENHOR lhe mandou, e juntou-se a congrega\u00e7\u00e3o \u00e0 porta do tabern\u00e1culo do testemunho. <br><span><sup><b>5<\/b><\/sup><\/span> E disse Mois\u00e9s \u00e0 congrega\u00e7\u00e3o: Isto \u00e9 o que o SENHOR mandou fazer. <br><span><sup><b>6<\/b><\/sup><\/span> Ent\u00e3o Mois\u00e9s fez chegar a Ar\u00e3o e a seus filhos, e lavou-os com \u00e1gua. <br><span><sup><b>7<\/b><\/sup><\/span> E p\u00f4s sobre ele a t\u00fanica, e cingiu-o com o cinto; vestiu-lhe depois o manto, e p\u00f4s sobre ele o \u00e9fode, e cingiu-o com o cinto do \u00e9fode, e ajustou-o com ele. <br><span><sup><b>8<\/b><\/sup><\/span> P\u00f4s-lhe logo encima o peitoral, e nele p\u00f4s o Urim e Tumim. <br><span><sup><b>9<\/b><\/sup><\/span> Depois p\u00f4s a mitra sobre sua cabe\u00e7a; e sobre a mitra em sua frente dianteira p\u00f4s a placa de ouro, a coroa santa; como o SENHOR havia mandado a Mois\u00e9s. <br><span><sup><b>10<\/b><\/sup><\/span> E tomou Mois\u00e9s o azeite da un\u00e7\u00e3o, e ungiu o tabern\u00e1culo, e todas as coisas que estavam nele, e santificou-as. <br><span><sup><b>11<\/b><\/sup><\/span> E espargiu dele sobre o altar sete vezes, e ungiu o altar e todos os seus utens\u00edlios, e a pia e sua base, para santific\u00e1-los. <br><span><sup><b>12<\/b><\/sup><\/span> E derramou do azeite da un\u00e7\u00e3o sobre a cabe\u00e7a de Ar\u00e3o, e ungiu-o para santific\u00e1-lo. <br><span><sup><b>13<\/b><\/sup><\/span> Depois Mois\u00e9s fez chegar os filhos de Ar\u00e3o, e vestiu-lhes as t\u00fanicas, e cingiu-os com cintos, e ajustou-lhes as tiaras), como o SENHOR o havia mandado a Mois\u00e9s. <br><span><sup><b>14<\/b><\/sup><\/span> Fez logo chegar o bezerro da expia\u00e7\u00e3o, e Ar\u00e3o e seus filhos puseram suas m\u00e3os sobre a cabe\u00e7a do bezerro da expia\u00e7\u00e3o. <br><span><sup><b>15<\/b><\/sup><\/span> E degolou-o; e Mois\u00e9s tomou o sangue, e p\u00f4s com seu dedo sobre as pontas do altar ao redor, e purificou o altar; e lan\u00e7ou o resto do sangue ao p\u00e9 do altar, e santificou-o para fazer reconcilia\u00e7\u00e3o sobre ele. <br><span><sup><b>16<\/b><\/sup><\/span> Depois tomou toda a gordura que estava sobre os intestinos, e o redenho do f\u00edgado, e os dois rins, e a gordura deles, e o fez Mois\u00e9s arder sobre o altar. <br><span><sup><b>17<\/b><\/sup><\/span> Mas o bezerro, e seu couro, e sua carne, e seu excremento, queimou-o ao fogo fora do acampamento; como o SENHOR o havia mandado a Mois\u00e9s. <br><span><sup><b>18<\/b><\/sup><\/span> Depois fez chegar o carneiro do holocausto, e Ar\u00e3o e seus filhos puseram suas m\u00e3os sobre a cabe\u00e7a do carneiro: <br><span><sup><b>19<\/b><\/sup><\/span> E degolou-o; e espargiu Mois\u00e9s o sangue sobre o altar em derredor. <br><span><sup><b>20<\/b><\/sup><\/span> E cortou o carneiro em peda\u00e7os; e Mois\u00e9s fez arder a cabe\u00e7a, e os peda\u00e7os, e a gordura. <br><span><sup><b>21<\/b><\/sup><\/span> Lavou logo com \u00e1gua os intestinos e pernas, e queimou Mois\u00e9s todo o carneiro sobre o altar: holocausto em cheiro suave, oferta acesa ao SENHOR; como o havia o SENHOR mandado a Mois\u00e9s. <br><span><sup><b>22<\/b><\/sup><\/span> Depois fez chegar o outro carneiro, o carneiro das consagra\u00e7\u00f5es, e Ar\u00e3o e seus filhos puseram suas m\u00e3os sobre a cabe\u00e7a do carneiro: <br><span><sup><b>23<\/b><\/sup><\/span> E degolou-o; e tomou Mois\u00e9s de seu sangue, e p\u00f4s sobre a ponta da orelha direita de Ar\u00e3o, e sobre o dedo polegar de sua m\u00e3o direita, e sobre o dedo polegar de seu p\u00e9 direito. <br><span><sup><b>24<\/b><\/sup><\/span> Fez chegar logo os filhos de Ar\u00e3o, e p\u00f4s Mois\u00e9s do sangue sobre a ponta de suas orelhas direitas, e sobre os polegares de suas m\u00e3os direitas, e sobre os polegares de seus p\u00e9s direitos: e espargiu Mois\u00e9s o sangue sobre o altar em derredor; <br><span><sup><b>25<\/b><\/sup><\/span> E depois tomou a gordura, e a cauda, e toda a gordura que estava sobre os intestinos, e o redenho do f\u00edgado, e os dois rins, e a gordura deles, e a coxa direita; <br><span><sup><b>26<\/b><\/sup><\/span> E do cesto dos p\u00e3es \u00e1zimos, que estava diante do SENHOR, tomou uma torta sem levedura, e uma torta de p\u00e3o de azeite, e um bolo, e o p\u00f4s com a gordura e com a coxa direita; <br><span><sup><b>27<\/b><\/sup><\/span> E o p\u00f4s tudo nas m\u00e3os de Ar\u00e3o, e nas m\u00e3os de seus filhos, e o fez mover: oferta agitada diante do SENHOR. <br><span><sup><b>28<\/b><\/sup><\/span> Depois tomou aquelas coisas Mois\u00e9s das m\u00e3os deles, e as fez arder no altar sobre o holocausto: as consagra\u00e7\u00f5es em cheiro suave, oferta acesa ao SENHOR. <br><span><sup><b>29<\/b><\/sup><\/span> E tomou Mois\u00e9s o peito, e moveu-o, oferta movida diante do SENHOR: do carneiro das consagra\u00e7\u00f5es aquela foi a parte de Mois\u00e9s; como o SENHOR o havia mandado a Mois\u00e9s. <br><span><sup><b>30<\/b><\/sup><\/span> Logo tomou Mois\u00e9s do azeite da un\u00e7\u00e3o, e do sangue que estava sobre o altar, e espargiu sobre Ar\u00e3o, e sobre suas vestiduras, sobre seus filhos, e sobre as vestiduras de seus filhos com ele; e santificou a Ar\u00e3o, e suas vestiduras, e a seus filhos, e as vestiduras de seus filhos com ele. <br><span><sup><b>31<\/b><\/sup><\/span> E disse Mois\u00e9s a Ar\u00e3o e a seus filhos: Comei a carne \u00e0 porta do tabern\u00e1culo do testemunho; e comei-a ali com o p\u00e3o que est\u00e1 no cesto das consagra\u00e7\u00f5es, segundo eu mandei, dizendo: Ar\u00e3o e seus filhos a comer\u00e3o. <br><span><sup><b>32<\/b><\/sup><\/span> E o que sobrar da carne e do p\u00e3o, queimareis ao fogo. <br><span><sup><b>33<\/b><\/sup><\/span> Da porta do tabern\u00e1culo do testemunho n\u00e3o saireis em sete dias, at\u00e9 o dia que se cumprirem os dias de vossas consagra\u00e7\u00f5es: porque por sete dias sereis consagrados. <br><span><sup><b>34<\/b><\/sup><\/span> Da maneira que hoje se fez, mandou fazer o SENHOR para expiar-vos. <br><span><sup><b>35<\/b><\/sup><\/span> \u00c0 porta, pois, do tabern\u00e1culo do testemunho estareis dia e noite por sete dias, e guardareis a ordenan\u00e7a diante do SENHOR, para que n\u00e3o morrais; porque assim me foi mandado. <br><span><sup><b>36<\/b><\/sup><\/span> E Ar\u00e3o e seus filhos fizeram todas as coisas que mandou o SENHOR por meio de Mois\u00e9s.<\/span><\/p>\n\n\n\n<div class=\"wp-block-columns is-layout-flex wp-container-core-columns-is-layout-9d6595d7 wp-block-columns-is-layout-flex\">\n<div class=\"wp-block-column is-layout-flow wp-block-column-is-layout-flow\">\n<p><a href=\"\/levitico-7\">Lev\u00edtico 7<\/a><\/p>\n<\/div>\n\n\n\n<div class=\"wp-block-column is-layout-flow wp-block-column-is-layout-flow\">\n<p class=\"has-text-align-right\"><a href=\"\/levitico-9\">Lev\u00edtico 9<\/a><\/p>\n<\/div>\n<\/div>\n\n\n\n<h2 class=\"wp-block-heading\">Descri\u00e7\u00e3o &#8211; Lev\u00edtico 8<\/h2>\n\n\n\n<p class=\"has-medium-font-size\">Lev\u00edtico 8 descreve a consagra\u00e7\u00e3o de Ar\u00e3o e seus filhos como sacerdotes de Israel, seguindo as instru\u00e7\u00f5es dadas por Deus a Mois\u00e9s. O cap\u00edtulo detalha o processo de un\u00e7\u00e3o, vestimenta e sacrif\u00edcios necess\u00e1rios para a purifica\u00e7\u00e3o e dedica\u00e7\u00e3o ao servi\u00e7o sagrado. Mois\u00e9s unge Ar\u00e3o com \u00f3leo e oferece sacrif\u00edcios para expia\u00e7\u00e3o dos pecados, estabelecendo o sacerd\u00f3cio como um minist\u00e9rio santo. Esse evento marca o in\u00edcio oficial do servi\u00e7o no Tabern\u00e1culo. No contexto do livro, Lev\u00edtico 8 refor\u00e7a a import\u00e2ncia da santidade e da obedi\u00eancia nas fun\u00e7\u00f5es sacerdotais, garantindo que Israel tenha l\u00edderes espirituais preparados para interceder diante de Deus.<\/p>\n\n\n\n<h3 class=\"wp-block-heading\">Livro do Lev\u00edtico:<\/h3>\n\n\n<ul class=\"wp-block-page-list\"><li class=\"wp-block-pages-list__item\"><a class=\"wp-block-pages-list__item__link\" href=\"https:\/\/bibliapresente.com\/postagens\/livros-da-biblia\/levitico\/levitico-1\/\">Lev\u00edtico 1 &#8211; A Oferta do Holocausto<\/a><\/li><li class=\"wp-block-pages-list__item\"><a class=\"wp-block-pages-list__item__link\" href=\"https:\/\/bibliapresente.com\/postagens\/livros-da-biblia\/levitico\/levitico-2\/\">Lev\u00edtico 2 &#8211; A Oferta de Manjares e Gr\u00e3os<\/a><\/li><li class=\"wp-block-pages-list__item\"><a class=\"wp-block-pages-list__item__link\" href=\"https:\/\/bibliapresente.com\/postagens\/livros-da-biblia\/levitico\/levitico-3\/\">Lev\u00edtico 3 &#8211; Oferta Pac\u00edfica e Sacrif\u00edcios<\/a><\/li><li class=\"wp-block-pages-list__item\"><a class=\"wp-block-pages-list__item__link\" href=\"https:\/\/bibliapresente.com\/postagens\/livros-da-biblia\/levitico\/levitico-4\/\">Lev\u00edtico 4 &#8211; A Oferta Pelo Pecado<\/a><\/li><li class=\"wp-block-pages-list__item\"><a class=\"wp-block-pages-list__item__link\" href=\"https:\/\/bibliapresente.com\/postagens\/livros-da-biblia\/levitico\/levitico-5\/\">Lev\u00edtico 5 &#8211; Oferta pela Culpa e Repara\u00e7\u00e3o<\/a><\/li><li class=\"wp-block-pages-list__item\"><a class=\"wp-block-pages-list__item__link\" href=\"https:\/\/bibliapresente.com\/postagens\/livros-da-biblia\/levitico\/levitico-6\/\">Lev\u00edtico 6 &#8211; Leis do Holocausto<\/a><\/li><li class=\"wp-block-pages-list__item\"><a class=\"wp-block-pages-list__item__link\" href=\"https:\/\/bibliapresente.com\/postagens\/livros-da-biblia\/levitico\/levitico-7\/\">Lev\u00edtico 7 &#8211; Ofertas Pac\u00edficas<\/a><\/li><li class=\"wp-block-pages-list__item\"><a class=\"wp-block-pages-list__item__link\" href=\"https:\/\/bibliapresente.com\/postagens\/livros-da-biblia\/levitico\/levitico-8\/\">Lev\u00edtico 8 &#8211; Consagra\u00e7\u00e3o de Aar\u00e3o<\/a><\/li><li class=\"wp-block-pages-list__item\"><a class=\"wp-block-pages-list__item__link\" href=\"https:\/\/bibliapresente.com\/postagens\/livros-da-biblia\/levitico\/levitico-9\/\">Lev\u00edtico 9 &#8211; Primeiro Sacrif\u00edcio de Aar\u00e3o<\/a><\/li><li class=\"wp-block-pages-list__item\"><a class=\"wp-block-pages-list__item__link\" href=\"https:\/\/bibliapresente.com\/postagens\/livros-da-biblia\/levitico\/levitico-10\/\">Lev\u00edtico 10 &#8211; Nadabe e Abi\u00fa<\/a><\/li><li class=\"wp-block-pages-list__item\"><a class=\"wp-block-pages-list__item__link\" href=\"https:\/\/bibliapresente.com\/postagens\/livros-da-biblia\/levitico\/levitico-11\/\">Lev\u00edtico 11 &#8211; Animais Puros e Impuros<\/a><\/li><li class=\"wp-block-pages-list__item\"><a class=\"wp-block-pages-list__item__link\" href=\"https:\/\/bibliapresente.com\/postagens\/livros-da-biblia\/levitico\/levitico-12\/\">Lev\u00edtico 12 &#8211; Purifica\u00e7\u00e3o ap\u00f3s o Parto<\/a><\/li><li class=\"wp-block-pages-list__item\"><a class=\"wp-block-pages-list__item__link\" href=\"https:\/\/bibliapresente.com\/postagens\/livros-da-biblia\/levitico\/levitico-13\/\">Lev\u00edtico 13 &#8211; Lepra e Diagn\u00f3stico<\/a><\/li><li class=\"wp-block-pages-list__item\"><a class=\"wp-block-pages-list__item__link\" href=\"https:\/\/bibliapresente.com\/postagens\/livros-da-biblia\/levitico\/levitico-14\/\">Lev\u00edtico 14 &#8211; Purifica\u00e7\u00e3o do Leproso<\/a><\/li><li class=\"wp-block-pages-list__item\"><a class=\"wp-block-pages-list__item__link\" href=\"https:\/\/bibliapresente.com\/postagens\/livros-da-biblia\/levitico\/levitico-15\/\">Lev\u00edtico 15 &#8211; Fluxos Corporais e Impureza<\/a><\/li><li class=\"wp-block-pages-list__item\"><a class=\"wp-block-pages-list__item__link\" href=\"https:\/\/bibliapresente.com\/postagens\/livros-da-biblia\/levitico\/levitico-16\/\">Lev\u00edtico 16 &#8211; Yom Kipur: O Dia da Expia\u00e7\u00e3o<\/a><\/li><li class=\"wp-block-pages-list__item\"><a class=\"wp-block-pages-list__item__link\" href=\"https:\/\/bibliapresente.com\/postagens\/livros-da-biblia\/levitico\/levitico-17\/\">Lev\u00edtico 17 &#8211; A Proibi\u00e7\u00e3o de Comer Sangue<\/a><\/li><li class=\"wp-block-pages-list__item\"><a class=\"wp-block-pages-list__item__link\" href=\"https:\/\/bibliapresente.com\/postagens\/livros-da-biblia\/levitico\/levitico-18\/\">Lev\u00edtico 18 &#8211; Leis sobre Imoralidade<\/a><\/li><li class=\"wp-block-pages-list__item\"><a class=\"wp-block-pages-list__item__link\" href=\"https:\/\/bibliapresente.com\/postagens\/livros-da-biblia\/levitico\/levitico-19\/\">Lev\u00edtico 19 &#8211; Leis de Santidade<\/a><\/li><li class=\"wp-block-pages-list__item\"><a class=\"wp-block-pages-list__item__link\" href=\"https:\/\/bibliapresente.com\/postagens\/livros-da-biblia\/levitico\/levitico-20\/\">Lev\u00edtico 20 &#8211; Puni\u00e7\u00f5es para Pecados Graves<\/a><\/li><li class=\"wp-block-pages-list__item\"><a class=\"wp-block-pages-list__item__link\" href=\"https:\/\/bibliapresente.com\/postagens\/livros-da-biblia\/levitico\/levitico-21\/\">Lev\u00edtico 21 &#8211; Regras para Sacerdotes<\/a><\/li><li class=\"wp-block-pages-list__item\"><a class=\"wp-block-pages-list__item__link\" href=\"https:\/\/bibliapresente.com\/postagens\/livros-da-biblia\/levitico\/levitico-22\/\">Lev\u00edtico 22 &#8211; A Aceita\u00e7\u00e3o de Ofertas<\/a><\/li><li class=\"wp-block-pages-list__item\"><a class=\"wp-block-pages-list__item__link\" href=\"https:\/\/bibliapresente.com\/postagens\/livros-da-biblia\/levitico\/levitico-23\/\">Lev\u00edtico 23 &#8211; As Festas Sagradas<\/a><\/li><li class=\"wp-block-pages-list__item\"><a class=\"wp-block-pages-list__item__link\" href=\"https:\/\/bibliapresente.com\/postagens\/livros-da-biblia\/levitico\/levitico-24\/\">Lev\u00edtico 24 &#8211; O Castigo pela Blasf\u00eamia<\/a><\/li><li class=\"wp-block-pages-list__item\"><a class=\"wp-block-pages-list__item__link\" href=\"https:\/\/bibliapresente.com\/postagens\/livros-da-biblia\/levitico\/levitico-25\/\">Lev\u00edtico 25 &#8211; O Ano Sab\u00e1tico e o Jubileu<\/a><\/li><li class=\"wp-block-pages-list__item\"><a class=\"wp-block-pages-list__item__link\" href=\"https:\/\/bibliapresente.com\/postagens\/livros-da-biblia\/levitico\/levitico-26\/\">Lev\u00edtico 26 &#8211; B\u00ean\u00e7\u00e3os e Maldi\u00e7\u00f5es pela Lei<\/a><\/li><li class=\"wp-block-pages-list__item\"><a class=\"wp-block-pages-list__item__link\" href=\"https:\/\/bibliapresente.com\/postagens\/livros-da-biblia\/levitico\/levitico-27\/\">Lev\u00edtico 27 &#8211; Leis sobre Votos e D\u00edzimos<\/a><\/li><\/ul>\n\n\n<p><\/p>\n","protected":false},"excerpt":{"rendered":"<p>1 E falou o SENHOR a Mois\u00e9s, dizendo: 2 Toma a Ar\u00e3o e a seus filhos com ele, e as vestimentas, e o azeite da un\u00e7\u00e3o, e o bezerro da expia\u00e7\u00e3o, e os dois carneiros, e o cesto dos p\u00e3es \u00e1zimos; 3 E re\u00fane toda a congrega\u00e7\u00e3o \u00e0 porta do tabern\u00e1culo do testemunho. 4 Fez, &hellip; <\/p>\n","protected":false},"author":2,"featured_media":713,"parent":712,"menu_order":8,"comment_status":"closed","ping_status":"closed","template":"","meta":{"om_disable_all_campaigns":false,"_monsterinsights_skip_tracking":false,"_monsterinsights_sitenote_active":false,"_monsterinsights_sitenote_note":"","_monsterinsights_sitenote_category":0,"footnotes":""},"class_list":["post-731","page","type-page","status-publish","has-post-thumbnail","hentry"],"aioseo_notices":[],"_links":{"self":[{"href":"https:\/\/bibliapresente.com\/postagens\/wp-json\/wp\/v2\/pages\/731","targetHints":{"allow":["GET"]}}],"collection":[{"href":"https:\/\/bibliapresente.com\/postagens\/wp-json\/wp\/v2\/pages"}],"about":[{"href":"https:\/\/bibliapresente.com\/postagens\/wp-json\/wp\/v2\/types\/page"}],"author":[{"embeddable":true,"href":"https:\/\/bibliapresente.com\/postagens\/wp-json\/wp\/v2\/users\/2"}],"replies":[{"embeddable":true,"href":"https:\/\/bibliapresente.com\/postagens\/wp-json\/wp\/v2\/comments?post=731"}],"version-history":[{"count":5,"href":"https:\/\/bibliapresente.com\/postagens\/wp-json\/wp\/v2\/pages\/731\/revisions"}],"predecessor-version":[{"id":1342,"href":"https:\/\/bibliapresente.com\/postagens\/wp-json\/wp\/v2\/pages\/731\/revisions\/1342"}],"up":[{"embeddable":true,"href":"https:\/\/bibliapresente.com\/postagens\/wp-json\/wp\/v2\/pages\/712"}],"wp:featuredmedia":[{"embeddable":true,"href":"https:\/\/bibliapresente.com\/postagens\/wp-json\/wp\/v2\/media\/713"}],"wp:attachment":[{"href":"https:\/\/bibliapresente.com\/postagens\/wp-json\/wp\/v2\/media?parent=731"}],"curies":[{"name":"wp","href":"https:\/\/api.w.org\/{rel}","templated":true}]}}