{"id":728,"date":"2025-02-03T17:52:07","date_gmt":"2025-02-03T20:52:07","guid":{"rendered":"https:\/\/bibliapresente.com\/postagens\/?page_id=728"},"modified":"2025-02-03T17:53:46","modified_gmt":"2025-02-03T20:53:46","slug":"levitico-7","status":"publish","type":"page","link":"https:\/\/bibliapresente.com\/postagens\/livros-da-biblia\/levitico\/levitico-7\/","title":{"rendered":"Lev\u00edtico 7 &#8211; Ofertas Pac\u00edficas"},"content":{"rendered":"\n<p class=\"has-medium-font-size\" style=\"letter-spacing:1px\"><span><span><sup><b>1<\/b><\/sup><\/span> Assim esta \u00e9 a lei da expia\u00e7\u00e3o da culpa: \u00e9 coisa muito santa. <br><span><sup><b>2<\/b><\/sup><\/span> No lugar onde degolarem o holocausto, degolar\u00e3o o sacrif\u00edcio pela culpa. E espargir\u00e1 seu sangue em derredor sobre o altar: <br><span><sup><b>3<\/b><\/sup><\/span> E dela oferecer\u00e1 toda a sua gordura, a cauda, e a gordura que cobre os intestinos. <br><span><sup><b>4<\/b><\/sup><\/span> E os dois rins, e a gordura que est\u00e1 sobre eles, e o que est\u00e1 sobre os lombos. E com os rins tirar\u00e1 o redenho de sobre o f\u00edgado. <br><span><sup><b>5<\/b><\/sup><\/span> E o sacerdote o far\u00e1 arder sobre o altar; oferta acesa ao SENHOR: \u00e9 expia\u00e7\u00e3o da culpa. <br><span><sup><b>6<\/b><\/sup><\/span> Todo homem dentre os sacerdotes a comer\u00e1: ser\u00e1 comida no lugar santo: \u00e9 coisa muito santa. <br><span><sup><b>7<\/b><\/sup><\/span> Como a expia\u00e7\u00e3o pelo pecado, assim \u00e9 a expia\u00e7\u00e3o da culpa: uma mesma lei ter\u00e3o: ser\u00e1 do sacerdote que haver\u00e1 feito a reconcilia\u00e7\u00e3o com ela. <br><span><sup><b>8<\/b><\/sup><\/span> E o sacerdote que oferecer holocausto de algu\u00e9m, o couro do holocausto que oferecer, ser\u00e1 para ele. <br><span><sup><b>9<\/b><\/sup><\/span> Tamb\u00e9m toda oferta de cereais que se cozer em forno, e tudo o que for preparado em panela, ou em frigideira, ser\u00e1 do sacerdote que o oferecer. <br><span><sup><b>10<\/b><\/sup><\/span> E toda oferta de cereais amassada com azeite, e seca, ser\u00e1 de todos os filhos de Ar\u00e3o, tanto ao um como ao outro. <br><span><sup><b>11<\/b><\/sup><\/span> E esta \u00e9 a lei do sacrif\u00edcio pac\u00edfico, que se oferecer\u00e1 ao SENHOR: <br><span><sup><b>12<\/b><\/sup><\/span> Se se oferecer em a\u00e7\u00e3o de gra\u00e7as, oferecer\u00e1 por sacrif\u00edcio de a\u00e7\u00e3o de gra\u00e7as tortas sem levedura amassadas com azeite. E massas sem levedura untadas com azeite, e flor de farinha frita em tortas amassadas com azeite. <br><span><sup><b>13<\/b><\/sup><\/span> Com tortas de p\u00e3o levedado oferecer\u00e1 sua oferta no sacrif\u00edcio de a\u00e7\u00e3o de gra\u00e7as de suas pazes. <br><span><sup><b>14<\/b><\/sup><\/span> E de toda a oferta apresentar\u00e1 uma parte para oferta elevada ao SENHOR, e ser\u00e1 do sacerdote que espargir o sangue das ofertas pac\u00edficas. <br><span><sup><b>15<\/b><\/sup><\/span> E a carne do sacrif\u00edcio de suas ofertas pac\u00edficas em a\u00e7\u00e3o de gra\u00e7as, se comer\u00e1 no dia que for oferecida. N\u00e3o deixar\u00e3o dela nada para outro dia. <br><span><sup><b>16<\/b><\/sup><\/span> Mas se o sacrif\u00edcio de sua oferta for voto, ou volunt\u00e1rio, no dia que oferecer seu sacrif\u00edcio ser\u00e1 comido; e o que dele restar, ser\u00e1 comido no dia seguinte: <br><span><sup><b>17<\/b><\/sup><\/span> E o que restar para o terceiro dia da carne do sacrif\u00edcio, ser\u00e1 queimado no fogo. <br><span><sup><b>18<\/b><\/sup><\/span> E se se comer da carne do sacrif\u00edcio de suas pazes no terceiro dia, o que o oferecer n\u00e3o ser\u00e1 aceito, nem lhe ser\u00e1 imputado. Abomina\u00e7\u00e3o ser\u00e1, e a pessoa que dele comer levar\u00e1 seu pecado. <br><span><sup><b>19<\/b><\/sup><\/span> E a carne que tocar a alguma coisa impura, n\u00e3o se comer\u00e1; ao fogo ser\u00e1 queimada; mas qualquer limpo comer\u00e1 desta carne. <br><span><sup><b>20<\/b><\/sup><\/span> E a pessoa que comer a carne do sacrif\u00edcio pac\u00edfico, o qual \u00e9 do SENHOR, estando impura, aquela pessoa ser\u00e1 eliminada de seus povos. <br><span><sup><b>21<\/b><\/sup><\/span> Al\u00e9m disso, a pessoa que tocar alguma coisa impura, em impureza de homem, ou em animal impuro, ou em qualquer abomina\u00e7\u00e3o impura, e comer a carne do sacrif\u00edcio pac\u00edfico, o qual \u00e9 do SENHOR, aquela pessoa ser\u00e1 eliminada de seus povos. <br><span><sup><b>22<\/b><\/sup><\/span> Falou ainda o SENHOR a Mois\u00e9s, dizendo: <br><span><sup><b>23<\/b><\/sup><\/span> Fala aos filhos de Israel, dizendo: Nenhuma gordura de boi, nem de cordeiro, nem de cabra, comereis. <br><span><sup><b>24<\/b><\/sup><\/span> A gordura de animal morto naturalmente, e a gordura do que foi arrebatado de feras, se preparar\u00e1 para qualquer outro uso, mas n\u00e3o o comereis. <br><span><sup><b>25<\/b><\/sup><\/span> Porque qualquer um que comer gordura de animal, do qual se oferece ao SENHOR oferta acesa, a pessoa que o comer, ser\u00e1 cortada de seus povos. <br><span><sup><b>26<\/b><\/sup><\/span> Al\u00e9m disso, nenhum sangue comereis em todas as vossas habita\u00e7\u00f5es, tanto de aves como de animais. <br><span><sup><b>27<\/b><\/sup><\/span> Qualquer um pessoa que comer algum sangue, a tal pessoa ser\u00e1 eliminada de seus povos. <br><span><sup><b>28<\/b><\/sup><\/span> Falou mais o SENHOR a Mois\u00e9s, dizendo: <br><span><sup><b>29<\/b><\/sup><\/span> Fala aos filhos de Israel, dizendo: O que oferecer sacrif\u00edcio de suas pazes ao SENHOR, trar\u00e1 sua oferta do sacrif\u00edcio de suas pazes ao SENHOR; <br><span><sup><b>30<\/b><\/sup><\/span> Suas m\u00e3os trar\u00e3o as ofertas que se h\u00e3o de queimar ao SENHOR. Trar\u00e1 a gordura com o peito. O peito para que este seja movido, como sacrif\u00edcio movido diante do SENHOR; <br><span><sup><b>31<\/b><\/sup><\/span> E a gordura a far\u00e1 arder o sacerdote no altar, mas o peito ser\u00e1 de Ar\u00e3o e de seus filhos. <br><span><sup><b>32<\/b><\/sup><\/span> E dareis ao sacerdote para ser elevada em oferta, a coxa direita dos sacrif\u00edcios de vossas pazes. <br><span><sup><b>33<\/b><\/sup><\/span> O que dos filhos de Ar\u00e3o oferecer o sangue das ofertas pac\u00edficas, e a gordura, dele ser\u00e1 em por\u00e7\u00e3o a coxa direita; <br><span><sup><b>34<\/b><\/sup><\/span> Porque tomei dos filhos de Israel, dos sacrif\u00edcios de suas ofertas pac\u00edficas, o peito que \u00e9 movido, e a coxa elevada em oferta. E o dei a Ar\u00e3o o sacerdote e a seus filhos, por estatuto perp\u00e9tuo dos filhos de Israel. <br><span><sup><b>35<\/b><\/sup><\/span> Esta \u00e9 pela un\u00e7\u00e3o de Ar\u00e3o e a un\u00e7\u00e3o de seus filhos, a parte deles nas ofertas acendidas ao SENHOR, desde o dia que ele os apresentou para serem sacerdotes do SENHOR: <br><span><sup><b>36<\/b><\/sup><\/span> O qual mandou o SENHOR que lhes dessem, desde o dia que ele os ungiu dentre os filhos de Israel, por estatuto perp\u00e9tuo em suas gera\u00e7\u00f5es. <br><span><sup><b>37<\/b><\/sup><\/span> Esta \u00e9 a lei do holocausto, da oferta, da expia\u00e7\u00e3o pelo pecado, e da culpa, e das consagra\u00e7\u00f5es, e do sacrif\u00edcio pac\u00edfico: <br><span><sup><b>38<\/b><\/sup><\/span> A qual intimou o SENHOR a Mois\u00e9s, no monte Sinai, no dia que mandou aos filhos de Israel que oferecessem suas ofertas ao SENHOR no deserto de Sinai.<\/span><\/p>\n\n\n\n<div class=\"wp-block-columns is-layout-flex wp-container-core-columns-is-layout-9d6595d7 wp-block-columns-is-layout-flex\">\n<div class=\"wp-block-column is-layout-flow wp-block-column-is-layout-flow\">\n<p><a href=\"\/levitico-6\">Lev\u00edtico 6<\/a><\/p>\n<\/div>\n\n\n\n<div class=\"wp-block-column is-layout-flow wp-block-column-is-layout-flow\">\n<p class=\"has-text-align-right\"><a href=\"\/levitico-8\">Lev\u00edtico 8<\/a><\/p>\n<\/div>\n<\/div>\n\n\n\n<h2 class=\"wp-block-heading\">Descri\u00e7\u00e3o &#8211; Lev\u00edtico 7<\/h2>\n\n\n\n<p class=\"has-medium-font-size\">Lev\u00edtico 7 finaliza as instru\u00e7\u00f5es sobre os sacrif\u00edcios, detalhando as ofertas de restitui\u00e7\u00e3o, comunh\u00e3o e gratid\u00e3o. Deus estabelece regras espec\u00edficas para o consumo da carne sacrificada, proibindo o consumo de gordura e sangue. O cap\u00edtulo tamb\u00e9m define as por\u00e7\u00f5es destinadas aos sacerdotes, destacando seu papel no servi\u00e7o sagrado. Al\u00e9m disso, refor\u00e7a a necessidade de pureza ao participar desses rituais. No contexto do livro, essas diretrizes garantem que Israel mantenha uma adora\u00e7\u00e3o correta e uma rela\u00e7\u00e3o santa com Deus. O cap\u00edtulo enfatiza a import\u00e2ncia da obedi\u00eancia e do respeito \u00e0s leis divinas para preservar a comunh\u00e3o entre Deus e Seu povo.<\/p>\n\n\n\n<h3 class=\"wp-block-heading\">Livro do Lev\u00edtico:<\/h3>\n\n\n<ul class=\"wp-block-page-list\"><li class=\"wp-block-pages-list__item\"><a class=\"wp-block-pages-list__item__link\" href=\"https:\/\/bibliapresente.com\/postagens\/livros-da-biblia\/levitico\/levitico-1\/\">Lev\u00edtico 1 &#8211; A Oferta do Holocausto<\/a><\/li><li class=\"wp-block-pages-list__item\"><a class=\"wp-block-pages-list__item__link\" href=\"https:\/\/bibliapresente.com\/postagens\/livros-da-biblia\/levitico\/levitico-2\/\">Lev\u00edtico 2 &#8211; A Oferta de Manjares e Gr\u00e3os<\/a><\/li><li class=\"wp-block-pages-list__item\"><a class=\"wp-block-pages-list__item__link\" href=\"https:\/\/bibliapresente.com\/postagens\/livros-da-biblia\/levitico\/levitico-3\/\">Lev\u00edtico 3 &#8211; Oferta Pac\u00edfica e Sacrif\u00edcios<\/a><\/li><li class=\"wp-block-pages-list__item\"><a class=\"wp-block-pages-list__item__link\" href=\"https:\/\/bibliapresente.com\/postagens\/livros-da-biblia\/levitico\/levitico-4\/\">Lev\u00edtico 4 &#8211; A Oferta Pelo Pecado<\/a><\/li><li class=\"wp-block-pages-list__item\"><a class=\"wp-block-pages-list__item__link\" href=\"https:\/\/bibliapresente.com\/postagens\/livros-da-biblia\/levitico\/levitico-5\/\">Lev\u00edtico 5 &#8211; Oferta pela Culpa e Repara\u00e7\u00e3o<\/a><\/li><li class=\"wp-block-pages-list__item\"><a class=\"wp-block-pages-list__item__link\" href=\"https:\/\/bibliapresente.com\/postagens\/livros-da-biblia\/levitico\/levitico-6\/\">Lev\u00edtico 6 &#8211; Leis do Holocausto<\/a><\/li><li class=\"wp-block-pages-list__item\"><a class=\"wp-block-pages-list__item__link\" href=\"https:\/\/bibliapresente.com\/postagens\/livros-da-biblia\/levitico\/levitico-7\/\">Lev\u00edtico 7 &#8211; Ofertas Pac\u00edficas<\/a><\/li><li class=\"wp-block-pages-list__item\"><a class=\"wp-block-pages-list__item__link\" href=\"https:\/\/bibliapresente.com\/postagens\/livros-da-biblia\/levitico\/levitico-8\/\">Lev\u00edtico 8 &#8211; Consagra\u00e7\u00e3o de Aar\u00e3o<\/a><\/li><li class=\"wp-block-pages-list__item\"><a class=\"wp-block-pages-list__item__link\" href=\"https:\/\/bibliapresente.com\/postagens\/livros-da-biblia\/levitico\/levitico-9\/\">Lev\u00edtico 9 &#8211; Primeiro Sacrif\u00edcio de Aar\u00e3o<\/a><\/li><li class=\"wp-block-pages-list__item\"><a class=\"wp-block-pages-list__item__link\" href=\"https:\/\/bibliapresente.com\/postagens\/livros-da-biblia\/levitico\/levitico-10\/\">Lev\u00edtico 10 &#8211; Nadabe e Abi\u00fa<\/a><\/li><li class=\"wp-block-pages-list__item\"><a class=\"wp-block-pages-list__item__link\" href=\"https:\/\/bibliapresente.com\/postagens\/livros-da-biblia\/levitico\/levitico-11\/\">Lev\u00edtico 11 &#8211; Animais Puros e Impuros<\/a><\/li><li class=\"wp-block-pages-list__item\"><a class=\"wp-block-pages-list__item__link\" href=\"https:\/\/bibliapresente.com\/postagens\/livros-da-biblia\/levitico\/levitico-12\/\">Lev\u00edtico 12 &#8211; Purifica\u00e7\u00e3o ap\u00f3s o Parto<\/a><\/li><li class=\"wp-block-pages-list__item\"><a class=\"wp-block-pages-list__item__link\" href=\"https:\/\/bibliapresente.com\/postagens\/livros-da-biblia\/levitico\/levitico-13\/\">Lev\u00edtico 13 &#8211; Lepra e Diagn\u00f3stico<\/a><\/li><li class=\"wp-block-pages-list__item\"><a class=\"wp-block-pages-list__item__link\" href=\"https:\/\/bibliapresente.com\/postagens\/livros-da-biblia\/levitico\/levitico-14\/\">Lev\u00edtico 14 &#8211; Purifica\u00e7\u00e3o do Leproso<\/a><\/li><li class=\"wp-block-pages-list__item\"><a class=\"wp-block-pages-list__item__link\" href=\"https:\/\/bibliapresente.com\/postagens\/livros-da-biblia\/levitico\/levitico-15\/\">Lev\u00edtico 15 &#8211; Fluxos Corporais e Impureza<\/a><\/li><li class=\"wp-block-pages-list__item\"><a class=\"wp-block-pages-list__item__link\" href=\"https:\/\/bibliapresente.com\/postagens\/livros-da-biblia\/levitico\/levitico-16\/\">Lev\u00edtico 16 &#8211; Yom Kipur: O Dia da Expia\u00e7\u00e3o<\/a><\/li><li class=\"wp-block-pages-list__item\"><a class=\"wp-block-pages-list__item__link\" href=\"https:\/\/bibliapresente.com\/postagens\/livros-da-biblia\/levitico\/levitico-17\/\">Lev\u00edtico 17 &#8211; A Proibi\u00e7\u00e3o de Comer Sangue<\/a><\/li><li class=\"wp-block-pages-list__item\"><a class=\"wp-block-pages-list__item__link\" href=\"https:\/\/bibliapresente.com\/postagens\/livros-da-biblia\/levitico\/levitico-18\/\">Lev\u00edtico 18 &#8211; Leis sobre Imoralidade<\/a><\/li><li class=\"wp-block-pages-list__item\"><a class=\"wp-block-pages-list__item__link\" href=\"https:\/\/bibliapresente.com\/postagens\/livros-da-biblia\/levitico\/levitico-19\/\">Lev\u00edtico 19 &#8211; Leis de Santidade<\/a><\/li><li class=\"wp-block-pages-list__item\"><a class=\"wp-block-pages-list__item__link\" href=\"https:\/\/bibliapresente.com\/postagens\/livros-da-biblia\/levitico\/levitico-20\/\">Lev\u00edtico 20 &#8211; Puni\u00e7\u00f5es para Pecados Graves<\/a><\/li><li class=\"wp-block-pages-list__item\"><a class=\"wp-block-pages-list__item__link\" href=\"https:\/\/bibliapresente.com\/postagens\/livros-da-biblia\/levitico\/levitico-21\/\">Lev\u00edtico 21 &#8211; Regras para Sacerdotes<\/a><\/li><li class=\"wp-block-pages-list__item\"><a class=\"wp-block-pages-list__item__link\" href=\"https:\/\/bibliapresente.com\/postagens\/livros-da-biblia\/levitico\/levitico-22\/\">Lev\u00edtico 22 &#8211; A Aceita\u00e7\u00e3o de Ofertas<\/a><\/li><li class=\"wp-block-pages-list__item\"><a class=\"wp-block-pages-list__item__link\" href=\"https:\/\/bibliapresente.com\/postagens\/livros-da-biblia\/levitico\/levitico-23\/\">Lev\u00edtico 23 &#8211; As Festas Sagradas<\/a><\/li><li class=\"wp-block-pages-list__item\"><a class=\"wp-block-pages-list__item__link\" href=\"https:\/\/bibliapresente.com\/postagens\/livros-da-biblia\/levitico\/levitico-24\/\">Lev\u00edtico 24 &#8211; O Castigo pela Blasf\u00eamia<\/a><\/li><li class=\"wp-block-pages-list__item\"><a class=\"wp-block-pages-list__item__link\" href=\"https:\/\/bibliapresente.com\/postagens\/livros-da-biblia\/levitico\/levitico-25\/\">Lev\u00edtico 25 &#8211; O Ano Sab\u00e1tico e o Jubileu<\/a><\/li><li class=\"wp-block-pages-list__item\"><a class=\"wp-block-pages-list__item__link\" href=\"https:\/\/bibliapresente.com\/postagens\/livros-da-biblia\/levitico\/levitico-26\/\">Lev\u00edtico 26 &#8211; B\u00ean\u00e7\u00e3os e Maldi\u00e7\u00f5es pela Lei<\/a><\/li><li class=\"wp-block-pages-list__item\"><a class=\"wp-block-pages-list__item__link\" href=\"https:\/\/bibliapresente.com\/postagens\/livros-da-biblia\/levitico\/levitico-27\/\">Lev\u00edtico 27 &#8211; Leis sobre Votos e D\u00edzimos<\/a><\/li><\/ul>\n\n\n<p><\/p>\n","protected":false},"excerpt":{"rendered":"<p>1 Assim esta \u00e9 a lei da expia\u00e7\u00e3o da culpa: \u00e9 coisa muito santa. 2 No lugar onde degolarem o holocausto, degolar\u00e3o o sacrif\u00edcio pela culpa. E espargir\u00e1 seu sangue em derredor sobre o altar: 3 E dela oferecer\u00e1 toda a sua gordura, a cauda, e a gordura que cobre os intestinos. 4 E os &hellip; <\/p>\n","protected":false},"author":2,"featured_media":713,"parent":712,"menu_order":7,"comment_status":"closed","ping_status":"closed","template":"","meta":{"om_disable_all_campaigns":false,"_monsterinsights_skip_tracking":false,"_monsterinsights_sitenote_active":false,"_monsterinsights_sitenote_note":"","_monsterinsights_sitenote_category":0,"footnotes":""},"class_list":["post-728","page","type-page","status-publish","has-post-thumbnail","hentry"],"aioseo_notices":[],"_links":{"self":[{"href":"https:\/\/bibliapresente.com\/postagens\/wp-json\/wp\/v2\/pages\/728","targetHints":{"allow":["GET"]}}],"collection":[{"href":"https:\/\/bibliapresente.com\/postagens\/wp-json\/wp\/v2\/pages"}],"about":[{"href":"https:\/\/bibliapresente.com\/postagens\/wp-json\/wp\/v2\/types\/page"}],"author":[{"embeddable":true,"href":"https:\/\/bibliapresente.com\/postagens\/wp-json\/wp\/v2\/users\/2"}],"replies":[{"embeddable":true,"href":"https:\/\/bibliapresente.com\/postagens\/wp-json\/wp\/v2\/comments?post=728"}],"version-history":[{"count":6,"href":"https:\/\/bibliapresente.com\/postagens\/wp-json\/wp\/v2\/pages\/728\/revisions"}],"predecessor-version":[{"id":1341,"href":"https:\/\/bibliapresente.com\/postagens\/wp-json\/wp\/v2\/pages\/728\/revisions\/1341"}],"up":[{"embeddable":true,"href":"https:\/\/bibliapresente.com\/postagens\/wp-json\/wp\/v2\/pages\/712"}],"wp:featuredmedia":[{"embeddable":true,"href":"https:\/\/bibliapresente.com\/postagens\/wp-json\/wp\/v2\/media\/713"}],"wp:attachment":[{"href":"https:\/\/bibliapresente.com\/postagens\/wp-json\/wp\/v2\/media?parent=728"}],"curies":[{"name":"wp","href":"https:\/\/api.w.org\/{rel}","templated":true}]}}