{"id":725,"date":"2025-02-03T17:45:52","date_gmt":"2025-02-03T20:45:52","guid":{"rendered":"https:\/\/bibliapresente.com\/postagens\/?page_id=725"},"modified":"2025-02-03T17:45:53","modified_gmt":"2025-02-03T20:45:53","slug":"levitico-6","status":"publish","type":"page","link":"https:\/\/bibliapresente.com\/postagens\/livros-da-biblia\/levitico\/levitico-6\/","title":{"rendered":"Lev\u00edtico 6 &#8211; Leis do Holocausto"},"content":{"rendered":"\n<p class=\"has-medium-font-size\" style=\"letter-spacing:1px\"><span><span><sup><b>1<\/b><\/sup><\/span> E falou o SENHOR a Mois\u00e9s, dizendo: <br><span><sup><b>2<\/b><\/sup><\/span> Quando uma pessoa pecar, e fizer transgress\u00e3o contra o SENHOR, e negar a seu pr\u00f3ximo o depositado ou deixado em sua m\u00e3o, ou roubar, ou extorquir a seu pr\u00f3ximo; <br><span><sup><b>3<\/b><\/sup><\/span> Ou seja que achando o perdido, depois o negar, e jurar em falso, em alguma de todas aquelas coisas em que costuma pecar o homem: <br><span><sup><b>4<\/b><\/sup><\/span> Ent\u00e3o ser\u00e1 que, posto que haver\u00e1 pecado e ofendido, restituir\u00e1 aquilo que roubou, ou pelo dano da extors\u00e3o, ou o dep\u00f3sito que se lhe depositou, ou o perdido que achou, <br><span><sup><b>5<\/b><\/sup><\/span> Ou tudo aquilo sobre que houver jurado falsamente; o restituir\u00e1, pois, por inteiro, e acrescentar\u00e1 a ele a quinta parte, que h\u00e1 de pagar a aquele a quem pertence no dia de sua expia\u00e7\u00e3o. <br><span><sup><b>6<\/b><\/sup><\/span> E por sua expia\u00e7\u00e3o trar\u00e1 ao SENHOR um carneiro sem m\u00e1cula dos rebanhos, conforme tua avalia\u00e7\u00e3o, ao sacerdote para a expia\u00e7\u00e3o. <br><span><sup><b>7<\/b><\/sup><\/span> E o sacerdote far\u00e1 expia\u00e7\u00e3o por ele diante do SENHOR, e obter\u00e1 perd\u00e3o de qualquer de todas as coisas em que costuma ofender. <br><span><sup><b>8<\/b><\/sup><\/span> Falou ainda o SENHOR a Mois\u00e9s, dizendo: <br><span><sup><b>9<\/b><\/sup><\/span> Manda a Ar\u00e3o e a seus filhos dizendo: Esta \u00e9 a lei do holocausto: (\u00e9 holocausto, porque se queima sobre o altar toda a noite at\u00e9 a manh\u00e3, e o fogo do altar arder\u00e1 nele:) <br><span><sup><b>10<\/b><\/sup><\/span> O sacerdote se por\u00e1 sua vestimenta de linho, e se vestir\u00e1 cal\u00e7\u00f5es de linho sobre sua carne. E quando o fogo houver consumido o holocausto, apartar\u00e1 ele as cinzas de sobre o altar. E as por\u00e1 junto ao altar. <br><span><sup><b>11<\/b><\/sup><\/span> Depois se desnudar\u00e1 de suas vestimentas, e se por\u00e1 outras vestiduras, e tirar\u00e1 as cinzas fora do acampamento ao lugar limpo. <br><span><sup><b>12<\/b><\/sup><\/span> E o fogo acendido sobre o altar n\u00e3o h\u00e1 de apagar-se, mas sim que o sacerdote por\u00e1 nele lenha cada manh\u00e3, e acomodar\u00e1 sobre ele o holocausto, e queimar\u00e1 sobre ele a gordura pac\u00edfica. <br><span><sup><b>13<\/b><\/sup><\/span> O fogo h\u00e1 de arder continuamente no altar; n\u00e3o se apagar\u00e1. <br><span><sup><b>14<\/b><\/sup><\/span> E esta \u00e9 a lei da oferta: H\u00e3o de oferec\u00ea-lo os filhos de Ar\u00e3o diante do SENHOR, diante do altar. <br><span><sup><b>15<\/b><\/sup><\/span> E tomar\u00e1 dele um punhado da flor de farinha da oferta, e de seu azeite, e todo o incenso que est\u00e1 sobre o presente, e o far\u00e1 arder sobre o altar por mem\u00f3ria, em cheiro suav\u00edssimo ao SENHOR. <br><span><sup><b>16<\/b><\/sup><\/span> E o excedente dela o comer\u00e3o Ar\u00e3o e seus filhos: sem levedura se comer\u00e1 no lugar santo; no \u00e1trio do tabern\u00e1culo do testemunho o comer\u00e3o. <br><span><sup><b>17<\/b><\/sup><\/span> N\u00e3o se cozer\u00e1 com levedura: dei-o a eles por sua por\u00e7\u00e3o de minhas ofertas acendidas; \u00e9 coisa sant\u00edssima, como a expia\u00e7\u00e3o pelo pecado, e como a expia\u00e7\u00e3o pela culpa. <br><span><sup><b>18<\/b><\/sup><\/span> Todos os homens dos filhos de Ar\u00e3o comer\u00e3o dela. Estatuto perp\u00e9tuo ser\u00e1 para vossas gera\u00e7\u00f5es acerca das ofertas acendidas do SENHOR: toda coisa que tocar nelas ser\u00e1 santificada. <br><span><sup><b>19<\/b><\/sup><\/span> E falou o SENHOR a Mois\u00e9s, dizendo: <br><span><sup><b>20<\/b><\/sup><\/span> Esta \u00e9 a oferta de Ar\u00e3o e de seus filhos, que oferecer\u00e3o ao SENHOR o dia que ser\u00e3o ungidos. A d\u00e9cima parte de um efa de flor de farinha, presente perp\u00e9tuo, a metade \u00e0 manh\u00e3 e a metade \u00e0 tarde. <br><span><sup><b>21<\/b><\/sup><\/span> Em panela se preparar\u00e1 com azeite; bem misturada a trar\u00e1s, e os peda\u00e7os cozidos da oferta oferecer\u00e1s ao SENHOR em cheiro suave. <br><span><sup><b>22<\/b><\/sup><\/span> E o sacerdote que em lugar de Ar\u00e3o for ungido dentre seus filhos, far\u00e1 a oferta. Estatuto perp\u00e9tuo do SENHOR: toda ela ser\u00e1 queimada. <br><span><sup><b>23<\/b><\/sup><\/span> E toda a oferta de cereais de sacerdote ser\u00e1 inteiramente queimado; n\u00e3o se comer\u00e1. <br><span><sup><b>24<\/b><\/sup><\/span> E falou o SENHOR a Mois\u00e9s, dizendo: <br><span><sup><b>25<\/b><\/sup><\/span> Fala a Ar\u00e3o e a seus filhos, dizendo: Esta \u00e9 a lei da expia\u00e7\u00e3o. No lugar de onde ser\u00e1 degolado o holocausto, ser\u00e1 degolada a expia\u00e7\u00e3o pelo pecado diante do SENHOR: \u00e9 coisa sant\u00edssima. <br><span><sup><b>26<\/b><\/sup><\/span> O sacerdote que a oferecer por expia\u00e7\u00e3o, a comer\u00e1. No lugar santo ser\u00e1 comida, no \u00e1trio do tabern\u00e1culo do testemunho. <br><span><sup><b>27<\/b><\/sup><\/span> Tudo o que em sua carne tocar, ser\u00e1 santificado. E se cair de seu sangue sobre a roupa, lavar\u00e1s aquilo sobre que cair, no lugar santo. <br><span><sup><b>28<\/b><\/sup><\/span> E a vasilha de barro em que for cozida, ser\u00e1 quebrada. E se for cozida em vasilha de metal, ser\u00e1 esfregada e lavada com \u00e1gua. <br><span><sup><b>29<\/b><\/sup><\/span> Todo homem dentre os sacerdotes a comer\u00e1: \u00e9 coisa sant\u00edssima. <br><span><sup><b>30<\/b><\/sup><\/span> Mas n\u00e3o se comer\u00e1 de expia\u00e7\u00e3o alguma, de cujo sangue se meter no tabern\u00e1culo do testemunho para reconciliar no santu\u00e1rio: ao fogo ser\u00e1 queimada.<\/span><\/p>\n\n\n\n<div class=\"wp-block-columns is-layout-flex wp-container-core-columns-is-layout-9d6595d7 wp-block-columns-is-layout-flex\">\n<div class=\"wp-block-column is-layout-flow wp-block-column-is-layout-flow\">\n<p><a href=\"\/levitico-5\">Lev\u00edtico 5<\/a><\/p>\n<\/div>\n\n\n\n<div class=\"wp-block-column is-layout-flow wp-block-column-is-layout-flow\">\n<p class=\"has-text-align-right\"><a href=\"\/levitico-7\">Lev\u00edtico 7<\/a><\/p>\n<\/div>\n<\/div>\n\n\n\n<h2 class=\"wp-block-heading\">Descri\u00e7\u00e3o &#8211; Lev\u00edtico 6<\/h2>\n\n\n\n<p class=\"has-medium-font-size\">Lev\u00edtico 6 continua as instru\u00e7\u00f5es sobre os sacrif\u00edcios, detalhando o procedimento para ofertas pelo pecado e pela culpa. Cobre especialmente casos de desonestidade, roubo ou juramentos falsos. Deus ordena a restitui\u00e7\u00e3o total do dano causado, acrescida de 20%, al\u00e9m do sacrif\u00edcio expiat\u00f3rio. O cap\u00edtulo tamb\u00e9m explica os regulamentos para holocaustos, ofertas de cereais e sacrif\u00edcios pelos sacerdotes. Assim, refor\u00e7a a necessidade de pureza e dedica\u00e7\u00e3o no servi\u00e7o sagrado. No contexto do livro, essas diretrizes garantem que Israel mantenha um relacionamento correto com Deus e com o pr\u00f3ximo. E destaca a import\u00e2ncia da justi\u00e7a, do arrependimento e da santidade na vida cotidiana.<\/p>\n\n\n\n<h3 class=\"wp-block-heading\">Livro do Lev\u00edtico:<\/h3>\n\n\n<ul class=\"wp-block-page-list\"><li class=\"wp-block-pages-list__item\"><a class=\"wp-block-pages-list__item__link\" href=\"https:\/\/bibliapresente.com\/postagens\/livros-da-biblia\/levitico\/levitico-1\/\">Lev\u00edtico 1 &#8211; A Oferta do Holocausto<\/a><\/li><li class=\"wp-block-pages-list__item\"><a class=\"wp-block-pages-list__item__link\" href=\"https:\/\/bibliapresente.com\/postagens\/livros-da-biblia\/levitico\/levitico-2\/\">Lev\u00edtico 2 &#8211; A Oferta de Manjares e Gr\u00e3os<\/a><\/li><li class=\"wp-block-pages-list__item\"><a class=\"wp-block-pages-list__item__link\" href=\"https:\/\/bibliapresente.com\/postagens\/livros-da-biblia\/levitico\/levitico-3\/\">Lev\u00edtico 3 &#8211; Oferta Pac\u00edfica e Sacrif\u00edcios<\/a><\/li><li class=\"wp-block-pages-list__item\"><a class=\"wp-block-pages-list__item__link\" href=\"https:\/\/bibliapresente.com\/postagens\/livros-da-biblia\/levitico\/levitico-4\/\">Lev\u00edtico 4 &#8211; A Oferta Pelo Pecado<\/a><\/li><li class=\"wp-block-pages-list__item\"><a class=\"wp-block-pages-list__item__link\" href=\"https:\/\/bibliapresente.com\/postagens\/livros-da-biblia\/levitico\/levitico-5\/\">Lev\u00edtico 5 &#8211; Oferta pela Culpa e Repara\u00e7\u00e3o<\/a><\/li><li class=\"wp-block-pages-list__item\"><a class=\"wp-block-pages-list__item__link\" href=\"https:\/\/bibliapresente.com\/postagens\/livros-da-biblia\/levitico\/levitico-6\/\">Lev\u00edtico 6 &#8211; Leis do Holocausto<\/a><\/li><li class=\"wp-block-pages-list__item\"><a class=\"wp-block-pages-list__item__link\" href=\"https:\/\/bibliapresente.com\/postagens\/livros-da-biblia\/levitico\/levitico-7\/\">Lev\u00edtico 7 &#8211; Ofertas Pac\u00edficas<\/a><\/li><li class=\"wp-block-pages-list__item\"><a class=\"wp-block-pages-list__item__link\" href=\"https:\/\/bibliapresente.com\/postagens\/livros-da-biblia\/levitico\/levitico-8\/\">Lev\u00edtico 8 &#8211; Consagra\u00e7\u00e3o de Aar\u00e3o<\/a><\/li><li class=\"wp-block-pages-list__item\"><a class=\"wp-block-pages-list__item__link\" href=\"https:\/\/bibliapresente.com\/postagens\/livros-da-biblia\/levitico\/levitico-9\/\">Lev\u00edtico 9 &#8211; Primeiro Sacrif\u00edcio de Aar\u00e3o<\/a><\/li><li class=\"wp-block-pages-list__item\"><a class=\"wp-block-pages-list__item__link\" href=\"https:\/\/bibliapresente.com\/postagens\/livros-da-biblia\/levitico\/levitico-10\/\">Lev\u00edtico 10 &#8211; Nadabe e Abi\u00fa<\/a><\/li><li class=\"wp-block-pages-list__item\"><a class=\"wp-block-pages-list__item__link\" href=\"https:\/\/bibliapresente.com\/postagens\/livros-da-biblia\/levitico\/levitico-11\/\">Lev\u00edtico 11 &#8211; Animais Puros e Impuros<\/a><\/li><li class=\"wp-block-pages-list__item\"><a class=\"wp-block-pages-list__item__link\" href=\"https:\/\/bibliapresente.com\/postagens\/livros-da-biblia\/levitico\/levitico-12\/\">Lev\u00edtico 12 &#8211; Purifica\u00e7\u00e3o ap\u00f3s o Parto<\/a><\/li><li class=\"wp-block-pages-list__item\"><a class=\"wp-block-pages-list__item__link\" href=\"https:\/\/bibliapresente.com\/postagens\/livros-da-biblia\/levitico\/levitico-13\/\">Lev\u00edtico 13 &#8211; Lepra e Diagn\u00f3stico<\/a><\/li><li class=\"wp-block-pages-list__item\"><a class=\"wp-block-pages-list__item__link\" href=\"https:\/\/bibliapresente.com\/postagens\/livros-da-biblia\/levitico\/levitico-14\/\">Lev\u00edtico 14 &#8211; Purifica\u00e7\u00e3o do Leproso<\/a><\/li><li class=\"wp-block-pages-list__item\"><a class=\"wp-block-pages-list__item__link\" href=\"https:\/\/bibliapresente.com\/postagens\/livros-da-biblia\/levitico\/levitico-15\/\">Lev\u00edtico 15 &#8211; Fluxos Corporais e Impureza<\/a><\/li><li class=\"wp-block-pages-list__item\"><a class=\"wp-block-pages-list__item__link\" href=\"https:\/\/bibliapresente.com\/postagens\/livros-da-biblia\/levitico\/levitico-16\/\">Lev\u00edtico 16 &#8211; Yom Kipur: O Dia da Expia\u00e7\u00e3o<\/a><\/li><li class=\"wp-block-pages-list__item\"><a class=\"wp-block-pages-list__item__link\" href=\"https:\/\/bibliapresente.com\/postagens\/livros-da-biblia\/levitico\/levitico-17\/\">Lev\u00edtico 17 &#8211; A Proibi\u00e7\u00e3o de Comer Sangue<\/a><\/li><li class=\"wp-block-pages-list__item\"><a class=\"wp-block-pages-list__item__link\" href=\"https:\/\/bibliapresente.com\/postagens\/livros-da-biblia\/levitico\/levitico-18\/\">Lev\u00edtico 18 &#8211; Leis sobre Imoralidade<\/a><\/li><li class=\"wp-block-pages-list__item\"><a class=\"wp-block-pages-list__item__link\" href=\"https:\/\/bibliapresente.com\/postagens\/livros-da-biblia\/levitico\/levitico-19\/\">Lev\u00edtico 19 &#8211; Leis de Santidade<\/a><\/li><li class=\"wp-block-pages-list__item\"><a class=\"wp-block-pages-list__item__link\" href=\"https:\/\/bibliapresente.com\/postagens\/livros-da-biblia\/levitico\/levitico-20\/\">Lev\u00edtico 20 &#8211; Puni\u00e7\u00f5es para Pecados Graves<\/a><\/li><li class=\"wp-block-pages-list__item\"><a class=\"wp-block-pages-list__item__link\" href=\"https:\/\/bibliapresente.com\/postagens\/livros-da-biblia\/levitico\/levitico-21\/\">Lev\u00edtico 21 &#8211; Regras para Sacerdotes<\/a><\/li><li class=\"wp-block-pages-list__item\"><a class=\"wp-block-pages-list__item__link\" href=\"https:\/\/bibliapresente.com\/postagens\/livros-da-biblia\/levitico\/levitico-22\/\">Lev\u00edtico 22 &#8211; A Aceita\u00e7\u00e3o de Ofertas<\/a><\/li><li class=\"wp-block-pages-list__item\"><a class=\"wp-block-pages-list__item__link\" href=\"https:\/\/bibliapresente.com\/postagens\/livros-da-biblia\/levitico\/levitico-23\/\">Lev\u00edtico 23 &#8211; As Festas Sagradas<\/a><\/li><li class=\"wp-block-pages-list__item\"><a class=\"wp-block-pages-list__item__link\" href=\"https:\/\/bibliapresente.com\/postagens\/livros-da-biblia\/levitico\/levitico-24\/\">Lev\u00edtico 24 &#8211; O Castigo pela Blasf\u00eamia<\/a><\/li><li class=\"wp-block-pages-list__item\"><a class=\"wp-block-pages-list__item__link\" href=\"https:\/\/bibliapresente.com\/postagens\/livros-da-biblia\/levitico\/levitico-25\/\">Lev\u00edtico 25 &#8211; O Ano Sab\u00e1tico e o Jubileu<\/a><\/li><li class=\"wp-block-pages-list__item\"><a class=\"wp-block-pages-list__item__link\" href=\"https:\/\/bibliapresente.com\/postagens\/livros-da-biblia\/levitico\/levitico-26\/\">Lev\u00edtico 26 &#8211; B\u00ean\u00e7\u00e3os e Maldi\u00e7\u00f5es pela Lei<\/a><\/li><li class=\"wp-block-pages-list__item\"><a class=\"wp-block-pages-list__item__link\" href=\"https:\/\/bibliapresente.com\/postagens\/livros-da-biblia\/levitico\/levitico-27\/\">Lev\u00edtico 27 &#8211; Leis sobre Votos e D\u00edzimos<\/a><\/li><\/ul>\n\n\n<p><\/p>\n","protected":false},"excerpt":{"rendered":"<p>1 E falou o SENHOR a Mois\u00e9s, dizendo: 2 Quando uma pessoa pecar, e fizer transgress\u00e3o contra o SENHOR, e negar a seu pr\u00f3ximo o depositado ou deixado em sua m\u00e3o, ou roubar, ou extorquir a seu pr\u00f3ximo; 3 Ou seja que achando o perdido, depois o negar, e jurar em falso, em alguma de &hellip; <\/p>\n","protected":false},"author":2,"featured_media":713,"parent":712,"menu_order":6,"comment_status":"closed","ping_status":"closed","template":"","meta":{"om_disable_all_campaigns":false,"_monsterinsights_skip_tracking":false,"_monsterinsights_sitenote_active":false,"_monsterinsights_sitenote_note":"","_monsterinsights_sitenote_category":0,"footnotes":""},"class_list":["post-725","page","type-page","status-publish","has-post-thumbnail","hentry"],"aioseo_notices":[],"_links":{"self":[{"href":"https:\/\/bibliapresente.com\/postagens\/wp-json\/wp\/v2\/pages\/725","targetHints":{"allow":["GET"]}}],"collection":[{"href":"https:\/\/bibliapresente.com\/postagens\/wp-json\/wp\/v2\/pages"}],"about":[{"href":"https:\/\/bibliapresente.com\/postagens\/wp-json\/wp\/v2\/types\/page"}],"author":[{"embeddable":true,"href":"https:\/\/bibliapresente.com\/postagens\/wp-json\/wp\/v2\/users\/2"}],"replies":[{"embeddable":true,"href":"https:\/\/bibliapresente.com\/postagens\/wp-json\/wp\/v2\/comments?post=725"}],"version-history":[{"count":6,"href":"https:\/\/bibliapresente.com\/postagens\/wp-json\/wp\/v2\/pages\/725\/revisions"}],"predecessor-version":[{"id":1340,"href":"https:\/\/bibliapresente.com\/postagens\/wp-json\/wp\/v2\/pages\/725\/revisions\/1340"}],"up":[{"embeddable":true,"href":"https:\/\/bibliapresente.com\/postagens\/wp-json\/wp\/v2\/pages\/712"}],"wp:featuredmedia":[{"embeddable":true,"href":"https:\/\/bibliapresente.com\/postagens\/wp-json\/wp\/v2\/media\/713"}],"wp:attachment":[{"href":"https:\/\/bibliapresente.com\/postagens\/wp-json\/wp\/v2\/media?parent=725"}],"curies":[{"name":"wp","href":"https:\/\/api.w.org\/{rel}","templated":true}]}}