{"id":723,"date":"2025-02-03T17:41:10","date_gmt":"2025-02-03T20:41:10","guid":{"rendered":"https:\/\/bibliapresente.com\/postagens\/?page_id=723"},"modified":"2025-02-03T17:41:11","modified_gmt":"2025-02-03T20:41:11","slug":"levitico-5","status":"publish","type":"page","link":"https:\/\/bibliapresente.com\/postagens\/livros-da-biblia\/levitico\/levitico-5\/","title":{"rendered":"Lev\u00edtico 5 &#8211; Oferta pela Culpa e Repara\u00e7\u00e3o"},"content":{"rendered":"\n<p class=\"has-medium-font-size\" style=\"letter-spacing:1px\"><span><span><sup><b>1<\/b><\/sup><\/span> E quando alguma pessoa pecar, que houver ouvido a voz do que jurou, e ele for testemunha que viu, ou soube, se n\u00e3o o denunciar, ele levar\u00e1 seu pecado. <br><span><sup><b>2<\/b><\/sup><\/span> Tamb\u00e9m a pessoa que houver tocado em qualquer coisa imunda, seja corpo morto de animal selvagem impuro, ou corpo morto de animal dom\u00e9stico impuro, ou corpo morto de r\u00e9ptil impuro, ainda que n\u00e3o o soubesse, ser\u00e1 impura e haver\u00e1 transgredido: <br><span><sup><b>3<\/b><\/sup><\/span> Ou se tocar a homem impuro em qualquer impureza sua de que \u00e9 impuro, e n\u00e3o o deixar de ver; se depois chega a sab\u00ea-lo, ser\u00e1 culp\u00e1vel. <br><span><sup><b>4<\/b><\/sup><\/span> Tamb\u00e9m a pessoa que jurar precipitadamente com seus l\u00e1bios fazer mal ou bem, em quaisquer coisas que o homem profere com juramento, e ele n\u00e3o o conhecer; se depois o entende, ser\u00e1 culpado em uma destas coisas. <br><span><sup><b>5<\/b><\/sup><\/span> E ser\u00e1 que quando pecar em alguma destas coisas, confessar\u00e1 aquilo em que pecou: <br><span><sup><b>6<\/b><\/sup><\/span> E para sua expia\u00e7\u00e3o trar\u00e1 ao SENHOR por seu pecado que cometeu, uma f\u00eamea dos rebanhos, uma cordeira ou uma cabra como oferta de expia\u00e7\u00e3o; e o sacerdote far\u00e1 expia\u00e7\u00e3o por ele de seu pecado. <br><span><sup><b>7<\/b><\/sup><\/span> E se n\u00e3o lhe alcan\u00e7ar para um cordeiro, trar\u00e1 em expia\u00e7\u00e3o por seu pecado que cometeu, duas rolinhas ou dois pombinhos ao SENHOR; um para expia\u00e7\u00e3o, e o outro para holocausto. <br><span><sup><b>8<\/b><\/sup><\/span> E h\u00e1 de traz\u00ea-los ao sacerdote, o qual oferecer\u00e1 primeiro o que \u00e9 para expia\u00e7\u00e3o, e desunir\u00e1 sua cabe\u00e7a de seu pesco\u00e7o, mas n\u00e3o a separar\u00e1 por completo: <br><span><sup><b>9<\/b><\/sup><\/span> E espargir\u00e1 do sangue da expia\u00e7\u00e3o sobre a parede do altar; e o que sobrar do sangue o espremer\u00e1 ao p\u00e9 do altar; \u00e9 expia\u00e7\u00e3o. <br><span><sup><b>10<\/b><\/sup><\/span> E do outro far\u00e1 holocausto conforme o rito; e far\u00e1 por ele o sacerdote expia\u00e7\u00e3o de seu pecado que cometeu, e ser\u00e1 perdoado. <br><span><sup><b>11<\/b><\/sup><\/span> Mas se sua possibilidade n\u00e3o alcan\u00e7ar para duas rolinhas, ou dois pombinhos, o que pecou trar\u00e1 por sua oferta a d\u00e9cima parte de um efa de flor de farinha por expia\u00e7\u00e3o. N\u00e3o por\u00e1 sobre ela azeite, nem sobre ela por\u00e1 incenso, porque \u00e9 expia\u00e7\u00e3o. <br><span><sup><b>12<\/b><\/sup><\/span> Ele a trar\u00e1, pois, ao sacerdote, e o sacerdote tomar\u00e1 dela seu punho cheio, em mem\u00f3ria sua, e a far\u00e1 arder no altar sobre as ofertas acendidas ao SENHOR: \u00e9 expia\u00e7\u00e3o. <br><span><sup><b>13<\/b><\/sup><\/span> E far\u00e1 o sacerdote expia\u00e7\u00e3o por ele de seu pecado que cometeu em alguma destas coisas, e ser\u00e1 perdoado; e o excedente ser\u00e1 do sacerdote, como o presente de comida. <br><span><sup><b>14<\/b><\/sup><\/span> Falou mais o SENHOR a Mois\u00e9s, dizendo: <br><span><sup><b>15<\/b><\/sup><\/span> Quando alguma pessoa cometer falta, e pecar por acidente nas coisas santificadas ao SENHOR, trar\u00e1 sua expia\u00e7\u00e3o ao SENHOR, um carneiro sem m\u00e1cula dos rebanhos, conforme tua avalia\u00e7\u00e3o, em siclos de prata do siclo do santu\u00e1rio, em oferta pelo pecado; <br><span><sup><b>16<\/b><\/sup><\/span> E pagar\u00e1 aquilo das coisas santas em que houver pecado, e acrescentar\u00e1 a ele o quinto, e o dar\u00e1 ao sacerdote: e o sacerdote far\u00e1 expia\u00e7\u00e3o por ele com o carneiro do sacrif\u00edcio pelo pecado, e ser\u00e1 perdoado. <br><span><sup><b>17<\/b><\/sup><\/span> Finalmente, se uma pessoa pecar, ou fizer alguma de todas aquelas coisas que por mandamento do SENHOR n\u00e3o se devem fazer, ainda sem faz\u00ea-lo de prop\u00f3sito, \u00e9 culp\u00e1vel, e levar\u00e1 seu pecado. <br><span><sup><b>18<\/b><\/sup><\/span> Trar\u00e1, pois, ao sacerdote por expia\u00e7\u00e3o, segundo tu o estimes, um carneiro sem m\u00e1cula dos rebanhos: e o sacerdote far\u00e1 expia\u00e7\u00e3o por ele de seu erro que cometeu por ignor\u00e2ncia, e ser\u00e1 perdoado. <br><span><sup><b>19<\/b><\/sup><\/span> \u00c9 infra\u00e7\u00e3o, e certamente transgrediu contra o SENHOR.<\/span><\/p>\n\n\n\n<div class=\"wp-block-columns is-layout-flex wp-container-core-columns-is-layout-9d6595d7 wp-block-columns-is-layout-flex\">\n<div class=\"wp-block-column is-layout-flow wp-block-column-is-layout-flow\">\n<p><a href=\"\/levitico-4\">Lev\u00edtico 4<\/a><\/p>\n<\/div>\n\n\n\n<div class=\"wp-block-column is-layout-flow wp-block-column-is-layout-flow\">\n<p class=\"has-text-align-right\"><a href=\"\/levitico-6\">Lev\u00edtico 6<\/a><\/p>\n<\/div>\n<\/div>\n\n\n\n<h2 class=\"wp-block-heading\">Descri\u00e7\u00e3o &#8211; Lev\u00edtico 5<\/h2>\n\n\n\n<p class=\"has-medium-font-size\">Lev\u00edtico 5 continua as instru\u00e7\u00f5es sobre o sacrif\u00edcio pelo pecado, abordando transgress\u00f5es espec\u00edficas, como ocultar informa\u00e7\u00f5es, tocar em algo impuro ou fazer juramentos precipitados. Deus estabelece que os culpados devem confessar seus pecados e oferecer um sacrif\u00edcio, que varia conforme suas condi\u00e7\u00f5es financeiras, permitindo ofertas como cordeiros, pombas ou farinha. O cap\u00edtulo enfatiza a responsabilidade individual e a necessidade de repara\u00e7\u00e3o para manter a santidade. No contexto do livro, essas leis refor\u00e7am a import\u00e2ncia da pureza e da obedi\u00eancia no relacionamento com Deus, garantindo que Israel permane\u00e7a em comunh\u00e3o com Ele por meio do arrependimento e da expia\u00e7\u00e3o.<\/p>\n\n\n\n<h3 class=\"wp-block-heading\">Livro do Lev\u00edtico:<\/h3>\n\n\n<ul class=\"wp-block-page-list\"><li class=\"wp-block-pages-list__item\"><a class=\"wp-block-pages-list__item__link\" href=\"https:\/\/bibliapresente.com\/postagens\/livros-da-biblia\/levitico\/levitico-1\/\">Lev\u00edtico 1 &#8211; A Oferta do Holocausto<\/a><\/li><li class=\"wp-block-pages-list__item\"><a class=\"wp-block-pages-list__item__link\" href=\"https:\/\/bibliapresente.com\/postagens\/livros-da-biblia\/levitico\/levitico-2\/\">Lev\u00edtico 2 &#8211; A Oferta de Manjares e Gr\u00e3os<\/a><\/li><li class=\"wp-block-pages-list__item\"><a class=\"wp-block-pages-list__item__link\" href=\"https:\/\/bibliapresente.com\/postagens\/livros-da-biblia\/levitico\/levitico-3\/\">Lev\u00edtico 3 &#8211; Oferta Pac\u00edfica e Sacrif\u00edcios<\/a><\/li><li class=\"wp-block-pages-list__item\"><a class=\"wp-block-pages-list__item__link\" href=\"https:\/\/bibliapresente.com\/postagens\/livros-da-biblia\/levitico\/levitico-4\/\">Lev\u00edtico 4 &#8211; A Oferta Pelo Pecado<\/a><\/li><li class=\"wp-block-pages-list__item\"><a class=\"wp-block-pages-list__item__link\" href=\"https:\/\/bibliapresente.com\/postagens\/livros-da-biblia\/levitico\/levitico-5\/\">Lev\u00edtico 5 &#8211; Oferta pela Culpa e Repara\u00e7\u00e3o<\/a><\/li><li class=\"wp-block-pages-list__item\"><a class=\"wp-block-pages-list__item__link\" href=\"https:\/\/bibliapresente.com\/postagens\/livros-da-biblia\/levitico\/levitico-6\/\">Lev\u00edtico 6 &#8211; Leis do Holocausto<\/a><\/li><li class=\"wp-block-pages-list__item\"><a class=\"wp-block-pages-list__item__link\" href=\"https:\/\/bibliapresente.com\/postagens\/livros-da-biblia\/levitico\/levitico-7\/\">Lev\u00edtico 7 &#8211; Ofertas Pac\u00edficas<\/a><\/li><li class=\"wp-block-pages-list__item\"><a class=\"wp-block-pages-list__item__link\" href=\"https:\/\/bibliapresente.com\/postagens\/livros-da-biblia\/levitico\/levitico-8\/\">Lev\u00edtico 8 &#8211; Consagra\u00e7\u00e3o de Aar\u00e3o<\/a><\/li><li class=\"wp-block-pages-list__item\"><a class=\"wp-block-pages-list__item__link\" href=\"https:\/\/bibliapresente.com\/postagens\/livros-da-biblia\/levitico\/levitico-9\/\">Lev\u00edtico 9 &#8211; Primeiro Sacrif\u00edcio de Aar\u00e3o<\/a><\/li><li class=\"wp-block-pages-list__item\"><a class=\"wp-block-pages-list__item__link\" href=\"https:\/\/bibliapresente.com\/postagens\/livros-da-biblia\/levitico\/levitico-10\/\">Lev\u00edtico 10 &#8211; Nadabe e Abi\u00fa<\/a><\/li><li class=\"wp-block-pages-list__item\"><a class=\"wp-block-pages-list__item__link\" href=\"https:\/\/bibliapresente.com\/postagens\/livros-da-biblia\/levitico\/levitico-11\/\">Lev\u00edtico 11 &#8211; Animais Puros e Impuros<\/a><\/li><li class=\"wp-block-pages-list__item\"><a class=\"wp-block-pages-list__item__link\" href=\"https:\/\/bibliapresente.com\/postagens\/livros-da-biblia\/levitico\/levitico-12\/\">Lev\u00edtico 12 &#8211; Purifica\u00e7\u00e3o ap\u00f3s o Parto<\/a><\/li><li class=\"wp-block-pages-list__item\"><a class=\"wp-block-pages-list__item__link\" href=\"https:\/\/bibliapresente.com\/postagens\/livros-da-biblia\/levitico\/levitico-13\/\">Lev\u00edtico 13 &#8211; Lepra e Diagn\u00f3stico<\/a><\/li><li class=\"wp-block-pages-list__item\"><a class=\"wp-block-pages-list__item__link\" href=\"https:\/\/bibliapresente.com\/postagens\/livros-da-biblia\/levitico\/levitico-14\/\">Lev\u00edtico 14 &#8211; Purifica\u00e7\u00e3o do Leproso<\/a><\/li><li class=\"wp-block-pages-list__item\"><a class=\"wp-block-pages-list__item__link\" href=\"https:\/\/bibliapresente.com\/postagens\/livros-da-biblia\/levitico\/levitico-15\/\">Lev\u00edtico 15 &#8211; Fluxos Corporais e Impureza<\/a><\/li><li class=\"wp-block-pages-list__item\"><a class=\"wp-block-pages-list__item__link\" href=\"https:\/\/bibliapresente.com\/postagens\/livros-da-biblia\/levitico\/levitico-16\/\">Lev\u00edtico 16 &#8211; Yom Kipur: O Dia da Expia\u00e7\u00e3o<\/a><\/li><li class=\"wp-block-pages-list__item\"><a class=\"wp-block-pages-list__item__link\" href=\"https:\/\/bibliapresente.com\/postagens\/livros-da-biblia\/levitico\/levitico-17\/\">Lev\u00edtico 17 &#8211; A Proibi\u00e7\u00e3o de Comer Sangue<\/a><\/li><li class=\"wp-block-pages-list__item\"><a class=\"wp-block-pages-list__item__link\" href=\"https:\/\/bibliapresente.com\/postagens\/livros-da-biblia\/levitico\/levitico-18\/\">Lev\u00edtico 18 &#8211; Leis sobre Imoralidade<\/a><\/li><li class=\"wp-block-pages-list__item\"><a class=\"wp-block-pages-list__item__link\" href=\"https:\/\/bibliapresente.com\/postagens\/livros-da-biblia\/levitico\/levitico-19\/\">Lev\u00edtico 19 &#8211; Leis de Santidade<\/a><\/li><li class=\"wp-block-pages-list__item\"><a class=\"wp-block-pages-list__item__link\" href=\"https:\/\/bibliapresente.com\/postagens\/livros-da-biblia\/levitico\/levitico-20\/\">Lev\u00edtico 20 &#8211; Puni\u00e7\u00f5es para Pecados Graves<\/a><\/li><li class=\"wp-block-pages-list__item\"><a class=\"wp-block-pages-list__item__link\" href=\"https:\/\/bibliapresente.com\/postagens\/livros-da-biblia\/levitico\/levitico-21\/\">Lev\u00edtico 21 &#8211; Regras para Sacerdotes<\/a><\/li><li class=\"wp-block-pages-list__item\"><a class=\"wp-block-pages-list__item__link\" href=\"https:\/\/bibliapresente.com\/postagens\/livros-da-biblia\/levitico\/levitico-22\/\">Lev\u00edtico 22 &#8211; A Aceita\u00e7\u00e3o de Ofertas<\/a><\/li><li class=\"wp-block-pages-list__item\"><a class=\"wp-block-pages-list__item__link\" href=\"https:\/\/bibliapresente.com\/postagens\/livros-da-biblia\/levitico\/levitico-23\/\">Lev\u00edtico 23 &#8211; As Festas Sagradas<\/a><\/li><li class=\"wp-block-pages-list__item\"><a class=\"wp-block-pages-list__item__link\" href=\"https:\/\/bibliapresente.com\/postagens\/livros-da-biblia\/levitico\/levitico-24\/\">Lev\u00edtico 24 &#8211; O Castigo pela Blasf\u00eamia<\/a><\/li><li class=\"wp-block-pages-list__item\"><a class=\"wp-block-pages-list__item__link\" href=\"https:\/\/bibliapresente.com\/postagens\/livros-da-biblia\/levitico\/levitico-25\/\">Lev\u00edtico 25 &#8211; O Ano Sab\u00e1tico e o Jubileu<\/a><\/li><li class=\"wp-block-pages-list__item\"><a class=\"wp-block-pages-list__item__link\" href=\"https:\/\/bibliapresente.com\/postagens\/livros-da-biblia\/levitico\/levitico-26\/\">Lev\u00edtico 26 &#8211; B\u00ean\u00e7\u00e3os e Maldi\u00e7\u00f5es pela Lei<\/a><\/li><li class=\"wp-block-pages-list__item\"><a class=\"wp-block-pages-list__item__link\" href=\"https:\/\/bibliapresente.com\/postagens\/livros-da-biblia\/levitico\/levitico-27\/\">Lev\u00edtico 27 &#8211; Leis sobre Votos e D\u00edzimos<\/a><\/li><\/ul>\n\n\n<p><\/p>\n","protected":false},"excerpt":{"rendered":"<p>1 E quando alguma pessoa pecar, que houver ouvido a voz do que jurou, e ele for testemunha que viu, ou soube, se n\u00e3o o denunciar, ele levar\u00e1 seu pecado. 2 Tamb\u00e9m a pessoa que houver tocado em qualquer coisa imunda, seja corpo morto de animal selvagem impuro, ou corpo morto de animal dom\u00e9stico impuro, &hellip; <\/p>\n","protected":false},"author":2,"featured_media":713,"parent":712,"menu_order":5,"comment_status":"closed","ping_status":"closed","template":"","meta":{"om_disable_all_campaigns":false,"_monsterinsights_skip_tracking":false,"_monsterinsights_sitenote_active":false,"_monsterinsights_sitenote_note":"","_monsterinsights_sitenote_category":0,"footnotes":""},"class_list":["post-723","page","type-page","status-publish","has-post-thumbnail","hentry"],"aioseo_notices":[],"_links":{"self":[{"href":"https:\/\/bibliapresente.com\/postagens\/wp-json\/wp\/v2\/pages\/723","targetHints":{"allow":["GET"]}}],"collection":[{"href":"https:\/\/bibliapresente.com\/postagens\/wp-json\/wp\/v2\/pages"}],"about":[{"href":"https:\/\/bibliapresente.com\/postagens\/wp-json\/wp\/v2\/types\/page"}],"author":[{"embeddable":true,"href":"https:\/\/bibliapresente.com\/postagens\/wp-json\/wp\/v2\/users\/2"}],"replies":[{"embeddable":true,"href":"https:\/\/bibliapresente.com\/postagens\/wp-json\/wp\/v2\/comments?post=723"}],"version-history":[{"count":5,"href":"https:\/\/bibliapresente.com\/postagens\/wp-json\/wp\/v2\/pages\/723\/revisions"}],"predecessor-version":[{"id":1339,"href":"https:\/\/bibliapresente.com\/postagens\/wp-json\/wp\/v2\/pages\/723\/revisions\/1339"}],"up":[{"embeddable":true,"href":"https:\/\/bibliapresente.com\/postagens\/wp-json\/wp\/v2\/pages\/712"}],"wp:featuredmedia":[{"embeddable":true,"href":"https:\/\/bibliapresente.com\/postagens\/wp-json\/wp\/v2\/media\/713"}],"wp:attachment":[{"href":"https:\/\/bibliapresente.com\/postagens\/wp-json\/wp\/v2\/media?parent=723"}],"curies":[{"name":"wp","href":"https:\/\/api.w.org\/{rel}","templated":true}]}}