{"id":721,"date":"2025-02-03T17:38:29","date_gmt":"2025-02-03T20:38:29","guid":{"rendered":"https:\/\/bibliapresente.com\/postagens\/?page_id=721"},"modified":"2025-02-03T17:38:30","modified_gmt":"2025-02-03T20:38:30","slug":"levitico-4","status":"publish","type":"page","link":"https:\/\/bibliapresente.com\/postagens\/livros-da-biblia\/levitico\/levitico-4\/","title":{"rendered":"Lev\u00edtico 4 &#8211; A Oferta Pelo Pecado"},"content":{"rendered":"\n<h3 class=\"wp-block-heading\">O sacrif\u00edcio pelos erros dos sacerdotes<\/h3>\n\n\n\n<p class=\"has-medium-font-size\" style=\"letter-spacing:1px\"><span><span><sup><b>1<\/b><\/sup><\/span> E falou o SENHOR a Mois\u00e9s, dizendo: <br><span><sup><b>2<\/b><\/sup><\/span> Fala aos filhos de Israel, dizendo: Quando alguma pessoa pecar por acidente em algum dos mandamentos do SENHOR sobre coisas que n\u00e3o se devem fazer, e agir contra algum deles; <br><span><sup><b>3<\/b><\/sup><\/span> Se sacerdote ungido pecar segundo o pecado do povo, oferecer\u00e1 ao SENHOR, por seu pecado que houver cometido, um bezerro sem m\u00e1cula para expia\u00e7\u00e3o. <br><span><sup><b>4<\/b><\/sup><\/span> E trar\u00e1 o bezerro \u00e0 porta do tabern\u00e1culo do testemunho diante do SENHOR, e por\u00e1 sua m\u00e3o sobre a cabe\u00e7a do bezerro, e o degolar\u00e1 diante do SENHOR. <br><span><sup><b>5<\/b><\/sup><\/span> E o sacerdote ungido tomar\u00e1 do sangue do bezerro, e a trar\u00e1 ao tabern\u00e1culo do testemunho; <br><span><sup><b>6<\/b><\/sup><\/span> E molhar\u00e1 o sacerdote seu dedo no sangue, e espargir\u00e1 daquele sangue sete vezes diante do SENHOR, at\u00e9 o v\u00e9u do santu\u00e1rio. <br><span><sup><b>7<\/b><\/sup><\/span> E por\u00e1 o sacerdote do sangue sobre as pontas do altar do incenso arom\u00e1tico, que est\u00e1 no tabern\u00e1culo do testemunho diante do SENHOR. E lan\u00e7ar\u00e1 todo o sangue do bezerro ao p\u00e9 do altar do holocausto, que est\u00e1 \u00e0 porta do tabern\u00e1culo do testemunho. <br><span><sup><b>8<\/b><\/sup><\/span> E tomar\u00e1 do bezerro para a expia\u00e7\u00e3o toda a sua gordura, a gordura que cobre os intestinos. E toda a gordura que est\u00e1 sobre as entranhas, <br><span><sup><b>9<\/b><\/sup><\/span> E os dois rins, e a gordura que est\u00e1 sobre eles, e o que est\u00e1 sobre os lombos, e com os rins tirar\u00e1 o redenho de sobre o f\u00edgado, <br><span><sup><b>10<\/b><\/sup><\/span> Da maneira que se tira do boi do sacrif\u00edcio pac\u00edfico: e o sacerdote o far\u00e1 arder sobre o altar do holocausto. <br><span><sup><b>11<\/b><\/sup><\/span> E o couro do bezerro, e toda sua carne, com sua cabe\u00e7a, e suas pernas, e seus intestinos, e seu excremento, <br><span><sup><b>12<\/b><\/sup><\/span> Em fim, todo o bezerro tirar\u00e1 fora do acampamento, a um lugar limpo, onde se lan\u00e7am as cinzas. E o queimar\u00e1 ao fogo sobre a lenha: onde se lan\u00e7am as cinzas ser\u00e1 queimado. <\/span><\/p>\n\n\n\n<h3 class=\"wp-block-heading\">O sacrif\u00edcio pelos erros do povo<\/h3>\n\n\n\n<p class=\"has-medium-font-size\" style=\"letter-spacing:1px\"><span><span><sup><b>13<\/b><\/sup><\/span> E se toda a congrega\u00e7\u00e3o de Israel houver errado, e o neg\u00f3cio estiver oculto aos olhos do povo. E houverem feito algo contra algum dos mandamentos do SENHOR em coisas que n\u00e3o se devem fazer, e forem culpados; <br><span><sup><b>14<\/b><\/sup><\/span> Logo que for entendido o pecado sobre que transgrediram, a congrega\u00e7\u00e3o oferecer\u00e1 um bezerro por expia\u00e7\u00e3o, e o trar\u00e3o diante do tabern\u00e1culo do testemunho. <br><span><sup><b>15<\/b><\/sup><\/span> E os anci\u00e3os da congrega\u00e7\u00e3o por\u00e3o suas m\u00e3os sobre a cabe\u00e7a do bezerro diante do SENHOR. E em presen\u00e7a do SENHOR degolar\u00e3o aquele bezerro. <br><span><sup><b>16<\/b><\/sup><\/span> E o sacerdote ungido meter\u00e1 do sangue do bezerro no tabern\u00e1culo do testemunho. <br><span><sup><b>17<\/b><\/sup><\/span> E molhar\u00e1 o sacerdote seu dedo no mesmo sangue, e espargir\u00e1 sete vezes diante do SENHOR at\u00e9 o v\u00e9u. <br><span><sup><b>18<\/b><\/sup><\/span> E daquele sangue por\u00e1 sobre as pontas do altar que est\u00e1 diante do SENHOR no tabern\u00e1culo do testemunho. E derramar\u00e1 todo o sangue ao p\u00e9 do altar do holocausto, que est\u00e1 \u00e0 porta do tabern\u00e1culo do testemunho. <br><span><sup><b>19<\/b><\/sup><\/span> E lhe tirar\u00e1 toda a gordura, e a far\u00e1 arder sobre o altar. <br><span><sup><b>20<\/b><\/sup><\/span> E far\u00e1 daquele bezerro como fez com o bezerro da expia\u00e7\u00e3o; o mesmo far\u00e1 dele: assim far\u00e1 o sacerdote expia\u00e7\u00e3o por eles, e obter\u00e3o perd\u00e3o. <br><span><sup><b>21<\/b><\/sup><\/span> E tirar\u00e1 o bezerro fora do acampamento, e o queimar\u00e1 como queimou o primeiro bezerro; expia\u00e7\u00e3o da congrega\u00e7\u00e3o. <\/span><\/p>\n\n\n\n<h3 class=\"wp-block-heading\">O sacrif\u00edcio pelos erros de um pr\u00edncipe<\/h3>\n\n\n\n<p class=\"has-medium-font-size\" style=\"letter-spacing:1px\"><span><span><sup><b>22<\/b><\/sup><\/span> E quando pecar o pr\u00edncipe, e fizer por acidente algo contra algum de todos os mandamentos do SENHOR seu Deus, sobre coisas que n\u00e3o se devem fazer, e pecar; <br><span><sup><b>23<\/b><\/sup><\/span> Logo que lhe for conhecido seu pecado em que transgrediu, apresentar\u00e1 por sua oferta um bode macho sem defeito. <br><span><sup><b>24<\/b><\/sup><\/span> E por\u00e1 sua m\u00e3o sobre a cabe\u00e7a do bode macho, e o degolar\u00e1 no lugar de onde se degola o holocausto diante do SENHOR. \u00c9 expia\u00e7\u00e3o. <br><span><sup><b>25<\/b><\/sup><\/span> E tomar\u00e1 o sacerdote com seu dedo do sangue da expia\u00e7\u00e3o, e por\u00e1 sobre as pontas do altar do holocausto. E derramar\u00e1 o sangue ao p\u00e9 do altar do holocausto: <br><span><sup><b>26<\/b><\/sup><\/span> E queimar\u00e1 toda a sua gordura sobre o altar, como a gordura do sacrif\u00edcio pac\u00edfico: assim far\u00e1 o sacerdote por ele a expia\u00e7\u00e3o de seu pecado, e ter\u00e1 perd\u00e3o. <\/span><\/p>\n\n\n\n<h3 class=\"wp-block-heading\">O sacrif\u00edcio pelos erros de qualquer pessoa<\/h3>\n\n\n\n<p class=\"has-medium-font-size\" style=\"letter-spacing:1px\"><span><span><sup><b>27<\/b><\/sup><\/span> E se alguma pessoa comum do povo pecar por acidente, fazendo algo contra algum dos mandamentos do SENHOR em coisas que n\u00e3o se devem fazer, e transgredir; <br><span><sup><b>28<\/b><\/sup><\/span> Logo que lhe for conhecido seu pecado que cometeu, trar\u00e1 por sua oferta uma f\u00eamea das cabras, uma cabra sem defeito, por seu pecado que haver\u00e1 cometido. <br><span><sup><b>29<\/b><\/sup><\/span> E por\u00e1 sua m\u00e3o sobre a cabe\u00e7a da expia\u00e7\u00e3o, e a degolar\u00e1 no lugar do holocausto. <br><span><sup><b>30<\/b><\/sup><\/span> Logo tomar\u00e1 o sacerdote em seu dedo de seu sangue, e por\u00e1 sobre as pontas do altar do holocausto. E derramar\u00e1 todo o seu sangue ao p\u00e9 do altar. <br><span><sup><b>31<\/b><\/sup><\/span> E lhe tirar\u00e1 toda a sua gordura, da maneira que foi tirada a gordura do sacrif\u00edcio pac\u00edfico. E o sacerdote a far\u00e1 arder sobre o altar em cheiro suave ao SENHOR. Assim far\u00e1 o sacerdote expia\u00e7\u00e3o por ele, e ser\u00e1 perdoado. <br><span><sup><b>32<\/b><\/sup><\/span> E se trouxer cordeiro para sua oferta pelo pecado, f\u00eamea sem defeito trar\u00e1. <br><span><sup><b>33<\/b><\/sup><\/span> E por\u00e1 sua m\u00e3o sobre a cabe\u00e7a da expia\u00e7\u00e3o, e a degolar\u00e1 por expia\u00e7\u00e3o no lugar onde se degola o holocausto. <br><span><sup><b>34<\/b><\/sup><\/span> Depois tomar\u00e1 o sacerdote com seu dedo do sangue da expia\u00e7\u00e3o, e por\u00e1 sobre as pontas do altar do holocausto. E derramar\u00e1 todo o sangue ao p\u00e9 do altar. <br><span><sup><b>35<\/b><\/sup><\/span> E lhe tirar\u00e1 toda a sua gordura, como foi tirada a gordura do sacrif\u00edcio pac\u00edfico. E a far\u00e1 o sacerdote arder no altar sobre a oferta acesa ao SENHOR. E lhe far\u00e1 o sacerdote expia\u00e7\u00e3o de seu pecado que haver\u00e1 cometido, e ser\u00e1 perdoado.<\/span><\/p>\n\n\n\n<div class=\"wp-block-columns is-layout-flex wp-container-core-columns-is-layout-9d6595d7 wp-block-columns-is-layout-flex\">\n<div class=\"wp-block-column is-layout-flow wp-block-column-is-layout-flow\">\n<p><a href=\"\/levitico-3\">Lev\u00edtico 3<\/a><\/p>\n<\/div>\n\n\n\n<div class=\"wp-block-column is-layout-flow wp-block-column-is-layout-flow\">\n<p class=\"has-text-align-right\"><a href=\"\/levitico-5\">Lev\u00edtico 5<\/a><\/p>\n<\/div>\n<\/div>\n\n\n\n<h2 class=\"wp-block-heading\">Descri\u00e7\u00e3o &#8211; Lev\u00edtico 4<\/h2>\n\n\n\n<p class=\"has-medium-font-size\">Lev\u00edtico 4 detalha o sacrif\u00edcio pelo pecado. Trata-se de um ritual estabelecido por Deus para a expia\u00e7\u00e3o de transgress\u00f5es cometidas de forma involunt\u00e1ria. O sacrif\u00edcio depende do status do pecador \u2014 sumo sacerdote, l\u00edder, comunidade ou indiv\u00edduo. Assim, diferentes animais deveriam ser oferecidos, como um novilho ou uma cabra sem defeito. O sangue era aspergido no altar e diante do v\u00e9u do santu\u00e1rio, simbolizando a purifica\u00e7\u00e3o. Esse cap\u00edtulo refor\u00e7a a seriedade do pecado e a necessidade de arrependimento. Tal se fazia necess\u00e1rio para manter a santidade do povo diante de Deus. No contexto do livro, destaca a import\u00e2ncia da obedi\u00eancia. E do sistema sacrificial na vida de Israel.<\/p>\n\n\n\n<h3 class=\"wp-block-heading\">Livro do Lev\u00edtico:<\/h3>\n\n\n<ul class=\"wp-block-page-list\"><li class=\"wp-block-pages-list__item\"><a class=\"wp-block-pages-list__item__link\" href=\"https:\/\/bibliapresente.com\/postagens\/livros-da-biblia\/levitico\/levitico-1\/\">Lev\u00edtico 1 &#8211; A Oferta do Holocausto<\/a><\/li><li class=\"wp-block-pages-list__item\"><a class=\"wp-block-pages-list__item__link\" href=\"https:\/\/bibliapresente.com\/postagens\/livros-da-biblia\/levitico\/levitico-2\/\">Lev\u00edtico 2 &#8211; A Oferta de Manjares e Gr\u00e3os<\/a><\/li><li class=\"wp-block-pages-list__item\"><a class=\"wp-block-pages-list__item__link\" href=\"https:\/\/bibliapresente.com\/postagens\/livros-da-biblia\/levitico\/levitico-3\/\">Lev\u00edtico 3 &#8211; Oferta Pac\u00edfica e Sacrif\u00edcios<\/a><\/li><li class=\"wp-block-pages-list__item\"><a class=\"wp-block-pages-list__item__link\" href=\"https:\/\/bibliapresente.com\/postagens\/livros-da-biblia\/levitico\/levitico-4\/\">Lev\u00edtico 4 &#8211; A Oferta Pelo Pecado<\/a><\/li><li class=\"wp-block-pages-list__item\"><a class=\"wp-block-pages-list__item__link\" href=\"https:\/\/bibliapresente.com\/postagens\/livros-da-biblia\/levitico\/levitico-5\/\">Lev\u00edtico 5 &#8211; Oferta pela Culpa e Repara\u00e7\u00e3o<\/a><\/li><li class=\"wp-block-pages-list__item\"><a class=\"wp-block-pages-list__item__link\" href=\"https:\/\/bibliapresente.com\/postagens\/livros-da-biblia\/levitico\/levitico-6\/\">Lev\u00edtico 6 &#8211; Leis do Holocausto<\/a><\/li><li class=\"wp-block-pages-list__item\"><a class=\"wp-block-pages-list__item__link\" href=\"https:\/\/bibliapresente.com\/postagens\/livros-da-biblia\/levitico\/levitico-7\/\">Lev\u00edtico 7 &#8211; Ofertas Pac\u00edficas<\/a><\/li><li class=\"wp-block-pages-list__item\"><a class=\"wp-block-pages-list__item__link\" href=\"https:\/\/bibliapresente.com\/postagens\/livros-da-biblia\/levitico\/levitico-8\/\">Lev\u00edtico 8 &#8211; Consagra\u00e7\u00e3o de Aar\u00e3o<\/a><\/li><li class=\"wp-block-pages-list__item\"><a class=\"wp-block-pages-list__item__link\" href=\"https:\/\/bibliapresente.com\/postagens\/livros-da-biblia\/levitico\/levitico-9\/\">Lev\u00edtico 9 &#8211; Primeiro Sacrif\u00edcio de Aar\u00e3o<\/a><\/li><li class=\"wp-block-pages-list__item\"><a class=\"wp-block-pages-list__item__link\" href=\"https:\/\/bibliapresente.com\/postagens\/livros-da-biblia\/levitico\/levitico-10\/\">Lev\u00edtico 10 &#8211; Nadabe e Abi\u00fa<\/a><\/li><li class=\"wp-block-pages-list__item\"><a class=\"wp-block-pages-list__item__link\" href=\"https:\/\/bibliapresente.com\/postagens\/livros-da-biblia\/levitico\/levitico-11\/\">Lev\u00edtico 11 &#8211; Animais Puros e Impuros<\/a><\/li><li class=\"wp-block-pages-list__item\"><a class=\"wp-block-pages-list__item__link\" href=\"https:\/\/bibliapresente.com\/postagens\/livros-da-biblia\/levitico\/levitico-12\/\">Lev\u00edtico 12 &#8211; Purifica\u00e7\u00e3o ap\u00f3s o Parto<\/a><\/li><li class=\"wp-block-pages-list__item\"><a class=\"wp-block-pages-list__item__link\" href=\"https:\/\/bibliapresente.com\/postagens\/livros-da-biblia\/levitico\/levitico-13\/\">Lev\u00edtico 13 &#8211; Lepra e Diagn\u00f3stico<\/a><\/li><li class=\"wp-block-pages-list__item\"><a class=\"wp-block-pages-list__item__link\" href=\"https:\/\/bibliapresente.com\/postagens\/livros-da-biblia\/levitico\/levitico-14\/\">Lev\u00edtico 14 &#8211; Purifica\u00e7\u00e3o do Leproso<\/a><\/li><li class=\"wp-block-pages-list__item\"><a class=\"wp-block-pages-list__item__link\" href=\"https:\/\/bibliapresente.com\/postagens\/livros-da-biblia\/levitico\/levitico-15\/\">Lev\u00edtico 15 &#8211; Fluxos Corporais e Impureza<\/a><\/li><li class=\"wp-block-pages-list__item\"><a class=\"wp-block-pages-list__item__link\" href=\"https:\/\/bibliapresente.com\/postagens\/livros-da-biblia\/levitico\/levitico-16\/\">Lev\u00edtico 16 &#8211; Yom Kipur: O Dia da Expia\u00e7\u00e3o<\/a><\/li><li class=\"wp-block-pages-list__item\"><a class=\"wp-block-pages-list__item__link\" href=\"https:\/\/bibliapresente.com\/postagens\/livros-da-biblia\/levitico\/levitico-17\/\">Lev\u00edtico 17 &#8211; A Proibi\u00e7\u00e3o de Comer Sangue<\/a><\/li><li class=\"wp-block-pages-list__item\"><a class=\"wp-block-pages-list__item__link\" href=\"https:\/\/bibliapresente.com\/postagens\/livros-da-biblia\/levitico\/levitico-18\/\">Lev\u00edtico 18 &#8211; Leis sobre Imoralidade<\/a><\/li><li class=\"wp-block-pages-list__item\"><a class=\"wp-block-pages-list__item__link\" href=\"https:\/\/bibliapresente.com\/postagens\/livros-da-biblia\/levitico\/levitico-19\/\">Lev\u00edtico 19 &#8211; Leis de Santidade<\/a><\/li><li class=\"wp-block-pages-list__item\"><a class=\"wp-block-pages-list__item__link\" href=\"https:\/\/bibliapresente.com\/postagens\/livros-da-biblia\/levitico\/levitico-20\/\">Lev\u00edtico 20 &#8211; Puni\u00e7\u00f5es para Pecados Graves<\/a><\/li><li class=\"wp-block-pages-list__item\"><a class=\"wp-block-pages-list__item__link\" href=\"https:\/\/bibliapresente.com\/postagens\/livros-da-biblia\/levitico\/levitico-21\/\">Lev\u00edtico 21 &#8211; Regras para Sacerdotes<\/a><\/li><li class=\"wp-block-pages-list__item\"><a class=\"wp-block-pages-list__item__link\" href=\"https:\/\/bibliapresente.com\/postagens\/livros-da-biblia\/levitico\/levitico-22\/\">Lev\u00edtico 22 &#8211; A Aceita\u00e7\u00e3o de Ofertas<\/a><\/li><li class=\"wp-block-pages-list__item\"><a class=\"wp-block-pages-list__item__link\" href=\"https:\/\/bibliapresente.com\/postagens\/livros-da-biblia\/levitico\/levitico-23\/\">Lev\u00edtico 23 &#8211; As Festas Sagradas<\/a><\/li><li class=\"wp-block-pages-list__item\"><a class=\"wp-block-pages-list__item__link\" href=\"https:\/\/bibliapresente.com\/postagens\/livros-da-biblia\/levitico\/levitico-24\/\">Lev\u00edtico 24 &#8211; O Castigo pela Blasf\u00eamia<\/a><\/li><li class=\"wp-block-pages-list__item\"><a class=\"wp-block-pages-list__item__link\" href=\"https:\/\/bibliapresente.com\/postagens\/livros-da-biblia\/levitico\/levitico-25\/\">Lev\u00edtico 25 &#8211; O Ano Sab\u00e1tico e o Jubileu<\/a><\/li><li class=\"wp-block-pages-list__item\"><a class=\"wp-block-pages-list__item__link\" href=\"https:\/\/bibliapresente.com\/postagens\/livros-da-biblia\/levitico\/levitico-26\/\">Lev\u00edtico 26 &#8211; B\u00ean\u00e7\u00e3os e Maldi\u00e7\u00f5es pela Lei<\/a><\/li><li class=\"wp-block-pages-list__item\"><a class=\"wp-block-pages-list__item__link\" href=\"https:\/\/bibliapresente.com\/postagens\/livros-da-biblia\/levitico\/levitico-27\/\">Lev\u00edtico 27 &#8211; Leis sobre Votos e D\u00edzimos<\/a><\/li><\/ul>\n\n\n<p><\/p>\n","protected":false},"excerpt":{"rendered":"<p>O sacrif\u00edcio pelos erros dos sacerdotes 1 E falou o SENHOR a Mois\u00e9s, dizendo: 2 Fala aos filhos de Israel, dizendo: Quando alguma pessoa pecar por acidente em algum dos mandamentos do SENHOR sobre coisas que n\u00e3o se devem fazer, e agir contra algum deles; 3 Se sacerdote ungido pecar segundo o pecado do povo, &hellip; <\/p>\n","protected":false},"author":2,"featured_media":713,"parent":712,"menu_order":4,"comment_status":"closed","ping_status":"closed","template":"","meta":{"om_disable_all_campaigns":false,"_monsterinsights_skip_tracking":false,"_monsterinsights_sitenote_active":false,"_monsterinsights_sitenote_note":"","_monsterinsights_sitenote_category":0,"footnotes":""},"class_list":["post-721","page","type-page","status-publish","has-post-thumbnail","hentry"],"aioseo_notices":[],"_links":{"self":[{"href":"https:\/\/bibliapresente.com\/postagens\/wp-json\/wp\/v2\/pages\/721","targetHints":{"allow":["GET"]}}],"collection":[{"href":"https:\/\/bibliapresente.com\/postagens\/wp-json\/wp\/v2\/pages"}],"about":[{"href":"https:\/\/bibliapresente.com\/postagens\/wp-json\/wp\/v2\/types\/page"}],"author":[{"embeddable":true,"href":"https:\/\/bibliapresente.com\/postagens\/wp-json\/wp\/v2\/users\/2"}],"replies":[{"embeddable":true,"href":"https:\/\/bibliapresente.com\/postagens\/wp-json\/wp\/v2\/comments?post=721"}],"version-history":[{"count":5,"href":"https:\/\/bibliapresente.com\/postagens\/wp-json\/wp\/v2\/pages\/721\/revisions"}],"predecessor-version":[{"id":1338,"href":"https:\/\/bibliapresente.com\/postagens\/wp-json\/wp\/v2\/pages\/721\/revisions\/1338"}],"up":[{"embeddable":true,"href":"https:\/\/bibliapresente.com\/postagens\/wp-json\/wp\/v2\/pages\/712"}],"wp:featuredmedia":[{"embeddable":true,"href":"https:\/\/bibliapresente.com\/postagens\/wp-json\/wp\/v2\/media\/713"}],"wp:attachment":[{"href":"https:\/\/bibliapresente.com\/postagens\/wp-json\/wp\/v2\/media?parent=721"}],"curies":[{"name":"wp","href":"https:\/\/api.w.org\/{rel}","templated":true}]}}