{"id":719,"date":"2025-02-03T17:25:42","date_gmt":"2025-02-03T20:25:42","guid":{"rendered":"https:\/\/bibliapresente.com\/postagens\/?page_id=719"},"modified":"2025-02-03T17:25:42","modified_gmt":"2025-02-03T20:25:42","slug":"levitico-3","status":"publish","type":"page","link":"https:\/\/bibliapresente.com\/postagens\/livros-da-biblia\/levitico\/levitico-3\/","title":{"rendered":"Lev\u00edtico 3 &#8211; Oferta Pac\u00edfica e Sacrif\u00edcios"},"content":{"rendered":"\n<p class=\"has-medium-font-size\" style=\"letter-spacing:1px\"><span><span><sup><b>1<\/b><\/sup><\/span> E se sua oferta for sacrif\u00edcio pac\u00edfico, se houver de oferec\u00ea-lo de gado vacum, seja macho ou f\u00eamea, sem defeito o oferecer\u00e1 diante do SENHOR: <br><span><sup><b>2<\/b><\/sup><\/span> E por\u00e1 sua m\u00e3o sobre a cabe\u00e7a de sua oferta, e a degolar\u00e1 \u00e0 porta do tabern\u00e1culo do testemunho; e os sacerdotes, filhos de Ar\u00e3o, espargir\u00e3o seu sangue sobre o altar em derredor. <br><span><sup><b>3<\/b><\/sup><\/span> Logo oferecer\u00e1 do sacrif\u00edcio pac\u00edfico, por oferta acesa ao SENHOR, a gordura que cobre os intestinos, e toda a gordura que est\u00e1 sobre as entranhas, <br><span><sup><b>4<\/b><\/sup><\/span> E os dois rins, e a gordura que est\u00e1 sobre eles, e sobre os lombos, e com os rins tirar\u00e1 o redenho que est\u00e1 sobre o f\u00edgado. <br><span><sup><b>5<\/b><\/sup><\/span> E os filhos de Ar\u00e3o far\u00e3o arder isto no altar, sobre o holocausto que estar\u00e1 sobre a lenha que haver\u00e1 encima do fogo; \u00e9 oferta de cheiro suave ao SENHOR. <br><span><sup><b>6<\/b><\/sup><\/span> Mas se de ovelhas for sua oferta para sacrif\u00edcio pac\u00edfico ao SENHOR, seja macho ou f\u00eamea, oferec\u00ea-la-\u00e1 sem m\u00e1cula. <br><span><sup><b>7<\/b><\/sup><\/span> Se oferecer cordeiro por sua oferta, h\u00e1 de oferec\u00ea-lo diante do SENHOR: <br><span><sup><b>8<\/b><\/sup><\/span> E por\u00e1 sua m\u00e3o sobre a cabe\u00e7a de sua oferta, e depois a degolar\u00e1 diante do tabern\u00e1culo do testemunho; e os filhos de Ar\u00e3o espargir\u00e3o seu sangue sobre o altar em derredor. <br><span><sup><b>9<\/b><\/sup><\/span> E do sacrif\u00edcio pac\u00edfico oferecer\u00e1 por oferta acesa ao SENHOR, sua gordura, e a cauda inteira, a qual tirar\u00e1 a raiz do espinha\u00e7o, e a gordura que cobre os intestinos, e toda a gordura que est\u00e1 sobre as entranhas: <br><span><sup><b>10<\/b><\/sup><\/span> Tamb\u00e9m os dois rins, e a gordura que est\u00e1 sobre eles, e o que est\u00e1 sobre os lombos, e com os rins tirar\u00e1 o redenho de sobre o f\u00edgado. <br><span><sup><b>11<\/b><\/sup><\/span> E o sacerdote far\u00e1 arder isto sobre o altar; comida de oferta acesa ao SENHOR. <br><span><sup><b>12<\/b><\/sup><\/span> E se for cabra sua oferta oferec\u00ea-la-\u00e1 diante do SENHOR: <br><span><sup><b>13<\/b><\/sup><\/span> E por\u00e1 sua m\u00e3o sobre a cabe\u00e7a dela, e a degolar\u00e1 diante do tabern\u00e1culo do testemunho; e os filhos de Ar\u00e3o espargir\u00e3o seu sangue sobre o altar em derredor. <br><span><sup><b>14<\/b><\/sup><\/span> Depois oferecer\u00e1 dela sua oferta acesa ao SENHOR; a gordura que cobre os intestinos, e toda a gordura que est\u00e1 sobre as entranhas, <br><span><sup><b>15<\/b><\/sup><\/span> E os dois rins, e a gordura que est\u00e1 sobre eles, e o que est\u00e1 sobre os lombos, e com os rins tirar\u00e1 o redenho de sobre o f\u00edgado. <br><span><sup><b>16<\/b><\/sup><\/span> E o sacerdote far\u00e1 arder isto sobre o altar; \u00e9 comida de oferta que se queima em cheiro suave ao SENHOR: a gordura tudo \u00e9 do SENHOR. <br><span><sup><b>17<\/b><\/sup><\/span> Estatuto perp\u00e9tuo por vossas gera\u00e7\u00f5es; em todas as vossas moradas, nenhuma gordura nem nenhum sangue comereis.<\/span><\/p>\n\n\n\n<div class=\"wp-block-columns is-layout-flex wp-container-core-columns-is-layout-9d6595d7 wp-block-columns-is-layout-flex\">\n<div class=\"wp-block-column is-layout-flow wp-block-column-is-layout-flow\">\n<p><a href=\"\/levitico-2\">Lev\u00edtico 2<\/a><\/p>\n<\/div>\n\n\n\n<div class=\"wp-block-column is-layout-flow wp-block-column-is-layout-flow\">\n<p class=\"has-text-align-right\"><a href=\"\/levitico-4\">Lev\u00edtico 4<\/a><\/p>\n<\/div>\n<\/div>\n\n\n\n<h2 class=\"wp-block-heading\">Descri\u00e7\u00e3o &#8211; Lev\u00edtico 3<\/h2>\n\n\n\n<p class=\"has-medium-font-size\">Lev\u00edtico 3 apresenta as ofertas de paz, um sacrif\u00edcio volunt\u00e1rio feito para agradecer a Deus e buscar comunh\u00e3o com Ele. Os israelitas podiam oferecer bois, ovelhas ou cabras sem defeito, cujo sangue era derramado ao redor do altar. A gordura e os \u00f3rg\u00e3os espec\u00edficos eram queimados como aroma agrad\u00e1vel ao Senhor. Enquanto o restante da carne podia ser compartilhado em uma refei\u00e7\u00e3o sagrada. Esse sacrif\u00edcio simbolizava a harmonia entre Deus e Seu povo. No contexto do livro, as ofertas de paz refor\u00e7am a ideia de santidade e relacionamento com Deus, fundamentais para a vida religiosa e comunit\u00e1ria de Israel.<\/p>\n\n\n\n<h3 class=\"wp-block-heading\">Livro do Lev\u00edtico:<\/h3>\n\n\n<ul class=\"wp-block-page-list\"><li class=\"wp-block-pages-list__item\"><a class=\"wp-block-pages-list__item__link\" href=\"https:\/\/bibliapresente.com\/postagens\/livros-da-biblia\/levitico\/levitico-1\/\">Lev\u00edtico 1 &#8211; A Oferta do Holocausto<\/a><\/li><li class=\"wp-block-pages-list__item\"><a class=\"wp-block-pages-list__item__link\" href=\"https:\/\/bibliapresente.com\/postagens\/livros-da-biblia\/levitico\/levitico-2\/\">Lev\u00edtico 2 &#8211; A Oferta de Manjares e Gr\u00e3os<\/a><\/li><li class=\"wp-block-pages-list__item\"><a class=\"wp-block-pages-list__item__link\" href=\"https:\/\/bibliapresente.com\/postagens\/livros-da-biblia\/levitico\/levitico-3\/\">Lev\u00edtico 3 &#8211; Oferta Pac\u00edfica e Sacrif\u00edcios<\/a><\/li><li class=\"wp-block-pages-list__item\"><a class=\"wp-block-pages-list__item__link\" href=\"https:\/\/bibliapresente.com\/postagens\/livros-da-biblia\/levitico\/levitico-4\/\">Lev\u00edtico 4 &#8211; A Oferta Pelo Pecado<\/a><\/li><li class=\"wp-block-pages-list__item\"><a class=\"wp-block-pages-list__item__link\" href=\"https:\/\/bibliapresente.com\/postagens\/livros-da-biblia\/levitico\/levitico-5\/\">Lev\u00edtico 5 &#8211; Oferta pela Culpa e Repara\u00e7\u00e3o<\/a><\/li><li class=\"wp-block-pages-list__item\"><a class=\"wp-block-pages-list__item__link\" href=\"https:\/\/bibliapresente.com\/postagens\/livros-da-biblia\/levitico\/levitico-6\/\">Lev\u00edtico 6 &#8211; Leis do Holocausto<\/a><\/li><li class=\"wp-block-pages-list__item\"><a class=\"wp-block-pages-list__item__link\" href=\"https:\/\/bibliapresente.com\/postagens\/livros-da-biblia\/levitico\/levitico-7\/\">Lev\u00edtico 7 &#8211; Ofertas Pac\u00edficas<\/a><\/li><li class=\"wp-block-pages-list__item\"><a class=\"wp-block-pages-list__item__link\" href=\"https:\/\/bibliapresente.com\/postagens\/livros-da-biblia\/levitico\/levitico-8\/\">Lev\u00edtico 8 &#8211; Consagra\u00e7\u00e3o de Aar\u00e3o<\/a><\/li><li class=\"wp-block-pages-list__item\"><a class=\"wp-block-pages-list__item__link\" href=\"https:\/\/bibliapresente.com\/postagens\/livros-da-biblia\/levitico\/levitico-9\/\">Lev\u00edtico 9 &#8211; Primeiro Sacrif\u00edcio de Aar\u00e3o<\/a><\/li><li class=\"wp-block-pages-list__item\"><a class=\"wp-block-pages-list__item__link\" href=\"https:\/\/bibliapresente.com\/postagens\/livros-da-biblia\/levitico\/levitico-10\/\">Lev\u00edtico 10 &#8211; Nadabe e Abi\u00fa<\/a><\/li><li class=\"wp-block-pages-list__item\"><a class=\"wp-block-pages-list__item__link\" href=\"https:\/\/bibliapresente.com\/postagens\/livros-da-biblia\/levitico\/levitico-11\/\">Lev\u00edtico 11 &#8211; Animais Puros e Impuros<\/a><\/li><li class=\"wp-block-pages-list__item\"><a class=\"wp-block-pages-list__item__link\" href=\"https:\/\/bibliapresente.com\/postagens\/livros-da-biblia\/levitico\/levitico-12\/\">Lev\u00edtico 12 &#8211; Purifica\u00e7\u00e3o ap\u00f3s o Parto<\/a><\/li><li class=\"wp-block-pages-list__item\"><a class=\"wp-block-pages-list__item__link\" href=\"https:\/\/bibliapresente.com\/postagens\/livros-da-biblia\/levitico\/levitico-13\/\">Lev\u00edtico 13 &#8211; Lepra e Diagn\u00f3stico<\/a><\/li><li class=\"wp-block-pages-list__item\"><a class=\"wp-block-pages-list__item__link\" href=\"https:\/\/bibliapresente.com\/postagens\/livros-da-biblia\/levitico\/levitico-14\/\">Lev\u00edtico 14 &#8211; Purifica\u00e7\u00e3o do Leproso<\/a><\/li><li class=\"wp-block-pages-list__item\"><a class=\"wp-block-pages-list__item__link\" href=\"https:\/\/bibliapresente.com\/postagens\/livros-da-biblia\/levitico\/levitico-15\/\">Lev\u00edtico 15 &#8211; Fluxos Corporais e Impureza<\/a><\/li><li class=\"wp-block-pages-list__item\"><a class=\"wp-block-pages-list__item__link\" href=\"https:\/\/bibliapresente.com\/postagens\/livros-da-biblia\/levitico\/levitico-16\/\">Lev\u00edtico 16 &#8211; Yom Kipur: O Dia da Expia\u00e7\u00e3o<\/a><\/li><li class=\"wp-block-pages-list__item\"><a class=\"wp-block-pages-list__item__link\" href=\"https:\/\/bibliapresente.com\/postagens\/livros-da-biblia\/levitico\/levitico-17\/\">Lev\u00edtico 17 &#8211; A Proibi\u00e7\u00e3o de Comer Sangue<\/a><\/li><li class=\"wp-block-pages-list__item\"><a class=\"wp-block-pages-list__item__link\" href=\"https:\/\/bibliapresente.com\/postagens\/livros-da-biblia\/levitico\/levitico-18\/\">Lev\u00edtico 18 &#8211; Leis sobre Imoralidade<\/a><\/li><li class=\"wp-block-pages-list__item\"><a class=\"wp-block-pages-list__item__link\" href=\"https:\/\/bibliapresente.com\/postagens\/livros-da-biblia\/levitico\/levitico-19\/\">Lev\u00edtico 19 &#8211; Leis de Santidade<\/a><\/li><li class=\"wp-block-pages-list__item\"><a class=\"wp-block-pages-list__item__link\" href=\"https:\/\/bibliapresente.com\/postagens\/livros-da-biblia\/levitico\/levitico-20\/\">Lev\u00edtico 20 &#8211; Puni\u00e7\u00f5es para Pecados Graves<\/a><\/li><li class=\"wp-block-pages-list__item\"><a class=\"wp-block-pages-list__item__link\" href=\"https:\/\/bibliapresente.com\/postagens\/livros-da-biblia\/levitico\/levitico-21\/\">Lev\u00edtico 21 &#8211; Regras para Sacerdotes<\/a><\/li><li class=\"wp-block-pages-list__item\"><a class=\"wp-block-pages-list__item__link\" href=\"https:\/\/bibliapresente.com\/postagens\/livros-da-biblia\/levitico\/levitico-22\/\">Lev\u00edtico 22 &#8211; A Aceita\u00e7\u00e3o de Ofertas<\/a><\/li><li class=\"wp-block-pages-list__item\"><a class=\"wp-block-pages-list__item__link\" href=\"https:\/\/bibliapresente.com\/postagens\/livros-da-biblia\/levitico\/levitico-23\/\">Lev\u00edtico 23 &#8211; As Festas Sagradas<\/a><\/li><li class=\"wp-block-pages-list__item\"><a class=\"wp-block-pages-list__item__link\" href=\"https:\/\/bibliapresente.com\/postagens\/livros-da-biblia\/levitico\/levitico-24\/\">Lev\u00edtico 24 &#8211; O Castigo pela Blasf\u00eamia<\/a><\/li><li class=\"wp-block-pages-list__item\"><a class=\"wp-block-pages-list__item__link\" href=\"https:\/\/bibliapresente.com\/postagens\/livros-da-biblia\/levitico\/levitico-25\/\">Lev\u00edtico 25 &#8211; O Ano Sab\u00e1tico e o Jubileu<\/a><\/li><li class=\"wp-block-pages-list__item\"><a class=\"wp-block-pages-list__item__link\" href=\"https:\/\/bibliapresente.com\/postagens\/livros-da-biblia\/levitico\/levitico-26\/\">Lev\u00edtico 26 &#8211; B\u00ean\u00e7\u00e3os e Maldi\u00e7\u00f5es pela Lei<\/a><\/li><li class=\"wp-block-pages-list__item\"><a class=\"wp-block-pages-list__item__link\" href=\"https:\/\/bibliapresente.com\/postagens\/livros-da-biblia\/levitico\/levitico-27\/\">Lev\u00edtico 27 &#8211; Leis sobre Votos e D\u00edzimos<\/a><\/li><\/ul>\n\n\n<p><\/p>\n","protected":false},"excerpt":{"rendered":"<p>1 E se sua oferta for sacrif\u00edcio pac\u00edfico, se houver de oferec\u00ea-lo de gado vacum, seja macho ou f\u00eamea, sem defeito o oferecer\u00e1 diante do SENHOR: 2 E por\u00e1 sua m\u00e3o sobre a cabe\u00e7a de sua oferta, e a degolar\u00e1 \u00e0 porta do tabern\u00e1culo do testemunho; e os sacerdotes, filhos de Ar\u00e3o, espargir\u00e3o seu sangue &hellip; <\/p>\n","protected":false},"author":2,"featured_media":713,"parent":712,"menu_order":3,"comment_status":"closed","ping_status":"closed","template":"","meta":{"om_disable_all_campaigns":false,"_monsterinsights_skip_tracking":false,"_monsterinsights_sitenote_active":false,"_monsterinsights_sitenote_note":"","_monsterinsights_sitenote_category":0,"footnotes":""},"class_list":["post-719","page","type-page","status-publish","has-post-thumbnail","hentry"],"aioseo_notices":[],"_links":{"self":[{"href":"https:\/\/bibliapresente.com\/postagens\/wp-json\/wp\/v2\/pages\/719","targetHints":{"allow":["GET"]}}],"collection":[{"href":"https:\/\/bibliapresente.com\/postagens\/wp-json\/wp\/v2\/pages"}],"about":[{"href":"https:\/\/bibliapresente.com\/postagens\/wp-json\/wp\/v2\/types\/page"}],"author":[{"embeddable":true,"href":"https:\/\/bibliapresente.com\/postagens\/wp-json\/wp\/v2\/users\/2"}],"replies":[{"embeddable":true,"href":"https:\/\/bibliapresente.com\/postagens\/wp-json\/wp\/v2\/comments?post=719"}],"version-history":[{"count":5,"href":"https:\/\/bibliapresente.com\/postagens\/wp-json\/wp\/v2\/pages\/719\/revisions"}],"predecessor-version":[{"id":1337,"href":"https:\/\/bibliapresente.com\/postagens\/wp-json\/wp\/v2\/pages\/719\/revisions\/1337"}],"up":[{"embeddable":true,"href":"https:\/\/bibliapresente.com\/postagens\/wp-json\/wp\/v2\/pages\/712"}],"wp:featuredmedia":[{"embeddable":true,"href":"https:\/\/bibliapresente.com\/postagens\/wp-json\/wp\/v2\/media\/713"}],"wp:attachment":[{"href":"https:\/\/bibliapresente.com\/postagens\/wp-json\/wp\/v2\/media?parent=719"}],"curies":[{"name":"wp","href":"https:\/\/api.w.org\/{rel}","templated":true}]}}