{"id":715,"date":"2025-01-29T15:56:30","date_gmt":"2025-01-29T18:56:30","guid":{"rendered":"https:\/\/bibliapresente.com\/postagens\/?page_id=715"},"modified":"2025-02-03T17:22:18","modified_gmt":"2025-02-03T20:22:18","slug":"levitico-1","status":"publish","type":"page","link":"https:\/\/bibliapresente.com\/postagens\/livros-da-biblia\/levitico\/levitico-1\/","title":{"rendered":"Lev\u00edtico 1 &#8211; A Oferta do Holocausto"},"content":{"rendered":"\n<p class=\"has-medium-font-size\" style=\"letter-spacing:1px\"><span><span><sup><b>1<\/b><\/sup><\/span> E chamou o SENHOR a Mois\u00e9s, e falou com ele desde o tabern\u00e1culo do testemunho, dizendo: <br><span><sup><b>2<\/b><\/sup><\/span> Fala aos filhos de Israel, e dize-lhes: Quando algum dentre v\u00f3s oferecer oferta ao SENHOR, de gado vacum ou ovelha fareis vossa oferta. <br><span><sup><b>3<\/b><\/sup><\/span> Se sua oferta for holocausto de vacas, macho sem m\u00e1cula o oferecer\u00e1: de sua vontade o oferecer\u00e1 \u00e0 porta do tabern\u00e1culo do testemunho diante do SENHOR. <br><span><sup><b>4<\/b><\/sup><\/span> E por\u00e1 sua m\u00e3o sobre a cabe\u00e7a do holocausto; e ele o aceitar\u00e1 para expiar-lhe. <br><span><sup><b>5<\/b><\/sup><\/span> Ent\u00e3o degolar\u00e1 o bezerro na presen\u00e7a do SENHOR; e os sacerdotes, filhos de Ar\u00e3o, oferecer\u00e3o o sangue, e o espargir\u00e3o ao redor sobre o altar, o qual est\u00e1 \u00e0 porta do tabern\u00e1culo do testemunho. <br><span><sup><b>6<\/b><\/sup><\/span> E tirar\u00e1 a pele do holocausto, e o dividir\u00e1 em suas pe\u00e7as. <br><span><sup><b>7<\/b><\/sup><\/span> E os filhos de Ar\u00e3o sacerdote por\u00e3o fogo sobre o altar, e por\u00e3o a lenha sobre o fogo. <br><span><sup><b>8<\/b><\/sup><\/span> Logo os sacerdotes, filhos de Ar\u00e3o, acomodar\u00e3o as pe\u00e7as, a cabe\u00e7a e o redenho, sobre a lenha que est\u00e1 sobre o fogo, que haver\u00e1 encima do altar: <br><span><sup><b>9<\/b><\/sup><\/span> E lavar\u00e1 com \u00e1gua seus intestinos e suas pernas: e o sacerdote far\u00e1 arder tudo sobre o altar: holocausto \u00e9, oferta acesa de cheiro suave ao SENHOR. <br><span><sup><b>10<\/b><\/sup><\/span> E se sua oferta para holocausto for de ovelhas, dos cordeiros, ou das cabras, macho sem defeito o oferecer\u00e1. <br><span><sup><b>11<\/b><\/sup><\/span> E h\u00e1 de degol\u00e1-lo ao lado norte do altar diante do SENHOR: e os sacerdotes, filhos de Ar\u00e3o, espargir\u00e3o seu sangue sobre o altar ao redor. <br><span><sup><b>12<\/b><\/sup><\/span> E o dividir\u00e1 em suas pe\u00e7as, com sua cabe\u00e7a e seu redenho; e o sacerdote as acomodar\u00e1 sobre a lenha que est\u00e1 sobre o fogo, que haver\u00e1 encima do altar; <br><span><sup><b>13<\/b><\/sup><\/span> E lavar\u00e1 suas entranhas e suas pernas com \u00e1gua; e o sacerdote o oferecer\u00e1 tudo, e o far\u00e1 arder sobre o altar; holocausto \u00e9, oferta acesa de cheiro suave ao SENHOR. <br><span><sup><b>14<\/b><\/sup><\/span> E se o holocausto se houver de oferecer ao SENHOR de aves, apresentar\u00e1 sua oferta de rolinhas, ou de pombinhos. <br><span><sup><b>15<\/b><\/sup><\/span> E o sacerdote a oferecer\u00e1 sobre o altar, e h\u00e1 de tirar-lhe a cabe\u00e7a, e far\u00e1 que arda no altar; e seu sangue ser\u00e1 espremido sobre a parede do altar. <br><span><sup><b>16<\/b><\/sup><\/span> E lhe h\u00e1 de tirar o papo e as penas, o qual lan\u00e7ar\u00e1 junto ao altar, at\u00e9 o oriente, no lugar das cinzas. <br><span><sup><b>17<\/b><\/sup><\/span> E a fender\u00e1 por suas asas, mas n\u00e3o a dividir\u00e1 em dois: e o sacerdote a far\u00e1 arder sobre o altar, sobre a lenha que estar\u00e1 no fogo; holocausto \u00e9, oferta acesa de cheiro suave ao SENHOR.<\/span><\/p>\n\n\n\n<div class=\"wp-block-columns is-layout-flex wp-container-core-columns-is-layout-9d6595d7 wp-block-columns-is-layout-flex\">\n<div class=\"wp-block-column is-layout-flow wp-block-column-is-layout-flow\">\n<p><a href=\"\/exodo-40\">\u00caxodo 40<\/a><\/p>\n<\/div>\n\n\n\n<div class=\"wp-block-column is-layout-flow wp-block-column-is-layout-flow\">\n<p class=\"has-text-align-right\"><a href=\"\/levitico-2\">Lev\u00edtico 2<\/a><\/p>\n<\/div>\n<\/div>\n\n\n\n<h2 class=\"wp-block-heading\">Descri\u00e7\u00e3o &#8211; Lev\u00edtico 1<\/h2>\n\n\n\n<p class=\"has-medium-font-size\">Lev\u00edtico 1 inicia as instru\u00e7\u00f5es sobre os sacrif\u00edcios no Tabern\u00e1culo, detalhando as ofertas de holocausto. Deus ordena que os israelitas tragam animais sem defeito, como bois, ovelhas ou pombas, para serem sacrificados no altar como sinal de expia\u00e7\u00e3o e adora\u00e7\u00e3o. O sangue do animal \u00e9 derramado, simbolizando a purifica\u00e7\u00e3o do ofertante. Este cap\u00edtulo marca o come\u00e7o das leis sacrificiais, essenciais para a comunh\u00e3o entre Deus e Seu povo. O livro de Lev\u00edtico enfatiza a santidade e a necessidade de seguir os rituais estabelecidos por Deus, preparando Israel para viver em alian\u00e7a com Ele de maneira pura e consagrada.<\/p>\n\n\n\n<h3 class=\"wp-block-heading\">Livro do Lev\u00edtico:<\/h3>\n\n\n<ul class=\"wp-block-page-list\"><li class=\"wp-block-pages-list__item\"><a class=\"wp-block-pages-list__item__link\" href=\"https:\/\/bibliapresente.com\/postagens\/livros-da-biblia\/levitico\/levitico-1\/\">Lev\u00edtico 1 &#8211; A Oferta do Holocausto<\/a><\/li><li class=\"wp-block-pages-list__item\"><a class=\"wp-block-pages-list__item__link\" href=\"https:\/\/bibliapresente.com\/postagens\/livros-da-biblia\/levitico\/levitico-2\/\">Lev\u00edtico 2 &#8211; A Oferta de Manjares e Gr\u00e3os<\/a><\/li><li class=\"wp-block-pages-list__item\"><a class=\"wp-block-pages-list__item__link\" href=\"https:\/\/bibliapresente.com\/postagens\/livros-da-biblia\/levitico\/levitico-3\/\">Lev\u00edtico 3 &#8211; Oferta Pac\u00edfica e Sacrif\u00edcios<\/a><\/li><li class=\"wp-block-pages-list__item\"><a class=\"wp-block-pages-list__item__link\" href=\"https:\/\/bibliapresente.com\/postagens\/livros-da-biblia\/levitico\/levitico-4\/\">Lev\u00edtico 4 &#8211; A Oferta Pelo Pecado<\/a><\/li><li class=\"wp-block-pages-list__item\"><a class=\"wp-block-pages-list__item__link\" href=\"https:\/\/bibliapresente.com\/postagens\/livros-da-biblia\/levitico\/levitico-5\/\">Lev\u00edtico 5 &#8211; Oferta pela Culpa e Repara\u00e7\u00e3o<\/a><\/li><li class=\"wp-block-pages-list__item\"><a class=\"wp-block-pages-list__item__link\" href=\"https:\/\/bibliapresente.com\/postagens\/livros-da-biblia\/levitico\/levitico-6\/\">Lev\u00edtico 6 &#8211; Leis do Holocausto<\/a><\/li><li class=\"wp-block-pages-list__item\"><a class=\"wp-block-pages-list__item__link\" href=\"https:\/\/bibliapresente.com\/postagens\/livros-da-biblia\/levitico\/levitico-7\/\">Lev\u00edtico 7 &#8211; Ofertas Pac\u00edficas<\/a><\/li><li class=\"wp-block-pages-list__item\"><a class=\"wp-block-pages-list__item__link\" href=\"https:\/\/bibliapresente.com\/postagens\/livros-da-biblia\/levitico\/levitico-8\/\">Lev\u00edtico 8 &#8211; Consagra\u00e7\u00e3o de Aar\u00e3o<\/a><\/li><li class=\"wp-block-pages-list__item\"><a class=\"wp-block-pages-list__item__link\" href=\"https:\/\/bibliapresente.com\/postagens\/livros-da-biblia\/levitico\/levitico-9\/\">Lev\u00edtico 9 &#8211; Primeiro Sacrif\u00edcio de Aar\u00e3o<\/a><\/li><li class=\"wp-block-pages-list__item\"><a class=\"wp-block-pages-list__item__link\" href=\"https:\/\/bibliapresente.com\/postagens\/livros-da-biblia\/levitico\/levitico-10\/\">Lev\u00edtico 10 &#8211; Nadabe e Abi\u00fa<\/a><\/li><li class=\"wp-block-pages-list__item\"><a class=\"wp-block-pages-list__item__link\" href=\"https:\/\/bibliapresente.com\/postagens\/livros-da-biblia\/levitico\/levitico-11\/\">Lev\u00edtico 11 &#8211; Animais Puros e Impuros<\/a><\/li><li class=\"wp-block-pages-list__item\"><a class=\"wp-block-pages-list__item__link\" href=\"https:\/\/bibliapresente.com\/postagens\/livros-da-biblia\/levitico\/levitico-12\/\">Lev\u00edtico 12 &#8211; Purifica\u00e7\u00e3o ap\u00f3s o Parto<\/a><\/li><li class=\"wp-block-pages-list__item\"><a class=\"wp-block-pages-list__item__link\" href=\"https:\/\/bibliapresente.com\/postagens\/livros-da-biblia\/levitico\/levitico-13\/\">Lev\u00edtico 13 &#8211; Lepra e Diagn\u00f3stico<\/a><\/li><li class=\"wp-block-pages-list__item\"><a class=\"wp-block-pages-list__item__link\" href=\"https:\/\/bibliapresente.com\/postagens\/livros-da-biblia\/levitico\/levitico-14\/\">Lev\u00edtico 14 &#8211; Purifica\u00e7\u00e3o do Leproso<\/a><\/li><li class=\"wp-block-pages-list__item\"><a class=\"wp-block-pages-list__item__link\" href=\"https:\/\/bibliapresente.com\/postagens\/livros-da-biblia\/levitico\/levitico-15\/\">Lev\u00edtico 15 &#8211; Fluxos Corporais e Impureza<\/a><\/li><li class=\"wp-block-pages-list__item\"><a class=\"wp-block-pages-list__item__link\" href=\"https:\/\/bibliapresente.com\/postagens\/livros-da-biblia\/levitico\/levitico-16\/\">Lev\u00edtico 16 &#8211; Yom Kipur: O Dia da Expia\u00e7\u00e3o<\/a><\/li><li class=\"wp-block-pages-list__item\"><a class=\"wp-block-pages-list__item__link\" href=\"https:\/\/bibliapresente.com\/postagens\/livros-da-biblia\/levitico\/levitico-17\/\">Lev\u00edtico 17 &#8211; A Proibi\u00e7\u00e3o de Comer Sangue<\/a><\/li><li class=\"wp-block-pages-list__item\"><a class=\"wp-block-pages-list__item__link\" href=\"https:\/\/bibliapresente.com\/postagens\/livros-da-biblia\/levitico\/levitico-18\/\">Lev\u00edtico 18 &#8211; Leis sobre Imoralidade<\/a><\/li><li class=\"wp-block-pages-list__item\"><a class=\"wp-block-pages-list__item__link\" href=\"https:\/\/bibliapresente.com\/postagens\/livros-da-biblia\/levitico\/levitico-19\/\">Lev\u00edtico 19 &#8211; Leis de Santidade<\/a><\/li><li class=\"wp-block-pages-list__item\"><a class=\"wp-block-pages-list__item__link\" href=\"https:\/\/bibliapresente.com\/postagens\/livros-da-biblia\/levitico\/levitico-20\/\">Lev\u00edtico 20 &#8211; Puni\u00e7\u00f5es para Pecados Graves<\/a><\/li><li class=\"wp-block-pages-list__item\"><a class=\"wp-block-pages-list__item__link\" href=\"https:\/\/bibliapresente.com\/postagens\/livros-da-biblia\/levitico\/levitico-21\/\">Lev\u00edtico 21 &#8211; Regras para Sacerdotes<\/a><\/li><li class=\"wp-block-pages-list__item\"><a class=\"wp-block-pages-list__item__link\" href=\"https:\/\/bibliapresente.com\/postagens\/livros-da-biblia\/levitico\/levitico-22\/\">Lev\u00edtico 22 &#8211; A Aceita\u00e7\u00e3o de Ofertas<\/a><\/li><li class=\"wp-block-pages-list__item\"><a class=\"wp-block-pages-list__item__link\" href=\"https:\/\/bibliapresente.com\/postagens\/livros-da-biblia\/levitico\/levitico-23\/\">Lev\u00edtico 23 &#8211; As Festas Sagradas<\/a><\/li><li class=\"wp-block-pages-list__item\"><a class=\"wp-block-pages-list__item__link\" href=\"https:\/\/bibliapresente.com\/postagens\/livros-da-biblia\/levitico\/levitico-24\/\">Lev\u00edtico 24 &#8211; O Castigo pela Blasf\u00eamia<\/a><\/li><li class=\"wp-block-pages-list__item\"><a class=\"wp-block-pages-list__item__link\" href=\"https:\/\/bibliapresente.com\/postagens\/livros-da-biblia\/levitico\/levitico-25\/\">Lev\u00edtico 25 &#8211; O Ano Sab\u00e1tico e o Jubileu<\/a><\/li><li class=\"wp-block-pages-list__item\"><a class=\"wp-block-pages-list__item__link\" href=\"https:\/\/bibliapresente.com\/postagens\/livros-da-biblia\/levitico\/levitico-26\/\">Lev\u00edtico 26 &#8211; B\u00ean\u00e7\u00e3os e Maldi\u00e7\u00f5es pela Lei<\/a><\/li><li class=\"wp-block-pages-list__item\"><a class=\"wp-block-pages-list__item__link\" href=\"https:\/\/bibliapresente.com\/postagens\/livros-da-biblia\/levitico\/levitico-27\/\">Lev\u00edtico 27 &#8211; Leis sobre Votos e D\u00edzimos<\/a><\/li><\/ul>\n\n\n<p><\/p>\n","protected":false},"excerpt":{"rendered":"<p>1 E chamou o SENHOR a Mois\u00e9s, e falou com ele desde o tabern\u00e1culo do testemunho, dizendo: 2 Fala aos filhos de Israel, e dize-lhes: Quando algum dentre v\u00f3s oferecer oferta ao SENHOR, de gado vacum ou ovelha fareis vossa oferta. 3 Se sua oferta for holocausto de vacas, macho sem m\u00e1cula o oferecer\u00e1: de &hellip; <\/p>\n","protected":false},"author":2,"featured_media":713,"parent":712,"menu_order":1,"comment_status":"closed","ping_status":"closed","template":"","meta":{"om_disable_all_campaigns":false,"_monsterinsights_skip_tracking":false,"_monsterinsights_sitenote_active":false,"_monsterinsights_sitenote_note":"","_monsterinsights_sitenote_category":0,"footnotes":""},"class_list":["post-715","page","type-page","status-publish","has-post-thumbnail","hentry"],"aioseo_notices":[],"_links":{"self":[{"href":"https:\/\/bibliapresente.com\/postagens\/wp-json\/wp\/v2\/pages\/715","targetHints":{"allow":["GET"]}}],"collection":[{"href":"https:\/\/bibliapresente.com\/postagens\/wp-json\/wp\/v2\/pages"}],"about":[{"href":"https:\/\/bibliapresente.com\/postagens\/wp-json\/wp\/v2\/types\/page"}],"author":[{"embeddable":true,"href":"https:\/\/bibliapresente.com\/postagens\/wp-json\/wp\/v2\/users\/2"}],"replies":[{"embeddable":true,"href":"https:\/\/bibliapresente.com\/postagens\/wp-json\/wp\/v2\/comments?post=715"}],"version-history":[{"count":5,"href":"https:\/\/bibliapresente.com\/postagens\/wp-json\/wp\/v2\/pages\/715\/revisions"}],"predecessor-version":[{"id":1308,"href":"https:\/\/bibliapresente.com\/postagens\/wp-json\/wp\/v2\/pages\/715\/revisions\/1308"}],"up":[{"embeddable":true,"href":"https:\/\/bibliapresente.com\/postagens\/wp-json\/wp\/v2\/pages\/712"}],"wp:featuredmedia":[{"embeddable":true,"href":"https:\/\/bibliapresente.com\/postagens\/wp-json\/wp\/v2\/media\/713"}],"wp:attachment":[{"href":"https:\/\/bibliapresente.com\/postagens\/wp-json\/wp\/v2\/media?parent=715"}],"curies":[{"name":"wp","href":"https:\/\/api.w.org\/{rel}","templated":true}]}}