{"id":665,"date":"2025-01-28T18:21:20","date_gmt":"2025-01-28T21:21:20","guid":{"rendered":"https:\/\/bibliapresente.com\/postagens\/?page_id=665"},"modified":"2025-01-28T18:21:21","modified_gmt":"2025-01-28T21:21:21","slug":"exodo-39","status":"publish","type":"page","link":"https:\/\/bibliapresente.com\/postagens\/livros-da-biblia\/exodo\/exodo-39\/","title":{"rendered":"\u00caxodo 39 &#8211; A Confec\u00e7\u00e3o das Vestes"},"content":{"rendered":"\n<h3 class=\"wp-block-heading\">As vestes dos Sacerdotes<\/h3>\n\n\n\n<p class=\"has-medium-font-size\" style=\"letter-spacing:1px\"><span><span><sup><b>1<\/b><\/sup><\/span> E do material azul, e p\u00farpura, e carmesim, fizeram as vestimentas do minist\u00e9rio para ministrar no santu\u00e1rio, e tamb\u00e9m fizeram as vestiduras sagradas para Ar\u00e3o; como o SENHOR o havia mandado a Mois\u00e9s. <br><span><sup><b>2<\/b><\/sup><\/span> Fez tamb\u00e9m o \u00e9fode de ouro, de azul e p\u00farpura e carmesim, e linho torcido. <br><span><sup><b>3<\/b><\/sup><\/span> E estenderam as placas de ouro, e cortaram cachos para tec\u00ea-los entre o azul, e entre a p\u00farpura, e entre o carmesim, e entre o linho, com delicada obra. <br><span><sup><b>4<\/b><\/sup><\/span> Fizeram-lhe as ombreiras que se juntassem; e uniam-se em seus dois lados. <br><span><sup><b>5<\/b><\/sup><\/span> E o cinto do \u00e9fode que estava sobre ele, era do mesmo, conforme sua obra; de ouro, material azul, e p\u00farpura, e carmesim, e linho torcido; como o SENHOR o havia mandado a Mois\u00e9s. <br><span><sup><b>6<\/b><\/sup><\/span> E lavraram as pedras de \u00f4nix cercadas de engastes de ouro, gravada de gravura de selo com os nomes dos filhos de Israel: <br><span><sup><b>7<\/b><\/sup><\/span> E as p\u00f4s sobre as ombreiras do \u00e9fode, por pedras de mem\u00f3ria aos filhos de Israel; como o SENHOR o havia a Mois\u00e9s mandado. <br><span><sup><b>8<\/b><\/sup><\/span> Fez tamb\u00e9m o peitoral de primorosa obra, como a obra do \u00e9fode, de ouro, azul, e p\u00farpura, e carmesim, e linho torcido. <br><span><sup><b>9<\/b><\/sup><\/span> Era quadrado; dobrado fizeram o peitoral: sua comprimento era de um palmo, e de um palmo sua largura, dobrado. <br><span><sup><b>10<\/b><\/sup><\/span> E engastaram nele quatro ordens de pedras. A primeira ordem era um s\u00e1rdio, um top\u00e1zio, e um carb\u00fanculo: este a primeira ordem. <br><span><sup><b>11<\/b><\/sup><\/span> A segunda ordem, uma esmeralda, uma safira, e um diamante. <br><span><sup><b>12<\/b><\/sup><\/span> A terceira ordem, um jacinto, uma \u00e1gata, e uma ametista. <br><span><sup><b>13<\/b><\/sup><\/span> E a quarta ordem, um berilo, um \u00f4nix, e um jaspe: cercadas e encaixadas em seus engastes de ouro. <br><span><sup><b>14<\/b><\/sup><\/span> As quais pedras eram conforme os nomes dos filhos de Israel, doze segundo os nomes deles; como gravuras de selo, cada uma com seu nome segundo as doze tribos. <br><span><sup><b>15<\/b><\/sup><\/span> Fizeram tamb\u00e9m sobre o peitoral as correntes pequenas de feitura de tran\u00e7a, de ouro puro. <br><span><sup><b>16<\/b><\/sup><\/span> Fizeram tamb\u00e9m os dois engastes e os dois an\u00e9is, de ouro; os quais dois an\u00e9is de ouro puseram nas duas extremidades do peitoral. <br><span><sup><b>17<\/b><\/sup><\/span> E puseram as duas tran\u00e7as de ouro naqueles dois an\u00e9is aos extremos do peitoral. <br><span><sup><b>18<\/b><\/sup><\/span> E fixaram as duas extremidades das duas tran\u00e7as nos dois engastes, que puseram sobre as ombreiras do \u00e9fode, na parte dianteira dele. <br><span><sup><b>19<\/b><\/sup><\/span> E fizeram dois an\u00e9is de ouro, que puseram nas duas extremidades do peitoral, em sua orla, \u00e0 parte baixa do \u00e9fode. <br><span><sup><b>20<\/b><\/sup><\/span> Fizeram tamb\u00e9m dois an\u00e9is de ouro, os quais puseram nas duas ombreiras do \u00e9fode, abaixo na parte dianteira, diante de sua juntura, sobre o cinto do \u00e9fode. <br><span><sup><b>21<\/b><\/sup><\/span> E ataram o peitoral de seus an\u00e9is aos an\u00e9is do \u00e9fode com um cord\u00e3o de material azul, para que estivesse sobre o cinto do mesmo \u00e9fode, e n\u00e3o se separasse o peitoral do \u00e9fode; como o SENHOR o havia mandado a Mois\u00e9s. <br><span><sup><b>22<\/b><\/sup><\/span> Fez tamb\u00e9m o manto do \u00e9fode de obra de tecel\u00e3o, todo de azul. <br><span><sup><b>23<\/b><\/sup><\/span> Com sua abertura em meio dele, como a abertura de um colarinho, com uma borda em derredor da abertura, para que n\u00e3o se rompesse. <br><span><sup><b>24<\/b><\/sup><\/span> E fizeram nas orlas do manto as rom\u00e3s de azul, e p\u00farpura, e carmesim, e linho torcido. <br><span><sup><b>25<\/b><\/sup><\/span> Fizeram tamb\u00e9m os sinos de ouro puro, os quais sinos puseram entre as rom\u00e3s pelas orlas do manto ao redor entre as rom\u00e3s: <br><span><sup><b>26<\/b><\/sup><\/span> Um sino e uma rom\u00e3, um sino e uma rom\u00e3 ao redor, nas orlas do manto, para ministrar; como o SENHOR o mandou a Mois\u00e9s. <br><span><sup><b>27<\/b><\/sup><\/span> Igualmente fizeram as t\u00fanicas de linho fino de obra de tecel\u00e3o, para Ar\u00e3o e para seus filhos; <br><span><sup><b>28<\/b><\/sup><\/span> Tamb\u00e9m a mitra de linho fino, e os adornos das tiaras de linho fino, e os cal\u00e7\u00f5es de linho, de linho torcido; <br><span><sup><b>29<\/b><\/sup><\/span> Tamb\u00e9m o cinto de linho torcido, e de material azul, e p\u00farpura, e carmesim, de obra de bordador; como o SENHOR o mandou a Mois\u00e9s. <br><span><sup><b>30<\/b><\/sup><\/span> Fizeram tamb\u00e9m a prancha da coroa santa de ouro puro, e escreveram nela de gravura de selo, o r\u00f3tulo, SANTIDADE AO SENHOR. <br><span><sup><b>31<\/b><\/sup><\/span> E puseram nela um cord\u00e3o de azul, para coloc\u00e1-la em alto sobre a mitra; como o SENHOR o havia mandado a Mois\u00e9s. <br><span><sup><b>32<\/b><\/sup><\/span> E foi acabada toda a obra do tabern\u00e1culo, do tabern\u00e1culo do testemunho: e fizeram os filhos de Israel como o SENHOR o havia mandado a Mois\u00e9s: assim o fizeram. <\/span><\/p>\n\n\n\n<h3 class=\"wp-block-heading\">O tabern\u00e1culo \u00e9 entregue a Mois\u00e9s<\/h3>\n\n\n\n<p class=\"has-medium-font-size\" style=\"letter-spacing:1px\"><span><span><sup><b>33<\/b><\/sup><\/span> E trouxeram o tabern\u00e1culo a Mois\u00e9s, o tabern\u00e1culo e todos os seus utens\u00edlios; seus colchetes, suas t\u00e1buas, suas barras, e suas colunas, e suas bases; <br><span><sup><b>34<\/b><\/sup><\/span> E a coberta de peles vermelhas de carneiros, e a coberta de peles finas, e o v\u00e9u da cortina; <br><span><sup><b>35<\/b><\/sup><\/span> A arca do testemunho, e suas varas, e o propiciat\u00f3rio; <br><span><sup><b>36<\/b><\/sup><\/span> A mesa, todos os seus utens\u00edlios, e o p\u00e3o da proposi\u00e7\u00e3o; <br><span><sup><b>37<\/b><\/sup><\/span> O candelabro limpo, suas l\u00e2mpadas, as l\u00e2mpadas que deviam manter-se em ordem, e todos os seus utens\u00edlios, e o azeite para a lumin\u00e1ria; <br><span><sup><b>38<\/b><\/sup><\/span> E o altar de ouro, e o azeite da un\u00e7\u00e3o, e o incenso arom\u00e1tico, e a cortina para a porta do tabern\u00e1culo; <br><span><sup><b>39<\/b><\/sup><\/span> O altar de bronze, com sua grelha de bronze, suas varas, e todos os seus utens\u00edlios; e a pia, e sua base; <br><span><sup><b>40<\/b><\/sup><\/span> As cortinas do \u00e1trio, e suas colunas, e suas bases, e a cortina para a porta do \u00e1trio, e suas cordas, e suas estacas, e todos os vasos do servi\u00e7o do tabern\u00e1culo, do tabern\u00e1culo do testemunho; <br><span><sup><b>41<\/b><\/sup><\/span> As vestimentas do servi\u00e7o para ministrar no santu\u00e1rio, as sagradas vestiduras para Ar\u00e3o o sacerdote, e as vestiduras de seus filhos, para ministrar no sacerd\u00f3cio. <br><span><sup><b>42<\/b><\/sup><\/span> Em conformidade a todas as coisas que o SENHOR havia mandado a Mois\u00e9s, assim fizeram os filhos de Israel toda a obra. <br><span><sup><b>43<\/b><\/sup><\/span> E viu Mois\u00e9s toda a obra, e eis que a fizeram como o SENHOR havia mandado; e aben\u00e7oou-os.<\/span><\/p>\n\n\n\n<div class=\"wp-block-columns is-layout-flex wp-container-core-columns-is-layout-9d6595d7 wp-block-columns-is-layout-flex\">\n<div class=\"wp-block-column is-layout-flow wp-block-column-is-layout-flow\">\n<p><a href=\"\/exodo-38\">\u00caxodo 38<\/a><\/p>\n<\/div>\n\n\n\n<div class=\"wp-block-column is-layout-flow wp-block-column-is-layout-flow\">\n<p class=\"has-text-align-right\"><a href=\"\/exodo-40\">\u00caxodo 40<\/a><\/p>\n<\/div>\n<\/div>\n\n\n\n<h2 class=\"wp-block-heading\">Descri\u00e7\u00e3o &#8211; \u00caxodo 39<\/h2>\n\n\n\n<p class=\"has-medium-font-size\">\u00caxodo 39 descreve a conclus\u00e3o das vestes sacerdotais, como o \u00e9fode, o peitoral, a t\u00fanica e o turbante, conforme as instru\u00e7\u00f5es dadas por Deus a Mois\u00e9s. Os artes\u00e3os finalizam a confec\u00e7\u00e3o das vestes de Ar\u00e3o e seus filhos, preparando-os para o servi\u00e7o no Tabern\u00e1culo. O cap\u00edtulo tamb\u00e9m detalha como os itens s\u00e3o entregues a Mois\u00e9s, que observa e aprova o trabalho, pois tudo foi feito conforme as orienta\u00e7\u00f5es divinas. Este cap\u00edtulo encerra a descri\u00e7\u00e3o da constru\u00e7\u00e3o do Tabern\u00e1culo e seus utens\u00edlios, destacando a obedi\u00eancia do povo de Israel em seguir as orienta\u00e7\u00f5es de Deus para a adora\u00e7\u00e3o e servi\u00e7o no Tabern\u00e1culo.<\/p>\n\n\n\n<h3 class=\"wp-block-heading\">Livro do \u00caxodo:<\/h3>\n\n\n<ul class=\"wp-block-page-list\"><li class=\"wp-block-pages-list__item\"><a class=\"wp-block-pages-list__item__link\" href=\"https:\/\/bibliapresente.com\/postagens\/livros-da-biblia\/exodo\/exodo-1\/\">\u00caxodo 1 &#8211; O Nascimento de Mois\u00e9s<\/a><\/li><li class=\"wp-block-pages-list__item\"><a class=\"wp-block-pages-list__item__link\" href=\"https:\/\/bibliapresente.com\/postagens\/livros-da-biblia\/exodo\/exodo-2\/\">\u00caxodo 2 &#8211; Mois\u00e9s no Pal\u00e1cio do Fara\u00f3<\/a><\/li><li class=\"wp-block-pages-list__item\"><a class=\"wp-block-pages-list__item__link\" href=\"https:\/\/bibliapresente.com\/postagens\/livros-da-biblia\/exodo\/exodo-3\/\">\u00caxodo 3 &#8211; O Chamado de Mois\u00e9s<\/a><\/li><li class=\"wp-block-pages-list__item\"><a class=\"wp-block-pages-list__item__link\" href=\"https:\/\/bibliapresente.com\/postagens\/livros-da-biblia\/exodo\/exodo-4\/\">\u00caxodo 4 &#8211; Deus D\u00e1 Sinais a Mois\u00e9s<\/a><\/li><li class=\"wp-block-pages-list__item\"><a class=\"wp-block-pages-list__item__link\" href=\"https:\/\/bibliapresente.com\/postagens\/livros-da-biblia\/exodo\/exodo-5\/\">\u00caxodo 5 &#8211; Mois\u00e9s e Ar\u00e3o Conrontam Fara\u00f3<\/a><\/li><li class=\"wp-block-pages-list__item\"><a class=\"wp-block-pages-list__item__link\" href=\"https:\/\/bibliapresente.com\/postagens\/livros-da-biblia\/exodo\/exodo-6\/\">\u00caxodo 6 &#8211; Deus promete livramento<\/a><\/li><li class=\"wp-block-pages-list__item\"><a class=\"wp-block-pages-list__item__link\" href=\"https:\/\/bibliapresente.com\/postagens\/livros-da-biblia\/exodo\/exodo-7\/\">\u00caxodo 7 &#8211; A Primeira Praga: Sangue<\/a><\/li><li class=\"wp-block-pages-list__item\"><a class=\"wp-block-pages-list__item__link\" href=\"https:\/\/bibliapresente.com\/postagens\/livros-da-biblia\/exodo\/exodo-8\/\">\u00caxodo 8 &#8211; Pragas: R\u00e3s, Piolhos e Moscas<\/a><\/li><li class=\"wp-block-pages-list__item\"><a class=\"wp-block-pages-list__item__link\" href=\"https:\/\/bibliapresente.com\/postagens\/livros-da-biblia\/exodo\/exodo-9\/\">\u00caxodo 9 &#8211; Pragas: Peste, \u00dalceras, Granizo<\/a><\/li><li class=\"wp-block-pages-list__item\"><a class=\"wp-block-pages-list__item__link\" href=\"https:\/\/bibliapresente.com\/postagens\/livros-da-biblia\/exodo\/exodo-10\/\">\u00caxodo 10 &#8211; Pragas: Gafanhotos e Trevas<\/a><\/li><li class=\"wp-block-pages-list__item\"><a class=\"wp-block-pages-list__item__link\" href=\"https:\/\/bibliapresente.com\/postagens\/livros-da-biblia\/exodo\/exodo-11\/\">\u00caxodo 11 &#8211; Deus anuncia a \u00faltima praga<\/a><\/li><li class=\"wp-block-pages-list__item\"><a class=\"wp-block-pages-list__item__link\" href=\"https:\/\/bibliapresente.com\/postagens\/livros-da-biblia\/exodo\/exodo-12\/\">\u00caxodo 12 &#8211; A P\u00e1scoa e a Liberta\u00e7\u00e3o<\/a><\/li><li class=\"wp-block-pages-list__item\"><a class=\"wp-block-pages-list__item__link\" href=\"https:\/\/bibliapresente.com\/postagens\/livros-da-biblia\/exodo\/exodo-13\/\">\u00caxodo 13 &#8211; A Consagra\u00e7\u00e3o dos Primog\u00eanitos<\/a><\/li><li class=\"wp-block-pages-list__item\"><a class=\"wp-block-pages-list__item__link\" href=\"https:\/\/bibliapresente.com\/postagens\/livros-da-biblia\/exodo\/exodo-14\/\">\u00caxodo 14 &#8211; A Travessia do Mar Vermelho<\/a><\/li><li class=\"wp-block-pages-list__item\"><a class=\"wp-block-pages-list__item__link\" href=\"https:\/\/bibliapresente.com\/postagens\/livros-da-biblia\/exodo\/exodo-15\/\">\u00caxodo 15 &#8211; O C\u00e2ntico de Mois\u00e9s<\/a><\/li><li class=\"wp-block-pages-list__item\"><a class=\"wp-block-pages-list__item__link\" href=\"https:\/\/bibliapresente.com\/postagens\/livros-da-biblia\/exodo\/exodo-16\/\">\u00caxodo 16 &#8211; O Man\u00e1 no Deserto<\/a><\/li><li class=\"wp-block-pages-list__item\"><a class=\"wp-block-pages-list__item__link\" href=\"https:\/\/bibliapresente.com\/postagens\/livros-da-biblia\/exodo\/exodo-17\/\">\u00caxodo 17 &#8211; \u00c1gua Brotando da Rocha<\/a><\/li><li class=\"wp-block-pages-list__item\"><a class=\"wp-block-pages-list__item__link\" href=\"https:\/\/bibliapresente.com\/postagens\/livros-da-biblia\/exodo\/exodo-18\/\">\u00caxodo 18 &#8211; Os Conselhos de Jetro<\/a><\/li><li class=\"wp-block-pages-list__item\"><a class=\"wp-block-pages-list__item__link\" href=\"https:\/\/bibliapresente.com\/postagens\/livros-da-biblia\/exodo\/exodo-19\/\">\u00caxodo 19 &#8211; A Chegada ao Monte Sinai<\/a><\/li><li class=\"wp-block-pages-list__item\"><a class=\"wp-block-pages-list__item__link\" href=\"https:\/\/bibliapresente.com\/postagens\/livros-da-biblia\/exodo\/exodo-20\/\">\u00caxodo 20 &#8211; Os Dez Mandamentos<\/a><\/li><li class=\"wp-block-pages-list__item\"><a class=\"wp-block-pages-list__item__link\" href=\"https:\/\/bibliapresente.com\/postagens\/livros-da-biblia\/exodo\/exodo-21\/\">\u00caxodo 21 &#8211; Leis Sobre Justi\u00e7a Social<\/a><\/li><li class=\"wp-block-pages-list__item\"><a class=\"wp-block-pages-list__item__link\" href=\"https:\/\/bibliapresente.com\/postagens\/livros-da-biblia\/exodo\/exodo-22\/\">\u00caxodo 22 &#8211; Leis Sobre Danos e Repara\u00e7\u00e3o<\/a><\/li><li class=\"wp-block-pages-list__item\"><a class=\"wp-block-pages-list__item__link\" href=\"https:\/\/bibliapresente.com\/postagens\/livros-da-biblia\/exodo\/exodo-23\/\">\u00caxodo 23 &#8211; Leis de Justi\u00e7a e Festividades<\/a><\/li><li class=\"wp-block-pages-list__item\"><a class=\"wp-block-pages-list__item__link\" href=\"https:\/\/bibliapresente.com\/postagens\/livros-da-biblia\/exodo\/exodo-24\/\">\u00caxodo 24 &#8211; A Confirma\u00e7\u00e3o da Alian\u00e7a<\/a><\/li><li class=\"wp-block-pages-list__item\"><a class=\"wp-block-pages-list__item__link\" href=\"https:\/\/bibliapresente.com\/postagens\/livros-da-biblia\/exodo\/exodo-25\/\">\u00caxodo 25 &#8211; Arca da Alian\u00e7a e Tabern\u00e1culo<\/a><\/li><li class=\"wp-block-pages-list__item\"><a class=\"wp-block-pages-list__item__link\" href=\"https:\/\/bibliapresente.com\/postagens\/livros-da-biblia\/exodo\/exodo-26\/\">\u00caxodo 26 &#8211; Construindo o Tabern\u00e1culo<\/a><\/li><li class=\"wp-block-pages-list__item\"><a class=\"wp-block-pages-list__item__link\" href=\"https:\/\/bibliapresente.com\/postagens\/livros-da-biblia\/exodo\/exodo-27\/\">\u00caxodo 27 &#8211; O Altar de Bronze<\/a><\/li><li class=\"wp-block-pages-list__item\"><a class=\"wp-block-pages-list__item__link\" href=\"https:\/\/bibliapresente.com\/postagens\/livros-da-biblia\/exodo\/exodo-28\/\">\u00caxodo 28 &#8211; O Vestu\u00e1rio dos Sacerdotes<\/a><\/li><li class=\"wp-block-pages-list__item\"><a class=\"wp-block-pages-list__item__link\" href=\"https:\/\/bibliapresente.com\/postagens\/livros-da-biblia\/exodo\/exodo-29\/\">\u00caxodo 29 &#8211; Consagra\u00e7\u00e3o de Ar\u00e3o<\/a><\/li><li class=\"wp-block-pages-list__item\"><a class=\"wp-block-pages-list__item__link\" href=\"https:\/\/bibliapresente.com\/postagens\/livros-da-biblia\/exodo\/exodo-30\/\">\u00caxodo 30 &#8211; O Altar do Incenso<\/a><\/li><li class=\"wp-block-pages-list__item\"><a class=\"wp-block-pages-list__item__link\" href=\"https:\/\/bibliapresente.com\/postagens\/livros-da-biblia\/exodo\/exodo-31\/\">\u00caxodo 31 &#8211; O S\u00e1bado<\/a><\/li><li class=\"wp-block-pages-list__item\"><a class=\"wp-block-pages-list__item__link\" href=\"https:\/\/bibliapresente.com\/postagens\/livros-da-biblia\/exodo\/exodo-32\/\">\u00caxodo 32 &#8211; O Bezerro de Ouro<\/a><\/li><li class=\"wp-block-pages-list__item\"><a class=\"wp-block-pages-list__item__link\" href=\"https:\/\/bibliapresente.com\/postagens\/livros-da-biblia\/exodo\/exodo-33\/\">\u00caxodo 33 &#8211; Deus promete a Sua presen\u00e7a<\/a><\/li><li class=\"wp-block-pages-list__item\"><a class=\"wp-block-pages-list__item__link\" href=\"https:\/\/bibliapresente.com\/postagens\/livros-da-biblia\/exodo\/exodo-34\/\">\u00caxodo 34 &#8211; A Renova\u00e7\u00e3o da Alian\u00e7a<\/a><\/li><li class=\"wp-block-pages-list__item\"><a class=\"wp-block-pages-list__item__link\" href=\"https:\/\/bibliapresente.com\/postagens\/livros-da-biblia\/exodo\/exodo-35\/\">\u00caxodo 35 &#8211; A Oferta do Povo<\/a><\/li><li class=\"wp-block-pages-list__item\"><a class=\"wp-block-pages-list__item__link\" href=\"https:\/\/bibliapresente.com\/postagens\/livros-da-biblia\/exodo\/exodo-36\/\">\u00caxodo 36 &#8211; A Constru\u00e7\u00e3o do Tabern\u00e1culo<\/a><\/li><li class=\"wp-block-pages-list__item\"><a class=\"wp-block-pages-list__item__link\" href=\"https:\/\/bibliapresente.com\/postagens\/livros-da-biblia\/exodo\/exodo-37\/\">\u00caxodo 37 &#8211; A Arca, a Mesa e o Candelabro<\/a><\/li><li class=\"wp-block-pages-list__item\"><a class=\"wp-block-pages-list__item__link\" href=\"https:\/\/bibliapresente.com\/postagens\/livros-da-biblia\/exodo\/exodo-38\/\">\u00caxodo 38 &#8211; O Altar de Bronze<\/a><\/li><li class=\"wp-block-pages-list__item\"><a class=\"wp-block-pages-list__item__link\" href=\"https:\/\/bibliapresente.com\/postagens\/livros-da-biblia\/exodo\/exodo-39\/\">\u00caxodo 39 &#8211; A Confec\u00e7\u00e3o das Vestes<\/a><\/li><li class=\"wp-block-pages-list__item\"><a class=\"wp-block-pages-list__item__link\" href=\"https:\/\/bibliapresente.com\/postagens\/livros-da-biblia\/exodo\/exodo-40\/\">\u00caxodo 40 &#8211; A Consagra\u00e7\u00e3o do Tabern\u00e1culo<\/a><\/li><\/ul>\n\n\n<p><\/p>\n","protected":false},"excerpt":{"rendered":"<p>As vestes dos Sacerdotes 1 E do material azul, e p\u00farpura, e carmesim, fizeram as vestimentas do minist\u00e9rio para ministrar no santu\u00e1rio, e tamb\u00e9m fizeram as vestiduras sagradas para Ar\u00e3o; como o SENHOR o havia mandado a Mois\u00e9s. 2 Fez tamb\u00e9m o \u00e9fode de ouro, de azul e p\u00farpura e carmesim, e linho torcido. 3 &hellip; <\/p>\n","protected":false},"author":2,"featured_media":583,"parent":581,"menu_order":39,"comment_status":"closed","ping_status":"closed","template":"","meta":{"om_disable_all_campaigns":false,"_monsterinsights_skip_tracking":false,"_monsterinsights_sitenote_active":false,"_monsterinsights_sitenote_note":"","_monsterinsights_sitenote_category":0,"footnotes":""},"class_list":["post-665","page","type-page","status-publish","has-post-thumbnail","hentry"],"aioseo_notices":[],"_links":{"self":[{"href":"https:\/\/bibliapresente.com\/postagens\/wp-json\/wp\/v2\/pages\/665","targetHints":{"allow":["GET"]}}],"collection":[{"href":"https:\/\/bibliapresente.com\/postagens\/wp-json\/wp\/v2\/pages"}],"about":[{"href":"https:\/\/bibliapresente.com\/postagens\/wp-json\/wp\/v2\/types\/page"}],"author":[{"embeddable":true,"href":"https:\/\/bibliapresente.com\/postagens\/wp-json\/wp\/v2\/users\/2"}],"replies":[{"embeddable":true,"href":"https:\/\/bibliapresente.com\/postagens\/wp-json\/wp\/v2\/comments?post=665"}],"version-history":[{"count":5,"href":"https:\/\/bibliapresente.com\/postagens\/wp-json\/wp\/v2\/pages\/665\/revisions"}],"predecessor-version":[{"id":1198,"href":"https:\/\/bibliapresente.com\/postagens\/wp-json\/wp\/v2\/pages\/665\/revisions\/1198"}],"up":[{"embeddable":true,"href":"https:\/\/bibliapresente.com\/postagens\/wp-json\/wp\/v2\/pages\/581"}],"wp:featuredmedia":[{"embeddable":true,"href":"https:\/\/bibliapresente.com\/postagens\/wp-json\/wp\/v2\/media\/583"}],"wp:attachment":[{"href":"https:\/\/bibliapresente.com\/postagens\/wp-json\/wp\/v2\/media?parent=665"}],"curies":[{"name":"wp","href":"https:\/\/api.w.org\/{rel}","templated":true}]}}