{"id":661,"date":"2025-01-28T18:14:06","date_gmt":"2025-01-28T21:14:06","guid":{"rendered":"https:\/\/bibliapresente.com\/postagens\/?page_id=661"},"modified":"2025-01-28T18:14:06","modified_gmt":"2025-01-28T21:14:06","slug":"exodo-37","status":"publish","type":"page","link":"https:\/\/bibliapresente.com\/postagens\/livros-da-biblia\/exodo\/exodo-37\/","title":{"rendered":"\u00caxodo 37 &#8211; A Arca, a Mesa e o Candelabro"},"content":{"rendered":"\n<h3 class=\"wp-block-heading\">A arca<\/h3>\n\n\n\n<p class=\"has-medium-font-size\" style=\"letter-spacing:1px\"><span><span><sup><b>1<\/b><\/sup><\/span> Fez tamb\u00e9m Bezalel a arca de madeira de ac\u00e1cia: seu comprimento era de dois c\u00f4vados e meio, e de c\u00f4vado e meio sua largura, e sua altura de outro c\u00f4vado e meio: <br><span><sup><b>2<\/b><\/sup><\/span> E cobriu-a de ouro puro por de dentro e por de fora, e fez-lhe uma borda de ouro em derredor. <br><span><sup><b>3<\/b><\/sup><\/span> Fez-lhe tamb\u00e9m de fundi\u00e7\u00e3o quatro an\u00e9is de ouro a seus quatro cantos; em um lado dois an\u00e9is e no outro lado dois an\u00e9is. <br><span><sup><b>4<\/b><\/sup><\/span> Fez tamb\u00e9m as varas de madeira de ac\u00e1cia, e cobriu-as de ouro. <br><span><sup><b>5<\/b><\/sup><\/span> E meteu as varas pelos an\u00e9is aos lados da arca, para levar a arca. <\/span><\/p>\n\n\n\n<h3 class=\"wp-block-heading\">A coberta<\/h3>\n\n\n\n<p class=\"has-medium-font-size\" style=\"letter-spacing:1px\"><span><span><sup><b>6<\/b><\/sup><\/span> Fez tamb\u00e9m a coberta de ouro puro: seu comprimento de dois c\u00f4vados e meio, e sua largura de c\u00f4vado e meio. <br><span><sup><b>7<\/b><\/sup><\/span> Fez tamb\u00e9m os dois querubins de ouro, os fez lavrados a martelo, aos duas extremidades do propiciat\u00f3rio: <br><span><sup><b>8<\/b><\/sup><\/span> Um querubim desta parte ao um extremo, e o outro querubim da outra parte ao outro extremo do propiciat\u00f3rio: fez os querubins a suas duas extremidades. <br><span><sup><b>9<\/b><\/sup><\/span> E os querubins estendiam suas asas por cima, cobrindo com suas asas o propiciat\u00f3rio: e seus rostos um em frente do outro, at\u00e9 o propiciat\u00f3rio os rostos dos querubins. <\/span><\/p>\n\n\n\n<h3 class=\"wp-block-heading\">A mesa<\/h3>\n\n\n\n<p class=\"has-medium-font-size\" style=\"letter-spacing:1px\"><span><span><sup><b>10<\/b><\/sup><\/span> Fez tamb\u00e9m a mesa de madeira de ac\u00e1cia; seu comprimento de dois c\u00f4vados, e sua largura de um c\u00f4vado, e de c\u00f4vado e meio sua altura; <br><span><sup><b>11<\/b><\/sup><\/span> E cobriu-a de ouro puro, e fez-lhe uma borda de ouro em derredor. <br><span><sup><b>12<\/b><\/sup><\/span> Fez-lhe tamb\u00e9m uma moldura ao redor, da largura de uma m\u00e3o, \u00e0 qual moldura fez a borda de ouro ao redor. <br><span><sup><b>13<\/b><\/sup><\/span> Fez-lhe tamb\u00e9m de fundi\u00e7\u00e3o quatro an\u00e9is de ouro, e os p\u00f4s aos quatro cantos que correspondiam aos quatro p\u00e9s dela. <br><span><sup><b>14<\/b><\/sup><\/span> Diante da moldura estavam os an\u00e9is, pelos quais se metessem as varas para levar a mesa. <br><span><sup><b>15<\/b><\/sup><\/span> E fez as varas de madeira de ac\u00e1cia para levar a mesa, e cobriu-as de ouro. <br><span><sup><b>16<\/b><\/sup><\/span> Tamb\u00e9m fez os utens\u00edlios que haviam de estar sobre a mesa, seus pratos, e suas colheres, e suas tigelas e suas bacias com que se havia de fazer liba\u00e7\u00f5es, de ouro fino. <\/span><\/p>\n\n\n\n<h3 class=\"wp-block-heading\">O candelabro<\/h3>\n\n\n\n<p class=\"has-medium-font-size\" style=\"letter-spacing:1px\"><span><span><sup><b>17<\/b><\/sup><\/span> Fez tamb\u00e9m o candelabro de ouro puro, e o fez lavrado a martelo: seu p\u00e9 e sua haste, seus copos, seus bot\u00f5es e suas flores eram do mesmo. <br><span><sup><b>18<\/b><\/sup><\/span> De seus lados sa\u00edam seis bra\u00e7os; tr\u00eas bra\u00e7os de um lado do candelabro, e outros tr\u00eas bra\u00e7os do outro lado do candelabro: <br><span><sup><b>19<\/b><\/sup><\/span> Em um bra\u00e7o, tr\u00eas copos forma de am\u00eandoas, um bot\u00e3o e uma flor; e no outro bra\u00e7o tr\u00eas copos forma de am\u00eandoas, um bot\u00e3o e uma flor: e assim nos seis bra\u00e7os que sa\u00edam do candelabro. <br><span><sup><b>20<\/b><\/sup><\/span> E no candelabro havia quatro copos forma de am\u00eandoas, seus bot\u00f5es e suas flores: <br><span><sup><b>21<\/b><\/sup><\/span> E um bot\u00e3o debaixo dos dois bra\u00e7os do mesmo, e outro bot\u00e3o debaixo dos outros dois bra\u00e7os do mesmo, e outro bot\u00e3o debaixo dos outros dois bra\u00e7os do mesmo, conforme os seis bra\u00e7os que sa\u00edam dele. <br><span><sup><b>22<\/b><\/sup><\/span> Seus bot\u00f5es e seus bra\u00e7os eram do mesmo; tudo era uma pe\u00e7a lavrada a martelo, de ouro puro. <br><span><sup><b>23<\/b><\/sup><\/span> Fez tamb\u00e9m suas sete l\u00e2mpadas, e seus tenazes, e seus apagadores, de ouro puro; <br><span><sup><b>24<\/b><\/sup><\/span> De um talento de ouro puro o fez, com todos os seus utens\u00edlios. <br><span><sup><b>25<\/b><\/sup><\/span> Fez tamb\u00e9m o altar do incenso de madeira de ac\u00e1cia: um c\u00f4vado seu comprimento, e outro c\u00f4vado sua largura, era quadrado; e sua altura de dois c\u00f4vados; e suas pontas da mesma pe\u00e7a. <br><span><sup><b>26<\/b><\/sup><\/span> E cobriu-o de ouro puro, sua mesa e suas paredes ao redor, e suas pontas: e fez-lhe uma coroa de ouro ao redor. <br><span><sup><b>27<\/b><\/sup><\/span> Fez-lhe tamb\u00e9m dois an\u00e9is de ouro debaixo da coroa nos dois cantos aos dois lados, para passar por eles as varas com que havia de ser conduzido. <br><span><sup><b>28<\/b><\/sup><\/span> E fez as varas de madeira de ac\u00e1cia, e cobriu-as de ouro. <br><span><sup><b>29<\/b><\/sup><\/span> Fez tamb\u00e9m o azeite santo da un\u00e7\u00e3o, e o fino incenso arom\u00e1tico, de obra de perfumista.<\/span><\/p>\n\n\n\n<div class=\"wp-block-columns is-layout-flex wp-container-core-columns-is-layout-9d6595d7 wp-block-columns-is-layout-flex\">\n<div class=\"wp-block-column is-layout-flow wp-block-column-is-layout-flow\">\n<p><a href=\"\/exodo-36\">\u00caxodo 36<\/a><\/p>\n<\/div>\n\n\n\n<div class=\"wp-block-column is-layout-flow wp-block-column-is-layout-flow\">\n<p class=\"has-text-align-right\"><a href=\"\/exodo-38\">\u00caxodo 38<\/a><\/p>\n<\/div>\n<\/div>\n\n\n\n<h2 class=\"wp-block-heading\">Descri\u00e7\u00e3o &#8211; \u00caxodo 37<\/h2>\n\n\n\n<p class=\"has-medium-font-size\">\u00caxodo 37 detalha a constru\u00e7\u00e3o dos m\u00f3veis sagrados do Tabern\u00e1culo, conforme as instru\u00e7\u00f5es de Deus. Bezalel, seguindo as orienta\u00e7\u00f5es de Mois\u00e9s, fabrica a Arca da Alian\u00e7a, o altar do incenso, a mesa para os p\u00e3es da proposi\u00e7\u00e3o e o candelabro de ouro. Cada item \u00e9 cuidadosamente elaborado com materiais preciosos, simbolizando a santidade e a presen\u00e7a de Deus no meio de Israel. Este cap\u00edtulo \u00e9 crucial na narrativa do Tabern\u00e1culo, pois traz \u00e0 vida os objetos de adora\u00e7\u00e3o que ser\u00e3o usados na jornada do povo. A precis\u00e3o na constru\u00e7\u00e3o dos m\u00f3veis destaca a obedi\u00eancia \u00e0 vontade divina e a centralidade da adora\u00e7\u00e3o.<\/p>\n\n\n\n<h3 class=\"wp-block-heading\">Livro do \u00caxodo:<\/h3>\n\n\n<ul class=\"wp-block-page-list\"><li class=\"wp-block-pages-list__item\"><a class=\"wp-block-pages-list__item__link\" href=\"https:\/\/bibliapresente.com\/postagens\/livros-da-biblia\/exodo\/exodo-1\/\">\u00caxodo 1 &#8211; O Nascimento de Mois\u00e9s<\/a><\/li><li class=\"wp-block-pages-list__item\"><a class=\"wp-block-pages-list__item__link\" href=\"https:\/\/bibliapresente.com\/postagens\/livros-da-biblia\/exodo\/exodo-2\/\">\u00caxodo 2 &#8211; Mois\u00e9s no Pal\u00e1cio do Fara\u00f3<\/a><\/li><li class=\"wp-block-pages-list__item\"><a class=\"wp-block-pages-list__item__link\" href=\"https:\/\/bibliapresente.com\/postagens\/livros-da-biblia\/exodo\/exodo-3\/\">\u00caxodo 3 &#8211; O Chamado de Mois\u00e9s<\/a><\/li><li class=\"wp-block-pages-list__item\"><a class=\"wp-block-pages-list__item__link\" href=\"https:\/\/bibliapresente.com\/postagens\/livros-da-biblia\/exodo\/exodo-4\/\">\u00caxodo 4 &#8211; Deus D\u00e1 Sinais a Mois\u00e9s<\/a><\/li><li class=\"wp-block-pages-list__item\"><a class=\"wp-block-pages-list__item__link\" href=\"https:\/\/bibliapresente.com\/postagens\/livros-da-biblia\/exodo\/exodo-5\/\">\u00caxodo 5 &#8211; Mois\u00e9s e Ar\u00e3o Conrontam Fara\u00f3<\/a><\/li><li class=\"wp-block-pages-list__item\"><a class=\"wp-block-pages-list__item__link\" href=\"https:\/\/bibliapresente.com\/postagens\/livros-da-biblia\/exodo\/exodo-6\/\">\u00caxodo 6 &#8211; Deus promete livramento<\/a><\/li><li class=\"wp-block-pages-list__item\"><a class=\"wp-block-pages-list__item__link\" href=\"https:\/\/bibliapresente.com\/postagens\/livros-da-biblia\/exodo\/exodo-7\/\">\u00caxodo 7 &#8211; A Primeira Praga: Sangue<\/a><\/li><li class=\"wp-block-pages-list__item\"><a class=\"wp-block-pages-list__item__link\" href=\"https:\/\/bibliapresente.com\/postagens\/livros-da-biblia\/exodo\/exodo-8\/\">\u00caxodo 8 &#8211; Pragas: R\u00e3s, Piolhos e Moscas<\/a><\/li><li class=\"wp-block-pages-list__item\"><a class=\"wp-block-pages-list__item__link\" href=\"https:\/\/bibliapresente.com\/postagens\/livros-da-biblia\/exodo\/exodo-9\/\">\u00caxodo 9 &#8211; Pragas: Peste, \u00dalceras, Granizo<\/a><\/li><li class=\"wp-block-pages-list__item\"><a class=\"wp-block-pages-list__item__link\" href=\"https:\/\/bibliapresente.com\/postagens\/livros-da-biblia\/exodo\/exodo-10\/\">\u00caxodo 10 &#8211; Pragas: Gafanhotos e Trevas<\/a><\/li><li class=\"wp-block-pages-list__item\"><a class=\"wp-block-pages-list__item__link\" href=\"https:\/\/bibliapresente.com\/postagens\/livros-da-biblia\/exodo\/exodo-11\/\">\u00caxodo 11 &#8211; Deus anuncia a \u00faltima praga<\/a><\/li><li class=\"wp-block-pages-list__item\"><a class=\"wp-block-pages-list__item__link\" href=\"https:\/\/bibliapresente.com\/postagens\/livros-da-biblia\/exodo\/exodo-12\/\">\u00caxodo 12 &#8211; A P\u00e1scoa e a Liberta\u00e7\u00e3o<\/a><\/li><li class=\"wp-block-pages-list__item\"><a class=\"wp-block-pages-list__item__link\" href=\"https:\/\/bibliapresente.com\/postagens\/livros-da-biblia\/exodo\/exodo-13\/\">\u00caxodo 13 &#8211; A Consagra\u00e7\u00e3o dos Primog\u00eanitos<\/a><\/li><li class=\"wp-block-pages-list__item\"><a class=\"wp-block-pages-list__item__link\" href=\"https:\/\/bibliapresente.com\/postagens\/livros-da-biblia\/exodo\/exodo-14\/\">\u00caxodo 14 &#8211; A Travessia do Mar Vermelho<\/a><\/li><li class=\"wp-block-pages-list__item\"><a class=\"wp-block-pages-list__item__link\" href=\"https:\/\/bibliapresente.com\/postagens\/livros-da-biblia\/exodo\/exodo-15\/\">\u00caxodo 15 &#8211; O C\u00e2ntico de Mois\u00e9s<\/a><\/li><li class=\"wp-block-pages-list__item\"><a class=\"wp-block-pages-list__item__link\" href=\"https:\/\/bibliapresente.com\/postagens\/livros-da-biblia\/exodo\/exodo-16\/\">\u00caxodo 16 &#8211; O Man\u00e1 no Deserto<\/a><\/li><li class=\"wp-block-pages-list__item\"><a class=\"wp-block-pages-list__item__link\" href=\"https:\/\/bibliapresente.com\/postagens\/livros-da-biblia\/exodo\/exodo-17\/\">\u00caxodo 17 &#8211; \u00c1gua Brotando da Rocha<\/a><\/li><li class=\"wp-block-pages-list__item\"><a class=\"wp-block-pages-list__item__link\" href=\"https:\/\/bibliapresente.com\/postagens\/livros-da-biblia\/exodo\/exodo-18\/\">\u00caxodo 18 &#8211; Os Conselhos de Jetro<\/a><\/li><li class=\"wp-block-pages-list__item\"><a class=\"wp-block-pages-list__item__link\" href=\"https:\/\/bibliapresente.com\/postagens\/livros-da-biblia\/exodo\/exodo-19\/\">\u00caxodo 19 &#8211; A Chegada ao Monte Sinai<\/a><\/li><li class=\"wp-block-pages-list__item\"><a class=\"wp-block-pages-list__item__link\" href=\"https:\/\/bibliapresente.com\/postagens\/livros-da-biblia\/exodo\/exodo-20\/\">\u00caxodo 20 &#8211; Os Dez Mandamentos<\/a><\/li><li class=\"wp-block-pages-list__item\"><a class=\"wp-block-pages-list__item__link\" href=\"https:\/\/bibliapresente.com\/postagens\/livros-da-biblia\/exodo\/exodo-21\/\">\u00caxodo 21 &#8211; Leis Sobre Justi\u00e7a Social<\/a><\/li><li class=\"wp-block-pages-list__item\"><a class=\"wp-block-pages-list__item__link\" href=\"https:\/\/bibliapresente.com\/postagens\/livros-da-biblia\/exodo\/exodo-22\/\">\u00caxodo 22 &#8211; Leis Sobre Danos e Repara\u00e7\u00e3o<\/a><\/li><li class=\"wp-block-pages-list__item\"><a class=\"wp-block-pages-list__item__link\" href=\"https:\/\/bibliapresente.com\/postagens\/livros-da-biblia\/exodo\/exodo-23\/\">\u00caxodo 23 &#8211; Leis de Justi\u00e7a e Festividades<\/a><\/li><li class=\"wp-block-pages-list__item\"><a class=\"wp-block-pages-list__item__link\" href=\"https:\/\/bibliapresente.com\/postagens\/livros-da-biblia\/exodo\/exodo-24\/\">\u00caxodo 24 &#8211; A Confirma\u00e7\u00e3o da Alian\u00e7a<\/a><\/li><li class=\"wp-block-pages-list__item\"><a class=\"wp-block-pages-list__item__link\" href=\"https:\/\/bibliapresente.com\/postagens\/livros-da-biblia\/exodo\/exodo-25\/\">\u00caxodo 25 &#8211; Arca da Alian\u00e7a e Tabern\u00e1culo<\/a><\/li><li class=\"wp-block-pages-list__item\"><a class=\"wp-block-pages-list__item__link\" href=\"https:\/\/bibliapresente.com\/postagens\/livros-da-biblia\/exodo\/exodo-26\/\">\u00caxodo 26 &#8211; Construindo o Tabern\u00e1culo<\/a><\/li><li class=\"wp-block-pages-list__item\"><a class=\"wp-block-pages-list__item__link\" href=\"https:\/\/bibliapresente.com\/postagens\/livros-da-biblia\/exodo\/exodo-27\/\">\u00caxodo 27 &#8211; O Altar de Bronze<\/a><\/li><li class=\"wp-block-pages-list__item\"><a class=\"wp-block-pages-list__item__link\" href=\"https:\/\/bibliapresente.com\/postagens\/livros-da-biblia\/exodo\/exodo-28\/\">\u00caxodo 28 &#8211; O Vestu\u00e1rio dos Sacerdotes<\/a><\/li><li class=\"wp-block-pages-list__item\"><a class=\"wp-block-pages-list__item__link\" href=\"https:\/\/bibliapresente.com\/postagens\/livros-da-biblia\/exodo\/exodo-29\/\">\u00caxodo 29 &#8211; Consagra\u00e7\u00e3o de Ar\u00e3o<\/a><\/li><li class=\"wp-block-pages-list__item\"><a class=\"wp-block-pages-list__item__link\" href=\"https:\/\/bibliapresente.com\/postagens\/livros-da-biblia\/exodo\/exodo-30\/\">\u00caxodo 30 &#8211; O Altar do Incenso<\/a><\/li><li class=\"wp-block-pages-list__item\"><a class=\"wp-block-pages-list__item__link\" href=\"https:\/\/bibliapresente.com\/postagens\/livros-da-biblia\/exodo\/exodo-31\/\">\u00caxodo 31 &#8211; O S\u00e1bado<\/a><\/li><li class=\"wp-block-pages-list__item\"><a class=\"wp-block-pages-list__item__link\" href=\"https:\/\/bibliapresente.com\/postagens\/livros-da-biblia\/exodo\/exodo-32\/\">\u00caxodo 32 &#8211; O Bezerro de Ouro<\/a><\/li><li class=\"wp-block-pages-list__item\"><a class=\"wp-block-pages-list__item__link\" href=\"https:\/\/bibliapresente.com\/postagens\/livros-da-biblia\/exodo\/exodo-33\/\">\u00caxodo 33 &#8211; Deus promete a Sua presen\u00e7a<\/a><\/li><li class=\"wp-block-pages-list__item\"><a class=\"wp-block-pages-list__item__link\" href=\"https:\/\/bibliapresente.com\/postagens\/livros-da-biblia\/exodo\/exodo-34\/\">\u00caxodo 34 &#8211; A Renova\u00e7\u00e3o da Alian\u00e7a<\/a><\/li><li class=\"wp-block-pages-list__item\"><a class=\"wp-block-pages-list__item__link\" href=\"https:\/\/bibliapresente.com\/postagens\/livros-da-biblia\/exodo\/exodo-35\/\">\u00caxodo 35 &#8211; A Oferta do Povo<\/a><\/li><li class=\"wp-block-pages-list__item\"><a class=\"wp-block-pages-list__item__link\" href=\"https:\/\/bibliapresente.com\/postagens\/livros-da-biblia\/exodo\/exodo-36\/\">\u00caxodo 36 &#8211; A Constru\u00e7\u00e3o do Tabern\u00e1culo<\/a><\/li><li class=\"wp-block-pages-list__item\"><a class=\"wp-block-pages-list__item__link\" href=\"https:\/\/bibliapresente.com\/postagens\/livros-da-biblia\/exodo\/exodo-37\/\">\u00caxodo 37 &#8211; A Arca, a Mesa e o Candelabro<\/a><\/li><li class=\"wp-block-pages-list__item\"><a class=\"wp-block-pages-list__item__link\" href=\"https:\/\/bibliapresente.com\/postagens\/livros-da-biblia\/exodo\/exodo-38\/\">\u00caxodo 38 &#8211; O Altar de Bronze<\/a><\/li><li class=\"wp-block-pages-list__item\"><a class=\"wp-block-pages-list__item__link\" href=\"https:\/\/bibliapresente.com\/postagens\/livros-da-biblia\/exodo\/exodo-39\/\">\u00caxodo 39 &#8211; A Confec\u00e7\u00e3o das Vestes<\/a><\/li><li class=\"wp-block-pages-list__item\"><a class=\"wp-block-pages-list__item__link\" href=\"https:\/\/bibliapresente.com\/postagens\/livros-da-biblia\/exodo\/exodo-40\/\">\u00caxodo 40 &#8211; A Consagra\u00e7\u00e3o do Tabern\u00e1culo<\/a><\/li><\/ul>\n\n\n<p><\/p>\n","protected":false},"excerpt":{"rendered":"<p>A arca 1 Fez tamb\u00e9m Bezalel a arca de madeira de ac\u00e1cia: seu comprimento era de dois c\u00f4vados e meio, e de c\u00f4vado e meio sua largura, e sua altura de outro c\u00f4vado e meio: 2 E cobriu-a de ouro puro por de dentro e por de fora, e fez-lhe uma borda de ouro em &hellip; <\/p>\n","protected":false},"author":2,"featured_media":583,"parent":581,"menu_order":37,"comment_status":"closed","ping_status":"closed","template":"","meta":{"om_disable_all_campaigns":false,"_monsterinsights_skip_tracking":false,"_monsterinsights_sitenote_active":false,"_monsterinsights_sitenote_note":"","_monsterinsights_sitenote_category":0,"footnotes":""},"class_list":["post-661","page","type-page","status-publish","has-post-thumbnail","hentry"],"aioseo_notices":[],"_links":{"self":[{"href":"https:\/\/bibliapresente.com\/postagens\/wp-json\/wp\/v2\/pages\/661","targetHints":{"allow":["GET"]}}],"collection":[{"href":"https:\/\/bibliapresente.com\/postagens\/wp-json\/wp\/v2\/pages"}],"about":[{"href":"https:\/\/bibliapresente.com\/postagens\/wp-json\/wp\/v2\/types\/page"}],"author":[{"embeddable":true,"href":"https:\/\/bibliapresente.com\/postagens\/wp-json\/wp\/v2\/users\/2"}],"replies":[{"embeddable":true,"href":"https:\/\/bibliapresente.com\/postagens\/wp-json\/wp\/v2\/comments?post=661"}],"version-history":[{"count":5,"href":"https:\/\/bibliapresente.com\/postagens\/wp-json\/wp\/v2\/pages\/661\/revisions"}],"predecessor-version":[{"id":1195,"href":"https:\/\/bibliapresente.com\/postagens\/wp-json\/wp\/v2\/pages\/661\/revisions\/1195"}],"up":[{"embeddable":true,"href":"https:\/\/bibliapresente.com\/postagens\/wp-json\/wp\/v2\/pages\/581"}],"wp:featuredmedia":[{"embeddable":true,"href":"https:\/\/bibliapresente.com\/postagens\/wp-json\/wp\/v2\/media\/583"}],"wp:attachment":[{"href":"https:\/\/bibliapresente.com\/postagens\/wp-json\/wp\/v2\/media?parent=661"}],"curies":[{"name":"wp","href":"https:\/\/api.w.org\/{rel}","templated":true}]}}