{"id":659,"date":"2025-01-28T18:10:37","date_gmt":"2025-01-28T21:10:37","guid":{"rendered":"https:\/\/bibliapresente.com\/postagens\/?page_id=659"},"modified":"2025-01-28T18:10:37","modified_gmt":"2025-01-28T21:10:37","slug":"exodo-36","status":"publish","type":"page","link":"https:\/\/bibliapresente.com\/postagens\/livros-da-biblia\/exodo\/exodo-36\/","title":{"rendered":"\u00caxodo 36 &#8211; A Constru\u00e7\u00e3o do Tabern\u00e1culo"},"content":{"rendered":"\n<p class=\"has-medium-font-size\" style=\"letter-spacing:1px\"><span><span><sup><b>1<\/b><\/sup><\/span> Fez, pois, Bezalel e Aoliabe, e todo homem s\u00e1bio de cora\u00e7\u00e3o, a quem o SENHOR deu sabedoria e intelig\u00eancia para que soubessem fazer toda a obra do servi\u00e7o do santu\u00e1rio, todas as coisas que havia mandado o SENHOR. <\/span><\/p>\n\n\n\n<h3 class=\"wp-block-heading\">Mois\u00e9s entrega aos obreiros as ofertas do povo<\/h3>\n\n\n\n<p class=\"has-medium-font-size\" style=\"letter-spacing:1px\"><span><span><sup><b>2<\/b><\/sup><\/span> E Mois\u00e9s chamou a Bezalel e a Aoliabe, e a todo homem s\u00e1bio de cora\u00e7\u00e3o, em cujo cora\u00e7\u00e3o havia dado o SENHOR sabedoria, e a todo homem a quem seu cora\u00e7\u00e3o lhe moveu a chegar-se \u00e0 obra, para trabalhar nela; <br><span><sup><b>3<\/b><\/sup><\/span> E tomaram de diante de Mois\u00e9s toda a oferta que os filhos de Israel haviam trazido para a obra do servi\u00e7o do santu\u00e1rio, a fim de faz\u00ea-la. E eles lhe traziam ainda oferta volunt\u00e1ria cada manh\u00e3. <br><span><sup><b>4<\/b><\/sup><\/span> Vieram, portanto, todos os mestres que faziam toda a obra do santu\u00e1rio, cada um da obra que fazia. <br><span><sup><b>5<\/b><\/sup><\/span> E falaram a Mois\u00e9s, dizendo: O povo traz muito mais do que \u00e9 necess\u00e1rio para o trabalho de fazer a obra que o SENHOR mandou que se fa\u00e7a. <br><span><sup><b>6<\/b><\/sup><\/span> Ent\u00e3o Mois\u00e9s mandou apregoar pelo acampamento, dizendo: Nenhum homem nem mulher fa\u00e7a mais obra para oferecer para o santu\u00e1rio. E assim foi o povo impedido de oferecer; <br><span><sup><b>7<\/b><\/sup><\/span> Pois tinha material abundante para fazer toda a obra, e sobrava. <br><span><sup><b>8<\/b><\/sup><\/span> E todos os s\u00e1bios de cora\u00e7\u00e3o entre os que faziam a obra, fizeram o tabern\u00e1culo de dez cortinas, de linho torcido, e de material azul, e de p\u00farpura e carmesim; as quais fizeram de obra prima, com querubins. <br><span><sup><b>9<\/b><\/sup><\/span> O comprimento da uma cortina era de vinte e oito c\u00f4vados, e a largura de quatro c\u00f4vados: todas as cortinas tinham uma mesma medida. <br><span><sup><b>10<\/b><\/sup><\/span> E juntou as cinco cortinas a uma com a outra: tamb\u00e9m uniu as outras cinco cortinas uma com aa outra. <br><span><sup><b>11<\/b><\/sup><\/span> E fez as la\u00e7adas de cor de material azul na orla de uma cortina, na margem, \u00e0 juntura; e assim fez na orla \u00e0 extremidade da segunda cortina, na juntura. <br><span><sup><b>12<\/b><\/sup><\/span> Cinquenta la\u00e7adas fez em um cortina, e outras cinquenta na segunda cortina, na margem, na juntura; umas la\u00e7adas em frente das outras. <br><span><sup><b>13<\/b><\/sup><\/span> Fez tamb\u00e9m cinquenta colchetes de ouro, com os quais juntou as cortinas, uma com a outra; e fez-se um tabern\u00e1culo. <br><span><sup><b>14<\/b><\/sup><\/span> Fez tamb\u00e9m cortinas de pelo de cabras para a tenda sobre o tabern\u00e1culo, e as fez em n\u00famero de onze. <br><span><sup><b>15<\/b><\/sup><\/span> O comprimento de uma cortina era de trinta c\u00f4vados, e a largura de quatro c\u00f4vados: as onze cortinas tinham uma mesma medida. <br><span><sup><b>16<\/b><\/sup><\/span> E juntou as cinco cortinas \u00e0 parte, e as seis cortinas \u00e0 parte. <br><span><sup><b>17<\/b><\/sup><\/span> Fez tamb\u00e9m cinquenta la\u00e7adas na orla da \u00faltima cortina na juntura, e outras cinquenta la\u00e7adas na orla da outra cortina na juntura. <br><span><sup><b>18<\/b><\/sup><\/span> Fez tamb\u00e9m cinquenta colchetes de bronze para juntar a tenda, de modo que fosse uma. <\/span><\/p>\n\n\n\n<h3 class=\"wp-block-heading\">A coberta de peles e as t\u00e1buas<\/h3>\n\n\n\n<p class=\"has-medium-font-size\" style=\"letter-spacing:1px\"><span><span><sup><b>19<\/b><\/sup><\/span> E fez uma coberta para a tenda de couros vermelhos de carneiros, e uma coberta encima de couros finos. <br><span><sup><b>20<\/b><\/sup><\/span> Tamb\u00e9m fez as t\u00e1buas para o tabern\u00e1culo de madeira de ac\u00e1cia, para estarem na vertical. <br><span><sup><b>21<\/b><\/sup><\/span> O comprimento de cada t\u00e1bua de dez c\u00f4vados, e de c\u00f4vado e meio a largura. <br><span><sup><b>22<\/b><\/sup><\/span> Cada t\u00e1bua tinha dois encaixes fixos um diante do outro: assim fez todas as t\u00e1buas do tabern\u00e1culo. <br><span><sup><b>23<\/b><\/sup><\/span> Fez, pois, as t\u00e1buas para o tabern\u00e1culo: vinte t\u00e1buas ao lado do sul. <br><span><sup><b>24<\/b><\/sup><\/span> Fez tamb\u00e9m as quarenta bases de prata debaixo das vinte t\u00e1buas: duas bases debaixo de uma t\u00e1bua para seus dois encaixes, e duas bases debaixo da outra t\u00e1bua para seus dois encaixes. <br><span><sup><b>25<\/b><\/sup><\/span> E para o outro lado do tabern\u00e1culo, \u00e0 parte do norte, fez vinte t\u00e1buas, <br><span><sup><b>26<\/b><\/sup><\/span> Com suas quarenta bases de prata: duas bases debaixo de uma t\u00e1bua, e duas bases debaixo da outra t\u00e1bua. <br><span><sup><b>27<\/b><\/sup><\/span> E para o lado ocidental do tabern\u00e1culo fez seis t\u00e1buas. <br><span><sup><b>28<\/b><\/sup><\/span> Para as esquinas do tabern\u00e1culo nos dois lados fez duas t\u00e1buas, <br><span><sup><b>29<\/b><\/sup><\/span> As quais se juntavam por baixo, e tamb\u00e9m por cima a uma argola: e assim fez \u00e0 uma e \u00e0 outra nos dois cantos. <br><span><sup><b>30<\/b><\/sup><\/span> Eram, pois, oito t\u00e1buas, e suas bases de prata dezesseis; duas bases debaixo de cada t\u00e1bua. <br><span><sup><b>31<\/b><\/sup><\/span> Fez tamb\u00e9m as barras de madeira de ac\u00e1cia; cinco para as t\u00e1buas do um lado do tabern\u00e1culo, <br><span><sup><b>32<\/b><\/sup><\/span> E cinco barras para as t\u00e1buas do outro lado do tabern\u00e1culo, e cinco barras para as t\u00e1buas do lado do tabern\u00e1culo \u00e0 parte ocidental. <br><span><sup><b>33<\/b><\/sup><\/span> E fez que a barra do meio passasse por meio das t\u00e1buas do um extremo ao outro. <br><span><sup><b>34<\/b><\/sup><\/span> E cobriu as t\u00e1buas de ouro, e fez de ouro os an\u00e9is delas por de onde passassem as barras: cobriu tamb\u00e9m de ouro as barras. <\/span><\/p>\n\n\n\n<h3 class=\"wp-block-heading\">Os v\u00e9us e as colunas<\/h3>\n\n\n\n<p class=\"has-medium-font-size\" style=\"letter-spacing:1px\"><span><span><sup><b>35<\/b><\/sup><\/span> Fez assim o v\u00e9u de azul, e p\u00farpura, e carmesim, e linho torcido, o qual fez com querubins de delicada obra. <br><span><sup><b>36<\/b><\/sup><\/span> E para ele fez quatro colunas de madeira de ac\u00e1cia; e cobriu-as de ouro, os capit\u00e9is das quais eram de ouro; e fez para elas quatro bases de prata de fundi\u00e7\u00e3o. <br><span><sup><b>37<\/b><\/sup><\/span> Fez tamb\u00e9m o v\u00e9u para a porta do tabern\u00e1culo, de azul, e p\u00farpura, e carmesim, e linho torcido, obra de bordador; <br><span><sup><b>38<\/b><\/sup><\/span> E suas cinco colunas com seus capit\u00e9is: e cobriu as cabe\u00e7as delas e suas molduras de ouro: mas suas cinco bases as fez de bronze.<\/span><\/p>\n\n\n\n<div class=\"wp-block-columns is-layout-flex wp-container-core-columns-is-layout-9d6595d7 wp-block-columns-is-layout-flex\">\n<div class=\"wp-block-column is-layout-flow wp-block-column-is-layout-flow\">\n<p><a href=\"\/exodo-35\">\u00caxodo 35<\/a><\/p>\n<\/div>\n\n\n\n<div class=\"wp-block-column is-layout-flow wp-block-column-is-layout-flow\">\n<p class=\"has-text-align-right\"><a href=\"\/exodo-37\">\u00caxodo 37<\/a><\/p>\n<\/div>\n<\/div>\n\n\n\n<h2 class=\"wp-block-heading\">Descri\u00e7\u00e3o &#8211; \u00caxodo 36<\/h2>\n\n\n\n<p class=\"has-medium-font-size\">\u00caxodo 36 descreve o in\u00edcio da constru\u00e7\u00e3o do Tabern\u00e1culo, conforme as instru\u00e7\u00f5es detalhadas recebidas por Mois\u00e9s. Bezalel e Aoliabe, os mestres artes\u00e3os, lideram o trabalho, com a ajuda de outros habilidosos artes\u00e3os escolhidos pelo Senhor. O povo de Israel, t\u00e3o generoso nas ofertas, acaba trazendo mais do que o necess\u00e1rio para a constru\u00e7\u00e3o, e Mois\u00e9s instrui que parem de trazer material. O cap\u00edtulo mostra a coopera\u00e7\u00e3o e a dedica\u00e7\u00e3o do povo na constru\u00e7\u00e3o do Tabern\u00e1culo, cumprindo a vontade de Deus. Esse processo simboliza a import\u00e2ncia da adora\u00e7\u00e3o e do compromisso com o sagrado na jornada de Israel.<\/p>\n\n\n\n<h3 class=\"wp-block-heading\">Livro do \u00caxodo:<\/h3>\n\n\n<ul class=\"wp-block-page-list\"><li class=\"wp-block-pages-list__item\"><a class=\"wp-block-pages-list__item__link\" href=\"https:\/\/bibliapresente.com\/postagens\/livros-da-biblia\/exodo\/exodo-1\/\">\u00caxodo 1 &#8211; O Nascimento de Mois\u00e9s<\/a><\/li><li class=\"wp-block-pages-list__item\"><a class=\"wp-block-pages-list__item__link\" href=\"https:\/\/bibliapresente.com\/postagens\/livros-da-biblia\/exodo\/exodo-2\/\">\u00caxodo 2 &#8211; Mois\u00e9s no Pal\u00e1cio do Fara\u00f3<\/a><\/li><li class=\"wp-block-pages-list__item\"><a class=\"wp-block-pages-list__item__link\" href=\"https:\/\/bibliapresente.com\/postagens\/livros-da-biblia\/exodo\/exodo-3\/\">\u00caxodo 3 &#8211; O Chamado de Mois\u00e9s<\/a><\/li><li class=\"wp-block-pages-list__item\"><a class=\"wp-block-pages-list__item__link\" href=\"https:\/\/bibliapresente.com\/postagens\/livros-da-biblia\/exodo\/exodo-4\/\">\u00caxodo 4 &#8211; Deus D\u00e1 Sinais a Mois\u00e9s<\/a><\/li><li class=\"wp-block-pages-list__item\"><a class=\"wp-block-pages-list__item__link\" href=\"https:\/\/bibliapresente.com\/postagens\/livros-da-biblia\/exodo\/exodo-5\/\">\u00caxodo 5 &#8211; Mois\u00e9s e Ar\u00e3o Conrontam Fara\u00f3<\/a><\/li><li class=\"wp-block-pages-list__item\"><a class=\"wp-block-pages-list__item__link\" href=\"https:\/\/bibliapresente.com\/postagens\/livros-da-biblia\/exodo\/exodo-6\/\">\u00caxodo 6 &#8211; Deus promete livramento<\/a><\/li><li class=\"wp-block-pages-list__item\"><a class=\"wp-block-pages-list__item__link\" href=\"https:\/\/bibliapresente.com\/postagens\/livros-da-biblia\/exodo\/exodo-7\/\">\u00caxodo 7 &#8211; A Primeira Praga: Sangue<\/a><\/li><li class=\"wp-block-pages-list__item\"><a class=\"wp-block-pages-list__item__link\" href=\"https:\/\/bibliapresente.com\/postagens\/livros-da-biblia\/exodo\/exodo-8\/\">\u00caxodo 8 &#8211; Pragas: R\u00e3s, Piolhos e Moscas<\/a><\/li><li class=\"wp-block-pages-list__item\"><a class=\"wp-block-pages-list__item__link\" href=\"https:\/\/bibliapresente.com\/postagens\/livros-da-biblia\/exodo\/exodo-9\/\">\u00caxodo 9 &#8211; Pragas: Peste, \u00dalceras, Granizo<\/a><\/li><li class=\"wp-block-pages-list__item\"><a class=\"wp-block-pages-list__item__link\" href=\"https:\/\/bibliapresente.com\/postagens\/livros-da-biblia\/exodo\/exodo-10\/\">\u00caxodo 10 &#8211; Pragas: Gafanhotos e Trevas<\/a><\/li><li class=\"wp-block-pages-list__item\"><a class=\"wp-block-pages-list__item__link\" href=\"https:\/\/bibliapresente.com\/postagens\/livros-da-biblia\/exodo\/exodo-11\/\">\u00caxodo 11 &#8211; Deus anuncia a \u00faltima praga<\/a><\/li><li class=\"wp-block-pages-list__item\"><a class=\"wp-block-pages-list__item__link\" href=\"https:\/\/bibliapresente.com\/postagens\/livros-da-biblia\/exodo\/exodo-12\/\">\u00caxodo 12 &#8211; A P\u00e1scoa e a Liberta\u00e7\u00e3o<\/a><\/li><li class=\"wp-block-pages-list__item\"><a class=\"wp-block-pages-list__item__link\" href=\"https:\/\/bibliapresente.com\/postagens\/livros-da-biblia\/exodo\/exodo-13\/\">\u00caxodo 13 &#8211; A Consagra\u00e7\u00e3o dos Primog\u00eanitos<\/a><\/li><li class=\"wp-block-pages-list__item\"><a class=\"wp-block-pages-list__item__link\" href=\"https:\/\/bibliapresente.com\/postagens\/livros-da-biblia\/exodo\/exodo-14\/\">\u00caxodo 14 &#8211; A Travessia do Mar Vermelho<\/a><\/li><li class=\"wp-block-pages-list__item\"><a class=\"wp-block-pages-list__item__link\" href=\"https:\/\/bibliapresente.com\/postagens\/livros-da-biblia\/exodo\/exodo-15\/\">\u00caxodo 15 &#8211; O C\u00e2ntico de Mois\u00e9s<\/a><\/li><li class=\"wp-block-pages-list__item\"><a class=\"wp-block-pages-list__item__link\" href=\"https:\/\/bibliapresente.com\/postagens\/livros-da-biblia\/exodo\/exodo-16\/\">\u00caxodo 16 &#8211; O Man\u00e1 no Deserto<\/a><\/li><li class=\"wp-block-pages-list__item\"><a class=\"wp-block-pages-list__item__link\" href=\"https:\/\/bibliapresente.com\/postagens\/livros-da-biblia\/exodo\/exodo-17\/\">\u00caxodo 17 &#8211; \u00c1gua Brotando da Rocha<\/a><\/li><li class=\"wp-block-pages-list__item\"><a class=\"wp-block-pages-list__item__link\" href=\"https:\/\/bibliapresente.com\/postagens\/livros-da-biblia\/exodo\/exodo-18\/\">\u00caxodo 18 &#8211; Os Conselhos de Jetro<\/a><\/li><li class=\"wp-block-pages-list__item\"><a class=\"wp-block-pages-list__item__link\" href=\"https:\/\/bibliapresente.com\/postagens\/livros-da-biblia\/exodo\/exodo-19\/\">\u00caxodo 19 &#8211; A Chegada ao Monte Sinai<\/a><\/li><li class=\"wp-block-pages-list__item\"><a class=\"wp-block-pages-list__item__link\" href=\"https:\/\/bibliapresente.com\/postagens\/livros-da-biblia\/exodo\/exodo-20\/\">\u00caxodo 20 &#8211; Os Dez Mandamentos<\/a><\/li><li class=\"wp-block-pages-list__item\"><a class=\"wp-block-pages-list__item__link\" href=\"https:\/\/bibliapresente.com\/postagens\/livros-da-biblia\/exodo\/exodo-21\/\">\u00caxodo 21 &#8211; Leis Sobre Justi\u00e7a Social<\/a><\/li><li class=\"wp-block-pages-list__item\"><a class=\"wp-block-pages-list__item__link\" href=\"https:\/\/bibliapresente.com\/postagens\/livros-da-biblia\/exodo\/exodo-22\/\">\u00caxodo 22 &#8211; Leis Sobre Danos e Repara\u00e7\u00e3o<\/a><\/li><li class=\"wp-block-pages-list__item\"><a class=\"wp-block-pages-list__item__link\" href=\"https:\/\/bibliapresente.com\/postagens\/livros-da-biblia\/exodo\/exodo-23\/\">\u00caxodo 23 &#8211; Leis de Justi\u00e7a e Festividades<\/a><\/li><li class=\"wp-block-pages-list__item\"><a class=\"wp-block-pages-list__item__link\" href=\"https:\/\/bibliapresente.com\/postagens\/livros-da-biblia\/exodo\/exodo-24\/\">\u00caxodo 24 &#8211; A Confirma\u00e7\u00e3o da Alian\u00e7a<\/a><\/li><li class=\"wp-block-pages-list__item\"><a class=\"wp-block-pages-list__item__link\" href=\"https:\/\/bibliapresente.com\/postagens\/livros-da-biblia\/exodo\/exodo-25\/\">\u00caxodo 25 &#8211; Arca da Alian\u00e7a e Tabern\u00e1culo<\/a><\/li><li class=\"wp-block-pages-list__item\"><a class=\"wp-block-pages-list__item__link\" href=\"https:\/\/bibliapresente.com\/postagens\/livros-da-biblia\/exodo\/exodo-26\/\">\u00caxodo 26 &#8211; Construindo o Tabern\u00e1culo<\/a><\/li><li class=\"wp-block-pages-list__item\"><a class=\"wp-block-pages-list__item__link\" href=\"https:\/\/bibliapresente.com\/postagens\/livros-da-biblia\/exodo\/exodo-27\/\">\u00caxodo 27 &#8211; O Altar de Bronze<\/a><\/li><li class=\"wp-block-pages-list__item\"><a class=\"wp-block-pages-list__item__link\" href=\"https:\/\/bibliapresente.com\/postagens\/livros-da-biblia\/exodo\/exodo-28\/\">\u00caxodo 28 &#8211; O Vestu\u00e1rio dos Sacerdotes<\/a><\/li><li class=\"wp-block-pages-list__item\"><a class=\"wp-block-pages-list__item__link\" href=\"https:\/\/bibliapresente.com\/postagens\/livros-da-biblia\/exodo\/exodo-29\/\">\u00caxodo 29 &#8211; Consagra\u00e7\u00e3o de Ar\u00e3o<\/a><\/li><li class=\"wp-block-pages-list__item\"><a class=\"wp-block-pages-list__item__link\" href=\"https:\/\/bibliapresente.com\/postagens\/livros-da-biblia\/exodo\/exodo-30\/\">\u00caxodo 30 &#8211; O Altar do Incenso<\/a><\/li><li class=\"wp-block-pages-list__item\"><a class=\"wp-block-pages-list__item__link\" href=\"https:\/\/bibliapresente.com\/postagens\/livros-da-biblia\/exodo\/exodo-31\/\">\u00caxodo 31 &#8211; O S\u00e1bado<\/a><\/li><li class=\"wp-block-pages-list__item\"><a class=\"wp-block-pages-list__item__link\" href=\"https:\/\/bibliapresente.com\/postagens\/livros-da-biblia\/exodo\/exodo-32\/\">\u00caxodo 32 &#8211; O Bezerro de Ouro<\/a><\/li><li class=\"wp-block-pages-list__item\"><a class=\"wp-block-pages-list__item__link\" href=\"https:\/\/bibliapresente.com\/postagens\/livros-da-biblia\/exodo\/exodo-33\/\">\u00caxodo 33 &#8211; Deus promete a Sua presen\u00e7a<\/a><\/li><li class=\"wp-block-pages-list__item\"><a class=\"wp-block-pages-list__item__link\" href=\"https:\/\/bibliapresente.com\/postagens\/livros-da-biblia\/exodo\/exodo-34\/\">\u00caxodo 34 &#8211; A Renova\u00e7\u00e3o da Alian\u00e7a<\/a><\/li><li class=\"wp-block-pages-list__item\"><a class=\"wp-block-pages-list__item__link\" href=\"https:\/\/bibliapresente.com\/postagens\/livros-da-biblia\/exodo\/exodo-35\/\">\u00caxodo 35 &#8211; A Oferta do Povo<\/a><\/li><li class=\"wp-block-pages-list__item\"><a class=\"wp-block-pages-list__item__link\" href=\"https:\/\/bibliapresente.com\/postagens\/livros-da-biblia\/exodo\/exodo-36\/\">\u00caxodo 36 &#8211; A Constru\u00e7\u00e3o do Tabern\u00e1culo<\/a><\/li><li class=\"wp-block-pages-list__item\"><a class=\"wp-block-pages-list__item__link\" href=\"https:\/\/bibliapresente.com\/postagens\/livros-da-biblia\/exodo\/exodo-37\/\">\u00caxodo 37 &#8211; A Arca, a Mesa e o Candelabro<\/a><\/li><li class=\"wp-block-pages-list__item\"><a class=\"wp-block-pages-list__item__link\" href=\"https:\/\/bibliapresente.com\/postagens\/livros-da-biblia\/exodo\/exodo-38\/\">\u00caxodo 38 &#8211; O Altar de Bronze<\/a><\/li><li class=\"wp-block-pages-list__item\"><a class=\"wp-block-pages-list__item__link\" href=\"https:\/\/bibliapresente.com\/postagens\/livros-da-biblia\/exodo\/exodo-39\/\">\u00caxodo 39 &#8211; A Confec\u00e7\u00e3o das Vestes<\/a><\/li><li class=\"wp-block-pages-list__item\"><a class=\"wp-block-pages-list__item__link\" href=\"https:\/\/bibliapresente.com\/postagens\/livros-da-biblia\/exodo\/exodo-40\/\">\u00caxodo 40 &#8211; A Consagra\u00e7\u00e3o do Tabern\u00e1culo<\/a><\/li><\/ul>\n\n\n<p><\/p>\n","protected":false},"excerpt":{"rendered":"<p>1 Fez, pois, Bezalel e Aoliabe, e todo homem s\u00e1bio de cora\u00e7\u00e3o, a quem o SENHOR deu sabedoria e intelig\u00eancia para que soubessem fazer toda a obra do servi\u00e7o do santu\u00e1rio, todas as coisas que havia mandado o SENHOR. Mois\u00e9s entrega aos obreiros as ofertas do povo 2 E Mois\u00e9s chamou a Bezalel e a &hellip; <\/p>\n","protected":false},"author":2,"featured_media":583,"parent":581,"menu_order":36,"comment_status":"closed","ping_status":"closed","template":"","meta":{"om_disable_all_campaigns":false,"_monsterinsights_skip_tracking":false,"_monsterinsights_sitenote_active":false,"_monsterinsights_sitenote_note":"","_monsterinsights_sitenote_category":0,"footnotes":""},"class_list":["post-659","page","type-page","status-publish","has-post-thumbnail","hentry"],"aioseo_notices":[],"_links":{"self":[{"href":"https:\/\/bibliapresente.com\/postagens\/wp-json\/wp\/v2\/pages\/659","targetHints":{"allow":["GET"]}}],"collection":[{"href":"https:\/\/bibliapresente.com\/postagens\/wp-json\/wp\/v2\/pages"}],"about":[{"href":"https:\/\/bibliapresente.com\/postagens\/wp-json\/wp\/v2\/types\/page"}],"author":[{"embeddable":true,"href":"https:\/\/bibliapresente.com\/postagens\/wp-json\/wp\/v2\/users\/2"}],"replies":[{"embeddable":true,"href":"https:\/\/bibliapresente.com\/postagens\/wp-json\/wp\/v2\/comments?post=659"}],"version-history":[{"count":5,"href":"https:\/\/bibliapresente.com\/postagens\/wp-json\/wp\/v2\/pages\/659\/revisions"}],"predecessor-version":[{"id":1194,"href":"https:\/\/bibliapresente.com\/postagens\/wp-json\/wp\/v2\/pages\/659\/revisions\/1194"}],"up":[{"embeddable":true,"href":"https:\/\/bibliapresente.com\/postagens\/wp-json\/wp\/v2\/pages\/581"}],"wp:featuredmedia":[{"embeddable":true,"href":"https:\/\/bibliapresente.com\/postagens\/wp-json\/wp\/v2\/media\/583"}],"wp:attachment":[{"href":"https:\/\/bibliapresente.com\/postagens\/wp-json\/wp\/v2\/media?parent=659"}],"curies":[{"name":"wp","href":"https:\/\/api.w.org\/{rel}","templated":true}]}}