{"id":657,"date":"2025-01-28T18:07:20","date_gmt":"2025-01-28T21:07:20","guid":{"rendered":"https:\/\/bibliapresente.com\/postagens\/?page_id=657"},"modified":"2025-01-28T18:07:40","modified_gmt":"2025-01-28T21:07:40","slug":"exodo-35","status":"publish","type":"page","link":"https:\/\/bibliapresente.com\/postagens\/livros-da-biblia\/exodo\/exodo-35\/","title":{"rendered":"\u00caxodo 35 &#8211; A Oferta do Povo"},"content":{"rendered":"\n<h3 class=\"wp-block-heading\">O s\u00e1bado e as ofertas para o tabern\u00e1culo<\/h3>\n\n\n\n<p class=\"has-medium-font-size\" style=\"letter-spacing:1px\"><span><span><sup><b>1<\/b><\/sup><\/span> E Mois\u00e9s fez juntar toda a congrega\u00e7\u00e3o dos filhos de Israel, e disse-lhes: Estas s\u00e3o as coisas que o SENHOR mandou que fa\u00e7ais. <br><span><sup><b>2<\/b><\/sup><\/span> Seis dias se far\u00e1 obra, mas o dia s\u00e9timo vos ser\u00e1 santo, s\u00e1bado de repouso ao SENHOR: qualquer um que nele fizer obra morrer\u00e1. <br><span><sup><b>3<\/b><\/sup><\/span> N\u00e3o acendereis fogo em todas as vossas moradas no dia do s\u00e1bado. <br><span><sup><b>4<\/b><\/sup><\/span> E falou Mois\u00e9s a toda a congrega\u00e7\u00e3o dos filhos de Israel, dizendo: Isto \u00e9 o que o SENHOR mandou, dizendo: <br><span><sup><b>5<\/b><\/sup><\/span> Tomai dentre v\u00f3s oferta para o SENHOR: todo generoso de cora\u00e7\u00e3o a trar\u00e1 ao SENHOR: ouro, prata, bronze; <br><span><sup><b>6<\/b><\/sup><\/span> E azul, e p\u00farpura, e carmesim, e linho fino, e pelo de cabras; <br><span><sup><b>7<\/b><\/sup><\/span> E couros vermelhos de carneiros, e couros finos, e madeira de ac\u00e1cia; <br><span><sup><b>8<\/b><\/sup><\/span> E azeite para a lumin\u00e1ria, e especiarias arom\u00e1ticas para o azeite da un\u00e7\u00e3o, e para o incenso arom\u00e1tico; <br><span><sup><b>9<\/b><\/sup><\/span> E pedras de \u00f4nix, e demais pedrarias, para o \u00e9fode, e para o peitoral. <br><span><sup><b>10<\/b><\/sup><\/span> E todo s\u00e1bio de cora\u00e7\u00e3o dentre v\u00f3s, vir\u00e1 e far\u00e1 todas as coisas que o SENHOR mandou: <br><span><sup><b>11<\/b><\/sup><\/span> O tabern\u00e1culo, sua tenda, e sua coberta, e seus an\u00e9is, e suas t\u00e1buas, suas barras, suas colunas, e suas bases; <br><span><sup><b>12<\/b><\/sup><\/span> A arca, e suas varas, o propiciat\u00f3rio, e o v\u00e9u da tenda; <br><span><sup><b>13<\/b><\/sup><\/span> A mesa, e suas varas, e todos os seus utens\u00edlios, e o p\u00e3o da proposi\u00e7\u00e3o. <br><span><sup><b>14<\/b><\/sup><\/span> O candelabro da lumin\u00e1ria, e seus utens\u00edlios, e suas l\u00e2mpadas, e o azeite para a lumin\u00e1ria; <br><span><sup><b>15<\/b><\/sup><\/span> E o altar do incenso, e suas varas, e o azeite da un\u00e7\u00e3o, e o incenso arom\u00e1tico, e a cortina da porta, para a entrada do tabern\u00e1culo; <br><span><sup><b>16<\/b><\/sup><\/span> O altar do holocausto, e sua grelha de bronze, e suas varas, e todos os seus utens\u00edlios, e a pia com sua base; <br><span><sup><b>17<\/b><\/sup><\/span> As cortinas do \u00e1trio, suas colunas, e suas bases, e a cortina da porta do \u00e1trio; <br><span><sup><b>18<\/b><\/sup><\/span> As estacas do tabern\u00e1culo, e as estacas do \u00e1trio, e suas cordas; <br><span><sup><b>19<\/b><\/sup><\/span> As vestimentas dos servi\u00e7o para ministrar no santu\u00e1rio, as sagradas vestimentas de Ar\u00e3o o sacerdote, e as vestimentas de seus filhos para servir no sacerd\u00f3cio. <\/span><\/p>\n\n\n\n<h3 class=\"wp-block-heading\">A prontid\u00e3o do povo em trazer ofertas<\/h3>\n\n\n\n<p class=\"has-medium-font-size\" style=\"letter-spacing:1px\"><span><span><sup><b>20<\/b><\/sup><\/span> E saiu toda a congrega\u00e7\u00e3o dos filhos de Israel de diante de Mois\u00e9s. <br><span><sup><b>21<\/b><\/sup><\/span> E veio todo homem a quem seu cora\u00e7\u00e3o estimulou, e todo aquele a quem seu esp\u00edrito lhe deu vontade, e trouxeram oferta ao SENHOR para a obra do tabern\u00e1culo do testemunho, e para toda sua confec\u00e7\u00e3o, e para as sagradas vestimentas. <br><span><sup><b>22<\/b><\/sup><\/span> E vieram tanto homens como mulheres, todo volunt\u00e1rio de cora\u00e7\u00e3o, e trouxeram correntes e pendentes, an\u00e9is e braceletes, e toda joia de ouro; e qualquer um oferecia oferta de ouro ao SENHOR. <br><span><sup><b>23<\/b><\/sup><\/span> Todo homem que se achava com material azul, ou p\u00farpura, ou carmesim, ou linho fino, ou pelo de cabras, ou odres vermelhos de carneiros, ou couros finos, o trazia. <br><span><sup><b>24<\/b><\/sup><\/span> Qualquer um que oferecia oferta de prata ou de bronze, trazia ao SENHOR a oferta: e todo o que se achava com madeira de ac\u00e1cia, trazia-a para toda a obra do servi\u00e7o. <br><span><sup><b>25<\/b><\/sup><\/span> Al\u00e9m disso todas as mulheres s\u00e1bias de cora\u00e7\u00e3o fiavam de suas m\u00e3os, e traziam o que haviam fiado: azul, ou p\u00farpura, ou carmesim, ou linho fino. <br><span><sup><b>26<\/b><\/sup><\/span> E todas as mulheres cujo cora\u00e7\u00e3o as levantou em sabedoria, fiaram pelos de cabras. <br><span><sup><b>27<\/b><\/sup><\/span> E os pr\u00edncipes trouxeram pedras de \u00f4nix, e as pedras dos engastes para o \u00e9fode e o peitoral; <br><span><sup><b>28<\/b><\/sup><\/span> E a especiaria arom\u00e1tica e azeite, para a lumin\u00e1ria, e para o azeite da un\u00e7\u00e3o, e para o incenso arom\u00e1tico. <br><span><sup><b>29<\/b><\/sup><\/span> Dos filhos de Israel, tanto homens como mulheres, todos os que tiveram cora\u00e7\u00e3o volunt\u00e1rio para trazer para toda a obra, que o SENHOR havia mandado por meio de Mois\u00e9s que fizessem, trouxeram oferta volunt\u00e1ria ao SENHOR. <\/span><\/p>\n\n\n\n<h3 class=\"wp-block-heading\">Deus chama Bezalel e Aoliabe<\/h3>\n\n\n\n<p class=\"has-medium-font-size\" style=\"letter-spacing:1px\"><span><span><sup><b>30<\/b><\/sup><\/span> E disse Mois\u00e9s aos filhos de Israel: Olhai, o SENHOR nomeou a Bezalel filho de Uri, filho de Hur, da tribo de Jud\u00e1; <br><span><sup><b>31<\/b><\/sup><\/span> E o encheu de esp\u00edrito de Deus, em sabedoria, em intelig\u00eancia, e em conhecimento, e em todo artif\u00edcio, <br><span><sup><b>32<\/b><\/sup><\/span> Para projetar inventos, para trabalhar em ouro, e em prata, e em bronze, <br><span><sup><b>33<\/b><\/sup><\/span> E em obra de pedrarias para engastar, e em obra de madeira, para trabalhar em toda inven\u00e7\u00e3o engenhosa. <br><span><sup><b>34<\/b><\/sup><\/span> E p\u00f4s em seu cora\u00e7\u00e3o o que podia ensinar, tanto ele como Aoliabe filho de Aisamaque, da tribo de D\u00e3: <br><span><sup><b>35<\/b><\/sup><\/span> E os encheu de sabedoria de cora\u00e7\u00e3o, para que fa\u00e7am toda obra de artif\u00edcio, e de inven\u00e7\u00e3o, e de recamado em azul, e em p\u00farpura, e em carmesim, e em linho fino, e em tear; para que fa\u00e7am todo trabalho, e inventem todo desenho.<\/span><\/p>\n\n\n\n<div class=\"wp-block-columns is-layout-flex wp-container-core-columns-is-layout-9d6595d7 wp-block-columns-is-layout-flex\">\n<div class=\"wp-block-column is-layout-flow wp-block-column-is-layout-flow\">\n<p><a href=\"\/exodo-34\">\u00caxodo 34<\/a><\/p>\n<\/div>\n\n\n\n<div class=\"wp-block-column is-layout-flow wp-block-column-is-layout-flow\">\n<p class=\"has-text-align-right\"><a href=\"\/exodo-36\">\u00caxodo 36<\/a><\/p>\n<\/div>\n<\/div>\n\n\n\n<h2 class=\"wp-block-heading\">Descri\u00e7\u00e3o &#8211; \u00caxodo 35<\/h2>\n\n\n\n<p class=\"has-medium-font-size\">\u00caxodo 35 retoma a constru\u00e7\u00e3o do Tabern\u00e1culo, come\u00e7ando com a convoca\u00e7\u00e3o do povo para observar o s\u00e1bado, o que refor\u00e7a a import\u00e2ncia do descanso e da santidade. Mois\u00e9s instrui os israelitas a trazerem materiais preciosos para a constru\u00e7\u00e3o do Tabern\u00e1culo, como ouro, prata, tecidos e madeira. O povo responde generosamente, trazendo ofertas para os artes\u00e3os que construir\u00e3o o Tabern\u00e1culo, conforme as instru\u00e7\u00f5es dadas por Deus. Este cap\u00edtulo destaca a coopera\u00e7\u00e3o do povo de Israel, a generosidade e o compromisso com a adora\u00e7\u00e3o a Deus, al\u00e9m de refor\u00e7ar a import\u00e2ncia da obedi\u00eancia \u00e0s instru\u00e7\u00f5es divinas para a constru\u00e7\u00e3o do santu\u00e1rio sagrado.<\/p>\n\n\n\n<h3 class=\"wp-block-heading\">Livro do \u00caxodo:<\/h3>\n\n\n<ul class=\"wp-block-page-list\"><li class=\"wp-block-pages-list__item\"><a class=\"wp-block-pages-list__item__link\" href=\"https:\/\/bibliapresente.com\/postagens\/livros-da-biblia\/exodo\/exodo-1\/\">\u00caxodo 1 &#8211; O Nascimento de Mois\u00e9s<\/a><\/li><li class=\"wp-block-pages-list__item\"><a class=\"wp-block-pages-list__item__link\" href=\"https:\/\/bibliapresente.com\/postagens\/livros-da-biblia\/exodo\/exodo-2\/\">\u00caxodo 2 &#8211; Mois\u00e9s no Pal\u00e1cio do Fara\u00f3<\/a><\/li><li class=\"wp-block-pages-list__item\"><a class=\"wp-block-pages-list__item__link\" href=\"https:\/\/bibliapresente.com\/postagens\/livros-da-biblia\/exodo\/exodo-3\/\">\u00caxodo 3 &#8211; O Chamado de Mois\u00e9s<\/a><\/li><li class=\"wp-block-pages-list__item\"><a class=\"wp-block-pages-list__item__link\" href=\"https:\/\/bibliapresente.com\/postagens\/livros-da-biblia\/exodo\/exodo-4\/\">\u00caxodo 4 &#8211; Deus D\u00e1 Sinais a Mois\u00e9s<\/a><\/li><li class=\"wp-block-pages-list__item\"><a class=\"wp-block-pages-list__item__link\" href=\"https:\/\/bibliapresente.com\/postagens\/livros-da-biblia\/exodo\/exodo-5\/\">\u00caxodo 5 &#8211; Mois\u00e9s e Ar\u00e3o Conrontam Fara\u00f3<\/a><\/li><li class=\"wp-block-pages-list__item\"><a class=\"wp-block-pages-list__item__link\" href=\"https:\/\/bibliapresente.com\/postagens\/livros-da-biblia\/exodo\/exodo-6\/\">\u00caxodo 6 &#8211; Deus promete livramento<\/a><\/li><li class=\"wp-block-pages-list__item\"><a class=\"wp-block-pages-list__item__link\" href=\"https:\/\/bibliapresente.com\/postagens\/livros-da-biblia\/exodo\/exodo-7\/\">\u00caxodo 7 &#8211; A Primeira Praga: Sangue<\/a><\/li><li class=\"wp-block-pages-list__item\"><a class=\"wp-block-pages-list__item__link\" href=\"https:\/\/bibliapresente.com\/postagens\/livros-da-biblia\/exodo\/exodo-8\/\">\u00caxodo 8 &#8211; Pragas: R\u00e3s, Piolhos e Moscas<\/a><\/li><li class=\"wp-block-pages-list__item\"><a class=\"wp-block-pages-list__item__link\" href=\"https:\/\/bibliapresente.com\/postagens\/livros-da-biblia\/exodo\/exodo-9\/\">\u00caxodo 9 &#8211; Pragas: Peste, \u00dalceras, Granizo<\/a><\/li><li class=\"wp-block-pages-list__item\"><a class=\"wp-block-pages-list__item__link\" href=\"https:\/\/bibliapresente.com\/postagens\/livros-da-biblia\/exodo\/exodo-10\/\">\u00caxodo 10 &#8211; Pragas: Gafanhotos e Trevas<\/a><\/li><li class=\"wp-block-pages-list__item\"><a class=\"wp-block-pages-list__item__link\" href=\"https:\/\/bibliapresente.com\/postagens\/livros-da-biblia\/exodo\/exodo-11\/\">\u00caxodo 11 &#8211; Deus anuncia a \u00faltima praga<\/a><\/li><li class=\"wp-block-pages-list__item\"><a class=\"wp-block-pages-list__item__link\" href=\"https:\/\/bibliapresente.com\/postagens\/livros-da-biblia\/exodo\/exodo-12\/\">\u00caxodo 12 &#8211; A P\u00e1scoa e a Liberta\u00e7\u00e3o<\/a><\/li><li class=\"wp-block-pages-list__item\"><a class=\"wp-block-pages-list__item__link\" href=\"https:\/\/bibliapresente.com\/postagens\/livros-da-biblia\/exodo\/exodo-13\/\">\u00caxodo 13 &#8211; A Consagra\u00e7\u00e3o dos Primog\u00eanitos<\/a><\/li><li class=\"wp-block-pages-list__item\"><a class=\"wp-block-pages-list__item__link\" href=\"https:\/\/bibliapresente.com\/postagens\/livros-da-biblia\/exodo\/exodo-14\/\">\u00caxodo 14 &#8211; A Travessia do Mar Vermelho<\/a><\/li><li class=\"wp-block-pages-list__item\"><a class=\"wp-block-pages-list__item__link\" href=\"https:\/\/bibliapresente.com\/postagens\/livros-da-biblia\/exodo\/exodo-15\/\">\u00caxodo 15 &#8211; O C\u00e2ntico de Mois\u00e9s<\/a><\/li><li class=\"wp-block-pages-list__item\"><a class=\"wp-block-pages-list__item__link\" href=\"https:\/\/bibliapresente.com\/postagens\/livros-da-biblia\/exodo\/exodo-16\/\">\u00caxodo 16 &#8211; O Man\u00e1 no Deserto<\/a><\/li><li class=\"wp-block-pages-list__item\"><a class=\"wp-block-pages-list__item__link\" href=\"https:\/\/bibliapresente.com\/postagens\/livros-da-biblia\/exodo\/exodo-17\/\">\u00caxodo 17 &#8211; \u00c1gua Brotando da Rocha<\/a><\/li><li class=\"wp-block-pages-list__item\"><a class=\"wp-block-pages-list__item__link\" href=\"https:\/\/bibliapresente.com\/postagens\/livros-da-biblia\/exodo\/exodo-18\/\">\u00caxodo 18 &#8211; Os Conselhos de Jetro<\/a><\/li><li class=\"wp-block-pages-list__item\"><a class=\"wp-block-pages-list__item__link\" href=\"https:\/\/bibliapresente.com\/postagens\/livros-da-biblia\/exodo\/exodo-19\/\">\u00caxodo 19 &#8211; A Chegada ao Monte Sinai<\/a><\/li><li class=\"wp-block-pages-list__item\"><a class=\"wp-block-pages-list__item__link\" href=\"https:\/\/bibliapresente.com\/postagens\/livros-da-biblia\/exodo\/exodo-20\/\">\u00caxodo 20 &#8211; Os Dez Mandamentos<\/a><\/li><li class=\"wp-block-pages-list__item\"><a class=\"wp-block-pages-list__item__link\" href=\"https:\/\/bibliapresente.com\/postagens\/livros-da-biblia\/exodo\/exodo-21\/\">\u00caxodo 21 &#8211; Leis Sobre Justi\u00e7a Social<\/a><\/li><li class=\"wp-block-pages-list__item\"><a class=\"wp-block-pages-list__item__link\" href=\"https:\/\/bibliapresente.com\/postagens\/livros-da-biblia\/exodo\/exodo-22\/\">\u00caxodo 22 &#8211; Leis Sobre Danos e Repara\u00e7\u00e3o<\/a><\/li><li class=\"wp-block-pages-list__item\"><a class=\"wp-block-pages-list__item__link\" href=\"https:\/\/bibliapresente.com\/postagens\/livros-da-biblia\/exodo\/exodo-23\/\">\u00caxodo 23 &#8211; Leis de Justi\u00e7a e Festividades<\/a><\/li><li class=\"wp-block-pages-list__item\"><a class=\"wp-block-pages-list__item__link\" href=\"https:\/\/bibliapresente.com\/postagens\/livros-da-biblia\/exodo\/exodo-24\/\">\u00caxodo 24 &#8211; A Confirma\u00e7\u00e3o da Alian\u00e7a<\/a><\/li><li class=\"wp-block-pages-list__item\"><a class=\"wp-block-pages-list__item__link\" href=\"https:\/\/bibliapresente.com\/postagens\/livros-da-biblia\/exodo\/exodo-25\/\">\u00caxodo 25 &#8211; Arca da Alian\u00e7a e Tabern\u00e1culo<\/a><\/li><li class=\"wp-block-pages-list__item\"><a class=\"wp-block-pages-list__item__link\" href=\"https:\/\/bibliapresente.com\/postagens\/livros-da-biblia\/exodo\/exodo-26\/\">\u00caxodo 26 &#8211; Construindo o Tabern\u00e1culo<\/a><\/li><li class=\"wp-block-pages-list__item\"><a class=\"wp-block-pages-list__item__link\" href=\"https:\/\/bibliapresente.com\/postagens\/livros-da-biblia\/exodo\/exodo-27\/\">\u00caxodo 27 &#8211; O Altar de Bronze<\/a><\/li><li class=\"wp-block-pages-list__item\"><a class=\"wp-block-pages-list__item__link\" href=\"https:\/\/bibliapresente.com\/postagens\/livros-da-biblia\/exodo\/exodo-28\/\">\u00caxodo 28 &#8211; O Vestu\u00e1rio dos Sacerdotes<\/a><\/li><li class=\"wp-block-pages-list__item\"><a class=\"wp-block-pages-list__item__link\" href=\"https:\/\/bibliapresente.com\/postagens\/livros-da-biblia\/exodo\/exodo-29\/\">\u00caxodo 29 &#8211; Consagra\u00e7\u00e3o de Ar\u00e3o<\/a><\/li><li class=\"wp-block-pages-list__item\"><a class=\"wp-block-pages-list__item__link\" href=\"https:\/\/bibliapresente.com\/postagens\/livros-da-biblia\/exodo\/exodo-30\/\">\u00caxodo 30 &#8211; O Altar do Incenso<\/a><\/li><li class=\"wp-block-pages-list__item\"><a class=\"wp-block-pages-list__item__link\" href=\"https:\/\/bibliapresente.com\/postagens\/livros-da-biblia\/exodo\/exodo-31\/\">\u00caxodo 31 &#8211; O S\u00e1bado<\/a><\/li><li class=\"wp-block-pages-list__item\"><a class=\"wp-block-pages-list__item__link\" href=\"https:\/\/bibliapresente.com\/postagens\/livros-da-biblia\/exodo\/exodo-32\/\">\u00caxodo 32 &#8211; O Bezerro de Ouro<\/a><\/li><li class=\"wp-block-pages-list__item\"><a class=\"wp-block-pages-list__item__link\" href=\"https:\/\/bibliapresente.com\/postagens\/livros-da-biblia\/exodo\/exodo-33\/\">\u00caxodo 33 &#8211; Deus promete a Sua presen\u00e7a<\/a><\/li><li class=\"wp-block-pages-list__item\"><a class=\"wp-block-pages-list__item__link\" href=\"https:\/\/bibliapresente.com\/postagens\/livros-da-biblia\/exodo\/exodo-34\/\">\u00caxodo 34 &#8211; A Renova\u00e7\u00e3o da Alian\u00e7a<\/a><\/li><li class=\"wp-block-pages-list__item\"><a class=\"wp-block-pages-list__item__link\" href=\"https:\/\/bibliapresente.com\/postagens\/livros-da-biblia\/exodo\/exodo-35\/\">\u00caxodo 35 &#8211; A Oferta do Povo<\/a><\/li><li class=\"wp-block-pages-list__item\"><a class=\"wp-block-pages-list__item__link\" href=\"https:\/\/bibliapresente.com\/postagens\/livros-da-biblia\/exodo\/exodo-36\/\">\u00caxodo 36 &#8211; A Constru\u00e7\u00e3o do Tabern\u00e1culo<\/a><\/li><li class=\"wp-block-pages-list__item\"><a class=\"wp-block-pages-list__item__link\" href=\"https:\/\/bibliapresente.com\/postagens\/livros-da-biblia\/exodo\/exodo-37\/\">\u00caxodo 37 &#8211; A Arca, a Mesa e o Candelabro<\/a><\/li><li class=\"wp-block-pages-list__item\"><a class=\"wp-block-pages-list__item__link\" href=\"https:\/\/bibliapresente.com\/postagens\/livros-da-biblia\/exodo\/exodo-38\/\">\u00caxodo 38 &#8211; O Altar de Bronze<\/a><\/li><li class=\"wp-block-pages-list__item\"><a class=\"wp-block-pages-list__item__link\" href=\"https:\/\/bibliapresente.com\/postagens\/livros-da-biblia\/exodo\/exodo-39\/\">\u00caxodo 39 &#8211; A Confec\u00e7\u00e3o das Vestes<\/a><\/li><li class=\"wp-block-pages-list__item\"><a class=\"wp-block-pages-list__item__link\" href=\"https:\/\/bibliapresente.com\/postagens\/livros-da-biblia\/exodo\/exodo-40\/\">\u00caxodo 40 &#8211; A Consagra\u00e7\u00e3o do Tabern\u00e1culo<\/a><\/li><\/ul>\n\n\n<p><\/p>\n","protected":false},"excerpt":{"rendered":"<p>O s\u00e1bado e as ofertas para o tabern\u00e1culo 1 E Mois\u00e9s fez juntar toda a congrega\u00e7\u00e3o dos filhos de Israel, e disse-lhes: Estas s\u00e3o as coisas que o SENHOR mandou que fa\u00e7ais. 2 Seis dias se far\u00e1 obra, mas o dia s\u00e9timo vos ser\u00e1 santo, s\u00e1bado de repouso ao SENHOR: qualquer um que nele fizer &hellip; <\/p>\n","protected":false},"author":2,"featured_media":583,"parent":581,"menu_order":35,"comment_status":"closed","ping_status":"closed","template":"","meta":{"om_disable_all_campaigns":false,"_monsterinsights_skip_tracking":false,"_monsterinsights_sitenote_active":false,"_monsterinsights_sitenote_note":"","_monsterinsights_sitenote_category":0,"footnotes":""},"class_list":["post-657","page","type-page","status-publish","has-post-thumbnail","hentry"],"aioseo_notices":[],"_links":{"self":[{"href":"https:\/\/bibliapresente.com\/postagens\/wp-json\/wp\/v2\/pages\/657","targetHints":{"allow":["GET"]}}],"collection":[{"href":"https:\/\/bibliapresente.com\/postagens\/wp-json\/wp\/v2\/pages"}],"about":[{"href":"https:\/\/bibliapresente.com\/postagens\/wp-json\/wp\/v2\/types\/page"}],"author":[{"embeddable":true,"href":"https:\/\/bibliapresente.com\/postagens\/wp-json\/wp\/v2\/users\/2"}],"replies":[{"embeddable":true,"href":"https:\/\/bibliapresente.com\/postagens\/wp-json\/wp\/v2\/comments?post=657"}],"version-history":[{"count":5,"href":"https:\/\/bibliapresente.com\/postagens\/wp-json\/wp\/v2\/pages\/657\/revisions"}],"predecessor-version":[{"id":1193,"href":"https:\/\/bibliapresente.com\/postagens\/wp-json\/wp\/v2\/pages\/657\/revisions\/1193"}],"up":[{"embeddable":true,"href":"https:\/\/bibliapresente.com\/postagens\/wp-json\/wp\/v2\/pages\/581"}],"wp:featuredmedia":[{"embeddable":true,"href":"https:\/\/bibliapresente.com\/postagens\/wp-json\/wp\/v2\/media\/583"}],"wp:attachment":[{"href":"https:\/\/bibliapresente.com\/postagens\/wp-json\/wp\/v2\/media?parent=657"}],"curies":[{"name":"wp","href":"https:\/\/api.w.org\/{rel}","templated":true}]}}