{"id":651,"date":"2025-01-28T17:59:32","date_gmt":"2025-01-28T20:59:32","guid":{"rendered":"https:\/\/bibliapresente.com\/postagens\/?page_id=651"},"modified":"2025-01-28T17:59:33","modified_gmt":"2025-01-28T20:59:33","slug":"exodo-32","status":"publish","type":"page","link":"https:\/\/bibliapresente.com\/postagens\/livros-da-biblia\/exodo\/exodo-32\/","title":{"rendered":"\u00caxodo 32 &#8211; O Bezerro de Ouro"},"content":{"rendered":"\n<h3 class=\"wp-block-heading\">O bezerro de ouro<\/h3>\n\n\n\n<p class=\"has-medium-font-size\" style=\"letter-spacing:1px\"><span><span><sup><b>1<\/b><\/sup><\/span> Mas vendo o povo que Mois\u00e9s tardava em descer do monte, achegou-se ent\u00e3o a Ar\u00e3o, e disseram-lhe: Levanta-te, faze-nos deuses que v\u00e3o adiante de n\u00f3s; porque a este Mois\u00e9s, aquele homem que tirou da terra do Egito, n\u00e3o sabemos o que lhe aconteceu. <br><span><sup><b>2<\/b><\/sup><\/span> E Ar\u00e3o lhes disse: Separai os pendentes de ouro que est\u00e3o nas orelhas de vossas mulheres, e de vossos filhos, e de vossas filhas, e trazei-os a mim. <br><span><sup><b>3<\/b><\/sup><\/span> Ent\u00e3o todo o povo separou os pendentes de ouro que tinham em suas orelhas, e trouxeram-nos a Ar\u00e3o: <br><span><sup><b>4<\/b><\/sup><\/span> O qual os tomou das m\u00e3os deles, e formou-o com buril, e fez disso um bezerro de fundi\u00e7\u00e3o. Ent\u00e3o disseram: Israel, estes s\u00e3o teus deuses, que te tiraram da terra do Egito. <br><span><sup><b>5<\/b><\/sup><\/span> E vendo isto Ar\u00e3o, edificou um altar diante do bezerro; e apregoou Ar\u00e3o, e disse: Amanh\u00e3 ser\u00e1 festa ao SENHOR. <br><span><sup><b>6<\/b><\/sup><\/span> E no dia seguinte madrugaram, e ofereceram holocaustos, e apresentaram pac\u00edficos: e sentou-se o povo a comer e a beber, e levantaram-se a regozijar-se. <br><span><sup><b>7<\/b><\/sup><\/span> Ent\u00e3o o SENHOR disse a Mois\u00e9s: Anda, desce, porque teu povo que tiraste da terra do Egito se corrompeu: <br><span><sup><b>8<\/b><\/sup><\/span> Logo se apartaram do caminho que eu lhes mandei, e se fizeram um bezerro de fundi\u00e7\u00e3o, e o adoraram, e sacrificaram a ele, e disseram: Israel, estes s\u00e3o teus deuses, que te tiraram da terra do Egito. <br><span><sup><b>9<\/b><\/sup><\/span> Disse mais o SENHOR a Mois\u00e9s: Eu vi a este povo, que por certo \u00e9 povo de dura cerviz: <br><span><sup><b>10<\/b><\/sup><\/span> Agora, pois, deixa-me que se acenda meu furor neles, e os consuma: e a ti eu porei sobre grande gente. <br><span><sup><b>11<\/b><\/sup><\/span> Ent\u00e3o Mois\u00e9s orou \u00e0 face do SENHOR seu Deus, e disse: \u00d3 SENHOR, por que se acender\u00e1 teu furor em teu povo, que tu tiraste da terra do Egito com grande for\u00e7a, e com m\u00e3o forte? <br><span><sup><b>12<\/b><\/sup><\/span> Por que h\u00e3o de falar os eg\u00edpcios, dizendo: Para o mal os tirou, para mat\u00e1-los nos montes, e para extermin\u00e1-los de sobre a face da terra? Volta-te do furor de tua ira, e arrepende-te do mal de teu povo. <br><span><sup><b>13<\/b><\/sup><\/span> Lembra-te de Abra\u00e3o, de Isaque, e de Israel teus servos, aos quais juraste por ti mesmo, e disse-lhes: Eu multiplicarei vossa semente como as estrelas do c\u00e9u; e darei a vossa semente toda esta terra que disse, e a tomar\u00e3o por heran\u00e7a para sempre. <br><span><sup><b>14<\/b><\/sup><\/span> Ent\u00e3o o SENHOR se arrependeu do mal que disse que havia de fazer a seu povo. <br><span><sup><b>15<\/b><\/sup><\/span> E virou-se Mois\u00e9s, e desceu do monte trazendo em sua m\u00e3o as duas t\u00e1buas do testemunho, as t\u00e1buas escritas por ambos os lados; de uma parte e de outra estavam escritas. <br><span><sup><b>16<\/b><\/sup><\/span> E as t\u00e1buas eram obra de Deus, e a escritura era escritura de Deus gravada sobre as t\u00e1buas. <br><span><sup><b>17<\/b><\/sup><\/span> E ouvindo Josu\u00e9 o clamor do povo que gritava, disse a Mois\u00e9s: Barulho de batalha h\u00e1 no campo. <br><span><sup><b>18<\/b><\/sup><\/span> E ele respondeu: N\u00e3o \u00e9 eco de gritos de vit\u00f3ria de fortes, nem eco de gritos de fracos: eu ou\u00e7o barulho de cantorias. <\/span><\/p>\n\n\n\n<h2 class=\"wp-block-heading\">Mois\u00e9s quebra as t\u00e1buas do testemunho<\/h2>\n\n\n\n<p class=\"has-medium-font-size\" style=\"letter-spacing:1px\"><span><span><sup><b>19<\/b><\/sup><\/span> E aconteceu, que quando chegou ele ao acampamento, e viu o bezerro e as dan\u00e7as, acendeu-se a ira a Mois\u00e9s, e lan\u00e7ou as t\u00e1buas de suas m\u00e3os, e quebrou-as ao p\u00e9 do monte. <br><span><sup><b>20<\/b><\/sup><\/span> E tomou o bezerro que fizeram, e queimou-o no fogo, e moeu-o at\u00e9 reduzi-lo a p\u00f3, que espalhou sobre as \u00e1guas, e deu-o a beber aos filhos de Israel. <br><span><sup><b>21<\/b><\/sup><\/span> E disse Mois\u00e9s a Ar\u00e3o: Que te fez este povo, que trouxeste sobre ele t\u00e3o grande pecado? <br><span><sup><b>22<\/b><\/sup><\/span> E respondeu Ar\u00e3o: N\u00e3o se ire meu senhor; tu conheces o povo, que \u00e9 inclinado ao mal. <br><span><sup><b>23<\/b><\/sup><\/span> Porque me disseram: Faze-nos deuses que v\u00e3o adiante de n\u00f3s, que a este Mois\u00e9s, o homem que tirou da terra do Egito, n\u00e3o sabemos o que lhe aconteceu. <br><span><sup><b>24<\/b><\/sup><\/span> E eu lhes respondi: Quem tem ouro? Separai-o. E o deram a mim, e lancei-o no fogo, e saiu este bezerro. <\/span><\/p>\n\n\n\n<h3 class=\"wp-block-heading\">Mois\u00e9s manda matar os id\u00f3latras<\/h3>\n\n\n\n<p class=\"has-medium-font-size\" style=\"letter-spacing:1px\"><span><span><sup><b>25<\/b><\/sup><\/span> E vendo Mois\u00e9s que o povo estava descontrolado, porque Ar\u00e3o o havia deixado se descontrolarem para vergonha entre seus inimigos, <br><span><sup><b>26<\/b><\/sup><\/span> P\u00f4s-se Mois\u00e9s \u00e0 porta do acampamento, e disse: Quem \u00e9 do SENHOR? junte-se comigo. E juntaram-se com ele todos os filhos de Levi. <br><span><sup><b>27<\/b><\/sup><\/span> E ele lhes disse: Assim disse o SENHOR, o Deus de Israel: Ponde cada um sua espada sobre sua coxa: passai e voltai de porta em porta pelo acampamento, e matai cada um a seu irm\u00e3o, e a seu amigo, e a seu parente. <br><span><sup><b>28<\/b><\/sup><\/span> E os filhos de Levi o fizeram conforme o dito de Mois\u00e9s: e ca\u00edram do povo naquele dia como tr\u00eas mil homens. <br><span><sup><b>29<\/b><\/sup><\/span> Ent\u00e3o Mois\u00e9s disse: Hoje vos consagrastes ao SENHOR, porque cada um se consagrou em seu filho, e em seu irm\u00e3o, para que d\u00ea ele hoje b\u00ean\u00e7\u00e3o sobre v\u00f3s. <\/span><\/p>\n\n\n\n<h2 class=\"wp-block-heading\">Mois\u00e9s intercede pelo povo<\/h2>\n\n\n\n<p class=\"has-medium-font-size\" style=\"letter-spacing:1px\"><span><span><sup><b>30<\/b><\/sup><\/span> E aconteceu que no dia seguinte disse Mois\u00e9s ao povo: V\u00f3s cometestes um grande pecado: mas eu subirei agora ao SENHOR; talvez lhe consiga apaziguar o furor acerca de vosso pecado. <br><span><sup><b>31<\/b><\/sup><\/span> Ent\u00e3o voltou Mois\u00e9s ao SENHOR, e disse: Rogo-te, pois este povo cometeu um grande pecado, porque fizeram para si deuses de ouro, <br><span><sup><b>32<\/b><\/sup><\/span> Que perdoes agora seu pecado, e se n\u00e3o, apaga-me agora de teu livro que escreveste. <br><span><sup><b>33<\/b><\/sup><\/span> E o SENHOR respondeu a Mois\u00e9s: Ao que pecar contra mim, a este apagarei eu de meu livro. <br><span><sup><b>34<\/b><\/sup><\/span> Vai, pois, agora, leva a este povo aonde te disse: eis que meu anjo ir\u00e1 diante de ti; que no dia de minha visita\u00e7\u00e3o eu visitarei neles seu pecado. <br><span><sup><b>35<\/b><\/sup><\/span> E o SENHOR feriu ao povo, porque fizeram o bezerro que formou Ar\u00e3o.<\/span><\/p>\n\n\n\n<div class=\"wp-block-columns is-layout-flex wp-container-core-columns-is-layout-9d6595d7 wp-block-columns-is-layout-flex\">\n<div class=\"wp-block-column is-layout-flow wp-block-column-is-layout-flow\">\n<p><a href=\"\/exodo-31\">\u00caxodo 31<\/a><\/p>\n<\/div>\n\n\n\n<div class=\"wp-block-column is-layout-flow wp-block-column-is-layout-flow\">\n<p class=\"has-text-align-right\"><a href=\"\/exodo-33\">\u00caxodo 33<\/a><\/p>\n<\/div>\n<\/div>\n\n\n\n<h2 class=\"wp-block-heading\">Descri\u00e7\u00e3o &#8211; \u00caxodo 32<\/h2>\n\n\n\n<p class=\"has-medium-font-size\">\u00caxodo 32 descreve o pecado do bezerro de ouro, quando os israelitas, desesperados pela demora de Mois\u00e9s no Monte Sinai, pedem a Ar\u00e3o que fa\u00e7a um \u00eddolo para adorar. Ar\u00e3o cede e constr\u00f3i um bezerro de ouro, o que provoca a ira de Deus. Mois\u00e9s desce do monte, quebra as t\u00e1buas da Lei em indigna\u00e7\u00e3o e, em seguida, intercede pelo povo. Deus pune os culpados e os levitas matam aqueles que persistem no pecado. Este cap\u00edtulo destaca a infidelidade de Israel e a necessidade de arrependimento, al\u00e9m de refor\u00e7ar a import\u00e2ncia da fidelidade a Deus na alian\u00e7a do Sinai.<\/p>\n\n\n\n<h3 class=\"wp-block-heading\">Livro do \u00caxodo:<\/h3>\n\n\n<ul class=\"wp-block-page-list\"><li class=\"wp-block-pages-list__item\"><a class=\"wp-block-pages-list__item__link\" href=\"https:\/\/bibliapresente.com\/postagens\/livros-da-biblia\/exodo\/exodo-1\/\">\u00caxodo 1 &#8211; O Nascimento de Mois\u00e9s<\/a><\/li><li class=\"wp-block-pages-list__item\"><a class=\"wp-block-pages-list__item__link\" href=\"https:\/\/bibliapresente.com\/postagens\/livros-da-biblia\/exodo\/exodo-2\/\">\u00caxodo 2 &#8211; Mois\u00e9s no Pal\u00e1cio do Fara\u00f3<\/a><\/li><li class=\"wp-block-pages-list__item\"><a class=\"wp-block-pages-list__item__link\" href=\"https:\/\/bibliapresente.com\/postagens\/livros-da-biblia\/exodo\/exodo-3\/\">\u00caxodo 3 &#8211; O Chamado de Mois\u00e9s<\/a><\/li><li class=\"wp-block-pages-list__item\"><a class=\"wp-block-pages-list__item__link\" href=\"https:\/\/bibliapresente.com\/postagens\/livros-da-biblia\/exodo\/exodo-4\/\">\u00caxodo 4 &#8211; Deus D\u00e1 Sinais a Mois\u00e9s<\/a><\/li><li class=\"wp-block-pages-list__item\"><a class=\"wp-block-pages-list__item__link\" href=\"https:\/\/bibliapresente.com\/postagens\/livros-da-biblia\/exodo\/exodo-5\/\">\u00caxodo 5 &#8211; Mois\u00e9s e Ar\u00e3o Conrontam Fara\u00f3<\/a><\/li><li class=\"wp-block-pages-list__item\"><a class=\"wp-block-pages-list__item__link\" href=\"https:\/\/bibliapresente.com\/postagens\/livros-da-biblia\/exodo\/exodo-6\/\">\u00caxodo 6 &#8211; Deus promete livramento<\/a><\/li><li class=\"wp-block-pages-list__item\"><a class=\"wp-block-pages-list__item__link\" href=\"https:\/\/bibliapresente.com\/postagens\/livros-da-biblia\/exodo\/exodo-7\/\">\u00caxodo 7 &#8211; A Primeira Praga: Sangue<\/a><\/li><li class=\"wp-block-pages-list__item\"><a class=\"wp-block-pages-list__item__link\" href=\"https:\/\/bibliapresente.com\/postagens\/livros-da-biblia\/exodo\/exodo-8\/\">\u00caxodo 8 &#8211; Pragas: R\u00e3s, Piolhos e Moscas<\/a><\/li><li class=\"wp-block-pages-list__item\"><a class=\"wp-block-pages-list__item__link\" href=\"https:\/\/bibliapresente.com\/postagens\/livros-da-biblia\/exodo\/exodo-9\/\">\u00caxodo 9 &#8211; Pragas: Peste, \u00dalceras, Granizo<\/a><\/li><li class=\"wp-block-pages-list__item\"><a class=\"wp-block-pages-list__item__link\" href=\"https:\/\/bibliapresente.com\/postagens\/livros-da-biblia\/exodo\/exodo-10\/\">\u00caxodo 10 &#8211; Pragas: Gafanhotos e Trevas<\/a><\/li><li class=\"wp-block-pages-list__item\"><a class=\"wp-block-pages-list__item__link\" href=\"https:\/\/bibliapresente.com\/postagens\/livros-da-biblia\/exodo\/exodo-11\/\">\u00caxodo 11 &#8211; Deus anuncia a \u00faltima praga<\/a><\/li><li class=\"wp-block-pages-list__item\"><a class=\"wp-block-pages-list__item__link\" href=\"https:\/\/bibliapresente.com\/postagens\/livros-da-biblia\/exodo\/exodo-12\/\">\u00caxodo 12 &#8211; A P\u00e1scoa e a Liberta\u00e7\u00e3o<\/a><\/li><li class=\"wp-block-pages-list__item\"><a class=\"wp-block-pages-list__item__link\" href=\"https:\/\/bibliapresente.com\/postagens\/livros-da-biblia\/exodo\/exodo-13\/\">\u00caxodo 13 &#8211; A Consagra\u00e7\u00e3o dos Primog\u00eanitos<\/a><\/li><li class=\"wp-block-pages-list__item\"><a class=\"wp-block-pages-list__item__link\" href=\"https:\/\/bibliapresente.com\/postagens\/livros-da-biblia\/exodo\/exodo-14\/\">\u00caxodo 14 &#8211; A Travessia do Mar Vermelho<\/a><\/li><li class=\"wp-block-pages-list__item\"><a class=\"wp-block-pages-list__item__link\" href=\"https:\/\/bibliapresente.com\/postagens\/livros-da-biblia\/exodo\/exodo-15\/\">\u00caxodo 15 &#8211; O C\u00e2ntico de Mois\u00e9s<\/a><\/li><li class=\"wp-block-pages-list__item\"><a class=\"wp-block-pages-list__item__link\" href=\"https:\/\/bibliapresente.com\/postagens\/livros-da-biblia\/exodo\/exodo-16\/\">\u00caxodo 16 &#8211; O Man\u00e1 no Deserto<\/a><\/li><li class=\"wp-block-pages-list__item\"><a class=\"wp-block-pages-list__item__link\" href=\"https:\/\/bibliapresente.com\/postagens\/livros-da-biblia\/exodo\/exodo-17\/\">\u00caxodo 17 &#8211; \u00c1gua Brotando da Rocha<\/a><\/li><li class=\"wp-block-pages-list__item\"><a class=\"wp-block-pages-list__item__link\" href=\"https:\/\/bibliapresente.com\/postagens\/livros-da-biblia\/exodo\/exodo-18\/\">\u00caxodo 18 &#8211; Os Conselhos de Jetro<\/a><\/li><li class=\"wp-block-pages-list__item\"><a class=\"wp-block-pages-list__item__link\" href=\"https:\/\/bibliapresente.com\/postagens\/livros-da-biblia\/exodo\/exodo-19\/\">\u00caxodo 19 &#8211; A Chegada ao Monte Sinai<\/a><\/li><li class=\"wp-block-pages-list__item\"><a class=\"wp-block-pages-list__item__link\" href=\"https:\/\/bibliapresente.com\/postagens\/livros-da-biblia\/exodo\/exodo-20\/\">\u00caxodo 20 &#8211; Os Dez Mandamentos<\/a><\/li><li class=\"wp-block-pages-list__item\"><a class=\"wp-block-pages-list__item__link\" href=\"https:\/\/bibliapresente.com\/postagens\/livros-da-biblia\/exodo\/exodo-21\/\">\u00caxodo 21 &#8211; Leis Sobre Justi\u00e7a Social<\/a><\/li><li class=\"wp-block-pages-list__item\"><a class=\"wp-block-pages-list__item__link\" href=\"https:\/\/bibliapresente.com\/postagens\/livros-da-biblia\/exodo\/exodo-22\/\">\u00caxodo 22 &#8211; Leis Sobre Danos e Repara\u00e7\u00e3o<\/a><\/li><li class=\"wp-block-pages-list__item\"><a class=\"wp-block-pages-list__item__link\" href=\"https:\/\/bibliapresente.com\/postagens\/livros-da-biblia\/exodo\/exodo-23\/\">\u00caxodo 23 &#8211; Leis de Justi\u00e7a e Festividades<\/a><\/li><li class=\"wp-block-pages-list__item\"><a class=\"wp-block-pages-list__item__link\" href=\"https:\/\/bibliapresente.com\/postagens\/livros-da-biblia\/exodo\/exodo-24\/\">\u00caxodo 24 &#8211; A Confirma\u00e7\u00e3o da Alian\u00e7a<\/a><\/li><li class=\"wp-block-pages-list__item\"><a class=\"wp-block-pages-list__item__link\" href=\"https:\/\/bibliapresente.com\/postagens\/livros-da-biblia\/exodo\/exodo-25\/\">\u00caxodo 25 &#8211; Arca da Alian\u00e7a e Tabern\u00e1culo<\/a><\/li><li class=\"wp-block-pages-list__item\"><a class=\"wp-block-pages-list__item__link\" href=\"https:\/\/bibliapresente.com\/postagens\/livros-da-biblia\/exodo\/exodo-26\/\">\u00caxodo 26 &#8211; Construindo o Tabern\u00e1culo<\/a><\/li><li class=\"wp-block-pages-list__item\"><a class=\"wp-block-pages-list__item__link\" href=\"https:\/\/bibliapresente.com\/postagens\/livros-da-biblia\/exodo\/exodo-27\/\">\u00caxodo 27 &#8211; O Altar de Bronze<\/a><\/li><li class=\"wp-block-pages-list__item\"><a class=\"wp-block-pages-list__item__link\" href=\"https:\/\/bibliapresente.com\/postagens\/livros-da-biblia\/exodo\/exodo-28\/\">\u00caxodo 28 &#8211; O Vestu\u00e1rio dos Sacerdotes<\/a><\/li><li class=\"wp-block-pages-list__item\"><a class=\"wp-block-pages-list__item__link\" href=\"https:\/\/bibliapresente.com\/postagens\/livros-da-biblia\/exodo\/exodo-29\/\">\u00caxodo 29 &#8211; Consagra\u00e7\u00e3o de Ar\u00e3o<\/a><\/li><li class=\"wp-block-pages-list__item\"><a class=\"wp-block-pages-list__item__link\" href=\"https:\/\/bibliapresente.com\/postagens\/livros-da-biblia\/exodo\/exodo-30\/\">\u00caxodo 30 &#8211; O Altar do Incenso<\/a><\/li><li class=\"wp-block-pages-list__item\"><a class=\"wp-block-pages-list__item__link\" href=\"https:\/\/bibliapresente.com\/postagens\/livros-da-biblia\/exodo\/exodo-31\/\">\u00caxodo 31 &#8211; O S\u00e1bado<\/a><\/li><li class=\"wp-block-pages-list__item\"><a class=\"wp-block-pages-list__item__link\" href=\"https:\/\/bibliapresente.com\/postagens\/livros-da-biblia\/exodo\/exodo-32\/\">\u00caxodo 32 &#8211; O Bezerro de Ouro<\/a><\/li><li class=\"wp-block-pages-list__item\"><a class=\"wp-block-pages-list__item__link\" href=\"https:\/\/bibliapresente.com\/postagens\/livros-da-biblia\/exodo\/exodo-33\/\">\u00caxodo 33 &#8211; Deus promete a Sua presen\u00e7a<\/a><\/li><li class=\"wp-block-pages-list__item\"><a class=\"wp-block-pages-list__item__link\" href=\"https:\/\/bibliapresente.com\/postagens\/livros-da-biblia\/exodo\/exodo-34\/\">\u00caxodo 34 &#8211; A Renova\u00e7\u00e3o da Alian\u00e7a<\/a><\/li><li class=\"wp-block-pages-list__item\"><a class=\"wp-block-pages-list__item__link\" href=\"https:\/\/bibliapresente.com\/postagens\/livros-da-biblia\/exodo\/exodo-35\/\">\u00caxodo 35 &#8211; A Oferta do Povo<\/a><\/li><li class=\"wp-block-pages-list__item\"><a class=\"wp-block-pages-list__item__link\" href=\"https:\/\/bibliapresente.com\/postagens\/livros-da-biblia\/exodo\/exodo-36\/\">\u00caxodo 36 &#8211; A Constru\u00e7\u00e3o do Tabern\u00e1culo<\/a><\/li><li class=\"wp-block-pages-list__item\"><a class=\"wp-block-pages-list__item__link\" href=\"https:\/\/bibliapresente.com\/postagens\/livros-da-biblia\/exodo\/exodo-37\/\">\u00caxodo 37 &#8211; A Arca, a Mesa e o Candelabro<\/a><\/li><li class=\"wp-block-pages-list__item\"><a class=\"wp-block-pages-list__item__link\" href=\"https:\/\/bibliapresente.com\/postagens\/livros-da-biblia\/exodo\/exodo-38\/\">\u00caxodo 38 &#8211; O Altar de Bronze<\/a><\/li><li class=\"wp-block-pages-list__item\"><a class=\"wp-block-pages-list__item__link\" href=\"https:\/\/bibliapresente.com\/postagens\/livros-da-biblia\/exodo\/exodo-39\/\">\u00caxodo 39 &#8211; A Confec\u00e7\u00e3o das Vestes<\/a><\/li><li class=\"wp-block-pages-list__item\"><a class=\"wp-block-pages-list__item__link\" href=\"https:\/\/bibliapresente.com\/postagens\/livros-da-biblia\/exodo\/exodo-40\/\">\u00caxodo 40 &#8211; A Consagra\u00e7\u00e3o do Tabern\u00e1culo<\/a><\/li><\/ul>\n\n\n<p><\/p>\n","protected":false},"excerpt":{"rendered":"<p>O bezerro de ouro 1 Mas vendo o povo que Mois\u00e9s tardava em descer do monte, achegou-se ent\u00e3o a Ar\u00e3o, e disseram-lhe: Levanta-te, faze-nos deuses que v\u00e3o adiante de n\u00f3s; porque a este Mois\u00e9s, aquele homem que tirou da terra do Egito, n\u00e3o sabemos o que lhe aconteceu. 2 E Ar\u00e3o lhes disse: Separai os &hellip; <\/p>\n","protected":false},"author":2,"featured_media":583,"parent":581,"menu_order":32,"comment_status":"closed","ping_status":"closed","template":"","meta":{"om_disable_all_campaigns":false,"_monsterinsights_skip_tracking":false,"_monsterinsights_sitenote_active":false,"_monsterinsights_sitenote_note":"","_monsterinsights_sitenote_category":0,"footnotes":""},"class_list":["post-651","page","type-page","status-publish","has-post-thumbnail","hentry"],"aioseo_notices":[],"_links":{"self":[{"href":"https:\/\/bibliapresente.com\/postagens\/wp-json\/wp\/v2\/pages\/651","targetHints":{"allow":["GET"]}}],"collection":[{"href":"https:\/\/bibliapresente.com\/postagens\/wp-json\/wp\/v2\/pages"}],"about":[{"href":"https:\/\/bibliapresente.com\/postagens\/wp-json\/wp\/v2\/types\/page"}],"author":[{"embeddable":true,"href":"https:\/\/bibliapresente.com\/postagens\/wp-json\/wp\/v2\/users\/2"}],"replies":[{"embeddable":true,"href":"https:\/\/bibliapresente.com\/postagens\/wp-json\/wp\/v2\/comments?post=651"}],"version-history":[{"count":5,"href":"https:\/\/bibliapresente.com\/postagens\/wp-json\/wp\/v2\/pages\/651\/revisions"}],"predecessor-version":[{"id":1190,"href":"https:\/\/bibliapresente.com\/postagens\/wp-json\/wp\/v2\/pages\/651\/revisions\/1190"}],"up":[{"embeddable":true,"href":"https:\/\/bibliapresente.com\/postagens\/wp-json\/wp\/v2\/pages\/581"}],"wp:featuredmedia":[{"embeddable":true,"href":"https:\/\/bibliapresente.com\/postagens\/wp-json\/wp\/v2\/media\/583"}],"wp:attachment":[{"href":"https:\/\/bibliapresente.com\/postagens\/wp-json\/wp\/v2\/media?parent=651"}],"curies":[{"name":"wp","href":"https:\/\/api.w.org\/{rel}","templated":true}]}}