{"id":645,"date":"2025-01-28T17:48:39","date_gmt":"2025-01-28T20:48:39","guid":{"rendered":"https:\/\/bibliapresente.com\/postagens\/?page_id=645"},"modified":"2025-01-28T17:48:39","modified_gmt":"2025-01-28T20:48:39","slug":"exodo-29","status":"publish","type":"page","link":"https:\/\/bibliapresente.com\/postagens\/livros-da-biblia\/exodo\/exodo-29\/","title":{"rendered":"\u00caxodo 29 &#8211; Consagra\u00e7\u00e3o de Ar\u00e3o"},"content":{"rendered":"\n<h3 class=\"wp-block-heading\">O sacrif\u00edcio e as cerim\u00f4nias da consagra\u00e7\u00e3o<\/h3>\n\n\n\n<p class=\"has-medium-font-size\" style=\"letter-spacing:1px\"><span><span><sup><b>1<\/b><\/sup><\/span> E Isto \u00e9 o que lhes far\u00e1s para consagr\u00e1-los, para que sejam meus sacerdotes. Toma um bezerro das vacas, e dois carneiros sem m\u00e1cula; <br><span><sup><b>2<\/b><\/sup><\/span> E p\u00e3es sem levedura, e tortas sem levedura amassadas com azeite, e massas sem levedura untadas com azeite. As quais coisas far\u00e1s de flor de farinha de trigo: <br><span><sup><b>3<\/b><\/sup><\/span> E as por\u00e1s em um cesto, e no cesto as oferecer\u00e1s, com o bezerro e os dois carneiros. <br><span><sup><b>4<\/b><\/sup><\/span> E far\u00e1s chegar a Ar\u00e3o e a seus filhos \u00e0 porta do tabern\u00e1culo do testemunho, e os lavar\u00e1s com \u00e1gua. <br><span><sup><b>5<\/b><\/sup><\/span> E tomar\u00e1s as vestiduras, e vestir\u00e1s a Ar\u00e3o a t\u00fanica e o manto do \u00e9fode, e o \u00e9fode, e o peitoral. E lhe cingir\u00e1s com o cinto do \u00e9fode. <br><span><sup><b>6<\/b><\/sup><\/span> E por\u00e1s a mitra sobre sua cabe\u00e7a, e sobre a mitra por\u00e1s a coroa santa. <br><span><sup><b>7<\/b><\/sup><\/span> E tomar\u00e1s o azeite da un\u00e7\u00e3o, e derramar\u00e1s sobre sua cabe\u00e7a, e lhe ungir\u00e1s. <br><span><sup><b>8<\/b><\/sup><\/span> E far\u00e1s chegar seus filhos, e lhes vestir\u00e1s as t\u00fanicas. <br><span><sup><b>9<\/b><\/sup><\/span> E lhes cingir\u00e1s o cinto, a Ar\u00e3o e a seus filhos, e lhes atar\u00e1s as tiaras. E ter\u00e3o o sacerd\u00f3cio por estatuto perp\u00e9tuo. E encher\u00e1s as m\u00e3os de Ar\u00e3o e de seus filhos. <br><span><sup><b>10<\/b><\/sup><\/span> E far\u00e1s chegar o bezerro diante do tabern\u00e1culo do testemunho. E Ar\u00e3o e seus filhos por\u00e3o suas m\u00e3os sobre a cabe\u00e7a do bezerro. <br><span><sup><b>11<\/b><\/sup><\/span> E matar\u00e1s o bezerro diante do SENHOR \u00e0 porta do tabern\u00e1culo do testemunho. <br><span><sup><b>12<\/b><\/sup><\/span> E tomar\u00e1s do sangue do bezerro, e por\u00e1s sobre as pontas do altar com teu dedo, e derramar\u00e1s todo o demais sangue ao p\u00e9 do altar. <br><span><sup><b>13<\/b><\/sup><\/span> Tomar\u00e1s tamb\u00e9m toda a gordura que cobre os intestinos, e o redenho de sobre o f\u00edgado, e os dois rins, e a gordura que est\u00e1 sobre eles, e os queimar\u00e1s sobre o altar. <br><span><sup><b>14<\/b><\/sup><\/span> Por\u00e9m consumir\u00e1s a fogo fora do acampamento a carne do bezerro, e seu couro, e seu excremento: \u00e9 expia\u00e7\u00e3o. <br><span><sup><b>15<\/b><\/sup><\/span> Tamb\u00e9m tomar\u00e1s um carneiro, e Ar\u00e3o e seus filhos por\u00e3o suas m\u00e3os sobre a cabe\u00e7a do carneiro. <br><span><sup><b>16<\/b><\/sup><\/span> E matar\u00e1s o carneiro, e tomar\u00e1s seu sangue, e salpicar\u00e1s sobre o altar ao redor. <br><span><sup><b>17<\/b><\/sup><\/span> E cortar\u00e1s o carneiro em peda\u00e7os. E lavar\u00e1s seus intestinos e suas pernas, e as por\u00e1s sobre seus peda\u00e7os e sobre sua cabe\u00e7a. <br><span><sup><b>18<\/b><\/sup><\/span> E queimar\u00e1s todo o carneiro sobre o altar. \u00c9 holocausto ao SENHOR, cheiro suave, \u00e9 oferta queimada ao SENHOR. <\/span><\/p>\n\n\n\n<h3 class=\"wp-block-heading\">Consagra\u00e7\u00e3o de Ar\u00e3o<\/h3>\n\n\n\n<p class=\"has-medium-font-size\" style=\"letter-spacing:1px\"><span><span><sup><b>19<\/b><\/sup><\/span> Tomar\u00e1s logo o outro carneiro, e Ar\u00e3o e seus filhos por\u00e3o suas m\u00e3os sobre a cabe\u00e7a do carneiro: <br><span><sup><b>20<\/b><\/sup><\/span> E matar\u00e1s o carneiro, e tomar\u00e1s de seu sangue, e por\u00e1s sobre a ponta da orelha direita de Ar\u00e3o. E sobre a ponta das orelhas de seus filhos. E sobre o dedo polegar das m\u00e3os direitas deles. E tamb\u00e9m sobre o dedo polegar dos p\u00e9s direitos deles, e espargir\u00e1s o sangue sobre o altar ao redor. <br><span><sup><b>21<\/b><\/sup><\/span> E tomar\u00e1s do sangue que h\u00e1 sobre o altar, e do azeite da un\u00e7\u00e3o, e espargir\u00e1s sobre Ar\u00e3o. E tamb\u00e9m sobre suas vestiduras, e sobre seus filhos, e sobre as vestimentas destes. E ele ser\u00e1 santificado, e suas vestiduras, e seus filhos, e as vestimentas de seus filhos com ele. <br><span><sup><b>22<\/b><\/sup><\/span> Logo tomar\u00e1s do carneiro a gordura, e a cauda, e a gordura que cobre os intestinos. E o redenho do f\u00edgado, e os dois rins, e a gordura que est\u00e1 sobre eles, e a coxa direita. Porque \u00e9 carneiro de consagra\u00e7\u00f5es: <br><span><sup><b>23<\/b><\/sup><\/span> Tamb\u00e9m uma torta de p\u00e3o, e uma massa amassada com azeite, e um bolo do cesto dos p\u00e3es \u00e1zimos apresentado ao SENHOR; <br><span><sup><b>24<\/b><\/sup><\/span> E o por\u00e1s tudo nas m\u00e3os de Ar\u00e3o, e nas m\u00e3os de seus filhos; e o mexer\u00e1s agitando-o diante do SENHOR. <br><span><sup><b>25<\/b><\/sup><\/span> Depois o tomar\u00e1s de suas m\u00e3os, e o far\u00e1s arder sobre o altar em holocausto, por cheiro agrad\u00e1vel diante do SENHOR. \u00c9 oferta acesa ao SENHOR. <br><span><sup><b>26<\/b><\/sup><\/span> E tomar\u00e1s o peito do carneiro das consagra\u00e7\u00f5es, que foi imolado para a de Ar\u00e3o, e o mexer\u00e1s por oferta agitada diante do SENHOR. E ser\u00e1 por\u00e7\u00e3o tua. <br><span><sup><b>27<\/b><\/sup><\/span> E separar\u00e1s o peito da oferta mexida, e a coxa da santifica\u00e7\u00e3o, o que foi mexido e o que foi santificado do carneiro das consagra\u00e7\u00f5es de Ar\u00e3o e de seus filhos: <br><span><sup><b>28<\/b><\/sup><\/span> E ser\u00e1 para Ar\u00e3o e para seus filhos por estatuto perp\u00e9tuo dos filhos de Israel, porque \u00e9 por\u00e7\u00e3o elevada. E ser\u00e1 tomada dos filhos de Israel de seus sacrif\u00edcios pac\u00edficos, por\u00e7\u00e3o deles elevada em oferta ao SENHOR. <br><span><sup><b>29<\/b><\/sup><\/span> E as vestimentas santas, que s\u00e3o de Ar\u00e3o, ser\u00e3o de seus filhos depois dele, para ser ungidos com elas, e para ser com elas consagrados. <br><span><sup><b>30<\/b><\/sup><\/span> Por sete dias as vestir\u00e1 o sacerdote de seus filhos, que em seu lugar vier ao tabern\u00e1culo do testemunho a servir no santu\u00e1rio. <br><span><sup><b>31<\/b><\/sup><\/span> E tomar\u00e1s o carneiro das consagra\u00e7\u00f5es, e cozer\u00e1s sua carne no lugar do santu\u00e1rio. <br><span><sup><b>32<\/b><\/sup><\/span> E Ar\u00e3o e seus filhos comer\u00e3o a carne do carneiro, e o p\u00e3o que est\u00e1 no cesto, \u00e0 porta do tabern\u00e1culo do testemunho. <br><span><sup><b>33<\/b><\/sup><\/span> E comer\u00e3o aquelas coisas com as quais se fez expia\u00e7\u00e3o, para encher suas m\u00e3os para ser santificados: mas o estrangeiro n\u00e3o comer\u00e1, porque \u00e9 coisa santa. <br><span><sup><b>34<\/b><\/sup><\/span> E se sobrar algo da carne das consagra\u00e7\u00f5es e do p\u00e3o at\u00e9 a manh\u00e3, queimar\u00e1s ao fogo o que houver sobrado: n\u00e3o se comer\u00e1, porque \u00e9 coisa santa. <br><span><sup><b>35<\/b><\/sup><\/span> Assim, pois, far\u00e1s a Ar\u00e3o e a seus filhos, conforme todas as coisas que eu te mandei: por sete dias os consagrar\u00e1s. <br><span><sup><b>36<\/b><\/sup><\/span> E sacrificar\u00e1s o bezerro da expia\u00e7\u00e3o em cada dia para as expia\u00e7\u00f5es; e purificar\u00e1s o altar em havendo feito expia\u00e7\u00e3o por ele, e o ungir\u00e1s para santific\u00e1-lo. <br><span><sup><b>37<\/b><\/sup><\/span> Por sete dias expiar\u00e1s o altar, e o santificar\u00e1s, e ser\u00e1 um altar sant\u00edssimo: qualquer um coisa que tocar ao altar, ser\u00e1 santificada. <br><span><sup><b>38<\/b><\/sup><\/span> E isto \u00e9 o que oferecer\u00e1s sobre o altar: dois cordeiros de ano cada dia, sem interrup\u00e7\u00e3o. <br><span><sup><b>39<\/b><\/sup><\/span> Oferecer\u00e1s um cordeiro \u00e0 manh\u00e3, e o outro cordeiro oferecer\u00e1s \u00e0 queda da tarde: <br><span><sup><b>40<\/b><\/sup><\/span> Tamb\u00e9m uma d\u00e9cima parte de um efa de flor de farinha amassada. Com a quarta parte de um him de azeite prensado. E a liba\u00e7\u00e3o ser\u00e1 a quarta parte de um him de veio com cada cordeiro. <br><span><sup><b>41<\/b><\/sup><\/span> E oferecer\u00e1s o outro cordeiro \u00e0 queda da tarde, fazendo conforme a oferta da manh\u00e3, e conforme sua liba\u00e7\u00e3o, em cheiro de suavidade. Ser\u00e1 oferta acesa ao SENHOR. <br><span><sup><b>42<\/b><\/sup><\/span> Isto ser\u00e1 holocausto cont\u00ednuo por vossas gera\u00e7\u00f5es \u00e0 porta do tabern\u00e1culo do testemunho diante do SENHOR, no qual me encontrarei convosco, para falar-vos ali. <br><span><sup><b>43<\/b><\/sup><\/span> E ali testificarei de mim aos filhos de Israel, e o lugar ser\u00e1 santifiquei com minha gl\u00f3ria. <br><span><sup><b>44<\/b><\/sup><\/span> E santificarei o tabern\u00e1culo do testemunho e o altar: santificarei tamb\u00e9m a Ar\u00e3o e a seus filhos, para que sejam meus sacerdotes. <br><span><sup><b>45<\/b><\/sup><\/span> E habitarei entre os filhos de Israel, e serei seu Deus. <br><span><sup><b>46<\/b><\/sup><\/span> E conhecer\u00e3o que eu sou o SENHOR seu Deus, que os tirei da terra do Egito, para habitar em meio deles: Eu sou o SENHOR seu Deus.<\/span><\/p>\n\n\n\n<div class=\"wp-block-columns is-layout-flex wp-container-core-columns-is-layout-9d6595d7 wp-block-columns-is-layout-flex\">\n<div class=\"wp-block-column is-layout-flow wp-block-column-is-layout-flow\">\n<p><a href=\"\/exodo-28\">\u00caxodo 28<\/a><\/p>\n<\/div>\n\n\n\n<div class=\"wp-block-column is-layout-flow wp-block-column-is-layout-flow\">\n<p class=\"has-text-align-right\"><a href=\"\/exodo-30\">\u00caxodo 30<\/a><\/p>\n<\/div>\n<\/div>\n\n\n\n<h2 class=\"wp-block-heading\">Descri\u00e7\u00e3o &#8211; \u00caxodo 29<\/h2>\n\n\n\n<p class=\"has-medium-font-size\">\u00caxodo 29 descreve o processo de consagra\u00e7\u00e3o dos sacerdotes, especificamente Ar\u00e3o e seus filhos, para o servi\u00e7o no Tabern\u00e1culo. Para isso, Deus ordena um ritual de purifica\u00e7\u00e3o que inclui banhos, vestes especiais, e a un\u00e7\u00e3o com \u00f3leo. O cap\u00edtulo tamb\u00e9m detalha o sacrif\u00edcio de um novilho e de ovelhas como oferta pelo pecado. Dessa forma, o sacrif\u00edcio simboliza a purifica\u00e7\u00e3o e a dedica\u00e7\u00e3o dos sacerdotes. A cerim\u00f4nia \u00e9 acompanhada por uma oferenda de alimentos e pela un\u00e7\u00e3o do altar. Este cap\u00edtulo \u00e9 fundamental para compreender como o culto e o servi\u00e7o sacerdotal s\u00e3o estabelecidos em Israel. Assim, Ele ressalta a import\u00e2ncia da santidade e da obedi\u00eancia a Deus.<\/p>\n\n\n\n<h3 class=\"wp-block-heading\">Livro do \u00caxodo:<\/h3>\n\n\n<ul class=\"wp-block-page-list\"><li class=\"wp-block-pages-list__item\"><a class=\"wp-block-pages-list__item__link\" href=\"https:\/\/bibliapresente.com\/postagens\/livros-da-biblia\/exodo\/exodo-1\/\">\u00caxodo 1 &#8211; O Nascimento de Mois\u00e9s<\/a><\/li><li class=\"wp-block-pages-list__item\"><a class=\"wp-block-pages-list__item__link\" href=\"https:\/\/bibliapresente.com\/postagens\/livros-da-biblia\/exodo\/exodo-2\/\">\u00caxodo 2 &#8211; Mois\u00e9s no Pal\u00e1cio do Fara\u00f3<\/a><\/li><li class=\"wp-block-pages-list__item\"><a class=\"wp-block-pages-list__item__link\" href=\"https:\/\/bibliapresente.com\/postagens\/livros-da-biblia\/exodo\/exodo-3\/\">\u00caxodo 3 &#8211; O Chamado de Mois\u00e9s<\/a><\/li><li class=\"wp-block-pages-list__item\"><a class=\"wp-block-pages-list__item__link\" href=\"https:\/\/bibliapresente.com\/postagens\/livros-da-biblia\/exodo\/exodo-4\/\">\u00caxodo 4 &#8211; Deus D\u00e1 Sinais a Mois\u00e9s<\/a><\/li><li class=\"wp-block-pages-list__item\"><a class=\"wp-block-pages-list__item__link\" href=\"https:\/\/bibliapresente.com\/postagens\/livros-da-biblia\/exodo\/exodo-5\/\">\u00caxodo 5 &#8211; Mois\u00e9s e Ar\u00e3o Conrontam Fara\u00f3<\/a><\/li><li class=\"wp-block-pages-list__item\"><a class=\"wp-block-pages-list__item__link\" href=\"https:\/\/bibliapresente.com\/postagens\/livros-da-biblia\/exodo\/exodo-6\/\">\u00caxodo 6 &#8211; Deus promete livramento<\/a><\/li><li class=\"wp-block-pages-list__item\"><a class=\"wp-block-pages-list__item__link\" href=\"https:\/\/bibliapresente.com\/postagens\/livros-da-biblia\/exodo\/exodo-7\/\">\u00caxodo 7 &#8211; A Primeira Praga: Sangue<\/a><\/li><li class=\"wp-block-pages-list__item\"><a class=\"wp-block-pages-list__item__link\" href=\"https:\/\/bibliapresente.com\/postagens\/livros-da-biblia\/exodo\/exodo-8\/\">\u00caxodo 8 &#8211; Pragas: R\u00e3s, Piolhos e Moscas<\/a><\/li><li class=\"wp-block-pages-list__item\"><a class=\"wp-block-pages-list__item__link\" href=\"https:\/\/bibliapresente.com\/postagens\/livros-da-biblia\/exodo\/exodo-9\/\">\u00caxodo 9 &#8211; Pragas: Peste, \u00dalceras, Granizo<\/a><\/li><li class=\"wp-block-pages-list__item\"><a class=\"wp-block-pages-list__item__link\" href=\"https:\/\/bibliapresente.com\/postagens\/livros-da-biblia\/exodo\/exodo-10\/\">\u00caxodo 10 &#8211; Pragas: Gafanhotos e Trevas<\/a><\/li><li class=\"wp-block-pages-list__item\"><a class=\"wp-block-pages-list__item__link\" href=\"https:\/\/bibliapresente.com\/postagens\/livros-da-biblia\/exodo\/exodo-11\/\">\u00caxodo 11 &#8211; Deus anuncia a \u00faltima praga<\/a><\/li><li class=\"wp-block-pages-list__item\"><a class=\"wp-block-pages-list__item__link\" href=\"https:\/\/bibliapresente.com\/postagens\/livros-da-biblia\/exodo\/exodo-12\/\">\u00caxodo 12 &#8211; A P\u00e1scoa e a Liberta\u00e7\u00e3o<\/a><\/li><li class=\"wp-block-pages-list__item\"><a class=\"wp-block-pages-list__item__link\" href=\"https:\/\/bibliapresente.com\/postagens\/livros-da-biblia\/exodo\/exodo-13\/\">\u00caxodo 13 &#8211; A Consagra\u00e7\u00e3o dos Primog\u00eanitos<\/a><\/li><li class=\"wp-block-pages-list__item\"><a class=\"wp-block-pages-list__item__link\" href=\"https:\/\/bibliapresente.com\/postagens\/livros-da-biblia\/exodo\/exodo-14\/\">\u00caxodo 14 &#8211; A Travessia do Mar Vermelho<\/a><\/li><li class=\"wp-block-pages-list__item\"><a class=\"wp-block-pages-list__item__link\" href=\"https:\/\/bibliapresente.com\/postagens\/livros-da-biblia\/exodo\/exodo-15\/\">\u00caxodo 15 &#8211; O C\u00e2ntico de Mois\u00e9s<\/a><\/li><li class=\"wp-block-pages-list__item\"><a class=\"wp-block-pages-list__item__link\" href=\"https:\/\/bibliapresente.com\/postagens\/livros-da-biblia\/exodo\/exodo-16\/\">\u00caxodo 16 &#8211; O Man\u00e1 no Deserto<\/a><\/li><li class=\"wp-block-pages-list__item\"><a class=\"wp-block-pages-list__item__link\" href=\"https:\/\/bibliapresente.com\/postagens\/livros-da-biblia\/exodo\/exodo-17\/\">\u00caxodo 17 &#8211; \u00c1gua Brotando da Rocha<\/a><\/li><li class=\"wp-block-pages-list__item\"><a class=\"wp-block-pages-list__item__link\" href=\"https:\/\/bibliapresente.com\/postagens\/livros-da-biblia\/exodo\/exodo-18\/\">\u00caxodo 18 &#8211; Os Conselhos de Jetro<\/a><\/li><li class=\"wp-block-pages-list__item\"><a class=\"wp-block-pages-list__item__link\" href=\"https:\/\/bibliapresente.com\/postagens\/livros-da-biblia\/exodo\/exodo-19\/\">\u00caxodo 19 &#8211; A Chegada ao Monte Sinai<\/a><\/li><li class=\"wp-block-pages-list__item\"><a class=\"wp-block-pages-list__item__link\" href=\"https:\/\/bibliapresente.com\/postagens\/livros-da-biblia\/exodo\/exodo-20\/\">\u00caxodo 20 &#8211; Os Dez Mandamentos<\/a><\/li><li class=\"wp-block-pages-list__item\"><a class=\"wp-block-pages-list__item__link\" href=\"https:\/\/bibliapresente.com\/postagens\/livros-da-biblia\/exodo\/exodo-21\/\">\u00caxodo 21 &#8211; Leis Sobre Justi\u00e7a Social<\/a><\/li><li class=\"wp-block-pages-list__item\"><a class=\"wp-block-pages-list__item__link\" href=\"https:\/\/bibliapresente.com\/postagens\/livros-da-biblia\/exodo\/exodo-22\/\">\u00caxodo 22 &#8211; Leis Sobre Danos e Repara\u00e7\u00e3o<\/a><\/li><li class=\"wp-block-pages-list__item\"><a class=\"wp-block-pages-list__item__link\" href=\"https:\/\/bibliapresente.com\/postagens\/livros-da-biblia\/exodo\/exodo-23\/\">\u00caxodo 23 &#8211; Leis de Justi\u00e7a e Festividades<\/a><\/li><li class=\"wp-block-pages-list__item\"><a class=\"wp-block-pages-list__item__link\" href=\"https:\/\/bibliapresente.com\/postagens\/livros-da-biblia\/exodo\/exodo-24\/\">\u00caxodo 24 &#8211; A Confirma\u00e7\u00e3o da Alian\u00e7a<\/a><\/li><li class=\"wp-block-pages-list__item\"><a class=\"wp-block-pages-list__item__link\" href=\"https:\/\/bibliapresente.com\/postagens\/livros-da-biblia\/exodo\/exodo-25\/\">\u00caxodo 25 &#8211; Arca da Alian\u00e7a e Tabern\u00e1culo<\/a><\/li><li class=\"wp-block-pages-list__item\"><a class=\"wp-block-pages-list__item__link\" href=\"https:\/\/bibliapresente.com\/postagens\/livros-da-biblia\/exodo\/exodo-26\/\">\u00caxodo 26 &#8211; Construindo o Tabern\u00e1culo<\/a><\/li><li class=\"wp-block-pages-list__item\"><a class=\"wp-block-pages-list__item__link\" href=\"https:\/\/bibliapresente.com\/postagens\/livros-da-biblia\/exodo\/exodo-27\/\">\u00caxodo 27 &#8211; O Altar de Bronze<\/a><\/li><li class=\"wp-block-pages-list__item\"><a class=\"wp-block-pages-list__item__link\" href=\"https:\/\/bibliapresente.com\/postagens\/livros-da-biblia\/exodo\/exodo-28\/\">\u00caxodo 28 &#8211; O Vestu\u00e1rio dos Sacerdotes<\/a><\/li><li class=\"wp-block-pages-list__item\"><a class=\"wp-block-pages-list__item__link\" href=\"https:\/\/bibliapresente.com\/postagens\/livros-da-biblia\/exodo\/exodo-29\/\">\u00caxodo 29 &#8211; Consagra\u00e7\u00e3o de Ar\u00e3o<\/a><\/li><li class=\"wp-block-pages-list__item\"><a class=\"wp-block-pages-list__item__link\" href=\"https:\/\/bibliapresente.com\/postagens\/livros-da-biblia\/exodo\/exodo-30\/\">\u00caxodo 30 &#8211; O Altar do Incenso<\/a><\/li><li class=\"wp-block-pages-list__item\"><a class=\"wp-block-pages-list__item__link\" href=\"https:\/\/bibliapresente.com\/postagens\/livros-da-biblia\/exodo\/exodo-31\/\">\u00caxodo 31 &#8211; O S\u00e1bado<\/a><\/li><li class=\"wp-block-pages-list__item\"><a class=\"wp-block-pages-list__item__link\" href=\"https:\/\/bibliapresente.com\/postagens\/livros-da-biblia\/exodo\/exodo-32\/\">\u00caxodo 32 &#8211; O Bezerro de Ouro<\/a><\/li><li class=\"wp-block-pages-list__item\"><a class=\"wp-block-pages-list__item__link\" href=\"https:\/\/bibliapresente.com\/postagens\/livros-da-biblia\/exodo\/exodo-33\/\">\u00caxodo 33 &#8211; Deus promete a Sua presen\u00e7a<\/a><\/li><li class=\"wp-block-pages-list__item\"><a class=\"wp-block-pages-list__item__link\" href=\"https:\/\/bibliapresente.com\/postagens\/livros-da-biblia\/exodo\/exodo-34\/\">\u00caxodo 34 &#8211; A Renova\u00e7\u00e3o da Alian\u00e7a<\/a><\/li><li class=\"wp-block-pages-list__item\"><a class=\"wp-block-pages-list__item__link\" href=\"https:\/\/bibliapresente.com\/postagens\/livros-da-biblia\/exodo\/exodo-35\/\">\u00caxodo 35 &#8211; A Oferta do Povo<\/a><\/li><li class=\"wp-block-pages-list__item\"><a class=\"wp-block-pages-list__item__link\" href=\"https:\/\/bibliapresente.com\/postagens\/livros-da-biblia\/exodo\/exodo-36\/\">\u00caxodo 36 &#8211; A Constru\u00e7\u00e3o do Tabern\u00e1culo<\/a><\/li><li class=\"wp-block-pages-list__item\"><a class=\"wp-block-pages-list__item__link\" href=\"https:\/\/bibliapresente.com\/postagens\/livros-da-biblia\/exodo\/exodo-37\/\">\u00caxodo 37 &#8211; A Arca, a Mesa e o Candelabro<\/a><\/li><li class=\"wp-block-pages-list__item\"><a class=\"wp-block-pages-list__item__link\" href=\"https:\/\/bibliapresente.com\/postagens\/livros-da-biblia\/exodo\/exodo-38\/\">\u00caxodo 38 &#8211; O Altar de Bronze<\/a><\/li><li class=\"wp-block-pages-list__item\"><a class=\"wp-block-pages-list__item__link\" href=\"https:\/\/bibliapresente.com\/postagens\/livros-da-biblia\/exodo\/exodo-39\/\">\u00caxodo 39 &#8211; A Confec\u00e7\u00e3o das Vestes<\/a><\/li><li class=\"wp-block-pages-list__item\"><a class=\"wp-block-pages-list__item__link\" href=\"https:\/\/bibliapresente.com\/postagens\/livros-da-biblia\/exodo\/exodo-40\/\">\u00caxodo 40 &#8211; A Consagra\u00e7\u00e3o do Tabern\u00e1culo<\/a><\/li><\/ul>\n\n\n<p><\/p>\n","protected":false},"excerpt":{"rendered":"<p>O sacrif\u00edcio e as cerim\u00f4nias da consagra\u00e7\u00e3o 1 E Isto \u00e9 o que lhes far\u00e1s para consagr\u00e1-los, para que sejam meus sacerdotes. Toma um bezerro das vacas, e dois carneiros sem m\u00e1cula; 2 E p\u00e3es sem levedura, e tortas sem levedura amassadas com azeite, e massas sem levedura untadas com azeite. As quais coisas far\u00e1s &hellip; <\/p>\n","protected":false},"author":2,"featured_media":583,"parent":581,"menu_order":29,"comment_status":"closed","ping_status":"closed","template":"","meta":{"om_disable_all_campaigns":false,"_monsterinsights_skip_tracking":false,"_monsterinsights_sitenote_active":false,"_monsterinsights_sitenote_note":"","_monsterinsights_sitenote_category":0,"footnotes":""},"class_list":["post-645","page","type-page","status-publish","has-post-thumbnail","hentry"],"aioseo_notices":[],"_links":{"self":[{"href":"https:\/\/bibliapresente.com\/postagens\/wp-json\/wp\/v2\/pages\/645","targetHints":{"allow":["GET"]}}],"collection":[{"href":"https:\/\/bibliapresente.com\/postagens\/wp-json\/wp\/v2\/pages"}],"about":[{"href":"https:\/\/bibliapresente.com\/postagens\/wp-json\/wp\/v2\/types\/page"}],"author":[{"embeddable":true,"href":"https:\/\/bibliapresente.com\/postagens\/wp-json\/wp\/v2\/users\/2"}],"replies":[{"embeddable":true,"href":"https:\/\/bibliapresente.com\/postagens\/wp-json\/wp\/v2\/comments?post=645"}],"version-history":[{"count":5,"href":"https:\/\/bibliapresente.com\/postagens\/wp-json\/wp\/v2\/pages\/645\/revisions"}],"predecessor-version":[{"id":1187,"href":"https:\/\/bibliapresente.com\/postagens\/wp-json\/wp\/v2\/pages\/645\/revisions\/1187"}],"up":[{"embeddable":true,"href":"https:\/\/bibliapresente.com\/postagens\/wp-json\/wp\/v2\/pages\/581"}],"wp:featuredmedia":[{"embeddable":true,"href":"https:\/\/bibliapresente.com\/postagens\/wp-json\/wp\/v2\/media\/583"}],"wp:attachment":[{"href":"https:\/\/bibliapresente.com\/postagens\/wp-json\/wp\/v2\/media?parent=645"}],"curies":[{"name":"wp","href":"https:\/\/api.w.org\/{rel}","templated":true}]}}