{"id":643,"date":"2025-01-28T17:33:33","date_gmt":"2025-01-28T20:33:33","guid":{"rendered":"https:\/\/bibliapresente.com\/postagens\/?page_id=643"},"modified":"2025-01-28T17:33:34","modified_gmt":"2025-01-28T20:33:34","slug":"exodo-28","status":"publish","type":"page","link":"https:\/\/bibliapresente.com\/postagens\/livros-da-biblia\/exodo\/exodo-28\/","title":{"rendered":"\u00caxodo 28 &#8211; O Vestu\u00e1rio dos Sacerdotes"},"content":{"rendered":"\n<h3 class=\"wp-block-heading\">Deus escolhe Ar\u00e3o e seus filhos para sacerdotes<\/h3>\n\n\n\n<p class=\"has-medium-font-size\" style=\"letter-spacing:1px\"><span><span><sup><b>1<\/b><\/sup><\/span> E tu aproxima a ti a Ar\u00e3o teu irm\u00e3o, e a seus filhos consigo, dentre os filhos de Israel, para que sejam meus sacerdotes; a Ar\u00e3o, Nadabe e Abi\u00fa, Eleazar e Itamar, filhos de Ar\u00e3o. <br><span><sup><b>2<\/b><\/sup><\/span> E far\u00e1s vestimentas sagradas a Ar\u00e3o teu irm\u00e3o, para honra e formosura. <br><span><sup><b>3<\/b><\/sup><\/span> E tu falar\u00e1s a todos os s\u00e1bios de cora\u00e7\u00e3o, aos quais eu enchi de esp\u00edrito de sabedoria; a fim de que fa\u00e7am as roupas de Ar\u00e3o, para consagrar-lhe a que me sirva de sacerdote. <\/span><\/p>\n\n\n\n<h2 class=\"wp-block-heading\">As vestes sacerdotais<\/h2>\n\n\n\n<p class=\"has-medium-font-size\" style=\"letter-spacing:1px\"><span><span><sup><b>4<\/b><\/sup><\/span> As vestimentas que far\u00e3o s\u00e3o estes: o peitoral, e o \u00e9fode, e o manto, e a t\u00fanica bordada, a mitra, e o cintur\u00e3o. Fa\u00e7am, pois, as sagradas vestimentas a Ar\u00e3o teu irm\u00e3o, e a seus filhos, para que sejam meus sacerdotes. <br><span><sup><b>5<\/b><\/sup><\/span> Tomar\u00e3o ouro, e azul, e p\u00farpura, e carmesim, e linho torcido. <br><span><sup><b>6<\/b><\/sup><\/span> E far\u00e3o o \u00e9fode de ouro e azul, e p\u00farpura, e carmesim, e linho torcido de obra de bordador. <br><span><sup><b>7<\/b><\/sup><\/span> Ter\u00e1 duas ombreiras que se juntem a seus dois lados, e se juntar\u00e1. <br><span><sup><b>8<\/b><\/sup><\/span> E o artif\u00edcio de seu cinto que est\u00e1 sobre ele, ser\u00e1 de sua mesma obra, do mesmo; de ouro, azul, e p\u00farpura, e carmesim, e linho torcido. <br><span><sup><b>9<\/b><\/sup><\/span> E tomar\u00e1s duas pedras de \u00f4nix, e gravar\u00e1s nelas os nomes dos filhos de Israel: <br><span><sup><b>10<\/b><\/sup><\/span> Os seis de seus nomes em uma pedra, e os outros seis nomes na outra pedra, conforme o nascimento deles. <br><span><sup><b>11<\/b><\/sup><\/span> De obra de escultor em pedra a modo de gravuras de selo, far\u00e1s gravar aquelas duas pedras com os nomes dos filhos de Israel; far\u00e1s para eles ao redor engastes de ouro. <br><span><sup><b>12<\/b><\/sup><\/span> E por\u00e1s aquelas duas pedras sobre os ombros do \u00e9fode, para pedras de mem\u00f3ria aos filhos de Israel; e Ar\u00e3o levar\u00e1 os nomes deles diante do SENHOR em seus dois ombros por mem\u00f3ria. <br><span><sup><b>13<\/b><\/sup><\/span> Far\u00e1s, pois, engastes de ouro, <br><span><sup><b>14<\/b><\/sup><\/span> E duas correntinhas de ouro fino; as quais far\u00e1s de feitura de tran\u00e7a; e fixar\u00e1s as correntes de feitura de tran\u00e7a nos engastes. <br><span><sup><b>15<\/b><\/sup><\/span> Far\u00e1s tamb\u00e9m o peitoral do ju\u00edzo de primorosa obra, lhe far\u00e1s conforme a obra do \u00e9fode, de ouro, e azul, e p\u00farpura, e carmesim, e linho torcido. <br><span><sup><b>16<\/b><\/sup><\/span> Ser\u00e1 quadrado e duplo, de um palmo de comprimento e um palmo de largura: <br><span><sup><b>17<\/b><\/sup><\/span> E o encher\u00e1s de pedrarias com quatro ordens de pedras: uma ordem de uma pedra s\u00e1rdio, um top\u00e1zio, e um carb\u00fanculo; ser\u00e1 a primeira ordem; <br><span><sup><b>18<\/b><\/sup><\/span> A segunda ordem, uma esmeralda, uma safira, e um diamante; <br><span><sup><b>19<\/b><\/sup><\/span> A terceira ordem, um rubi, uma \u00e1gata, e uma ametista; <br><span><sup><b>20<\/b><\/sup><\/span> E a quarta ordem, um berilo, um \u00f4nix, e um jaspe: estar\u00e3o engastadas em ouro em seus encaixes. <br><span><sup><b>21<\/b><\/sup><\/span> E ser\u00e3o aquelas pedra segundo os nomes dos filhos de Israel, doze segundo seus nomes; como gravuras de selo cada uma com seu nome, vir\u00e3o a ser segundo as doze tribos. <br><span><sup><b>22<\/b><\/sup><\/span> Far\u00e1s tamb\u00e9m no peitoral correntes de feitura de tran\u00e7as de ouro fino. <br><span><sup><b>23<\/b><\/sup><\/span> E far\u00e1s no peitoral dois an\u00e9is de ouro, os quais dois an\u00e9is por\u00e1s \u00e0s duas pontas do peitoral. <br><span><sup><b>24<\/b><\/sup><\/span> E por\u00e1s as duas tran\u00e7as de ouro nos dois an\u00e9is \u00e0s duas pontas do peitoral: <br><span><sup><b>25<\/b><\/sup><\/span> E as duas extremidades das duas tran\u00e7as sobre os dois engastes, e as por\u00e1s aos lados do \u00e9fode na parte dianteira. <br><span><sup><b>26<\/b><\/sup><\/span> Far\u00e1s tamb\u00e9m dois an\u00e9is de ouro, os quais por\u00e1s \u00e0s duas pontas do peitoral, em sua orla que est\u00e1 ao lado do \u00e9fode da parte de dentro. <br><span><sup><b>27<\/b><\/sup><\/span> Far\u00e1s tamb\u00e9m dois an\u00e9is de ouro, os quais por\u00e1s aos dois lados do \u00e9fode abaixo na parte dianteira, diante de sua juntura sobre o cinto do \u00e9fode. <br><span><sup><b>28<\/b><\/sup><\/span> E juntar\u00e3o o peitoral com seus an\u00e9is aos an\u00e9is do \u00e9fode com um cord\u00e3o de azul, para que esteja sobre o cinto do \u00e9fode, e n\u00e3o se separe o peitoral do \u00e9fode. <br><span><sup><b>29<\/b><\/sup><\/span> E levar\u00e1 Ar\u00e3o os nomes dos filhos de Israel no peitoral do ju\u00edzo sobre seu cora\u00e7\u00e3o, quando entrar no santu\u00e1rio, para mem\u00f3ria diante do SENHOR continuamente. <\/span><\/p>\n\n\n\n<h3 class=\"wp-block-heading\">Urim e Tumim<\/h3>\n\n\n\n<p class=\"has-medium-font-size\" style=\"letter-spacing:1px\"><span><span><sup><b>30<\/b><\/sup><\/span> E por\u00e1s no peitoral do ju\u00edzo Urim e Tumim, para que estejam sobre o cora\u00e7\u00e3o de Ar\u00e3o quando entrar diante do SENHOR: e levar\u00e1 sempre Ar\u00e3o o ju\u00edzo dos filhos de Israel sobre seu cora\u00e7\u00e3o diante do SENHOR. <br><span><sup><b>31<\/b><\/sup><\/span> Far\u00e1s o manto do \u00e9fode todo de material azul: <br><span><sup><b>32<\/b><\/sup><\/span> E em meio dele por acima haver\u00e1 uma abertura, a qual ter\u00e1 uma borda ao redor de obra de tecel\u00e3o, como a abertura de um colarinho, para que n\u00e3o se rompa. <br><span><sup><b>33<\/b><\/sup><\/span> E abaixo em suas orlas far\u00e1s rom\u00e3s de material azul, e p\u00farpura, e carmesim, por suas bordas ao redor; e entre elas sinos de ouro ao redor. <br><span><sup><b>34<\/b><\/sup><\/span> Um sino de ouro e uma granada, sino de ouro e granada, pelas orlas do manto ao redor. <br><span><sup><b>35<\/b><\/sup><\/span> E estar\u00e1 sobre Ar\u00e3o quando ministrar; e se ouvir\u00e1 seu som quando ele entrar no santu\u00e1rio diante do SENHOR e quando sair, porque n\u00e3o morra. <\/span><\/p>\n\n\n\n<h3 class=\"wp-block-heading\">A prancha de ouro puro<\/h3>\n\n\n\n<p class=\"has-medium-font-size\" style=\"letter-spacing:1px\"><span><span><sup><b>36<\/b><\/sup><\/span> Far\u00e1s tamb\u00e9m uma prancha de ouro fino, e gravar\u00e1s nela gravura de selo, SANTIDADE AO SENHOR. <br><span><sup><b>37<\/b><\/sup><\/span> E a por\u00e1s com um cord\u00e3o de azul, e estar\u00e1 sobre a mitra; pela frente anterior da mitra estar\u00e1. <br><span><sup><b>38<\/b><\/sup><\/span> E estar\u00e1 sobre a testa de Ar\u00e3o: e levar\u00e1 Ar\u00e3o o pecado das coisas santas, que os filhos de Israel houverem consagrado em todas as suas santas ofertas; e sobre sua testa estar\u00e1 continuamente para que tenham favor diante do SENHOR. <br><span><sup><b>39<\/b><\/sup><\/span> E bordar\u00e1s uma t\u00fanica de linho, e far\u00e1s uma mitra de linho; far\u00e1s tamb\u00e9m um cinto de obra de bordador. <br><span><sup><b>40<\/b><\/sup><\/span> E para os filhos de Ar\u00e3o far\u00e1s t\u00fanicas; tamb\u00e9m lhes far\u00e1s cintos, e lhes formar\u00e1s tiaras para honra e adorno. <br><span><sup><b>41<\/b><\/sup><\/span> E com eles vestir\u00e1s a Ar\u00e3o teu irm\u00e3o, e a seus filhos com ele: e os ungir\u00e1s, e os consagrar\u00e1s, e santificar\u00e1s, para que sejam meus sacerdotes. <br><span><sup><b>42<\/b><\/sup><\/span> E lhes far\u00e1s cal\u00e7\u00f5es de linho para cobrir a carne vergonhosa; ser\u00e3o desde os lombos at\u00e9 as coxas: <br><span><sup><b>43<\/b><\/sup><\/span> E estar\u00e3o sobre Ar\u00e3o e sobre seus filhos quando entrarem no tabern\u00e1culo de testemunho, ou quando se achegarem ao altar para servir no santu\u00e1rio, para que n\u00e3o levem pecado, e morram. Estatuto perp\u00e9tuo para ele, e para sua semente depois dele.<\/span><\/p>\n\n\n\n<div class=\"wp-block-columns is-layout-flex wp-container-core-columns-is-layout-9d6595d7 wp-block-columns-is-layout-flex\">\n<div class=\"wp-block-column is-layout-flow wp-block-column-is-layout-flow\">\n<p><a href=\"\/exodo-27\">\u00caxodo 27<\/a><\/p>\n<\/div>\n\n\n\n<div class=\"wp-block-column is-layout-flow wp-block-column-is-layout-flow\">\n<p class=\"has-text-align-right\"><a href=\"\/exodo-29\">\u00caxodo 29<\/a><\/p>\n<\/div>\n<\/div>\n\n\n\n<h2 class=\"wp-block-heading\">Descri\u00e7\u00e3o &#8211; \u00caxodo 28<\/h2>\n\n\n\n<p class=\"has-medium-font-size\">\u00caxodo 28 descreve as instru\u00e7\u00f5es detalhadas para a vestimenta sacerdotal, a fim de consagrar Ar\u00e3o e seus filhos para o servi\u00e7o no Tabern\u00e1culo. Deus ordena a cria\u00e7\u00e3o de vestes especiais, como o \u00e9fode, o peitoral, a t\u00fanica e o turbante, todas feitas com materiais preciosos e adornadas com pedras. O peitoral conter\u00e1 doze pedras, representando as tribos de Israel, e ser\u00e1 usado pelo sumo sacerdote ao entrar no Santo dos Santos. Este cap\u00edtulo \u00e9 essencial para entender a import\u00e2ncia do papel sacerdotal em Israel e como a adora\u00e7\u00e3o a Deus deve ser realizada com rever\u00eancia e santidade, refletindo a gl\u00f3ria divina.<\/p>\n\n\n\n<h3 class=\"wp-block-heading\">Livro do \u00caxodo:<\/h3>\n\n\n<ul class=\"wp-block-page-list\"><li class=\"wp-block-pages-list__item\"><a class=\"wp-block-pages-list__item__link\" href=\"https:\/\/bibliapresente.com\/postagens\/livros-da-biblia\/exodo\/exodo-1\/\">\u00caxodo 1 &#8211; O Nascimento de Mois\u00e9s<\/a><\/li><li class=\"wp-block-pages-list__item\"><a class=\"wp-block-pages-list__item__link\" href=\"https:\/\/bibliapresente.com\/postagens\/livros-da-biblia\/exodo\/exodo-2\/\">\u00caxodo 2 &#8211; Mois\u00e9s no Pal\u00e1cio do Fara\u00f3<\/a><\/li><li class=\"wp-block-pages-list__item\"><a class=\"wp-block-pages-list__item__link\" href=\"https:\/\/bibliapresente.com\/postagens\/livros-da-biblia\/exodo\/exodo-3\/\">\u00caxodo 3 &#8211; O Chamado de Mois\u00e9s<\/a><\/li><li class=\"wp-block-pages-list__item\"><a class=\"wp-block-pages-list__item__link\" href=\"https:\/\/bibliapresente.com\/postagens\/livros-da-biblia\/exodo\/exodo-4\/\">\u00caxodo 4 &#8211; Deus D\u00e1 Sinais a Mois\u00e9s<\/a><\/li><li class=\"wp-block-pages-list__item\"><a class=\"wp-block-pages-list__item__link\" href=\"https:\/\/bibliapresente.com\/postagens\/livros-da-biblia\/exodo\/exodo-5\/\">\u00caxodo 5 &#8211; Mois\u00e9s e Ar\u00e3o Conrontam Fara\u00f3<\/a><\/li><li class=\"wp-block-pages-list__item\"><a class=\"wp-block-pages-list__item__link\" href=\"https:\/\/bibliapresente.com\/postagens\/livros-da-biblia\/exodo\/exodo-6\/\">\u00caxodo 6 &#8211; Deus promete livramento<\/a><\/li><li class=\"wp-block-pages-list__item\"><a class=\"wp-block-pages-list__item__link\" href=\"https:\/\/bibliapresente.com\/postagens\/livros-da-biblia\/exodo\/exodo-7\/\">\u00caxodo 7 &#8211; A Primeira Praga: Sangue<\/a><\/li><li class=\"wp-block-pages-list__item\"><a class=\"wp-block-pages-list__item__link\" href=\"https:\/\/bibliapresente.com\/postagens\/livros-da-biblia\/exodo\/exodo-8\/\">\u00caxodo 8 &#8211; Pragas: R\u00e3s, Piolhos e Moscas<\/a><\/li><li class=\"wp-block-pages-list__item\"><a class=\"wp-block-pages-list__item__link\" href=\"https:\/\/bibliapresente.com\/postagens\/livros-da-biblia\/exodo\/exodo-9\/\">\u00caxodo 9 &#8211; Pragas: Peste, \u00dalceras, Granizo<\/a><\/li><li class=\"wp-block-pages-list__item\"><a class=\"wp-block-pages-list__item__link\" href=\"https:\/\/bibliapresente.com\/postagens\/livros-da-biblia\/exodo\/exodo-10\/\">\u00caxodo 10 &#8211; Pragas: Gafanhotos e Trevas<\/a><\/li><li class=\"wp-block-pages-list__item\"><a class=\"wp-block-pages-list__item__link\" href=\"https:\/\/bibliapresente.com\/postagens\/livros-da-biblia\/exodo\/exodo-11\/\">\u00caxodo 11 &#8211; Deus anuncia a \u00faltima praga<\/a><\/li><li class=\"wp-block-pages-list__item\"><a class=\"wp-block-pages-list__item__link\" href=\"https:\/\/bibliapresente.com\/postagens\/livros-da-biblia\/exodo\/exodo-12\/\">\u00caxodo 12 &#8211; A P\u00e1scoa e a Liberta\u00e7\u00e3o<\/a><\/li><li class=\"wp-block-pages-list__item\"><a class=\"wp-block-pages-list__item__link\" href=\"https:\/\/bibliapresente.com\/postagens\/livros-da-biblia\/exodo\/exodo-13\/\">\u00caxodo 13 &#8211; A Consagra\u00e7\u00e3o dos Primog\u00eanitos<\/a><\/li><li class=\"wp-block-pages-list__item\"><a class=\"wp-block-pages-list__item__link\" href=\"https:\/\/bibliapresente.com\/postagens\/livros-da-biblia\/exodo\/exodo-14\/\">\u00caxodo 14 &#8211; A Travessia do Mar Vermelho<\/a><\/li><li class=\"wp-block-pages-list__item\"><a class=\"wp-block-pages-list__item__link\" href=\"https:\/\/bibliapresente.com\/postagens\/livros-da-biblia\/exodo\/exodo-15\/\">\u00caxodo 15 &#8211; O C\u00e2ntico de Mois\u00e9s<\/a><\/li><li class=\"wp-block-pages-list__item\"><a class=\"wp-block-pages-list__item__link\" href=\"https:\/\/bibliapresente.com\/postagens\/livros-da-biblia\/exodo\/exodo-16\/\">\u00caxodo 16 &#8211; O Man\u00e1 no Deserto<\/a><\/li><li class=\"wp-block-pages-list__item\"><a class=\"wp-block-pages-list__item__link\" href=\"https:\/\/bibliapresente.com\/postagens\/livros-da-biblia\/exodo\/exodo-17\/\">\u00caxodo 17 &#8211; \u00c1gua Brotando da Rocha<\/a><\/li><li class=\"wp-block-pages-list__item\"><a class=\"wp-block-pages-list__item__link\" href=\"https:\/\/bibliapresente.com\/postagens\/livros-da-biblia\/exodo\/exodo-18\/\">\u00caxodo 18 &#8211; Os Conselhos de Jetro<\/a><\/li><li class=\"wp-block-pages-list__item\"><a class=\"wp-block-pages-list__item__link\" href=\"https:\/\/bibliapresente.com\/postagens\/livros-da-biblia\/exodo\/exodo-19\/\">\u00caxodo 19 &#8211; A Chegada ao Monte Sinai<\/a><\/li><li class=\"wp-block-pages-list__item\"><a class=\"wp-block-pages-list__item__link\" href=\"https:\/\/bibliapresente.com\/postagens\/livros-da-biblia\/exodo\/exodo-20\/\">\u00caxodo 20 &#8211; Os Dez Mandamentos<\/a><\/li><li class=\"wp-block-pages-list__item\"><a class=\"wp-block-pages-list__item__link\" href=\"https:\/\/bibliapresente.com\/postagens\/livros-da-biblia\/exodo\/exodo-21\/\">\u00caxodo 21 &#8211; Leis Sobre Justi\u00e7a Social<\/a><\/li><li class=\"wp-block-pages-list__item\"><a class=\"wp-block-pages-list__item__link\" href=\"https:\/\/bibliapresente.com\/postagens\/livros-da-biblia\/exodo\/exodo-22\/\">\u00caxodo 22 &#8211; Leis Sobre Danos e Repara\u00e7\u00e3o<\/a><\/li><li class=\"wp-block-pages-list__item\"><a class=\"wp-block-pages-list__item__link\" href=\"https:\/\/bibliapresente.com\/postagens\/livros-da-biblia\/exodo\/exodo-23\/\">\u00caxodo 23 &#8211; Leis de Justi\u00e7a e Festividades<\/a><\/li><li class=\"wp-block-pages-list__item\"><a class=\"wp-block-pages-list__item__link\" href=\"https:\/\/bibliapresente.com\/postagens\/livros-da-biblia\/exodo\/exodo-24\/\">\u00caxodo 24 &#8211; A Confirma\u00e7\u00e3o da Alian\u00e7a<\/a><\/li><li class=\"wp-block-pages-list__item\"><a class=\"wp-block-pages-list__item__link\" href=\"https:\/\/bibliapresente.com\/postagens\/livros-da-biblia\/exodo\/exodo-25\/\">\u00caxodo 25 &#8211; Arca da Alian\u00e7a e Tabern\u00e1culo<\/a><\/li><li class=\"wp-block-pages-list__item\"><a class=\"wp-block-pages-list__item__link\" href=\"https:\/\/bibliapresente.com\/postagens\/livros-da-biblia\/exodo\/exodo-26\/\">\u00caxodo 26 &#8211; Construindo o Tabern\u00e1culo<\/a><\/li><li class=\"wp-block-pages-list__item\"><a class=\"wp-block-pages-list__item__link\" href=\"https:\/\/bibliapresente.com\/postagens\/livros-da-biblia\/exodo\/exodo-27\/\">\u00caxodo 27 &#8211; O Altar de Bronze<\/a><\/li><li class=\"wp-block-pages-list__item\"><a class=\"wp-block-pages-list__item__link\" href=\"https:\/\/bibliapresente.com\/postagens\/livros-da-biblia\/exodo\/exodo-28\/\">\u00caxodo 28 &#8211; O Vestu\u00e1rio dos Sacerdotes<\/a><\/li><li class=\"wp-block-pages-list__item\"><a class=\"wp-block-pages-list__item__link\" href=\"https:\/\/bibliapresente.com\/postagens\/livros-da-biblia\/exodo\/exodo-29\/\">\u00caxodo 29 &#8211; Consagra\u00e7\u00e3o de Ar\u00e3o<\/a><\/li><li class=\"wp-block-pages-list__item\"><a class=\"wp-block-pages-list__item__link\" href=\"https:\/\/bibliapresente.com\/postagens\/livros-da-biblia\/exodo\/exodo-30\/\">\u00caxodo 30 &#8211; O Altar do Incenso<\/a><\/li><li class=\"wp-block-pages-list__item\"><a class=\"wp-block-pages-list__item__link\" href=\"https:\/\/bibliapresente.com\/postagens\/livros-da-biblia\/exodo\/exodo-31\/\">\u00caxodo 31 &#8211; O S\u00e1bado<\/a><\/li><li class=\"wp-block-pages-list__item\"><a class=\"wp-block-pages-list__item__link\" href=\"https:\/\/bibliapresente.com\/postagens\/livros-da-biblia\/exodo\/exodo-32\/\">\u00caxodo 32 &#8211; O Bezerro de Ouro<\/a><\/li><li class=\"wp-block-pages-list__item\"><a class=\"wp-block-pages-list__item__link\" href=\"https:\/\/bibliapresente.com\/postagens\/livros-da-biblia\/exodo\/exodo-33\/\">\u00caxodo 33 &#8211; Deus promete a Sua presen\u00e7a<\/a><\/li><li class=\"wp-block-pages-list__item\"><a class=\"wp-block-pages-list__item__link\" href=\"https:\/\/bibliapresente.com\/postagens\/livros-da-biblia\/exodo\/exodo-34\/\">\u00caxodo 34 &#8211; A Renova\u00e7\u00e3o da Alian\u00e7a<\/a><\/li><li class=\"wp-block-pages-list__item\"><a class=\"wp-block-pages-list__item__link\" href=\"https:\/\/bibliapresente.com\/postagens\/livros-da-biblia\/exodo\/exodo-35\/\">\u00caxodo 35 &#8211; A Oferta do Povo<\/a><\/li><li class=\"wp-block-pages-list__item\"><a class=\"wp-block-pages-list__item__link\" href=\"https:\/\/bibliapresente.com\/postagens\/livros-da-biblia\/exodo\/exodo-36\/\">\u00caxodo 36 &#8211; A Constru\u00e7\u00e3o do Tabern\u00e1culo<\/a><\/li><li class=\"wp-block-pages-list__item\"><a class=\"wp-block-pages-list__item__link\" href=\"https:\/\/bibliapresente.com\/postagens\/livros-da-biblia\/exodo\/exodo-37\/\">\u00caxodo 37 &#8211; A Arca, a Mesa e o Candelabro<\/a><\/li><li class=\"wp-block-pages-list__item\"><a class=\"wp-block-pages-list__item__link\" href=\"https:\/\/bibliapresente.com\/postagens\/livros-da-biblia\/exodo\/exodo-38\/\">\u00caxodo 38 &#8211; O Altar de Bronze<\/a><\/li><li class=\"wp-block-pages-list__item\"><a class=\"wp-block-pages-list__item__link\" href=\"https:\/\/bibliapresente.com\/postagens\/livros-da-biblia\/exodo\/exodo-39\/\">\u00caxodo 39 &#8211; A Confec\u00e7\u00e3o das Vestes<\/a><\/li><li class=\"wp-block-pages-list__item\"><a class=\"wp-block-pages-list__item__link\" href=\"https:\/\/bibliapresente.com\/postagens\/livros-da-biblia\/exodo\/exodo-40\/\">\u00caxodo 40 &#8211; A Consagra\u00e7\u00e3o do Tabern\u00e1culo<\/a><\/li><\/ul>\n\n\n<p><\/p>\n","protected":false},"excerpt":{"rendered":"<p>Deus escolhe Ar\u00e3o e seus filhos para sacerdotes 1 E tu aproxima a ti a Ar\u00e3o teu irm\u00e3o, e a seus filhos consigo, dentre os filhos de Israel, para que sejam meus sacerdotes; a Ar\u00e3o, Nadabe e Abi\u00fa, Eleazar e Itamar, filhos de Ar\u00e3o. 2 E far\u00e1s vestimentas sagradas a Ar\u00e3o teu irm\u00e3o, para honra &hellip; <\/p>\n","protected":false},"author":2,"featured_media":583,"parent":581,"menu_order":28,"comment_status":"closed","ping_status":"closed","template":"","meta":{"om_disable_all_campaigns":false,"_monsterinsights_skip_tracking":false,"_monsterinsights_sitenote_active":false,"_monsterinsights_sitenote_note":"","_monsterinsights_sitenote_category":0,"footnotes":""},"class_list":["post-643","page","type-page","status-publish","has-post-thumbnail","hentry"],"aioseo_notices":[],"_links":{"self":[{"href":"https:\/\/bibliapresente.com\/postagens\/wp-json\/wp\/v2\/pages\/643","targetHints":{"allow":["GET"]}}],"collection":[{"href":"https:\/\/bibliapresente.com\/postagens\/wp-json\/wp\/v2\/pages"}],"about":[{"href":"https:\/\/bibliapresente.com\/postagens\/wp-json\/wp\/v2\/types\/page"}],"author":[{"embeddable":true,"href":"https:\/\/bibliapresente.com\/postagens\/wp-json\/wp\/v2\/users\/2"}],"replies":[{"embeddable":true,"href":"https:\/\/bibliapresente.com\/postagens\/wp-json\/wp\/v2\/comments?post=643"}],"version-history":[{"count":5,"href":"https:\/\/bibliapresente.com\/postagens\/wp-json\/wp\/v2\/pages\/643\/revisions"}],"predecessor-version":[{"id":1186,"href":"https:\/\/bibliapresente.com\/postagens\/wp-json\/wp\/v2\/pages\/643\/revisions\/1186"}],"up":[{"embeddable":true,"href":"https:\/\/bibliapresente.com\/postagens\/wp-json\/wp\/v2\/pages\/581"}],"wp:featuredmedia":[{"embeddable":true,"href":"https:\/\/bibliapresente.com\/postagens\/wp-json\/wp\/v2\/media\/583"}],"wp:attachment":[{"href":"https:\/\/bibliapresente.com\/postagens\/wp-json\/wp\/v2\/media?parent=643"}],"curies":[{"name":"wp","href":"https:\/\/api.w.org\/{rel}","templated":true}]}}