{"id":641,"date":"2025-01-28T17:30:20","date_gmt":"2025-01-28T20:30:20","guid":{"rendered":"https:\/\/bibliapresente.com\/postagens\/?page_id=641"},"modified":"2025-01-28T17:30:21","modified_gmt":"2025-01-28T20:30:21","slug":"exodo-27","status":"publish","type":"page","link":"https:\/\/bibliapresente.com\/postagens\/livros-da-biblia\/exodo\/exodo-27\/","title":{"rendered":"\u00caxodo 27 &#8211; O Altar de Bronze"},"content":{"rendered":"\n<h3 class=\"wp-block-heading\">O altar dos holocaustos<\/h3>\n\n\n\n<p class=\"has-medium-font-size\" style=\"letter-spacing:1px\"><span><span><sup><b>1<\/b><\/sup><\/span> Far\u00e1s tamb\u00e9m altar de madeira de ac\u00e1cia de cinco c\u00f4vados de comprimento, e de cinco c\u00f4vados de largura: ser\u00e1 quadrado o altar, e sua altura de tr\u00eas c\u00f4vados. <br><span><sup><b>2<\/b><\/sup><\/span> E far\u00e1s suas pontas a seus quatro cantos; as pontas ser\u00e3o do mesmo; e as cobrir\u00e1s de bronze. <br><span><sup><b>3<\/b><\/sup><\/span> Far\u00e1s tamb\u00e9m seus caldeir\u00f5es para lan\u00e7ar sua cinza; e suas p\u00e1s, e suas bacias, e seus garfos, e seus braseiros: far\u00e1s todos os seus vasos de bronze. <br><span><sup><b>4<\/b><\/sup><\/span> E lhe far\u00e1s uma grelha de bronze de obra de malha; e sobre a grelha far\u00e1s quatro an\u00e9is de bronze a seus quatro cantos. <br><span><sup><b>5<\/b><\/sup><\/span> E o por\u00e1s dentro da borda do altar abaixo; e chegar\u00e1 a grelha at\u00e9 o meio do altar. <br><span><sup><b>6<\/b><\/sup><\/span> Far\u00e1s tamb\u00e9m varas para o altar, varas de madeira de ac\u00e1cia, as quais cobrir\u00e1s de bronze. <br><span><sup><b>7<\/b><\/sup><\/span> E suas varas se meter\u00e3o pelos an\u00e9is: e estar\u00e3o aquelas varas a ambos lados do altar, quando houver de ser levado. <br><span><sup><b>8<\/b><\/sup><\/span> De t\u00e1buas o far\u00e1s, oco: da maneira que te foi mostrado no monte, assim o far\u00e1s. <\/span><\/p>\n\n\n\n<h3 class=\"wp-block-heading\">O \u00e1trio do tabern\u00e1culo<\/h3>\n\n\n\n<p class=\"has-medium-font-size\" style=\"letter-spacing:1px\"><span><span><sup><b>9<\/b><\/sup><\/span> Tamb\u00e9m far\u00e1s o \u00e1trio do tabern\u00e1culo: ao lado do sul, ter\u00e1 o \u00e1trio cortinas de linho torcido, de cem c\u00f4vados de comprimento cada um lado; <br><span><sup><b>10<\/b><\/sup><\/span> Suas vinte colunas, e suas vinte bases ser\u00e3o de bronze; os capit\u00e9is das colunas e suas molduras, de prata. <br><span><sup><b>11<\/b><\/sup><\/span> E da mesma maneira ao lado do norte haver\u00e1 ao comprimento cortinas de cem c\u00f4vados de comprimento, e suas vinte colunas, com suas vinte bases de bronze; os capit\u00e9is de suas colunas e suas molduras, de prata. <br><span><sup><b>12<\/b><\/sup><\/span> E a largura do \u00e1trio do lado ocidental ter\u00e1 cortinas de cinquenta c\u00f4vados; suas colunas dez, com suas dez bases. <br><span><sup><b>13<\/b><\/sup><\/span> E na largura do \u00e1trio pela parte do oriente, haver\u00e1 cinquenta c\u00f4vados. <br><span><sup><b>14<\/b><\/sup><\/span> E as cortinas de um lado ser\u00e3o de quinze c\u00f4vados; suas colunas tr\u00eas, com suas tr\u00eas bases. <br><span><sup><b>15<\/b><\/sup><\/span> Ao outro lado quinze c\u00f4vados de cortinas; suas colunas tr\u00eas, com suas tr\u00eas bases. <br><span><sup><b>16<\/b><\/sup><\/span> E \u00e0 porta do \u00e1trio haver\u00e1 uma cortina de vinte c\u00f4vados, de azul, e p\u00farpura, e carmesim, e linho torcido, de obra de bordador: suas colunas quatro, com suas quatro bases. <br><span><sup><b>17<\/b><\/sup><\/span> Todas as colunas do \u00e1trio em derredor ser\u00e3o cingidas de prata; seus capit\u00e9is de prata, e suas bases de bronze. <br><span><sup><b>18<\/b><\/sup><\/span> O comprimento do \u00e1trio ser\u00e1 de cem c\u00f4vados, e a largura cinquenta por um lado e cinquenta pelo outro, e a altura de cinco c\u00f4vados: suas cortinas de linho torcido, e suas bases de bronze. <br><span><sup><b>19<\/b><\/sup><\/span> Todos os utens\u00edlios do tabern\u00e1culo em todo o seu servi\u00e7o, e todos os seus pregos, e todos os pregos do \u00e1trio, ser\u00e3o de bronze. <\/span><\/p>\n\n\n\n<h3 class=\"wp-block-heading\">O azeite puro<\/h3>\n\n\n\n<p class=\"has-medium-font-size\" style=\"letter-spacing:1px\"><span><span><sup><b>20<\/b><\/sup><\/span> E tu mandar\u00e1s aos filhos de Israel que te tragam azeite puro de olivas, prensado, para a lumin\u00e1ria, para fazer arder continuamente as l\u00e2mpadas. <br><span><sup><b>21<\/b><\/sup><\/span> No tabern\u00e1culo do testemunho, fora do v\u00e9u que est\u00e1 diante do testemunho, as por\u00e1 em ordem Ar\u00e3o e seus filhos, diante do SENHOR desde a tarde at\u00e9 a manh\u00e3, como estatuto perp\u00e9tuo dos filhos de Israel por suas gera\u00e7\u00f5es.<\/span><\/p>\n\n\n\n<div class=\"wp-block-columns is-layout-flex wp-container-core-columns-is-layout-9d6595d7 wp-block-columns-is-layout-flex\">\n<div class=\"wp-block-column is-layout-flow wp-block-column-is-layout-flow\">\n<p><a href=\"\/exodo-26\">\u00caxodo 26<\/a><\/p>\n<\/div>\n\n\n\n<div class=\"wp-block-column is-layout-flow wp-block-column-is-layout-flow\">\n<p class=\"has-text-align-right\"><a href=\"\/exodo-28\">\u00caxodo 28<\/a><\/p>\n<\/div>\n<\/div>\n\n\n\n<h2 class=\"wp-block-heading\">Descri\u00e7\u00e3o &#8211; \u00caxodo 27<\/h2>\n\n\n\n<p class=\"has-medium-font-size\">\u00caxodo 27 fornece instru\u00e7\u00f5es detalhadas sobre a constru\u00e7\u00e3o do altar de bronze e do p\u00e1tio ao redor do Tabern\u00e1culo. O altar, destinado aos sacrif\u00edcios, deve ser feito de bronze e ter uma base de madeira coberta de bronze, com utens\u00edlios tamb\u00e9m de bronze. O p\u00e1tio ser\u00e1 cercado por cortinas de linho fino, com colunas de bronze, e uma porta de cortina azul, p\u00farpura e escarlate. O cap\u00edtulo destaca a import\u00e2ncia desses elementos no culto a Deus, preparando o povo de Israel para adorar de acordo com as instru\u00e7\u00f5es divinas. Essas constru\u00e7\u00f5es s\u00e3o essenciais para a estrutura do Tabern\u00e1culo, simbolizando a presen\u00e7a de Deus entre o Seu povo.<\/p>\n\n\n\n<h3 class=\"wp-block-heading\">Livro do \u00caxodo:<\/h3>\n\n\n<ul class=\"wp-block-page-list\"><li class=\"wp-block-pages-list__item\"><a class=\"wp-block-pages-list__item__link\" href=\"https:\/\/bibliapresente.com\/postagens\/livros-da-biblia\/exodo\/exodo-1\/\">\u00caxodo 1 &#8211; O Nascimento de Mois\u00e9s<\/a><\/li><li class=\"wp-block-pages-list__item\"><a class=\"wp-block-pages-list__item__link\" href=\"https:\/\/bibliapresente.com\/postagens\/livros-da-biblia\/exodo\/exodo-2\/\">\u00caxodo 2 &#8211; Mois\u00e9s no Pal\u00e1cio do Fara\u00f3<\/a><\/li><li class=\"wp-block-pages-list__item\"><a class=\"wp-block-pages-list__item__link\" href=\"https:\/\/bibliapresente.com\/postagens\/livros-da-biblia\/exodo\/exodo-3\/\">\u00caxodo 3 &#8211; O Chamado de Mois\u00e9s<\/a><\/li><li class=\"wp-block-pages-list__item\"><a class=\"wp-block-pages-list__item__link\" href=\"https:\/\/bibliapresente.com\/postagens\/livros-da-biblia\/exodo\/exodo-4\/\">\u00caxodo 4 &#8211; Deus D\u00e1 Sinais a Mois\u00e9s<\/a><\/li><li class=\"wp-block-pages-list__item\"><a class=\"wp-block-pages-list__item__link\" href=\"https:\/\/bibliapresente.com\/postagens\/livros-da-biblia\/exodo\/exodo-5\/\">\u00caxodo 5 &#8211; Mois\u00e9s e Ar\u00e3o Conrontam Fara\u00f3<\/a><\/li><li class=\"wp-block-pages-list__item\"><a class=\"wp-block-pages-list__item__link\" href=\"https:\/\/bibliapresente.com\/postagens\/livros-da-biblia\/exodo\/exodo-6\/\">\u00caxodo 6 &#8211; Deus promete livramento<\/a><\/li><li class=\"wp-block-pages-list__item\"><a class=\"wp-block-pages-list__item__link\" href=\"https:\/\/bibliapresente.com\/postagens\/livros-da-biblia\/exodo\/exodo-7\/\">\u00caxodo 7 &#8211; A Primeira Praga: Sangue<\/a><\/li><li class=\"wp-block-pages-list__item\"><a class=\"wp-block-pages-list__item__link\" href=\"https:\/\/bibliapresente.com\/postagens\/livros-da-biblia\/exodo\/exodo-8\/\">\u00caxodo 8 &#8211; Pragas: R\u00e3s, Piolhos e Moscas<\/a><\/li><li class=\"wp-block-pages-list__item\"><a class=\"wp-block-pages-list__item__link\" href=\"https:\/\/bibliapresente.com\/postagens\/livros-da-biblia\/exodo\/exodo-9\/\">\u00caxodo 9 &#8211; Pragas: Peste, \u00dalceras, Granizo<\/a><\/li><li class=\"wp-block-pages-list__item\"><a class=\"wp-block-pages-list__item__link\" href=\"https:\/\/bibliapresente.com\/postagens\/livros-da-biblia\/exodo\/exodo-10\/\">\u00caxodo 10 &#8211; Pragas: Gafanhotos e Trevas<\/a><\/li><li class=\"wp-block-pages-list__item\"><a class=\"wp-block-pages-list__item__link\" href=\"https:\/\/bibliapresente.com\/postagens\/livros-da-biblia\/exodo\/exodo-11\/\">\u00caxodo 11 &#8211; Deus anuncia a \u00faltima praga<\/a><\/li><li class=\"wp-block-pages-list__item\"><a class=\"wp-block-pages-list__item__link\" href=\"https:\/\/bibliapresente.com\/postagens\/livros-da-biblia\/exodo\/exodo-12\/\">\u00caxodo 12 &#8211; A P\u00e1scoa e a Liberta\u00e7\u00e3o<\/a><\/li><li class=\"wp-block-pages-list__item\"><a class=\"wp-block-pages-list__item__link\" href=\"https:\/\/bibliapresente.com\/postagens\/livros-da-biblia\/exodo\/exodo-13\/\">\u00caxodo 13 &#8211; A Consagra\u00e7\u00e3o dos Primog\u00eanitos<\/a><\/li><li class=\"wp-block-pages-list__item\"><a class=\"wp-block-pages-list__item__link\" href=\"https:\/\/bibliapresente.com\/postagens\/livros-da-biblia\/exodo\/exodo-14\/\">\u00caxodo 14 &#8211; A Travessia do Mar Vermelho<\/a><\/li><li class=\"wp-block-pages-list__item\"><a class=\"wp-block-pages-list__item__link\" href=\"https:\/\/bibliapresente.com\/postagens\/livros-da-biblia\/exodo\/exodo-15\/\">\u00caxodo 15 &#8211; O C\u00e2ntico de Mois\u00e9s<\/a><\/li><li class=\"wp-block-pages-list__item\"><a class=\"wp-block-pages-list__item__link\" href=\"https:\/\/bibliapresente.com\/postagens\/livros-da-biblia\/exodo\/exodo-16\/\">\u00caxodo 16 &#8211; O Man\u00e1 no Deserto<\/a><\/li><li class=\"wp-block-pages-list__item\"><a class=\"wp-block-pages-list__item__link\" href=\"https:\/\/bibliapresente.com\/postagens\/livros-da-biblia\/exodo\/exodo-17\/\">\u00caxodo 17 &#8211; \u00c1gua Brotando da Rocha<\/a><\/li><li class=\"wp-block-pages-list__item\"><a class=\"wp-block-pages-list__item__link\" href=\"https:\/\/bibliapresente.com\/postagens\/livros-da-biblia\/exodo\/exodo-18\/\">\u00caxodo 18 &#8211; Os Conselhos de Jetro<\/a><\/li><li class=\"wp-block-pages-list__item\"><a class=\"wp-block-pages-list__item__link\" href=\"https:\/\/bibliapresente.com\/postagens\/livros-da-biblia\/exodo\/exodo-19\/\">\u00caxodo 19 &#8211; A Chegada ao Monte Sinai<\/a><\/li><li class=\"wp-block-pages-list__item\"><a class=\"wp-block-pages-list__item__link\" href=\"https:\/\/bibliapresente.com\/postagens\/livros-da-biblia\/exodo\/exodo-20\/\">\u00caxodo 20 &#8211; Os Dez Mandamentos<\/a><\/li><li class=\"wp-block-pages-list__item\"><a class=\"wp-block-pages-list__item__link\" href=\"https:\/\/bibliapresente.com\/postagens\/livros-da-biblia\/exodo\/exodo-21\/\">\u00caxodo 21 &#8211; Leis Sobre Justi\u00e7a Social<\/a><\/li><li class=\"wp-block-pages-list__item\"><a class=\"wp-block-pages-list__item__link\" href=\"https:\/\/bibliapresente.com\/postagens\/livros-da-biblia\/exodo\/exodo-22\/\">\u00caxodo 22 &#8211; Leis Sobre Danos e Repara\u00e7\u00e3o<\/a><\/li><li class=\"wp-block-pages-list__item\"><a class=\"wp-block-pages-list__item__link\" href=\"https:\/\/bibliapresente.com\/postagens\/livros-da-biblia\/exodo\/exodo-23\/\">\u00caxodo 23 &#8211; Leis de Justi\u00e7a e Festividades<\/a><\/li><li class=\"wp-block-pages-list__item\"><a class=\"wp-block-pages-list__item__link\" href=\"https:\/\/bibliapresente.com\/postagens\/livros-da-biblia\/exodo\/exodo-24\/\">\u00caxodo 24 &#8211; A Confirma\u00e7\u00e3o da Alian\u00e7a<\/a><\/li><li class=\"wp-block-pages-list__item\"><a class=\"wp-block-pages-list__item__link\" href=\"https:\/\/bibliapresente.com\/postagens\/livros-da-biblia\/exodo\/exodo-25\/\">\u00caxodo 25 &#8211; Arca da Alian\u00e7a e Tabern\u00e1culo<\/a><\/li><li class=\"wp-block-pages-list__item\"><a class=\"wp-block-pages-list__item__link\" href=\"https:\/\/bibliapresente.com\/postagens\/livros-da-biblia\/exodo\/exodo-26\/\">\u00caxodo 26 &#8211; Construindo o Tabern\u00e1culo<\/a><\/li><li class=\"wp-block-pages-list__item\"><a class=\"wp-block-pages-list__item__link\" href=\"https:\/\/bibliapresente.com\/postagens\/livros-da-biblia\/exodo\/exodo-27\/\">\u00caxodo 27 &#8211; O Altar de Bronze<\/a><\/li><li class=\"wp-block-pages-list__item\"><a class=\"wp-block-pages-list__item__link\" href=\"https:\/\/bibliapresente.com\/postagens\/livros-da-biblia\/exodo\/exodo-28\/\">\u00caxodo 28 &#8211; O Vestu\u00e1rio dos Sacerdotes<\/a><\/li><li class=\"wp-block-pages-list__item\"><a class=\"wp-block-pages-list__item__link\" href=\"https:\/\/bibliapresente.com\/postagens\/livros-da-biblia\/exodo\/exodo-29\/\">\u00caxodo 29 &#8211; Consagra\u00e7\u00e3o de Ar\u00e3o<\/a><\/li><li class=\"wp-block-pages-list__item\"><a class=\"wp-block-pages-list__item__link\" href=\"https:\/\/bibliapresente.com\/postagens\/livros-da-biblia\/exodo\/exodo-30\/\">\u00caxodo 30 &#8211; O Altar do Incenso<\/a><\/li><li class=\"wp-block-pages-list__item\"><a class=\"wp-block-pages-list__item__link\" href=\"https:\/\/bibliapresente.com\/postagens\/livros-da-biblia\/exodo\/exodo-31\/\">\u00caxodo 31 &#8211; O S\u00e1bado<\/a><\/li><li class=\"wp-block-pages-list__item\"><a class=\"wp-block-pages-list__item__link\" href=\"https:\/\/bibliapresente.com\/postagens\/livros-da-biblia\/exodo\/exodo-32\/\">\u00caxodo 32 &#8211; O Bezerro de Ouro<\/a><\/li><li class=\"wp-block-pages-list__item\"><a class=\"wp-block-pages-list__item__link\" href=\"https:\/\/bibliapresente.com\/postagens\/livros-da-biblia\/exodo\/exodo-33\/\">\u00caxodo 33 &#8211; Deus promete a Sua presen\u00e7a<\/a><\/li><li class=\"wp-block-pages-list__item\"><a class=\"wp-block-pages-list__item__link\" href=\"https:\/\/bibliapresente.com\/postagens\/livros-da-biblia\/exodo\/exodo-34\/\">\u00caxodo 34 &#8211; A Renova\u00e7\u00e3o da Alian\u00e7a<\/a><\/li><li class=\"wp-block-pages-list__item\"><a class=\"wp-block-pages-list__item__link\" href=\"https:\/\/bibliapresente.com\/postagens\/livros-da-biblia\/exodo\/exodo-35\/\">\u00caxodo 35 &#8211; A Oferta do Povo<\/a><\/li><li class=\"wp-block-pages-list__item\"><a class=\"wp-block-pages-list__item__link\" href=\"https:\/\/bibliapresente.com\/postagens\/livros-da-biblia\/exodo\/exodo-36\/\">\u00caxodo 36 &#8211; A Constru\u00e7\u00e3o do Tabern\u00e1culo<\/a><\/li><li class=\"wp-block-pages-list__item\"><a class=\"wp-block-pages-list__item__link\" href=\"https:\/\/bibliapresente.com\/postagens\/livros-da-biblia\/exodo\/exodo-37\/\">\u00caxodo 37 &#8211; A Arca, a Mesa e o Candelabro<\/a><\/li><li class=\"wp-block-pages-list__item\"><a class=\"wp-block-pages-list__item__link\" href=\"https:\/\/bibliapresente.com\/postagens\/livros-da-biblia\/exodo\/exodo-38\/\">\u00caxodo 38 &#8211; O Altar de Bronze<\/a><\/li><li class=\"wp-block-pages-list__item\"><a class=\"wp-block-pages-list__item__link\" href=\"https:\/\/bibliapresente.com\/postagens\/livros-da-biblia\/exodo\/exodo-39\/\">\u00caxodo 39 &#8211; A Confec\u00e7\u00e3o das Vestes<\/a><\/li><li class=\"wp-block-pages-list__item\"><a class=\"wp-block-pages-list__item__link\" href=\"https:\/\/bibliapresente.com\/postagens\/livros-da-biblia\/exodo\/exodo-40\/\">\u00caxodo 40 &#8211; A Consagra\u00e7\u00e3o do Tabern\u00e1culo<\/a><\/li><\/ul>\n\n\n<p><\/p>\n","protected":false},"excerpt":{"rendered":"<p>O altar dos holocaustos 1 Far\u00e1s tamb\u00e9m altar de madeira de ac\u00e1cia de cinco c\u00f4vados de comprimento, e de cinco c\u00f4vados de largura: ser\u00e1 quadrado o altar, e sua altura de tr\u00eas c\u00f4vados. 2 E far\u00e1s suas pontas a seus quatro cantos; as pontas ser\u00e3o do mesmo; e as cobrir\u00e1s de bronze. 3 Far\u00e1s tamb\u00e9m &hellip; <\/p>\n","protected":false},"author":2,"featured_media":583,"parent":581,"menu_order":27,"comment_status":"closed","ping_status":"closed","template":"","meta":{"om_disable_all_campaigns":false,"_monsterinsights_skip_tracking":false,"_monsterinsights_sitenote_active":false,"_monsterinsights_sitenote_note":"","_monsterinsights_sitenote_category":0,"footnotes":""},"class_list":["post-641","page","type-page","status-publish","has-post-thumbnail","hentry"],"aioseo_notices":[],"_links":{"self":[{"href":"https:\/\/bibliapresente.com\/postagens\/wp-json\/wp\/v2\/pages\/641","targetHints":{"allow":["GET"]}}],"collection":[{"href":"https:\/\/bibliapresente.com\/postagens\/wp-json\/wp\/v2\/pages"}],"about":[{"href":"https:\/\/bibliapresente.com\/postagens\/wp-json\/wp\/v2\/types\/page"}],"author":[{"embeddable":true,"href":"https:\/\/bibliapresente.com\/postagens\/wp-json\/wp\/v2\/users\/2"}],"replies":[{"embeddable":true,"href":"https:\/\/bibliapresente.com\/postagens\/wp-json\/wp\/v2\/comments?post=641"}],"version-history":[{"count":5,"href":"https:\/\/bibliapresente.com\/postagens\/wp-json\/wp\/v2\/pages\/641\/revisions"}],"predecessor-version":[{"id":1185,"href":"https:\/\/bibliapresente.com\/postagens\/wp-json\/wp\/v2\/pages\/641\/revisions\/1185"}],"up":[{"embeddable":true,"href":"https:\/\/bibliapresente.com\/postagens\/wp-json\/wp\/v2\/pages\/581"}],"wp:featuredmedia":[{"embeddable":true,"href":"https:\/\/bibliapresente.com\/postagens\/wp-json\/wp\/v2\/media\/583"}],"wp:attachment":[{"href":"https:\/\/bibliapresente.com\/postagens\/wp-json\/wp\/v2\/media?parent=641"}],"curies":[{"name":"wp","href":"https:\/\/api.w.org\/{rel}","templated":true}]}}