{"id":637,"date":"2025-01-28T17:25:28","date_gmt":"2025-01-28T20:25:28","guid":{"rendered":"https:\/\/bibliapresente.com\/postagens\/?page_id=637"},"modified":"2025-01-28T17:25:29","modified_gmt":"2025-01-28T20:25:29","slug":"exodo-25","status":"publish","type":"page","link":"https:\/\/bibliapresente.com\/postagens\/livros-da-biblia\/exodo\/exodo-25\/","title":{"rendered":"\u00caxodo 25 &#8211; Arca da Alian\u00e7a e Tabern\u00e1culo"},"content":{"rendered":"\n<h3 class=\"wp-block-heading\">Deus manda o povo levar ofertas ao tabern\u00e1culo<\/h3>\n\n\n\n<p class=\"has-medium-font-size\"><span><span><sup><b>1<\/b><\/sup><\/span> E o SENHOR falou a Mois\u00e9s, dizendo: <br><span><sup><b>2<\/b><\/sup><\/span> Dize aos filhos de Israel que tomem para mim oferta: de todo homem que a der de sua vontade, de cora\u00e7\u00e3o, tomareis minha oferta. <br><span><sup><b>3<\/b><\/sup><\/span> E esta \u00e9 a oferta que tomareis deles: Ouro, e prata, e bronze, <br><span><sup><b>4<\/b><\/sup><\/span> E material azul, e p\u00farpura, e carmesim, e linho fino, e pelo de cabras, <br><span><sup><b>5<\/b><\/sup><\/span> E couros de carneiros tingidos de vermelho, e couros finos, e madeira de ac\u00e1cia; <br><span><sup><b>6<\/b><\/sup><\/span> Azeite para a lumin\u00e1ria, especiarias para o azeite da un\u00e7\u00e3o, e para o incenso arom\u00e1tico; <br><span><sup><b>7<\/b><\/sup><\/span> Pedras de \u00f4nix, e pedras de engastes, para o \u00e9fode, e para o peitoral. <br><span><sup><b>8<\/b><\/sup><\/span> E far\u00e3o para mim um santu\u00e1rio, e eu habitarei entre eles. <br><span><sup><b>9<\/b><\/sup><\/span> Conforme tudo o que eu te mostrar, o desenho do tabern\u00e1culo, e o desenho de todos os seus objetos, assim o fareis. <\/span><\/p>\n\n\n\n<h3 class=\"wp-block-heading\">A arca de madeira de ac\u00e1cia<\/h3>\n\n\n\n<p class=\"has-medium-font-size\"><span><span><sup><b>10<\/b><\/sup><\/span> Far\u00e3o tamb\u00e9m uma arca de madeira de ac\u00e1cia, cujo comprimento ser\u00e1 de dois c\u00f4vados e meio, e sua largura de c\u00f4vado e meio, e sua altura de c\u00f4vado e meio. <br><span><sup><b>11<\/b><\/sup><\/span> E a cobrir\u00e1s de ouro puro; por dentro e por fora a cobrir\u00e1s; e far\u00e1s sobre ela uma borda de ouro ao redor. <br><span><sup><b>12<\/b><\/sup><\/span> E para ela far\u00e1s de fundi\u00e7\u00e3o quatro an\u00e9is de ouro, que por\u00e1s a seus quatro cantos; dois an\u00e9is ao um lado dela, e dois an\u00e9is ao outro lado. <br><span><sup><b>13<\/b><\/sup><\/span> E far\u00e1s umas varas de madeira de ac\u00e1cia, as quais cobrir\u00e1s de ouro. <br><span><sup><b>14<\/b><\/sup><\/span> E meter\u00e1s as varas pelos an\u00e9is aos lados da arca, para levar a arca com elas. <br><span><sup><b>15<\/b><\/sup><\/span> As varas se estar\u00e3o nos an\u00e9is da arca: n\u00e3o se tirar\u00e3o dela. <br><span><sup><b>16<\/b><\/sup><\/span> E por\u00e1s no arca o testemunho que eu te darei. <\/span><\/p>\n\n\n\n<h3 class=\"wp-block-heading\">A coberta de ouro puro<\/h3>\n\n\n\n<p class=\"has-medium-font-size\"><span><span><sup><b>17<\/b><\/sup><\/span> E far\u00e1s uma coberta de ouro fino, cujo comprimento ser\u00e1 de dois c\u00f4vados e meio, e sua largura de c\u00f4vado e meio. <br><span><sup><b>18<\/b><\/sup><\/span> Far\u00e1s tamb\u00e9m dois querubins de ouro, lavrados a martelo os far\u00e1s, nas duas extremidades do propiciat\u00f3rio. <br><span><sup><b>19<\/b><\/sup><\/span> Far\u00e1s, pois, um querubim ao extremo de um lado, e um querubim ao outro extremo do lado oposto: da qualidade do propiciat\u00f3rio far\u00e1s os querubins em suas duas extremidades. <br><span><sup><b>20<\/b><\/sup><\/span> E os querubins estender\u00e3o por encima as asas, cobrindo com suas asas o propiciat\u00f3rio: suas faces a uma em frente da outra, olhando ao propiciat\u00f3rio as faces dos querubins. <br><span><sup><b>21<\/b><\/sup><\/span> E por\u00e1s o propiciat\u00f3rio encima da arca, e no arca por\u00e1s o testemunho que eu te darei. <br><span><sup><b>22<\/b><\/sup><\/span> E dali me declararei a ti, e falarei contigo de sobre o propiciat\u00f3rio, dentre os dois querubins que est\u00e3o sobre a arca do testemunho, tudo o que eu te mandarei para os filhos de Israel. <\/span><\/p>\n\n\n\n<h3 class=\"wp-block-heading\">A mesa de madeira de ac\u00e1cia<\/h3>\n\n\n\n<p class=\"has-medium-font-size\"><span><span><sup><b>23<\/b><\/sup><\/span> Far\u00e1s tamb\u00e9m uma mesa de madeira de ac\u00e1cia: seu comprimento ser\u00e1 de dois c\u00f4vados, e de um c\u00f4vado sua largura, e sua altura de c\u00f4vado e meio. <br><span><sup><b>24<\/b><\/sup><\/span> E a cobrir\u00e1s de ouro puro, e lhe far\u00e1s uma borda de ouro ao redor. <br><span><sup><b>25<\/b><\/sup><\/span> Far\u00e1s tamb\u00e9m para ele tamb\u00e9m uma moldura ao redor, da largura de uma m\u00e3o, \u00e0 qual moldura far\u00e1s uma borda de ouro ao redor. <br><span><sup><b>26<\/b><\/sup><\/span> E lhe far\u00e1s quatro an\u00e9is de ouro, os quais por\u00e1s aos quatro cantos que correspondem a seus quatro p\u00e9s. <br><span><sup><b>27<\/b><\/sup><\/span> Os an\u00e9is estar\u00e3o antes da moldura, por lugares das varas, para levar a mesa. <br><span><sup><b>28<\/b><\/sup><\/span> E far\u00e1s as varas de madeira de ac\u00e1cia, e as cobrir\u00e1s de ouro, e com elas ser\u00e1 levada a mesa. <br><span><sup><b>29<\/b><\/sup><\/span> Far\u00e1s tamb\u00e9m seus pratos, e suas colheres, e seus jarros, e suas bacias, com que se far\u00e1 liba\u00e7\u00f5es: de ouro fino os far\u00e1s. <br><span><sup><b>30<\/b><\/sup><\/span> E por\u00e1s sobre a mesa o p\u00e3o da proposi\u00e7\u00e3o diante de mim continuamente. <br><span><sup><b>31<\/b><\/sup><\/span> Far\u00e1s tamb\u00e9m um candelabro de ouro puro; lavrado a martelo se far\u00e1 o candelabro: seu p\u00e9, e sua cana, seus copos, seus bot\u00f5es, e suas flores, ser\u00e3o do mesmo: <br><span><sup><b>32<\/b><\/sup><\/span> E sair\u00e3o seis bra\u00e7os de seus lados: tr\u00eas bra\u00e7os do candelabro do um lado seu, e tr\u00eas bra\u00e7os do candelabro do outro seu lado: <br><span><sup><b>33<\/b><\/sup><\/span> Tr\u00eas copos em forma de am\u00eandoas em um bra\u00e7o, um bot\u00e3o e uma flor; e tr\u00eas copos, forma de am\u00eandoas no outro bra\u00e7o, um bot\u00e3o e uma flor: assim, pois, nos seis bra\u00e7os que saem do candelabro: <br><span><sup><b>34<\/b><\/sup><\/span> E no candelabro quatro copos em forma de am\u00eandoas, seus bot\u00f5es e suas flores. <br><span><sup><b>35<\/b><\/sup><\/span> Haver\u00e1 um bot\u00e3o debaixo dos dois bra\u00e7os do mesmo, outro bot\u00e3o debaixo dos outros dois bra\u00e7os do mesmo, e outra bot\u00e3o debaixo dos outros dois bra\u00e7os do mesmo, em conformidade aos seis bra\u00e7os que saem do candelabro. <br><span><sup><b>36<\/b><\/sup><\/span> Seus bot\u00f5es e seus bra\u00e7os ser\u00e3o do mesmo, todo ele uma pe\u00e7a lavrada a martelo, de ouro puro. <br><span><sup><b>37<\/b><\/sup><\/span> E far\u00e1s para ele sete l\u00e2mpadas, as quais acender\u00e1s para que iluminem \u00e0 parte de sua dianteira: <br><span><sup><b>38<\/b><\/sup><\/span> Tamb\u00e9m suas tenazes e seus apagadores, de ouro puro. <br><span><sup><b>39<\/b><\/sup><\/span> De um talento de ouro fino o far\u00e1s, com todos estes objetos. <br><span><sup><b>40<\/b><\/sup><\/span> E olha, e faze-os conforme seu modelo, que te foi mostrado no monte.<\/span><\/p>\n\n\n\n<div class=\"wp-block-columns is-layout-flex wp-container-core-columns-is-layout-9d6595d7 wp-block-columns-is-layout-flex\">\n<div class=\"wp-block-column is-layout-flow wp-block-column-is-layout-flow\">\n<p><a href=\"\/exodo-24\">\u00caxodo 24<\/a><\/p>\n<\/div>\n\n\n\n<div class=\"wp-block-column is-layout-flow wp-block-column-is-layout-flow\">\n<p class=\"has-text-align-right\"><a href=\"\/exodo-26\">\u00caxodo 26<\/a><\/p>\n<\/div>\n<\/div>\n\n\n\n<h2 class=\"wp-block-heading\">Descri\u00e7\u00e3o &#8211; \u00caxodo 25<\/h2>\n\n\n\n<p class=\"has-medium-font-size\">\u00caxodo 25 come\u00e7a a descri\u00e7\u00e3o detalhada das instru\u00e7\u00f5es de Deus a Mois\u00e9s sobre a constru\u00e7\u00e3o do Tabern\u00e1culo, um lugar de adora\u00e7\u00e3o no deserto. Deus ordena a coleta de materiais preciosos, como ouro, prata e bronze, de todo o povo de Israel para a constru\u00e7\u00e3o do Tabern\u00e1culo, da arca da alian\u00e7a e de outros m\u00f3veis sagrados. A arca deve ser feita de madeira e revestida de ouro, com o prop\u00f3sito de guardar as t\u00e1buas da Lei. Este cap\u00edtulo destaca a import\u00e2ncia do Tabern\u00e1culo como s\u00edmbolo da presen\u00e7a de Deus entre o Seu povo, marcando o in\u00edcio da institui\u00e7\u00e3o da adora\u00e7\u00e3o formal em Israel.<\/p>\n\n\n\n<h3 class=\"wp-block-heading\">Livro do \u00caxodo:<\/h3>\n\n\n<ul class=\"wp-block-page-list\"><li class=\"wp-block-pages-list__item\"><a class=\"wp-block-pages-list__item__link\" href=\"https:\/\/bibliapresente.com\/postagens\/livros-da-biblia\/exodo\/exodo-1\/\">\u00caxodo 1 &#8211; O Nascimento de Mois\u00e9s<\/a><\/li><li class=\"wp-block-pages-list__item\"><a class=\"wp-block-pages-list__item__link\" href=\"https:\/\/bibliapresente.com\/postagens\/livros-da-biblia\/exodo\/exodo-2\/\">\u00caxodo 2 &#8211; Mois\u00e9s no Pal\u00e1cio do Fara\u00f3<\/a><\/li><li class=\"wp-block-pages-list__item\"><a class=\"wp-block-pages-list__item__link\" href=\"https:\/\/bibliapresente.com\/postagens\/livros-da-biblia\/exodo\/exodo-3\/\">\u00caxodo 3 &#8211; O Chamado de Mois\u00e9s<\/a><\/li><li class=\"wp-block-pages-list__item\"><a class=\"wp-block-pages-list__item__link\" href=\"https:\/\/bibliapresente.com\/postagens\/livros-da-biblia\/exodo\/exodo-4\/\">\u00caxodo 4 &#8211; Deus D\u00e1 Sinais a Mois\u00e9s<\/a><\/li><li class=\"wp-block-pages-list__item\"><a class=\"wp-block-pages-list__item__link\" href=\"https:\/\/bibliapresente.com\/postagens\/livros-da-biblia\/exodo\/exodo-5\/\">\u00caxodo 5 &#8211; Mois\u00e9s e Ar\u00e3o Conrontam Fara\u00f3<\/a><\/li><li class=\"wp-block-pages-list__item\"><a class=\"wp-block-pages-list__item__link\" href=\"https:\/\/bibliapresente.com\/postagens\/livros-da-biblia\/exodo\/exodo-6\/\">\u00caxodo 6 &#8211; Deus promete livramento<\/a><\/li><li class=\"wp-block-pages-list__item\"><a class=\"wp-block-pages-list__item__link\" href=\"https:\/\/bibliapresente.com\/postagens\/livros-da-biblia\/exodo\/exodo-7\/\">\u00caxodo 7 &#8211; A Primeira Praga: Sangue<\/a><\/li><li class=\"wp-block-pages-list__item\"><a class=\"wp-block-pages-list__item__link\" href=\"https:\/\/bibliapresente.com\/postagens\/livros-da-biblia\/exodo\/exodo-8\/\">\u00caxodo 8 &#8211; Pragas: R\u00e3s, Piolhos e Moscas<\/a><\/li><li class=\"wp-block-pages-list__item\"><a class=\"wp-block-pages-list__item__link\" href=\"https:\/\/bibliapresente.com\/postagens\/livros-da-biblia\/exodo\/exodo-9\/\">\u00caxodo 9 &#8211; Pragas: Peste, \u00dalceras, Granizo<\/a><\/li><li class=\"wp-block-pages-list__item\"><a class=\"wp-block-pages-list__item__link\" href=\"https:\/\/bibliapresente.com\/postagens\/livros-da-biblia\/exodo\/exodo-10\/\">\u00caxodo 10 &#8211; Pragas: Gafanhotos e Trevas<\/a><\/li><li class=\"wp-block-pages-list__item\"><a class=\"wp-block-pages-list__item__link\" href=\"https:\/\/bibliapresente.com\/postagens\/livros-da-biblia\/exodo\/exodo-11\/\">\u00caxodo 11 &#8211; Deus anuncia a \u00faltima praga<\/a><\/li><li class=\"wp-block-pages-list__item\"><a class=\"wp-block-pages-list__item__link\" href=\"https:\/\/bibliapresente.com\/postagens\/livros-da-biblia\/exodo\/exodo-12\/\">\u00caxodo 12 &#8211; A P\u00e1scoa e a Liberta\u00e7\u00e3o<\/a><\/li><li class=\"wp-block-pages-list__item\"><a class=\"wp-block-pages-list__item__link\" href=\"https:\/\/bibliapresente.com\/postagens\/livros-da-biblia\/exodo\/exodo-13\/\">\u00caxodo 13 &#8211; A Consagra\u00e7\u00e3o dos Primog\u00eanitos<\/a><\/li><li class=\"wp-block-pages-list__item\"><a class=\"wp-block-pages-list__item__link\" href=\"https:\/\/bibliapresente.com\/postagens\/livros-da-biblia\/exodo\/exodo-14\/\">\u00caxodo 14 &#8211; A Travessia do Mar Vermelho<\/a><\/li><li class=\"wp-block-pages-list__item\"><a class=\"wp-block-pages-list__item__link\" href=\"https:\/\/bibliapresente.com\/postagens\/livros-da-biblia\/exodo\/exodo-15\/\">\u00caxodo 15 &#8211; O C\u00e2ntico de Mois\u00e9s<\/a><\/li><li class=\"wp-block-pages-list__item\"><a class=\"wp-block-pages-list__item__link\" href=\"https:\/\/bibliapresente.com\/postagens\/livros-da-biblia\/exodo\/exodo-16\/\">\u00caxodo 16 &#8211; O Man\u00e1 no Deserto<\/a><\/li><li class=\"wp-block-pages-list__item\"><a class=\"wp-block-pages-list__item__link\" href=\"https:\/\/bibliapresente.com\/postagens\/livros-da-biblia\/exodo\/exodo-17\/\">\u00caxodo 17 &#8211; \u00c1gua Brotando da Rocha<\/a><\/li><li class=\"wp-block-pages-list__item\"><a class=\"wp-block-pages-list__item__link\" href=\"https:\/\/bibliapresente.com\/postagens\/livros-da-biblia\/exodo\/exodo-18\/\">\u00caxodo 18 &#8211; Os Conselhos de Jetro<\/a><\/li><li class=\"wp-block-pages-list__item\"><a class=\"wp-block-pages-list__item__link\" href=\"https:\/\/bibliapresente.com\/postagens\/livros-da-biblia\/exodo\/exodo-19\/\">\u00caxodo 19 &#8211; A Chegada ao Monte Sinai<\/a><\/li><li class=\"wp-block-pages-list__item\"><a class=\"wp-block-pages-list__item__link\" href=\"https:\/\/bibliapresente.com\/postagens\/livros-da-biblia\/exodo\/exodo-20\/\">\u00caxodo 20 &#8211; Os Dez Mandamentos<\/a><\/li><li class=\"wp-block-pages-list__item\"><a class=\"wp-block-pages-list__item__link\" href=\"https:\/\/bibliapresente.com\/postagens\/livros-da-biblia\/exodo\/exodo-21\/\">\u00caxodo 21 &#8211; Leis Sobre Justi\u00e7a Social<\/a><\/li><li class=\"wp-block-pages-list__item\"><a class=\"wp-block-pages-list__item__link\" href=\"https:\/\/bibliapresente.com\/postagens\/livros-da-biblia\/exodo\/exodo-22\/\">\u00caxodo 22 &#8211; Leis Sobre Danos e Repara\u00e7\u00e3o<\/a><\/li><li class=\"wp-block-pages-list__item\"><a class=\"wp-block-pages-list__item__link\" href=\"https:\/\/bibliapresente.com\/postagens\/livros-da-biblia\/exodo\/exodo-23\/\">\u00caxodo 23 &#8211; Leis de Justi\u00e7a e Festividades<\/a><\/li><li class=\"wp-block-pages-list__item\"><a class=\"wp-block-pages-list__item__link\" href=\"https:\/\/bibliapresente.com\/postagens\/livros-da-biblia\/exodo\/exodo-24\/\">\u00caxodo 24 &#8211; A Confirma\u00e7\u00e3o da Alian\u00e7a<\/a><\/li><li class=\"wp-block-pages-list__item\"><a class=\"wp-block-pages-list__item__link\" href=\"https:\/\/bibliapresente.com\/postagens\/livros-da-biblia\/exodo\/exodo-25\/\">\u00caxodo 25 &#8211; Arca da Alian\u00e7a e Tabern\u00e1culo<\/a><\/li><li class=\"wp-block-pages-list__item\"><a class=\"wp-block-pages-list__item__link\" href=\"https:\/\/bibliapresente.com\/postagens\/livros-da-biblia\/exodo\/exodo-26\/\">\u00caxodo 26 &#8211; Construindo o Tabern\u00e1culo<\/a><\/li><li class=\"wp-block-pages-list__item\"><a class=\"wp-block-pages-list__item__link\" href=\"https:\/\/bibliapresente.com\/postagens\/livros-da-biblia\/exodo\/exodo-27\/\">\u00caxodo 27 &#8211; O Altar de Bronze<\/a><\/li><li class=\"wp-block-pages-list__item\"><a class=\"wp-block-pages-list__item__link\" href=\"https:\/\/bibliapresente.com\/postagens\/livros-da-biblia\/exodo\/exodo-28\/\">\u00caxodo 28 &#8211; O Vestu\u00e1rio dos Sacerdotes<\/a><\/li><li class=\"wp-block-pages-list__item\"><a class=\"wp-block-pages-list__item__link\" href=\"https:\/\/bibliapresente.com\/postagens\/livros-da-biblia\/exodo\/exodo-29\/\">\u00caxodo 29 &#8211; Consagra\u00e7\u00e3o de Ar\u00e3o<\/a><\/li><li class=\"wp-block-pages-list__item\"><a class=\"wp-block-pages-list__item__link\" href=\"https:\/\/bibliapresente.com\/postagens\/livros-da-biblia\/exodo\/exodo-30\/\">\u00caxodo 30 &#8211; O Altar do Incenso<\/a><\/li><li class=\"wp-block-pages-list__item\"><a class=\"wp-block-pages-list__item__link\" href=\"https:\/\/bibliapresente.com\/postagens\/livros-da-biblia\/exodo\/exodo-31\/\">\u00caxodo 31 &#8211; O S\u00e1bado<\/a><\/li><li class=\"wp-block-pages-list__item\"><a class=\"wp-block-pages-list__item__link\" href=\"https:\/\/bibliapresente.com\/postagens\/livros-da-biblia\/exodo\/exodo-32\/\">\u00caxodo 32 &#8211; O Bezerro de Ouro<\/a><\/li><li class=\"wp-block-pages-list__item\"><a class=\"wp-block-pages-list__item__link\" href=\"https:\/\/bibliapresente.com\/postagens\/livros-da-biblia\/exodo\/exodo-33\/\">\u00caxodo 33 &#8211; Deus promete a Sua presen\u00e7a<\/a><\/li><li class=\"wp-block-pages-list__item\"><a class=\"wp-block-pages-list__item__link\" href=\"https:\/\/bibliapresente.com\/postagens\/livros-da-biblia\/exodo\/exodo-34\/\">\u00caxodo 34 &#8211; A Renova\u00e7\u00e3o da Alian\u00e7a<\/a><\/li><li class=\"wp-block-pages-list__item\"><a class=\"wp-block-pages-list__item__link\" href=\"https:\/\/bibliapresente.com\/postagens\/livros-da-biblia\/exodo\/exodo-35\/\">\u00caxodo 35 &#8211; A Oferta do Povo<\/a><\/li><li class=\"wp-block-pages-list__item\"><a class=\"wp-block-pages-list__item__link\" href=\"https:\/\/bibliapresente.com\/postagens\/livros-da-biblia\/exodo\/exodo-36\/\">\u00caxodo 36 &#8211; A Constru\u00e7\u00e3o do Tabern\u00e1culo<\/a><\/li><li class=\"wp-block-pages-list__item\"><a class=\"wp-block-pages-list__item__link\" href=\"https:\/\/bibliapresente.com\/postagens\/livros-da-biblia\/exodo\/exodo-37\/\">\u00caxodo 37 &#8211; A Arca, a Mesa e o Candelabro<\/a><\/li><li class=\"wp-block-pages-list__item\"><a class=\"wp-block-pages-list__item__link\" href=\"https:\/\/bibliapresente.com\/postagens\/livros-da-biblia\/exodo\/exodo-38\/\">\u00caxodo 38 &#8211; O Altar de Bronze<\/a><\/li><li class=\"wp-block-pages-list__item\"><a class=\"wp-block-pages-list__item__link\" href=\"https:\/\/bibliapresente.com\/postagens\/livros-da-biblia\/exodo\/exodo-39\/\">\u00caxodo 39 &#8211; A Confec\u00e7\u00e3o das Vestes<\/a><\/li><li class=\"wp-block-pages-list__item\"><a class=\"wp-block-pages-list__item__link\" href=\"https:\/\/bibliapresente.com\/postagens\/livros-da-biblia\/exodo\/exodo-40\/\">\u00caxodo 40 &#8211; A Consagra\u00e7\u00e3o do Tabern\u00e1culo<\/a><\/li><\/ul>\n\n\n<p><\/p>\n","protected":false},"excerpt":{"rendered":"<p>Deus manda o povo levar ofertas ao tabern\u00e1culo 1 E o SENHOR falou a Mois\u00e9s, dizendo: 2 Dize aos filhos de Israel que tomem para mim oferta: de todo homem que a der de sua vontade, de cora\u00e7\u00e3o, tomareis minha oferta. 3 E esta \u00e9 a oferta que tomareis deles: Ouro, e prata, e bronze, &hellip; <\/p>\n","protected":false},"author":2,"featured_media":583,"parent":581,"menu_order":25,"comment_status":"closed","ping_status":"closed","template":"","meta":{"om_disable_all_campaigns":false,"_monsterinsights_skip_tracking":false,"_monsterinsights_sitenote_active":false,"_monsterinsights_sitenote_note":"","_monsterinsights_sitenote_category":0,"footnotes":""},"class_list":["post-637","page","type-page","status-publish","has-post-thumbnail","hentry"],"aioseo_notices":[],"_links":{"self":[{"href":"https:\/\/bibliapresente.com\/postagens\/wp-json\/wp\/v2\/pages\/637","targetHints":{"allow":["GET"]}}],"collection":[{"href":"https:\/\/bibliapresente.com\/postagens\/wp-json\/wp\/v2\/pages"}],"about":[{"href":"https:\/\/bibliapresente.com\/postagens\/wp-json\/wp\/v2\/types\/page"}],"author":[{"embeddable":true,"href":"https:\/\/bibliapresente.com\/postagens\/wp-json\/wp\/v2\/users\/2"}],"replies":[{"embeddable":true,"href":"https:\/\/bibliapresente.com\/postagens\/wp-json\/wp\/v2\/comments?post=637"}],"version-history":[{"count":5,"href":"https:\/\/bibliapresente.com\/postagens\/wp-json\/wp\/v2\/pages\/637\/revisions"}],"predecessor-version":[{"id":1183,"href":"https:\/\/bibliapresente.com\/postagens\/wp-json\/wp\/v2\/pages\/637\/revisions\/1183"}],"up":[{"embeddable":true,"href":"https:\/\/bibliapresente.com\/postagens\/wp-json\/wp\/v2\/pages\/581"}],"wp:featuredmedia":[{"embeddable":true,"href":"https:\/\/bibliapresente.com\/postagens\/wp-json\/wp\/v2\/media\/583"}],"wp:attachment":[{"href":"https:\/\/bibliapresente.com\/postagens\/wp-json\/wp\/v2\/media?parent=637"}],"curies":[{"name":"wp","href":"https:\/\/api.w.org\/{rel}","templated":true}]}}