{"id":632,"date":"2025-01-28T17:19:53","date_gmt":"2025-01-28T20:19:53","guid":{"rendered":"https:\/\/bibliapresente.com\/postagens\/?page_id=632"},"modified":"2025-01-28T17:19:54","modified_gmt":"2025-01-28T20:19:54","slug":"exodo-23","status":"publish","type":"page","link":"https:\/\/bibliapresente.com\/postagens\/livros-da-biblia\/exodo\/exodo-23\/","title":{"rendered":"\u00caxodo 23 &#8211; Leis de Justi\u00e7a e Festividades"},"content":{"rendered":"\n<h3 class=\"wp-block-heading\">Falso  testemunho e injusti\u00e7a<\/h3>\n\n\n\n<p><span><span><sup><b>1<\/b><\/sup><\/span> N\u00e3o admitir\u00e1s falso rumor. N\u00e3o ser\u00e1s c\u00famplice com o \u00edmpio para ser falsa testemunha. <br><span><sup><b>2<\/b><\/sup><\/span> N\u00e3o seguir\u00e1s aos muitos para mal fazer; nem responder\u00e1s em litigio inclinando-te \u00e0 maioria para fazer injusti\u00e7as; <br><span><sup><b>3<\/b><\/sup><\/span> nem ao pobre privilegiar\u00e1s em sua causa. <br><span><sup><b>4<\/b><\/sup><\/span> Se encontrares o boi de teu inimigo ou seu asno extraviado, traze-o de volta. <br><span><sup><b>5<\/b><\/sup><\/span> Se vires o asno do que te aborrece ca\u00eddo debaixo de sua carga, lhe deixar\u00e1s ent\u00e3o desamparado? Sem falta ajudar\u00e1s com ele a levant\u00e1-lo. <br><span><sup><b>6<\/b><\/sup><\/span> N\u00e3o perverter\u00e1s o direito de teu pobre em seu pleito. <br><span><sup><b>7<\/b><\/sup><\/span> De palavra de mentira te afastar\u00e1s, e n\u00e3o matar\u00e1s ao inocente e justo; porque eu n\u00e3o justificarei ao \u00edmpio. <br><span><sup><b>8<\/b><\/sup><\/span> N\u00e3o receber\u00e1s suborno; porque o suborno cega aos que veem, e perverte as palavras justas. <br><span><sup><b>9<\/b><\/sup><\/span> E n\u00e3o angustiar\u00e1s ao estrangeiro: pois v\u00f3s sabeis como se acha a alma do estrangeiro, j\u00e1 que estrangeiros fostes na terra do Egito. <\/span><\/p>\n\n\n\n<h3 class=\"wp-block-heading\">O ano de descanso e o s\u00e1bado<\/h3>\n\n\n\n<p><span><span><sup><b>10<\/b><\/sup><\/span> Seis anos semear\u00e1s tua terra, e recolher\u00e1s sua colheita: <br><span><sup><b>11<\/b><\/sup><\/span> Mas no s\u00e9timo a deixar\u00e1s vazia e liberar\u00e1s, para que comam os pobres de teu povo; e do que restar comer\u00e3o os animais do campo; assim far\u00e1s de tua vinha e de teu olival. <br><span><sup><b>12<\/b><\/sup><\/span> Seis dias far\u00e1s teus neg\u00f3cios, e ao s\u00e9timo dia folgar\u00e1s, a fim que descanse teu boi e teu asno, e tome refrig\u00e9rio o filho de tua serva, e o estrangeiro. <br><span><sup><b>13<\/b><\/sup><\/span> E em tudo o que vos disse sereis avisados. E nome de outros deuses n\u00e3o mencionareis, nem se ouvir\u00e1 de vossa boca. <\/span><\/p>\n\n\n\n<h3 class=\"wp-block-heading\">As tr\u00eas festas<\/h3>\n\n\n\n<p><span><span><sup><b>14<\/b><\/sup><\/span> Tr\u00eas vezes no ano me celebrareis festa. <br><span><sup><b>15<\/b><\/sup><\/span> A festa dos p\u00e3es \u00e1zimos guardar\u00e1s: Sete dias comer\u00e1s os p\u00e3es sem levedura, como eu te mandei, no tempo do m\u00eas de Abibe; porque nele sa\u00edste do Egito: e ningu\u00e9m comparecer\u00e1 vazio diante de mim: <br><span><sup><b>16<\/b><\/sup><\/span> Tamb\u00e9m a festa da colheita, os primeiros frutos de teus trabalhos que houveres semeado no campo; e a festa da colheita \u00e0 sa\u00edda do ano, quando haver\u00e1s recolhido teus trabalhos do campo. <br><span><sup><b>17<\/b><\/sup><\/span> Tr\u00eas vezes no ano comparecer\u00e1 todo homem teu diante do Senhor DEUS. <br><span><sup><b>18<\/b><\/sup><\/span> N\u00e3o oferecer\u00e1s com p\u00e3o levedado o sangue de meu sacrif\u00edcio, nem a gordura de meu animal sacrificado ficar\u00e1 da noite at\u00e9 a manh\u00e3. <br><span><sup><b>19<\/b><\/sup><\/span> As prim\u00edcias dos primeiros frutos de tua terra trar\u00e1s \u00e0 casa do SENHOR teu Deus. N\u00e3o cozer\u00e1s o cabrito com o leite de sua m\u00e3e. <\/span><\/p>\n\n\n\n<h3 class=\"wp-block-heading\">Deus promete enviar um anjo<\/h3>\n\n\n\n<p><span><span><sup><b>20<\/b><\/sup><\/span> Eis que eu envio o anjo diante de ti para que te guarde no caminho, e te introduza no lugar que eu preparei. <br><span><sup><b>21<\/b><\/sup><\/span> Guarda-te diante dele, e ouve sua voz; n\u00e3o lhe sejas rebelde; porque ele n\u00e3o perdoar\u00e1 vossa rebeli\u00e3o: porque meu nome est\u00e1 nele. <br><span><sup><b>22<\/b><\/sup><\/span> Por\u00e9m se em verdade ouvires sua voz, e fizeres tudo o que eu te disser, serei inimigo a teus inimigos, e afligirei aos que te afligirem. <br><span><sup><b>23<\/b><\/sup><\/span> Porque meu anjo ir\u00e1 adiante de ti, e te introduzir\u00e1 aos amorreus, e aos heteus, e aos perizeus, e aos cananeus, e aos heveus, e aos jebuseus, aos quais eu farei destruir. <br><span><sup><b>24<\/b><\/sup><\/span> N\u00e3o te inclinar\u00e1s a seus deuses, nem os servir\u00e1s, nem far\u00e1s como eles fazem; antes os destruir\u00e1s por completo, e quebrar\u00e1s inteiramente suas est\u00e1tuas. <br><span><sup><b>25<\/b><\/sup><\/span> Mas ao SENHOR vosso Deus servireis, e ele aben\u00e7oar\u00e1 teu p\u00e3o e tuas \u00e1guas; e eu tirarei toda enfermidade do meio de ti. <br><span><sup><b>26<\/b><\/sup><\/span> N\u00e3o haver\u00e1 mulher que aborte, nem est\u00e9ril em tua terra; e eu cumprirei o n\u00famero de teus dias. <br><span><sup><b>27<\/b><\/sup><\/span> Eu enviarei meu terror diante de ti, e abaterei a todo povo onde tu entrares, e te darei o pesco\u00e7o de todos os teus inimigos. <br><span><sup><b>28<\/b><\/sup><\/span> Eu enviarei a vespa diante de ti, que lance fora aos heveus, e aos cananeus, e aos heteus, de diante de ti: <br><span><sup><b>29<\/b><\/sup><\/span> N\u00e3o os expulsarei de diante de ti em ano, para que n\u00e3o fique a terra deserta, e se aumentem contra ti as feras do campo. <br><span><sup><b>30<\/b><\/sup><\/span> Pouco a pouco os expulsarei de diante de ti, at\u00e9 que te multipliques e tomes a terra por heran\u00e7a. <br><span><sup><b>31<\/b><\/sup><\/span> E eu porei teu termo desde o mar Vermelho at\u00e9 o mar de fil\u00edstia, e desde o deserto at\u00e9 o rio: porque porei em vossas m\u00e3os os moradores da terra, e tu os expulsar\u00e1s de diante de ti. <br><span><sup><b>32<\/b><\/sup><\/span> N\u00e3o far\u00e1s alian\u00e7a com eles, nem com seus deuses. <br><span><sup><b>33<\/b><\/sup><\/span> Em tua terra n\u00e3o habitar\u00e3o, n\u00e3o seja que te fa\u00e7am pecar contra mim servindo a seus deuses: porque te ser\u00e1 de trope\u00e7o.<\/span><\/p>\n\n\n\n<div class=\"wp-block-columns is-layout-flex wp-container-core-columns-is-layout-9d6595d7 wp-block-columns-is-layout-flex\">\n<div class=\"wp-block-column is-layout-flow wp-block-column-is-layout-flow\">\n<p><a href=\"\/exodo-22\">\u00caxodo 22<\/a> <\/p>\n<\/div>\n\n\n\n<div class=\"wp-block-column is-layout-flow wp-block-column-is-layout-flow\">\n<p class=\"has-text-align-right\"><a href=\"\/exodo-24\">\u00caxodo 24<\/a><\/p>\n<\/div>\n<\/div>\n\n\n\n<h2 class=\"wp-block-heading\">Descri\u00e7\u00e3o &#8211; \u00caxodo 23<\/h2>\n\n\n\n<p class=\"has-medium-font-size\">\u00caxodo 23 conclui as leis da alian\u00e7a com orienta\u00e7\u00f5es sobre justi\u00e7a, compaix\u00e3o e santidade. O cap\u00edtulo pro\u00edbe falsos testemunhos, corrup\u00e7\u00e3o e tratamento injusto aos necessitados. Tamb\u00e9m regula o descanso sab\u00e1tico e as festas anuais, como P\u00e1scoa, Prim\u00edcias e Tabern\u00e1culos, destacando a dedica\u00e7\u00e3o a Deus. Al\u00e9m disso, Deus promete enviar um anjo para guiar os israelitas \u00e0 Terra Prometida, garantindo prote\u00e7\u00e3o e vit\u00f3ria sobre os inimigos, desde que obede\u00e7am \u00e0s Suas ordens. Este cap\u00edtulo refor\u00e7a a \u00e9tica divina na vida comunit\u00e1ria e estabelece a rela\u00e7\u00e3o entre obedi\u00eancia e b\u00ean\u00e7\u00e3os, preparando Israel para ser uma na\u00e7\u00e3o santa e pr\u00f3spera sob a alian\u00e7a.<\/p>\n\n\n\n<h3 class=\"wp-block-heading\">Livro do \u00caxodo:<\/h3>\n\n\n<ul class=\"wp-block-page-list\"><li class=\"wp-block-pages-list__item\"><a class=\"wp-block-pages-list__item__link\" href=\"https:\/\/bibliapresente.com\/postagens\/livros-da-biblia\/exodo\/exodo-1\/\">\u00caxodo 1 &#8211; O Nascimento de Mois\u00e9s<\/a><\/li><li class=\"wp-block-pages-list__item\"><a class=\"wp-block-pages-list__item__link\" href=\"https:\/\/bibliapresente.com\/postagens\/livros-da-biblia\/exodo\/exodo-2\/\">\u00caxodo 2 &#8211; Mois\u00e9s no Pal\u00e1cio do Fara\u00f3<\/a><\/li><li class=\"wp-block-pages-list__item\"><a class=\"wp-block-pages-list__item__link\" href=\"https:\/\/bibliapresente.com\/postagens\/livros-da-biblia\/exodo\/exodo-3\/\">\u00caxodo 3 &#8211; O Chamado de Mois\u00e9s<\/a><\/li><li class=\"wp-block-pages-list__item\"><a class=\"wp-block-pages-list__item__link\" href=\"https:\/\/bibliapresente.com\/postagens\/livros-da-biblia\/exodo\/exodo-4\/\">\u00caxodo 4 &#8211; Deus D\u00e1 Sinais a Mois\u00e9s<\/a><\/li><li class=\"wp-block-pages-list__item\"><a class=\"wp-block-pages-list__item__link\" href=\"https:\/\/bibliapresente.com\/postagens\/livros-da-biblia\/exodo\/exodo-5\/\">\u00caxodo 5 &#8211; Mois\u00e9s e Ar\u00e3o Conrontam Fara\u00f3<\/a><\/li><li class=\"wp-block-pages-list__item\"><a class=\"wp-block-pages-list__item__link\" href=\"https:\/\/bibliapresente.com\/postagens\/livros-da-biblia\/exodo\/exodo-6\/\">\u00caxodo 6 &#8211; Deus promete livramento<\/a><\/li><li class=\"wp-block-pages-list__item\"><a class=\"wp-block-pages-list__item__link\" href=\"https:\/\/bibliapresente.com\/postagens\/livros-da-biblia\/exodo\/exodo-7\/\">\u00caxodo 7 &#8211; A Primeira Praga: Sangue<\/a><\/li><li class=\"wp-block-pages-list__item\"><a class=\"wp-block-pages-list__item__link\" href=\"https:\/\/bibliapresente.com\/postagens\/livros-da-biblia\/exodo\/exodo-8\/\">\u00caxodo 8 &#8211; Pragas: R\u00e3s, Piolhos e Moscas<\/a><\/li><li class=\"wp-block-pages-list__item\"><a class=\"wp-block-pages-list__item__link\" href=\"https:\/\/bibliapresente.com\/postagens\/livros-da-biblia\/exodo\/exodo-9\/\">\u00caxodo 9 &#8211; Pragas: Peste, \u00dalceras, Granizo<\/a><\/li><li class=\"wp-block-pages-list__item\"><a class=\"wp-block-pages-list__item__link\" href=\"https:\/\/bibliapresente.com\/postagens\/livros-da-biblia\/exodo\/exodo-10\/\">\u00caxodo 10 &#8211; Pragas: Gafanhotos e Trevas<\/a><\/li><li class=\"wp-block-pages-list__item\"><a class=\"wp-block-pages-list__item__link\" href=\"https:\/\/bibliapresente.com\/postagens\/livros-da-biblia\/exodo\/exodo-11\/\">\u00caxodo 11 &#8211; Deus anuncia a \u00faltima praga<\/a><\/li><li class=\"wp-block-pages-list__item\"><a class=\"wp-block-pages-list__item__link\" href=\"https:\/\/bibliapresente.com\/postagens\/livros-da-biblia\/exodo\/exodo-12\/\">\u00caxodo 12 &#8211; A P\u00e1scoa e a Liberta\u00e7\u00e3o<\/a><\/li><li class=\"wp-block-pages-list__item\"><a class=\"wp-block-pages-list__item__link\" href=\"https:\/\/bibliapresente.com\/postagens\/livros-da-biblia\/exodo\/exodo-13\/\">\u00caxodo 13 &#8211; A Consagra\u00e7\u00e3o dos Primog\u00eanitos<\/a><\/li><li class=\"wp-block-pages-list__item\"><a class=\"wp-block-pages-list__item__link\" href=\"https:\/\/bibliapresente.com\/postagens\/livros-da-biblia\/exodo\/exodo-14\/\">\u00caxodo 14 &#8211; A Travessia do Mar Vermelho<\/a><\/li><li class=\"wp-block-pages-list__item\"><a class=\"wp-block-pages-list__item__link\" href=\"https:\/\/bibliapresente.com\/postagens\/livros-da-biblia\/exodo\/exodo-15\/\">\u00caxodo 15 &#8211; O C\u00e2ntico de Mois\u00e9s<\/a><\/li><li class=\"wp-block-pages-list__item\"><a class=\"wp-block-pages-list__item__link\" href=\"https:\/\/bibliapresente.com\/postagens\/livros-da-biblia\/exodo\/exodo-16\/\">\u00caxodo 16 &#8211; O Man\u00e1 no Deserto<\/a><\/li><li class=\"wp-block-pages-list__item\"><a class=\"wp-block-pages-list__item__link\" href=\"https:\/\/bibliapresente.com\/postagens\/livros-da-biblia\/exodo\/exodo-17\/\">\u00caxodo 17 &#8211; \u00c1gua Brotando da Rocha<\/a><\/li><li class=\"wp-block-pages-list__item\"><a class=\"wp-block-pages-list__item__link\" href=\"https:\/\/bibliapresente.com\/postagens\/livros-da-biblia\/exodo\/exodo-18\/\">\u00caxodo 18 &#8211; Os Conselhos de Jetro<\/a><\/li><li class=\"wp-block-pages-list__item\"><a class=\"wp-block-pages-list__item__link\" href=\"https:\/\/bibliapresente.com\/postagens\/livros-da-biblia\/exodo\/exodo-19\/\">\u00caxodo 19 &#8211; A Chegada ao Monte Sinai<\/a><\/li><li class=\"wp-block-pages-list__item\"><a class=\"wp-block-pages-list__item__link\" href=\"https:\/\/bibliapresente.com\/postagens\/livros-da-biblia\/exodo\/exodo-20\/\">\u00caxodo 20 &#8211; Os Dez Mandamentos<\/a><\/li><li class=\"wp-block-pages-list__item\"><a class=\"wp-block-pages-list__item__link\" href=\"https:\/\/bibliapresente.com\/postagens\/livros-da-biblia\/exodo\/exodo-21\/\">\u00caxodo 21 &#8211; Leis Sobre Justi\u00e7a Social<\/a><\/li><li class=\"wp-block-pages-list__item\"><a class=\"wp-block-pages-list__item__link\" href=\"https:\/\/bibliapresente.com\/postagens\/livros-da-biblia\/exodo\/exodo-22\/\">\u00caxodo 22 &#8211; Leis Sobre Danos e Repara\u00e7\u00e3o<\/a><\/li><li class=\"wp-block-pages-list__item\"><a class=\"wp-block-pages-list__item__link\" href=\"https:\/\/bibliapresente.com\/postagens\/livros-da-biblia\/exodo\/exodo-23\/\">\u00caxodo 23 &#8211; Leis de Justi\u00e7a e Festividades<\/a><\/li><li class=\"wp-block-pages-list__item\"><a class=\"wp-block-pages-list__item__link\" href=\"https:\/\/bibliapresente.com\/postagens\/livros-da-biblia\/exodo\/exodo-24\/\">\u00caxodo 24 &#8211; A Confirma\u00e7\u00e3o da Alian\u00e7a<\/a><\/li><li class=\"wp-block-pages-list__item\"><a class=\"wp-block-pages-list__item__link\" href=\"https:\/\/bibliapresente.com\/postagens\/livros-da-biblia\/exodo\/exodo-25\/\">\u00caxodo 25 &#8211; Arca da Alian\u00e7a e Tabern\u00e1culo<\/a><\/li><li class=\"wp-block-pages-list__item\"><a class=\"wp-block-pages-list__item__link\" href=\"https:\/\/bibliapresente.com\/postagens\/livros-da-biblia\/exodo\/exodo-26\/\">\u00caxodo 26 &#8211; Construindo o Tabern\u00e1culo<\/a><\/li><li class=\"wp-block-pages-list__item\"><a class=\"wp-block-pages-list__item__link\" href=\"https:\/\/bibliapresente.com\/postagens\/livros-da-biblia\/exodo\/exodo-27\/\">\u00caxodo 27 &#8211; O Altar de Bronze<\/a><\/li><li class=\"wp-block-pages-list__item\"><a class=\"wp-block-pages-list__item__link\" href=\"https:\/\/bibliapresente.com\/postagens\/livros-da-biblia\/exodo\/exodo-28\/\">\u00caxodo 28 &#8211; O Vestu\u00e1rio dos Sacerdotes<\/a><\/li><li class=\"wp-block-pages-list__item\"><a class=\"wp-block-pages-list__item__link\" href=\"https:\/\/bibliapresente.com\/postagens\/livros-da-biblia\/exodo\/exodo-29\/\">\u00caxodo 29 &#8211; Consagra\u00e7\u00e3o de Ar\u00e3o<\/a><\/li><li class=\"wp-block-pages-list__item\"><a class=\"wp-block-pages-list__item__link\" href=\"https:\/\/bibliapresente.com\/postagens\/livros-da-biblia\/exodo\/exodo-30\/\">\u00caxodo 30 &#8211; O Altar do Incenso<\/a><\/li><li class=\"wp-block-pages-list__item\"><a class=\"wp-block-pages-list__item__link\" href=\"https:\/\/bibliapresente.com\/postagens\/livros-da-biblia\/exodo\/exodo-31\/\">\u00caxodo 31 &#8211; O S\u00e1bado<\/a><\/li><li class=\"wp-block-pages-list__item\"><a class=\"wp-block-pages-list__item__link\" href=\"https:\/\/bibliapresente.com\/postagens\/livros-da-biblia\/exodo\/exodo-32\/\">\u00caxodo 32 &#8211; O Bezerro de Ouro<\/a><\/li><li class=\"wp-block-pages-list__item\"><a class=\"wp-block-pages-list__item__link\" href=\"https:\/\/bibliapresente.com\/postagens\/livros-da-biblia\/exodo\/exodo-33\/\">\u00caxodo 33 &#8211; Deus promete a Sua presen\u00e7a<\/a><\/li><li class=\"wp-block-pages-list__item\"><a class=\"wp-block-pages-list__item__link\" href=\"https:\/\/bibliapresente.com\/postagens\/livros-da-biblia\/exodo\/exodo-34\/\">\u00caxodo 34 &#8211; A Renova\u00e7\u00e3o da Alian\u00e7a<\/a><\/li><li class=\"wp-block-pages-list__item\"><a class=\"wp-block-pages-list__item__link\" href=\"https:\/\/bibliapresente.com\/postagens\/livros-da-biblia\/exodo\/exodo-35\/\">\u00caxodo 35 &#8211; A Oferta do Povo<\/a><\/li><li class=\"wp-block-pages-list__item\"><a class=\"wp-block-pages-list__item__link\" href=\"https:\/\/bibliapresente.com\/postagens\/livros-da-biblia\/exodo\/exodo-36\/\">\u00caxodo 36 &#8211; A Constru\u00e7\u00e3o do Tabern\u00e1culo<\/a><\/li><li class=\"wp-block-pages-list__item\"><a class=\"wp-block-pages-list__item__link\" href=\"https:\/\/bibliapresente.com\/postagens\/livros-da-biblia\/exodo\/exodo-37\/\">\u00caxodo 37 &#8211; A Arca, a Mesa e o Candelabro<\/a><\/li><li class=\"wp-block-pages-list__item\"><a class=\"wp-block-pages-list__item__link\" href=\"https:\/\/bibliapresente.com\/postagens\/livros-da-biblia\/exodo\/exodo-38\/\">\u00caxodo 38 &#8211; O Altar de Bronze<\/a><\/li><li class=\"wp-block-pages-list__item\"><a class=\"wp-block-pages-list__item__link\" href=\"https:\/\/bibliapresente.com\/postagens\/livros-da-biblia\/exodo\/exodo-39\/\">\u00caxodo 39 &#8211; A Confec\u00e7\u00e3o das Vestes<\/a><\/li><li class=\"wp-block-pages-list__item\"><a class=\"wp-block-pages-list__item__link\" href=\"https:\/\/bibliapresente.com\/postagens\/livros-da-biblia\/exodo\/exodo-40\/\">\u00caxodo 40 &#8211; A Consagra\u00e7\u00e3o do Tabern\u00e1culo<\/a><\/li><\/ul>\n\n\n<p><\/p>\n","protected":false},"excerpt":{"rendered":"<p>Falso testemunho e injusti\u00e7a 1 N\u00e3o admitir\u00e1s falso rumor. N\u00e3o ser\u00e1s c\u00famplice com o \u00edmpio para ser falsa testemunha. 2 N\u00e3o seguir\u00e1s aos muitos para mal fazer; nem responder\u00e1s em litigio inclinando-te \u00e0 maioria para fazer injusti\u00e7as; 3 nem ao pobre privilegiar\u00e1s em sua causa. 4 Se encontrares o boi de teu inimigo ou seu &hellip; <\/p>\n","protected":false},"author":2,"featured_media":583,"parent":581,"menu_order":23,"comment_status":"closed","ping_status":"closed","template":"","meta":{"om_disable_all_campaigns":false,"_monsterinsights_skip_tracking":false,"_monsterinsights_sitenote_active":false,"_monsterinsights_sitenote_note":"","_monsterinsights_sitenote_category":0,"footnotes":""},"class_list":["post-632","page","type-page","status-publish","has-post-thumbnail","hentry"],"aioseo_notices":[],"_links":{"self":[{"href":"https:\/\/bibliapresente.com\/postagens\/wp-json\/wp\/v2\/pages\/632","targetHints":{"allow":["GET"]}}],"collection":[{"href":"https:\/\/bibliapresente.com\/postagens\/wp-json\/wp\/v2\/pages"}],"about":[{"href":"https:\/\/bibliapresente.com\/postagens\/wp-json\/wp\/v2\/types\/page"}],"author":[{"embeddable":true,"href":"https:\/\/bibliapresente.com\/postagens\/wp-json\/wp\/v2\/users\/2"}],"replies":[{"embeddable":true,"href":"https:\/\/bibliapresente.com\/postagens\/wp-json\/wp\/v2\/comments?post=632"}],"version-history":[{"count":6,"href":"https:\/\/bibliapresente.com\/postagens\/wp-json\/wp\/v2\/pages\/632\/revisions"}],"predecessor-version":[{"id":1181,"href":"https:\/\/bibliapresente.com\/postagens\/wp-json\/wp\/v2\/pages\/632\/revisions\/1181"}],"up":[{"embeddable":true,"href":"https:\/\/bibliapresente.com\/postagens\/wp-json\/wp\/v2\/pages\/581"}],"wp:featuredmedia":[{"embeddable":true,"href":"https:\/\/bibliapresente.com\/postagens\/wp-json\/wp\/v2\/media\/583"}],"wp:attachment":[{"href":"https:\/\/bibliapresente.com\/postagens\/wp-json\/wp\/v2\/media?parent=632"}],"curies":[{"name":"wp","href":"https:\/\/api.w.org\/{rel}","templated":true}]}}