{"id":630,"date":"2025-01-28T17:16:12","date_gmt":"2025-01-28T20:16:12","guid":{"rendered":"https:\/\/bibliapresente.com\/postagens\/?page_id=630"},"modified":"2025-01-28T17:16:13","modified_gmt":"2025-01-28T20:16:13","slug":"exodo-22","status":"publish","type":"page","link":"https:\/\/bibliapresente.com\/postagens\/livros-da-biblia\/exodo\/exodo-22\/","title":{"rendered":"\u00caxodo 22 &#8211; Leis Sobre Danos e Repara\u00e7\u00e3o"},"content":{"rendered":"\n<h3 class=\"wp-block-heading\">As leis acerca da propriedade<\/h3>\n\n\n\n<p><span><span><sup><b>1<\/b><\/sup><\/span> Quando algu\u00e9m furtar boi ou ovelha, e lhe degolar ou vender, por aquele boi pagar\u00e1 cinco bois, e por aquela ovelha quatro ovelhas. <br><span><sup><b>2<\/b><\/sup><\/span> Se o ladr\u00e3o for achado arrombando uma casa, e for ferido e morrer, o que lhe feriu n\u00e3o ser\u00e1 culpado de sua morte. <br><span><sup><b>3<\/b><\/sup><\/span> Se o sol houver sobre ele sa\u00eddo, o matador ser\u00e1 r\u00e9u de homic\u00eddio: o ladr\u00e3o haver\u00e1 de restituir completamente; se n\u00e3o tiver, ser\u00e1 vendido por seu furto. <br><span><sup><b>4<\/b><\/sup><\/span> Se for achado com o furto na m\u00e3o, seja boi ou asno ou ovelha vivos, pagar\u00e1 o dobro. <br><span><sup><b>5<\/b><\/sup><\/span> Se algu\u00e9m fizer pastar campo ou vinha, e meter seu animal, e comer a terra de outro, do melhor de sua terra e do melhor de sua vinha pagar\u00e1. <br><span><sup><b>6<\/b><\/sup><\/span> Quando irromper um fogo, e achar espinhos, e for queimado amontoado, ou planta\u00e7\u00e3o, ou campo, o que acendeu o fogo pagar\u00e1 o queimado. <br><span><sup><b>7<\/b><\/sup><\/span> Quando algu\u00e9m der a seu pr\u00f3ximo prata ou joias a guardar, e for furtado da casa daquele homem, se o ladr\u00e3o se achar, pagar\u00e1 o dobro. <br><span><sup><b>8<\/b><\/sup><\/span> Se o ladr\u00e3o n\u00e3o se achar, ent\u00e3o o dono da casa ser\u00e1 apresentado aos ju\u00edzes, para ver se p\u00f4s sua m\u00e3o na riqueza de seu pr\u00f3ximo. <br><span><sup><b>9<\/b><\/sup><\/span> Sobre todo neg\u00f3cio de fraude, sobre boi, sobre asno, sobre ovelha, sobre roupa, sobre toda coisa perdida. Quando um disser: Isto \u00e9 meu, a causa de ambos vir\u00e1 diante dos ju\u00edzes. E o que os ju\u00edzes condenarem, pagar\u00e1 o dobro a seu pr\u00f3ximo. <br><span><sup><b>10<\/b><\/sup><\/span> Se algu\u00e9m houver dado a seu pr\u00f3ximo asno, ou boi, ou ovelha, ou qualquer outro animal a guardar, e se morrer ou se for aleijado, ou for levado sem v\u00ea-lo ningu\u00e9m; <br><span><sup><b>11<\/b><\/sup><\/span> Juramento do SENHOR ter\u00e1 lugar entre ambos de que n\u00e3o lan\u00e7ou sua m\u00e3o \u00e0 riqueza de seu pr\u00f3ximo: e seu dono o aceitar\u00e1, e o outro n\u00e3o pagar\u00e1. <br><span><sup><b>12<\/b><\/sup><\/span> Mas se lhe houver sido furtado, ressarcir\u00e1 a seu dono. <br><span><sup><b>13<\/b><\/sup><\/span> E se lhe houver sido arrebatado por fera, trar\u00e1 a ele testemunho, e n\u00e3o pagar\u00e1 o arrebatado. <br><span><sup><b>14<\/b><\/sup><\/span> Por\u00e9m se algu\u00e9m houver tomado emprestado animal de seu pr\u00f3ximo, e for ferido ou morto, ausente seu dono, dever\u00e1 pag\u00e1-lo. <br><span><sup><b>15<\/b><\/sup><\/span> Se o dono estava presente, n\u00e3o o pagar\u00e1. Se era alugado, ele vir\u00e1 por seu aluguel. <\/span><\/p>\n\n\n\n<h3 class=\"wp-block-heading\">As leis acerca da imoralidade e idolatria<\/h3>\n\n\n\n<p><span><span><sup><b>16<\/b><\/sup><\/span> E se algu\u00e9m enganar a alguma virgem que n\u00e3o for desposada, e dormir com ela, dever\u00e1 pagar o dote por ela e tom\u00e1-la por mulher. <br><span><sup><b>17<\/b><\/sup><\/span> Se seu pai n\u00e3o quiser d\u00e1-la a ele, ele lhe pesar\u00e1 prata conforme o dote das virgens. <br><span><sup><b>18<\/b><\/sup><\/span> \u00c0 feiticeira n\u00e3o deixar\u00e1s que viva. <br><span><sup><b>19<\/b><\/sup><\/span> Qualquer um que tiver ajuntamento com animal, morrer\u00e1. <br><span><sup><b>20<\/b><\/sup><\/span> O que sacrificar a deuses, exceto a somente o SENHOR, ser\u00e1 morto. <br><span><sup><b>21<\/b><\/sup><\/span> E ao estrangeiro n\u00e3o enganar\u00e1s, nem angustiar\u00e1s, porque estrangeiros fostes v\u00f3s na terra do Egito. <br><span><sup><b>22<\/b><\/sup><\/span> A nenhuma vi\u00fava nem \u00f3rf\u00e3o afligireis. <br><span><sup><b>23<\/b><\/sup><\/span> Que se tu chegas a afligir-lhe, e ele a mim clamar, certamente ouvirei eu seu clamor; <br><span><sup><b>24<\/b><\/sup><\/span> E meu furor se acender\u00e1, e vos matarei a espada, e vossas mulheres ser\u00e3o vi\u00favas, e \u00f3rf\u00e3os vossos filhos. <br><span><sup><b>25<\/b><\/sup><\/span> Se deres a meu povo dinheiro emprestado, ao pobre que est\u00e1 contigo, n\u00e3o te portar\u00e1s com ele como agiota. Nem lhe impor\u00e1s juros. <br><span><sup><b>26<\/b><\/sup><\/span> Se tomares em penhor a roupa de teu pr\u00f3ximo, a p\u00f4r do sol o devolver\u00e1s a ele: <br><span><sup><b>27<\/b><\/sup><\/span> Porque somente aquilo \u00e9 sua coberta, \u00e9 aquela a roupa para cobrir suas carnes, no que h\u00e1 de dormir: e ser\u00e1 que quando ele a mim clamar, eu ent\u00e3o lhe ouvirei, porque sou misericordioso. <br><span><sup><b>28<\/b><\/sup><\/span> N\u00e3o insultar\u00e1s aos ju\u00edzes, nem amaldi\u00e7oar\u00e1s ao pr\u00edncipe de teu povo. <br><span><sup><b>29<\/b><\/sup><\/span> N\u00e3o adiar\u00e1s as prim\u00edcias de tua colheita, nem de teu licor, me dar\u00e1s o primog\u00eanito de teus filhos. <br><span><sup><b>30<\/b><\/sup><\/span> Assim far\u00e1s com o de teu boi e de tua ovelha: sete dias estar\u00e1 com sua m\u00e3e, e ao oitavo dia me o dar\u00e1s. <br><span><sup><b>31<\/b><\/sup><\/span> E haveis de ser para mim homens santos: e n\u00e3o comereis carne arrebatada das feras no campo; aos c\u00e3es a lan\u00e7areis.<\/span><\/p>\n\n\n\n<div class=\"wp-block-columns is-layout-flex wp-container-core-columns-is-layout-9d6595d7 wp-block-columns-is-layout-flex\">\n<div class=\"wp-block-column is-layout-flow wp-block-column-is-layout-flow\">\n<p><a href=\"\/exodo-21\">\u00caxodo 21<\/a><\/p>\n<\/div>\n\n\n\n<div class=\"wp-block-column is-layout-flow wp-block-column-is-layout-flow\">\n<p class=\"has-text-align-right\"><a href=\"\/exodo-23\">\u00caxodo 23<\/a><\/p>\n<\/div>\n<\/div>\n\n\n\n<h2 class=\"wp-block-heading\">Descri\u00e7\u00e3o &#8211; \u00caxodo 22<\/h2>\n\n\n\n<p class=\"has-medium-font-size\">\u00caxodo 22 continua as leis de justi\u00e7a social dadas por Deus a Mois\u00e9s, focando em situa\u00e7\u00f5es pr\u00e1ticas da vida comunit\u00e1ria. O cap\u00edtulo aborda compensa\u00e7\u00f5es por roubo, danos \u00e0 propriedade, responsabilidades em empr\u00e9stimos. E tamb\u00e9m a prote\u00e7\u00e3o aos vulner\u00e1veis, como vi\u00favas, \u00f3rf\u00e3os e estrangeiros. Tamb\u00e9m enfatiza o respeito ao Senhor, com orienta\u00e7\u00f5es sobre ofertas e consagra\u00e7\u00f5es. Essas leis refletem o car\u00e1ter justo e compassivo de Deus, ensinando  Israel a viver de maneira \u00e9tica e harmoniosa. Parte do contexto mais amplo da alian\u00e7a do Sinai, este cap\u00edtulo refor\u00e7a a aplica\u00e7\u00e3o dos princ\u00edpios divinos. Tais princ\u00edpios convergem para a constru\u00e7\u00e3o de uma sociedade justa e solid\u00e1ria.<\/p>\n\n\n\n<h3 class=\"wp-block-heading\">Livro do \u00caxodo:<\/h3>\n\n\n<ul class=\"wp-block-page-list\"><li class=\"wp-block-pages-list__item\"><a class=\"wp-block-pages-list__item__link\" href=\"https:\/\/bibliapresente.com\/postagens\/livros-da-biblia\/exodo\/exodo-1\/\">\u00caxodo 1 &#8211; O Nascimento de Mois\u00e9s<\/a><\/li><li class=\"wp-block-pages-list__item\"><a class=\"wp-block-pages-list__item__link\" href=\"https:\/\/bibliapresente.com\/postagens\/livros-da-biblia\/exodo\/exodo-2\/\">\u00caxodo 2 &#8211; Mois\u00e9s no Pal\u00e1cio do Fara\u00f3<\/a><\/li><li class=\"wp-block-pages-list__item\"><a class=\"wp-block-pages-list__item__link\" href=\"https:\/\/bibliapresente.com\/postagens\/livros-da-biblia\/exodo\/exodo-3\/\">\u00caxodo 3 &#8211; O Chamado de Mois\u00e9s<\/a><\/li><li class=\"wp-block-pages-list__item\"><a class=\"wp-block-pages-list__item__link\" href=\"https:\/\/bibliapresente.com\/postagens\/livros-da-biblia\/exodo\/exodo-4\/\">\u00caxodo 4 &#8211; Deus D\u00e1 Sinais a Mois\u00e9s<\/a><\/li><li class=\"wp-block-pages-list__item\"><a class=\"wp-block-pages-list__item__link\" href=\"https:\/\/bibliapresente.com\/postagens\/livros-da-biblia\/exodo\/exodo-5\/\">\u00caxodo 5 &#8211; Mois\u00e9s e Ar\u00e3o Conrontam Fara\u00f3<\/a><\/li><li class=\"wp-block-pages-list__item\"><a class=\"wp-block-pages-list__item__link\" href=\"https:\/\/bibliapresente.com\/postagens\/livros-da-biblia\/exodo\/exodo-6\/\">\u00caxodo 6 &#8211; Deus promete livramento<\/a><\/li><li class=\"wp-block-pages-list__item\"><a class=\"wp-block-pages-list__item__link\" href=\"https:\/\/bibliapresente.com\/postagens\/livros-da-biblia\/exodo\/exodo-7\/\">\u00caxodo 7 &#8211; A Primeira Praga: Sangue<\/a><\/li><li class=\"wp-block-pages-list__item\"><a class=\"wp-block-pages-list__item__link\" href=\"https:\/\/bibliapresente.com\/postagens\/livros-da-biblia\/exodo\/exodo-8\/\">\u00caxodo 8 &#8211; Pragas: R\u00e3s, Piolhos e Moscas<\/a><\/li><li class=\"wp-block-pages-list__item\"><a class=\"wp-block-pages-list__item__link\" href=\"https:\/\/bibliapresente.com\/postagens\/livros-da-biblia\/exodo\/exodo-9\/\">\u00caxodo 9 &#8211; Pragas: Peste, \u00dalceras, Granizo<\/a><\/li><li class=\"wp-block-pages-list__item\"><a class=\"wp-block-pages-list__item__link\" href=\"https:\/\/bibliapresente.com\/postagens\/livros-da-biblia\/exodo\/exodo-10\/\">\u00caxodo 10 &#8211; Pragas: Gafanhotos e Trevas<\/a><\/li><li class=\"wp-block-pages-list__item\"><a class=\"wp-block-pages-list__item__link\" href=\"https:\/\/bibliapresente.com\/postagens\/livros-da-biblia\/exodo\/exodo-11\/\">\u00caxodo 11 &#8211; Deus anuncia a \u00faltima praga<\/a><\/li><li class=\"wp-block-pages-list__item\"><a class=\"wp-block-pages-list__item__link\" href=\"https:\/\/bibliapresente.com\/postagens\/livros-da-biblia\/exodo\/exodo-12\/\">\u00caxodo 12 &#8211; A P\u00e1scoa e a Liberta\u00e7\u00e3o<\/a><\/li><li class=\"wp-block-pages-list__item\"><a class=\"wp-block-pages-list__item__link\" href=\"https:\/\/bibliapresente.com\/postagens\/livros-da-biblia\/exodo\/exodo-13\/\">\u00caxodo 13 &#8211; A Consagra\u00e7\u00e3o dos Primog\u00eanitos<\/a><\/li><li class=\"wp-block-pages-list__item\"><a class=\"wp-block-pages-list__item__link\" href=\"https:\/\/bibliapresente.com\/postagens\/livros-da-biblia\/exodo\/exodo-14\/\">\u00caxodo 14 &#8211; A Travessia do Mar Vermelho<\/a><\/li><li class=\"wp-block-pages-list__item\"><a class=\"wp-block-pages-list__item__link\" href=\"https:\/\/bibliapresente.com\/postagens\/livros-da-biblia\/exodo\/exodo-15\/\">\u00caxodo 15 &#8211; O C\u00e2ntico de Mois\u00e9s<\/a><\/li><li class=\"wp-block-pages-list__item\"><a class=\"wp-block-pages-list__item__link\" href=\"https:\/\/bibliapresente.com\/postagens\/livros-da-biblia\/exodo\/exodo-16\/\">\u00caxodo 16 &#8211; O Man\u00e1 no Deserto<\/a><\/li><li class=\"wp-block-pages-list__item\"><a class=\"wp-block-pages-list__item__link\" href=\"https:\/\/bibliapresente.com\/postagens\/livros-da-biblia\/exodo\/exodo-17\/\">\u00caxodo 17 &#8211; \u00c1gua Brotando da Rocha<\/a><\/li><li class=\"wp-block-pages-list__item\"><a class=\"wp-block-pages-list__item__link\" href=\"https:\/\/bibliapresente.com\/postagens\/livros-da-biblia\/exodo\/exodo-18\/\">\u00caxodo 18 &#8211; Os Conselhos de Jetro<\/a><\/li><li class=\"wp-block-pages-list__item\"><a class=\"wp-block-pages-list__item__link\" href=\"https:\/\/bibliapresente.com\/postagens\/livros-da-biblia\/exodo\/exodo-19\/\">\u00caxodo 19 &#8211; A Chegada ao Monte Sinai<\/a><\/li><li class=\"wp-block-pages-list__item\"><a class=\"wp-block-pages-list__item__link\" href=\"https:\/\/bibliapresente.com\/postagens\/livros-da-biblia\/exodo\/exodo-20\/\">\u00caxodo 20 &#8211; Os Dez Mandamentos<\/a><\/li><li class=\"wp-block-pages-list__item\"><a class=\"wp-block-pages-list__item__link\" href=\"https:\/\/bibliapresente.com\/postagens\/livros-da-biblia\/exodo\/exodo-21\/\">\u00caxodo 21 &#8211; Leis Sobre Justi\u00e7a Social<\/a><\/li><li class=\"wp-block-pages-list__item\"><a class=\"wp-block-pages-list__item__link\" href=\"https:\/\/bibliapresente.com\/postagens\/livros-da-biblia\/exodo\/exodo-22\/\">\u00caxodo 22 &#8211; Leis Sobre Danos e Repara\u00e7\u00e3o<\/a><\/li><li class=\"wp-block-pages-list__item\"><a class=\"wp-block-pages-list__item__link\" href=\"https:\/\/bibliapresente.com\/postagens\/livros-da-biblia\/exodo\/exodo-23\/\">\u00caxodo 23 &#8211; Leis de Justi\u00e7a e Festividades<\/a><\/li><li class=\"wp-block-pages-list__item\"><a class=\"wp-block-pages-list__item__link\" href=\"https:\/\/bibliapresente.com\/postagens\/livros-da-biblia\/exodo\/exodo-24\/\">\u00caxodo 24 &#8211; A Confirma\u00e7\u00e3o da Alian\u00e7a<\/a><\/li><li class=\"wp-block-pages-list__item\"><a class=\"wp-block-pages-list__item__link\" href=\"https:\/\/bibliapresente.com\/postagens\/livros-da-biblia\/exodo\/exodo-25\/\">\u00caxodo 25 &#8211; Arca da Alian\u00e7a e Tabern\u00e1culo<\/a><\/li><li class=\"wp-block-pages-list__item\"><a class=\"wp-block-pages-list__item__link\" href=\"https:\/\/bibliapresente.com\/postagens\/livros-da-biblia\/exodo\/exodo-26\/\">\u00caxodo 26 &#8211; Construindo o Tabern\u00e1culo<\/a><\/li><li class=\"wp-block-pages-list__item\"><a class=\"wp-block-pages-list__item__link\" href=\"https:\/\/bibliapresente.com\/postagens\/livros-da-biblia\/exodo\/exodo-27\/\">\u00caxodo 27 &#8211; O Altar de Bronze<\/a><\/li><li class=\"wp-block-pages-list__item\"><a class=\"wp-block-pages-list__item__link\" href=\"https:\/\/bibliapresente.com\/postagens\/livros-da-biblia\/exodo\/exodo-28\/\">\u00caxodo 28 &#8211; O Vestu\u00e1rio dos Sacerdotes<\/a><\/li><li class=\"wp-block-pages-list__item\"><a class=\"wp-block-pages-list__item__link\" href=\"https:\/\/bibliapresente.com\/postagens\/livros-da-biblia\/exodo\/exodo-29\/\">\u00caxodo 29 &#8211; Consagra\u00e7\u00e3o de Ar\u00e3o<\/a><\/li><li class=\"wp-block-pages-list__item\"><a class=\"wp-block-pages-list__item__link\" href=\"https:\/\/bibliapresente.com\/postagens\/livros-da-biblia\/exodo\/exodo-30\/\">\u00caxodo 30 &#8211; O Altar do Incenso<\/a><\/li><li class=\"wp-block-pages-list__item\"><a class=\"wp-block-pages-list__item__link\" href=\"https:\/\/bibliapresente.com\/postagens\/livros-da-biblia\/exodo\/exodo-31\/\">\u00caxodo 31 &#8211; O S\u00e1bado<\/a><\/li><li class=\"wp-block-pages-list__item\"><a class=\"wp-block-pages-list__item__link\" href=\"https:\/\/bibliapresente.com\/postagens\/livros-da-biblia\/exodo\/exodo-32\/\">\u00caxodo 32 &#8211; O Bezerro de Ouro<\/a><\/li><li class=\"wp-block-pages-list__item\"><a class=\"wp-block-pages-list__item__link\" href=\"https:\/\/bibliapresente.com\/postagens\/livros-da-biblia\/exodo\/exodo-33\/\">\u00caxodo 33 &#8211; Deus promete a Sua presen\u00e7a<\/a><\/li><li class=\"wp-block-pages-list__item\"><a class=\"wp-block-pages-list__item__link\" href=\"https:\/\/bibliapresente.com\/postagens\/livros-da-biblia\/exodo\/exodo-34\/\">\u00caxodo 34 &#8211; A Renova\u00e7\u00e3o da Alian\u00e7a<\/a><\/li><li class=\"wp-block-pages-list__item\"><a class=\"wp-block-pages-list__item__link\" href=\"https:\/\/bibliapresente.com\/postagens\/livros-da-biblia\/exodo\/exodo-35\/\">\u00caxodo 35 &#8211; A Oferta do Povo<\/a><\/li><li class=\"wp-block-pages-list__item\"><a class=\"wp-block-pages-list__item__link\" href=\"https:\/\/bibliapresente.com\/postagens\/livros-da-biblia\/exodo\/exodo-36\/\">\u00caxodo 36 &#8211; A Constru\u00e7\u00e3o do Tabern\u00e1culo<\/a><\/li><li class=\"wp-block-pages-list__item\"><a class=\"wp-block-pages-list__item__link\" href=\"https:\/\/bibliapresente.com\/postagens\/livros-da-biblia\/exodo\/exodo-37\/\">\u00caxodo 37 &#8211; A Arca, a Mesa e o Candelabro<\/a><\/li><li class=\"wp-block-pages-list__item\"><a class=\"wp-block-pages-list__item__link\" href=\"https:\/\/bibliapresente.com\/postagens\/livros-da-biblia\/exodo\/exodo-38\/\">\u00caxodo 38 &#8211; O Altar de Bronze<\/a><\/li><li class=\"wp-block-pages-list__item\"><a class=\"wp-block-pages-list__item__link\" href=\"https:\/\/bibliapresente.com\/postagens\/livros-da-biblia\/exodo\/exodo-39\/\">\u00caxodo 39 &#8211; A Confec\u00e7\u00e3o das Vestes<\/a><\/li><li class=\"wp-block-pages-list__item\"><a class=\"wp-block-pages-list__item__link\" href=\"https:\/\/bibliapresente.com\/postagens\/livros-da-biblia\/exodo\/exodo-40\/\">\u00caxodo 40 &#8211; A Consagra\u00e7\u00e3o do Tabern\u00e1culo<\/a><\/li><\/ul>\n\n\n<p><\/p>\n","protected":false},"excerpt":{"rendered":"<p>As leis acerca da propriedade 1 Quando algu\u00e9m furtar boi ou ovelha, e lhe degolar ou vender, por aquele boi pagar\u00e1 cinco bois, e por aquela ovelha quatro ovelhas. 2 Se o ladr\u00e3o for achado arrombando uma casa, e for ferido e morrer, o que lhe feriu n\u00e3o ser\u00e1 culpado de sua morte. 3 Se &hellip; <\/p>\n","protected":false},"author":2,"featured_media":583,"parent":581,"menu_order":22,"comment_status":"closed","ping_status":"closed","template":"","meta":{"om_disable_all_campaigns":false,"_monsterinsights_skip_tracking":false,"_monsterinsights_sitenote_active":false,"_monsterinsights_sitenote_note":"","_monsterinsights_sitenote_category":0,"footnotes":""},"class_list":["post-630","page","type-page","status-publish","has-post-thumbnail","hentry"],"aioseo_notices":[],"_links":{"self":[{"href":"https:\/\/bibliapresente.com\/postagens\/wp-json\/wp\/v2\/pages\/630","targetHints":{"allow":["GET"]}}],"collection":[{"href":"https:\/\/bibliapresente.com\/postagens\/wp-json\/wp\/v2\/pages"}],"about":[{"href":"https:\/\/bibliapresente.com\/postagens\/wp-json\/wp\/v2\/types\/page"}],"author":[{"embeddable":true,"href":"https:\/\/bibliapresente.com\/postagens\/wp-json\/wp\/v2\/users\/2"}],"replies":[{"embeddable":true,"href":"https:\/\/bibliapresente.com\/postagens\/wp-json\/wp\/v2\/comments?post=630"}],"version-history":[{"count":5,"href":"https:\/\/bibliapresente.com\/postagens\/wp-json\/wp\/v2\/pages\/630\/revisions"}],"predecessor-version":[{"id":1180,"href":"https:\/\/bibliapresente.com\/postagens\/wp-json\/wp\/v2\/pages\/630\/revisions\/1180"}],"up":[{"embeddable":true,"href":"https:\/\/bibliapresente.com\/postagens\/wp-json\/wp\/v2\/pages\/581"}],"wp:featuredmedia":[{"embeddable":true,"href":"https:\/\/bibliapresente.com\/postagens\/wp-json\/wp\/v2\/media\/583"}],"wp:attachment":[{"href":"https:\/\/bibliapresente.com\/postagens\/wp-json\/wp\/v2\/media?parent=630"}],"curies":[{"name":"wp","href":"https:\/\/api.w.org\/{rel}","templated":true}]}}