{"id":628,"date":"2025-01-28T17:04:24","date_gmt":"2025-01-28T20:04:24","guid":{"rendered":"https:\/\/bibliapresente.com\/postagens\/?page_id=628"},"modified":"2025-01-28T17:07:49","modified_gmt":"2025-01-28T20:07:49","slug":"exodo-21","status":"publish","type":"page","link":"https:\/\/bibliapresente.com\/postagens\/livros-da-biblia\/exodo\/exodo-21\/","title":{"rendered":"\u00caxodo 21 &#8211; Leis Sobre Justi\u00e7a Social"},"content":{"rendered":"\n<h3 class=\"wp-block-heading\">Leis acerca dos servos e dos homic\u00eddios<\/h3>\n\n\n\n<p><span><span><sup><b>1<\/b><\/sup><\/span> E estas s\u00e3o as ordenan\u00e7as que lhes propor\u00e1s. <br><span><sup><b>2<\/b><\/sup><\/span> Se comprares servo hebreu, seis anos servir\u00e1; mas ao s\u00e9timo sair\u00e1 livre de gra\u00e7a. <br><span><sup><b>3<\/b><\/sup><\/span> Se entrou sozinho, sozinho sair\u00e1: se tinha mulher, sair\u00e1 ele e sua mulher com ele. <br><span><sup><b>4<\/b><\/sup><\/span> Se seu amo lhe houver dado mulher, e ela lhe houver dado \u00e0 luz filhos ou filhas, a mulher e seus filhos ser\u00e3o de seu amo, e ele sair\u00e1 sozinho. <br><span><sup><b>5<\/b><\/sup><\/span> E se o servo disser: Eu amo a meu senhor, a minha mulher e a meus filhos, n\u00e3o sairei livre: <br><span><sup><b>6<\/b><\/sup><\/span> Ent\u00e3o seu amo o far\u00e1 chegar aos ju\u00edzes, e o far\u00e1 chegar \u00e0 porta ou ao umbral; e seu amo lhe furar\u00e1 a orelha com ferramenta pontiaguda, e ser\u00e1 seu servo para sempre. <br><span><sup><b>7<\/b><\/sup><\/span> E quando algu\u00e9m vender sua filha por serva, n\u00e3o sair\u00e1 como costumam sair os servos. <br><span><sup><b>8<\/b><\/sup><\/span> Se ela n\u00e3o agradar ao seu senhor, o qual n\u00e3o a tomou por esposa, permitir\u00e1 a ela que se resgate, e ela n\u00e3o a poder\u00e1 vender a povo estrangeiro, visto que n\u00e3o cumpriu seu compromisso com ela. <br><span><sup><b>9<\/b><\/sup><\/span> Mas se a houver desposado com seu filho, far\u00e1 com ela segundo o costume das filhas. <br><span><sup><b>10<\/b><\/sup><\/span> Se tomar para si outra, n\u00e3o diminuir\u00e1 seu alimento, nem sua por\u00e7\u00e3o de roupa, nem o direito conjugal. <br><span><sup><b>11<\/b><\/sup><\/span> E se nenhuma destas tr\u00eas coisas fizer, ela sair\u00e1 de gra\u00e7a, e n\u00e3o ter\u00e1 que lhe pagar dinheiro. <br><span><sup><b>12<\/b><\/sup><\/span> O que ferir \u00e1 algu\u00e9m, fazendo-lhe assim morrer, ele morrer\u00e1. <br><span><sup><b>13<\/b><\/sup><\/span> Mas o que n\u00e3o armou ciladas, mas sim que Deus o p\u00f4s em suas m\u00e3os, ent\u00e3o eu te assinalarei lugar ao qual h\u00e1 de fugir. <br><span><sup><b>14<\/b><\/sup><\/span> Al\u00e9m disso, se algu\u00e9m se ensoberbecer contra seu pr\u00f3ximo, e o matar trai\u00e7oeiramente, de meu altar o tirar\u00e1s para que morra. <br><span><sup><b>15<\/b><\/sup><\/span> E o que ferir a seu pai ou a sua m\u00e3e, morrer\u00e1. <br><span><sup><b>16<\/b><\/sup><\/span> Tamb\u00e9m o que roubar uma pessoa, e a vender, ou se achar em suas m\u00e3os, morrer\u00e1. <\/span><\/p>\n\n\n\n<h3 class=\"wp-block-heading\">As leis acerca dos que amaldi\u00e7oam os pais ou ferem qualquer pessoa<\/h3>\n\n\n\n<p><span><span><sup><b>17<\/b><\/sup><\/span> Igualmente o que amaldi\u00e7oar a seu pai ou a sua m\u00e3e, morrer\u00e1. <br><span><sup><b>18<\/b><\/sup><\/span> Ademais, se alguns brigarem, e algum ferir a seu pr\u00f3ximo com pedra ou com o punho, e n\u00e3o morrer, mas cair em cama; <br><span><sup><b>19<\/b><\/sup><\/span> Se se levantar e andar fora sobre seu cajado, ent\u00e3o ser\u00e1 o que lhe feriu absolvido: somente lhe pagar\u00e1 o tempo que esteve parado, e far\u00e1 que lhe curem. <br><span><sup><b>20<\/b><\/sup><\/span> E se algu\u00e9m ferir a seu servo ou a sua serva com pau, e morrer sob sua m\u00e3o, ser\u00e1 castigado: <br><span><sup><b>21<\/b><\/sup><\/span> Mas se durar por um dia ou dois, n\u00e3o ser\u00e1 castigado, porque seu dinheiro \u00e9. <br><span><sup><b>22<\/b><\/sup><\/span> Se alguns brigarem, e ferissem a mulher gr\u00e1vida, e esta abortar, mas sem haver morte, ser\u00e1 multado conforme o que lhe impuser o marido da mulher e julgarem os ju\u00edzes. <br><span><sup><b>23<\/b><\/sup><\/span> Mas se houver morte, ent\u00e3o pagar\u00e1s vida por vida, <br><span><sup><b>24<\/b><\/sup><\/span> Olho por olho, dente por dente, m\u00e3o por meio, p\u00e9 por p\u00e9, <br><span><sup><b>25<\/b><\/sup><\/span> Queimadura por queimadura, ferida por ferida, golpe por golpe. <br><span><sup><b>26<\/b><\/sup><\/span> E quando algu\u00e9m ferir o olho de seu servo, ou o olho de sua serva, e o destruir, lhe dar\u00e1 liberdade por raz\u00e3o de seu olho. <br><span><sup><b>27<\/b><\/sup><\/span> E se tirar o dente de seu servo, ou o dente de sua serva, por seu dente lhe deixar\u00e1 ir livre. <br><span><sup><b>28<\/b><\/sup><\/span> Se um boi chifrar homem ou mulher, e de resultado morrer, o boi ser\u00e1 apedrejado, e n\u00e3o se comer\u00e1 sua carne; mas o dono do boi ser\u00e1 absolvido. <br><span><sup><b>29<\/b><\/sup><\/span> Por\u00e9m se o boi era chifrador desde o passado, e a seu dono lhe foi feito advert\u00eancia, e n\u00e3o o houver guardado, e matar homem ou mulher, o boi ser\u00e1 apedrejado, e tamb\u00e9m morrer\u00e1 seu dono. <br><span><sup><b>30<\/b><\/sup><\/span> Se lhe for imposto resgate, ent\u00e3o dar\u00e1 pelo resgate de sua pessoa quanto lhe for imposto. <br><span><sup><b>31<\/b><\/sup><\/span> Quer tenha chifrado filho, ou tenha chifrado filha, conforme este ju\u00edzo se far\u00e1 com ele. <br><span><sup><b>32<\/b><\/sup><\/span> Se o boi chifrar servo ou serva, pagar\u00e1 trinta siclos de prata seu senhor, e o boi ser\u00e1 apedrejado. <br><span><sup><b>33<\/b><\/sup><\/span> E se algu\u00e9m abrir fosso, ou cavar cisterna, e n\u00e3o a cobrir, e cair ali boi ou asno, <br><span><sup><b>34<\/b><\/sup><\/span> O dono da cisterna pagar\u00e1 o dinheiro, ressarcindo a seu dono, e o que foi morto ser\u00e1 seu. <br><span><sup><b>35<\/b><\/sup><\/span> E se o boi de algu\u00e9m ferir ao boi de seu pr\u00f3ximo, e este morrer, ent\u00e3o vender\u00e3o o boi vivo, e partir\u00e3o o dinheiro dele, e tamb\u00e9m partir\u00e3o o morto. <br><span><sup><b>36<\/b><\/sup><\/span> Mas se era not\u00f3rio que o boi era chifrador desde o passado, e seu dono n\u00e3o o houver guardado, pagar\u00e1 boi por boi, e o morto ser\u00e1 seu.<\/span><\/p>\n\n\n\n<div class=\"wp-block-columns is-layout-flex wp-container-core-columns-is-layout-9d6595d7 wp-block-columns-is-layout-flex\">\n<div class=\"wp-block-column is-layout-flow wp-block-column-is-layout-flow\">\n<p><a href=\"\/exodo-20\">\u00caxodo 20<\/a><\/p>\n<\/div>\n\n\n\n<div class=\"wp-block-column is-layout-flow wp-block-column-is-layout-flow\">\n<p class=\"has-text-align-right\"><a href=\"\/exodo-22\">\u00caxodo 22<\/a><\/p>\n<\/div>\n<\/div>\n\n\n\n<h2 class=\"wp-block-heading\">Descri\u00e7\u00e3o &#8211; \u00caxodo 21<\/h2>\n\n\n\n<p class=\"has-medium-font-size\">\u00caxodo 21 apresenta as primeiras leis detalhadas entregues por Deus a Mois\u00e9s ap\u00f3s os Dez Mandamentos, abordando quest\u00f5es de justi\u00e7a social e rela\u00e7\u00f5es humanas. O cap\u00edtulo trata de regulamenta\u00e7\u00f5es sobre servid\u00e3o, prote\u00e7\u00e3o aos direitos dos servos, responsabilidade em casos de viol\u00eancia e indeniza\u00e7\u00e3o por danos. Essas leis refletem a preocupa\u00e7\u00e3o de Deus com a justi\u00e7a e a dignidade dentro da comunidade israelita, promovendo ordem e equidade. Inserido no contexto do Sinai, este cap\u00edtulo complementa a alian\u00e7a, mostrando como os princ\u00edpios divinos devem ser aplicados na vida cotidiana, preparando Israel para viver como um povo santo sob a lideran\u00e7a de Deus.<\/p>\n\n\n\n<h3 class=\"wp-block-heading\">Livro do \u00caxodo:<\/h3>\n\n\n<ul class=\"wp-block-page-list\"><li class=\"wp-block-pages-list__item\"><a class=\"wp-block-pages-list__item__link\" href=\"https:\/\/bibliapresente.com\/postagens\/livros-da-biblia\/exodo\/exodo-1\/\">\u00caxodo 1 &#8211; O Nascimento de Mois\u00e9s<\/a><\/li><li class=\"wp-block-pages-list__item\"><a class=\"wp-block-pages-list__item__link\" href=\"https:\/\/bibliapresente.com\/postagens\/livros-da-biblia\/exodo\/exodo-2\/\">\u00caxodo 2 &#8211; Mois\u00e9s no Pal\u00e1cio do Fara\u00f3<\/a><\/li><li class=\"wp-block-pages-list__item\"><a class=\"wp-block-pages-list__item__link\" href=\"https:\/\/bibliapresente.com\/postagens\/livros-da-biblia\/exodo\/exodo-3\/\">\u00caxodo 3 &#8211; O Chamado de Mois\u00e9s<\/a><\/li><li class=\"wp-block-pages-list__item\"><a class=\"wp-block-pages-list__item__link\" href=\"https:\/\/bibliapresente.com\/postagens\/livros-da-biblia\/exodo\/exodo-4\/\">\u00caxodo 4 &#8211; Deus D\u00e1 Sinais a Mois\u00e9s<\/a><\/li><li class=\"wp-block-pages-list__item\"><a class=\"wp-block-pages-list__item__link\" href=\"https:\/\/bibliapresente.com\/postagens\/livros-da-biblia\/exodo\/exodo-5\/\">\u00caxodo 5 &#8211; Mois\u00e9s e Ar\u00e3o Conrontam Fara\u00f3<\/a><\/li><li class=\"wp-block-pages-list__item\"><a class=\"wp-block-pages-list__item__link\" href=\"https:\/\/bibliapresente.com\/postagens\/livros-da-biblia\/exodo\/exodo-6\/\">\u00caxodo 6 &#8211; Deus promete livramento<\/a><\/li><li class=\"wp-block-pages-list__item\"><a class=\"wp-block-pages-list__item__link\" href=\"https:\/\/bibliapresente.com\/postagens\/livros-da-biblia\/exodo\/exodo-7\/\">\u00caxodo 7 &#8211; A Primeira Praga: Sangue<\/a><\/li><li class=\"wp-block-pages-list__item\"><a class=\"wp-block-pages-list__item__link\" href=\"https:\/\/bibliapresente.com\/postagens\/livros-da-biblia\/exodo\/exodo-8\/\">\u00caxodo 8 &#8211; Pragas: R\u00e3s, Piolhos e Moscas<\/a><\/li><li class=\"wp-block-pages-list__item\"><a class=\"wp-block-pages-list__item__link\" href=\"https:\/\/bibliapresente.com\/postagens\/livros-da-biblia\/exodo\/exodo-9\/\">\u00caxodo 9 &#8211; Pragas: Peste, \u00dalceras, Granizo<\/a><\/li><li class=\"wp-block-pages-list__item\"><a class=\"wp-block-pages-list__item__link\" href=\"https:\/\/bibliapresente.com\/postagens\/livros-da-biblia\/exodo\/exodo-10\/\">\u00caxodo 10 &#8211; Pragas: Gafanhotos e Trevas<\/a><\/li><li class=\"wp-block-pages-list__item\"><a class=\"wp-block-pages-list__item__link\" href=\"https:\/\/bibliapresente.com\/postagens\/livros-da-biblia\/exodo\/exodo-11\/\">\u00caxodo 11 &#8211; Deus anuncia a \u00faltima praga<\/a><\/li><li class=\"wp-block-pages-list__item\"><a class=\"wp-block-pages-list__item__link\" href=\"https:\/\/bibliapresente.com\/postagens\/livros-da-biblia\/exodo\/exodo-12\/\">\u00caxodo 12 &#8211; A P\u00e1scoa e a Liberta\u00e7\u00e3o<\/a><\/li><li class=\"wp-block-pages-list__item\"><a class=\"wp-block-pages-list__item__link\" href=\"https:\/\/bibliapresente.com\/postagens\/livros-da-biblia\/exodo\/exodo-13\/\">\u00caxodo 13 &#8211; A Consagra\u00e7\u00e3o dos Primog\u00eanitos<\/a><\/li><li class=\"wp-block-pages-list__item\"><a class=\"wp-block-pages-list__item__link\" href=\"https:\/\/bibliapresente.com\/postagens\/livros-da-biblia\/exodo\/exodo-14\/\">\u00caxodo 14 &#8211; A Travessia do Mar Vermelho<\/a><\/li><li class=\"wp-block-pages-list__item\"><a class=\"wp-block-pages-list__item__link\" href=\"https:\/\/bibliapresente.com\/postagens\/livros-da-biblia\/exodo\/exodo-15\/\">\u00caxodo 15 &#8211; O C\u00e2ntico de Mois\u00e9s<\/a><\/li><li class=\"wp-block-pages-list__item\"><a class=\"wp-block-pages-list__item__link\" href=\"https:\/\/bibliapresente.com\/postagens\/livros-da-biblia\/exodo\/exodo-16\/\">\u00caxodo 16 &#8211; O Man\u00e1 no Deserto<\/a><\/li><li class=\"wp-block-pages-list__item\"><a class=\"wp-block-pages-list__item__link\" href=\"https:\/\/bibliapresente.com\/postagens\/livros-da-biblia\/exodo\/exodo-17\/\">\u00caxodo 17 &#8211; \u00c1gua Brotando da Rocha<\/a><\/li><li class=\"wp-block-pages-list__item\"><a class=\"wp-block-pages-list__item__link\" href=\"https:\/\/bibliapresente.com\/postagens\/livros-da-biblia\/exodo\/exodo-18\/\">\u00caxodo 18 &#8211; Os Conselhos de Jetro<\/a><\/li><li class=\"wp-block-pages-list__item\"><a class=\"wp-block-pages-list__item__link\" href=\"https:\/\/bibliapresente.com\/postagens\/livros-da-biblia\/exodo\/exodo-19\/\">\u00caxodo 19 &#8211; A Chegada ao Monte Sinai<\/a><\/li><li class=\"wp-block-pages-list__item\"><a class=\"wp-block-pages-list__item__link\" href=\"https:\/\/bibliapresente.com\/postagens\/livros-da-biblia\/exodo\/exodo-20\/\">\u00caxodo 20 &#8211; Os Dez Mandamentos<\/a><\/li><li class=\"wp-block-pages-list__item\"><a class=\"wp-block-pages-list__item__link\" href=\"https:\/\/bibliapresente.com\/postagens\/livros-da-biblia\/exodo\/exodo-21\/\">\u00caxodo 21 &#8211; Leis Sobre Justi\u00e7a Social<\/a><\/li><li class=\"wp-block-pages-list__item\"><a class=\"wp-block-pages-list__item__link\" href=\"https:\/\/bibliapresente.com\/postagens\/livros-da-biblia\/exodo\/exodo-22\/\">\u00caxodo 22 &#8211; Leis Sobre Danos e Repara\u00e7\u00e3o<\/a><\/li><li class=\"wp-block-pages-list__item\"><a class=\"wp-block-pages-list__item__link\" href=\"https:\/\/bibliapresente.com\/postagens\/livros-da-biblia\/exodo\/exodo-23\/\">\u00caxodo 23 &#8211; Leis de Justi\u00e7a e Festividades<\/a><\/li><li class=\"wp-block-pages-list__item\"><a class=\"wp-block-pages-list__item__link\" href=\"https:\/\/bibliapresente.com\/postagens\/livros-da-biblia\/exodo\/exodo-24\/\">\u00caxodo 24 &#8211; A Confirma\u00e7\u00e3o da Alian\u00e7a<\/a><\/li><li class=\"wp-block-pages-list__item\"><a class=\"wp-block-pages-list__item__link\" href=\"https:\/\/bibliapresente.com\/postagens\/livros-da-biblia\/exodo\/exodo-25\/\">\u00caxodo 25 &#8211; Arca da Alian\u00e7a e Tabern\u00e1culo<\/a><\/li><li class=\"wp-block-pages-list__item\"><a class=\"wp-block-pages-list__item__link\" href=\"https:\/\/bibliapresente.com\/postagens\/livros-da-biblia\/exodo\/exodo-26\/\">\u00caxodo 26 &#8211; Construindo o Tabern\u00e1culo<\/a><\/li><li class=\"wp-block-pages-list__item\"><a class=\"wp-block-pages-list__item__link\" href=\"https:\/\/bibliapresente.com\/postagens\/livros-da-biblia\/exodo\/exodo-27\/\">\u00caxodo 27 &#8211; O Altar de Bronze<\/a><\/li><li class=\"wp-block-pages-list__item\"><a class=\"wp-block-pages-list__item__link\" href=\"https:\/\/bibliapresente.com\/postagens\/livros-da-biblia\/exodo\/exodo-28\/\">\u00caxodo 28 &#8211; O Vestu\u00e1rio dos Sacerdotes<\/a><\/li><li class=\"wp-block-pages-list__item\"><a class=\"wp-block-pages-list__item__link\" href=\"https:\/\/bibliapresente.com\/postagens\/livros-da-biblia\/exodo\/exodo-29\/\">\u00caxodo 29 &#8211; Consagra\u00e7\u00e3o de Ar\u00e3o<\/a><\/li><li class=\"wp-block-pages-list__item\"><a class=\"wp-block-pages-list__item__link\" href=\"https:\/\/bibliapresente.com\/postagens\/livros-da-biblia\/exodo\/exodo-30\/\">\u00caxodo 30 &#8211; O Altar do Incenso<\/a><\/li><li class=\"wp-block-pages-list__item\"><a class=\"wp-block-pages-list__item__link\" href=\"https:\/\/bibliapresente.com\/postagens\/livros-da-biblia\/exodo\/exodo-31\/\">\u00caxodo 31 &#8211; O S\u00e1bado<\/a><\/li><li class=\"wp-block-pages-list__item\"><a class=\"wp-block-pages-list__item__link\" href=\"https:\/\/bibliapresente.com\/postagens\/livros-da-biblia\/exodo\/exodo-32\/\">\u00caxodo 32 &#8211; O Bezerro de Ouro<\/a><\/li><li class=\"wp-block-pages-list__item\"><a class=\"wp-block-pages-list__item__link\" href=\"https:\/\/bibliapresente.com\/postagens\/livros-da-biblia\/exodo\/exodo-33\/\">\u00caxodo 33 &#8211; Deus promete a Sua presen\u00e7a<\/a><\/li><li class=\"wp-block-pages-list__item\"><a class=\"wp-block-pages-list__item__link\" href=\"https:\/\/bibliapresente.com\/postagens\/livros-da-biblia\/exodo\/exodo-34\/\">\u00caxodo 34 &#8211; A Renova\u00e7\u00e3o da Alian\u00e7a<\/a><\/li><li class=\"wp-block-pages-list__item\"><a class=\"wp-block-pages-list__item__link\" href=\"https:\/\/bibliapresente.com\/postagens\/livros-da-biblia\/exodo\/exodo-35\/\">\u00caxodo 35 &#8211; A Oferta do Povo<\/a><\/li><li class=\"wp-block-pages-list__item\"><a class=\"wp-block-pages-list__item__link\" href=\"https:\/\/bibliapresente.com\/postagens\/livros-da-biblia\/exodo\/exodo-36\/\">\u00caxodo 36 &#8211; A Constru\u00e7\u00e3o do Tabern\u00e1culo<\/a><\/li><li class=\"wp-block-pages-list__item\"><a class=\"wp-block-pages-list__item__link\" href=\"https:\/\/bibliapresente.com\/postagens\/livros-da-biblia\/exodo\/exodo-37\/\">\u00caxodo 37 &#8211; A Arca, a Mesa e o Candelabro<\/a><\/li><li class=\"wp-block-pages-list__item\"><a class=\"wp-block-pages-list__item__link\" href=\"https:\/\/bibliapresente.com\/postagens\/livros-da-biblia\/exodo\/exodo-38\/\">\u00caxodo 38 &#8211; O Altar de Bronze<\/a><\/li><li class=\"wp-block-pages-list__item\"><a class=\"wp-block-pages-list__item__link\" href=\"https:\/\/bibliapresente.com\/postagens\/livros-da-biblia\/exodo\/exodo-39\/\">\u00caxodo 39 &#8211; A Confec\u00e7\u00e3o das Vestes<\/a><\/li><li class=\"wp-block-pages-list__item\"><a class=\"wp-block-pages-list__item__link\" href=\"https:\/\/bibliapresente.com\/postagens\/livros-da-biblia\/exodo\/exodo-40\/\">\u00caxodo 40 &#8211; A Consagra\u00e7\u00e3o do Tabern\u00e1culo<\/a><\/li><\/ul>\n\n\n<p><\/p>\n","protected":false},"excerpt":{"rendered":"<p>Leis acerca dos servos e dos homic\u00eddios 1 E estas s\u00e3o as ordenan\u00e7as que lhes propor\u00e1s. 2 Se comprares servo hebreu, seis anos servir\u00e1; mas ao s\u00e9timo sair\u00e1 livre de gra\u00e7a. 3 Se entrou sozinho, sozinho sair\u00e1: se tinha mulher, sair\u00e1 ele e sua mulher com ele. 4 Se seu amo lhe houver dado mulher, &hellip; <\/p>\n","protected":false},"author":2,"featured_media":583,"parent":581,"menu_order":21,"comment_status":"closed","ping_status":"closed","template":"","meta":{"om_disable_all_campaigns":false,"_monsterinsights_skip_tracking":false,"_monsterinsights_sitenote_active":false,"_monsterinsights_sitenote_note":"","_monsterinsights_sitenote_category":0,"footnotes":""},"class_list":["post-628","page","type-page","status-publish","has-post-thumbnail","hentry"],"aioseo_notices":[],"_links":{"self":[{"href":"https:\/\/bibliapresente.com\/postagens\/wp-json\/wp\/v2\/pages\/628","targetHints":{"allow":["GET"]}}],"collection":[{"href":"https:\/\/bibliapresente.com\/postagens\/wp-json\/wp\/v2\/pages"}],"about":[{"href":"https:\/\/bibliapresente.com\/postagens\/wp-json\/wp\/v2\/types\/page"}],"author":[{"embeddable":true,"href":"https:\/\/bibliapresente.com\/postagens\/wp-json\/wp\/v2\/users\/2"}],"replies":[{"embeddable":true,"href":"https:\/\/bibliapresente.com\/postagens\/wp-json\/wp\/v2\/comments?post=628"}],"version-history":[{"count":5,"href":"https:\/\/bibliapresente.com\/postagens\/wp-json\/wp\/v2\/pages\/628\/revisions"}],"predecessor-version":[{"id":1175,"href":"https:\/\/bibliapresente.com\/postagens\/wp-json\/wp\/v2\/pages\/628\/revisions\/1175"}],"up":[{"embeddable":true,"href":"https:\/\/bibliapresente.com\/postagens\/wp-json\/wp\/v2\/pages\/581"}],"wp:featuredmedia":[{"embeddable":true,"href":"https:\/\/bibliapresente.com\/postagens\/wp-json\/wp\/v2\/media\/583"}],"wp:attachment":[{"href":"https:\/\/bibliapresente.com\/postagens\/wp-json\/wp\/v2\/media?parent=628"}],"curies":[{"name":"wp","href":"https:\/\/api.w.org\/{rel}","templated":true}]}}