{"id":626,"date":"2025-01-28T17:02:05","date_gmt":"2025-01-28T20:02:05","guid":{"rendered":"https:\/\/bibliapresente.com\/postagens\/?page_id=626"},"modified":"2025-01-28T17:07:20","modified_gmt":"2025-01-28T20:07:20","slug":"exodo-20","status":"publish","type":"page","link":"https:\/\/bibliapresente.com\/postagens\/livros-da-biblia\/exodo\/exodo-20\/","title":{"rendered":"\u00caxodo 20 &#8211; Os Dez Mandamentos"},"content":{"rendered":"\n<h3 class=\"wp-block-heading\">Os dez mandamentos<\/h3>\n\n\n\n<p class=\"has-medium-font-size\" style=\"letter-spacing:1px\"><span><span><sup><b>1<\/b><\/sup><\/span> E falou Deus todas estas palavras, dizendo: <br><span><sup><b>2<\/b><\/sup><\/span> Eu sou o SENHOR teu Deus, que te tirei da terra do Egito, de casa de servos. <br><span><sup><b>3<\/b><\/sup><\/span> N\u00e3o ter\u00e1s deuses alheios diante de mim. <br><span><sup><b>4<\/b><\/sup><\/span> N\u00e3o te far\u00e1s imagem, nem nenhuma semelhan\u00e7a de coisa que esteja acima no c\u00e9u, nem abaixo na terra, nem nas \u00e1guas debaixo da terra: <br><span><sup><b>5<\/b><\/sup><\/span> N\u00e3o te inclinar\u00e1s a elas, nem as honrar\u00e1s; porque eu sou o SENHOR teu Deus, forte, zeloso, que visito a maldade dos pais sobre os filhos, sobre os terceiros e sobre os quartos, aos que me aborrecem, <br><span><sup><b>6<\/b><\/sup><\/span> E que fa\u00e7o miseric\u00f3rdia em milhares aos que me amam, e guardam meus mandamentos. <br><span><sup><b>7<\/b><\/sup><\/span> N\u00e3o tomar\u00e1s o nome do SENHOR teu Deus em v\u00e3o; porque n\u00e3o dar\u00e1 por inocente o SENHOR ao que tomar seu nome em v\u00e3o. <br><span><sup><b>8<\/b><\/sup><\/span> Tu te lembrar\u00e1s do dia do repouso, para santific\u00e1-lo: <br><span><sup><b>9<\/b><\/sup><\/span> Seis dias trabalhar\u00e1s, e far\u00e1s toda tua obra; <br><span><sup><b>10<\/b><\/sup><\/span> Mas o s\u00e9timo dia ser\u00e1 repouso para o SENHOR teu Deus: n\u00e3o fa\u00e7as nele obra alguma, tu, nem teu filho, nem tua filha, nem teu servo, nem tua criada, nem teu animal, nem teu estrangeiro que est\u00e1 dentro de tuas portas: <br><span><sup><b>11<\/b><\/sup><\/span> Porque em seis dias fez o SENHOR os c\u00e9us e a terra, o mar e todas as coisas que neles h\u00e1, e repousou no s\u00e9timo dia: portanto o SENHOR aben\u00e7oou o dia do repouso e o santificou. <br><span><sup><b>12<\/b><\/sup><\/span> Honra a teu pai e a tua m\u00e3e, para que teus dias se alarguem na terra que o SENHOR teu Deus te d\u00e1. <br><span><sup><b>13<\/b><\/sup><\/span> N\u00e3o cometer\u00e1s homic\u00eddio. <br><span><sup><b>14<\/b><\/sup><\/span> N\u00e3o cometer\u00e1s adult\u00e9rio. <br><span><sup><b>15<\/b><\/sup><\/span> N\u00e3o furtar\u00e1s. <br><span><sup><b>16<\/b><\/sup><\/span> N\u00e3o falar\u00e1s contra teu pr\u00f3ximo falso testemunho. <br><span><sup><b>17<\/b><\/sup><\/span> N\u00e3o cobi\u00e7ar\u00e1s a casa de teu pr\u00f3ximo, n\u00e3o cobi\u00e7ar\u00e1s a mulher de teu pr\u00f3ximo, nem seu servo, nem sua criada, nem seu boi, nem seu asno, nem coisa alguma de teu pr\u00f3ximo. <br><span><sup><b>18<\/b><\/sup><\/span> Todo o povo considerava as vozes, e as chamas, e o som da trombeta, e o monte que fumegava: e vendo-o o povo, tremeram, e puseram-se de longe. <br><span><sup><b>19<\/b><\/sup><\/span> E disseram a Mois\u00e9s: Fala tu conosco, que n\u00f3s ouviremos; mas n\u00e3o fale Deus conosco, para que n\u00e3o morramos. <br><span><sup><b>20<\/b><\/sup><\/span> E Mois\u00e9s respondeu ao povo: N\u00e3o temais; que para provar-vos veio Deus, e para que seu temor esteja em vossa presen\u00e7a para que n\u00e3o pequeis. <br><span><sup><b>21<\/b><\/sup><\/span> Ent\u00e3o o povo se p\u00f4s de longe, e Mois\u00e9s se chegou \u00e0 escurid\u00e3o na qual estava Deus. <br><span><sup><b>22<\/b><\/sup><\/span> E o SENHOR disse a Mois\u00e9s: Assim dir\u00e1s aos filhos de Israel: V\u00f3s vistes que falei desde o c\u00e9u convosco. <br><span><sup><b>23<\/b><\/sup><\/span> N\u00e3o fa\u00e7ais comigo deuses de prata, nem deuses de ouro vos fareis. <br><span><sup><b>24<\/b><\/sup><\/span> Da terra far\u00e1s altar para mim, e sacrificar\u00e1s sobre ele teus holocaustos e tuas ofertas pac\u00edficas, tuas ovelhas e tuas vacas: em qualquer lugar onde eu fizer que esteja a mem\u00f3ria de meu nome, virei a ti, e te aben\u00e7oarei. <br><span><sup><b>25<\/b><\/sup><\/span> E se me fizeres altar de pedras, n\u00e3o as fa\u00e7as lavradas; porque se levantares teu buril sobre ele, tu o profanar\u00e1s. <br><span><sup><b>26<\/b><\/sup><\/span> E n\u00e3o subir\u00e1s por degraus a meu altar, para que tua nudez n\u00e3o seja junto a ele descoberta.<\/span><\/p>\n\n\n\n<div class=\"wp-block-columns is-layout-flex wp-container-core-columns-is-layout-9d6595d7 wp-block-columns-is-layout-flex\">\n<div class=\"wp-block-column is-layout-flow wp-block-column-is-layout-flow\">\n<p><a href=\"\/exodo-19\">\u00caxodo 19<\/a><\/p>\n<\/div>\n\n\n\n<div class=\"wp-block-column is-layout-flow wp-block-column-is-layout-flow\">\n<p class=\"has-text-align-right\"><a href=\"\/exodo-21\">\u00caxodo 21<\/a><\/p>\n<\/div>\n<\/div>\n\n\n\n<h2 class=\"wp-block-heading\">Descri\u00e7\u00e3o &#8211; \u00caxodo 20<\/h2>\n\n\n\n<p class=\"has-medium-font-size\">\u00caxodo 20 apresenta os Dez Mandamentos, os princ\u00edpios fundamentais da alian\u00e7a entre Deus e Israel. Proclamados no Monte Sinai, os mandamentos estabelecem diretrizes para o relacionamento com Deus e entre as pessoas, incluindo a adora\u00e7\u00e3o exclusiva a Deus, o respeito pelo s\u00e1bado, e normas como n\u00e3o matar, roubar ou mentir. A grandiosidade da revela\u00e7\u00e3o, com trov\u00f5es e fuma\u00e7a, causa temor no povo, que pede a Mois\u00e9s para ser o mediador entre eles e Deus. Este cap\u00edtulo \u00e9 central no livro de \u00caxodo, pois fornece a base moral e espiritual para a comunidade israelita, refor\u00e7ando a santidade e fidelidade a Deus.<\/p>\n\n\n\n<h3 class=\"wp-block-heading\">Livro do \u00caxodo:<\/h3>\n\n\n<ul class=\"wp-block-page-list\"><li class=\"wp-block-pages-list__item\"><a class=\"wp-block-pages-list__item__link\" href=\"https:\/\/bibliapresente.com\/postagens\/livros-da-biblia\/exodo\/exodo-1\/\">\u00caxodo 1 &#8211; O Nascimento de Mois\u00e9s<\/a><\/li><li class=\"wp-block-pages-list__item\"><a class=\"wp-block-pages-list__item__link\" href=\"https:\/\/bibliapresente.com\/postagens\/livros-da-biblia\/exodo\/exodo-2\/\">\u00caxodo 2 &#8211; Mois\u00e9s no Pal\u00e1cio do Fara\u00f3<\/a><\/li><li class=\"wp-block-pages-list__item\"><a class=\"wp-block-pages-list__item__link\" href=\"https:\/\/bibliapresente.com\/postagens\/livros-da-biblia\/exodo\/exodo-3\/\">\u00caxodo 3 &#8211; O Chamado de Mois\u00e9s<\/a><\/li><li class=\"wp-block-pages-list__item\"><a class=\"wp-block-pages-list__item__link\" href=\"https:\/\/bibliapresente.com\/postagens\/livros-da-biblia\/exodo\/exodo-4\/\">\u00caxodo 4 &#8211; Deus D\u00e1 Sinais a Mois\u00e9s<\/a><\/li><li class=\"wp-block-pages-list__item\"><a class=\"wp-block-pages-list__item__link\" href=\"https:\/\/bibliapresente.com\/postagens\/livros-da-biblia\/exodo\/exodo-5\/\">\u00caxodo 5 &#8211; Mois\u00e9s e Ar\u00e3o Conrontam Fara\u00f3<\/a><\/li><li class=\"wp-block-pages-list__item\"><a class=\"wp-block-pages-list__item__link\" href=\"https:\/\/bibliapresente.com\/postagens\/livros-da-biblia\/exodo\/exodo-6\/\">\u00caxodo 6 &#8211; Deus promete livramento<\/a><\/li><li class=\"wp-block-pages-list__item\"><a class=\"wp-block-pages-list__item__link\" href=\"https:\/\/bibliapresente.com\/postagens\/livros-da-biblia\/exodo\/exodo-7\/\">\u00caxodo 7 &#8211; A Primeira Praga: Sangue<\/a><\/li><li class=\"wp-block-pages-list__item\"><a class=\"wp-block-pages-list__item__link\" href=\"https:\/\/bibliapresente.com\/postagens\/livros-da-biblia\/exodo\/exodo-8\/\">\u00caxodo 8 &#8211; Pragas: R\u00e3s, Piolhos e Moscas<\/a><\/li><li class=\"wp-block-pages-list__item\"><a class=\"wp-block-pages-list__item__link\" href=\"https:\/\/bibliapresente.com\/postagens\/livros-da-biblia\/exodo\/exodo-9\/\">\u00caxodo 9 &#8211; Pragas: Peste, \u00dalceras, Granizo<\/a><\/li><li class=\"wp-block-pages-list__item\"><a class=\"wp-block-pages-list__item__link\" href=\"https:\/\/bibliapresente.com\/postagens\/livros-da-biblia\/exodo\/exodo-10\/\">\u00caxodo 10 &#8211; Pragas: Gafanhotos e Trevas<\/a><\/li><li class=\"wp-block-pages-list__item\"><a class=\"wp-block-pages-list__item__link\" href=\"https:\/\/bibliapresente.com\/postagens\/livros-da-biblia\/exodo\/exodo-11\/\">\u00caxodo 11 &#8211; Deus anuncia a \u00faltima praga<\/a><\/li><li class=\"wp-block-pages-list__item\"><a class=\"wp-block-pages-list__item__link\" href=\"https:\/\/bibliapresente.com\/postagens\/livros-da-biblia\/exodo\/exodo-12\/\">\u00caxodo 12 &#8211; A P\u00e1scoa e a Liberta\u00e7\u00e3o<\/a><\/li><li class=\"wp-block-pages-list__item\"><a class=\"wp-block-pages-list__item__link\" href=\"https:\/\/bibliapresente.com\/postagens\/livros-da-biblia\/exodo\/exodo-13\/\">\u00caxodo 13 &#8211; A Consagra\u00e7\u00e3o dos Primog\u00eanitos<\/a><\/li><li class=\"wp-block-pages-list__item\"><a class=\"wp-block-pages-list__item__link\" href=\"https:\/\/bibliapresente.com\/postagens\/livros-da-biblia\/exodo\/exodo-14\/\">\u00caxodo 14 &#8211; A Travessia do Mar Vermelho<\/a><\/li><li class=\"wp-block-pages-list__item\"><a class=\"wp-block-pages-list__item__link\" href=\"https:\/\/bibliapresente.com\/postagens\/livros-da-biblia\/exodo\/exodo-15\/\">\u00caxodo 15 &#8211; O C\u00e2ntico de Mois\u00e9s<\/a><\/li><li class=\"wp-block-pages-list__item\"><a class=\"wp-block-pages-list__item__link\" href=\"https:\/\/bibliapresente.com\/postagens\/livros-da-biblia\/exodo\/exodo-16\/\">\u00caxodo 16 &#8211; O Man\u00e1 no Deserto<\/a><\/li><li class=\"wp-block-pages-list__item\"><a class=\"wp-block-pages-list__item__link\" href=\"https:\/\/bibliapresente.com\/postagens\/livros-da-biblia\/exodo\/exodo-17\/\">\u00caxodo 17 &#8211; \u00c1gua Brotando da Rocha<\/a><\/li><li class=\"wp-block-pages-list__item\"><a class=\"wp-block-pages-list__item__link\" href=\"https:\/\/bibliapresente.com\/postagens\/livros-da-biblia\/exodo\/exodo-18\/\">\u00caxodo 18 &#8211; Os Conselhos de Jetro<\/a><\/li><li class=\"wp-block-pages-list__item\"><a class=\"wp-block-pages-list__item__link\" href=\"https:\/\/bibliapresente.com\/postagens\/livros-da-biblia\/exodo\/exodo-19\/\">\u00caxodo 19 &#8211; A Chegada ao Monte Sinai<\/a><\/li><li class=\"wp-block-pages-list__item\"><a class=\"wp-block-pages-list__item__link\" href=\"https:\/\/bibliapresente.com\/postagens\/livros-da-biblia\/exodo\/exodo-20\/\">\u00caxodo 20 &#8211; Os Dez Mandamentos<\/a><\/li><li class=\"wp-block-pages-list__item\"><a class=\"wp-block-pages-list__item__link\" href=\"https:\/\/bibliapresente.com\/postagens\/livros-da-biblia\/exodo\/exodo-21\/\">\u00caxodo 21 &#8211; Leis Sobre Justi\u00e7a Social<\/a><\/li><li class=\"wp-block-pages-list__item\"><a class=\"wp-block-pages-list__item__link\" href=\"https:\/\/bibliapresente.com\/postagens\/livros-da-biblia\/exodo\/exodo-22\/\">\u00caxodo 22 &#8211; Leis Sobre Danos e Repara\u00e7\u00e3o<\/a><\/li><li class=\"wp-block-pages-list__item\"><a class=\"wp-block-pages-list__item__link\" href=\"https:\/\/bibliapresente.com\/postagens\/livros-da-biblia\/exodo\/exodo-23\/\">\u00caxodo 23 &#8211; Leis de Justi\u00e7a e Festividades<\/a><\/li><li class=\"wp-block-pages-list__item\"><a class=\"wp-block-pages-list__item__link\" href=\"https:\/\/bibliapresente.com\/postagens\/livros-da-biblia\/exodo\/exodo-24\/\">\u00caxodo 24 &#8211; A Confirma\u00e7\u00e3o da Alian\u00e7a<\/a><\/li><li class=\"wp-block-pages-list__item\"><a class=\"wp-block-pages-list__item__link\" href=\"https:\/\/bibliapresente.com\/postagens\/livros-da-biblia\/exodo\/exodo-25\/\">\u00caxodo 25 &#8211; Arca da Alian\u00e7a e Tabern\u00e1culo<\/a><\/li><li class=\"wp-block-pages-list__item\"><a class=\"wp-block-pages-list__item__link\" href=\"https:\/\/bibliapresente.com\/postagens\/livros-da-biblia\/exodo\/exodo-26\/\">\u00caxodo 26 &#8211; Construindo o Tabern\u00e1culo<\/a><\/li><li class=\"wp-block-pages-list__item\"><a class=\"wp-block-pages-list__item__link\" href=\"https:\/\/bibliapresente.com\/postagens\/livros-da-biblia\/exodo\/exodo-27\/\">\u00caxodo 27 &#8211; O Altar de Bronze<\/a><\/li><li class=\"wp-block-pages-list__item\"><a class=\"wp-block-pages-list__item__link\" href=\"https:\/\/bibliapresente.com\/postagens\/livros-da-biblia\/exodo\/exodo-28\/\">\u00caxodo 28 &#8211; O Vestu\u00e1rio dos Sacerdotes<\/a><\/li><li class=\"wp-block-pages-list__item\"><a class=\"wp-block-pages-list__item__link\" href=\"https:\/\/bibliapresente.com\/postagens\/livros-da-biblia\/exodo\/exodo-29\/\">\u00caxodo 29 &#8211; Consagra\u00e7\u00e3o de Ar\u00e3o<\/a><\/li><li class=\"wp-block-pages-list__item\"><a class=\"wp-block-pages-list__item__link\" href=\"https:\/\/bibliapresente.com\/postagens\/livros-da-biblia\/exodo\/exodo-30\/\">\u00caxodo 30 &#8211; O Altar do Incenso<\/a><\/li><li class=\"wp-block-pages-list__item\"><a class=\"wp-block-pages-list__item__link\" href=\"https:\/\/bibliapresente.com\/postagens\/livros-da-biblia\/exodo\/exodo-31\/\">\u00caxodo 31 &#8211; O S\u00e1bado<\/a><\/li><li class=\"wp-block-pages-list__item\"><a class=\"wp-block-pages-list__item__link\" href=\"https:\/\/bibliapresente.com\/postagens\/livros-da-biblia\/exodo\/exodo-32\/\">\u00caxodo 32 &#8211; O Bezerro de Ouro<\/a><\/li><li class=\"wp-block-pages-list__item\"><a class=\"wp-block-pages-list__item__link\" href=\"https:\/\/bibliapresente.com\/postagens\/livros-da-biblia\/exodo\/exodo-33\/\">\u00caxodo 33 &#8211; Deus promete a Sua presen\u00e7a<\/a><\/li><li class=\"wp-block-pages-list__item\"><a class=\"wp-block-pages-list__item__link\" href=\"https:\/\/bibliapresente.com\/postagens\/livros-da-biblia\/exodo\/exodo-34\/\">\u00caxodo 34 &#8211; A Renova\u00e7\u00e3o da Alian\u00e7a<\/a><\/li><li class=\"wp-block-pages-list__item\"><a class=\"wp-block-pages-list__item__link\" href=\"https:\/\/bibliapresente.com\/postagens\/livros-da-biblia\/exodo\/exodo-35\/\">\u00caxodo 35 &#8211; A Oferta do Povo<\/a><\/li><li class=\"wp-block-pages-list__item\"><a class=\"wp-block-pages-list__item__link\" href=\"https:\/\/bibliapresente.com\/postagens\/livros-da-biblia\/exodo\/exodo-36\/\">\u00caxodo 36 &#8211; A Constru\u00e7\u00e3o do Tabern\u00e1culo<\/a><\/li><li class=\"wp-block-pages-list__item\"><a class=\"wp-block-pages-list__item__link\" href=\"https:\/\/bibliapresente.com\/postagens\/livros-da-biblia\/exodo\/exodo-37\/\">\u00caxodo 37 &#8211; A Arca, a Mesa e o Candelabro<\/a><\/li><li class=\"wp-block-pages-list__item\"><a class=\"wp-block-pages-list__item__link\" href=\"https:\/\/bibliapresente.com\/postagens\/livros-da-biblia\/exodo\/exodo-38\/\">\u00caxodo 38 &#8211; O Altar de Bronze<\/a><\/li><li class=\"wp-block-pages-list__item\"><a class=\"wp-block-pages-list__item__link\" href=\"https:\/\/bibliapresente.com\/postagens\/livros-da-biblia\/exodo\/exodo-39\/\">\u00caxodo 39 &#8211; A Confec\u00e7\u00e3o das Vestes<\/a><\/li><li class=\"wp-block-pages-list__item\"><a class=\"wp-block-pages-list__item__link\" href=\"https:\/\/bibliapresente.com\/postagens\/livros-da-biblia\/exodo\/exodo-40\/\">\u00caxodo 40 &#8211; A Consagra\u00e7\u00e3o do Tabern\u00e1culo<\/a><\/li><\/ul>\n\n\n<p><\/p>\n","protected":false},"excerpt":{"rendered":"<p>Os dez mandamentos 1 E falou Deus todas estas palavras, dizendo: 2 Eu sou o SENHOR teu Deus, que te tirei da terra do Egito, de casa de servos. 3 N\u00e3o ter\u00e1s deuses alheios diante de mim. 4 N\u00e3o te far\u00e1s imagem, nem nenhuma semelhan\u00e7a de coisa que esteja acima no c\u00e9u, nem abaixo na &hellip; <\/p>\n","protected":false},"author":2,"featured_media":583,"parent":581,"menu_order":20,"comment_status":"closed","ping_status":"closed","template":"","meta":{"om_disable_all_campaigns":false,"_monsterinsights_skip_tracking":false,"_monsterinsights_sitenote_active":false,"_monsterinsights_sitenote_note":"","_monsterinsights_sitenote_category":0,"footnotes":""},"class_list":["post-626","page","type-page","status-publish","has-post-thumbnail","hentry"],"aioseo_notices":[],"_links":{"self":[{"href":"https:\/\/bibliapresente.com\/postagens\/wp-json\/wp\/v2\/pages\/626","targetHints":{"allow":["GET"]}}],"collection":[{"href":"https:\/\/bibliapresente.com\/postagens\/wp-json\/wp\/v2\/pages"}],"about":[{"href":"https:\/\/bibliapresente.com\/postagens\/wp-json\/wp\/v2\/types\/page"}],"author":[{"embeddable":true,"href":"https:\/\/bibliapresente.com\/postagens\/wp-json\/wp\/v2\/users\/2"}],"replies":[{"embeddable":true,"href":"https:\/\/bibliapresente.com\/postagens\/wp-json\/wp\/v2\/comments?post=626"}],"version-history":[{"count":6,"href":"https:\/\/bibliapresente.com\/postagens\/wp-json\/wp\/v2\/pages\/626\/revisions"}],"predecessor-version":[{"id":1179,"href":"https:\/\/bibliapresente.com\/postagens\/wp-json\/wp\/v2\/pages\/626\/revisions\/1179"}],"up":[{"embeddable":true,"href":"https:\/\/bibliapresente.com\/postagens\/wp-json\/wp\/v2\/pages\/581"}],"wp:featuredmedia":[{"embeddable":true,"href":"https:\/\/bibliapresente.com\/postagens\/wp-json\/wp\/v2\/media\/583"}],"wp:attachment":[{"href":"https:\/\/bibliapresente.com\/postagens\/wp-json\/wp\/v2\/media?parent=626"}],"curies":[{"name":"wp","href":"https:\/\/api.w.org\/{rel}","templated":true}]}}