{"id":624,"date":"2025-01-28T17:05:20","date_gmt":"2025-01-28T20:05:20","guid":{"rendered":"https:\/\/bibliapresente.com\/postagens\/?page_id=624"},"modified":"2025-01-28T17:06:31","modified_gmt":"2025-01-28T20:06:31","slug":"exodo-19","status":"publish","type":"page","link":"https:\/\/bibliapresente.com\/postagens\/livros-da-biblia\/exodo\/exodo-19\/","title":{"rendered":"\u00caxodo 19 &#8211; A Chegada ao Monte Sinai"},"content":{"rendered":"\n<h3 class=\"wp-block-heading\">Deus fala com Mois\u00e9s no monte Sinai<\/h3>\n\n\n\n<p><span><span><sup><b>1<\/b><\/sup><\/span> Ao m\u00eas terceiro da sa\u00edda dos filhos de Israel da terra do Egito, naquele dia vieram ao deserto de Sinai. <br><span><sup><b>2<\/b><\/sup><\/span> Porque partiram de Refidim, e chegaram ao deserto de Sinai, e assentaram no deserto; e acampou ali Israel diante do monte. <br><span><sup><b>3<\/b><\/sup><\/span> E Mois\u00e9s subiu a Deus; e o SENHOR o chamou desde o monte, dizendo: Assim dir\u00e1s \u00e0 casa de Jac\u00f3, e anunciar\u00e1s aos filhos de Israel: <br><span><sup><b>4<\/b><\/sup><\/span> V\u00f3s vistes o que fiz aos eg\u00edpcios, e como vos tomei sobre asas de \u00e1guas, e vos trouxe a mim. <br><span><sup><b>5<\/b><\/sup><\/span> Agora pois, se deres ouvido \u00e0 minha voz, e guardardes meu pacto, v\u00f3s sereis meu especial tesouro sobre todos os povos; porque minha \u00e9 toda a terra. <br><span><sup><b>6<\/b><\/sup><\/span> E v\u00f3s sereis meu reino de sacerdotes, e gente santa. Estas s\u00e3o as palavras que dir\u00e1s aos filhos de Israel. <br><span><sup><b>7<\/b><\/sup><\/span> Ent\u00e3o veio Mois\u00e9s, e chamou aos anci\u00e3os do povo, e prop\u00f4s em presen\u00e7a deles todas estas palavras que o SENHOR lhe havia mandado. <br><span><sup><b>8<\/b><\/sup><\/span> E todo o povo respondeu em unidade, e disseram: Tudo o que o SENHOR disse faremos. E Mois\u00e9s referiu as palavras do povo ao SENHOR. <br><span><sup><b>9<\/b><\/sup><\/span> E o SENHOR disse a Mois\u00e9s: Eis que, eu venho a ti em uma nuvem espessa, para que o povo ou\u00e7a enquanto eu falo contigo, e tamb\u00e9m para que te creiam para sempre. E Mois\u00e9s anunciou as palavras do povo ao SENHOR. <br><span><sup><b>10<\/b><\/sup><\/span> E o SENHOR disse a Mois\u00e9s: Vai ao povo, e santifica-os hoje e amanh\u00e3, e lavem suas roupas; <br><span><sup><b>11<\/b><\/sup><\/span> E estejam prontos para o dia terceiro, porque ao terceiro dia o SENHOR descer\u00e1, \u00e0 vista de todo o povo, sobre o monte de Sinai. <br><span><sup><b>12<\/b><\/sup><\/span> E assinalar\u00e1s termo ao povo em derredor, dizendo: Guardai-vos, n\u00e3o subais ao monte, nem toqueis a seu termo: qualquer um que tocar o monte, certamente morrer\u00e1: <br><span><sup><b>13<\/b><\/sup><\/span> N\u00e3o lhe tocar\u00e1 m\u00e3o, mas ser\u00e1 apedrejado ou flechado; seja animal ou seja homem, n\u00e3o viver\u00e1. Em havendo soado longamente a trombeta, subir\u00e3o ao monte. <br><span><sup><b>14<\/b><\/sup><\/span> E desceu Mois\u00e9s do monte ao povo, e santificou ao povo; e lavaram suas roupas. <br><span><sup><b>15<\/b><\/sup><\/span> E disse ao povo: Estai prontos para o terceiro dia; n\u00e3o chegueis a mulher. <br><span><sup><b>16<\/b><\/sup><\/span> E aconteceu ao terceiro dia quando veio a manh\u00e3, que vieram trov\u00f5es e rel\u00e2mpagos, e espessa nuvem sobre o monte, e som de trombeta muito forte; e estremeceu-se todo o povo que estava no acampamento. <br><span><sup><b>17<\/b><\/sup><\/span> E Mois\u00e9s tirou do acampamento ao povo a receber a Deus; e puseram-se ao abaixo do monte. <br><span><sup><b>18<\/b><\/sup><\/span> E todo o monte de Sinai fumegava, porque o SENHOR havia descido sobre ele em fogo: e a fuma\u00e7a dele subia como a fuma\u00e7a de um forno, e todo o monte se estremeceu em grande maneira. <br><span><sup><b>19<\/b><\/sup><\/span> E o som da trombeta ia fortalecendo-se em extremo: Mois\u00e9s falava, e Deus lhe respondia em voz. <br><span><sup><b>20<\/b><\/sup><\/span> E desceu o SENHOR sobre o monte de Sinai, sobre o cume do monte: e chamou o SENHOR a Mois\u00e9s ao cume do monte, e Mois\u00e9s subiu. <br><span><sup><b>21<\/b><\/sup><\/span> E o SENHOR disse a Mois\u00e9s: Desce, exige ao povo que n\u00e3o ultrapassem o termo para ver ao SENHOR, para que n\u00e3o caia multid\u00e3o deles. <br><span><sup><b>22<\/b><\/sup><\/span> E tamb\u00e9m os sacerdotes que se achegam ao SENHOR, se santifiquem, para que o SENHOR n\u00e3o fa\u00e7a neles dano. <br><span><sup><b>23<\/b><\/sup><\/span> E Mois\u00e9s disse ao SENHOR: O povo n\u00e3o poder\u00e1 subir ao monte de Sinai, porque tu nos h\u00e1s exigiste dizendo: Assinala termos ao monte, e santifica-o. <br><span><sup><b>24<\/b><\/sup><\/span> E o SENHOR lhe disse: Vai, desce, e subir\u00e1s tu, e Ar\u00e3o contigo: mas os sacerdotes e o povo n\u00e3o ultrapassem o termo para subir ao SENHOR, para que n\u00e3o fa\u00e7a neles dano. <br><span><sup><b>25<\/b><\/sup><\/span> Ent\u00e3o Mois\u00e9s desceu ao povo e falou com eles.<\/span><\/p>\n\n\n\n<div class=\"wp-block-columns is-layout-flex wp-container-core-columns-is-layout-9d6595d7 wp-block-columns-is-layout-flex\">\n<div class=\"wp-block-column is-layout-flow wp-block-column-is-layout-flow\">\n<p><a href=\"\/exodo-18\">\u00caxodo 18<\/a><\/p>\n<\/div>\n\n\n\n<div class=\"wp-block-column is-layout-flow wp-block-column-is-layout-flow\">\n<p class=\"has-text-align-right\"><a href=\"\/exodo-20\">\u00caxodo 20<\/a><\/p>\n<\/div>\n<\/div>\n\n\n\n<h2 class=\"wp-block-heading\">Descri\u00e7\u00e3o &#8211; \u00caxodo 19<\/h2>\n\n\n\n<p class=\"has-medium-font-size\">\u00caxodo 19 marca a chegada dos israelitas ao Monte Sinai, onde Deus estabelece um pacto com o povo. Mois\u00e9s sobe ao monte, e Deus o instrui a preparar os israelitas para receberem Sua alian\u00e7a. O Senhor promete que Israel ser\u00e1 uma na\u00e7\u00e3o santa e um reino de sacerdotes, se obedecerem \u00e0 Sua voz. O povo concorda, e Mois\u00e9s os consagra, orientando-os a se purificarem. Deus manifesta Sua presen\u00e7a no Sinai com trov\u00f5es, rel\u00e2mpagos, fuma\u00e7a e o som de trombetas. Este cap\u00edtulo \u00e9 fundamental para a narrativa de \u00caxodo, pois prepara o cen\u00e1rio para a entrega dos Dez Mandamentos e a alian\u00e7a mosaica.<\/p>\n\n\n\n<h3 class=\"wp-block-heading\">Livro do \u00caxodo:<\/h3>\n\n\n<ul class=\"wp-block-page-list\"><li class=\"wp-block-pages-list__item\"><a class=\"wp-block-pages-list__item__link\" href=\"https:\/\/bibliapresente.com\/postagens\/livros-da-biblia\/exodo\/exodo-1\/\">\u00caxodo 1 &#8211; O Nascimento de Mois\u00e9s<\/a><\/li><li class=\"wp-block-pages-list__item\"><a class=\"wp-block-pages-list__item__link\" href=\"https:\/\/bibliapresente.com\/postagens\/livros-da-biblia\/exodo\/exodo-2\/\">\u00caxodo 2 &#8211; Mois\u00e9s no Pal\u00e1cio do Fara\u00f3<\/a><\/li><li class=\"wp-block-pages-list__item\"><a class=\"wp-block-pages-list__item__link\" href=\"https:\/\/bibliapresente.com\/postagens\/livros-da-biblia\/exodo\/exodo-3\/\">\u00caxodo 3 &#8211; O Chamado de Mois\u00e9s<\/a><\/li><li class=\"wp-block-pages-list__item\"><a class=\"wp-block-pages-list__item__link\" href=\"https:\/\/bibliapresente.com\/postagens\/livros-da-biblia\/exodo\/exodo-4\/\">\u00caxodo 4 &#8211; Deus D\u00e1 Sinais a Mois\u00e9s<\/a><\/li><li class=\"wp-block-pages-list__item\"><a class=\"wp-block-pages-list__item__link\" href=\"https:\/\/bibliapresente.com\/postagens\/livros-da-biblia\/exodo\/exodo-5\/\">\u00caxodo 5 &#8211; Mois\u00e9s e Ar\u00e3o Conrontam Fara\u00f3<\/a><\/li><li class=\"wp-block-pages-list__item\"><a class=\"wp-block-pages-list__item__link\" href=\"https:\/\/bibliapresente.com\/postagens\/livros-da-biblia\/exodo\/exodo-6\/\">\u00caxodo 6 &#8211; Deus promete livramento<\/a><\/li><li class=\"wp-block-pages-list__item\"><a class=\"wp-block-pages-list__item__link\" href=\"https:\/\/bibliapresente.com\/postagens\/livros-da-biblia\/exodo\/exodo-7\/\">\u00caxodo 7 &#8211; A Primeira Praga: Sangue<\/a><\/li><li class=\"wp-block-pages-list__item\"><a class=\"wp-block-pages-list__item__link\" href=\"https:\/\/bibliapresente.com\/postagens\/livros-da-biblia\/exodo\/exodo-8\/\">\u00caxodo 8 &#8211; Pragas: R\u00e3s, Piolhos e Moscas<\/a><\/li><li class=\"wp-block-pages-list__item\"><a class=\"wp-block-pages-list__item__link\" href=\"https:\/\/bibliapresente.com\/postagens\/livros-da-biblia\/exodo\/exodo-9\/\">\u00caxodo 9 &#8211; Pragas: Peste, \u00dalceras, Granizo<\/a><\/li><li class=\"wp-block-pages-list__item\"><a class=\"wp-block-pages-list__item__link\" href=\"https:\/\/bibliapresente.com\/postagens\/livros-da-biblia\/exodo\/exodo-10\/\">\u00caxodo 10 &#8211; Pragas: Gafanhotos e Trevas<\/a><\/li><li class=\"wp-block-pages-list__item\"><a class=\"wp-block-pages-list__item__link\" href=\"https:\/\/bibliapresente.com\/postagens\/livros-da-biblia\/exodo\/exodo-11\/\">\u00caxodo 11 &#8211; Deus anuncia a \u00faltima praga<\/a><\/li><li class=\"wp-block-pages-list__item\"><a class=\"wp-block-pages-list__item__link\" href=\"https:\/\/bibliapresente.com\/postagens\/livros-da-biblia\/exodo\/exodo-12\/\">\u00caxodo 12 &#8211; A P\u00e1scoa e a Liberta\u00e7\u00e3o<\/a><\/li><li class=\"wp-block-pages-list__item\"><a class=\"wp-block-pages-list__item__link\" href=\"https:\/\/bibliapresente.com\/postagens\/livros-da-biblia\/exodo\/exodo-13\/\">\u00caxodo 13 &#8211; A Consagra\u00e7\u00e3o dos Primog\u00eanitos<\/a><\/li><li class=\"wp-block-pages-list__item\"><a class=\"wp-block-pages-list__item__link\" href=\"https:\/\/bibliapresente.com\/postagens\/livros-da-biblia\/exodo\/exodo-14\/\">\u00caxodo 14 &#8211; A Travessia do Mar Vermelho<\/a><\/li><li class=\"wp-block-pages-list__item\"><a class=\"wp-block-pages-list__item__link\" href=\"https:\/\/bibliapresente.com\/postagens\/livros-da-biblia\/exodo\/exodo-15\/\">\u00caxodo 15 &#8211; O C\u00e2ntico de Mois\u00e9s<\/a><\/li><li class=\"wp-block-pages-list__item\"><a class=\"wp-block-pages-list__item__link\" href=\"https:\/\/bibliapresente.com\/postagens\/livros-da-biblia\/exodo\/exodo-16\/\">\u00caxodo 16 &#8211; O Man\u00e1 no Deserto<\/a><\/li><li class=\"wp-block-pages-list__item\"><a class=\"wp-block-pages-list__item__link\" href=\"https:\/\/bibliapresente.com\/postagens\/livros-da-biblia\/exodo\/exodo-17\/\">\u00caxodo 17 &#8211; \u00c1gua Brotando da Rocha<\/a><\/li><li class=\"wp-block-pages-list__item\"><a class=\"wp-block-pages-list__item__link\" href=\"https:\/\/bibliapresente.com\/postagens\/livros-da-biblia\/exodo\/exodo-18\/\">\u00caxodo 18 &#8211; Os Conselhos de Jetro<\/a><\/li><li class=\"wp-block-pages-list__item\"><a class=\"wp-block-pages-list__item__link\" href=\"https:\/\/bibliapresente.com\/postagens\/livros-da-biblia\/exodo\/exodo-19\/\">\u00caxodo 19 &#8211; A Chegada ao Monte Sinai<\/a><\/li><li class=\"wp-block-pages-list__item\"><a class=\"wp-block-pages-list__item__link\" href=\"https:\/\/bibliapresente.com\/postagens\/livros-da-biblia\/exodo\/exodo-20\/\">\u00caxodo 20 &#8211; Os Dez Mandamentos<\/a><\/li><li class=\"wp-block-pages-list__item\"><a class=\"wp-block-pages-list__item__link\" href=\"https:\/\/bibliapresente.com\/postagens\/livros-da-biblia\/exodo\/exodo-21\/\">\u00caxodo 21 &#8211; Leis Sobre Justi\u00e7a Social<\/a><\/li><li class=\"wp-block-pages-list__item\"><a class=\"wp-block-pages-list__item__link\" href=\"https:\/\/bibliapresente.com\/postagens\/livros-da-biblia\/exodo\/exodo-22\/\">\u00caxodo 22 &#8211; Leis Sobre Danos e Repara\u00e7\u00e3o<\/a><\/li><li class=\"wp-block-pages-list__item\"><a class=\"wp-block-pages-list__item__link\" href=\"https:\/\/bibliapresente.com\/postagens\/livros-da-biblia\/exodo\/exodo-23\/\">\u00caxodo 23 &#8211; Leis de Justi\u00e7a e Festividades<\/a><\/li><li class=\"wp-block-pages-list__item\"><a class=\"wp-block-pages-list__item__link\" href=\"https:\/\/bibliapresente.com\/postagens\/livros-da-biblia\/exodo\/exodo-24\/\">\u00caxodo 24 &#8211; A Confirma\u00e7\u00e3o da Alian\u00e7a<\/a><\/li><li class=\"wp-block-pages-list__item\"><a class=\"wp-block-pages-list__item__link\" href=\"https:\/\/bibliapresente.com\/postagens\/livros-da-biblia\/exodo\/exodo-25\/\">\u00caxodo 25 &#8211; Arca da Alian\u00e7a e Tabern\u00e1culo<\/a><\/li><li class=\"wp-block-pages-list__item\"><a class=\"wp-block-pages-list__item__link\" href=\"https:\/\/bibliapresente.com\/postagens\/livros-da-biblia\/exodo\/exodo-26\/\">\u00caxodo 26 &#8211; Construindo o Tabern\u00e1culo<\/a><\/li><li class=\"wp-block-pages-list__item\"><a class=\"wp-block-pages-list__item__link\" href=\"https:\/\/bibliapresente.com\/postagens\/livros-da-biblia\/exodo\/exodo-27\/\">\u00caxodo 27 &#8211; O Altar de Bronze<\/a><\/li><li class=\"wp-block-pages-list__item\"><a class=\"wp-block-pages-list__item__link\" href=\"https:\/\/bibliapresente.com\/postagens\/livros-da-biblia\/exodo\/exodo-28\/\">\u00caxodo 28 &#8211; O Vestu\u00e1rio dos Sacerdotes<\/a><\/li><li class=\"wp-block-pages-list__item\"><a class=\"wp-block-pages-list__item__link\" href=\"https:\/\/bibliapresente.com\/postagens\/livros-da-biblia\/exodo\/exodo-29\/\">\u00caxodo 29 &#8211; Consagra\u00e7\u00e3o de Ar\u00e3o<\/a><\/li><li class=\"wp-block-pages-list__item\"><a class=\"wp-block-pages-list__item__link\" href=\"https:\/\/bibliapresente.com\/postagens\/livros-da-biblia\/exodo\/exodo-30\/\">\u00caxodo 30 &#8211; O Altar do Incenso<\/a><\/li><li class=\"wp-block-pages-list__item\"><a class=\"wp-block-pages-list__item__link\" href=\"https:\/\/bibliapresente.com\/postagens\/livros-da-biblia\/exodo\/exodo-31\/\">\u00caxodo 31 &#8211; O S\u00e1bado<\/a><\/li><li class=\"wp-block-pages-list__item\"><a class=\"wp-block-pages-list__item__link\" href=\"https:\/\/bibliapresente.com\/postagens\/livros-da-biblia\/exodo\/exodo-32\/\">\u00caxodo 32 &#8211; O Bezerro de Ouro<\/a><\/li><li class=\"wp-block-pages-list__item\"><a class=\"wp-block-pages-list__item__link\" href=\"https:\/\/bibliapresente.com\/postagens\/livros-da-biblia\/exodo\/exodo-33\/\">\u00caxodo 33 &#8211; Deus promete a Sua presen\u00e7a<\/a><\/li><li class=\"wp-block-pages-list__item\"><a class=\"wp-block-pages-list__item__link\" href=\"https:\/\/bibliapresente.com\/postagens\/livros-da-biblia\/exodo\/exodo-34\/\">\u00caxodo 34 &#8211; A Renova\u00e7\u00e3o da Alian\u00e7a<\/a><\/li><li class=\"wp-block-pages-list__item\"><a class=\"wp-block-pages-list__item__link\" href=\"https:\/\/bibliapresente.com\/postagens\/livros-da-biblia\/exodo\/exodo-35\/\">\u00caxodo 35 &#8211; A Oferta do Povo<\/a><\/li><li class=\"wp-block-pages-list__item\"><a class=\"wp-block-pages-list__item__link\" href=\"https:\/\/bibliapresente.com\/postagens\/livros-da-biblia\/exodo\/exodo-36\/\">\u00caxodo 36 &#8211; A Constru\u00e7\u00e3o do Tabern\u00e1culo<\/a><\/li><li class=\"wp-block-pages-list__item\"><a class=\"wp-block-pages-list__item__link\" href=\"https:\/\/bibliapresente.com\/postagens\/livros-da-biblia\/exodo\/exodo-37\/\">\u00caxodo 37 &#8211; A Arca, a Mesa e o Candelabro<\/a><\/li><li class=\"wp-block-pages-list__item\"><a class=\"wp-block-pages-list__item__link\" href=\"https:\/\/bibliapresente.com\/postagens\/livros-da-biblia\/exodo\/exodo-38\/\">\u00caxodo 38 &#8211; O Altar de Bronze<\/a><\/li><li class=\"wp-block-pages-list__item\"><a class=\"wp-block-pages-list__item__link\" href=\"https:\/\/bibliapresente.com\/postagens\/livros-da-biblia\/exodo\/exodo-39\/\">\u00caxodo 39 &#8211; A Confec\u00e7\u00e3o das Vestes<\/a><\/li><li class=\"wp-block-pages-list__item\"><a class=\"wp-block-pages-list__item__link\" href=\"https:\/\/bibliapresente.com\/postagens\/livros-da-biblia\/exodo\/exodo-40\/\">\u00caxodo 40 &#8211; A Consagra\u00e7\u00e3o do Tabern\u00e1culo<\/a><\/li><\/ul>\n\n\n<p><\/p>\n","protected":false},"excerpt":{"rendered":"<p>Deus fala com Mois\u00e9s no monte Sinai 1 Ao m\u00eas terceiro da sa\u00edda dos filhos de Israel da terra do Egito, naquele dia vieram ao deserto de Sinai. 2 Porque partiram de Refidim, e chegaram ao deserto de Sinai, e assentaram no deserto; e acampou ali Israel diante do monte. 3 E Mois\u00e9s subiu a &hellip; <\/p>\n","protected":false},"author":2,"featured_media":583,"parent":581,"menu_order":19,"comment_status":"closed","ping_status":"closed","template":"","meta":{"om_disable_all_campaigns":false,"_monsterinsights_skip_tracking":false,"_monsterinsights_sitenote_active":false,"_monsterinsights_sitenote_note":"","_monsterinsights_sitenote_category":0,"footnotes":""},"class_list":["post-624","page","type-page","status-publish","has-post-thumbnail","hentry"],"aioseo_notices":[],"_links":{"self":[{"href":"https:\/\/bibliapresente.com\/postagens\/wp-json\/wp\/v2\/pages\/624","targetHints":{"allow":["GET"]}}],"collection":[{"href":"https:\/\/bibliapresente.com\/postagens\/wp-json\/wp\/v2\/pages"}],"about":[{"href":"https:\/\/bibliapresente.com\/postagens\/wp-json\/wp\/v2\/types\/page"}],"author":[{"embeddable":true,"href":"https:\/\/bibliapresente.com\/postagens\/wp-json\/wp\/v2\/users\/2"}],"replies":[{"embeddable":true,"href":"https:\/\/bibliapresente.com\/postagens\/wp-json\/wp\/v2\/comments?post=624"}],"version-history":[{"count":6,"href":"https:\/\/bibliapresente.com\/postagens\/wp-json\/wp\/v2\/pages\/624\/revisions"}],"predecessor-version":[{"id":1178,"href":"https:\/\/bibliapresente.com\/postagens\/wp-json\/wp\/v2\/pages\/624\/revisions\/1178"}],"up":[{"embeddable":true,"href":"https:\/\/bibliapresente.com\/postagens\/wp-json\/wp\/v2\/pages\/581"}],"wp:featuredmedia":[{"embeddable":true,"href":"https:\/\/bibliapresente.com\/postagens\/wp-json\/wp\/v2\/media\/583"}],"wp:attachment":[{"href":"https:\/\/bibliapresente.com\/postagens\/wp-json\/wp\/v2\/media?parent=624"}],"curies":[{"name":"wp","href":"https:\/\/api.w.org\/{rel}","templated":true}]}}