{"id":622,"date":"2025-01-28T17:00:01","date_gmt":"2025-01-28T20:00:01","guid":{"rendered":"https:\/\/bibliapresente.com\/postagens\/?page_id=622"},"modified":"2025-01-28T17:00:02","modified_gmt":"2025-01-28T20:00:02","slug":"exodo-18","status":"publish","type":"page","link":"https:\/\/bibliapresente.com\/postagens\/livros-da-biblia\/exodo\/exodo-18\/","title":{"rendered":"\u00caxodo 18 &#8211; Os Conselhos de Jetro"},"content":{"rendered":"\n<h3 class=\"wp-block-heading\">O sogro de Mois\u00e9s traz sua mulher e seus filhos<\/h3>\n\n\n\n<p class=\"has-medium-font-size\" style=\"letter-spacing:1px\"><span><span><sup><b>1<\/b><\/sup><\/span> E ouviu Jetro, sacerdote de Midi\u00e3, sogro de Mois\u00e9s, todas as coisas que Deus havia feito com Mois\u00e9s, e com Israel seu povo, e como o SENHOR havia tirado a Israel do Egito: <br><span><sup><b>2<\/b><\/sup><\/span> E tomou Jetro, sogro de Mois\u00e9s a Z\u00edpora a mulher de Mois\u00e9s, depois que ele a enviou, <br><span><sup><b>3<\/b><\/sup><\/span> E a seus dois filhos; um se chamava G\u00e9rson, porque disse: Peregrino fui em terra alheia; <br><span><sup><b>4<\/b><\/sup><\/span> E o outro se chamava Eli\u00e9zer, porque disse, O Deus de meu pai me ajudou, e me livrou da espada de Fara\u00f3. <br><span><sup><b>5<\/b><\/sup><\/span> E Jetro o sogro de Mois\u00e9s, com seus filhos e sua mulher, chegou a Mois\u00e9s no deserto, onde tinha o acampamento junto ao monte de Deus; <br><span><sup><b>6<\/b><\/sup><\/span> E disse a Mois\u00e9s: Eu teu sogro Jetro venho a ti, com tua mulher, e seus dois filhos com ela. <br><span><sup><b>7<\/b><\/sup><\/span> E Mois\u00e9s saiu a receber a seu sogro, e inclinou-se, e beijou-o: e perguntaram-se um ao outro como estavam, e vieram \u00e0 tenda. <br><span><sup><b>8<\/b><\/sup><\/span> E Mois\u00e9s contou a seu sogro todas as coisas que o SENHOR havia feito a Fara\u00f3 e aos eg\u00edpcios por causa de Israel, e todo o trabalho que haviam passado no caminho, e como os havia livrado o SENHOR. <br><span><sup><b>9<\/b><\/sup><\/span> E alegrou-se Jetro de todo o bem que o SENHOR havia feito a Israel, que o havia livrado da m\u00e3o dos eg\u00edpcios. <br><span><sup><b>10<\/b><\/sup><\/span> E Jetro disse: Bendito seja o SENHOR, que vos livrou da m\u00e3o dos eg\u00edpcios, e da m\u00e3o de Fara\u00f3, e que livrou ao povo da m\u00e3o dos eg\u00edpcios. <br><span><sup><b>11<\/b><\/sup><\/span> Agora conhe\u00e7o que o SENHOR \u00e9 maior que todos os deuses, at\u00e9 naquilo em que se vangloriavam contra o povo. <br><span><sup><b>12<\/b><\/sup><\/span> E tomou Jetro, sogro de Mois\u00e9s, holocaustos e sacrif\u00edcios para Deus: e veio Ar\u00e3o e todos os anci\u00e3os de Israel a comer p\u00e3o com o sogro de Mois\u00e9s diante de Deus. <br><span><sup><b>13<\/b><\/sup><\/span> E aconteceu que outro dia se sentou Mois\u00e9s a julgar ao povo; e o povo esteve diante de Mois\u00e9s desde a manh\u00e3 at\u00e9 \u00e0 tarde. <br><span><sup><b>14<\/b><\/sup><\/span> E vendo o sogro de Mois\u00e9s tudo o que ele fazia com o povo, disse: Que \u00e9 isto que fazes tu com o povo? por que te sentas tu sozinho, e todo o povo est\u00e1 diante de ti desde a manh\u00e3 at\u00e9 \u00e0 tarde? <br><span><sup><b>15<\/b><\/sup><\/span> E Mois\u00e9s respondeu a seu sogro: Porque o povo vem a mim para consultar a Deus: <br><span><sup><b>16<\/b><\/sup><\/span> Quando t\u00eam neg\u00f3cios, vem a mim; e eu julgo entre o um e o outro, e declaro as ordenan\u00e7as de Deus e suas leis. <br><span><sup><b>17<\/b><\/sup><\/span> Ent\u00e3o o sogro de Mois\u00e9s lhe disse: N\u00e3o fazes bem: <br><span><sup><b>18<\/b><\/sup><\/span> Desfalecer\u00e1s de todo, tu, e tamb\u00e9m este povo que est\u00e1 contigo; porque o neg\u00f3cio \u00e9 demasiado pesado para ti; n\u00e3o poder\u00e1s faz\u00ea-lo tu sozinho. <br><span><sup><b>19<\/b><\/sup><\/span> Ouve agora minha voz; eu te aconselharei, e Deus ser\u00e1 contigo. Est\u00e1 tu pelo povo diante de Deus, e traze tu os neg\u00f3cios a Deus. <br><span><sup><b>20<\/b><\/sup><\/span> E ensina a eles as ordenan\u00e7as e as leis, e mostra-lhes o caminho por onde andem, e o que h\u00e3o de fazer. <br><span><sup><b>21<\/b><\/sup><\/span> Ademais busca dentre todo o povo homens de virtude, temerosos de Deus, homens de verdade, que odeiem a gan\u00e2ncia; e constituir\u00e1s a estes sobre eles l\u00edderes sobre mil, sobre cem, sobre cinquenta e sobre dez. <br><span><sup><b>22<\/b><\/sup><\/span> Os quais julgar\u00e3o ao povo ao todo tempo; e ser\u00e1 que todo neg\u00f3cio grave o trar\u00e3o a ti, e eles julgar\u00e3o todo neg\u00f3cio pequeno: alivia assim a carga de sobre ti, e eles a levar\u00e3o contigo. <br><span><sup><b>23<\/b><\/sup><\/span> Se isto fizeres, e Deus te o mandar, tu poder\u00e1s persistir, e todo este povo se ir\u00e1 tamb\u00e9m em paz a seu lugar. <br><span><sup><b>24<\/b><\/sup><\/span> E ouviu Mois\u00e9s a voz de seu sogro, e fez tudo o que disse. <br><span><sup><b>25<\/b><\/sup><\/span> E escolheu Mois\u00e9s homens de virtude de todo Israel, e os p\u00f4s por chefes sobre o povo, l\u00edderes sobre mil, sobre cem, sobre cinquenta, e sobre dez. <br><span><sup><b>26<\/b><\/sup><\/span> E julgavam ao povo ao todo tempo; o neg\u00f3cio \u00e1rduo traziam-no a Mois\u00e9s, e eles julgavam todo neg\u00f3cio pequeno. <br><span><sup><b>27<\/b><\/sup><\/span> E despediu Mois\u00e9s a seu sogro, e foi-se \u00e0 sua terra.<\/span><\/p>\n\n\n\n<div class=\"wp-block-columns is-layout-flex wp-container-core-columns-is-layout-9d6595d7 wp-block-columns-is-layout-flex\">\n<div class=\"wp-block-column is-layout-flow wp-block-column-is-layout-flow\">\n<p><a href=\"\/exodo-17\">\u00caxodo 17<\/a><\/p>\n<\/div>\n\n\n\n<div class=\"wp-block-column is-layout-flow wp-block-column-is-layout-flow\">\n<p class=\"has-text-align-right\"><a href=\"\/exodo-19\">\u00caxodo 19<\/a><\/p>\n<\/div>\n<\/div>\n\n\n\n<h2 class=\"wp-block-heading\">Descri\u00e7\u00e3o &#8211; \u00caxodo 18<\/h2>\n\n\n\n<p class=\"has-medium-font-size\">\u00caxodo 18 narra a visita de Jetro, sogro de Mois\u00e9s, que traz a esposa e os filhos de Mois\u00e9s ao encontro dele no deserto. Ap\u00f3s ouvir sobre os milagres de Deus ao libertar Israel do Egito, Jetro louva o Senhor e oferece sacrif\u00edcios. Observando Mois\u00e9s sobrecarregado ao julgar as disputas do povo, Jetro aconselha a delega\u00e7\u00e3o de responsabilidades, sugerindo a escolha de l\u00edderes para resolver quest\u00f5es menores, enquanto Mois\u00e9s lidaria apenas com os casos mais importantes. Este cap\u00edtulo destaca a import\u00e2ncia da sabedoria na lideran\u00e7a, o valor do conselho externo e a organiza\u00e7\u00e3o para lidar com as necessidades de uma grande comunidade.<\/p>\n\n\n\n<h3 class=\"wp-block-heading\">Livro do \u00caxodo:<\/h3>\n\n\n<ul class=\"wp-block-page-list\"><li class=\"wp-block-pages-list__item\"><a class=\"wp-block-pages-list__item__link\" href=\"https:\/\/bibliapresente.com\/postagens\/livros-da-biblia\/exodo\/exodo-1\/\">\u00caxodo 1 &#8211; O Nascimento de Mois\u00e9s<\/a><\/li><li class=\"wp-block-pages-list__item\"><a class=\"wp-block-pages-list__item__link\" href=\"https:\/\/bibliapresente.com\/postagens\/livros-da-biblia\/exodo\/exodo-2\/\">\u00caxodo 2 &#8211; Mois\u00e9s no Pal\u00e1cio do Fara\u00f3<\/a><\/li><li class=\"wp-block-pages-list__item\"><a class=\"wp-block-pages-list__item__link\" href=\"https:\/\/bibliapresente.com\/postagens\/livros-da-biblia\/exodo\/exodo-3\/\">\u00caxodo 3 &#8211; O Chamado de Mois\u00e9s<\/a><\/li><li class=\"wp-block-pages-list__item\"><a class=\"wp-block-pages-list__item__link\" href=\"https:\/\/bibliapresente.com\/postagens\/livros-da-biblia\/exodo\/exodo-4\/\">\u00caxodo 4 &#8211; Deus D\u00e1 Sinais a Mois\u00e9s<\/a><\/li><li class=\"wp-block-pages-list__item\"><a class=\"wp-block-pages-list__item__link\" href=\"https:\/\/bibliapresente.com\/postagens\/livros-da-biblia\/exodo\/exodo-5\/\">\u00caxodo 5 &#8211; Mois\u00e9s e Ar\u00e3o Conrontam Fara\u00f3<\/a><\/li><li class=\"wp-block-pages-list__item\"><a class=\"wp-block-pages-list__item__link\" href=\"https:\/\/bibliapresente.com\/postagens\/livros-da-biblia\/exodo\/exodo-6\/\">\u00caxodo 6 &#8211; Deus promete livramento<\/a><\/li><li class=\"wp-block-pages-list__item\"><a class=\"wp-block-pages-list__item__link\" href=\"https:\/\/bibliapresente.com\/postagens\/livros-da-biblia\/exodo\/exodo-7\/\">\u00caxodo 7 &#8211; A Primeira Praga: Sangue<\/a><\/li><li class=\"wp-block-pages-list__item\"><a class=\"wp-block-pages-list__item__link\" href=\"https:\/\/bibliapresente.com\/postagens\/livros-da-biblia\/exodo\/exodo-8\/\">\u00caxodo 8 &#8211; Pragas: R\u00e3s, Piolhos e Moscas<\/a><\/li><li class=\"wp-block-pages-list__item\"><a class=\"wp-block-pages-list__item__link\" href=\"https:\/\/bibliapresente.com\/postagens\/livros-da-biblia\/exodo\/exodo-9\/\">\u00caxodo 9 &#8211; Pragas: Peste, \u00dalceras, Granizo<\/a><\/li><li class=\"wp-block-pages-list__item\"><a class=\"wp-block-pages-list__item__link\" href=\"https:\/\/bibliapresente.com\/postagens\/livros-da-biblia\/exodo\/exodo-10\/\">\u00caxodo 10 &#8211; Pragas: Gafanhotos e Trevas<\/a><\/li><li class=\"wp-block-pages-list__item\"><a class=\"wp-block-pages-list__item__link\" href=\"https:\/\/bibliapresente.com\/postagens\/livros-da-biblia\/exodo\/exodo-11\/\">\u00caxodo 11 &#8211; Deus anuncia a \u00faltima praga<\/a><\/li><li class=\"wp-block-pages-list__item\"><a class=\"wp-block-pages-list__item__link\" href=\"https:\/\/bibliapresente.com\/postagens\/livros-da-biblia\/exodo\/exodo-12\/\">\u00caxodo 12 &#8211; A P\u00e1scoa e a Liberta\u00e7\u00e3o<\/a><\/li><li class=\"wp-block-pages-list__item\"><a class=\"wp-block-pages-list__item__link\" href=\"https:\/\/bibliapresente.com\/postagens\/livros-da-biblia\/exodo\/exodo-13\/\">\u00caxodo 13 &#8211; A Consagra\u00e7\u00e3o dos Primog\u00eanitos<\/a><\/li><li class=\"wp-block-pages-list__item\"><a class=\"wp-block-pages-list__item__link\" href=\"https:\/\/bibliapresente.com\/postagens\/livros-da-biblia\/exodo\/exodo-14\/\">\u00caxodo 14 &#8211; A Travessia do Mar Vermelho<\/a><\/li><li class=\"wp-block-pages-list__item\"><a class=\"wp-block-pages-list__item__link\" href=\"https:\/\/bibliapresente.com\/postagens\/livros-da-biblia\/exodo\/exodo-15\/\">\u00caxodo 15 &#8211; O C\u00e2ntico de Mois\u00e9s<\/a><\/li><li class=\"wp-block-pages-list__item\"><a class=\"wp-block-pages-list__item__link\" href=\"https:\/\/bibliapresente.com\/postagens\/livros-da-biblia\/exodo\/exodo-16\/\">\u00caxodo 16 &#8211; O Man\u00e1 no Deserto<\/a><\/li><li class=\"wp-block-pages-list__item\"><a class=\"wp-block-pages-list__item__link\" href=\"https:\/\/bibliapresente.com\/postagens\/livros-da-biblia\/exodo\/exodo-17\/\">\u00caxodo 17 &#8211; \u00c1gua Brotando da Rocha<\/a><\/li><li class=\"wp-block-pages-list__item\"><a class=\"wp-block-pages-list__item__link\" href=\"https:\/\/bibliapresente.com\/postagens\/livros-da-biblia\/exodo\/exodo-18\/\">\u00caxodo 18 &#8211; Os Conselhos de Jetro<\/a><\/li><li class=\"wp-block-pages-list__item\"><a class=\"wp-block-pages-list__item__link\" href=\"https:\/\/bibliapresente.com\/postagens\/livros-da-biblia\/exodo\/exodo-19\/\">\u00caxodo 19 &#8211; A Chegada ao Monte Sinai<\/a><\/li><li class=\"wp-block-pages-list__item\"><a class=\"wp-block-pages-list__item__link\" href=\"https:\/\/bibliapresente.com\/postagens\/livros-da-biblia\/exodo\/exodo-20\/\">\u00caxodo 20 &#8211; Os Dez Mandamentos<\/a><\/li><li class=\"wp-block-pages-list__item\"><a class=\"wp-block-pages-list__item__link\" href=\"https:\/\/bibliapresente.com\/postagens\/livros-da-biblia\/exodo\/exodo-21\/\">\u00caxodo 21 &#8211; Leis Sobre Justi\u00e7a Social<\/a><\/li><li class=\"wp-block-pages-list__item\"><a class=\"wp-block-pages-list__item__link\" href=\"https:\/\/bibliapresente.com\/postagens\/livros-da-biblia\/exodo\/exodo-22\/\">\u00caxodo 22 &#8211; Leis Sobre Danos e Repara\u00e7\u00e3o<\/a><\/li><li class=\"wp-block-pages-list__item\"><a class=\"wp-block-pages-list__item__link\" href=\"https:\/\/bibliapresente.com\/postagens\/livros-da-biblia\/exodo\/exodo-23\/\">\u00caxodo 23 &#8211; Leis de Justi\u00e7a e Festividades<\/a><\/li><li class=\"wp-block-pages-list__item\"><a class=\"wp-block-pages-list__item__link\" href=\"https:\/\/bibliapresente.com\/postagens\/livros-da-biblia\/exodo\/exodo-24\/\">\u00caxodo 24 &#8211; A Confirma\u00e7\u00e3o da Alian\u00e7a<\/a><\/li><li class=\"wp-block-pages-list__item\"><a class=\"wp-block-pages-list__item__link\" href=\"https:\/\/bibliapresente.com\/postagens\/livros-da-biblia\/exodo\/exodo-25\/\">\u00caxodo 25 &#8211; Arca da Alian\u00e7a e Tabern\u00e1culo<\/a><\/li><li class=\"wp-block-pages-list__item\"><a class=\"wp-block-pages-list__item__link\" href=\"https:\/\/bibliapresente.com\/postagens\/livros-da-biblia\/exodo\/exodo-26\/\">\u00caxodo 26 &#8211; Construindo o Tabern\u00e1culo<\/a><\/li><li class=\"wp-block-pages-list__item\"><a class=\"wp-block-pages-list__item__link\" href=\"https:\/\/bibliapresente.com\/postagens\/livros-da-biblia\/exodo\/exodo-27\/\">\u00caxodo 27 &#8211; O Altar de Bronze<\/a><\/li><li class=\"wp-block-pages-list__item\"><a class=\"wp-block-pages-list__item__link\" href=\"https:\/\/bibliapresente.com\/postagens\/livros-da-biblia\/exodo\/exodo-28\/\">\u00caxodo 28 &#8211; O Vestu\u00e1rio dos Sacerdotes<\/a><\/li><li class=\"wp-block-pages-list__item\"><a class=\"wp-block-pages-list__item__link\" href=\"https:\/\/bibliapresente.com\/postagens\/livros-da-biblia\/exodo\/exodo-29\/\">\u00caxodo 29 &#8211; Consagra\u00e7\u00e3o de Ar\u00e3o<\/a><\/li><li class=\"wp-block-pages-list__item\"><a class=\"wp-block-pages-list__item__link\" href=\"https:\/\/bibliapresente.com\/postagens\/livros-da-biblia\/exodo\/exodo-30\/\">\u00caxodo 30 &#8211; O Altar do Incenso<\/a><\/li><li class=\"wp-block-pages-list__item\"><a class=\"wp-block-pages-list__item__link\" href=\"https:\/\/bibliapresente.com\/postagens\/livros-da-biblia\/exodo\/exodo-31\/\">\u00caxodo 31 &#8211; O S\u00e1bado<\/a><\/li><li class=\"wp-block-pages-list__item\"><a class=\"wp-block-pages-list__item__link\" href=\"https:\/\/bibliapresente.com\/postagens\/livros-da-biblia\/exodo\/exodo-32\/\">\u00caxodo 32 &#8211; O Bezerro de Ouro<\/a><\/li><li class=\"wp-block-pages-list__item\"><a class=\"wp-block-pages-list__item__link\" href=\"https:\/\/bibliapresente.com\/postagens\/livros-da-biblia\/exodo\/exodo-33\/\">\u00caxodo 33 &#8211; Deus promete a Sua presen\u00e7a<\/a><\/li><li class=\"wp-block-pages-list__item\"><a class=\"wp-block-pages-list__item__link\" href=\"https:\/\/bibliapresente.com\/postagens\/livros-da-biblia\/exodo\/exodo-34\/\">\u00caxodo 34 &#8211; A Renova\u00e7\u00e3o da Alian\u00e7a<\/a><\/li><li class=\"wp-block-pages-list__item\"><a class=\"wp-block-pages-list__item__link\" href=\"https:\/\/bibliapresente.com\/postagens\/livros-da-biblia\/exodo\/exodo-35\/\">\u00caxodo 35 &#8211; A Oferta do Povo<\/a><\/li><li class=\"wp-block-pages-list__item\"><a class=\"wp-block-pages-list__item__link\" href=\"https:\/\/bibliapresente.com\/postagens\/livros-da-biblia\/exodo\/exodo-36\/\">\u00caxodo 36 &#8211; A Constru\u00e7\u00e3o do Tabern\u00e1culo<\/a><\/li><li class=\"wp-block-pages-list__item\"><a class=\"wp-block-pages-list__item__link\" href=\"https:\/\/bibliapresente.com\/postagens\/livros-da-biblia\/exodo\/exodo-37\/\">\u00caxodo 37 &#8211; A Arca, a Mesa e o Candelabro<\/a><\/li><li class=\"wp-block-pages-list__item\"><a class=\"wp-block-pages-list__item__link\" href=\"https:\/\/bibliapresente.com\/postagens\/livros-da-biblia\/exodo\/exodo-38\/\">\u00caxodo 38 &#8211; O Altar de Bronze<\/a><\/li><li class=\"wp-block-pages-list__item\"><a class=\"wp-block-pages-list__item__link\" href=\"https:\/\/bibliapresente.com\/postagens\/livros-da-biblia\/exodo\/exodo-39\/\">\u00caxodo 39 &#8211; A Confec\u00e7\u00e3o das Vestes<\/a><\/li><li class=\"wp-block-pages-list__item\"><a class=\"wp-block-pages-list__item__link\" href=\"https:\/\/bibliapresente.com\/postagens\/livros-da-biblia\/exodo\/exodo-40\/\">\u00caxodo 40 &#8211; A Consagra\u00e7\u00e3o do Tabern\u00e1culo<\/a><\/li><\/ul>\n\n\n<p><\/p>\n","protected":false},"excerpt":{"rendered":"<p>O sogro de Mois\u00e9s traz sua mulher e seus filhos 1 E ouviu Jetro, sacerdote de Midi\u00e3, sogro de Mois\u00e9s, todas as coisas que Deus havia feito com Mois\u00e9s, e com Israel seu povo, e como o SENHOR havia tirado a Israel do Egito: 2 E tomou Jetro, sogro de Mois\u00e9s a Z\u00edpora a mulher &hellip; <\/p>\n","protected":false},"author":2,"featured_media":583,"parent":581,"menu_order":18,"comment_status":"closed","ping_status":"closed","template":"","meta":{"om_disable_all_campaigns":false,"_monsterinsights_skip_tracking":false,"_monsterinsights_sitenote_active":false,"_monsterinsights_sitenote_note":"","_monsterinsights_sitenote_category":0,"footnotes":""},"class_list":["post-622","page","type-page","status-publish","has-post-thumbnail","hentry"],"aioseo_notices":[],"_links":{"self":[{"href":"https:\/\/bibliapresente.com\/postagens\/wp-json\/wp\/v2\/pages\/622","targetHints":{"allow":["GET"]}}],"collection":[{"href":"https:\/\/bibliapresente.com\/postagens\/wp-json\/wp\/v2\/pages"}],"about":[{"href":"https:\/\/bibliapresente.com\/postagens\/wp-json\/wp\/v2\/types\/page"}],"author":[{"embeddable":true,"href":"https:\/\/bibliapresente.com\/postagens\/wp-json\/wp\/v2\/users\/2"}],"replies":[{"embeddable":true,"href":"https:\/\/bibliapresente.com\/postagens\/wp-json\/wp\/v2\/comments?post=622"}],"version-history":[{"count":5,"href":"https:\/\/bibliapresente.com\/postagens\/wp-json\/wp\/v2\/pages\/622\/revisions"}],"predecessor-version":[{"id":1173,"href":"https:\/\/bibliapresente.com\/postagens\/wp-json\/wp\/v2\/pages\/622\/revisions\/1173"}],"up":[{"embeddable":true,"href":"https:\/\/bibliapresente.com\/postagens\/wp-json\/wp\/v2\/pages\/581"}],"wp:featuredmedia":[{"embeddable":true,"href":"https:\/\/bibliapresente.com\/postagens\/wp-json\/wp\/v2\/media\/583"}],"wp:attachment":[{"href":"https:\/\/bibliapresente.com\/postagens\/wp-json\/wp\/v2\/media?parent=622"}],"curies":[{"name":"wp","href":"https:\/\/api.w.org\/{rel}","templated":true}]}}