{"id":618,"date":"2025-01-28T16:50:31","date_gmt":"2025-01-28T19:50:31","guid":{"rendered":"https:\/\/bibliapresente.com\/postagens\/?page_id=618"},"modified":"2025-01-28T16:50:32","modified_gmt":"2025-01-28T19:50:32","slug":"exodo-16","status":"publish","type":"page","link":"https:\/\/bibliapresente.com\/postagens\/livros-da-biblia\/exodo\/exodo-16\/","title":{"rendered":"\u00caxodo 16 &#8211; O Man\u00e1 no Deserto"},"content":{"rendered":"\n<h3 class=\"wp-block-heading\">Deus manda o man\u00e1<\/h3>\n\n\n\n<p><span><span><sup><b>1<\/b><\/sup><\/span> E partindo de Elim toda a congrega\u00e7\u00e3o dos filhos de Israel, veio ao deserto de Sim, que est\u00e1 entre Elim e Sinai, aos quinze dias do segundo m\u00eas depois que sa\u00edram da terra do Egito. <br><span><sup><b>2<\/b><\/sup><\/span> E toda a congrega\u00e7\u00e3o dos filhos de Israel murmurou contra Mois\u00e9s e Ar\u00e3o no deserto; <br><span><sup><b>3<\/b><\/sup><\/span> E diziam-lhes os filhos de Israel: Bom seria se tiv\u00e9ssemos morrido por meio do SENHOR na terra do Egito, quando nos sent\u00e1vamos junto \u00e0s panelas das carnes, quando com\u00edamos p\u00e3o em fartura; pois nos tirastes a este deserto, para matar de fome a toda esta multid\u00e3o. <br><span><sup><b>4<\/b><\/sup><\/span> E o SENHOR disse a Mois\u00e9s: Eis que eu vos farei chover p\u00e3o do c\u00e9u; e o povo sair\u00e1, e colher\u00e1 para cada um dia, para que eu lhe prove se anda em minha lei, ou n\u00e3o. <br><span><sup><b>5<\/b><\/sup><\/span> Mas ao sexto dia preparar\u00e3o o que coletarem, que ser\u00e1 o dobro do que costumam colher cada dia. <br><span><sup><b>6<\/b><\/sup><\/span> Ent\u00e3o disse Mois\u00e9s e Ar\u00e3o a todos os filhos de Israel: \u00c0 tarde sabereis que o SENHOR vos tirou da terra do Egito: <br><span><sup><b>7<\/b><\/sup><\/span> E \u00e0 manh\u00e3 vereis a gl\u00f3ria do SENHOR; porque ele ouviu vossas murmura\u00e7\u00f5es contra o SENHOR; que n\u00f3s, que somos, para que v\u00f3s murmureis contra n\u00f3s? <br><span><sup><b>8<\/b><\/sup><\/span> E disse Mois\u00e9s: o SENHOR vos dar\u00e1 \u00e0 tarde carne para comer, e \u00e0 manh\u00e3 p\u00e3o em fartura; porquanto o SENHOR ouviu vossas murmura\u00e7\u00f5es com que murmurastes contra ele: que n\u00f3s, que somos? vossas murmura\u00e7\u00f5es n\u00e3o s\u00e3o contra n\u00f3s, mas sim contra o SENHOR. <br><span><sup><b>9<\/b><\/sup><\/span> E disse Mois\u00e9s a Ar\u00e3o: Dize a toda a congrega\u00e7\u00e3o dos filhos de Israel: Aproximai-vos \u00e0 presen\u00e7a do SENHOR; que ele ouviu vossas murmura\u00e7\u00f5es. <br><span><sup><b>10<\/b><\/sup><\/span> E falando Ar\u00e3o a toda a congrega\u00e7\u00e3o dos filhos de Israel, olharam at\u00e9 o deserto, e eis a gl\u00f3ria do SENHOR, que apareceu na nuvem. <\/span><\/p>\n\n\n\n<h3 class=\"wp-block-heading\">Deus manda carne<\/h3>\n\n\n\n<p><span><span><sup><b>11<\/b><\/sup><\/span> E o SENHOR falou a Mois\u00e9s, dizendo: <br><span><sup><b>12<\/b><\/sup><\/span> Eu ouvi as murmura\u00e7\u00f5es dos filhos de Israel; fala-lhes, dizendo: Ao entardecer comereis carne, e pela manh\u00e3 vos fartareis de p\u00e3o, e sabereis que eu sou o SENHOR vosso Deus. <br><span><sup><b>13<\/b><\/sup><\/span> E vinda a tarde subiram codornizes que cobriram o acampamento; e \u00e0 manh\u00e3 desceu orvalho em derredor do acampamento. <br><span><sup><b>14<\/b><\/sup><\/span> E quando o orvalho cessou de descer, eis sobre a face do deserto uma coisa mi\u00fada, redonda, mi\u00fada como uma geada sobre a terra. <br><span><sup><b>15<\/b><\/sup><\/span> E vendo-o os filhos de Israel, se disseram uns aos outros: Que \u00e9 isto? porque n\u00e3o sabiam que era. Ent\u00e3o Mois\u00e9s lhes disse: \u00c9 o p\u00e3o que o SENHOR vos d\u00e1 para comer. <br><span><sup><b>16<\/b><\/sup><\/span> Isto \u00e9 o que o SENHOR mandou: Colhereis dele cada um segundo puder comer; um g\u00f4mer por cabe\u00e7a, conforme o n\u00famero de vossas pessoas, tomareis cada um para os que est\u00e3o em sua tenda. <br><span><sup><b>17<\/b><\/sup><\/span> E os filhos de Israel o fizeram assim: e recolheram uns mais, outros menos: <br><span><sup><b>18<\/b><\/sup><\/span> E mediam-no por g\u00f4mer, e n\u00e3o sobrava ao que havia recolhido muito, nem faltava ao que havia recolhido pouco: cada um recolheu conforme o que havia de comer. <br><span><sup><b>19<\/b><\/sup><\/span> E disse-lhes Mois\u00e9s: Nenhum deixe nada disso para amanh\u00e3. <span><sup><b>20<\/b><\/sup><\/span> Mas eles n\u00e3o obedeceram a Mois\u00e9s, mas sim que alguns deixaram dele para outro dia, e criou bichos, e apodreceu-se; e irou-se contra eles Mois\u00e9s. <br><span><sup><b>21<\/b><\/sup><\/span> E recolhiam-no cada manh\u00e3, cada um segundo o que havia de comer: e logo que o sol aquecia, derretia-se. <br><span><sup><b>22<\/b><\/sup><\/span> No sexto dia recolheram dobrada comida, dois g\u00f4meres para cada um: e todos os pr\u00edncipes da congrega\u00e7\u00e3o vieram a Mois\u00e9s, e se o fizeram saber. <br><span><sup><b>23<\/b><\/sup><\/span> E ele lhes disse: Isto \u00e9 o que disse o SENHOR: Amanh\u00e3 \u00e9 o santo s\u00e1bado, o repouso do SENHOR: o que houverdes de cozer, cozei-o hoje, e o que houverdes de cozinhar, cozinhai-o; e todo o que vos sobrar, guardai-o para amanh\u00e3. <br><span><sup><b>24<\/b><\/sup><\/span> E eles o guardaram at\u00e9 a manh\u00e3, segundo que Mois\u00e9s havia mandado, e n\u00e3o se apodreceu, nem houve nele bicho. <br><span><sup><b>25<\/b><\/sup><\/span> E disse Mois\u00e9s: Comei-o hoje, porque hoje \u00e9 s\u00e1bado do SENHOR: hoje n\u00e3o achareis no campo. <br><span><sup><b>26<\/b><\/sup><\/span> Nos seis dias o recolhereis; mas o s\u00e9timo dia \u00e9 s\u00e1bado, no qual n\u00e3o se achar\u00e1. <br><span><sup><b>27<\/b><\/sup><\/span> E aconteceu que alguns do povo sa\u00edram no s\u00e9timo dia a recolher, e n\u00e3o acharam. <br><span><sup><b>28<\/b><\/sup><\/span> E o SENHOR disse a Mois\u00e9s: At\u00e9 quando n\u00e3o querereis guardar meus mandamentos e minhas leis? <br><span><sup><b>29<\/b><\/sup><\/span> Olhai que o SENHOR vos deu o s\u00e1bado, e por isso vos d\u00e1 no sexto dia p\u00e3o para dois dias. Fique, pois, cada um em sua morada, e ningu\u00e9m saia de seu lugar no s\u00e9timo dia. <br><span><sup><b>30<\/b><\/sup><\/span> Assim o povo repousou o s\u00e9timo dia. <br><span><sup><b>31<\/b><\/sup><\/span> E a casa de Israel o chamou man\u00e1; e era como semente de coentro, branco, e seu sabor como de bolos com mel. <br><span><sup><b>32<\/b><\/sup><\/span> E disse Mois\u00e9s: Isto \u00e9 o que o SENHOR mandou: Encher\u00e1s um g\u00f4mer dele para que se guarde para vossos descendentes, a fim de que vejam o p\u00e3o que eu vos dei a comer no deserto, quando eu vos tirei da terra do Egito. <br><span><sup><b>33<\/b><\/sup><\/span> E disse Mois\u00e9s a Ar\u00e3o: Toma um vaso e p\u00f5e nele um g\u00f4mer cheio de man\u00e1, e p\u00f5e-o diante do SENHOR, para que seja guardado para vossos descendentes. <br><span><sup><b>34<\/b><\/sup><\/span> E Ar\u00e3o o p\u00f4s diante do testemunho para guard\u00e1-lo, como o SENHOR o mandou a Mois\u00e9s. <br><span><sup><b>35<\/b><\/sup><\/span> Assim comeram os filhos de Israel man\u00e1 quarenta anos, at\u00e9 que entraram na terra habitada; man\u00e1 comeram, at\u00e9 que chegaram ao termo da terra de Cana\u00e3. <br><span><sup><b>36<\/b><\/sup><\/span> E um g\u00f4mer \u00e9 a d\u00e9cima parte do efa.<\/span><\/p>\n\n\n\n<div class=\"wp-block-columns is-layout-flex wp-container-core-columns-is-layout-9d6595d7 wp-block-columns-is-layout-flex\">\n<div class=\"wp-block-column is-layout-flow wp-block-column-is-layout-flow\">\n<p><a href=\"\/exodo-15\">\u00caxodo 15<\/a><\/p>\n<\/div>\n\n\n\n<div class=\"wp-block-column is-layout-flow wp-block-column-is-layout-flow\">\n<p class=\"has-text-align-right\"><a href=\"\/exodo-17\">\u00caxodo 17<\/a><\/p>\n<\/div>\n<\/div>\n\n\n\n<h2 class=\"wp-block-heading\">Descri\u00e7\u00e3o &#8211; \u00caxodo 16<\/h2>\n\n\n\n<p class=\"has-medium-font-size\">\u00caxodo 16 narra a provis\u00e3o milagrosa de Deus ao enviar o man\u00e1 e codornizes para alimentar os israelitas no deserto. Ap\u00f3s murmurarem por falta de comida, Deus promete sustentar o povo diariamente, instruindo-os a recolher o man\u00e1 em quantidade suficiente para cada dia, exceto no s\u00e1bado, que \u00e9 reservado ao descanso. Este cap\u00edtulo destaca a fidelidade divina em suprir as necessidades de Israel, mesmo diante de sua falta de confian\u00e7a. A provis\u00e3o do man\u00e1 simboliza a depend\u00eancia do povo de Deus durante a jornada rumo \u00e0 Terra Prometida, refor\u00e7ando o tema central da obedi\u00eancia e da confian\u00e7a no Senhor.<\/p>\n\n\n\n<h3 class=\"wp-block-heading\">Livro do \u00caxodo:<\/h3>\n\n\n<ul class=\"wp-block-page-list\"><li class=\"wp-block-pages-list__item\"><a class=\"wp-block-pages-list__item__link\" href=\"https:\/\/bibliapresente.com\/postagens\/livros-da-biblia\/exodo\/exodo-1\/\">\u00caxodo 1 &#8211; O Nascimento de Mois\u00e9s<\/a><\/li><li class=\"wp-block-pages-list__item\"><a class=\"wp-block-pages-list__item__link\" href=\"https:\/\/bibliapresente.com\/postagens\/livros-da-biblia\/exodo\/exodo-2\/\">\u00caxodo 2 &#8211; Mois\u00e9s no Pal\u00e1cio do Fara\u00f3<\/a><\/li><li class=\"wp-block-pages-list__item\"><a class=\"wp-block-pages-list__item__link\" href=\"https:\/\/bibliapresente.com\/postagens\/livros-da-biblia\/exodo\/exodo-3\/\">\u00caxodo 3 &#8211; O Chamado de Mois\u00e9s<\/a><\/li><li class=\"wp-block-pages-list__item\"><a class=\"wp-block-pages-list__item__link\" href=\"https:\/\/bibliapresente.com\/postagens\/livros-da-biblia\/exodo\/exodo-4\/\">\u00caxodo 4 &#8211; Deus D\u00e1 Sinais a Mois\u00e9s<\/a><\/li><li class=\"wp-block-pages-list__item\"><a class=\"wp-block-pages-list__item__link\" href=\"https:\/\/bibliapresente.com\/postagens\/livros-da-biblia\/exodo\/exodo-5\/\">\u00caxodo 5 &#8211; Mois\u00e9s e Ar\u00e3o Conrontam Fara\u00f3<\/a><\/li><li class=\"wp-block-pages-list__item\"><a class=\"wp-block-pages-list__item__link\" href=\"https:\/\/bibliapresente.com\/postagens\/livros-da-biblia\/exodo\/exodo-6\/\">\u00caxodo 6 &#8211; Deus promete livramento<\/a><\/li><li class=\"wp-block-pages-list__item\"><a class=\"wp-block-pages-list__item__link\" href=\"https:\/\/bibliapresente.com\/postagens\/livros-da-biblia\/exodo\/exodo-7\/\">\u00caxodo 7 &#8211; A Primeira Praga: Sangue<\/a><\/li><li class=\"wp-block-pages-list__item\"><a class=\"wp-block-pages-list__item__link\" href=\"https:\/\/bibliapresente.com\/postagens\/livros-da-biblia\/exodo\/exodo-8\/\">\u00caxodo 8 &#8211; Pragas: R\u00e3s, Piolhos e Moscas<\/a><\/li><li class=\"wp-block-pages-list__item\"><a class=\"wp-block-pages-list__item__link\" href=\"https:\/\/bibliapresente.com\/postagens\/livros-da-biblia\/exodo\/exodo-9\/\">\u00caxodo 9 &#8211; Pragas: Peste, \u00dalceras, Granizo<\/a><\/li><li class=\"wp-block-pages-list__item\"><a class=\"wp-block-pages-list__item__link\" href=\"https:\/\/bibliapresente.com\/postagens\/livros-da-biblia\/exodo\/exodo-10\/\">\u00caxodo 10 &#8211; Pragas: Gafanhotos e Trevas<\/a><\/li><li class=\"wp-block-pages-list__item\"><a class=\"wp-block-pages-list__item__link\" href=\"https:\/\/bibliapresente.com\/postagens\/livros-da-biblia\/exodo\/exodo-11\/\">\u00caxodo 11 &#8211; Deus anuncia a \u00faltima praga<\/a><\/li><li class=\"wp-block-pages-list__item\"><a class=\"wp-block-pages-list__item__link\" href=\"https:\/\/bibliapresente.com\/postagens\/livros-da-biblia\/exodo\/exodo-12\/\">\u00caxodo 12 &#8211; A P\u00e1scoa e a Liberta\u00e7\u00e3o<\/a><\/li><li class=\"wp-block-pages-list__item\"><a class=\"wp-block-pages-list__item__link\" href=\"https:\/\/bibliapresente.com\/postagens\/livros-da-biblia\/exodo\/exodo-13\/\">\u00caxodo 13 &#8211; A Consagra\u00e7\u00e3o dos Primog\u00eanitos<\/a><\/li><li class=\"wp-block-pages-list__item\"><a class=\"wp-block-pages-list__item__link\" href=\"https:\/\/bibliapresente.com\/postagens\/livros-da-biblia\/exodo\/exodo-14\/\">\u00caxodo 14 &#8211; A Travessia do Mar Vermelho<\/a><\/li><li class=\"wp-block-pages-list__item\"><a class=\"wp-block-pages-list__item__link\" href=\"https:\/\/bibliapresente.com\/postagens\/livros-da-biblia\/exodo\/exodo-15\/\">\u00caxodo 15 &#8211; O C\u00e2ntico de Mois\u00e9s<\/a><\/li><li class=\"wp-block-pages-list__item\"><a class=\"wp-block-pages-list__item__link\" href=\"https:\/\/bibliapresente.com\/postagens\/livros-da-biblia\/exodo\/exodo-16\/\">\u00caxodo 16 &#8211; O Man\u00e1 no Deserto<\/a><\/li><li class=\"wp-block-pages-list__item\"><a class=\"wp-block-pages-list__item__link\" href=\"https:\/\/bibliapresente.com\/postagens\/livros-da-biblia\/exodo\/exodo-17\/\">\u00caxodo 17 &#8211; \u00c1gua Brotando da Rocha<\/a><\/li><li class=\"wp-block-pages-list__item\"><a class=\"wp-block-pages-list__item__link\" href=\"https:\/\/bibliapresente.com\/postagens\/livros-da-biblia\/exodo\/exodo-18\/\">\u00caxodo 18 &#8211; Os Conselhos de Jetro<\/a><\/li><li class=\"wp-block-pages-list__item\"><a class=\"wp-block-pages-list__item__link\" href=\"https:\/\/bibliapresente.com\/postagens\/livros-da-biblia\/exodo\/exodo-19\/\">\u00caxodo 19 &#8211; A Chegada ao Monte Sinai<\/a><\/li><li class=\"wp-block-pages-list__item\"><a class=\"wp-block-pages-list__item__link\" href=\"https:\/\/bibliapresente.com\/postagens\/livros-da-biblia\/exodo\/exodo-20\/\">\u00caxodo 20 &#8211; Os Dez Mandamentos<\/a><\/li><li class=\"wp-block-pages-list__item\"><a class=\"wp-block-pages-list__item__link\" href=\"https:\/\/bibliapresente.com\/postagens\/livros-da-biblia\/exodo\/exodo-21\/\">\u00caxodo 21 &#8211; Leis Sobre Justi\u00e7a Social<\/a><\/li><li class=\"wp-block-pages-list__item\"><a class=\"wp-block-pages-list__item__link\" href=\"https:\/\/bibliapresente.com\/postagens\/livros-da-biblia\/exodo\/exodo-22\/\">\u00caxodo 22 &#8211; Leis Sobre Danos e Repara\u00e7\u00e3o<\/a><\/li><li class=\"wp-block-pages-list__item\"><a class=\"wp-block-pages-list__item__link\" href=\"https:\/\/bibliapresente.com\/postagens\/livros-da-biblia\/exodo\/exodo-23\/\">\u00caxodo 23 &#8211; Leis de Justi\u00e7a e Festividades<\/a><\/li><li class=\"wp-block-pages-list__item\"><a class=\"wp-block-pages-list__item__link\" href=\"https:\/\/bibliapresente.com\/postagens\/livros-da-biblia\/exodo\/exodo-24\/\">\u00caxodo 24 &#8211; A Confirma\u00e7\u00e3o da Alian\u00e7a<\/a><\/li><li class=\"wp-block-pages-list__item\"><a class=\"wp-block-pages-list__item__link\" href=\"https:\/\/bibliapresente.com\/postagens\/livros-da-biblia\/exodo\/exodo-25\/\">\u00caxodo 25 &#8211; Arca da Alian\u00e7a e Tabern\u00e1culo<\/a><\/li><li class=\"wp-block-pages-list__item\"><a class=\"wp-block-pages-list__item__link\" href=\"https:\/\/bibliapresente.com\/postagens\/livros-da-biblia\/exodo\/exodo-26\/\">\u00caxodo 26 &#8211; Construindo o Tabern\u00e1culo<\/a><\/li><li class=\"wp-block-pages-list__item\"><a class=\"wp-block-pages-list__item__link\" href=\"https:\/\/bibliapresente.com\/postagens\/livros-da-biblia\/exodo\/exodo-27\/\">\u00caxodo 27 &#8211; O Altar de Bronze<\/a><\/li><li class=\"wp-block-pages-list__item\"><a class=\"wp-block-pages-list__item__link\" href=\"https:\/\/bibliapresente.com\/postagens\/livros-da-biblia\/exodo\/exodo-28\/\">\u00caxodo 28 &#8211; O Vestu\u00e1rio dos Sacerdotes<\/a><\/li><li class=\"wp-block-pages-list__item\"><a class=\"wp-block-pages-list__item__link\" href=\"https:\/\/bibliapresente.com\/postagens\/livros-da-biblia\/exodo\/exodo-29\/\">\u00caxodo 29 &#8211; Consagra\u00e7\u00e3o de Ar\u00e3o<\/a><\/li><li class=\"wp-block-pages-list__item\"><a class=\"wp-block-pages-list__item__link\" href=\"https:\/\/bibliapresente.com\/postagens\/livros-da-biblia\/exodo\/exodo-30\/\">\u00caxodo 30 &#8211; O Altar do Incenso<\/a><\/li><li class=\"wp-block-pages-list__item\"><a class=\"wp-block-pages-list__item__link\" href=\"https:\/\/bibliapresente.com\/postagens\/livros-da-biblia\/exodo\/exodo-31\/\">\u00caxodo 31 &#8211; O S\u00e1bado<\/a><\/li><li class=\"wp-block-pages-list__item\"><a class=\"wp-block-pages-list__item__link\" href=\"https:\/\/bibliapresente.com\/postagens\/livros-da-biblia\/exodo\/exodo-32\/\">\u00caxodo 32 &#8211; O Bezerro de Ouro<\/a><\/li><li class=\"wp-block-pages-list__item\"><a class=\"wp-block-pages-list__item__link\" href=\"https:\/\/bibliapresente.com\/postagens\/livros-da-biblia\/exodo\/exodo-33\/\">\u00caxodo 33 &#8211; Deus promete a Sua presen\u00e7a<\/a><\/li><li class=\"wp-block-pages-list__item\"><a class=\"wp-block-pages-list__item__link\" href=\"https:\/\/bibliapresente.com\/postagens\/livros-da-biblia\/exodo\/exodo-34\/\">\u00caxodo 34 &#8211; A Renova\u00e7\u00e3o da Alian\u00e7a<\/a><\/li><li class=\"wp-block-pages-list__item\"><a class=\"wp-block-pages-list__item__link\" href=\"https:\/\/bibliapresente.com\/postagens\/livros-da-biblia\/exodo\/exodo-35\/\">\u00caxodo 35 &#8211; A Oferta do Povo<\/a><\/li><li class=\"wp-block-pages-list__item\"><a class=\"wp-block-pages-list__item__link\" href=\"https:\/\/bibliapresente.com\/postagens\/livros-da-biblia\/exodo\/exodo-36\/\">\u00caxodo 36 &#8211; A Constru\u00e7\u00e3o do Tabern\u00e1culo<\/a><\/li><li class=\"wp-block-pages-list__item\"><a class=\"wp-block-pages-list__item__link\" href=\"https:\/\/bibliapresente.com\/postagens\/livros-da-biblia\/exodo\/exodo-37\/\">\u00caxodo 37 &#8211; A Arca, a Mesa e o Candelabro<\/a><\/li><li class=\"wp-block-pages-list__item\"><a class=\"wp-block-pages-list__item__link\" href=\"https:\/\/bibliapresente.com\/postagens\/livros-da-biblia\/exodo\/exodo-38\/\">\u00caxodo 38 &#8211; O Altar de Bronze<\/a><\/li><li class=\"wp-block-pages-list__item\"><a class=\"wp-block-pages-list__item__link\" href=\"https:\/\/bibliapresente.com\/postagens\/livros-da-biblia\/exodo\/exodo-39\/\">\u00caxodo 39 &#8211; A Confec\u00e7\u00e3o das Vestes<\/a><\/li><li class=\"wp-block-pages-list__item\"><a class=\"wp-block-pages-list__item__link\" href=\"https:\/\/bibliapresente.com\/postagens\/livros-da-biblia\/exodo\/exodo-40\/\">\u00caxodo 40 &#8211; A Consagra\u00e7\u00e3o do Tabern\u00e1culo<\/a><\/li><\/ul>\n\n\n<p><\/p>\n","protected":false},"excerpt":{"rendered":"<p>Deus manda o man\u00e1 1 E partindo de Elim toda a congrega\u00e7\u00e3o dos filhos de Israel, veio ao deserto de Sim, que est\u00e1 entre Elim e Sinai, aos quinze dias do segundo m\u00eas depois que sa\u00edram da terra do Egito. 2 E toda a congrega\u00e7\u00e3o dos filhos de Israel murmurou contra Mois\u00e9s e Ar\u00e3o no &hellip; <\/p>\n","protected":false},"author":2,"featured_media":583,"parent":581,"menu_order":16,"comment_status":"closed","ping_status":"closed","template":"","meta":{"om_disable_all_campaigns":false,"_monsterinsights_skip_tracking":false,"_monsterinsights_sitenote_active":false,"_monsterinsights_sitenote_note":"","_monsterinsights_sitenote_category":0,"footnotes":""},"class_list":["post-618","page","type-page","status-publish","has-post-thumbnail","hentry"],"aioseo_notices":[],"_links":{"self":[{"href":"https:\/\/bibliapresente.com\/postagens\/wp-json\/wp\/v2\/pages\/618","targetHints":{"allow":["GET"]}}],"collection":[{"href":"https:\/\/bibliapresente.com\/postagens\/wp-json\/wp\/v2\/pages"}],"about":[{"href":"https:\/\/bibliapresente.com\/postagens\/wp-json\/wp\/v2\/types\/page"}],"author":[{"embeddable":true,"href":"https:\/\/bibliapresente.com\/postagens\/wp-json\/wp\/v2\/users\/2"}],"replies":[{"embeddable":true,"href":"https:\/\/bibliapresente.com\/postagens\/wp-json\/wp\/v2\/comments?post=618"}],"version-history":[{"count":5,"href":"https:\/\/bibliapresente.com\/postagens\/wp-json\/wp\/v2\/pages\/618\/revisions"}],"predecessor-version":[{"id":1169,"href":"https:\/\/bibliapresente.com\/postagens\/wp-json\/wp\/v2\/pages\/618\/revisions\/1169"}],"up":[{"embeddable":true,"href":"https:\/\/bibliapresente.com\/postagens\/wp-json\/wp\/v2\/pages\/581"}],"wp:featuredmedia":[{"embeddable":true,"href":"https:\/\/bibliapresente.com\/postagens\/wp-json\/wp\/v2\/media\/583"}],"wp:attachment":[{"href":"https:\/\/bibliapresente.com\/postagens\/wp-json\/wp\/v2\/media?parent=618"}],"curies":[{"name":"wp","href":"https:\/\/api.w.org\/{rel}","templated":true}]}}