{"id":614,"date":"2025-01-25T15:20:57","date_gmt":"2025-01-25T18:20:57","guid":{"rendered":"https:\/\/bibliapresente.com\/postagens\/?page_id=614"},"modified":"2025-01-28T16:46:51","modified_gmt":"2025-01-28T19:46:51","slug":"exodo-14","status":"publish","type":"page","link":"https:\/\/bibliapresente.com\/postagens\/livros-da-biblia\/exodo\/exodo-14\/","title":{"rendered":"\u00caxodo 14 &#8211; A Travessia do Mar Vermelho"},"content":{"rendered":"\n<h3 class=\"wp-block-heading\">Deus anuncia a ru\u00edna dos eg\u00edpcios<\/h3>\n\n\n\n<p><span><span><sup><b>1<\/b><\/sup><\/span> E falou o SENHOR a Mois\u00e9s, dizendo: <br><span><sup><b>2<\/b><\/sup><\/span> Fala aos filhos de Israel que deem a volta, e assentem seu acampamento diante de Pi-Hairote, entre Migdol e o mar at\u00e9 Baal-Zefom: diante dele assentareis o campo, junto ao mar. <br><span><sup><b>3<\/b><\/sup><\/span> Porque Fara\u00f3 dir\u00e1 dos filhos de Israel: Est\u00e3o andando confusos na terra, o deserto os encurralou. <br><span><sup><b>4<\/b><\/sup><\/span> E eu endurecerei o cora\u00e7\u00e3o de Fara\u00f3 para que os siga; e serei glorificado em Fara\u00f3 e em todo o seu ex\u00e9rcito; e saber\u00e3o os eg\u00edpcios que eu sou o SENHOR. E eles o fizeram assim. <br><span><sup><b>5<\/b><\/sup><\/span> E foi dado aviso ao rei do Egito como o povo se fugia: e o cora\u00e7\u00e3o de Fara\u00f3 e de seus servos se voltou contra o povo, e disseram: Como fizemos isto de haver deixado ir a Israel, para que n\u00e3o nos sirva? <br><span><sup><b>6<\/b><\/sup><\/span> E preparou seu carro, e tomou consigo seu povo; <br><span><sup><b>7<\/b><\/sup><\/span> e tomou seiscentos carros escolhidos, e todos os carros do Egito, e os capit\u00e3es sobre eles. <br><span><sup><b>8<\/b><\/sup><\/span> E endureceu o SENHOR o cora\u00e7\u00e3o de Fara\u00f3 rei do Egito, e seguiu aos filhos de Israel; mas os filhos de Israel haviam sa\u00eddo com m\u00e3o poderosa. <br><span><sup><b>9<\/b><\/sup><\/span> Seguindo-os, pois, os eg\u00edpcios, com toda a cavalaria e carros de Fara\u00f3, seus cavaleiros, e todo seu ex\u00e9rcito, alcan\u00e7aram-nos assentando o acampamento junto ao mar, ao lado de Pi-Hairote, diante de Baal-Zefom. <br><span><sup><b>10<\/b><\/sup><\/span> E quando Fara\u00f3 se aproximou, os filhos de Israel levantaram seus olhos, e eis que os eg\u00edpcios que vinham atr\u00e1s eles; pelo que temeram em grande maneira, e clamaram os filhos de Israel ao SENHOR. <br><span><sup><b>11<\/b><\/sup><\/span> E disseram a Mois\u00e9s: N\u00e3o havia sepulcros no Egito, que nos h\u00e1s tirado para que morramos no deserto? Por que o fizeste assim conosco, que nos tiraste do Egito? <br><span><sup><b>12<\/b><\/sup><\/span> N\u00e3o \u00e9 isto o que te falamos no Egito, dizendo: Deixa-nos servir aos eg\u00edpcios? Que melhor nos fora servir aos eg\u00edpcios, que morrermos no deserto. <br><span><sup><b>13<\/b><\/sup><\/span> E Mois\u00e9s disse ao povo: N\u00e3o temais; ficai quietos, e vede a salva\u00e7\u00e3o do SENHOR, que ele far\u00e1 hoje convosco; porque os eg\u00edpcios que hoje vistes, nunca mais para sempre os vereis. <br><span><sup><b>14<\/b><\/sup><\/span> O SENHOR lutar\u00e1 por v\u00f3s, e v\u00f3s estareis quietos. <\/span><\/p>\n\n\n\n<h3 class=\"wp-block-heading\">A passagem pelo meio do mar<\/h3>\n\n\n\n<p><span><span><sup><b>15<\/b><\/sup><\/span> Ent\u00e3o o SENHOR disse a Mois\u00e9s: Por que clamas a mim? Dize aos filhos de Israel que marchem. <br><span><sup><b>16<\/b><\/sup><\/span> E tu ergue tua vara, e estende tua m\u00e3o sobre o mar, e divide-o; e entrem os filhos de Israel por meio do mar em seco. <br><span><sup><b>17<\/b><\/sup><\/span> E eu, eis que eu endurecerei o cora\u00e7\u00e3o dos eg\u00edpcios, para que os sigam: e eu me glorificarei em Fara\u00f3, e em todo o seu ex\u00e9rcito, e em seus carros, e em sua cavalaria; <br><span><sup><b>18<\/b><\/sup><\/span> E saber\u00e3o os eg\u00edpcios que eu sou o SENHOR, quando eu me glorificar em Fara\u00f3, em seus carros, e em seus cavaleiros. <br><span><sup><b>19<\/b><\/sup><\/span> E o anjo de Deus que ia diante do acampamento de Israel, se separou, e ia ap\u00f3s eles; e tamb\u00e9m a coluna de nuvem que ia diante deles, se separou, e p\u00f4s-se a suas costas: <br><span><sup><b>20<\/b><\/sup><\/span> E ia entre o acampamento dos eg\u00edpcios e o acampamento de Israel; e era nuvem e trevas para aqueles, e iluminava a Israel de noite: e em toda aquela noite nunca chegaram os uns aos outros. <br><span><sup><b>21<\/b><\/sup><\/span> E estendeu Mois\u00e9s sua m\u00e3o sobre o mar, e fez o SENHOR que o mar se retirasse por forte vento oriental toda aquela noite; e tornou o mar em seco, e as \u00e1guas restaram divididas. <br><span><sup><b>22<\/b><\/sup><\/span> Ent\u00e3o os filhos de Israel entraram por meio do mar em seco, tendo as \u00e1guas como muro \u00e0 sua direita e \u00e0 sua esquerda: <br><span><sup><b>23<\/b><\/sup><\/span> E seguindo-os os eg\u00edpcios, entraram atr\u00e1s eles at\u00e9 o meio do mar, toda a cavalaria de Fara\u00f3, seus carros, e seus cavaleiros. <br><span><sup><b>24<\/b><\/sup><\/span> E aconteceu \u00e0 vig\u00edlia da manh\u00e3, que o SENHOR olhou ao campo dos eg\u00edpcios desde a coluna de fogo e nuvem, e perturbou o acampamento dos eg\u00edpcios. <br><span><sup><b>25<\/b><\/sup><\/span> E tirou-lhes as rodas de seus carros, e transtornou-os gravemente. Ent\u00e3o os eg\u00edpcios disseram: Fujamos de diante de Israel, porque o SENHOR luta por eles contra os eg\u00edpcios. <br><span><sup><b>26<\/b><\/sup><\/span> E o SENHOR disse a Mois\u00e9s: Estende tua m\u00e3o sobre o mar, para que as \u00e1guas voltem sobre os eg\u00edpcios, sobre seus carros, e sobre sua cavalaria. <\/span><\/p>\n\n\n\n<h3 class=\"wp-block-heading\">Os eg\u00edpcios perecem no mar<\/h3>\n\n\n\n<p><span><span><sup><b>27<\/b><\/sup><\/span> E Mois\u00e9s estendeu sua m\u00e3o sobre o mar, e o mar se voltou em sua for\u00e7a quando amanhecia; e os eg\u00edpcios iam at\u00e9 ela: e o SENHOR derrubou aos eg\u00edpcios em meio do mar. <br><span><sup><b>28<\/b><\/sup><\/span> E voltaram as \u00e1guas, e cobriram os carros e a cavalaria, e todo o ex\u00e9rcito de Fara\u00f3 que havia entrado atr\u00e1s eles no mar; n\u00e3o restou deles nenhum. <br><span><sup><b>29<\/b><\/sup><\/span> E os filhos de Israel foram por meio do mar em seco, tendo as \u00e1guas por muro \u00e0 sua direita e \u00e0 sua esquerda. <br><span><sup><b>30<\/b><\/sup><\/span> Assim salvou o SENHOR aquele dia a Israel da m\u00e3o dos eg\u00edpcios; e Israel viu aos eg\u00edpcios mortos \u00e0 beira do mar. <br><span><sup><b>31<\/b><\/sup><\/span> E viu Israel aquele grande feito que o SENHOR executou contra os eg\u00edpcios: e o povo temeu ao SENHOR, e creram no SENHOR e em Mois\u00e9s seu servo.<\/span><\/p>\n\n\n\n<div class=\"wp-block-columns is-layout-flex wp-container-core-columns-is-layout-9d6595d7 wp-block-columns-is-layout-flex\">\n<div class=\"wp-block-column is-layout-flow wp-block-column-is-layout-flow\">\n<p><a href=\"\/exodo-13\">\u00caxodo 13<\/a><\/p>\n<\/div>\n\n\n\n<div class=\"wp-block-column is-layout-flow wp-block-column-is-layout-flow\">\n<p class=\"has-text-align-right\"><a href=\"\/exodo-15\">\u00caxodo 15<\/a><\/p>\n<\/div>\n<\/div>\n\n\n\n<h2 class=\"wp-block-heading\">Descri\u00e7\u00e3o &#8211; \u00caxodo 14<\/h2>\n\n\n\n<p class=\"has-medium-font-size\">\u00caxodo 14 descreve o momento crucial da travessia do Mar Vermelho. Os israelitas, liderados por Mois\u00e9s, s\u00e3o perseguidos pelo ex\u00e9rcito eg\u00edpcio ap\u00f3s a sua liberta\u00e7\u00e3o. Ent\u00e3o, Deus instrui Mois\u00e9s a estender seu cajado sobre o mar, e uma forte correnteza separa as \u00e1guas. Assim, permite que o povo de Israel atravesse em terra seca. Quando o ex\u00e9rcito eg\u00edpcio tenta seguir, as \u00e1guas retornam, submergindo o fara\u00f3 e seus soldados. Este milagre marca a liberta\u00e7\u00e3o definitiva de Israel. E consolida o poder de Deus sobre o Egito e destacando Sua fidelidade em cumprir as promessas feitas aos patriarcas.<\/p>\n\n\n\n<h3 class=\"wp-block-heading\">Livro do \u00caxodo:<\/h3>\n\n\n<ul class=\"wp-block-page-list\"><li class=\"wp-block-pages-list__item\"><a class=\"wp-block-pages-list__item__link\" href=\"https:\/\/bibliapresente.com\/postagens\/livros-da-biblia\/exodo\/exodo-1\/\">\u00caxodo 1 &#8211; O Nascimento de Mois\u00e9s<\/a><\/li><li class=\"wp-block-pages-list__item\"><a class=\"wp-block-pages-list__item__link\" href=\"https:\/\/bibliapresente.com\/postagens\/livros-da-biblia\/exodo\/exodo-2\/\">\u00caxodo 2 &#8211; Mois\u00e9s no Pal\u00e1cio do Fara\u00f3<\/a><\/li><li class=\"wp-block-pages-list__item\"><a class=\"wp-block-pages-list__item__link\" href=\"https:\/\/bibliapresente.com\/postagens\/livros-da-biblia\/exodo\/exodo-3\/\">\u00caxodo 3 &#8211; O Chamado de Mois\u00e9s<\/a><\/li><li class=\"wp-block-pages-list__item\"><a class=\"wp-block-pages-list__item__link\" href=\"https:\/\/bibliapresente.com\/postagens\/livros-da-biblia\/exodo\/exodo-4\/\">\u00caxodo 4 &#8211; Deus D\u00e1 Sinais a Mois\u00e9s<\/a><\/li><li class=\"wp-block-pages-list__item\"><a class=\"wp-block-pages-list__item__link\" href=\"https:\/\/bibliapresente.com\/postagens\/livros-da-biblia\/exodo\/exodo-5\/\">\u00caxodo 5 &#8211; Mois\u00e9s e Ar\u00e3o Conrontam Fara\u00f3<\/a><\/li><li class=\"wp-block-pages-list__item\"><a class=\"wp-block-pages-list__item__link\" href=\"https:\/\/bibliapresente.com\/postagens\/livros-da-biblia\/exodo\/exodo-6\/\">\u00caxodo 6 &#8211; Deus promete livramento<\/a><\/li><li class=\"wp-block-pages-list__item\"><a class=\"wp-block-pages-list__item__link\" href=\"https:\/\/bibliapresente.com\/postagens\/livros-da-biblia\/exodo\/exodo-7\/\">\u00caxodo 7 &#8211; A Primeira Praga: Sangue<\/a><\/li><li class=\"wp-block-pages-list__item\"><a class=\"wp-block-pages-list__item__link\" href=\"https:\/\/bibliapresente.com\/postagens\/livros-da-biblia\/exodo\/exodo-8\/\">\u00caxodo 8 &#8211; Pragas: R\u00e3s, Piolhos e Moscas<\/a><\/li><li class=\"wp-block-pages-list__item\"><a class=\"wp-block-pages-list__item__link\" href=\"https:\/\/bibliapresente.com\/postagens\/livros-da-biblia\/exodo\/exodo-9\/\">\u00caxodo 9 &#8211; Pragas: Peste, \u00dalceras, Granizo<\/a><\/li><li class=\"wp-block-pages-list__item\"><a class=\"wp-block-pages-list__item__link\" href=\"https:\/\/bibliapresente.com\/postagens\/livros-da-biblia\/exodo\/exodo-10\/\">\u00caxodo 10 &#8211; Pragas: Gafanhotos e Trevas<\/a><\/li><li class=\"wp-block-pages-list__item\"><a class=\"wp-block-pages-list__item__link\" href=\"https:\/\/bibliapresente.com\/postagens\/livros-da-biblia\/exodo\/exodo-11\/\">\u00caxodo 11 &#8211; Deus anuncia a \u00faltima praga<\/a><\/li><li class=\"wp-block-pages-list__item\"><a class=\"wp-block-pages-list__item__link\" href=\"https:\/\/bibliapresente.com\/postagens\/livros-da-biblia\/exodo\/exodo-12\/\">\u00caxodo 12 &#8211; A P\u00e1scoa e a Liberta\u00e7\u00e3o<\/a><\/li><li class=\"wp-block-pages-list__item\"><a class=\"wp-block-pages-list__item__link\" href=\"https:\/\/bibliapresente.com\/postagens\/livros-da-biblia\/exodo\/exodo-13\/\">\u00caxodo 13 &#8211; A Consagra\u00e7\u00e3o dos Primog\u00eanitos<\/a><\/li><li class=\"wp-block-pages-list__item\"><a class=\"wp-block-pages-list__item__link\" href=\"https:\/\/bibliapresente.com\/postagens\/livros-da-biblia\/exodo\/exodo-14\/\">\u00caxodo 14 &#8211; A Travessia do Mar Vermelho<\/a><\/li><li class=\"wp-block-pages-list__item\"><a class=\"wp-block-pages-list__item__link\" href=\"https:\/\/bibliapresente.com\/postagens\/livros-da-biblia\/exodo\/exodo-15\/\">\u00caxodo 15 &#8211; O C\u00e2ntico de Mois\u00e9s<\/a><\/li><li class=\"wp-block-pages-list__item\"><a class=\"wp-block-pages-list__item__link\" href=\"https:\/\/bibliapresente.com\/postagens\/livros-da-biblia\/exodo\/exodo-16\/\">\u00caxodo 16 &#8211; O Man\u00e1 no Deserto<\/a><\/li><li class=\"wp-block-pages-list__item\"><a class=\"wp-block-pages-list__item__link\" href=\"https:\/\/bibliapresente.com\/postagens\/livros-da-biblia\/exodo\/exodo-17\/\">\u00caxodo 17 &#8211; \u00c1gua Brotando da Rocha<\/a><\/li><li class=\"wp-block-pages-list__item\"><a class=\"wp-block-pages-list__item__link\" href=\"https:\/\/bibliapresente.com\/postagens\/livros-da-biblia\/exodo\/exodo-18\/\">\u00caxodo 18 &#8211; Os Conselhos de Jetro<\/a><\/li><li class=\"wp-block-pages-list__item\"><a class=\"wp-block-pages-list__item__link\" href=\"https:\/\/bibliapresente.com\/postagens\/livros-da-biblia\/exodo\/exodo-19\/\">\u00caxodo 19 &#8211; A Chegada ao Monte Sinai<\/a><\/li><li class=\"wp-block-pages-list__item\"><a class=\"wp-block-pages-list__item__link\" href=\"https:\/\/bibliapresente.com\/postagens\/livros-da-biblia\/exodo\/exodo-20\/\">\u00caxodo 20 &#8211; Os Dez Mandamentos<\/a><\/li><li class=\"wp-block-pages-list__item\"><a class=\"wp-block-pages-list__item__link\" href=\"https:\/\/bibliapresente.com\/postagens\/livros-da-biblia\/exodo\/exodo-21\/\">\u00caxodo 21 &#8211; Leis Sobre Justi\u00e7a Social<\/a><\/li><li class=\"wp-block-pages-list__item\"><a class=\"wp-block-pages-list__item__link\" href=\"https:\/\/bibliapresente.com\/postagens\/livros-da-biblia\/exodo\/exodo-22\/\">\u00caxodo 22 &#8211; Leis Sobre Danos e Repara\u00e7\u00e3o<\/a><\/li><li class=\"wp-block-pages-list__item\"><a class=\"wp-block-pages-list__item__link\" href=\"https:\/\/bibliapresente.com\/postagens\/livros-da-biblia\/exodo\/exodo-23\/\">\u00caxodo 23 &#8211; Leis de Justi\u00e7a e Festividades<\/a><\/li><li class=\"wp-block-pages-list__item\"><a class=\"wp-block-pages-list__item__link\" href=\"https:\/\/bibliapresente.com\/postagens\/livros-da-biblia\/exodo\/exodo-24\/\">\u00caxodo 24 &#8211; A Confirma\u00e7\u00e3o da Alian\u00e7a<\/a><\/li><li class=\"wp-block-pages-list__item\"><a class=\"wp-block-pages-list__item__link\" href=\"https:\/\/bibliapresente.com\/postagens\/livros-da-biblia\/exodo\/exodo-25\/\">\u00caxodo 25 &#8211; Arca da Alian\u00e7a e Tabern\u00e1culo<\/a><\/li><li class=\"wp-block-pages-list__item\"><a class=\"wp-block-pages-list__item__link\" href=\"https:\/\/bibliapresente.com\/postagens\/livros-da-biblia\/exodo\/exodo-26\/\">\u00caxodo 26 &#8211; Construindo o Tabern\u00e1culo<\/a><\/li><li class=\"wp-block-pages-list__item\"><a class=\"wp-block-pages-list__item__link\" href=\"https:\/\/bibliapresente.com\/postagens\/livros-da-biblia\/exodo\/exodo-27\/\">\u00caxodo 27 &#8211; O Altar de Bronze<\/a><\/li><li class=\"wp-block-pages-list__item\"><a class=\"wp-block-pages-list__item__link\" href=\"https:\/\/bibliapresente.com\/postagens\/livros-da-biblia\/exodo\/exodo-28\/\">\u00caxodo 28 &#8211; O Vestu\u00e1rio dos Sacerdotes<\/a><\/li><li class=\"wp-block-pages-list__item\"><a class=\"wp-block-pages-list__item__link\" href=\"https:\/\/bibliapresente.com\/postagens\/livros-da-biblia\/exodo\/exodo-29\/\">\u00caxodo 29 &#8211; Consagra\u00e7\u00e3o de Ar\u00e3o<\/a><\/li><li class=\"wp-block-pages-list__item\"><a class=\"wp-block-pages-list__item__link\" href=\"https:\/\/bibliapresente.com\/postagens\/livros-da-biblia\/exodo\/exodo-30\/\">\u00caxodo 30 &#8211; O Altar do Incenso<\/a><\/li><li class=\"wp-block-pages-list__item\"><a class=\"wp-block-pages-list__item__link\" href=\"https:\/\/bibliapresente.com\/postagens\/livros-da-biblia\/exodo\/exodo-31\/\">\u00caxodo 31 &#8211; O S\u00e1bado<\/a><\/li><li class=\"wp-block-pages-list__item\"><a class=\"wp-block-pages-list__item__link\" href=\"https:\/\/bibliapresente.com\/postagens\/livros-da-biblia\/exodo\/exodo-32\/\">\u00caxodo 32 &#8211; O Bezerro de Ouro<\/a><\/li><li class=\"wp-block-pages-list__item\"><a class=\"wp-block-pages-list__item__link\" href=\"https:\/\/bibliapresente.com\/postagens\/livros-da-biblia\/exodo\/exodo-33\/\">\u00caxodo 33 &#8211; Deus promete a Sua presen\u00e7a<\/a><\/li><li class=\"wp-block-pages-list__item\"><a class=\"wp-block-pages-list__item__link\" href=\"https:\/\/bibliapresente.com\/postagens\/livros-da-biblia\/exodo\/exodo-34\/\">\u00caxodo 34 &#8211; A Renova\u00e7\u00e3o da Alian\u00e7a<\/a><\/li><li class=\"wp-block-pages-list__item\"><a class=\"wp-block-pages-list__item__link\" href=\"https:\/\/bibliapresente.com\/postagens\/livros-da-biblia\/exodo\/exodo-35\/\">\u00caxodo 35 &#8211; A Oferta do Povo<\/a><\/li><li class=\"wp-block-pages-list__item\"><a class=\"wp-block-pages-list__item__link\" href=\"https:\/\/bibliapresente.com\/postagens\/livros-da-biblia\/exodo\/exodo-36\/\">\u00caxodo 36 &#8211; A Constru\u00e7\u00e3o do Tabern\u00e1culo<\/a><\/li><li class=\"wp-block-pages-list__item\"><a class=\"wp-block-pages-list__item__link\" href=\"https:\/\/bibliapresente.com\/postagens\/livros-da-biblia\/exodo\/exodo-37\/\">\u00caxodo 37 &#8211; A Arca, a Mesa e o Candelabro<\/a><\/li><li class=\"wp-block-pages-list__item\"><a class=\"wp-block-pages-list__item__link\" href=\"https:\/\/bibliapresente.com\/postagens\/livros-da-biblia\/exodo\/exodo-38\/\">\u00caxodo 38 &#8211; O Altar de Bronze<\/a><\/li><li class=\"wp-block-pages-list__item\"><a class=\"wp-block-pages-list__item__link\" href=\"https:\/\/bibliapresente.com\/postagens\/livros-da-biblia\/exodo\/exodo-39\/\">\u00caxodo 39 &#8211; A Confec\u00e7\u00e3o das Vestes<\/a><\/li><li class=\"wp-block-pages-list__item\"><a class=\"wp-block-pages-list__item__link\" href=\"https:\/\/bibliapresente.com\/postagens\/livros-da-biblia\/exodo\/exodo-40\/\">\u00caxodo 40 &#8211; A Consagra\u00e7\u00e3o do Tabern\u00e1culo<\/a><\/li><\/ul>\n\n\n<p><\/p>\n","protected":false},"excerpt":{"rendered":"<p>Deus anuncia a ru\u00edna dos eg\u00edpcios 1 E falou o SENHOR a Mois\u00e9s, dizendo: 2 Fala aos filhos de Israel que deem a volta, e assentem seu acampamento diante de Pi-Hairote, entre Migdol e o mar at\u00e9 Baal-Zefom: diante dele assentareis o campo, junto ao mar. 3 Porque Fara\u00f3 dir\u00e1 dos filhos de Israel: Est\u00e3o &hellip; <\/p>\n","protected":false},"author":2,"featured_media":583,"parent":581,"menu_order":14,"comment_status":"closed","ping_status":"closed","template":"","meta":{"om_disable_all_campaigns":false,"_monsterinsights_skip_tracking":false,"_monsterinsights_sitenote_active":false,"_monsterinsights_sitenote_note":"","_monsterinsights_sitenote_category":0,"footnotes":""},"class_list":["post-614","page","type-page","status-publish","has-post-thumbnail","hentry"],"aioseo_notices":[],"_links":{"self":[{"href":"https:\/\/bibliapresente.com\/postagens\/wp-json\/wp\/v2\/pages\/614","targetHints":{"allow":["GET"]}}],"collection":[{"href":"https:\/\/bibliapresente.com\/postagens\/wp-json\/wp\/v2\/pages"}],"about":[{"href":"https:\/\/bibliapresente.com\/postagens\/wp-json\/wp\/v2\/types\/page"}],"author":[{"embeddable":true,"href":"https:\/\/bibliapresente.com\/postagens\/wp-json\/wp\/v2\/users\/2"}],"replies":[{"embeddable":true,"href":"https:\/\/bibliapresente.com\/postagens\/wp-json\/wp\/v2\/comments?post=614"}],"version-history":[{"count":5,"href":"https:\/\/bibliapresente.com\/postagens\/wp-json\/wp\/v2\/pages\/614\/revisions"}],"predecessor-version":[{"id":1168,"href":"https:\/\/bibliapresente.com\/postagens\/wp-json\/wp\/v2\/pages\/614\/revisions\/1168"}],"up":[{"embeddable":true,"href":"https:\/\/bibliapresente.com\/postagens\/wp-json\/wp\/v2\/pages\/581"}],"wp:featuredmedia":[{"embeddable":true,"href":"https:\/\/bibliapresente.com\/postagens\/wp-json\/wp\/v2\/media\/583"}],"wp:attachment":[{"href":"https:\/\/bibliapresente.com\/postagens\/wp-json\/wp\/v2\/media?parent=614"}],"curies":[{"name":"wp","href":"https:\/\/api.w.org\/{rel}","templated":true}]}}