{"id":610,"date":"2025-01-25T15:18:02","date_gmt":"2025-01-25T18:18:02","guid":{"rendered":"https:\/\/bibliapresente.com\/postagens\/?page_id=610"},"modified":"2025-01-28T18:30:19","modified_gmt":"2025-01-28T21:30:19","slug":"exodo-12","status":"publish","type":"page","link":"https:\/\/bibliapresente.com\/postagens\/livros-da-biblia\/exodo\/exodo-12\/","title":{"rendered":"\u00caxodo 12 &#8211; A P\u00e1scoa e a Liberta\u00e7\u00e3o"},"content":{"rendered":"\n<h3 class=\"wp-block-heading\">A institui\u00e7\u00e3o da primeira p\u00e1scoa<\/h3>\n\n\n\n<p class=\"has-medium-font-size\" style=\"letter-spacing:1px\"><span><span><sup><b>1<\/b><\/sup><\/span> E falou o SENHOR a Mois\u00e9s e a Ar\u00e3o na terra do Egito, dizendo: <br><span><sup><b>2<\/b><\/sup><\/span> Este m\u00eas vos ser\u00e1 princ\u00edpio dos meses; ser\u00e1 este para v\u00f3s o primeiro nos meses do ano. <br><span><sup><b>3<\/b><\/sup><\/span> Falai a toda a congrega\u00e7\u00e3o de Israel, dizendo: No dez deste m\u00eas tome para si cada um um cordeiro pelas fam\u00edlias dos pais, um cordeiro por fam\u00edlia: <br><span><sup><b>4<\/b><\/sup><\/span> Mas se a fam\u00edlia for pequena que n\u00e3o baste a comer o cordeiro, ent\u00e3o tomar\u00e1 a seu vizinho imediato \u00e0 sua casa, e segundo o n\u00famero das pessoas, cada um conforme seu comer, lan\u00e7areis a conta sobre o cordeiro. <br><span><sup><b>5<\/b><\/sup><\/span> O cordeiro ser\u00e1 sem defeito, macho de ano: v\u00f3s o tomareis das ovelhas ou das cabras: <br><span><sup><b>6<\/b><\/sup><\/span> E haveis de guard\u00e1-lo at\u00e9 o dia catorze deste m\u00eas; e o imolar\u00e1 toda a congrega\u00e7\u00e3o do povo de Israel entre as duas tardes. <br><span><sup><b>7<\/b><\/sup><\/span> E tomar\u00e3o do sangue, e por\u00e3o nos dois postes e na verga das casas em que o comer\u00e3o. <br><span><sup><b>8<\/b><\/sup><\/span> E aquela noite comer\u00e3o a carne assada ao fogo, e p\u00e3es sem levedura: com ervas amargas o comer\u00e3o. <br><span><sup><b>9<\/b><\/sup><\/span> Nenhuma coisa comereis dele crua, nem cozida em \u00e1gua, mas sim assada ao fogo; sua cabe\u00e7a com seus p\u00e9s e seus intestinos. <br><span><sup><b>10<\/b><\/sup><\/span> Nenhuma coisa deixareis dele at\u00e9 a manh\u00e3; e o que haver\u00e1 restado at\u00e9 a manh\u00e3, queimareis no fogo. <br><span><sup><b>11<\/b><\/sup><\/span> E assim haveis de com\u00ea-lo: cingidos vossos lombos, vossos sapatos em vossos p\u00e9s, e vosso bord\u00e3o em vossa m\u00e3o; e o comereis apressadamente: \u00e9 a P\u00e1scoa do SENHOR. <br><span><sup><b>12<\/b><\/sup><\/span> Pois eu passarei aquela noite pela terra do Egito, e ferirei a todo primog\u00eanito na terra do Egito, tanto nos homens como nos animais: e farei ju\u00edzos em todos os deuses do Egito. EU SOU O SENHOR. <br><span><sup><b>13<\/b><\/sup><\/span> E o sangue vos ser\u00e1 por sinal nas casas onde v\u00f3s estejais; e verei o sangue, e passarei de v\u00f3s, e n\u00e3o haver\u00e1 em v\u00f3s praga de mortandade, quando ferirei a terra do Egito. <br><span><sup><b>14<\/b><\/sup><\/span> E hoje vos ser\u00e1 em mem\u00f3ria, e haveis de celebr\u00e1-lo como solene ao SENHOR durante vossas gera\u00e7\u00f5es: por estatuto perp\u00e9tuo o celebrareis. <br><span><sup><b>15<\/b><\/sup><\/span> Sete dias comereis p\u00e3es sem levedura; e assim o primeiro dia fareis que n\u00e3o haja levedura em vossas casas: porque qualquer um que comer levedado desde o primeiro dia at\u00e9 o s\u00e9timo, aquela alma ser\u00e1 cortada de Israel. <br><span><sup><b>16<\/b><\/sup><\/span> O primeiro dia haver\u00e1 santa convoca\u00e7\u00e3o, e tamb\u00e9m no s\u00e9timo dia tereis uma santa convoca\u00e7\u00e3o: nenhuma obra se far\u00e1 neles, exceto somente que prepareis o que cada qual houver de comer. <br><span><sup><b>17<\/b><\/sup><\/span> E guardareis a festa dos p\u00e3es \u00e1zimos, porque em este mesmo dia tirei vossos ex\u00e9rcitos da terra do Egito: portanto guardareis hoje em vossas gera\u00e7\u00f5es por costume perp\u00e9tuo. <br><span><sup><b>18<\/b><\/sup><\/span> No m\u00eas primeiro, o dia catorze do m\u00eas pela tarde, comereis os p\u00e3es sem levedura, at\u00e9 o vinte e um do m\u00eas pela tarde. <br><span><sup><b>19<\/b><\/sup><\/span> Por sete dias n\u00e3o se achar\u00e1 levedura em vossas casas, porque qualquer um que comer levedado, tanto estrangeiro como natural do pa\u00eds, aquela alma ser\u00e1 cortada da congrega\u00e7\u00e3o de Israel. <br><span><sup><b>20<\/b><\/sup><\/span> Nenhuma coisa levedada comereis; em todas as vossas habita\u00e7\u00f5es comereis p\u00e3es sem levedura. <br><span><sup><b>21<\/b><\/sup><\/span> E Mois\u00e9s convocou a todos os anci\u00e3os de Israel, e disse-lhes: Tirai, e tomai para v\u00f3s cordeiros por vossas fam\u00edlias, e sacrificai a p\u00e1scoa. <br><span><sup><b>22<\/b><\/sup><\/span> E tomai um molho de hissopo, e molhai-lhe no sangue que estar\u00e1 em uma bacia, e untai a verga e os dois postes com o sangue que estar\u00e1 na bacia; e nenhum de v\u00f3s saia das portas de sua casa at\u00e9 a manh\u00e3. <br><span><sup><b>23<\/b><\/sup><\/span> Porque o SENHOR passar\u00e1 ferindo aos eg\u00edpcios; e quando vir o sangue na verga e nos dois postes, passar\u00e1 o SENHOR aquela porta, e n\u00e3o deixar\u00e1 entrar ao feridor em vossas casas para ferir. <br><span><sup><b>24<\/b><\/sup><\/span> E guardareis isto por estatuto para v\u00f3s e para vossos filhos para sempre. <br><span><sup><b>25<\/b><\/sup><\/span> E ser\u00e1, quando houverdes entrado na terra que o SENHOR vos dar\u00e1, como tem falado, que guardareis este rito. <br><span><sup><b>26<\/b><\/sup><\/span> E quando vos disserem vossos filhos: Que rito \u00e9 este vosso? <br><span><sup><b>27<\/b><\/sup><\/span> V\u00f3s respondereis: \u00c9 o sacrif\u00edcio da P\u00e1scoa do SENHOR, o qual passou as casas dos filhos de Israel no Egito, quando feriu aos eg\u00edpcios, e livrou nossas casas. Ent\u00e3o o povo se inclinou e adorou. <br><span><sup><b>28<\/b><\/sup><\/span> E os filhos de Israel se foram, e fizeram exatamente assim; como o SENHOR havia mandado a Mois\u00e9s e a Ar\u00e3o. <\/span><\/p>\n\n\n\n<h3 class=\"wp-block-heading\">A morte dos primog\u00eanitos<\/h3>\n\n\n\n<p class=\"has-medium-font-size\" style=\"letter-spacing:1px\"><span><span><sup><b>29<\/b><\/sup><\/span> E aconteceu que \u00e0 meia-noite o SENHOR feriu a todo primog\u00eanito na terra do Egito, desde o primog\u00eanito de Fara\u00f3 que se sentava sobre seu trono, at\u00e9 o primog\u00eanito do cativo que estava no c\u00e1rcere, e todo primog\u00eanito dos animais. <br><span><sup><b>30<\/b><\/sup><\/span> E levantou-se aquela noite Fara\u00f3, ele e todos os seus servos, e todos os eg\u00edpcios; e havia um grande clamor no Egito, porque n\u00e3o havia casa onde n\u00e3o houvesse morto. <br><span><sup><b>31<\/b><\/sup><\/span> E fez chamar a Mois\u00e9s e a Ar\u00e3o de noite, e disse-lhes: Sa\u00ed do meio de meu povo v\u00f3s, e os filhos de Israel; e ide, servi ao SENHOR, como dissestes. <br><span><sup><b>32<\/b><\/sup><\/span> Tomai tamb\u00e9m vossas ovelhas e vossas vacas, como dissestes, e ide; e aben\u00e7oai tamb\u00e9m a mim. <br><span><sup><b>33<\/b><\/sup><\/span> E os eg\u00edpcios apressavam ao povo, dando pressa a expuls\u00e1-los da terra; porque diziam: Todos somos mortos. <br><span><sup><b>34<\/b><\/sup><\/span> E levou o povo sua massa antes que se levedasse, suas massas envoltas em suas mantas sobre seus ombros. <br><span><sup><b>35<\/b><\/sup><\/span> E fizeram os filhos de Israel conforme o mandamento de Mois\u00e9s, pedindo aos eg\u00edpcios objetos de prata, e objetos de ouro, e roupas. <br><span><sup><b>36<\/b><\/sup><\/span> E o SENHOR deu favor ao povo diante dos eg\u00edpcios, e deram-lhes; e eles despojaram aos eg\u00edpcios. <\/span><\/p>\n\n\n\n<h3 class=\"wp-block-heading\">A sa\u00edda dos israelitas do Egito<\/h3>\n\n\n\n<p class=\"has-medium-font-size\" style=\"letter-spacing:1px\"><span><span><sup><b>37<\/b><\/sup><\/span> E partiram os filhos de Israel de Ramess\u00e9s a Sucote, como seiscentos mil homens a p\u00e9, sem contar os meninos. <br><span><sup><b>38<\/b><\/sup><\/span> E tamb\u00e9m subiu com eles grande multid\u00e3o de diversa variedade de gentes; e ovelhas, e gados muito muitos. <br><span><sup><b>39<\/b><\/sup><\/span> E cozeram tortas sem levedura da massa que haviam tirado do Egito; porque n\u00e3o havia levedado, porquanto expulsando-os os eg\u00edpcios, n\u00e3o haviam podido deter-se, nem ainda preparar para si comida. <br><span><sup><b>40<\/b><\/sup><\/span> O tempo que os filhos de Israel habitaram no Egito, foi quatrocentos trinta anos. <br><span><sup><b>41<\/b><\/sup><\/span> E passados quatrocentos trinta anos, no mesmo dia sa\u00edram todos os ex\u00e9rcitos do SENHOR da terra do Egito. <br><span><sup><b>42<\/b><\/sup><\/span> \u00c9 noite de guardar ao SENHOR, por hav\u00ea-los tirado nela da terra do Egito. Esta noite devem guardar ao SENHOR todos os filhos de Israel em suas gera\u00e7\u00f5es. <br><span><sup><b>43<\/b><\/sup><\/span> E o SENHOR disse a Mois\u00e9s e a Ar\u00e3o: Esta \u00e9 a ordenan\u00e7a da P\u00e1scoa: Nenhum estrangeiro comer\u00e1 dela: <br><span><sup><b>44<\/b><\/sup><\/span> Mas todo servo humano comprado por dinheiro, comer\u00e1 dela depois que o houveres circuncidado. <br><span><sup><b>45<\/b><\/sup><\/span> O estrangeiro e o assalariado n\u00e3o comer\u00e3o dela. <br><span><sup><b>46<\/b><\/sup><\/span> Em uma casa se comer\u00e1, e n\u00e3o levar\u00e1s daquela carne fora de casa, nem quebrareis osso seu. <br><span><sup><b>47<\/b><\/sup><\/span> Toda a congrega\u00e7\u00e3o de Israel o sacrificar\u00e1. <br><span><sup><b>48<\/b><\/sup><\/span> Mas se algum estrangeiro peregrinar contigo, e quiser fazer a p\u00e1scoa ao SENHOR, seja-lhe circuncidado todo homem, e ent\u00e3o se chegar\u00e1 a faz\u00ea-la, e ser\u00e1 como o natural da terra; mas nenhum incircunciso comer\u00e1 dela. <br><span><sup><b>49<\/b><\/sup><\/span> A mesma lei ser\u00e1 para o natural e para o estrangeiro que peregrinar entre v\u00f3s. <br><span><sup><b>50<\/b><\/sup><\/span> Assim o fizeram todos os filhos de Israel; como mandou o SENHOR a Mois\u00e9s e a Ar\u00e3o, assim o fizeram. <br><span><sup><b>51<\/b><\/sup><\/span> E naquele mesmo dia tirou o SENHOR aos filhos de Israel da terra do Egito por seus esquadr\u00f5es.<\/span><\/p>\n\n\n\n<div class=\"wp-block-columns is-layout-flex wp-container-core-columns-is-layout-9d6595d7 wp-block-columns-is-layout-flex\">\n<div class=\"wp-block-column is-layout-flow wp-block-column-is-layout-flow\">\n<p><a href=\"\/exodo-11\">\u00caxodo 11<\/a><\/p>\n<\/div>\n\n\n\n<div class=\"wp-block-column is-layout-flow wp-block-column-is-layout-flow\">\n<p class=\"has-text-align-right\"><a href=\"\/exodo-13\">\u00caxodo 13<\/a><\/p>\n<\/div>\n<\/div>\n\n\n\n<h2 class=\"wp-block-heading\">Descri\u00e7\u00e3o &#8211; \u00caxodo 12<\/h2>\n\n\n\n<p class=\"has-medium-font-size\">\u00caxodo 12 descreve a institui\u00e7\u00e3o da P\u00e1scoa e a execu\u00e7\u00e3o da d\u00e9cima praga, que leva \u00e0 morte dos primog\u00eanitos eg\u00edpcios, for\u00e7ando o fara\u00f3 a finalmente liberar os israelitas. Deus ordena que cada fam\u00edlia israelita sacrifique um cordeiro e marque suas portas com seu sangue, sinalizando prote\u00e7\u00e3o. A P\u00e1scoa torna-se um memorial perp\u00e9tuo da liberta\u00e7\u00e3o divina, simbolizando a reden\u00e7\u00e3o do povo de Israel da escravid\u00e3o no Egito. Ap\u00f3s a praga, os israelitas partem apressadamente, levando seus bens e cumprindo a promessa de Deus. Este cap\u00edtulo marca o cl\u00edmax da hist\u00f3ria de \u00caxodo, iniciando a jornada para a Terra Prometida.<\/p>\n\n\n\n<h3 class=\"wp-block-heading\">Livro do \u00caxodo:<\/h3>\n\n\n<ul class=\"wp-block-page-list\"><li class=\"wp-block-pages-list__item\"><a class=\"wp-block-pages-list__item__link\" href=\"https:\/\/bibliapresente.com\/postagens\/livros-da-biblia\/exodo\/exodo-1\/\">\u00caxodo 1 &#8211; O Nascimento de Mois\u00e9s<\/a><\/li><li class=\"wp-block-pages-list__item\"><a class=\"wp-block-pages-list__item__link\" href=\"https:\/\/bibliapresente.com\/postagens\/livros-da-biblia\/exodo\/exodo-2\/\">\u00caxodo 2 &#8211; Mois\u00e9s no Pal\u00e1cio do Fara\u00f3<\/a><\/li><li class=\"wp-block-pages-list__item\"><a class=\"wp-block-pages-list__item__link\" href=\"https:\/\/bibliapresente.com\/postagens\/livros-da-biblia\/exodo\/exodo-3\/\">\u00caxodo 3 &#8211; O Chamado de Mois\u00e9s<\/a><\/li><li class=\"wp-block-pages-list__item\"><a class=\"wp-block-pages-list__item__link\" href=\"https:\/\/bibliapresente.com\/postagens\/livros-da-biblia\/exodo\/exodo-4\/\">\u00caxodo 4 &#8211; Deus D\u00e1 Sinais a Mois\u00e9s<\/a><\/li><li class=\"wp-block-pages-list__item\"><a class=\"wp-block-pages-list__item__link\" href=\"https:\/\/bibliapresente.com\/postagens\/livros-da-biblia\/exodo\/exodo-5\/\">\u00caxodo 5 &#8211; Mois\u00e9s e Ar\u00e3o Conrontam Fara\u00f3<\/a><\/li><li class=\"wp-block-pages-list__item\"><a class=\"wp-block-pages-list__item__link\" href=\"https:\/\/bibliapresente.com\/postagens\/livros-da-biblia\/exodo\/exodo-6\/\">\u00caxodo 6 &#8211; Deus promete livramento<\/a><\/li><li class=\"wp-block-pages-list__item\"><a class=\"wp-block-pages-list__item__link\" href=\"https:\/\/bibliapresente.com\/postagens\/livros-da-biblia\/exodo\/exodo-7\/\">\u00caxodo 7 &#8211; A Primeira Praga: Sangue<\/a><\/li><li class=\"wp-block-pages-list__item\"><a class=\"wp-block-pages-list__item__link\" href=\"https:\/\/bibliapresente.com\/postagens\/livros-da-biblia\/exodo\/exodo-8\/\">\u00caxodo 8 &#8211; Pragas: R\u00e3s, Piolhos e Moscas<\/a><\/li><li class=\"wp-block-pages-list__item\"><a class=\"wp-block-pages-list__item__link\" href=\"https:\/\/bibliapresente.com\/postagens\/livros-da-biblia\/exodo\/exodo-9\/\">\u00caxodo 9 &#8211; Pragas: Peste, \u00dalceras, Granizo<\/a><\/li><li class=\"wp-block-pages-list__item\"><a class=\"wp-block-pages-list__item__link\" href=\"https:\/\/bibliapresente.com\/postagens\/livros-da-biblia\/exodo\/exodo-10\/\">\u00caxodo 10 &#8211; Pragas: Gafanhotos e Trevas<\/a><\/li><li class=\"wp-block-pages-list__item\"><a class=\"wp-block-pages-list__item__link\" href=\"https:\/\/bibliapresente.com\/postagens\/livros-da-biblia\/exodo\/exodo-11\/\">\u00caxodo 11 &#8211; Deus anuncia a \u00faltima praga<\/a><\/li><li class=\"wp-block-pages-list__item\"><a class=\"wp-block-pages-list__item__link\" href=\"https:\/\/bibliapresente.com\/postagens\/livros-da-biblia\/exodo\/exodo-12\/\">\u00caxodo 12 &#8211; A P\u00e1scoa e a Liberta\u00e7\u00e3o<\/a><\/li><li class=\"wp-block-pages-list__item\"><a class=\"wp-block-pages-list__item__link\" href=\"https:\/\/bibliapresente.com\/postagens\/livros-da-biblia\/exodo\/exodo-13\/\">\u00caxodo 13 &#8211; A Consagra\u00e7\u00e3o dos Primog\u00eanitos<\/a><\/li><li class=\"wp-block-pages-list__item\"><a class=\"wp-block-pages-list__item__link\" href=\"https:\/\/bibliapresente.com\/postagens\/livros-da-biblia\/exodo\/exodo-14\/\">\u00caxodo 14 &#8211; A Travessia do Mar Vermelho<\/a><\/li><li class=\"wp-block-pages-list__item\"><a class=\"wp-block-pages-list__item__link\" href=\"https:\/\/bibliapresente.com\/postagens\/livros-da-biblia\/exodo\/exodo-15\/\">\u00caxodo 15 &#8211; O C\u00e2ntico de Mois\u00e9s<\/a><\/li><li class=\"wp-block-pages-list__item\"><a class=\"wp-block-pages-list__item__link\" href=\"https:\/\/bibliapresente.com\/postagens\/livros-da-biblia\/exodo\/exodo-16\/\">\u00caxodo 16 &#8211; O Man\u00e1 no Deserto<\/a><\/li><li class=\"wp-block-pages-list__item\"><a class=\"wp-block-pages-list__item__link\" href=\"https:\/\/bibliapresente.com\/postagens\/livros-da-biblia\/exodo\/exodo-17\/\">\u00caxodo 17 &#8211; \u00c1gua Brotando da Rocha<\/a><\/li><li class=\"wp-block-pages-list__item\"><a class=\"wp-block-pages-list__item__link\" href=\"https:\/\/bibliapresente.com\/postagens\/livros-da-biblia\/exodo\/exodo-18\/\">\u00caxodo 18 &#8211; Os Conselhos de Jetro<\/a><\/li><li class=\"wp-block-pages-list__item\"><a class=\"wp-block-pages-list__item__link\" href=\"https:\/\/bibliapresente.com\/postagens\/livros-da-biblia\/exodo\/exodo-19\/\">\u00caxodo 19 &#8211; A Chegada ao Monte Sinai<\/a><\/li><li class=\"wp-block-pages-list__item\"><a class=\"wp-block-pages-list__item__link\" href=\"https:\/\/bibliapresente.com\/postagens\/livros-da-biblia\/exodo\/exodo-20\/\">\u00caxodo 20 &#8211; Os Dez Mandamentos<\/a><\/li><li class=\"wp-block-pages-list__item\"><a class=\"wp-block-pages-list__item__link\" href=\"https:\/\/bibliapresente.com\/postagens\/livros-da-biblia\/exodo\/exodo-21\/\">\u00caxodo 21 &#8211; Leis Sobre Justi\u00e7a Social<\/a><\/li><li class=\"wp-block-pages-list__item\"><a class=\"wp-block-pages-list__item__link\" href=\"https:\/\/bibliapresente.com\/postagens\/livros-da-biblia\/exodo\/exodo-22\/\">\u00caxodo 22 &#8211; Leis Sobre Danos e Repara\u00e7\u00e3o<\/a><\/li><li class=\"wp-block-pages-list__item\"><a class=\"wp-block-pages-list__item__link\" href=\"https:\/\/bibliapresente.com\/postagens\/livros-da-biblia\/exodo\/exodo-23\/\">\u00caxodo 23 &#8211; Leis de Justi\u00e7a e Festividades<\/a><\/li><li class=\"wp-block-pages-list__item\"><a class=\"wp-block-pages-list__item__link\" href=\"https:\/\/bibliapresente.com\/postagens\/livros-da-biblia\/exodo\/exodo-24\/\">\u00caxodo 24 &#8211; A Confirma\u00e7\u00e3o da Alian\u00e7a<\/a><\/li><li class=\"wp-block-pages-list__item\"><a class=\"wp-block-pages-list__item__link\" href=\"https:\/\/bibliapresente.com\/postagens\/livros-da-biblia\/exodo\/exodo-25\/\">\u00caxodo 25 &#8211; Arca da Alian\u00e7a e Tabern\u00e1culo<\/a><\/li><li class=\"wp-block-pages-list__item\"><a class=\"wp-block-pages-list__item__link\" href=\"https:\/\/bibliapresente.com\/postagens\/livros-da-biblia\/exodo\/exodo-26\/\">\u00caxodo 26 &#8211; Construindo o Tabern\u00e1culo<\/a><\/li><li class=\"wp-block-pages-list__item\"><a class=\"wp-block-pages-list__item__link\" href=\"https:\/\/bibliapresente.com\/postagens\/livros-da-biblia\/exodo\/exodo-27\/\">\u00caxodo 27 &#8211; O Altar de Bronze<\/a><\/li><li class=\"wp-block-pages-list__item\"><a class=\"wp-block-pages-list__item__link\" href=\"https:\/\/bibliapresente.com\/postagens\/livros-da-biblia\/exodo\/exodo-28\/\">\u00caxodo 28 &#8211; O Vestu\u00e1rio dos Sacerdotes<\/a><\/li><li class=\"wp-block-pages-list__item\"><a class=\"wp-block-pages-list__item__link\" href=\"https:\/\/bibliapresente.com\/postagens\/livros-da-biblia\/exodo\/exodo-29\/\">\u00caxodo 29 &#8211; Consagra\u00e7\u00e3o de Ar\u00e3o<\/a><\/li><li class=\"wp-block-pages-list__item\"><a class=\"wp-block-pages-list__item__link\" href=\"https:\/\/bibliapresente.com\/postagens\/livros-da-biblia\/exodo\/exodo-30\/\">\u00caxodo 30 &#8211; O Altar do Incenso<\/a><\/li><li class=\"wp-block-pages-list__item\"><a class=\"wp-block-pages-list__item__link\" href=\"https:\/\/bibliapresente.com\/postagens\/livros-da-biblia\/exodo\/exodo-31\/\">\u00caxodo 31 &#8211; O S\u00e1bado<\/a><\/li><li class=\"wp-block-pages-list__item\"><a class=\"wp-block-pages-list__item__link\" href=\"https:\/\/bibliapresente.com\/postagens\/livros-da-biblia\/exodo\/exodo-32\/\">\u00caxodo 32 &#8211; O Bezerro de Ouro<\/a><\/li><li class=\"wp-block-pages-list__item\"><a class=\"wp-block-pages-list__item__link\" href=\"https:\/\/bibliapresente.com\/postagens\/livros-da-biblia\/exodo\/exodo-33\/\">\u00caxodo 33 &#8211; Deus promete a Sua presen\u00e7a<\/a><\/li><li class=\"wp-block-pages-list__item\"><a class=\"wp-block-pages-list__item__link\" href=\"https:\/\/bibliapresente.com\/postagens\/livros-da-biblia\/exodo\/exodo-34\/\">\u00caxodo 34 &#8211; A Renova\u00e7\u00e3o da Alian\u00e7a<\/a><\/li><li class=\"wp-block-pages-list__item\"><a class=\"wp-block-pages-list__item__link\" href=\"https:\/\/bibliapresente.com\/postagens\/livros-da-biblia\/exodo\/exodo-35\/\">\u00caxodo 35 &#8211; A Oferta do Povo<\/a><\/li><li class=\"wp-block-pages-list__item\"><a class=\"wp-block-pages-list__item__link\" href=\"https:\/\/bibliapresente.com\/postagens\/livros-da-biblia\/exodo\/exodo-36\/\">\u00caxodo 36 &#8211; A Constru\u00e7\u00e3o do Tabern\u00e1culo<\/a><\/li><li class=\"wp-block-pages-list__item\"><a class=\"wp-block-pages-list__item__link\" href=\"https:\/\/bibliapresente.com\/postagens\/livros-da-biblia\/exodo\/exodo-37\/\">\u00caxodo 37 &#8211; A Arca, a Mesa e o Candelabro<\/a><\/li><li class=\"wp-block-pages-list__item\"><a class=\"wp-block-pages-list__item__link\" href=\"https:\/\/bibliapresente.com\/postagens\/livros-da-biblia\/exodo\/exodo-38\/\">\u00caxodo 38 &#8211; O Altar de Bronze<\/a><\/li><li class=\"wp-block-pages-list__item\"><a class=\"wp-block-pages-list__item__link\" href=\"https:\/\/bibliapresente.com\/postagens\/livros-da-biblia\/exodo\/exodo-39\/\">\u00caxodo 39 &#8211; A Confec\u00e7\u00e3o das Vestes<\/a><\/li><li class=\"wp-block-pages-list__item\"><a class=\"wp-block-pages-list__item__link\" href=\"https:\/\/bibliapresente.com\/postagens\/livros-da-biblia\/exodo\/exodo-40\/\">\u00caxodo 40 &#8211; A Consagra\u00e7\u00e3o do Tabern\u00e1culo<\/a><\/li><\/ul>\n\n\n<p><\/p>\n","protected":false},"excerpt":{"rendered":"<p>A institui\u00e7\u00e3o da primeira p\u00e1scoa 1 E falou o SENHOR a Mois\u00e9s e a Ar\u00e3o na terra do Egito, dizendo: 2 Este m\u00eas vos ser\u00e1 princ\u00edpio dos meses; ser\u00e1 este para v\u00f3s o primeiro nos meses do ano. 3 Falai a toda a congrega\u00e7\u00e3o de Israel, dizendo: No dez deste m\u00eas tome para si cada &hellip; <\/p>\n","protected":false},"author":2,"featured_media":583,"parent":581,"menu_order":12,"comment_status":"closed","ping_status":"closed","template":"","meta":{"om_disable_all_campaigns":false,"_monsterinsights_skip_tracking":false,"_monsterinsights_sitenote_active":false,"_monsterinsights_sitenote_note":"","_monsterinsights_sitenote_category":0,"footnotes":""},"class_list":["post-610","page","type-page","status-publish","has-post-thumbnail","hentry"],"aioseo_notices":[],"_links":{"self":[{"href":"https:\/\/bibliapresente.com\/postagens\/wp-json\/wp\/v2\/pages\/610","targetHints":{"allow":["GET"]}}],"collection":[{"href":"https:\/\/bibliapresente.com\/postagens\/wp-json\/wp\/v2\/pages"}],"about":[{"href":"https:\/\/bibliapresente.com\/postagens\/wp-json\/wp\/v2\/types\/page"}],"author":[{"embeddable":true,"href":"https:\/\/bibliapresente.com\/postagens\/wp-json\/wp\/v2\/users\/2"}],"replies":[{"embeddable":true,"href":"https:\/\/bibliapresente.com\/postagens\/wp-json\/wp\/v2\/comments?post=610"}],"version-history":[{"count":7,"href":"https:\/\/bibliapresente.com\/postagens\/wp-json\/wp\/v2\/pages\/610\/revisions"}],"predecessor-version":[{"id":1200,"href":"https:\/\/bibliapresente.com\/postagens\/wp-json\/wp\/v2\/pages\/610\/revisions\/1200"}],"up":[{"embeddable":true,"href":"https:\/\/bibliapresente.com\/postagens\/wp-json\/wp\/v2\/pages\/581"}],"wp:featuredmedia":[{"embeddable":true,"href":"https:\/\/bibliapresente.com\/postagens\/wp-json\/wp\/v2\/media\/583"}],"wp:attachment":[{"href":"https:\/\/bibliapresente.com\/postagens\/wp-json\/wp\/v2\/media?parent=610"}],"curies":[{"name":"wp","href":"https:\/\/api.w.org\/{rel}","templated":true}]}}